{"id":197912,"date":"2024-05-15T16:34:51","date_gmt":"2024-05-15T14:34:51","guid":{"rendered":"https:\/\/shop.bantam.ch\/produit\/campingfuehrer-ecc-oesterreich-schweiz-2024\/"},"modified":"2025-02-13T00:18:29","modified_gmt":"2025-02-12T23:18:29","slug":"campingfuehrer-ecc-oesterreich-schweiz-2024","status":"publish","type":"product","link":"https:\/\/shop.bantam.ch\/de\/produkt\/campingfuehrer-ecc-oesterreich-schweiz-2024\/","title":{"rendered":"Campingf\u00fchrer ECC \u00d6sterreich \/ Schweiz 2024"},"content":{"rendered":"<p>Der clubunabh\u00e4ngige ECC Campingf\u00fchrer \u00d6sterreich \/ Schweiz beinhaltet Campingpl\u00e4tze &#8211; in einem Band &#8211; mit genauen Adressen und detaillierten Angaben zu Ausstattung, Preisen und Freizeitm\u00f6glichkeiten auf den Pl\u00e4tzen und rund um die Pl\u00e4tze. Im ECC findet man sowohl gro\u00dfe als auch kleine Pl\u00e4tze, vom einfachen Ein- bis Zwei-Sterne-Platz bis zum luxuri\u00f6sen F\u00fcnf-Sterne Camping &#8211; also Pl\u00e4tze f\u00fcr jeden Geschmack. Es gibt keine &#8222;Vertragspl\u00e4tze&#8220; o.\u00c4. Ausf\u00fchrliche Beschreibung der Anfahrtswege (mit GPS-Koordinaten). \u00dcbersichtliche und aktuelle Karten f\u00fcr jedes Land &#8211; eingeteilt nach touristischen Regionen &#8211; um die genaue Lage der Pl\u00e4tze schnell festzustellen. Bewertung der Campingpl\u00e4tze in f\u00fcnf Kategorien.<\/p>\n","protected":false},"excerpt":{"rendered":"<p>Der clubunabh\u00e4ngige ECC Campingf\u00fchrer \u00d6sterreich \/ Schweiz beinhaltet Campingpl\u00e4tze &#8211; in einem Band &#8211; mit genauen Adressen und detaillierten Angaben zu Ausstattung, Preisen und Freizeitm\u00f6glichkeiten auf den Pl\u00e4tzen und rund um die Pl\u00e4tze. Im ECC findet man sowohl gro\u00dfe als auch kleine Pl\u00e4tze, vom einfachen Ein- bis Zwei-Sterne-Platz bis zum luxuri\u00f6sen F\u00fcnf-Sterne Camping &#8211; also [&hellip;]<\/p>\n","protected":false},"featured_media":207159,"template":"","meta":{"_acf_changed":false},"product_featured_cat":[],"product_brand":[5262],"product_cat":[4346],"product_tag":[],"class_list":{"0":"post-197912","1":"product","2":"type-product","3":"status-publish","4":"has-post-thumbnail","6":"product_brand-ecc-de","7":"product_cat-stellplatzfuehrer","9":"first","10":"instock","11":"taxable","12":"shipping-taxable","13":"purchasable","14":"product-type-simple"},"acf":[],"yoast_head":"<!-- This site is optimized with the Yoast SEO plugin v27.4 - https:\/\/yoast.com\/product\/yoast-seo-wordpress\/ -->\n<title>Campingf\u00fchrer ECC \u00d6sterreich \/ Schweiz 2024 - Bantam Camping AG<\/title>\n<meta name=\"robots\" content=\"index, follow, max-snippet:-1, max-image-preview:large, max-video-preview:-1\" \/>\n<link rel=\"canonical\" href=\"https:\/\/shop.bantam.ch\/de\/produkt\/campingfuehrer-ecc-oesterreich-schweiz-2024\/\" \/>\n<meta property=\"og:locale\" content=\"de_DE\" \/>\n<meta property=\"og:type\" content=\"article\" \/>\n<meta property=\"og:title\" content=\"Campingf\u00fchrer ECC \u00d6sterreich \/ Schweiz 2024 - Bantam Camping AG\" \/>\n<meta property=\"og:description\" content=\"Der clubunabh\u00e4ngige ECC Campingf\u00fchrer \u00d6sterreich \/ Schweiz beinhaltet Campingpl\u00e4tze &#8211; in einem Band &#8211; mit genauen Adressen und detaillierten Angaben zu Ausstattung, Preisen und Freizeitm\u00f6glichkeiten auf den Pl\u00e4tzen und rund um die Pl\u00e4tze. Im ECC findet man sowohl gro\u00dfe als auch kleine Pl\u00e4tze, vom einfachen Ein- bis Zwei-Sterne-Platz bis zum luxuri\u00f6sen F\u00fcnf-Sterne Camping &#8211; also [&hellip;]\" \/>\n<meta property=\"og:url\" content=\"https:\/\/shop.bantam.ch\/de\/produkt\/campingfuehrer-ecc-oesterreich-schweiz-2024\/\" \/>\n<meta property=\"og:site_name\" content=\"Bantam Camping AG\" \/>\n<meta property=\"article:modified_time\" content=\"2025-02-12T23:18:29+00:00\" \/>\n<meta property=\"og:image\" content=\"https:\/\/shop.bantam.ch\/wp-content\/uploads\/2024\/05\/Movera-L-9962202100.jpg\" \/>\n\t<meta property=\"og:image:width\" content=\"640\" \/>\n\t<meta property=\"og:image:height\" content=\"1073\" \/>\n\t<meta property=\"og:image:type\" content=\"image\/jpeg\" \/>\n<meta name=\"twitter:card\" content=\"summary_large_image\" \/>\n<meta name=\"twitter:label1\" content=\"Gesch\u00e4tzte Lesezeit\" \/>\n\t<meta name=\"twitter:data1\" content=\"1\u00a0Minute\" \/>\n<script type=\"application\/ld+json\" class=\"yoast-schema-graph\">{\"@context\":\"https:\\\/\\\/schema.org\",\"@graph\":[{\"@type\":\"WebPage\",\"@id\":\"https:\\\/\\\/shop.bantam.ch\\\/de\\\/produkt\\\/campingfuehrer-ecc-oesterreich-schweiz-2024\\\/\",\"url\":\"https:\\\/\\\/shop.bantam.ch\\\/de\\\/produkt\\\/campingfuehrer-ecc-oesterreich-schweiz-2024\\\/\",\"name\":\"Campingf\u00fchrer ECC \u00d6sterreich \\\/ Schweiz 2024 - Bantam Camping AG\",\"isPartOf\":{\"@id\":\"https:\\\/\\\/shop.bantam.ch\\\/de\\\/#website\"},\"primaryImageOfPage\":{\"@id\":\"https:\\\/\\\/shop.bantam.ch\\\/de\\\/produkt\\\/campingfuehrer-ecc-oesterreich-schweiz-2024\\\/#primaryimage\"},\"image\":{\"@id\":\"https:\\\/\\\/shop.bantam.ch\\\/de\\\/produkt\\\/campingfuehrer-ecc-oesterreich-schweiz-2024\\\/#primaryimage\"},\"thumbnailUrl\":\"https:\\\/\\\/shop.bantam.ch\\\/wp-content\\\/uploads\\\/2024\\\/09\\\/Movera-L-9962202100.jpg\",\"datePublished\":\"2024-05-15T14:34:51+00:00\",\"dateModified\":\"2025-02-12T23:18:29+00:00\",\"breadcrumb\":{\"@id\":\"https:\\\/\\\/shop.bantam.ch\\\/de\\\/produkt\\\/campingfuehrer-ecc-oesterreich-schweiz-2024\\\/#breadcrumb\"},\"inLanguage\":\"de\",\"potentialAction\":[{\"@type\":\"ReadAction\",\"target\":[\"https:\\\/\\\/shop.bantam.ch\\\/de\\\/produkt\\\/campingfuehrer-ecc-oesterreich-schweiz-2024\\\/\"]}]},{\"@type\":\"ImageObject\",\"inLanguage\":\"de\",\"@id\":\"https:\\\/\\\/shop.bantam.ch\\\/de\\\/produkt\\\/campingfuehrer-ecc-oesterreich-schweiz-2024\\\/#primaryimage\",\"url\":\"https:\\\/\\\/shop.bantam.ch\\\/wp-content\\\/uploads\\\/2024\\\/09\\\/Movera-L-9962202100.jpg\",\"contentUrl\":\"https:\\\/\\\/shop.bantam.ch\\\/wp-content\\\/uploads\\\/2024\\\/09\\\/Movera-L-9962202100.jpg\",\"width\":640,\"height\":1073},{\"@type\":\"BreadcrumbList\",\"@id\":\"https:\\\/\\\/shop.bantam.ch\\\/de\\\/produkt\\\/campingfuehrer-ecc-oesterreich-schweiz-2024\\\/#breadcrumb\",\"itemListElement\":[{\"@type\":\"ListItem\",\"position\":1,\"name\":\"Accueil\",\"item\":\"https:\\\/\\\/shop.bantam.ch\\\/de\\\/\"},{\"@type\":\"ListItem\",\"position\":2,\"name\":\"Shop\",\"item\":\"https:\\\/\\\/shop.bantam.ch\\\/de\\\/shop\\\/\"},{\"@type\":\"ListItem\",\"position\":3,\"name\":\"Campingf\u00fchrer ECC \u00d6sterreich \\\/ Schweiz 2024\"}]},{\"@type\":\"WebSite\",\"@id\":\"https:\\\/\\\/shop.bantam.ch\\\/de\\\/#website\",\"url\":\"https:\\\/\\\/shop.bantam.ch\\\/de\\\/\",\"name\":\"Bantam Camping AG\",\"description\":\"\",\"publisher\":{\"@id\":\"https:\\\/\\\/shop.bantam.ch\\\/de\\\/#organization\"},\"inLanguage\":\"de\"},{\"@type\":\"Organization\",\"@id\":\"https:\\\/\\\/shop.bantam.ch\\\/de\\\/#organization\",\"name\":\"Bantam Camping AG\",\"url\":\"https:\\\/\\\/shop.bantam.ch\\\/de\\\/\",\"logo\":{\"@type\":\"ImageObject\",\"inLanguage\":\"de\",\"@id\":\"https:\\\/\\\/shop.bantam.ch\\\/de\\\/#\\\/schema\\\/logo\\\/image\\\/\",\"url\":\"https:\\\/\\\/shop.bantam.ch\\\/wp-content\\\/uploads\\\/2022\\\/12\\\/bantam-logo.png\",\"contentUrl\":\"https:\\\/\\\/shop.bantam.ch\\\/wp-content\\\/uploads\\\/2022\\\/12\\\/bantam-logo.png\",\"width\":320,\"height\":71,\"caption\":\"Bantam Camping AG\"},\"image\":{\"@id\":\"https:\\\/\\\/shop.bantam.ch\\\/de\\\/#\\\/schema\\\/logo\\\/image\\\/\"}}]}<\/script>\n<!-- \/ Yoast SEO plugin. -->","yoast_head_json":{"title":"Campingf\u00fchrer ECC \u00d6sterreich \/ Schweiz 2024 - Bantam Camping AG","robots":{"index":"index","follow":"follow","max-snippet":"max-snippet:-1","max-image-preview":"max-image-preview:large","max-video-preview":"max-video-preview:-1"},"canonical":"https:\/\/shop.bantam.ch\/de\/produkt\/campingfuehrer-ecc-oesterreich-schweiz-2024\/","og_locale":"de_DE","og_type":"article","og_title":"Campingf\u00fchrer ECC \u00d6sterreich \/ Schweiz 2024 - Bantam Camping AG","og_description":"Der clubunabh\u00e4ngige ECC Campingf\u00fchrer \u00d6sterreich \/ Schweiz beinhaltet Campingpl\u00e4tze &#8211; in einem Band &#8211; mit genauen Adressen und detaillierten Angaben zu Ausstattung, Preisen und Freizeitm\u00f6glichkeiten auf den Pl\u00e4tzen und rund um die Pl\u00e4tze. Im ECC findet man sowohl gro\u00dfe als auch kleine Pl\u00e4tze, vom einfachen Ein- bis Zwei-Sterne-Platz bis zum luxuri\u00f6sen F\u00fcnf-Sterne Camping &#8211; also [&hellip;]","og_url":"https:\/\/shop.bantam.ch\/de\/produkt\/campingfuehrer-ecc-oesterreich-schweiz-2024\/","og_site_name":"Bantam Camping AG","article_modified_time":"2025-02-12T23:18:29+00:00","og_image":[{"width":640,"height":1073,"url":"https:\/\/shop.bantam.ch\/wp-content\/uploads\/2024\/05\/Movera-L-9962202100.jpg","type":"image\/jpeg"}],"twitter_card":"summary_large_image","twitter_misc":{"Gesch\u00e4tzte Lesezeit":"1\u00a0Minute"},"schema":{"@context":"https:\/\/schema.org","@graph":[{"@type":"WebPage","@id":"https:\/\/shop.bantam.ch\/de\/produkt\/campingfuehrer-ecc-oesterreich-schweiz-2024\/","url":"https:\/\/shop.bantam.ch\/de\/produkt\/campingfuehrer-ecc-oesterreich-schweiz-2024\/","name":"Campingf\u00fchrer ECC \u00d6sterreich \/ Schweiz 2024 - Bantam Camping AG","isPartOf":{"@id":"https:\/\/shop.bantam.ch\/de\/#website"},"primaryImageOfPage":{"@id":"https:\/\/shop.bantam.ch\/de\/produkt\/campingfuehrer-ecc-oesterreich-schweiz-2024\/#primaryimage"},"image":{"@id":"https:\/\/shop.bantam.ch\/de\/produkt\/campingfuehrer-ecc-oesterreich-schweiz-2024\/#primaryimage"},"thumbnailUrl":"https:\/\/shop.bantam.ch\/wp-content\/uploads\/2024\/09\/Movera-L-9962202100.jpg","datePublished":"2024-05-15T14:34:51+00:00","dateModified":"2025-02-12T23:18:29+00:00","breadcrumb":{"@id":"https:\/\/shop.bantam.ch\/de\/produkt\/campingfuehrer-ecc-oesterreich-schweiz-2024\/#breadcrumb"},"inLanguage":"de","potentialAction":[{"@type":"ReadAction","target":["https:\/\/shop.bantam.ch\/de\/produkt\/campingfuehrer-ecc-oesterreich-schweiz-2024\/"]}]},{"@type":"ImageObject","inLanguage":"de","@id":"https:\/\/shop.bantam.ch\/de\/produkt\/campingfuehrer-ecc-oesterreich-schweiz-2024\/#primaryimage","url":"https:\/\/shop.bantam.ch\/wp-content\/uploads\/2024\/09\/Movera-L-9962202100.jpg","contentUrl":"https:\/\/shop.bantam.ch\/wp-content\/uploads\/2024\/09\/Movera-L-9962202100.jpg","width":640,"height":1073},{"@type":"BreadcrumbList","@id":"https:\/\/shop.bantam.ch\/de\/produkt\/campingfuehrer-ecc-oesterreich-schweiz-2024\/#breadcrumb","itemListElement":[{"@type":"ListItem","position":1,"name":"Accueil","item":"https:\/\/shop.bantam.ch\/de\/"},{"@type":"ListItem","position":2,"name":"Shop","item":"https:\/\/shop.bantam.ch\/de\/shop\/"},{"@type":"ListItem","position":3,"name":"Campingf\u00fchrer ECC \u00d6sterreich \/ Schweiz 2024"}]},{"@type":"WebSite","@id":"https:\/\/shop.bantam.ch\/de\/#website","url":"https:\/\/shop.bantam.ch\/de\/","name":"Bantam Camping AG","description":"","publisher":{"@id":"https:\/\/shop.bantam.ch\/de\/#organization"},"inLanguage":"de"},{"@type":"Organization","@id":"https:\/\/shop.bantam.ch\/de\/#organization","name":"Bantam Camping AG","url":"https:\/\/shop.bantam.ch\/de\/","logo":{"@type":"ImageObject","inLanguage":"de","@id":"https:\/\/shop.bantam.ch\/de\/#\/schema\/logo\/image\/","url":"https:\/\/shop.bantam.ch\/wp-content\/uploads\/2022\/12\/bantam-logo.png","contentUrl":"https:\/\/shop.bantam.ch\/wp-content\/uploads\/2022\/12\/bantam-logo.png","width":320,"height":71,"caption":"Bantam Camping AG"},"image":{"@id":"https:\/\/shop.bantam.ch\/de\/#\/schema\/logo\/image\/"}}]}},"_links":{"self":[{"href":"https:\/\/shop.bantam.ch\/de\/wp-json\/wp\/v2\/product\/197912","targetHints":{"allow":["GET"]}}],"collection":[{"href":"https:\/\/shop.bantam.ch\/de\/wp-json\/wp\/v2\/product"}],"about":[{"href":"https:\/\/shop.bantam.ch\/de\/wp-json\/wp\/v2\/types\/product"}],"wp:featuredmedia":[{"embeddable":true,"href":"https:\/\/shop.bantam.ch\/de\/wp-json\/wp\/v2\/media\/207159"}],"wp:attachment":[{"href":"https:\/\/shop.bantam.ch\/de\/wp-json\/wp\/v2\/media?parent=197912"}],"wp:term":[{"taxonomy":"product_featured_cat","embeddable":true,"href":"https:\/\/shop.bantam.ch\/de\/wp-json\/wp\/v2\/product_featured_cat?post=197912"},{"taxonomy":"product_brand","embeddable":true,"href":"https:\/\/shop.bantam.ch\/de\/wp-json\/wp\/v2\/product_brand?post=197912"},{"taxonomy":"product_cat","embeddable":true,"href":"https:\/\/shop.bantam.ch\/de\/wp-json\/wp\/v2\/product_cat?post=197912"},{"taxonomy":"product_tag","embeddable":true,"href":"https:\/\/shop.bantam.ch\/de\/wp-json\/wp\/v2\/product_tag?post=197912"}],"curies":[{"name":"wp","href":"https:\/\/api.w.org\/{rel}","templated":true}]}}