{"id":197860,"date":"2024-05-15T16:33:49","date_gmt":"2024-05-15T14:33:49","guid":{"rendered":"https:\/\/shop.bantam.ch\/produit\/kuehlbox-bo-camp-arctic-12-liter-12-v-farbe-schwarz\/"},"modified":"2026-04-18T23:12:47","modified_gmt":"2026-04-18T21:12:47","slug":"kuehlbox-bo-camp-arctic-12-liter-12-v-farbe-schwarz","status":"publish","type":"product","link":"https:\/\/shop.bantam.ch\/de\/produkt\/kuehlbox-bo-camp-arctic-12-liter-12-v-farbe-schwarz\/","title":{"rendered":"K\u00fchlbox Bo-Camp Arctic 12 Liter, 12 V Farbe schwarz"},"content":{"rendered":"<p>Ein leichter und sehr kompakter K\u00fchler mit 12 Volt Anschluss. Diese K\u00fchlbox hat eine kompakte Gr\u00f6\u00dfe. Dies macht diese K\u00fchlbox ideal hinter dem Autositz, in der Fahrradtasche, zum Strand oder zum Park. Der Griff wird verwendet, um den Deckel zu blockieren und die K\u00fchlbox zu schlie\u00dfen. Innenma\u00dfe: 37 x 14 x 22 cm (B x H x T).<\/p>\n","protected":false},"excerpt":{"rendered":"<p>Ein leichter und sehr kompakter K\u00fchler mit 12 Volt Anschluss. Diese K\u00fchlbox hat eine kompakte Gr\u00f6\u00dfe. Dies macht diese K\u00fchlbox ideal hinter dem Autositz, in der Fahrradtasche, zum Strand oder zum Park. Der Griff wird verwendet, um den Deckel zu blockieren und die K\u00fchlbox zu schlie\u00dfen. Innenma\u00dfe: 37 x 14 x 22 cm (B x [&hellip;]<\/p>\n","protected":false},"featured_media":207143,"template":"","meta":{"_acf_changed":false},"product_featured_cat":[],"product_brand":[3431],"product_cat":[4544],"product_tag":[],"class_list":{"0":"post-197860","1":"product","2":"type-product","3":"status-publish","4":"has-post-thumbnail","6":"product_brand-bo-camp-de","7":"product_cat-thermoelektrische-kuehlboxen","9":"first","10":"instock","11":"taxable","12":"shipping-taxable","13":"purchasable","14":"product-type-simple"},"acf":[],"yoast_head":"<!-- This site is optimized with the Yoast SEO plugin v27.4 - https:\/\/yoast.com\/product\/yoast-seo-wordpress\/ -->\n<title>K\u00fchlbox Bo-Camp Arctic 12 Liter, 12 V Farbe schwarz - Bantam Camping AG<\/title>\n<meta name=\"robots\" content=\"index, follow, max-snippet:-1, max-image-preview:large, max-video-preview:-1\" \/>\n<link rel=\"canonical\" href=\"https:\/\/shop.bantam.ch\/de\/produkt\/kuehlbox-bo-camp-arctic-12-liter-12-v-farbe-schwarz\/\" \/>\n<meta property=\"og:locale\" content=\"de_DE\" \/>\n<meta property=\"og:type\" content=\"article\" \/>\n<meta property=\"og:title\" content=\"K\u00fchlbox Bo-Camp Arctic 12 Liter, 12 V Farbe schwarz - Bantam Camping AG\" \/>\n<meta property=\"og:description\" content=\"Ein leichter und sehr kompakter K\u00fchler mit 12 Volt Anschluss. Diese K\u00fchlbox hat eine kompakte Gr\u00f6\u00dfe. Dies macht diese K\u00fchlbox ideal hinter dem Autositz, in der Fahrradtasche, zum Strand oder zum Park. Der Griff wird verwendet, um den Deckel zu blockieren und die K\u00fchlbox zu schlie\u00dfen. Innenma\u00dfe: 37 x 14 x 22 cm (B x [&hellip;]\" \/>\n<meta property=\"og:url\" content=\"https:\/\/shop.bantam.ch\/de\/produkt\/kuehlbox-bo-camp-arctic-12-liter-12-v-farbe-schwarz\/\" \/>\n<meta property=\"og:site_name\" content=\"Bantam Camping AG\" \/>\n<meta property=\"article:modified_time\" content=\"2026-04-18T21:12:47+00:00\" \/>\n<meta property=\"og:image\" content=\"https:\/\/shop.bantam.ch\/wp-content\/uploads\/2024\/05\/Movera-L-9963334100.jpg\" \/>\n\t<meta property=\"og:image:width\" content=\"640\" \/>\n\t<meta property=\"og:image:height\" content=\"550\" \/>\n\t<meta property=\"og:image:type\" content=\"image\/jpeg\" \/>\n<meta name=\"twitter:card\" content=\"summary_large_image\" \/>\n<script type=\"application\/ld+json\" class=\"yoast-schema-graph\">{\"@context\":\"https:\\\/\\\/schema.org\",\"@graph\":[{\"@type\":\"WebPage\",\"@id\":\"https:\\\/\\\/shop.bantam.ch\\\/de\\\/produkt\\\/kuehlbox-bo-camp-arctic-12-liter-12-v-farbe-schwarz\\\/\",\"url\":\"https:\\\/\\\/shop.bantam.ch\\\/de\\\/produkt\\\/kuehlbox-bo-camp-arctic-12-liter-12-v-farbe-schwarz\\\/\",\"name\":\"K\u00fchlbox Bo-Camp Arctic 12 Liter, 12 V Farbe schwarz - Bantam Camping AG\",\"isPartOf\":{\"@id\":\"https:\\\/\\\/shop.bantam.ch\\\/de\\\/#website\"},\"primaryImageOfPage\":{\"@id\":\"https:\\\/\\\/shop.bantam.ch\\\/de\\\/produkt\\\/kuehlbox-bo-camp-arctic-12-liter-12-v-farbe-schwarz\\\/#primaryimage\"},\"image\":{\"@id\":\"https:\\\/\\\/shop.bantam.ch\\\/de\\\/produkt\\\/kuehlbox-bo-camp-arctic-12-liter-12-v-farbe-schwarz\\\/#primaryimage\"},\"thumbnailUrl\":\"https:\\\/\\\/shop.bantam.ch\\\/wp-content\\\/uploads\\\/2024\\\/09\\\/Movera-L-9963334100.jpg\",\"datePublished\":\"2024-05-15T14:33:49+00:00\",\"dateModified\":\"2026-04-18T21:12:47+00:00\",\"breadcrumb\":{\"@id\":\"https:\\\/\\\/shop.bantam.ch\\\/de\\\/produkt\\\/kuehlbox-bo-camp-arctic-12-liter-12-v-farbe-schwarz\\\/#breadcrumb\"},\"inLanguage\":\"de\",\"potentialAction\":[{\"@type\":\"ReadAction\",\"target\":[\"https:\\\/\\\/shop.bantam.ch\\\/de\\\/produkt\\\/kuehlbox-bo-camp-arctic-12-liter-12-v-farbe-schwarz\\\/\"]}]},{\"@type\":\"ImageObject\",\"inLanguage\":\"de\",\"@id\":\"https:\\\/\\\/shop.bantam.ch\\\/de\\\/produkt\\\/kuehlbox-bo-camp-arctic-12-liter-12-v-farbe-schwarz\\\/#primaryimage\",\"url\":\"https:\\\/\\\/shop.bantam.ch\\\/wp-content\\\/uploads\\\/2024\\\/09\\\/Movera-L-9963334100.jpg\",\"contentUrl\":\"https:\\\/\\\/shop.bantam.ch\\\/wp-content\\\/uploads\\\/2024\\\/09\\\/Movera-L-9963334100.jpg\",\"width\":640,\"height\":550},{\"@type\":\"BreadcrumbList\",\"@id\":\"https:\\\/\\\/shop.bantam.ch\\\/de\\\/produkt\\\/kuehlbox-bo-camp-arctic-12-liter-12-v-farbe-schwarz\\\/#breadcrumb\",\"itemListElement\":[{\"@type\":\"ListItem\",\"position\":1,\"name\":\"Accueil\",\"item\":\"https:\\\/\\\/shop.bantam.ch\\\/de\\\/\"},{\"@type\":\"ListItem\",\"position\":2,\"name\":\"Shop\",\"item\":\"https:\\\/\\\/shop.bantam.ch\\\/de\\\/shop\\\/\"},{\"@type\":\"ListItem\",\"position\":3,\"name\":\"K\u00fchlbox Bo-Camp Arctic 12 Liter, 12 V Farbe schwarz\"}]},{\"@type\":\"WebSite\",\"@id\":\"https:\\\/\\\/shop.bantam.ch\\\/de\\\/#website\",\"url\":\"https:\\\/\\\/shop.bantam.ch\\\/de\\\/\",\"name\":\"Bantam Camping AG\",\"description\":\"\",\"publisher\":{\"@id\":\"https:\\\/\\\/shop.bantam.ch\\\/de\\\/#organization\"},\"inLanguage\":\"de\"},{\"@type\":\"Organization\",\"@id\":\"https:\\\/\\\/shop.bantam.ch\\\/de\\\/#organization\",\"name\":\"Bantam Camping AG\",\"url\":\"https:\\\/\\\/shop.bantam.ch\\\/de\\\/\",\"logo\":{\"@type\":\"ImageObject\",\"inLanguage\":\"de\",\"@id\":\"https:\\\/\\\/shop.bantam.ch\\\/de\\\/#\\\/schema\\\/logo\\\/image\\\/\",\"url\":\"https:\\\/\\\/shop.bantam.ch\\\/wp-content\\\/uploads\\\/2022\\\/12\\\/bantam-logo.png\",\"contentUrl\":\"https:\\\/\\\/shop.bantam.ch\\\/wp-content\\\/uploads\\\/2022\\\/12\\\/bantam-logo.png\",\"width\":320,\"height\":71,\"caption\":\"Bantam Camping AG\"},\"image\":{\"@id\":\"https:\\\/\\\/shop.bantam.ch\\\/de\\\/#\\\/schema\\\/logo\\\/image\\\/\"}}]}<\/script>\n<!-- \/ Yoast SEO plugin. -->","yoast_head_json":{"title":"K\u00fchlbox Bo-Camp Arctic 12 Liter, 12 V Farbe schwarz - Bantam Camping AG","robots":{"index":"index","follow":"follow","max-snippet":"max-snippet:-1","max-image-preview":"max-image-preview:large","max-video-preview":"max-video-preview:-1"},"canonical":"https:\/\/shop.bantam.ch\/de\/produkt\/kuehlbox-bo-camp-arctic-12-liter-12-v-farbe-schwarz\/","og_locale":"de_DE","og_type":"article","og_title":"K\u00fchlbox Bo-Camp Arctic 12 Liter, 12 V Farbe schwarz - Bantam Camping AG","og_description":"Ein leichter und sehr kompakter K\u00fchler mit 12 Volt Anschluss. Diese K\u00fchlbox hat eine kompakte Gr\u00f6\u00dfe. Dies macht diese K\u00fchlbox ideal hinter dem Autositz, in der Fahrradtasche, zum Strand oder zum Park. Der Griff wird verwendet, um den Deckel zu blockieren und die K\u00fchlbox zu schlie\u00dfen. Innenma\u00dfe: 37 x 14 x 22 cm (B x [&hellip;]","og_url":"https:\/\/shop.bantam.ch\/de\/produkt\/kuehlbox-bo-camp-arctic-12-liter-12-v-farbe-schwarz\/","og_site_name":"Bantam Camping AG","article_modified_time":"2026-04-18T21:12:47+00:00","og_image":[{"width":640,"height":550,"url":"https:\/\/shop.bantam.ch\/wp-content\/uploads\/2024\/05\/Movera-L-9963334100.jpg","type":"image\/jpeg"}],"twitter_card":"summary_large_image","schema":{"@context":"https:\/\/schema.org","@graph":[{"@type":"WebPage","@id":"https:\/\/shop.bantam.ch\/de\/produkt\/kuehlbox-bo-camp-arctic-12-liter-12-v-farbe-schwarz\/","url":"https:\/\/shop.bantam.ch\/de\/produkt\/kuehlbox-bo-camp-arctic-12-liter-12-v-farbe-schwarz\/","name":"K\u00fchlbox Bo-Camp Arctic 12 Liter, 12 V Farbe schwarz - Bantam Camping AG","isPartOf":{"@id":"https:\/\/shop.bantam.ch\/de\/#website"},"primaryImageOfPage":{"@id":"https:\/\/shop.bantam.ch\/de\/produkt\/kuehlbox-bo-camp-arctic-12-liter-12-v-farbe-schwarz\/#primaryimage"},"image":{"@id":"https:\/\/shop.bantam.ch\/de\/produkt\/kuehlbox-bo-camp-arctic-12-liter-12-v-farbe-schwarz\/#primaryimage"},"thumbnailUrl":"https:\/\/shop.bantam.ch\/wp-content\/uploads\/2024\/09\/Movera-L-9963334100.jpg","datePublished":"2024-05-15T14:33:49+00:00","dateModified":"2026-04-18T21:12:47+00:00","breadcrumb":{"@id":"https:\/\/shop.bantam.ch\/de\/produkt\/kuehlbox-bo-camp-arctic-12-liter-12-v-farbe-schwarz\/#breadcrumb"},"inLanguage":"de","potentialAction":[{"@type":"ReadAction","target":["https:\/\/shop.bantam.ch\/de\/produkt\/kuehlbox-bo-camp-arctic-12-liter-12-v-farbe-schwarz\/"]}]},{"@type":"ImageObject","inLanguage":"de","@id":"https:\/\/shop.bantam.ch\/de\/produkt\/kuehlbox-bo-camp-arctic-12-liter-12-v-farbe-schwarz\/#primaryimage","url":"https:\/\/shop.bantam.ch\/wp-content\/uploads\/2024\/09\/Movera-L-9963334100.jpg","contentUrl":"https:\/\/shop.bantam.ch\/wp-content\/uploads\/2024\/09\/Movera-L-9963334100.jpg","width":640,"height":550},{"@type":"BreadcrumbList","@id":"https:\/\/shop.bantam.ch\/de\/produkt\/kuehlbox-bo-camp-arctic-12-liter-12-v-farbe-schwarz\/#breadcrumb","itemListElement":[{"@type":"ListItem","position":1,"name":"Accueil","item":"https:\/\/shop.bantam.ch\/de\/"},{"@type":"ListItem","position":2,"name":"Shop","item":"https:\/\/shop.bantam.ch\/de\/shop\/"},{"@type":"ListItem","position":3,"name":"K\u00fchlbox Bo-Camp Arctic 12 Liter, 12 V Farbe schwarz"}]},{"@type":"WebSite","@id":"https:\/\/shop.bantam.ch\/de\/#website","url":"https:\/\/shop.bantam.ch\/de\/","name":"Bantam Camping AG","description":"","publisher":{"@id":"https:\/\/shop.bantam.ch\/de\/#organization"},"inLanguage":"de"},{"@type":"Organization","@id":"https:\/\/shop.bantam.ch\/de\/#organization","name":"Bantam Camping AG","url":"https:\/\/shop.bantam.ch\/de\/","logo":{"@type":"ImageObject","inLanguage":"de","@id":"https:\/\/shop.bantam.ch\/de\/#\/schema\/logo\/image\/","url":"https:\/\/shop.bantam.ch\/wp-content\/uploads\/2022\/12\/bantam-logo.png","contentUrl":"https:\/\/shop.bantam.ch\/wp-content\/uploads\/2022\/12\/bantam-logo.png","width":320,"height":71,"caption":"Bantam Camping AG"},"image":{"@id":"https:\/\/shop.bantam.ch\/de\/#\/schema\/logo\/image\/"}}]}},"_links":{"self":[{"href":"https:\/\/shop.bantam.ch\/de\/wp-json\/wp\/v2\/product\/197860","targetHints":{"allow":["GET"]}}],"collection":[{"href":"https:\/\/shop.bantam.ch\/de\/wp-json\/wp\/v2\/product"}],"about":[{"href":"https:\/\/shop.bantam.ch\/de\/wp-json\/wp\/v2\/types\/product"}],"wp:featuredmedia":[{"embeddable":true,"href":"https:\/\/shop.bantam.ch\/de\/wp-json\/wp\/v2\/media\/207143"}],"wp:attachment":[{"href":"https:\/\/shop.bantam.ch\/de\/wp-json\/wp\/v2\/media?parent=197860"}],"wp:term":[{"taxonomy":"product_featured_cat","embeddable":true,"href":"https:\/\/shop.bantam.ch\/de\/wp-json\/wp\/v2\/product_featured_cat?post=197860"},{"taxonomy":"product_brand","embeddable":true,"href":"https:\/\/shop.bantam.ch\/de\/wp-json\/wp\/v2\/product_brand?post=197860"},{"taxonomy":"product_cat","embeddable":true,"href":"https:\/\/shop.bantam.ch\/de\/wp-json\/wp\/v2\/product_cat?post=197860"},{"taxonomy":"product_tag","embeddable":true,"href":"https:\/\/shop.bantam.ch\/de\/wp-json\/wp\/v2\/product_tag?post=197860"}],"curies":[{"name":"wp","href":"https:\/\/api.w.org\/{rel}","templated":true}]}}