{"id":197830,"date":"2024-05-15T16:33:17","date_gmt":"2024-05-15T14:33:17","guid":{"rendered":"https:\/\/shop.bantam.ch\/produit\/moskitolampe-eurotrail-aufladbar\/"},"modified":"2026-04-18T23:12:46","modified_gmt":"2026-04-18T21:12:46","slug":"moskitolampe-eurotrail-aufladbar","status":"publish","type":"product","link":"https:\/\/shop.bantam.ch\/de\/produkt\/moskitolampe-eurotrail-aufladbar\/","title":{"rendered":"M\u00fcckenlampe wiederaufladbar, Schwartz"},"content":{"rendered":"<p class=\"MsoNormal\"><span lang=\"DE-CH\">Kompakte,<br \/>\naber sehr effektive M\u00fcckenschutzlampe. Die Lampe ist wiederaufladbar und nach<br \/>\neiner vollen Ladung funktioniert die Lampe bis zu 16 Stunden. Die Lampe strahlt<br \/>\nein starkes ultraviolettes Licht aus, das die M\u00fccken in einem gro\u00dfen Bereich<br \/>\nanzieht. Im Inneren befindet sich ein Spannungsgitter, das die M\u00fccken<br \/>\neliminiert. Unten gibt es einen abnehmbaren Auffangbeh\u00e4lter. Vollst\u00e4ndig<br \/>\naufladbar mit dem mitgelieferten USB-Ladekabel Typ C. Material:ABS Abmessungen:<br \/>\n\u00f8 12 x 25 cm. Lichtquelle: UV-A LED-R\u00f6hre Nutzungsdauer: 14 bis 16 Stunden.<br \/>\nLadezeit: 5 bis 7 Stunden Akku: 3,7 V 5.000 mAh Gewicht: 550gr.<\/span><\/p>\n","protected":false},"excerpt":{"rendered":"<p>Kompakte, aber sehr effektive M\u00fcckenschutzlampe. Die Lampe ist wiederaufladbar und nach einer vollen Ladung funktioniert die Lampe bis zu 16 Stunden. Die Lampe strahlt ein starkes ultraviolettes Licht aus, das die M\u00fccken in einem gro\u00dfen Bereich anzieht. Im Inneren befindet sich ein Spannungsgitter, das die M\u00fccken eliminiert. Unten gibt es einen abnehmbaren Auffangbeh\u00e4lter. Vollst\u00e4ndig aufladbar [&hellip;]<\/p>\n","protected":false},"featured_media":207139,"template":"","meta":{"_acf_changed":false},"product_featured_cat":[5299,5300],"product_brand":[3075],"product_cat":[4934],"product_tag":[],"class_list":{"0":"post-197830","1":"product","2":"type-product","3":"status-publish","4":"has-post-thumbnail","6":"product_featured_cat-bantampreis","7":"product_featured_cat-prix-bantam-etagniers-de","8":"product_brand-eurotrail-de","9":"product_cat-insektenfallen-abwehr","11":"first","12":"instock","13":"taxable","14":"shipping-taxable","15":"purchasable","16":"product-type-simple"},"acf":[],"yoast_head":"<!-- This site is optimized with the Yoast SEO plugin v27.4 - https:\/\/yoast.com\/product\/yoast-seo-wordpress\/ -->\n<title>M\u00fcckenlampe wiederaufladbar, Schwartz - Bantam Camping AG<\/title>\n<meta name=\"robots\" content=\"index, follow, max-snippet:-1, max-image-preview:large, max-video-preview:-1\" \/>\n<link rel=\"canonical\" href=\"https:\/\/shop.bantam.ch\/de\/produkt\/moskitolampe-eurotrail-aufladbar\/\" \/>\n<meta property=\"og:locale\" content=\"de_DE\" \/>\n<meta property=\"og:type\" content=\"article\" \/>\n<meta property=\"og:title\" content=\"M\u00fcckenlampe wiederaufladbar, Schwartz - Bantam Camping AG\" \/>\n<meta property=\"og:description\" content=\"Kompakte, aber sehr effektive M\u00fcckenschutzlampe. Die Lampe ist wiederaufladbar und nach einer vollen Ladung funktioniert die Lampe bis zu 16 Stunden. Die Lampe strahlt ein starkes ultraviolettes Licht aus, das die M\u00fccken in einem gro\u00dfen Bereich anzieht. Im Inneren befindet sich ein Spannungsgitter, das die M\u00fccken eliminiert. Unten gibt es einen abnehmbaren Auffangbeh\u00e4lter. Vollst\u00e4ndig aufladbar [&hellip;]\" \/>\n<meta property=\"og:url\" content=\"https:\/\/shop.bantam.ch\/de\/produkt\/moskitolampe-eurotrail-aufladbar\/\" \/>\n<meta property=\"og:site_name\" content=\"Bantam Camping AG\" \/>\n<meta property=\"article:modified_time\" content=\"2026-04-18T21:12:46+00:00\" \/>\n<meta property=\"og:image\" content=\"https:\/\/shop.bantam.ch\/wp-content\/uploads\/2024\/09\/Movera-L-9962194100.jpg\" \/>\n\t<meta property=\"og:image:width\" content=\"640\" \/>\n\t<meta property=\"og:image:height\" content=\"847\" \/>\n\t<meta property=\"og:image:type\" content=\"image\/jpeg\" \/>\n<meta name=\"twitter:card\" content=\"summary_large_image\" \/>\n<script type=\"application\/ld+json\" class=\"yoast-schema-graph\">{\"@context\":\"https:\\\/\\\/schema.org\",\"@graph\":[{\"@type\":\"WebPage\",\"@id\":\"https:\\\/\\\/shop.bantam.ch\\\/de\\\/produkt\\\/moskitolampe-eurotrail-aufladbar\\\/\",\"url\":\"https:\\\/\\\/shop.bantam.ch\\\/de\\\/produkt\\\/moskitolampe-eurotrail-aufladbar\\\/\",\"name\":\"M\u00fcckenlampe wiederaufladbar, Schwartz - Bantam Camping AG\",\"isPartOf\":{\"@id\":\"https:\\\/\\\/shop.bantam.ch\\\/de\\\/#website\"},\"primaryImageOfPage\":{\"@id\":\"https:\\\/\\\/shop.bantam.ch\\\/de\\\/produkt\\\/moskitolampe-eurotrail-aufladbar\\\/#primaryimage\"},\"image\":{\"@id\":\"https:\\\/\\\/shop.bantam.ch\\\/de\\\/produkt\\\/moskitolampe-eurotrail-aufladbar\\\/#primaryimage\"},\"thumbnailUrl\":\"https:\\\/\\\/shop.bantam.ch\\\/wp-content\\\/uploads\\\/2024\\\/09\\\/Movera-L-9962194100.jpg\",\"datePublished\":\"2024-05-15T14:33:17+00:00\",\"dateModified\":\"2026-04-18T21:12:46+00:00\",\"breadcrumb\":{\"@id\":\"https:\\\/\\\/shop.bantam.ch\\\/de\\\/produkt\\\/moskitolampe-eurotrail-aufladbar\\\/#breadcrumb\"},\"inLanguage\":\"de\",\"potentialAction\":[{\"@type\":\"ReadAction\",\"target\":[\"https:\\\/\\\/shop.bantam.ch\\\/de\\\/produkt\\\/moskitolampe-eurotrail-aufladbar\\\/\"]}]},{\"@type\":\"ImageObject\",\"inLanguage\":\"de\",\"@id\":\"https:\\\/\\\/shop.bantam.ch\\\/de\\\/produkt\\\/moskitolampe-eurotrail-aufladbar\\\/#primaryimage\",\"url\":\"https:\\\/\\\/shop.bantam.ch\\\/wp-content\\\/uploads\\\/2024\\\/09\\\/Movera-L-9962194100.jpg\",\"contentUrl\":\"https:\\\/\\\/shop.bantam.ch\\\/wp-content\\\/uploads\\\/2024\\\/09\\\/Movera-L-9962194100.jpg\",\"width\":640,\"height\":847},{\"@type\":\"BreadcrumbList\",\"@id\":\"https:\\\/\\\/shop.bantam.ch\\\/de\\\/produkt\\\/moskitolampe-eurotrail-aufladbar\\\/#breadcrumb\",\"itemListElement\":[{\"@type\":\"ListItem\",\"position\":1,\"name\":\"Accueil\",\"item\":\"https:\\\/\\\/shop.bantam.ch\\\/de\\\/\"},{\"@type\":\"ListItem\",\"position\":2,\"name\":\"Shop\",\"item\":\"https:\\\/\\\/shop.bantam.ch\\\/de\\\/shop\\\/\"},{\"@type\":\"ListItem\",\"position\":3,\"name\":\"M\u00fcckenlampe wiederaufladbar, Schwartz\"}]},{\"@type\":\"WebSite\",\"@id\":\"https:\\\/\\\/shop.bantam.ch\\\/de\\\/#website\",\"url\":\"https:\\\/\\\/shop.bantam.ch\\\/de\\\/\",\"name\":\"Bantam Camping AG\",\"description\":\"\",\"publisher\":{\"@id\":\"https:\\\/\\\/shop.bantam.ch\\\/de\\\/#organization\"},\"inLanguage\":\"de\"},{\"@type\":\"Organization\",\"@id\":\"https:\\\/\\\/shop.bantam.ch\\\/de\\\/#organization\",\"name\":\"Bantam Camping AG\",\"url\":\"https:\\\/\\\/shop.bantam.ch\\\/de\\\/\",\"logo\":{\"@type\":\"ImageObject\",\"inLanguage\":\"de\",\"@id\":\"https:\\\/\\\/shop.bantam.ch\\\/de\\\/#\\\/schema\\\/logo\\\/image\\\/\",\"url\":\"https:\\\/\\\/shop.bantam.ch\\\/wp-content\\\/uploads\\\/2022\\\/12\\\/bantam-logo.png\",\"contentUrl\":\"https:\\\/\\\/shop.bantam.ch\\\/wp-content\\\/uploads\\\/2022\\\/12\\\/bantam-logo.png\",\"width\":320,\"height\":71,\"caption\":\"Bantam Camping AG\"},\"image\":{\"@id\":\"https:\\\/\\\/shop.bantam.ch\\\/de\\\/#\\\/schema\\\/logo\\\/image\\\/\"}}]}<\/script>\n<!-- \/ Yoast SEO plugin. -->","yoast_head_json":{"title":"M\u00fcckenlampe wiederaufladbar, Schwartz - Bantam Camping AG","robots":{"index":"index","follow":"follow","max-snippet":"max-snippet:-1","max-image-preview":"max-image-preview:large","max-video-preview":"max-video-preview:-1"},"canonical":"https:\/\/shop.bantam.ch\/de\/produkt\/moskitolampe-eurotrail-aufladbar\/","og_locale":"de_DE","og_type":"article","og_title":"M\u00fcckenlampe wiederaufladbar, Schwartz - Bantam Camping AG","og_description":"Kompakte, aber sehr effektive M\u00fcckenschutzlampe. Die Lampe ist wiederaufladbar und nach einer vollen Ladung funktioniert die Lampe bis zu 16 Stunden. Die Lampe strahlt ein starkes ultraviolettes Licht aus, das die M\u00fccken in einem gro\u00dfen Bereich anzieht. Im Inneren befindet sich ein Spannungsgitter, das die M\u00fccken eliminiert. Unten gibt es einen abnehmbaren Auffangbeh\u00e4lter. Vollst\u00e4ndig aufladbar [&hellip;]","og_url":"https:\/\/shop.bantam.ch\/de\/produkt\/moskitolampe-eurotrail-aufladbar\/","og_site_name":"Bantam Camping AG","article_modified_time":"2026-04-18T21:12:46+00:00","og_image":[{"width":640,"height":847,"url":"https:\/\/shop.bantam.ch\/wp-content\/uploads\/2024\/09\/Movera-L-9962194100.jpg","type":"image\/jpeg"}],"twitter_card":"summary_large_image","schema":{"@context":"https:\/\/schema.org","@graph":[{"@type":"WebPage","@id":"https:\/\/shop.bantam.ch\/de\/produkt\/moskitolampe-eurotrail-aufladbar\/","url":"https:\/\/shop.bantam.ch\/de\/produkt\/moskitolampe-eurotrail-aufladbar\/","name":"M\u00fcckenlampe wiederaufladbar, Schwartz - Bantam Camping AG","isPartOf":{"@id":"https:\/\/shop.bantam.ch\/de\/#website"},"primaryImageOfPage":{"@id":"https:\/\/shop.bantam.ch\/de\/produkt\/moskitolampe-eurotrail-aufladbar\/#primaryimage"},"image":{"@id":"https:\/\/shop.bantam.ch\/de\/produkt\/moskitolampe-eurotrail-aufladbar\/#primaryimage"},"thumbnailUrl":"https:\/\/shop.bantam.ch\/wp-content\/uploads\/2024\/09\/Movera-L-9962194100.jpg","datePublished":"2024-05-15T14:33:17+00:00","dateModified":"2026-04-18T21:12:46+00:00","breadcrumb":{"@id":"https:\/\/shop.bantam.ch\/de\/produkt\/moskitolampe-eurotrail-aufladbar\/#breadcrumb"},"inLanguage":"de","potentialAction":[{"@type":"ReadAction","target":["https:\/\/shop.bantam.ch\/de\/produkt\/moskitolampe-eurotrail-aufladbar\/"]}]},{"@type":"ImageObject","inLanguage":"de","@id":"https:\/\/shop.bantam.ch\/de\/produkt\/moskitolampe-eurotrail-aufladbar\/#primaryimage","url":"https:\/\/shop.bantam.ch\/wp-content\/uploads\/2024\/09\/Movera-L-9962194100.jpg","contentUrl":"https:\/\/shop.bantam.ch\/wp-content\/uploads\/2024\/09\/Movera-L-9962194100.jpg","width":640,"height":847},{"@type":"BreadcrumbList","@id":"https:\/\/shop.bantam.ch\/de\/produkt\/moskitolampe-eurotrail-aufladbar\/#breadcrumb","itemListElement":[{"@type":"ListItem","position":1,"name":"Accueil","item":"https:\/\/shop.bantam.ch\/de\/"},{"@type":"ListItem","position":2,"name":"Shop","item":"https:\/\/shop.bantam.ch\/de\/shop\/"},{"@type":"ListItem","position":3,"name":"M\u00fcckenlampe wiederaufladbar, Schwartz"}]},{"@type":"WebSite","@id":"https:\/\/shop.bantam.ch\/de\/#website","url":"https:\/\/shop.bantam.ch\/de\/","name":"Bantam Camping AG","description":"","publisher":{"@id":"https:\/\/shop.bantam.ch\/de\/#organization"},"inLanguage":"de"},{"@type":"Organization","@id":"https:\/\/shop.bantam.ch\/de\/#organization","name":"Bantam Camping AG","url":"https:\/\/shop.bantam.ch\/de\/","logo":{"@type":"ImageObject","inLanguage":"de","@id":"https:\/\/shop.bantam.ch\/de\/#\/schema\/logo\/image\/","url":"https:\/\/shop.bantam.ch\/wp-content\/uploads\/2022\/12\/bantam-logo.png","contentUrl":"https:\/\/shop.bantam.ch\/wp-content\/uploads\/2022\/12\/bantam-logo.png","width":320,"height":71,"caption":"Bantam Camping AG"},"image":{"@id":"https:\/\/shop.bantam.ch\/de\/#\/schema\/logo\/image\/"}}]}},"_links":{"self":[{"href":"https:\/\/shop.bantam.ch\/de\/wp-json\/wp\/v2\/product\/197830","targetHints":{"allow":["GET"]}}],"collection":[{"href":"https:\/\/shop.bantam.ch\/de\/wp-json\/wp\/v2\/product"}],"about":[{"href":"https:\/\/shop.bantam.ch\/de\/wp-json\/wp\/v2\/types\/product"}],"wp:featuredmedia":[{"embeddable":true,"href":"https:\/\/shop.bantam.ch\/de\/wp-json\/wp\/v2\/media\/207139"}],"wp:attachment":[{"href":"https:\/\/shop.bantam.ch\/de\/wp-json\/wp\/v2\/media?parent=197830"}],"wp:term":[{"taxonomy":"product_featured_cat","embeddable":true,"href":"https:\/\/shop.bantam.ch\/de\/wp-json\/wp\/v2\/product_featured_cat?post=197830"},{"taxonomy":"product_brand","embeddable":true,"href":"https:\/\/shop.bantam.ch\/de\/wp-json\/wp\/v2\/product_brand?post=197830"},{"taxonomy":"product_cat","embeddable":true,"href":"https:\/\/shop.bantam.ch\/de\/wp-json\/wp\/v2\/product_cat?post=197830"},{"taxonomy":"product_tag","embeddable":true,"href":"https:\/\/shop.bantam.ch\/de\/wp-json\/wp\/v2\/product_tag?post=197830"}],"curies":[{"name":"wp","href":"https:\/\/api.w.org\/{rel}","templated":true}]}}