{"id":197814,"date":"2024-05-15T16:32:51","date_gmt":"2024-05-15T14:32:51","guid":{"rendered":"https:\/\/shop.bantam.ch\/produit\/satanlage-automatisch-megasat-campingman-kompakt-4-twin-autoskew\/"},"modified":"2026-04-19T23:15:18","modified_gmt":"2026-04-19T21:15:18","slug":"satanlage-automatisch-megasat-campingman-kompakt-4-twin-autoskew","status":"publish","type":"product","link":"https:\/\/shop.bantam.ch\/de\/produkt\/satanlage-automatisch-megasat-campingman-kompakt-4-twin-autoskew\/","title":{"rendered":"Satanlage automatisch MEGASAT Campingman Kompakt 4 Twin AutoSkew"},"content":{"rendered":"<p>Der Campingman Kompakt 4 ist geeignet zur festen Montage auf einem Caravan oder Reisemobil und bietet jetzt einen noch geringeren Platzbedarf. Auf Knopfdruck findet die Antenne in k\u00fcrzester Zeit den gew\u00e4hlten Satelliten. Bester Empfang in S\u00fcd-Europa (Kroatien, Italien, Spanien, Portugal). Das integrierte Auto-Skew-System erm\u00f6glicht eine korrekte Polarisations-Einstellung des LNBs und garantiert somit erstklassigen Empfang an den meisten Standorten in Europa. Durch die elegante Kunststoffhaube ist die Antenne bestm\u00f6glich gegen Witterungseinfl\u00fcsse und \u00e4u\u00dfere Besch\u00e4digung gesch\u00fctzt. Sturmsicher und Empfang bei jeder Windst\u00e4rke. Die Antenne bietet besten Schutz vor salzhaltiger Luft. Im Mini-Steuerger\u00e4t sind bereits 5 Satelliten programmiert. Zuk\u00fcnftige Transponder- Updates sind nicht notwendig. Die Satelliten-Antenne ist geeignet f\u00fcr zwei Teilnehmer und wird mit nur einem Koaxialkabel mit dem Steuerger\u00e4t verbunden.<br \/>\nAnzahl der Teilnehmer maximal 2. Spannungsversorgung 12 V DC. Vorprogrammierte Satelliten 5. Temperaturbereich: -25\u00b0 C bis 70\u00b0 C. Antennentyp: Off-Set-Spiegel. LNB-Typ: Universal-LNB. Frequenzband: Ku-Band. Eingangsfrequenzbereich: 10.7 GHz \u2013 12.75 GHz. Polarisation: V\/H. Signalverst\u00e4rkung: 34,6 dBi @ 12,7 GHz. Minimum EIRP (Ausleuchtzone): 47 dBW. Elevation (Neigung): 15\u00b0 \u2013 50\u00b0. Azimut (Drehung): 360\u00b0. Auto-Skew-Funktion. 2-Achsen DC-Motor.<\/p>\n<p>Ausstattung:<\/p>\n<ul>\n<li>Antennentyp: Off-Set-Spiegel<\/li>\n<li>LNB-Typ: Universal-LNB<\/li>\n<li>Anzahl der maximalen Teilnehmer: 2<\/li>\n<li>Frequenzband: Ku-Band<\/li>\n<li>Eingangsfrequenzbereich: 10.7 GHz \u2013 12.75 GHz<\/li>\n<li>Polarisation: V\/H<\/li>\n<li>Signalverst\u00e4rkung: 34,6 dBi @ 12,7 GHz<\/li>\n<li>Minimum EIRP (Ausleuchtzone): 47 dBW<\/li>\n<li>Elevation (Neigung): 15\u00b0 \u2013 50\u00b0<\/li>\n<li>Azimut (Drehung): 360\u00b0<\/li>\n<li>Auto-Skew-Funktion<\/li>\n<li>2-Achsen DC-Motor<\/li>\n<li>Mini-Steuerger\u00e4t mit 5 programmierten Satelliten (keine zuk\u00fcnftigen Transponder-Updates notwendig<\/li>\n<li>Temperaturbereich: -25\u00b0 C bis 70\u00b0 C<\/li>\n<li>Spannungsversorgung: DC 12 Volt<\/li>\n<\/ul>\n<p>Programmierte Satelliten:<\/p>\n<ul>\n<li>Astra 1 (19,2\u00b0 Ost)<\/li>\n<li>Astra 2 (28,2\u00b0 Ost)<\/li>\n<li>Astra 3 (23,5\u00b0 Ost)<\/li>\n<li>Hotbird (13\u00b0 Ost)<\/li>\n<li>Thor (0,8\u00b0 West)<\/li>\n<\/ul>\n","protected":false},"excerpt":{"rendered":"<p>Der Campingman Kompakt 4 ist geeignet zur festen Montage auf einem Caravan oder Reisemobil und bietet jetzt einen noch geringeren Platzbedarf. Auf Knopfdruck findet die Antenne in k\u00fcrzester Zeit den gew\u00e4hlten Satelliten. Bester Empfang in S\u00fcd-Europa (Kroatien, Italien, Spanien, Portugal). Das integrierte Auto-Skew-System erm\u00f6glicht eine korrekte Polarisations-Einstellung des LNBs und garantiert somit erstklassigen Empfang an [&hellip;]<\/p>\n","protected":false},"featured_media":207137,"template":"","meta":{"_acf_changed":false},"product_featured_cat":[],"product_brand":[3201],"product_cat":[4524],"product_tag":[],"class_list":{"0":"post-197814","1":"product","2":"type-product","3":"status-publish","4":"has-post-thumbnail","6":"product_brand-megasat-de","7":"product_cat-sat-anlagen","9":"first","10":"instock","11":"taxable","12":"shipping-taxable","13":"purchasable","14":"product-type-simple"},"acf":[],"yoast_head":"<!-- This site is optimized with the Yoast SEO plugin v27.4 - https:\/\/yoast.com\/product\/yoast-seo-wordpress\/ -->\n<title>Satanlage automatisch MEGASAT Campingman Kompakt 4 Twin AutoSkew - Bantam Camping AG<\/title>\n<meta name=\"robots\" content=\"index, follow, max-snippet:-1, max-image-preview:large, max-video-preview:-1\" \/>\n<link rel=\"canonical\" href=\"https:\/\/shop.bantam.ch\/de\/produkt\/satanlage-automatisch-megasat-campingman-kompakt-4-twin-autoskew\/\" \/>\n<meta property=\"og:locale\" content=\"de_DE\" \/>\n<meta property=\"og:type\" content=\"article\" \/>\n<meta property=\"og:title\" content=\"Satanlage automatisch MEGASAT Campingman Kompakt 4 Twin AutoSkew - Bantam Camping AG\" \/>\n<meta property=\"og:description\" content=\"Der Campingman Kompakt 4 ist geeignet zur festen Montage auf einem Caravan oder Reisemobil und bietet jetzt einen noch geringeren Platzbedarf. Auf Knopfdruck findet die Antenne in k\u00fcrzester Zeit den gew\u00e4hlten Satelliten. Bester Empfang in S\u00fcd-Europa (Kroatien, Italien, Spanien, Portugal). Das integrierte Auto-Skew-System erm\u00f6glicht eine korrekte Polarisations-Einstellung des LNBs und garantiert somit erstklassigen Empfang an [&hellip;]\" \/>\n<meta property=\"og:url\" content=\"https:\/\/shop.bantam.ch\/de\/produkt\/satanlage-automatisch-megasat-campingman-kompakt-4-twin-autoskew\/\" \/>\n<meta property=\"og:site_name\" content=\"Bantam Camping AG\" \/>\n<meta property=\"article:modified_time\" content=\"2026-04-19T21:15:18+00:00\" \/>\n<meta property=\"og:image\" content=\"https:\/\/shop.bantam.ch\/wp-content\/uploads\/2024\/05\/Movera-L-9963310100.jpg\" \/>\n\t<meta property=\"og:image:width\" content=\"640\" \/>\n\t<meta property=\"og:image:height\" content=\"481\" \/>\n\t<meta property=\"og:image:type\" content=\"image\/jpeg\" \/>\n<meta name=\"twitter:card\" content=\"summary_large_image\" \/>\n<meta name=\"twitter:label1\" content=\"Gesch\u00e4tzte Lesezeit\" \/>\n\t<meta name=\"twitter:data1\" content=\"1\u00a0Minute\" \/>\n<script type=\"application\/ld+json\" class=\"yoast-schema-graph\">{\"@context\":\"https:\\\/\\\/schema.org\",\"@graph\":[{\"@type\":\"WebPage\",\"@id\":\"https:\\\/\\\/shop.bantam.ch\\\/de\\\/produkt\\\/satanlage-automatisch-megasat-campingman-kompakt-4-twin-autoskew\\\/\",\"url\":\"https:\\\/\\\/shop.bantam.ch\\\/de\\\/produkt\\\/satanlage-automatisch-megasat-campingman-kompakt-4-twin-autoskew\\\/\",\"name\":\"Satanlage automatisch MEGASAT Campingman Kompakt 4 Twin AutoSkew - Bantam Camping AG\",\"isPartOf\":{\"@id\":\"https:\\\/\\\/shop.bantam.ch\\\/de\\\/#website\"},\"primaryImageOfPage\":{\"@id\":\"https:\\\/\\\/shop.bantam.ch\\\/de\\\/produkt\\\/satanlage-automatisch-megasat-campingman-kompakt-4-twin-autoskew\\\/#primaryimage\"},\"image\":{\"@id\":\"https:\\\/\\\/shop.bantam.ch\\\/de\\\/produkt\\\/satanlage-automatisch-megasat-campingman-kompakt-4-twin-autoskew\\\/#primaryimage\"},\"thumbnailUrl\":\"https:\\\/\\\/shop.bantam.ch\\\/wp-content\\\/uploads\\\/2024\\\/09\\\/Movera-L-9963310100.jpg\",\"datePublished\":\"2024-05-15T14:32:51+00:00\",\"dateModified\":\"2026-04-19T21:15:18+00:00\",\"breadcrumb\":{\"@id\":\"https:\\\/\\\/shop.bantam.ch\\\/de\\\/produkt\\\/satanlage-automatisch-megasat-campingman-kompakt-4-twin-autoskew\\\/#breadcrumb\"},\"inLanguage\":\"de\",\"potentialAction\":[{\"@type\":\"ReadAction\",\"target\":[\"https:\\\/\\\/shop.bantam.ch\\\/de\\\/produkt\\\/satanlage-automatisch-megasat-campingman-kompakt-4-twin-autoskew\\\/\"]}]},{\"@type\":\"ImageObject\",\"inLanguage\":\"de\",\"@id\":\"https:\\\/\\\/shop.bantam.ch\\\/de\\\/produkt\\\/satanlage-automatisch-megasat-campingman-kompakt-4-twin-autoskew\\\/#primaryimage\",\"url\":\"https:\\\/\\\/shop.bantam.ch\\\/wp-content\\\/uploads\\\/2024\\\/09\\\/Movera-L-9963310100.jpg\",\"contentUrl\":\"https:\\\/\\\/shop.bantam.ch\\\/wp-content\\\/uploads\\\/2024\\\/09\\\/Movera-L-9963310100.jpg\",\"width\":640,\"height\":481},{\"@type\":\"BreadcrumbList\",\"@id\":\"https:\\\/\\\/shop.bantam.ch\\\/de\\\/produkt\\\/satanlage-automatisch-megasat-campingman-kompakt-4-twin-autoskew\\\/#breadcrumb\",\"itemListElement\":[{\"@type\":\"ListItem\",\"position\":1,\"name\":\"Accueil\",\"item\":\"https:\\\/\\\/shop.bantam.ch\\\/de\\\/\"},{\"@type\":\"ListItem\",\"position\":2,\"name\":\"Shop\",\"item\":\"https:\\\/\\\/shop.bantam.ch\\\/de\\\/shop\\\/\"},{\"@type\":\"ListItem\",\"position\":3,\"name\":\"Satanlage automatisch MEGASAT Campingman Kompakt 4 Twin AutoSkew\"}]},{\"@type\":\"WebSite\",\"@id\":\"https:\\\/\\\/shop.bantam.ch\\\/de\\\/#website\",\"url\":\"https:\\\/\\\/shop.bantam.ch\\\/de\\\/\",\"name\":\"Bantam Camping AG\",\"description\":\"\",\"publisher\":{\"@id\":\"https:\\\/\\\/shop.bantam.ch\\\/de\\\/#organization\"},\"inLanguage\":\"de\"},{\"@type\":\"Organization\",\"@id\":\"https:\\\/\\\/shop.bantam.ch\\\/de\\\/#organization\",\"name\":\"Bantam Camping AG\",\"url\":\"https:\\\/\\\/shop.bantam.ch\\\/de\\\/\",\"logo\":{\"@type\":\"ImageObject\",\"inLanguage\":\"de\",\"@id\":\"https:\\\/\\\/shop.bantam.ch\\\/de\\\/#\\\/schema\\\/logo\\\/image\\\/\",\"url\":\"https:\\\/\\\/shop.bantam.ch\\\/wp-content\\\/uploads\\\/2022\\\/12\\\/bantam-logo.png\",\"contentUrl\":\"https:\\\/\\\/shop.bantam.ch\\\/wp-content\\\/uploads\\\/2022\\\/12\\\/bantam-logo.png\",\"width\":320,\"height\":71,\"caption\":\"Bantam Camping AG\"},\"image\":{\"@id\":\"https:\\\/\\\/shop.bantam.ch\\\/de\\\/#\\\/schema\\\/logo\\\/image\\\/\"}}]}<\/script>\n<!-- \/ Yoast SEO plugin. -->","yoast_head_json":{"title":"Satanlage automatisch MEGASAT Campingman Kompakt 4 Twin AutoSkew - Bantam Camping AG","robots":{"index":"index","follow":"follow","max-snippet":"max-snippet:-1","max-image-preview":"max-image-preview:large","max-video-preview":"max-video-preview:-1"},"canonical":"https:\/\/shop.bantam.ch\/de\/produkt\/satanlage-automatisch-megasat-campingman-kompakt-4-twin-autoskew\/","og_locale":"de_DE","og_type":"article","og_title":"Satanlage automatisch MEGASAT Campingman Kompakt 4 Twin AutoSkew - Bantam Camping AG","og_description":"Der Campingman Kompakt 4 ist geeignet zur festen Montage auf einem Caravan oder Reisemobil und bietet jetzt einen noch geringeren Platzbedarf. Auf Knopfdruck findet die Antenne in k\u00fcrzester Zeit den gew\u00e4hlten Satelliten. Bester Empfang in S\u00fcd-Europa (Kroatien, Italien, Spanien, Portugal). Das integrierte Auto-Skew-System erm\u00f6glicht eine korrekte Polarisations-Einstellung des LNBs und garantiert somit erstklassigen Empfang an [&hellip;]","og_url":"https:\/\/shop.bantam.ch\/de\/produkt\/satanlage-automatisch-megasat-campingman-kompakt-4-twin-autoskew\/","og_site_name":"Bantam Camping AG","article_modified_time":"2026-04-19T21:15:18+00:00","og_image":[{"width":640,"height":481,"url":"https:\/\/shop.bantam.ch\/wp-content\/uploads\/2024\/05\/Movera-L-9963310100.jpg","type":"image\/jpeg"}],"twitter_card":"summary_large_image","twitter_misc":{"Gesch\u00e4tzte Lesezeit":"1\u00a0Minute"},"schema":{"@context":"https:\/\/schema.org","@graph":[{"@type":"WebPage","@id":"https:\/\/shop.bantam.ch\/de\/produkt\/satanlage-automatisch-megasat-campingman-kompakt-4-twin-autoskew\/","url":"https:\/\/shop.bantam.ch\/de\/produkt\/satanlage-automatisch-megasat-campingman-kompakt-4-twin-autoskew\/","name":"Satanlage automatisch MEGASAT Campingman Kompakt 4 Twin AutoSkew - Bantam Camping AG","isPartOf":{"@id":"https:\/\/shop.bantam.ch\/de\/#website"},"primaryImageOfPage":{"@id":"https:\/\/shop.bantam.ch\/de\/produkt\/satanlage-automatisch-megasat-campingman-kompakt-4-twin-autoskew\/#primaryimage"},"image":{"@id":"https:\/\/shop.bantam.ch\/de\/produkt\/satanlage-automatisch-megasat-campingman-kompakt-4-twin-autoskew\/#primaryimage"},"thumbnailUrl":"https:\/\/shop.bantam.ch\/wp-content\/uploads\/2024\/09\/Movera-L-9963310100.jpg","datePublished":"2024-05-15T14:32:51+00:00","dateModified":"2026-04-19T21:15:18+00:00","breadcrumb":{"@id":"https:\/\/shop.bantam.ch\/de\/produkt\/satanlage-automatisch-megasat-campingman-kompakt-4-twin-autoskew\/#breadcrumb"},"inLanguage":"de","potentialAction":[{"@type":"ReadAction","target":["https:\/\/shop.bantam.ch\/de\/produkt\/satanlage-automatisch-megasat-campingman-kompakt-4-twin-autoskew\/"]}]},{"@type":"ImageObject","inLanguage":"de","@id":"https:\/\/shop.bantam.ch\/de\/produkt\/satanlage-automatisch-megasat-campingman-kompakt-4-twin-autoskew\/#primaryimage","url":"https:\/\/shop.bantam.ch\/wp-content\/uploads\/2024\/09\/Movera-L-9963310100.jpg","contentUrl":"https:\/\/shop.bantam.ch\/wp-content\/uploads\/2024\/09\/Movera-L-9963310100.jpg","width":640,"height":481},{"@type":"BreadcrumbList","@id":"https:\/\/shop.bantam.ch\/de\/produkt\/satanlage-automatisch-megasat-campingman-kompakt-4-twin-autoskew\/#breadcrumb","itemListElement":[{"@type":"ListItem","position":1,"name":"Accueil","item":"https:\/\/shop.bantam.ch\/de\/"},{"@type":"ListItem","position":2,"name":"Shop","item":"https:\/\/shop.bantam.ch\/de\/shop\/"},{"@type":"ListItem","position":3,"name":"Satanlage automatisch MEGASAT Campingman Kompakt 4 Twin AutoSkew"}]},{"@type":"WebSite","@id":"https:\/\/shop.bantam.ch\/de\/#website","url":"https:\/\/shop.bantam.ch\/de\/","name":"Bantam Camping AG","description":"","publisher":{"@id":"https:\/\/shop.bantam.ch\/de\/#organization"},"inLanguage":"de"},{"@type":"Organization","@id":"https:\/\/shop.bantam.ch\/de\/#organization","name":"Bantam Camping AG","url":"https:\/\/shop.bantam.ch\/de\/","logo":{"@type":"ImageObject","inLanguage":"de","@id":"https:\/\/shop.bantam.ch\/de\/#\/schema\/logo\/image\/","url":"https:\/\/shop.bantam.ch\/wp-content\/uploads\/2022\/12\/bantam-logo.png","contentUrl":"https:\/\/shop.bantam.ch\/wp-content\/uploads\/2022\/12\/bantam-logo.png","width":320,"height":71,"caption":"Bantam Camping AG"},"image":{"@id":"https:\/\/shop.bantam.ch\/de\/#\/schema\/logo\/image\/"}}]}},"_links":{"self":[{"href":"https:\/\/shop.bantam.ch\/de\/wp-json\/wp\/v2\/product\/197814","targetHints":{"allow":["GET"]}}],"collection":[{"href":"https:\/\/shop.bantam.ch\/de\/wp-json\/wp\/v2\/product"}],"about":[{"href":"https:\/\/shop.bantam.ch\/de\/wp-json\/wp\/v2\/types\/product"}],"wp:featuredmedia":[{"embeddable":true,"href":"https:\/\/shop.bantam.ch\/de\/wp-json\/wp\/v2\/media\/207137"}],"wp:attachment":[{"href":"https:\/\/shop.bantam.ch\/de\/wp-json\/wp\/v2\/media?parent=197814"}],"wp:term":[{"taxonomy":"product_featured_cat","embeddable":true,"href":"https:\/\/shop.bantam.ch\/de\/wp-json\/wp\/v2\/product_featured_cat?post=197814"},{"taxonomy":"product_brand","embeddable":true,"href":"https:\/\/shop.bantam.ch\/de\/wp-json\/wp\/v2\/product_brand?post=197814"},{"taxonomy":"product_cat","embeddable":true,"href":"https:\/\/shop.bantam.ch\/de\/wp-json\/wp\/v2\/product_cat?post=197814"},{"taxonomy":"product_tag","embeddable":true,"href":"https:\/\/shop.bantam.ch\/de\/wp-json\/wp\/v2\/product_tag?post=197814"}],"curies":[{"name":"wp","href":"https:\/\/api.w.org\/{rel}","templated":true}]}}