{"id":197794,"date":"2024-05-15T16:32:11","date_gmt":"2024-05-15T14:32:11","guid":{"rendered":"https:\/\/shop.bantam.ch\/produit\/rueckfahrkamera-zenec-x-rvc290-mk2-fuer-fiat-ducato-3\/"},"modified":"2026-04-17T23:09:31","modified_gmt":"2026-04-17T21:09:31","slug":"rueckfahrkamera-zenec-x-rvc290-mk2-fuer-fiat-ducato-3","status":"publish","type":"product","link":"https:\/\/shop.bantam.ch\/de\/produkt\/rueckfahrkamera-zenec-x-rvc290-mk2-fuer-fiat-ducato-3\/","title":{"rendered":"R\u00fcckfahrkamera ZENEC X-RVC290-MK2 f\u00fcr Fiat Ducato 3"},"content":{"rendered":"<p>Die R\u00fcckfahrkamera XZENT X-RVC290-MK2 wurde speziell f\u00fcr Reisemobile entwickelt, die auf dem FIAT Ducato III Chassis basieren, einschliesslich der weiteren Varianten dieses Fahrzeugtyps.<br \/>\nF\u00fcr eine bestm\u00f6gliche \u00dcbersicht hinter dem Wohnmobil bietet die X-RVC290-MK2 einen horizontalen Betrachtungswinkel von 125\u00f8. Die Besonderheit dieser Kamera ist die physische Integration der Kamera in das dritte Bremslicht der Ducato Fahrzeuge.<br \/>\nDer X-RVC290-MK2 ist kompatibel mit einer Vielzahl von Moniceivern und Navigationssystemen des Nachr\u00fcstmarktes sowie den Infotainern der XZENT Reihe.<\/p>\n<p>&nbsp;<\/p>\n<p>HAUPTMERKMALE<\/p>\n<ul>\n<li>Fahrzeugspezifische, hochaufl\u00f6sende Bremslicht-R\u00fcckfahrkamera f\u00fcr FIAT Ducato III Fahrzeuge und analoge Typvarianten<\/li>\n<li>Systemdesign, das sich in das Original Ducato-Bremslicht integriert (homologationskonform)<\/li>\n<li>Hochwertiger CMOS-Bildsensor mit geringem Stromverbrauch<\/li>\n<li>Detailliertes kontrastreiches Bild auch unter D\u00e4mmerungsbedingungen<\/li>\n<li>Kunststoffgeh\u00e4use mit Befestigungsbolzen und Schrauben aus Edelstahl<\/li>\n<li>Auftrennbares Systemkabel mit 0,30 m + 11 m L\u00e4nge<\/li>\n<\/ul>\n<p>&nbsp;<\/p>\n<p>TECHNISCHE SPEZIFIKATIONEN<\/p>\n<ul>\n<li>Kamerasystem 0,33 Zoll \/ 8,38 mm PC4089 CMOS Sensor<\/li>\n<li>Brennweite der Linse f2<\/li>\n<li>TV-System NTSC \/ 60 fps<\/li>\n<li>Betrachtungswinkel 160\u00f8 (D) \/ 125\u00f8 (H) \/ 100\u00f8 (V)<\/li>\n<li>Native Sensoraufl\u00f6sung 728 x 488 Pixel (native SOC Pixel 756 x 504 H x V)<\/li>\n<li>Aufl\u00f6sung Ausgangssignal &gt; 550 TV Linien<\/li>\n<li>Bildrate 60 Felder\/Sek.<\/li>\n<li>Signal-Rausch-Verh\u00e4ltnis &gt; 46,5 dB<\/li>\n<li>Lichtempfindlichkeit 0,5 Lux\/IR On<\/li>\n<li>Video Ausgang 1,0 Vp &#8211; p (+\/- 0,2 V), 75 Ohm, CVBS Cinch<\/li>\n<li>Weissabgleich automatisch<\/li>\n<li>Belichtungskompensation automatisch<\/li>\n<li>Dynamikbereich 60,7 dB<\/li>\n<li>Helligkeitsabgleich automatisch<\/li>\n<li>Synchronisation automatisch<\/li>\n<li>Stromversorgung DC12V (9-16 V DC)<\/li>\n<li>Stromaufnahme 40 mA +\/- 10 mA (@ DC12V) \/ 480 mW<\/li>\n<li>Schutzklasse IP68<\/li>\n<li>Betriebstemperatur -20\u00f8 bis +70\u00f8 C<\/li>\n<\/ul>\n","protected":false},"excerpt":{"rendered":"<p>Die R\u00fcckfahrkamera XZENT X-RVC290-MK2 wurde speziell f\u00fcr Reisemobile entwickelt, die auf dem FIAT Ducato III Chassis basieren, einschliesslich der weiteren Varianten dieses Fahrzeugtyps. F\u00fcr eine bestm\u00f6gliche \u00dcbersicht hinter dem Wohnmobil bietet die X-RVC290-MK2 einen horizontalen Betrachtungswinkel von 125\u00f8. Die Besonderheit dieser Kamera ist die physische Integration der Kamera in das dritte Bremslicht der Ducato Fahrzeuge. [&hellip;]<\/p>\n","protected":false},"featured_media":207135,"template":"","meta":{"_acf_changed":false},"product_featured_cat":[],"product_brand":[3213],"product_cat":[5002],"product_tag":[],"class_list":{"0":"post-197794","1":"product","2":"type-product","3":"status-publish","4":"has-post-thumbnail","6":"product_brand-zenec-de","7":"product_cat-kameras","9":"first","10":"instock","11":"taxable","12":"shipping-taxable","13":"purchasable","14":"product-type-simple"},"acf":[],"yoast_head":"<!-- This site is optimized with the Yoast SEO plugin v27.4 - https:\/\/yoast.com\/product\/yoast-seo-wordpress\/ -->\n<title>R\u00fcckfahrkamera ZENEC X-RVC290-MK2 f\u00fcr Fiat Ducato 3 - Bantam Camping AG<\/title>\n<meta name=\"robots\" content=\"index, follow, max-snippet:-1, max-image-preview:large, max-video-preview:-1\" \/>\n<link rel=\"canonical\" href=\"https:\/\/shop.bantam.ch\/de\/produkt\/rueckfahrkamera-zenec-x-rvc290-mk2-fuer-fiat-ducato-3\/\" \/>\n<meta property=\"og:locale\" content=\"de_DE\" \/>\n<meta property=\"og:type\" content=\"article\" \/>\n<meta property=\"og:title\" content=\"R\u00fcckfahrkamera ZENEC X-RVC290-MK2 f\u00fcr Fiat Ducato 3 - Bantam Camping AG\" \/>\n<meta property=\"og:description\" content=\"Die R\u00fcckfahrkamera XZENT X-RVC290-MK2 wurde speziell f\u00fcr Reisemobile entwickelt, die auf dem FIAT Ducato III Chassis basieren, einschliesslich der weiteren Varianten dieses Fahrzeugtyps. F\u00fcr eine bestm\u00f6gliche \u00dcbersicht hinter dem Wohnmobil bietet die X-RVC290-MK2 einen horizontalen Betrachtungswinkel von 125\u00f8. Die Besonderheit dieser Kamera ist die physische Integration der Kamera in das dritte Bremslicht der Ducato Fahrzeuge. [&hellip;]\" \/>\n<meta property=\"og:url\" content=\"https:\/\/shop.bantam.ch\/de\/produkt\/rueckfahrkamera-zenec-x-rvc290-mk2-fuer-fiat-ducato-3\/\" \/>\n<meta property=\"og:site_name\" content=\"Bantam Camping AG\" \/>\n<meta property=\"article:modified_time\" content=\"2026-04-17T21:09:31+00:00\" \/>\n<meta property=\"og:image\" content=\"https:\/\/shop.bantam.ch\/wp-content\/uploads\/2024\/05\/Movera-L-9963326100.jpg\" \/>\n\t<meta property=\"og:image:width\" content=\"640\" \/>\n\t<meta property=\"og:image:height\" content=\"269\" \/>\n\t<meta property=\"og:image:type\" content=\"image\/jpeg\" \/>\n<meta name=\"twitter:card\" content=\"summary_large_image\" \/>\n<meta name=\"twitter:label1\" content=\"Gesch\u00e4tzte Lesezeit\" \/>\n\t<meta name=\"twitter:data1\" content=\"1\u00a0Minute\" \/>\n<script type=\"application\/ld+json\" class=\"yoast-schema-graph\">{\"@context\":\"https:\\\/\\\/schema.org\",\"@graph\":[{\"@type\":\"WebPage\",\"@id\":\"https:\\\/\\\/shop.bantam.ch\\\/de\\\/produkt\\\/rueckfahrkamera-zenec-x-rvc290-mk2-fuer-fiat-ducato-3\\\/\",\"url\":\"https:\\\/\\\/shop.bantam.ch\\\/de\\\/produkt\\\/rueckfahrkamera-zenec-x-rvc290-mk2-fuer-fiat-ducato-3\\\/\",\"name\":\"R\u00fcckfahrkamera ZENEC X-RVC290-MK2 f\u00fcr Fiat Ducato 3 - Bantam Camping AG\",\"isPartOf\":{\"@id\":\"https:\\\/\\\/shop.bantam.ch\\\/de\\\/#website\"},\"primaryImageOfPage\":{\"@id\":\"https:\\\/\\\/shop.bantam.ch\\\/de\\\/produkt\\\/rueckfahrkamera-zenec-x-rvc290-mk2-fuer-fiat-ducato-3\\\/#primaryimage\"},\"image\":{\"@id\":\"https:\\\/\\\/shop.bantam.ch\\\/de\\\/produkt\\\/rueckfahrkamera-zenec-x-rvc290-mk2-fuer-fiat-ducato-3\\\/#primaryimage\"},\"thumbnailUrl\":\"https:\\\/\\\/shop.bantam.ch\\\/wp-content\\\/uploads\\\/2024\\\/09\\\/Movera-L-9963326100.jpg\",\"datePublished\":\"2024-05-15T14:32:11+00:00\",\"dateModified\":\"2026-04-17T21:09:31+00:00\",\"breadcrumb\":{\"@id\":\"https:\\\/\\\/shop.bantam.ch\\\/de\\\/produkt\\\/rueckfahrkamera-zenec-x-rvc290-mk2-fuer-fiat-ducato-3\\\/#breadcrumb\"},\"inLanguage\":\"de\",\"potentialAction\":[{\"@type\":\"ReadAction\",\"target\":[\"https:\\\/\\\/shop.bantam.ch\\\/de\\\/produkt\\\/rueckfahrkamera-zenec-x-rvc290-mk2-fuer-fiat-ducato-3\\\/\"]}]},{\"@type\":\"ImageObject\",\"inLanguage\":\"de\",\"@id\":\"https:\\\/\\\/shop.bantam.ch\\\/de\\\/produkt\\\/rueckfahrkamera-zenec-x-rvc290-mk2-fuer-fiat-ducato-3\\\/#primaryimage\",\"url\":\"https:\\\/\\\/shop.bantam.ch\\\/wp-content\\\/uploads\\\/2024\\\/09\\\/Movera-L-9963326100.jpg\",\"contentUrl\":\"https:\\\/\\\/shop.bantam.ch\\\/wp-content\\\/uploads\\\/2024\\\/09\\\/Movera-L-9963326100.jpg\",\"width\":640,\"height\":269},{\"@type\":\"BreadcrumbList\",\"@id\":\"https:\\\/\\\/shop.bantam.ch\\\/de\\\/produkt\\\/rueckfahrkamera-zenec-x-rvc290-mk2-fuer-fiat-ducato-3\\\/#breadcrumb\",\"itemListElement\":[{\"@type\":\"ListItem\",\"position\":1,\"name\":\"Accueil\",\"item\":\"https:\\\/\\\/shop.bantam.ch\\\/de\\\/\"},{\"@type\":\"ListItem\",\"position\":2,\"name\":\"Shop\",\"item\":\"https:\\\/\\\/shop.bantam.ch\\\/de\\\/shop\\\/\"},{\"@type\":\"ListItem\",\"position\":3,\"name\":\"R\u00fcckfahrkamera ZENEC X-RVC290-MK2 f\u00fcr Fiat Ducato 3\"}]},{\"@type\":\"WebSite\",\"@id\":\"https:\\\/\\\/shop.bantam.ch\\\/de\\\/#website\",\"url\":\"https:\\\/\\\/shop.bantam.ch\\\/de\\\/\",\"name\":\"Bantam Camping AG\",\"description\":\"\",\"publisher\":{\"@id\":\"https:\\\/\\\/shop.bantam.ch\\\/de\\\/#organization\"},\"inLanguage\":\"de\"},{\"@type\":\"Organization\",\"@id\":\"https:\\\/\\\/shop.bantam.ch\\\/de\\\/#organization\",\"name\":\"Bantam Camping AG\",\"url\":\"https:\\\/\\\/shop.bantam.ch\\\/de\\\/\",\"logo\":{\"@type\":\"ImageObject\",\"inLanguage\":\"de\",\"@id\":\"https:\\\/\\\/shop.bantam.ch\\\/de\\\/#\\\/schema\\\/logo\\\/image\\\/\",\"url\":\"https:\\\/\\\/shop.bantam.ch\\\/wp-content\\\/uploads\\\/2022\\\/12\\\/bantam-logo.png\",\"contentUrl\":\"https:\\\/\\\/shop.bantam.ch\\\/wp-content\\\/uploads\\\/2022\\\/12\\\/bantam-logo.png\",\"width\":320,\"height\":71,\"caption\":\"Bantam Camping AG\"},\"image\":{\"@id\":\"https:\\\/\\\/shop.bantam.ch\\\/de\\\/#\\\/schema\\\/logo\\\/image\\\/\"}}]}<\/script>\n<!-- \/ Yoast SEO plugin. -->","yoast_head_json":{"title":"R\u00fcckfahrkamera ZENEC X-RVC290-MK2 f\u00fcr Fiat Ducato 3 - Bantam Camping AG","robots":{"index":"index","follow":"follow","max-snippet":"max-snippet:-1","max-image-preview":"max-image-preview:large","max-video-preview":"max-video-preview:-1"},"canonical":"https:\/\/shop.bantam.ch\/de\/produkt\/rueckfahrkamera-zenec-x-rvc290-mk2-fuer-fiat-ducato-3\/","og_locale":"de_DE","og_type":"article","og_title":"R\u00fcckfahrkamera ZENEC X-RVC290-MK2 f\u00fcr Fiat Ducato 3 - Bantam Camping AG","og_description":"Die R\u00fcckfahrkamera XZENT X-RVC290-MK2 wurde speziell f\u00fcr Reisemobile entwickelt, die auf dem FIAT Ducato III Chassis basieren, einschliesslich der weiteren Varianten dieses Fahrzeugtyps. F\u00fcr eine bestm\u00f6gliche \u00dcbersicht hinter dem Wohnmobil bietet die X-RVC290-MK2 einen horizontalen Betrachtungswinkel von 125\u00f8. Die Besonderheit dieser Kamera ist die physische Integration der Kamera in das dritte Bremslicht der Ducato Fahrzeuge. [&hellip;]","og_url":"https:\/\/shop.bantam.ch\/de\/produkt\/rueckfahrkamera-zenec-x-rvc290-mk2-fuer-fiat-ducato-3\/","og_site_name":"Bantam Camping AG","article_modified_time":"2026-04-17T21:09:31+00:00","og_image":[{"width":640,"height":269,"url":"https:\/\/shop.bantam.ch\/wp-content\/uploads\/2024\/05\/Movera-L-9963326100.jpg","type":"image\/jpeg"}],"twitter_card":"summary_large_image","twitter_misc":{"Gesch\u00e4tzte Lesezeit":"1\u00a0Minute"},"schema":{"@context":"https:\/\/schema.org","@graph":[{"@type":"WebPage","@id":"https:\/\/shop.bantam.ch\/de\/produkt\/rueckfahrkamera-zenec-x-rvc290-mk2-fuer-fiat-ducato-3\/","url":"https:\/\/shop.bantam.ch\/de\/produkt\/rueckfahrkamera-zenec-x-rvc290-mk2-fuer-fiat-ducato-3\/","name":"R\u00fcckfahrkamera ZENEC X-RVC290-MK2 f\u00fcr Fiat Ducato 3 - Bantam Camping AG","isPartOf":{"@id":"https:\/\/shop.bantam.ch\/de\/#website"},"primaryImageOfPage":{"@id":"https:\/\/shop.bantam.ch\/de\/produkt\/rueckfahrkamera-zenec-x-rvc290-mk2-fuer-fiat-ducato-3\/#primaryimage"},"image":{"@id":"https:\/\/shop.bantam.ch\/de\/produkt\/rueckfahrkamera-zenec-x-rvc290-mk2-fuer-fiat-ducato-3\/#primaryimage"},"thumbnailUrl":"https:\/\/shop.bantam.ch\/wp-content\/uploads\/2024\/09\/Movera-L-9963326100.jpg","datePublished":"2024-05-15T14:32:11+00:00","dateModified":"2026-04-17T21:09:31+00:00","breadcrumb":{"@id":"https:\/\/shop.bantam.ch\/de\/produkt\/rueckfahrkamera-zenec-x-rvc290-mk2-fuer-fiat-ducato-3\/#breadcrumb"},"inLanguage":"de","potentialAction":[{"@type":"ReadAction","target":["https:\/\/shop.bantam.ch\/de\/produkt\/rueckfahrkamera-zenec-x-rvc290-mk2-fuer-fiat-ducato-3\/"]}]},{"@type":"ImageObject","inLanguage":"de","@id":"https:\/\/shop.bantam.ch\/de\/produkt\/rueckfahrkamera-zenec-x-rvc290-mk2-fuer-fiat-ducato-3\/#primaryimage","url":"https:\/\/shop.bantam.ch\/wp-content\/uploads\/2024\/09\/Movera-L-9963326100.jpg","contentUrl":"https:\/\/shop.bantam.ch\/wp-content\/uploads\/2024\/09\/Movera-L-9963326100.jpg","width":640,"height":269},{"@type":"BreadcrumbList","@id":"https:\/\/shop.bantam.ch\/de\/produkt\/rueckfahrkamera-zenec-x-rvc290-mk2-fuer-fiat-ducato-3\/#breadcrumb","itemListElement":[{"@type":"ListItem","position":1,"name":"Accueil","item":"https:\/\/shop.bantam.ch\/de\/"},{"@type":"ListItem","position":2,"name":"Shop","item":"https:\/\/shop.bantam.ch\/de\/shop\/"},{"@type":"ListItem","position":3,"name":"R\u00fcckfahrkamera ZENEC X-RVC290-MK2 f\u00fcr Fiat Ducato 3"}]},{"@type":"WebSite","@id":"https:\/\/shop.bantam.ch\/de\/#website","url":"https:\/\/shop.bantam.ch\/de\/","name":"Bantam Camping AG","description":"","publisher":{"@id":"https:\/\/shop.bantam.ch\/de\/#organization"},"inLanguage":"de"},{"@type":"Organization","@id":"https:\/\/shop.bantam.ch\/de\/#organization","name":"Bantam Camping AG","url":"https:\/\/shop.bantam.ch\/de\/","logo":{"@type":"ImageObject","inLanguage":"de","@id":"https:\/\/shop.bantam.ch\/de\/#\/schema\/logo\/image\/","url":"https:\/\/shop.bantam.ch\/wp-content\/uploads\/2022\/12\/bantam-logo.png","contentUrl":"https:\/\/shop.bantam.ch\/wp-content\/uploads\/2022\/12\/bantam-logo.png","width":320,"height":71,"caption":"Bantam Camping AG"},"image":{"@id":"https:\/\/shop.bantam.ch\/de\/#\/schema\/logo\/image\/"}}]}},"_links":{"self":[{"href":"https:\/\/shop.bantam.ch\/de\/wp-json\/wp\/v2\/product\/197794","targetHints":{"allow":["GET"]}}],"collection":[{"href":"https:\/\/shop.bantam.ch\/de\/wp-json\/wp\/v2\/product"}],"about":[{"href":"https:\/\/shop.bantam.ch\/de\/wp-json\/wp\/v2\/types\/product"}],"wp:featuredmedia":[{"embeddable":true,"href":"https:\/\/shop.bantam.ch\/de\/wp-json\/wp\/v2\/media\/207135"}],"wp:attachment":[{"href":"https:\/\/shop.bantam.ch\/de\/wp-json\/wp\/v2\/media?parent=197794"}],"wp:term":[{"taxonomy":"product_featured_cat","embeddable":true,"href":"https:\/\/shop.bantam.ch\/de\/wp-json\/wp\/v2\/product_featured_cat?post=197794"},{"taxonomy":"product_brand","embeddable":true,"href":"https:\/\/shop.bantam.ch\/de\/wp-json\/wp\/v2\/product_brand?post=197794"},{"taxonomy":"product_cat","embeddable":true,"href":"https:\/\/shop.bantam.ch\/de\/wp-json\/wp\/v2\/product_cat?post=197794"},{"taxonomy":"product_tag","embeddable":true,"href":"https:\/\/shop.bantam.ch\/de\/wp-json\/wp\/v2\/product_tag?post=197794"}],"curies":[{"name":"wp","href":"https:\/\/api.w.org\/{rel}","templated":true}]}}