{"id":197790,"date":"2024-05-15T16:32:04","date_gmt":"2024-05-15T14:32:04","guid":{"rendered":"https:\/\/shop.bantam.ch\/produit\/ladeschale-inbay-induktiv-fuer-ducato\/"},"modified":"2026-05-02T23:05:55","modified_gmt":"2026-05-02T21:05:55","slug":"ladeschale-inbay-induktiv-fuer-ducato","status":"publish","type":"product","link":"https:\/\/shop.bantam.ch\/de\/produkt\/ladeschale-inbay-induktiv-fuer-ducato\/","title":{"rendered":"Ladeschale INBAY induktiv f\u00fcr Ducato"},"content":{"rendered":"<p>Mit INBAY r\u00fcsten Sie induktives Laden durch eine Qi-zertifizierte Ladestation einfach in Ihrem Fiat Ducato, Citro\u00ebn Jumper Peugeot Boxer oder Opel Movano C nach. Dazu wird einfach das originale Ablagefach, der Dokumenten- oder der Tablethalter auf dem Armaturenbrett gegen das INBAY Ablagefach getauscht. Nach dem Einbau k\u00f6nnen Sie Ihr Smartphone einfach zum Laden auf die INBAY Ladestation legen &#8211; und schon wird es kabellos geladen!<br \/>\nINBAY f\u00fcgt sich optisch nahtlos in die Originaloptik ein und wird einfach per Plug &amp; Play eingebaut. In der Ladeschale ist zus\u00e4tzlich ein USB\/AUX- Anschluss verbaut, der mit dem Radio als Verl\u00e4ngerung verbunden werden kann (abh\u00e4ngig von der Ausstattung des Radios).<br \/>\nINBAY ist kompatibel mit allen Smartphones, die das Laden mittels Qi- Standard unterst\u00fctzen.<br \/>\nMaximal m\u00f6gliche Smartphonegr\u00f6sse: 179 mm x 85 mm x 8,5 mm (H x B x T, inklusive Schutzh\u00fclle)<\/p>\n<p>Austattung:<\/p>\n<ul>\n<li>Passgenau f\u00fcr Fiat Ducato III (inklusive Serie 8 und 9), Citro\u00ebn Jumper, Peugeot Boxer ab 2006 oder Opel Movano C<\/li>\n<li>10 Watt f\u00fcr schnelles kabelloses induktives Laden<\/li>\n<li>Ladestrom: DC5 &#8211; 9 V \/ 1 &#8211; 1,2 A (5 \/ 7,5 \/ 10 W)<\/li>\n<li>Qi-zertifiziert durch das Wireless Power Consortium<\/li>\n<li>Erstausr\u00fcsterqualit\u00e4t made in Germany<\/li>\n<\/ul>\n","protected":false},"excerpt":{"rendered":"<p>Mit INBAY r\u00fcsten Sie induktives Laden durch eine Qi-zertifizierte Ladestation einfach in Ihrem Fiat Ducato, Citro\u00ebn Jumper Peugeot Boxer oder Opel Movano C nach. Dazu wird einfach das originale Ablagefach, der Dokumenten- oder der Tablethalter auf dem Armaturenbrett gegen das INBAY Ablagefach getauscht. Nach dem Einbau k\u00f6nnen Sie Ihr Smartphone einfach zum Laden auf die [&hellip;]<\/p>\n","protected":false},"featured_media":207133,"template":"","meta":{"_acf_changed":false},"product_featured_cat":[],"product_brand":[5258],"product_cat":[4912],"product_tag":[],"class_list":{"0":"post-197790","1":"product","2":"type-product","3":"status-publish","4":"has-post-thumbnail","6":"product_brand-inbay-de","7":"product_cat-ladegeraete","9":"first","10":"instock","11":"taxable","12":"shipping-taxable","13":"purchasable","14":"product-type-simple"},"acf":[],"yoast_head":"<!-- This site is optimized with the Yoast SEO plugin v27.5 - https:\/\/yoast.com\/product\/yoast-seo-wordpress\/ -->\n<title>Ladeschale INBAY induktiv f\u00fcr Ducato - Bantam<\/title>\n<meta name=\"robots\" content=\"index, follow, max-snippet:-1, max-image-preview:large, max-video-preview:-1\" \/>\n<link rel=\"canonical\" href=\"https:\/\/shop.bantam.ch\/de\/produkt\/ladeschale-inbay-induktiv-fuer-ducato\/\" \/>\n<meta property=\"og:locale\" content=\"de_DE\" \/>\n<meta property=\"og:type\" content=\"article\" \/>\n<meta property=\"og:title\" content=\"Ladeschale INBAY induktiv f\u00fcr Ducato - Bantam\" \/>\n<meta property=\"og:description\" content=\"Mit INBAY r\u00fcsten Sie induktives Laden durch eine Qi-zertifizierte Ladestation einfach in Ihrem Fiat Ducato, Citro\u00ebn Jumper Peugeot Boxer oder Opel Movano C nach. Dazu wird einfach das originale Ablagefach, der Dokumenten- oder der Tablethalter auf dem Armaturenbrett gegen das INBAY Ablagefach getauscht. Nach dem Einbau k\u00f6nnen Sie Ihr Smartphone einfach zum Laden auf die [&hellip;]\" \/>\n<meta property=\"og:url\" content=\"https:\/\/shop.bantam.ch\/de\/produkt\/ladeschale-inbay-induktiv-fuer-ducato\/\" \/>\n<meta property=\"og:site_name\" content=\"Bantam\" \/>\n<meta property=\"article:modified_time\" content=\"2026-05-02T21:05:55+00:00\" \/>\n<meta property=\"og:image\" content=\"https:\/\/shop.bantam.ch\/wp-content\/uploads\/2024\/05\/Movera-L-9963325100.jpg\" \/>\n\t<meta property=\"og:image:width\" content=\"640\" \/>\n\t<meta property=\"og:image:height\" content=\"357\" \/>\n\t<meta property=\"og:image:type\" content=\"image\/jpeg\" \/>\n<meta name=\"twitter:card\" content=\"summary_large_image\" \/>\n<meta name=\"twitter:label1\" content=\"Gesch\u00e4tzte Lesezeit\" \/>\n\t<meta name=\"twitter:data1\" content=\"1\u00a0Minute\" \/>\n<script type=\"application\/ld+json\" class=\"yoast-schema-graph\">{\"@context\":\"https:\\\/\\\/schema.org\",\"@graph\":[{\"@type\":\"WebPage\",\"@id\":\"https:\\\/\\\/shop.bantam.ch\\\/de\\\/produkt\\\/ladeschale-inbay-induktiv-fuer-ducato\\\/\",\"url\":\"https:\\\/\\\/shop.bantam.ch\\\/de\\\/produkt\\\/ladeschale-inbay-induktiv-fuer-ducato\\\/\",\"name\":\"Ladeschale INBAY induktiv f\u00fcr Ducato - Bantam\",\"isPartOf\":{\"@id\":\"https:\\\/\\\/shop.bantam.ch\\\/de\\\/#website\"},\"primaryImageOfPage\":{\"@id\":\"https:\\\/\\\/shop.bantam.ch\\\/de\\\/produkt\\\/ladeschale-inbay-induktiv-fuer-ducato\\\/#primaryimage\"},\"image\":{\"@id\":\"https:\\\/\\\/shop.bantam.ch\\\/de\\\/produkt\\\/ladeschale-inbay-induktiv-fuer-ducato\\\/#primaryimage\"},\"thumbnailUrl\":\"https:\\\/\\\/shop.bantam.ch\\\/wp-content\\\/uploads\\\/2024\\\/09\\\/Movera-L-9963325100.jpg\",\"datePublished\":\"2024-05-15T14:32:04+00:00\",\"dateModified\":\"2026-05-02T21:05:55+00:00\",\"breadcrumb\":{\"@id\":\"https:\\\/\\\/shop.bantam.ch\\\/de\\\/produkt\\\/ladeschale-inbay-induktiv-fuer-ducato\\\/#breadcrumb\"},\"inLanguage\":\"de\",\"potentialAction\":[{\"@type\":\"ReadAction\",\"target\":[\"https:\\\/\\\/shop.bantam.ch\\\/de\\\/produkt\\\/ladeschale-inbay-induktiv-fuer-ducato\\\/\"]}]},{\"@type\":\"ImageObject\",\"inLanguage\":\"de\",\"@id\":\"https:\\\/\\\/shop.bantam.ch\\\/de\\\/produkt\\\/ladeschale-inbay-induktiv-fuer-ducato\\\/#primaryimage\",\"url\":\"https:\\\/\\\/shop.bantam.ch\\\/wp-content\\\/uploads\\\/2024\\\/09\\\/Movera-L-9963325100.jpg\",\"contentUrl\":\"https:\\\/\\\/shop.bantam.ch\\\/wp-content\\\/uploads\\\/2024\\\/09\\\/Movera-L-9963325100.jpg\",\"width\":640,\"height\":357},{\"@type\":\"BreadcrumbList\",\"@id\":\"https:\\\/\\\/shop.bantam.ch\\\/de\\\/produkt\\\/ladeschale-inbay-induktiv-fuer-ducato\\\/#breadcrumb\",\"itemListElement\":[{\"@type\":\"ListItem\",\"position\":1,\"name\":\"Accueil\",\"item\":\"https:\\\/\\\/shop.bantam.ch\\\/de\\\/\"},{\"@type\":\"ListItem\",\"position\":2,\"name\":\"Shop\",\"item\":\"https:\\\/\\\/shop.bantam.ch\\\/de\\\/shop\\\/\"},{\"@type\":\"ListItem\",\"position\":3,\"name\":\"Ladeschale INBAY induktiv f\u00fcr Ducato\"}]},{\"@type\":\"WebSite\",\"@id\":\"https:\\\/\\\/shop.bantam.ch\\\/de\\\/#website\",\"url\":\"https:\\\/\\\/shop.bantam.ch\\\/de\\\/\",\"name\":\"Bantam\",\"description\":\"\",\"publisher\":{\"@id\":\"https:\\\/\\\/shop.bantam.ch\\\/de\\\/#organization\"},\"inLanguage\":\"de\"},{\"@type\":\"Organization\",\"@id\":\"https:\\\/\\\/shop.bantam.ch\\\/de\\\/#organization\",\"name\":\"Bantam\",\"url\":\"https:\\\/\\\/shop.bantam.ch\\\/de\\\/\",\"logo\":{\"@type\":\"ImageObject\",\"inLanguage\":\"de\",\"@id\":\"https:\\\/\\\/shop.bantam.ch\\\/de\\\/#\\\/schema\\\/logo\\\/image\\\/\",\"url\":\"https:\\\/\\\/shop.bantam.ch\\\/wp-content\\\/uploads\\\/2022\\\/12\\\/bantam-logo.png\",\"contentUrl\":\"https:\\\/\\\/shop.bantam.ch\\\/wp-content\\\/uploads\\\/2022\\\/12\\\/bantam-logo.png\",\"width\":320,\"height\":71,\"caption\":\"Bantam\"},\"image\":{\"@id\":\"https:\\\/\\\/shop.bantam.ch\\\/de\\\/#\\\/schema\\\/logo\\\/image\\\/\"}}]}<\/script>\n<!-- \/ Yoast SEO plugin. -->","yoast_head_json":{"title":"Ladeschale INBAY induktiv f\u00fcr Ducato - Bantam","robots":{"index":"index","follow":"follow","max-snippet":"max-snippet:-1","max-image-preview":"max-image-preview:large","max-video-preview":"max-video-preview:-1"},"canonical":"https:\/\/shop.bantam.ch\/de\/produkt\/ladeschale-inbay-induktiv-fuer-ducato\/","og_locale":"de_DE","og_type":"article","og_title":"Ladeschale INBAY induktiv f\u00fcr Ducato - Bantam","og_description":"Mit INBAY r\u00fcsten Sie induktives Laden durch eine Qi-zertifizierte Ladestation einfach in Ihrem Fiat Ducato, Citro\u00ebn Jumper Peugeot Boxer oder Opel Movano C nach. Dazu wird einfach das originale Ablagefach, der Dokumenten- oder der Tablethalter auf dem Armaturenbrett gegen das INBAY Ablagefach getauscht. Nach dem Einbau k\u00f6nnen Sie Ihr Smartphone einfach zum Laden auf die [&hellip;]","og_url":"https:\/\/shop.bantam.ch\/de\/produkt\/ladeschale-inbay-induktiv-fuer-ducato\/","og_site_name":"Bantam","article_modified_time":"2026-05-02T21:05:55+00:00","og_image":[{"width":640,"height":357,"url":"https:\/\/shop.bantam.ch\/wp-content\/uploads\/2024\/05\/Movera-L-9963325100.jpg","type":"image\/jpeg"}],"twitter_card":"summary_large_image","twitter_misc":{"Gesch\u00e4tzte Lesezeit":"1\u00a0Minute"},"schema":{"@context":"https:\/\/schema.org","@graph":[{"@type":"WebPage","@id":"https:\/\/shop.bantam.ch\/de\/produkt\/ladeschale-inbay-induktiv-fuer-ducato\/","url":"https:\/\/shop.bantam.ch\/de\/produkt\/ladeschale-inbay-induktiv-fuer-ducato\/","name":"Ladeschale INBAY induktiv f\u00fcr Ducato - Bantam","isPartOf":{"@id":"https:\/\/shop.bantam.ch\/de\/#website"},"primaryImageOfPage":{"@id":"https:\/\/shop.bantam.ch\/de\/produkt\/ladeschale-inbay-induktiv-fuer-ducato\/#primaryimage"},"image":{"@id":"https:\/\/shop.bantam.ch\/de\/produkt\/ladeschale-inbay-induktiv-fuer-ducato\/#primaryimage"},"thumbnailUrl":"https:\/\/shop.bantam.ch\/wp-content\/uploads\/2024\/09\/Movera-L-9963325100.jpg","datePublished":"2024-05-15T14:32:04+00:00","dateModified":"2026-05-02T21:05:55+00:00","breadcrumb":{"@id":"https:\/\/shop.bantam.ch\/de\/produkt\/ladeschale-inbay-induktiv-fuer-ducato\/#breadcrumb"},"inLanguage":"de","potentialAction":[{"@type":"ReadAction","target":["https:\/\/shop.bantam.ch\/de\/produkt\/ladeschale-inbay-induktiv-fuer-ducato\/"]}]},{"@type":"ImageObject","inLanguage":"de","@id":"https:\/\/shop.bantam.ch\/de\/produkt\/ladeschale-inbay-induktiv-fuer-ducato\/#primaryimage","url":"https:\/\/shop.bantam.ch\/wp-content\/uploads\/2024\/09\/Movera-L-9963325100.jpg","contentUrl":"https:\/\/shop.bantam.ch\/wp-content\/uploads\/2024\/09\/Movera-L-9963325100.jpg","width":640,"height":357},{"@type":"BreadcrumbList","@id":"https:\/\/shop.bantam.ch\/de\/produkt\/ladeschale-inbay-induktiv-fuer-ducato\/#breadcrumb","itemListElement":[{"@type":"ListItem","position":1,"name":"Accueil","item":"https:\/\/shop.bantam.ch\/de\/"},{"@type":"ListItem","position":2,"name":"Shop","item":"https:\/\/shop.bantam.ch\/de\/shop\/"},{"@type":"ListItem","position":3,"name":"Ladeschale INBAY induktiv f\u00fcr Ducato"}]},{"@type":"WebSite","@id":"https:\/\/shop.bantam.ch\/de\/#website","url":"https:\/\/shop.bantam.ch\/de\/","name":"Bantam","description":"","publisher":{"@id":"https:\/\/shop.bantam.ch\/de\/#organization"},"inLanguage":"de"},{"@type":"Organization","@id":"https:\/\/shop.bantam.ch\/de\/#organization","name":"Bantam","url":"https:\/\/shop.bantam.ch\/de\/","logo":{"@type":"ImageObject","inLanguage":"de","@id":"https:\/\/shop.bantam.ch\/de\/#\/schema\/logo\/image\/","url":"https:\/\/shop.bantam.ch\/wp-content\/uploads\/2022\/12\/bantam-logo.png","contentUrl":"https:\/\/shop.bantam.ch\/wp-content\/uploads\/2022\/12\/bantam-logo.png","width":320,"height":71,"caption":"Bantam"},"image":{"@id":"https:\/\/shop.bantam.ch\/de\/#\/schema\/logo\/image\/"}}]}},"_links":{"self":[{"href":"https:\/\/shop.bantam.ch\/de\/wp-json\/wp\/v2\/product\/197790","targetHints":{"allow":["GET"]}}],"collection":[{"href":"https:\/\/shop.bantam.ch\/de\/wp-json\/wp\/v2\/product"}],"about":[{"href":"https:\/\/shop.bantam.ch\/de\/wp-json\/wp\/v2\/types\/product"}],"wp:featuredmedia":[{"embeddable":true,"href":"https:\/\/shop.bantam.ch\/de\/wp-json\/wp\/v2\/media\/207133"}],"wp:attachment":[{"href":"https:\/\/shop.bantam.ch\/de\/wp-json\/wp\/v2\/media?parent=197790"}],"wp:term":[{"taxonomy":"product_featured_cat","embeddable":true,"href":"https:\/\/shop.bantam.ch\/de\/wp-json\/wp\/v2\/product_featured_cat?post=197790"},{"taxonomy":"product_brand","embeddable":true,"href":"https:\/\/shop.bantam.ch\/de\/wp-json\/wp\/v2\/product_brand?post=197790"},{"taxonomy":"product_cat","embeddable":true,"href":"https:\/\/shop.bantam.ch\/de\/wp-json\/wp\/v2\/product_cat?post=197790"},{"taxonomy":"product_tag","embeddable":true,"href":"https:\/\/shop.bantam.ch\/de\/wp-json\/wp\/v2\/product_tag?post=197790"}],"curies":[{"name":"wp","href":"https:\/\/api.w.org\/{rel}","templated":true}]}}