{"id":197786,"date":"2024-05-15T16:31:58","date_gmt":"2024-05-15T14:31:58","guid":{"rendered":"https:\/\/shop.bantam.ch\/produit\/rueckfahrkamera-zenec-ze-rvc82mt\/"},"modified":"2026-04-18T23:12:38","modified_gmt":"2026-04-18T21:12:38","slug":"rueckfahrkamera-zenec-ze-rvc82mt","status":"publish","type":"product","link":"https:\/\/shop.bantam.ch\/de\/produkt\/rueckfahrkamera-zenec-ze-rvc82mt\/","title":{"rendered":"R\u00fcckfahrkamera ZENEC ZE-RVC82MT"},"content":{"rendered":"<p>ZENEC ZE-RVC82MT &#8211; kompakte R\u00fcckfahrkamera, universell einsetzbare Einparkhilfe f\u00fcr PKWs und Reisemobile, schwenkbarer Kamerakopf, Betrachtungswinkel 170\u00f8<br \/>\nDie ZE-RVC82MT R\u00fcckfahrkamera von ZENEC ist f\u00fcr eine universelle Verwendung in PKWs, Reisemobilen oder Camper Vans ausgelegt. Die Kamera ist sehr kompakt, einfach zu installieren und kompatibel mit allen R\u00fcckfahrkameramonitoren, 1-DIN und 2-DIN Infotainern, oder Multimedia- und Navigationssystemen, die \u00fcber einen (Cinch) CVBS-Kameraeingang verf\u00fcgen.<br \/>\nBei ZENECs Universalkamera kommt ein SONY Sensor in CMOS-Technologie zum Einsatz, der sehr lichtempfindlich ist sowie \u00fcber niedrigste Rauschwerte und einen grossen Betriebstemperaturbereich verf\u00fcgt. Die hohe Aufl\u00f6sung &#8211; 1305 x 977 Pixel &#8211; und eine grosse Lichtempfindlichkeit von 0,3 Lux garantieren auch bei schwierigen Lichtverh\u00e4ltnissen oder in der Dunkelheit ein optimales Bild.<br \/>\nDer Bildsensor sitzt vertikal schwenkbar (70\u00f8 nach oben und unten) in dem nach IP69K zertifizierten Geh\u00e4use aus Aluminium-Druckguss. Daher l\u00e4sst sich Bildausschnitt optimal an verschiedene Fahrzeugmodelle und die individuellen Bed\u00fcrfnisse der Fahrer anpassen. Der grosse diagonale Blickwinkel von 170\u00f8 sorgt f\u00fcr eine gute \u00dcbersicht \u00fcber den Bereich hinter dem Fahrzeug und damit f\u00fcr ein sicheres Zur\u00fccksetzen und Man\u00f6vrieren.<br \/>\nIn einem Mini-Geh\u00e4use untergebracht, kann die flexible Rangierhilfe unauff\u00e4llig an der Heckklappe, am Nummernschildhalter oder unter der Stossstange montiert werden &#8211; je nach Fahrzeugmodell und gew\u00fcnschtem Resultat. Das 10 m lange Hauptsystemkabel der ZE-RVC82MT ist mit mini 4-PIN Steckern ausgestattet, um die Kabeldurchf\u00fchrungsbohrung m\u00f6glichst klein zu halten.<\/p>\n<p>Eigenschaften:<\/p>\n<ul>\n<li>Kompakte, hochaufl\u00f6sende Universal R\u00fcckfahrkamera<\/li>\n<li>Robustes Kamerageh\u00e4use aus Aluminium-Druckguss<\/li>\n<li>Cam Sensor mit 170\u00f8 diagonalem Betrachtungswinkel f\u00fcr weiten \u00dcberwachungsbereich hinter dem Fahrzeug<\/li>\n<li>Vertikale Bildausschnittanpassung \u00fcber drehbare Sensorwalze, 0\u00f8 bis 70\u00f8 nach oben \/ 0\u00f8 bis 70\u00f8 nach unten<\/li>\n<li>Hochempfindlicher CMOS Sensor mit 0,3 Lux Lichtempfindlichkeit f\u00fcr gute Nachtsicht<\/li>\n<li>10 m langes aufteilbares Systemkabel mit mini 4-PIN Steckern<\/li>\n<li>Ben\u00f6tigte Kabeldurchf\u00fchrungsbohrung: 6,1 mm, einfache Befestigung \u00fcber M6 Hohlgewindeschraube<\/li>\n<li>IP69K zertifiziert<\/li>\n<\/ul>\n<p>Technische Spezifikation:<\/p>\n<ul>\n<li>Kamerasystem: 6.09 mm SONY IMX225LQR CMOS Sensor<\/li>\n<li>Brennweite Linse: f 1.8 &#8211; TV System: NTSC \/ 30 fps<\/li>\n<li>Betrachtungswinkel: 170\u00f8 (D) x 135\u00f8 (H) x 90\u00f8 (V)<\/li>\n<li>Native Sensor Aufl\u00f6sung: 1305 (H) x 977 (V) Pixel<\/li>\n<li>Aufl\u00f6sung Ausgangssignal: &gt; 420 TV Linien<\/li>\n<li>Signal\/Rauschabstand: &gt; 48 dB<\/li>\n<li>Lichtempfindlichkeit: 0,3 Lux<\/li>\n<li>Video Ausgang: 1.0 Vp-p, 75 Ohm CVBS<\/li>\n<li>Gamma Korrektur: 0,45<\/li>\n<li>Weissabgleich, Belichtungskompensation, Helligkeitsabgleich, Synchronisation: Automatisch<\/li>\n<li>Spannungsversorgung: DC 6 &#8211; 24 V<\/li>\n<li>Stromverbrauch: 70 mA @12 V DC, ? 480 mW<\/li>\n<li>Schutzklasse: IP69K<\/li>\n<li>Betriebstemperatur: -30\u00f8 C bis ca. +75\u00f8C, RH 95% Max.<\/li>\n<li>Abmessungen (H x B x T): 44 x 23 x 29 mm<\/li>\n<\/ul>\n<p>Lieferumfang:<\/p>\n<p>Inklusive Kamera<\/p>\n<p>Haupt-Verl\u00e4ngerungskabel (10 m)<\/p>\n<p>Kabelendst\u00fcck f\u00fcr HU-seitige Anschl\u00fcsse (0,7 m)<\/p>\n<p>M6 Hohlgewindeschrauben<\/p>\n<p>Montagezubeh\u00f6r<\/p>\n<p>Montageanleitung<\/p>\n","protected":false},"excerpt":{"rendered":"<p>ZENEC ZE-RVC82MT &#8211; kompakte R\u00fcckfahrkamera, universell einsetzbare Einparkhilfe f\u00fcr PKWs und Reisemobile, schwenkbarer Kamerakopf, Betrachtungswinkel 170\u00f8 Die ZE-RVC82MT R\u00fcckfahrkamera von ZENEC ist f\u00fcr eine universelle Verwendung in PKWs, Reisemobilen oder Camper Vans ausgelegt. Die Kamera ist sehr kompakt, einfach zu installieren und kompatibel mit allen R\u00fcckfahrkameramonitoren, 1-DIN und 2-DIN Infotainern, oder Multimedia- und Navigationssystemen, die [&hellip;]<\/p>\n","protected":false},"featured_media":207131,"template":"","meta":{"_acf_changed":false},"product_featured_cat":[],"product_brand":[3213],"product_cat":[5002],"product_tag":[],"class_list":{"0":"post-197786","1":"product","2":"type-product","3":"status-publish","4":"has-post-thumbnail","6":"product_brand-zenec-de","7":"product_cat-kameras","9":"first","10":"instock","11":"taxable","12":"shipping-taxable","13":"purchasable","14":"product-type-simple"},"acf":[],"yoast_head":"<!-- This site is optimized with the Yoast SEO plugin v27.4 - https:\/\/yoast.com\/product\/yoast-seo-wordpress\/ -->\n<title>R\u00fcckfahrkamera ZENEC ZE-RVC82MT - Bantam Camping AG<\/title>\n<meta name=\"robots\" content=\"index, follow, max-snippet:-1, max-image-preview:large, max-video-preview:-1\" \/>\n<link rel=\"canonical\" href=\"https:\/\/shop.bantam.ch\/de\/produkt\/rueckfahrkamera-zenec-ze-rvc82mt\/\" \/>\n<meta property=\"og:locale\" content=\"de_DE\" \/>\n<meta property=\"og:type\" content=\"article\" \/>\n<meta property=\"og:title\" content=\"R\u00fcckfahrkamera ZENEC ZE-RVC82MT - Bantam Camping AG\" \/>\n<meta property=\"og:description\" content=\"ZENEC ZE-RVC82MT &#8211; kompakte R\u00fcckfahrkamera, universell einsetzbare Einparkhilfe f\u00fcr PKWs und Reisemobile, schwenkbarer Kamerakopf, Betrachtungswinkel 170\u00f8 Die ZE-RVC82MT R\u00fcckfahrkamera von ZENEC ist f\u00fcr eine universelle Verwendung in PKWs, Reisemobilen oder Camper Vans ausgelegt. Die Kamera ist sehr kompakt, einfach zu installieren und kompatibel mit allen R\u00fcckfahrkameramonitoren, 1-DIN und 2-DIN Infotainern, oder Multimedia- und Navigationssystemen, die [&hellip;]\" \/>\n<meta property=\"og:url\" content=\"https:\/\/shop.bantam.ch\/de\/produkt\/rueckfahrkamera-zenec-ze-rvc82mt\/\" \/>\n<meta property=\"og:site_name\" content=\"Bantam Camping AG\" \/>\n<meta property=\"article:modified_time\" content=\"2026-04-18T21:12:38+00:00\" \/>\n<meta property=\"og:image\" content=\"https:\/\/shop.bantam.ch\/wp-content\/uploads\/2024\/05\/Movera-L-9963324100.jpg\" \/>\n\t<meta property=\"og:image:width\" content=\"640\" \/>\n\t<meta property=\"og:image:height\" content=\"473\" \/>\n\t<meta property=\"og:image:type\" content=\"image\/jpeg\" \/>\n<meta name=\"twitter:card\" content=\"summary_large_image\" \/>\n<meta name=\"twitter:label1\" content=\"Gesch\u00e4tzte Lesezeit\" \/>\n\t<meta name=\"twitter:data1\" content=\"2\u00a0Minuten\" \/>\n<script type=\"application\/ld+json\" class=\"yoast-schema-graph\">{\"@context\":\"https:\\\/\\\/schema.org\",\"@graph\":[{\"@type\":\"WebPage\",\"@id\":\"https:\\\/\\\/shop.bantam.ch\\\/de\\\/produkt\\\/rueckfahrkamera-zenec-ze-rvc82mt\\\/\",\"url\":\"https:\\\/\\\/shop.bantam.ch\\\/de\\\/produkt\\\/rueckfahrkamera-zenec-ze-rvc82mt\\\/\",\"name\":\"R\u00fcckfahrkamera ZENEC ZE-RVC82MT - Bantam Camping AG\",\"isPartOf\":{\"@id\":\"https:\\\/\\\/shop.bantam.ch\\\/de\\\/#website\"},\"primaryImageOfPage\":{\"@id\":\"https:\\\/\\\/shop.bantam.ch\\\/de\\\/produkt\\\/rueckfahrkamera-zenec-ze-rvc82mt\\\/#primaryimage\"},\"image\":{\"@id\":\"https:\\\/\\\/shop.bantam.ch\\\/de\\\/produkt\\\/rueckfahrkamera-zenec-ze-rvc82mt\\\/#primaryimage\"},\"thumbnailUrl\":\"https:\\\/\\\/shop.bantam.ch\\\/wp-content\\\/uploads\\\/2024\\\/09\\\/Movera-L-9963324100.jpg\",\"datePublished\":\"2024-05-15T14:31:58+00:00\",\"dateModified\":\"2026-04-18T21:12:38+00:00\",\"breadcrumb\":{\"@id\":\"https:\\\/\\\/shop.bantam.ch\\\/de\\\/produkt\\\/rueckfahrkamera-zenec-ze-rvc82mt\\\/#breadcrumb\"},\"inLanguage\":\"de\",\"potentialAction\":[{\"@type\":\"ReadAction\",\"target\":[\"https:\\\/\\\/shop.bantam.ch\\\/de\\\/produkt\\\/rueckfahrkamera-zenec-ze-rvc82mt\\\/\"]}]},{\"@type\":\"ImageObject\",\"inLanguage\":\"de\",\"@id\":\"https:\\\/\\\/shop.bantam.ch\\\/de\\\/produkt\\\/rueckfahrkamera-zenec-ze-rvc82mt\\\/#primaryimage\",\"url\":\"https:\\\/\\\/shop.bantam.ch\\\/wp-content\\\/uploads\\\/2024\\\/09\\\/Movera-L-9963324100.jpg\",\"contentUrl\":\"https:\\\/\\\/shop.bantam.ch\\\/wp-content\\\/uploads\\\/2024\\\/09\\\/Movera-L-9963324100.jpg\",\"width\":640,\"height\":473},{\"@type\":\"BreadcrumbList\",\"@id\":\"https:\\\/\\\/shop.bantam.ch\\\/de\\\/produkt\\\/rueckfahrkamera-zenec-ze-rvc82mt\\\/#breadcrumb\",\"itemListElement\":[{\"@type\":\"ListItem\",\"position\":1,\"name\":\"Accueil\",\"item\":\"https:\\\/\\\/shop.bantam.ch\\\/de\\\/\"},{\"@type\":\"ListItem\",\"position\":2,\"name\":\"Shop\",\"item\":\"https:\\\/\\\/shop.bantam.ch\\\/de\\\/shop\\\/\"},{\"@type\":\"ListItem\",\"position\":3,\"name\":\"R\u00fcckfahrkamera ZENEC ZE-RVC82MT\"}]},{\"@type\":\"WebSite\",\"@id\":\"https:\\\/\\\/shop.bantam.ch\\\/de\\\/#website\",\"url\":\"https:\\\/\\\/shop.bantam.ch\\\/de\\\/\",\"name\":\"Bantam Camping AG\",\"description\":\"\",\"publisher\":{\"@id\":\"https:\\\/\\\/shop.bantam.ch\\\/de\\\/#organization\"},\"inLanguage\":\"de\"},{\"@type\":\"Organization\",\"@id\":\"https:\\\/\\\/shop.bantam.ch\\\/de\\\/#organization\",\"name\":\"Bantam Camping AG\",\"url\":\"https:\\\/\\\/shop.bantam.ch\\\/de\\\/\",\"logo\":{\"@type\":\"ImageObject\",\"inLanguage\":\"de\",\"@id\":\"https:\\\/\\\/shop.bantam.ch\\\/de\\\/#\\\/schema\\\/logo\\\/image\\\/\",\"url\":\"https:\\\/\\\/shop.bantam.ch\\\/wp-content\\\/uploads\\\/2022\\\/12\\\/bantam-logo.png\",\"contentUrl\":\"https:\\\/\\\/shop.bantam.ch\\\/wp-content\\\/uploads\\\/2022\\\/12\\\/bantam-logo.png\",\"width\":320,\"height\":71,\"caption\":\"Bantam Camping AG\"},\"image\":{\"@id\":\"https:\\\/\\\/shop.bantam.ch\\\/de\\\/#\\\/schema\\\/logo\\\/image\\\/\"}}]}<\/script>\n<!-- \/ Yoast SEO plugin. -->","yoast_head_json":{"title":"R\u00fcckfahrkamera ZENEC ZE-RVC82MT - Bantam Camping AG","robots":{"index":"index","follow":"follow","max-snippet":"max-snippet:-1","max-image-preview":"max-image-preview:large","max-video-preview":"max-video-preview:-1"},"canonical":"https:\/\/shop.bantam.ch\/de\/produkt\/rueckfahrkamera-zenec-ze-rvc82mt\/","og_locale":"de_DE","og_type":"article","og_title":"R\u00fcckfahrkamera ZENEC ZE-RVC82MT - Bantam Camping AG","og_description":"ZENEC ZE-RVC82MT &#8211; kompakte R\u00fcckfahrkamera, universell einsetzbare Einparkhilfe f\u00fcr PKWs und Reisemobile, schwenkbarer Kamerakopf, Betrachtungswinkel 170\u00f8 Die ZE-RVC82MT R\u00fcckfahrkamera von ZENEC ist f\u00fcr eine universelle Verwendung in PKWs, Reisemobilen oder Camper Vans ausgelegt. Die Kamera ist sehr kompakt, einfach zu installieren und kompatibel mit allen R\u00fcckfahrkameramonitoren, 1-DIN und 2-DIN Infotainern, oder Multimedia- und Navigationssystemen, die [&hellip;]","og_url":"https:\/\/shop.bantam.ch\/de\/produkt\/rueckfahrkamera-zenec-ze-rvc82mt\/","og_site_name":"Bantam Camping AG","article_modified_time":"2026-04-18T21:12:38+00:00","og_image":[{"width":640,"height":473,"url":"https:\/\/shop.bantam.ch\/wp-content\/uploads\/2024\/05\/Movera-L-9963324100.jpg","type":"image\/jpeg"}],"twitter_card":"summary_large_image","twitter_misc":{"Gesch\u00e4tzte Lesezeit":"2\u00a0Minuten"},"schema":{"@context":"https:\/\/schema.org","@graph":[{"@type":"WebPage","@id":"https:\/\/shop.bantam.ch\/de\/produkt\/rueckfahrkamera-zenec-ze-rvc82mt\/","url":"https:\/\/shop.bantam.ch\/de\/produkt\/rueckfahrkamera-zenec-ze-rvc82mt\/","name":"R\u00fcckfahrkamera ZENEC ZE-RVC82MT - Bantam Camping AG","isPartOf":{"@id":"https:\/\/shop.bantam.ch\/de\/#website"},"primaryImageOfPage":{"@id":"https:\/\/shop.bantam.ch\/de\/produkt\/rueckfahrkamera-zenec-ze-rvc82mt\/#primaryimage"},"image":{"@id":"https:\/\/shop.bantam.ch\/de\/produkt\/rueckfahrkamera-zenec-ze-rvc82mt\/#primaryimage"},"thumbnailUrl":"https:\/\/shop.bantam.ch\/wp-content\/uploads\/2024\/09\/Movera-L-9963324100.jpg","datePublished":"2024-05-15T14:31:58+00:00","dateModified":"2026-04-18T21:12:38+00:00","breadcrumb":{"@id":"https:\/\/shop.bantam.ch\/de\/produkt\/rueckfahrkamera-zenec-ze-rvc82mt\/#breadcrumb"},"inLanguage":"de","potentialAction":[{"@type":"ReadAction","target":["https:\/\/shop.bantam.ch\/de\/produkt\/rueckfahrkamera-zenec-ze-rvc82mt\/"]}]},{"@type":"ImageObject","inLanguage":"de","@id":"https:\/\/shop.bantam.ch\/de\/produkt\/rueckfahrkamera-zenec-ze-rvc82mt\/#primaryimage","url":"https:\/\/shop.bantam.ch\/wp-content\/uploads\/2024\/09\/Movera-L-9963324100.jpg","contentUrl":"https:\/\/shop.bantam.ch\/wp-content\/uploads\/2024\/09\/Movera-L-9963324100.jpg","width":640,"height":473},{"@type":"BreadcrumbList","@id":"https:\/\/shop.bantam.ch\/de\/produkt\/rueckfahrkamera-zenec-ze-rvc82mt\/#breadcrumb","itemListElement":[{"@type":"ListItem","position":1,"name":"Accueil","item":"https:\/\/shop.bantam.ch\/de\/"},{"@type":"ListItem","position":2,"name":"Shop","item":"https:\/\/shop.bantam.ch\/de\/shop\/"},{"@type":"ListItem","position":3,"name":"R\u00fcckfahrkamera ZENEC ZE-RVC82MT"}]},{"@type":"WebSite","@id":"https:\/\/shop.bantam.ch\/de\/#website","url":"https:\/\/shop.bantam.ch\/de\/","name":"Bantam Camping AG","description":"","publisher":{"@id":"https:\/\/shop.bantam.ch\/de\/#organization"},"inLanguage":"de"},{"@type":"Organization","@id":"https:\/\/shop.bantam.ch\/de\/#organization","name":"Bantam Camping AG","url":"https:\/\/shop.bantam.ch\/de\/","logo":{"@type":"ImageObject","inLanguage":"de","@id":"https:\/\/shop.bantam.ch\/de\/#\/schema\/logo\/image\/","url":"https:\/\/shop.bantam.ch\/wp-content\/uploads\/2022\/12\/bantam-logo.png","contentUrl":"https:\/\/shop.bantam.ch\/wp-content\/uploads\/2022\/12\/bantam-logo.png","width":320,"height":71,"caption":"Bantam Camping AG"},"image":{"@id":"https:\/\/shop.bantam.ch\/de\/#\/schema\/logo\/image\/"}}]}},"_links":{"self":[{"href":"https:\/\/shop.bantam.ch\/de\/wp-json\/wp\/v2\/product\/197786","targetHints":{"allow":["GET"]}}],"collection":[{"href":"https:\/\/shop.bantam.ch\/de\/wp-json\/wp\/v2\/product"}],"about":[{"href":"https:\/\/shop.bantam.ch\/de\/wp-json\/wp\/v2\/types\/product"}],"wp:featuredmedia":[{"embeddable":true,"href":"https:\/\/shop.bantam.ch\/de\/wp-json\/wp\/v2\/media\/207131"}],"wp:attachment":[{"href":"https:\/\/shop.bantam.ch\/de\/wp-json\/wp\/v2\/media?parent=197786"}],"wp:term":[{"taxonomy":"product_featured_cat","embeddable":true,"href":"https:\/\/shop.bantam.ch\/de\/wp-json\/wp\/v2\/product_featured_cat?post=197786"},{"taxonomy":"product_brand","embeddable":true,"href":"https:\/\/shop.bantam.ch\/de\/wp-json\/wp\/v2\/product_brand?post=197786"},{"taxonomy":"product_cat","embeddable":true,"href":"https:\/\/shop.bantam.ch\/de\/wp-json\/wp\/v2\/product_cat?post=197786"},{"taxonomy":"product_tag","embeddable":true,"href":"https:\/\/shop.bantam.ch\/de\/wp-json\/wp\/v2\/product_tag?post=197786"}],"curies":[{"name":"wp","href":"https:\/\/api.w.org\/{rel}","templated":true}]}}