{"id":197774,"date":"2024-05-15T16:31:39","date_gmt":"2024-05-15T14:31:39","guid":{"rendered":"https:\/\/shop.bantam.ch\/produit\/infotainer-zenec-z-n975-1-din-9-zoll-display\/"},"modified":"2026-04-17T23:09:24","modified_gmt":"2026-04-17T21:09:24","slug":"infotainer-zenec-z-n975-1-din-9-zoll-display","status":"publish","type":"product","link":"https:\/\/shop.bantam.ch\/de\/produkt\/infotainer-zenec-z-n975-1-din-9-zoll-display\/","title":{"rendered":"Infotainer ZENEC Z-N975 1-DIN, 9 Zoll Display"},"content":{"rendered":"<p>Der ZENEC Z-N975 ist ein top ausgestatteter DAB+ Infotainer mit 9\u201c\/22,9 cm Touchscreen f\u00fcr Fahrzeuge mit 1-DIN Ger\u00e4teschacht.<br \/>\nDamit sich der Z-N975 perfekt in das Cockpit-Ambiente diverser Fahrzeuge in\u00ad\u00adtegriert, l\u00e4sst sich die Beleuchtungsfarbe der Tastenfelder variabel einstellen. Der integrierte DAB+ Doppeltuner mit dynamischer Stationsliste \u00fcber\u00adzeugt mit klarem Digitalradioempfang und komfortabler Bedienung \u00fcber die gro\u00dfen Sensortasten. Der Z-N975 unterst\u00fctzt Apple CarPlay und Google Android AutoTM, verf\u00fcgt \u00fcber ein um\u00adfangreiches Bluetoothsystem, zwei USB-Ports zur A\/V Wieder\u00adgabe sowie drei Kamera-Anschl\u00fcsse mit einstellbaren Hilfslinien und einem Mikrofoneingang (detaillierte Ausstattungsliste siehe gegen\u00fcberliegende Seite).<\/p>\n<p>&nbsp;<\/p>\n<p>Es ist ein optionales Navipaket* verf\u00fcgbar, das den Z-N975 zum Reisemobil-Naviceiver erweitert (siehe gegen\u00fcberliegende Seite).<br \/>\n*Die Navisoftware ist nicht Bestandteil des Lieferumfangs des Z-N975<\/p>\n","protected":false},"excerpt":{"rendered":"<p>Der ZENEC Z-N975 ist ein top ausgestatteter DAB+ Infotainer mit 9\u201c\/22,9 cm Touchscreen f\u00fcr Fahrzeuge mit 1-DIN Ger\u00e4teschacht. Damit sich der Z-N975 perfekt in das Cockpit-Ambiente diverser Fahrzeuge in\u00ad\u00adtegriert, l\u00e4sst sich die Beleuchtungsfarbe der Tastenfelder variabel einstellen. Der integrierte DAB+ Doppeltuner mit dynamischer Stationsliste \u00fcber\u00adzeugt mit klarem Digitalradioempfang und komfortabler Bedienung \u00fcber die gro\u00dfen Sensortasten. [&hellip;]<\/p>\n","protected":false},"featured_media":207125,"template":"","meta":{"_acf_changed":false},"product_featured_cat":[],"product_brand":[3213],"product_cat":[4512],"product_tag":[],"class_list":{"0":"post-197774","1":"product","2":"type-product","3":"status-publish","4":"has-post-thumbnail","6":"product_brand-zenec-de","7":"product_cat-navigationsgeraete","9":"first","10":"instock","11":"taxable","12":"shipping-taxable","13":"purchasable","14":"product-type-simple"},"acf":[],"yoast_head":"<!-- This site is optimized with the Yoast SEO plugin v27.4 - https:\/\/yoast.com\/product\/yoast-seo-wordpress\/ -->\n<title>Infotainer ZENEC Z-N975 1-DIN, 9 Zoll Display - Bantam Camping AG<\/title>\n<meta name=\"robots\" content=\"index, follow, max-snippet:-1, max-image-preview:large, max-video-preview:-1\" \/>\n<link rel=\"canonical\" href=\"https:\/\/shop.bantam.ch\/de\/produkt\/infotainer-zenec-z-n975-1-din-9-zoll-display\/\" \/>\n<meta property=\"og:locale\" content=\"de_DE\" \/>\n<meta property=\"og:type\" content=\"article\" \/>\n<meta property=\"og:title\" content=\"Infotainer ZENEC Z-N975 1-DIN, 9 Zoll Display - Bantam Camping AG\" \/>\n<meta property=\"og:description\" content=\"Der ZENEC Z-N975 ist ein top ausgestatteter DAB+ Infotainer mit 9\u201c\/22,9 cm Touchscreen f\u00fcr Fahrzeuge mit 1-DIN Ger\u00e4teschacht. Damit sich der Z-N975 perfekt in das Cockpit-Ambiente diverser Fahrzeuge in\u00ad\u00adtegriert, l\u00e4sst sich die Beleuchtungsfarbe der Tastenfelder variabel einstellen. Der integrierte DAB+ Doppeltuner mit dynamischer Stationsliste \u00fcber\u00adzeugt mit klarem Digitalradioempfang und komfortabler Bedienung \u00fcber die gro\u00dfen Sensortasten. [&hellip;]\" \/>\n<meta property=\"og:url\" content=\"https:\/\/shop.bantam.ch\/de\/produkt\/infotainer-zenec-z-n975-1-din-9-zoll-display\/\" \/>\n<meta property=\"og:site_name\" content=\"Bantam Camping AG\" \/>\n<meta property=\"article:modified_time\" content=\"2026-04-17T21:09:24+00:00\" \/>\n<meta property=\"og:image\" content=\"https:\/\/shop.bantam.ch\/wp-content\/uploads\/2024\/05\/Movera-L-9963318100.jpg\" \/>\n\t<meta property=\"og:image:width\" content=\"640\" \/>\n\t<meta property=\"og:image:height\" content=\"434\" \/>\n\t<meta property=\"og:image:type\" content=\"image\/jpeg\" \/>\n<meta name=\"twitter:card\" content=\"summary_large_image\" \/>\n<meta name=\"twitter:label1\" content=\"Gesch\u00e4tzte Lesezeit\" \/>\n\t<meta name=\"twitter:data1\" content=\"1\u00a0Minute\" \/>\n<script type=\"application\/ld+json\" class=\"yoast-schema-graph\">{\"@context\":\"https:\\\/\\\/schema.org\",\"@graph\":[{\"@type\":\"WebPage\",\"@id\":\"https:\\\/\\\/shop.bantam.ch\\\/de\\\/produkt\\\/infotainer-zenec-z-n975-1-din-9-zoll-display\\\/\",\"url\":\"https:\\\/\\\/shop.bantam.ch\\\/de\\\/produkt\\\/infotainer-zenec-z-n975-1-din-9-zoll-display\\\/\",\"name\":\"Infotainer ZENEC Z-N975 1-DIN, 9 Zoll Display - Bantam Camping AG\",\"isPartOf\":{\"@id\":\"https:\\\/\\\/shop.bantam.ch\\\/de\\\/#website\"},\"primaryImageOfPage\":{\"@id\":\"https:\\\/\\\/shop.bantam.ch\\\/de\\\/produkt\\\/infotainer-zenec-z-n975-1-din-9-zoll-display\\\/#primaryimage\"},\"image\":{\"@id\":\"https:\\\/\\\/shop.bantam.ch\\\/de\\\/produkt\\\/infotainer-zenec-z-n975-1-din-9-zoll-display\\\/#primaryimage\"},\"thumbnailUrl\":\"https:\\\/\\\/shop.bantam.ch\\\/wp-content\\\/uploads\\\/2024\\\/09\\\/Movera-L-9963318100.jpg\",\"datePublished\":\"2024-05-15T14:31:39+00:00\",\"dateModified\":\"2026-04-17T21:09:24+00:00\",\"breadcrumb\":{\"@id\":\"https:\\\/\\\/shop.bantam.ch\\\/de\\\/produkt\\\/infotainer-zenec-z-n975-1-din-9-zoll-display\\\/#breadcrumb\"},\"inLanguage\":\"de\",\"potentialAction\":[{\"@type\":\"ReadAction\",\"target\":[\"https:\\\/\\\/shop.bantam.ch\\\/de\\\/produkt\\\/infotainer-zenec-z-n975-1-din-9-zoll-display\\\/\"]}]},{\"@type\":\"ImageObject\",\"inLanguage\":\"de\",\"@id\":\"https:\\\/\\\/shop.bantam.ch\\\/de\\\/produkt\\\/infotainer-zenec-z-n975-1-din-9-zoll-display\\\/#primaryimage\",\"url\":\"https:\\\/\\\/shop.bantam.ch\\\/wp-content\\\/uploads\\\/2024\\\/09\\\/Movera-L-9963318100.jpg\",\"contentUrl\":\"https:\\\/\\\/shop.bantam.ch\\\/wp-content\\\/uploads\\\/2024\\\/09\\\/Movera-L-9963318100.jpg\",\"width\":640,\"height\":434},{\"@type\":\"BreadcrumbList\",\"@id\":\"https:\\\/\\\/shop.bantam.ch\\\/de\\\/produkt\\\/infotainer-zenec-z-n975-1-din-9-zoll-display\\\/#breadcrumb\",\"itemListElement\":[{\"@type\":\"ListItem\",\"position\":1,\"name\":\"Accueil\",\"item\":\"https:\\\/\\\/shop.bantam.ch\\\/de\\\/\"},{\"@type\":\"ListItem\",\"position\":2,\"name\":\"Shop\",\"item\":\"https:\\\/\\\/shop.bantam.ch\\\/de\\\/shop\\\/\"},{\"@type\":\"ListItem\",\"position\":3,\"name\":\"Infotainer ZENEC Z-N975 1-DIN, 9 Zoll Display\"}]},{\"@type\":\"WebSite\",\"@id\":\"https:\\\/\\\/shop.bantam.ch\\\/de\\\/#website\",\"url\":\"https:\\\/\\\/shop.bantam.ch\\\/de\\\/\",\"name\":\"Bantam Camping AG\",\"description\":\"\",\"publisher\":{\"@id\":\"https:\\\/\\\/shop.bantam.ch\\\/de\\\/#organization\"},\"inLanguage\":\"de\"},{\"@type\":\"Organization\",\"@id\":\"https:\\\/\\\/shop.bantam.ch\\\/de\\\/#organization\",\"name\":\"Bantam Camping AG\",\"url\":\"https:\\\/\\\/shop.bantam.ch\\\/de\\\/\",\"logo\":{\"@type\":\"ImageObject\",\"inLanguage\":\"de\",\"@id\":\"https:\\\/\\\/shop.bantam.ch\\\/de\\\/#\\\/schema\\\/logo\\\/image\\\/\",\"url\":\"https:\\\/\\\/shop.bantam.ch\\\/wp-content\\\/uploads\\\/2022\\\/12\\\/bantam-logo.png\",\"contentUrl\":\"https:\\\/\\\/shop.bantam.ch\\\/wp-content\\\/uploads\\\/2022\\\/12\\\/bantam-logo.png\",\"width\":320,\"height\":71,\"caption\":\"Bantam Camping AG\"},\"image\":{\"@id\":\"https:\\\/\\\/shop.bantam.ch\\\/de\\\/#\\\/schema\\\/logo\\\/image\\\/\"}}]}<\/script>\n<!-- \/ Yoast SEO plugin. -->","yoast_head_json":{"title":"Infotainer ZENEC Z-N975 1-DIN, 9 Zoll Display - Bantam Camping AG","robots":{"index":"index","follow":"follow","max-snippet":"max-snippet:-1","max-image-preview":"max-image-preview:large","max-video-preview":"max-video-preview:-1"},"canonical":"https:\/\/shop.bantam.ch\/de\/produkt\/infotainer-zenec-z-n975-1-din-9-zoll-display\/","og_locale":"de_DE","og_type":"article","og_title":"Infotainer ZENEC Z-N975 1-DIN, 9 Zoll Display - Bantam Camping AG","og_description":"Der ZENEC Z-N975 ist ein top ausgestatteter DAB+ Infotainer mit 9\u201c\/22,9 cm Touchscreen f\u00fcr Fahrzeuge mit 1-DIN Ger\u00e4teschacht. Damit sich der Z-N975 perfekt in das Cockpit-Ambiente diverser Fahrzeuge in\u00ad\u00adtegriert, l\u00e4sst sich die Beleuchtungsfarbe der Tastenfelder variabel einstellen. Der integrierte DAB+ Doppeltuner mit dynamischer Stationsliste \u00fcber\u00adzeugt mit klarem Digitalradioempfang und komfortabler Bedienung \u00fcber die gro\u00dfen Sensortasten. [&hellip;]","og_url":"https:\/\/shop.bantam.ch\/de\/produkt\/infotainer-zenec-z-n975-1-din-9-zoll-display\/","og_site_name":"Bantam Camping AG","article_modified_time":"2026-04-17T21:09:24+00:00","og_image":[{"width":640,"height":434,"url":"https:\/\/shop.bantam.ch\/wp-content\/uploads\/2024\/05\/Movera-L-9963318100.jpg","type":"image\/jpeg"}],"twitter_card":"summary_large_image","twitter_misc":{"Gesch\u00e4tzte Lesezeit":"1\u00a0Minute"},"schema":{"@context":"https:\/\/schema.org","@graph":[{"@type":"WebPage","@id":"https:\/\/shop.bantam.ch\/de\/produkt\/infotainer-zenec-z-n975-1-din-9-zoll-display\/","url":"https:\/\/shop.bantam.ch\/de\/produkt\/infotainer-zenec-z-n975-1-din-9-zoll-display\/","name":"Infotainer ZENEC Z-N975 1-DIN, 9 Zoll Display - Bantam Camping AG","isPartOf":{"@id":"https:\/\/shop.bantam.ch\/de\/#website"},"primaryImageOfPage":{"@id":"https:\/\/shop.bantam.ch\/de\/produkt\/infotainer-zenec-z-n975-1-din-9-zoll-display\/#primaryimage"},"image":{"@id":"https:\/\/shop.bantam.ch\/de\/produkt\/infotainer-zenec-z-n975-1-din-9-zoll-display\/#primaryimage"},"thumbnailUrl":"https:\/\/shop.bantam.ch\/wp-content\/uploads\/2024\/09\/Movera-L-9963318100.jpg","datePublished":"2024-05-15T14:31:39+00:00","dateModified":"2026-04-17T21:09:24+00:00","breadcrumb":{"@id":"https:\/\/shop.bantam.ch\/de\/produkt\/infotainer-zenec-z-n975-1-din-9-zoll-display\/#breadcrumb"},"inLanguage":"de","potentialAction":[{"@type":"ReadAction","target":["https:\/\/shop.bantam.ch\/de\/produkt\/infotainer-zenec-z-n975-1-din-9-zoll-display\/"]}]},{"@type":"ImageObject","inLanguage":"de","@id":"https:\/\/shop.bantam.ch\/de\/produkt\/infotainer-zenec-z-n975-1-din-9-zoll-display\/#primaryimage","url":"https:\/\/shop.bantam.ch\/wp-content\/uploads\/2024\/09\/Movera-L-9963318100.jpg","contentUrl":"https:\/\/shop.bantam.ch\/wp-content\/uploads\/2024\/09\/Movera-L-9963318100.jpg","width":640,"height":434},{"@type":"BreadcrumbList","@id":"https:\/\/shop.bantam.ch\/de\/produkt\/infotainer-zenec-z-n975-1-din-9-zoll-display\/#breadcrumb","itemListElement":[{"@type":"ListItem","position":1,"name":"Accueil","item":"https:\/\/shop.bantam.ch\/de\/"},{"@type":"ListItem","position":2,"name":"Shop","item":"https:\/\/shop.bantam.ch\/de\/shop\/"},{"@type":"ListItem","position":3,"name":"Infotainer ZENEC Z-N975 1-DIN, 9 Zoll Display"}]},{"@type":"WebSite","@id":"https:\/\/shop.bantam.ch\/de\/#website","url":"https:\/\/shop.bantam.ch\/de\/","name":"Bantam Camping AG","description":"","publisher":{"@id":"https:\/\/shop.bantam.ch\/de\/#organization"},"inLanguage":"de"},{"@type":"Organization","@id":"https:\/\/shop.bantam.ch\/de\/#organization","name":"Bantam Camping AG","url":"https:\/\/shop.bantam.ch\/de\/","logo":{"@type":"ImageObject","inLanguage":"de","@id":"https:\/\/shop.bantam.ch\/de\/#\/schema\/logo\/image\/","url":"https:\/\/shop.bantam.ch\/wp-content\/uploads\/2022\/12\/bantam-logo.png","contentUrl":"https:\/\/shop.bantam.ch\/wp-content\/uploads\/2022\/12\/bantam-logo.png","width":320,"height":71,"caption":"Bantam Camping AG"},"image":{"@id":"https:\/\/shop.bantam.ch\/de\/#\/schema\/logo\/image\/"}}]}},"_links":{"self":[{"href":"https:\/\/shop.bantam.ch\/de\/wp-json\/wp\/v2\/product\/197774","targetHints":{"allow":["GET"]}}],"collection":[{"href":"https:\/\/shop.bantam.ch\/de\/wp-json\/wp\/v2\/product"}],"about":[{"href":"https:\/\/shop.bantam.ch\/de\/wp-json\/wp\/v2\/types\/product"}],"wp:featuredmedia":[{"embeddable":true,"href":"https:\/\/shop.bantam.ch\/de\/wp-json\/wp\/v2\/media\/207125"}],"wp:attachment":[{"href":"https:\/\/shop.bantam.ch\/de\/wp-json\/wp\/v2\/media?parent=197774"}],"wp:term":[{"taxonomy":"product_featured_cat","embeddable":true,"href":"https:\/\/shop.bantam.ch\/de\/wp-json\/wp\/v2\/product_featured_cat?post=197774"},{"taxonomy":"product_brand","embeddable":true,"href":"https:\/\/shop.bantam.ch\/de\/wp-json\/wp\/v2\/product_brand?post=197774"},{"taxonomy":"product_cat","embeddable":true,"href":"https:\/\/shop.bantam.ch\/de\/wp-json\/wp\/v2\/product_cat?post=197774"},{"taxonomy":"product_tag","embeddable":true,"href":"https:\/\/shop.bantam.ch\/de\/wp-json\/wp\/v2\/product_tag?post=197774"}],"curies":[{"name":"wp","href":"https:\/\/api.w.org\/{rel}","templated":true}]}}