{"id":197750,"date":"2024-05-15T16:31:14","date_gmt":"2024-05-15T14:31:14","guid":{"rendered":"https:\/\/shop.bantam.ch\/produit\/solarleuchte-brunner-sonnik\/"},"modified":"2026-04-19T23:15:10","modified_gmt":"2026-04-19T21:15:10","slug":"solarleuchte-brunner-sonnik","status":"publish","type":"product","link":"https:\/\/shop.bantam.ch\/de\/produkt\/solarleuchte-brunner-sonnik\/","title":{"rendered":"Solarleuchte BRUNNER Sonnik"},"content":{"rendered":"<p>Diese wiederaufladbare Campinglampe ist der perfekte Begleiter f\u00fcr Ihre n\u00e4chste Camping- oder Wandertour. Sie ist robust und praktisch, mit einer Solarzelle f\u00fcr die Stromversorgung und einem USB-Ladeanschluss f\u00fcr unterwegs. Die Lampe hat einen Haken zum Aufh\u00e4ngen, so dass Sie sie \u00fcberall befestigen k\u00f6nnen, und sie verf\u00fcgt \u00fcber verschiedene Lichtmodi, so dass Sie die perfekte Beleuchtung f\u00fcr jede Situation finden.<br \/>\nEigenschaften:<\/p>\n<ul>\n<li>Robust und praktisch<\/li>\n<li>Solarzelle f\u00fcr die Stromversorgung<\/li>\n<li>USB-Ladeanschluss<\/li>\n<li>Haken zum Aufh\u00e4ngen<\/li>\n<li>Verschiedene Lichtmodi<\/li>\n<li>Bis zu 25 Stunden Licht bei voller<\/li>\n<li>Ladung<\/li>\n<li>Wasserdicht und staubdicht<\/li>\n<\/ul>\n<p>Material:&nbsp;<\/p>\n<p>Kunststoff<\/p>\n","protected":false},"excerpt":{"rendered":"<p>Diese wiederaufladbare Campinglampe ist der perfekte Begleiter f\u00fcr Ihre n\u00e4chste Camping- oder Wandertour. Sie ist robust und praktisch, mit einer Solarzelle f\u00fcr die Stromversorgung und einem USB-Ladeanschluss f\u00fcr unterwegs. Die Lampe hat einen Haken zum Aufh\u00e4ngen, so dass Sie sie \u00fcberall befestigen k\u00f6nnen, und sie verf\u00fcgt \u00fcber verschiedene Lichtmodi, so dass Sie die perfekte Beleuchtung [&hellip;]<\/p>\n","protected":false},"featured_media":207123,"template":"","meta":{"_acf_changed":false},"product_featured_cat":[],"product_brand":[3081],"product_cat":[4372],"product_tag":[],"class_list":{"0":"post-197750","1":"product","2":"type-product","3":"status-publish","4":"has-post-thumbnail","6":"product_brand-brunner-de","7":"product_cat-solarlampen","9":"first","10":"instock","11":"taxable","12":"shipping-taxable","13":"purchasable","14":"product-type-simple"},"acf":[],"yoast_head":"<!-- This site is optimized with the Yoast SEO plugin v27.4 - https:\/\/yoast.com\/product\/yoast-seo-wordpress\/ -->\n<title>Solarleuchte BRUNNER Sonnik - Bantam Camping AG<\/title>\n<meta name=\"robots\" content=\"index, follow, max-snippet:-1, max-image-preview:large, max-video-preview:-1\" \/>\n<link rel=\"canonical\" href=\"https:\/\/shop.bantam.ch\/de\/produkt\/solarleuchte-brunner-sonnik\/\" \/>\n<meta property=\"og:locale\" content=\"de_DE\" \/>\n<meta property=\"og:type\" content=\"article\" \/>\n<meta property=\"og:title\" content=\"Solarleuchte BRUNNER Sonnik - Bantam Camping AG\" \/>\n<meta property=\"og:description\" content=\"Diese wiederaufladbare Campinglampe ist der perfekte Begleiter f\u00fcr Ihre n\u00e4chste Camping- oder Wandertour. Sie ist robust und praktisch, mit einer Solarzelle f\u00fcr die Stromversorgung und einem USB-Ladeanschluss f\u00fcr unterwegs. Die Lampe hat einen Haken zum Aufh\u00e4ngen, so dass Sie sie \u00fcberall befestigen k\u00f6nnen, und sie verf\u00fcgt \u00fcber verschiedene Lichtmodi, so dass Sie die perfekte Beleuchtung [&hellip;]\" \/>\n<meta property=\"og:url\" content=\"https:\/\/shop.bantam.ch\/de\/produkt\/solarleuchte-brunner-sonnik\/\" \/>\n<meta property=\"og:site_name\" content=\"Bantam Camping AG\" \/>\n<meta property=\"article:modified_time\" content=\"2026-04-19T21:15:10+00:00\" \/>\n<meta property=\"og:image\" content=\"https:\/\/shop.bantam.ch\/wp-content\/uploads\/2024\/05\/Movera-L-9962184100.jpg\" \/>\n\t<meta property=\"og:image:width\" content=\"640\" \/>\n\t<meta property=\"og:image:height\" content=\"640\" \/>\n\t<meta property=\"og:image:type\" content=\"image\/jpeg\" \/>\n<meta name=\"twitter:card\" content=\"summary_large_image\" \/>\n<script type=\"application\/ld+json\" class=\"yoast-schema-graph\">{\"@context\":\"https:\\\/\\\/schema.org\",\"@graph\":[{\"@type\":\"WebPage\",\"@id\":\"https:\\\/\\\/shop.bantam.ch\\\/de\\\/produkt\\\/solarleuchte-brunner-sonnik\\\/\",\"url\":\"https:\\\/\\\/shop.bantam.ch\\\/de\\\/produkt\\\/solarleuchte-brunner-sonnik\\\/\",\"name\":\"Solarleuchte BRUNNER Sonnik - Bantam Camping AG\",\"isPartOf\":{\"@id\":\"https:\\\/\\\/shop.bantam.ch\\\/de\\\/#website\"},\"primaryImageOfPage\":{\"@id\":\"https:\\\/\\\/shop.bantam.ch\\\/de\\\/produkt\\\/solarleuchte-brunner-sonnik\\\/#primaryimage\"},\"image\":{\"@id\":\"https:\\\/\\\/shop.bantam.ch\\\/de\\\/produkt\\\/solarleuchte-brunner-sonnik\\\/#primaryimage\"},\"thumbnailUrl\":\"https:\\\/\\\/shop.bantam.ch\\\/wp-content\\\/uploads\\\/2024\\\/09\\\/Movera-L-9962184100.jpg\",\"datePublished\":\"2024-05-15T14:31:14+00:00\",\"dateModified\":\"2026-04-19T21:15:10+00:00\",\"breadcrumb\":{\"@id\":\"https:\\\/\\\/shop.bantam.ch\\\/de\\\/produkt\\\/solarleuchte-brunner-sonnik\\\/#breadcrumb\"},\"inLanguage\":\"de\",\"potentialAction\":[{\"@type\":\"ReadAction\",\"target\":[\"https:\\\/\\\/shop.bantam.ch\\\/de\\\/produkt\\\/solarleuchte-brunner-sonnik\\\/\"]}]},{\"@type\":\"ImageObject\",\"inLanguage\":\"de\",\"@id\":\"https:\\\/\\\/shop.bantam.ch\\\/de\\\/produkt\\\/solarleuchte-brunner-sonnik\\\/#primaryimage\",\"url\":\"https:\\\/\\\/shop.bantam.ch\\\/wp-content\\\/uploads\\\/2024\\\/09\\\/Movera-L-9962184100.jpg\",\"contentUrl\":\"https:\\\/\\\/shop.bantam.ch\\\/wp-content\\\/uploads\\\/2024\\\/09\\\/Movera-L-9962184100.jpg\",\"width\":640,\"height\":640},{\"@type\":\"BreadcrumbList\",\"@id\":\"https:\\\/\\\/shop.bantam.ch\\\/de\\\/produkt\\\/solarleuchte-brunner-sonnik\\\/#breadcrumb\",\"itemListElement\":[{\"@type\":\"ListItem\",\"position\":1,\"name\":\"Accueil\",\"item\":\"https:\\\/\\\/shop.bantam.ch\\\/de\\\/\"},{\"@type\":\"ListItem\",\"position\":2,\"name\":\"Shop\",\"item\":\"https:\\\/\\\/shop.bantam.ch\\\/de\\\/shop\\\/\"},{\"@type\":\"ListItem\",\"position\":3,\"name\":\"Solarleuchte BRUNNER Sonnik\"}]},{\"@type\":\"WebSite\",\"@id\":\"https:\\\/\\\/shop.bantam.ch\\\/de\\\/#website\",\"url\":\"https:\\\/\\\/shop.bantam.ch\\\/de\\\/\",\"name\":\"Bantam Camping AG\",\"description\":\"\",\"publisher\":{\"@id\":\"https:\\\/\\\/shop.bantam.ch\\\/de\\\/#organization\"},\"inLanguage\":\"de\"},{\"@type\":\"Organization\",\"@id\":\"https:\\\/\\\/shop.bantam.ch\\\/de\\\/#organization\",\"name\":\"Bantam Camping AG\",\"url\":\"https:\\\/\\\/shop.bantam.ch\\\/de\\\/\",\"logo\":{\"@type\":\"ImageObject\",\"inLanguage\":\"de\",\"@id\":\"https:\\\/\\\/shop.bantam.ch\\\/de\\\/#\\\/schema\\\/logo\\\/image\\\/\",\"url\":\"https:\\\/\\\/shop.bantam.ch\\\/wp-content\\\/uploads\\\/2022\\\/12\\\/bantam-logo.png\",\"contentUrl\":\"https:\\\/\\\/shop.bantam.ch\\\/wp-content\\\/uploads\\\/2022\\\/12\\\/bantam-logo.png\",\"width\":320,\"height\":71,\"caption\":\"Bantam Camping AG\"},\"image\":{\"@id\":\"https:\\\/\\\/shop.bantam.ch\\\/de\\\/#\\\/schema\\\/logo\\\/image\\\/\"}}]}<\/script>\n<!-- \/ Yoast SEO plugin. -->","yoast_head_json":{"title":"Solarleuchte BRUNNER Sonnik - Bantam Camping AG","robots":{"index":"index","follow":"follow","max-snippet":"max-snippet:-1","max-image-preview":"max-image-preview:large","max-video-preview":"max-video-preview:-1"},"canonical":"https:\/\/shop.bantam.ch\/de\/produkt\/solarleuchte-brunner-sonnik\/","og_locale":"de_DE","og_type":"article","og_title":"Solarleuchte BRUNNER Sonnik - Bantam Camping AG","og_description":"Diese wiederaufladbare Campinglampe ist der perfekte Begleiter f\u00fcr Ihre n\u00e4chste Camping- oder Wandertour. Sie ist robust und praktisch, mit einer Solarzelle f\u00fcr die Stromversorgung und einem USB-Ladeanschluss f\u00fcr unterwegs. Die Lampe hat einen Haken zum Aufh\u00e4ngen, so dass Sie sie \u00fcberall befestigen k\u00f6nnen, und sie verf\u00fcgt \u00fcber verschiedene Lichtmodi, so dass Sie die perfekte Beleuchtung [&hellip;]","og_url":"https:\/\/shop.bantam.ch\/de\/produkt\/solarleuchte-brunner-sonnik\/","og_site_name":"Bantam Camping AG","article_modified_time":"2026-04-19T21:15:10+00:00","og_image":[{"width":640,"height":640,"url":"https:\/\/shop.bantam.ch\/wp-content\/uploads\/2024\/05\/Movera-L-9962184100.jpg","type":"image\/jpeg"}],"twitter_card":"summary_large_image","schema":{"@context":"https:\/\/schema.org","@graph":[{"@type":"WebPage","@id":"https:\/\/shop.bantam.ch\/de\/produkt\/solarleuchte-brunner-sonnik\/","url":"https:\/\/shop.bantam.ch\/de\/produkt\/solarleuchte-brunner-sonnik\/","name":"Solarleuchte BRUNNER Sonnik - Bantam Camping AG","isPartOf":{"@id":"https:\/\/shop.bantam.ch\/de\/#website"},"primaryImageOfPage":{"@id":"https:\/\/shop.bantam.ch\/de\/produkt\/solarleuchte-brunner-sonnik\/#primaryimage"},"image":{"@id":"https:\/\/shop.bantam.ch\/de\/produkt\/solarleuchte-brunner-sonnik\/#primaryimage"},"thumbnailUrl":"https:\/\/shop.bantam.ch\/wp-content\/uploads\/2024\/09\/Movera-L-9962184100.jpg","datePublished":"2024-05-15T14:31:14+00:00","dateModified":"2026-04-19T21:15:10+00:00","breadcrumb":{"@id":"https:\/\/shop.bantam.ch\/de\/produkt\/solarleuchte-brunner-sonnik\/#breadcrumb"},"inLanguage":"de","potentialAction":[{"@type":"ReadAction","target":["https:\/\/shop.bantam.ch\/de\/produkt\/solarleuchte-brunner-sonnik\/"]}]},{"@type":"ImageObject","inLanguage":"de","@id":"https:\/\/shop.bantam.ch\/de\/produkt\/solarleuchte-brunner-sonnik\/#primaryimage","url":"https:\/\/shop.bantam.ch\/wp-content\/uploads\/2024\/09\/Movera-L-9962184100.jpg","contentUrl":"https:\/\/shop.bantam.ch\/wp-content\/uploads\/2024\/09\/Movera-L-9962184100.jpg","width":640,"height":640},{"@type":"BreadcrumbList","@id":"https:\/\/shop.bantam.ch\/de\/produkt\/solarleuchte-brunner-sonnik\/#breadcrumb","itemListElement":[{"@type":"ListItem","position":1,"name":"Accueil","item":"https:\/\/shop.bantam.ch\/de\/"},{"@type":"ListItem","position":2,"name":"Shop","item":"https:\/\/shop.bantam.ch\/de\/shop\/"},{"@type":"ListItem","position":3,"name":"Solarleuchte BRUNNER Sonnik"}]},{"@type":"WebSite","@id":"https:\/\/shop.bantam.ch\/de\/#website","url":"https:\/\/shop.bantam.ch\/de\/","name":"Bantam Camping AG","description":"","publisher":{"@id":"https:\/\/shop.bantam.ch\/de\/#organization"},"inLanguage":"de"},{"@type":"Organization","@id":"https:\/\/shop.bantam.ch\/de\/#organization","name":"Bantam Camping AG","url":"https:\/\/shop.bantam.ch\/de\/","logo":{"@type":"ImageObject","inLanguage":"de","@id":"https:\/\/shop.bantam.ch\/de\/#\/schema\/logo\/image\/","url":"https:\/\/shop.bantam.ch\/wp-content\/uploads\/2022\/12\/bantam-logo.png","contentUrl":"https:\/\/shop.bantam.ch\/wp-content\/uploads\/2022\/12\/bantam-logo.png","width":320,"height":71,"caption":"Bantam Camping AG"},"image":{"@id":"https:\/\/shop.bantam.ch\/de\/#\/schema\/logo\/image\/"}}]}},"_links":{"self":[{"href":"https:\/\/shop.bantam.ch\/de\/wp-json\/wp\/v2\/product\/197750","targetHints":{"allow":["GET"]}}],"collection":[{"href":"https:\/\/shop.bantam.ch\/de\/wp-json\/wp\/v2\/product"}],"about":[{"href":"https:\/\/shop.bantam.ch\/de\/wp-json\/wp\/v2\/types\/product"}],"wp:featuredmedia":[{"embeddable":true,"href":"https:\/\/shop.bantam.ch\/de\/wp-json\/wp\/v2\/media\/207123"}],"wp:attachment":[{"href":"https:\/\/shop.bantam.ch\/de\/wp-json\/wp\/v2\/media?parent=197750"}],"wp:term":[{"taxonomy":"product_featured_cat","embeddable":true,"href":"https:\/\/shop.bantam.ch\/de\/wp-json\/wp\/v2\/product_featured_cat?post=197750"},{"taxonomy":"product_brand","embeddable":true,"href":"https:\/\/shop.bantam.ch\/de\/wp-json\/wp\/v2\/product_brand?post=197750"},{"taxonomy":"product_cat","embeddable":true,"href":"https:\/\/shop.bantam.ch\/de\/wp-json\/wp\/v2\/product_cat?post=197750"},{"taxonomy":"product_tag","embeddable":true,"href":"https:\/\/shop.bantam.ch\/de\/wp-json\/wp\/v2\/product_tag?post=197750"}],"curies":[{"name":"wp","href":"https:\/\/api.w.org\/{rel}","templated":true}]}}