{"id":197708,"date":"2024-05-15T16:30:33","date_gmt":"2024-05-15T14:30:33","guid":{"rendered":"https:\/\/shop.bantam.ch\/produit\/kamera-caratec-cs121la\/"},"modified":"2026-04-17T23:09:16","modified_gmt":"2026-04-17T21:09:16","slug":"kamera-caratec-cs121la","status":"publish","type":"product","link":"https:\/\/shop.bantam.ch\/de\/produkt\/kamera-caratec-cs121la\/","title":{"rendered":"Kamera Caratec CS121LA"},"content":{"rendered":"<p>Kompakt, robust und mit hervorragender Bildqualit\u00e4t: Das ist die neue Kameraserie von Caratec, die in verschiedenen Bildformaten erh\u00e4ltlich ist. Die Kameras CS121LA (NTSC), CS122 (AHD) und CS123LA (HD-TVI) eignen sich f\u00fcr eine Vielzahl von Anwendungen. Das kompakte Geh\u00e4use macht sich gut an der R\u00fcckwand des Wohnmobils und erm\u00f6glicht die Montage auch bei beengten Platzverh\u00e4ltnissen.<br \/>\nDie mitgelieferten Abdeckungen f\u00fcr die Schrauben sorgen f\u00fcr die perfekte Optik. Gro\u00dfe Schraubl\u00f6cher erm\u00f6glichen eine sichere Montage.&nbsp;Besonders hochwertige Bildsensoren sorgen auch bei schlechten Sichtverh\u00e4ltnissen f\u00fcr beste Bildqualit\u00e4t. Die Kameras sind in verschiedenen Ausf\u00fchrungen (NTSC, AHD, HD-TVI) erh\u00e4ltlich. Das Geh\u00e4use aus extrem robustem Metalldruckguss ist kompakt und verzeiht auch mal den rauen Kontakt mit einer Waschb\u00fcrste. Farbnorm: CVBS (NTSC) damit geeignet f\u00fcr praktisch alle Monitore, Moniceiver und Navis.<\/p>\n<ul>\n<li>Chipsatz: 1\/3\u201c CMOS<\/li>\n<li>Aufl\u00f6sung: 1200 TVL<\/li>\n<li>Lichtempfindlichkeit: 0,01 Lux<\/li>\n<li>LED-Beamer f\u00fcr beste Nachtsicht integriert<\/li>\n<li>Automatische Tag-\/Nachtumschaltung<\/li>\n<li>Blickwinkel: 170\u00b0 diagonal, 135\u00b0 horizontal, 90\u00b0 vertikal<\/li>\n<li>Spannungsversorgung nom.: 12 Volt (Netzteil in der Kamera integriert)<\/li>\n<li>Spannungsbereich: 11\u202615 V<\/li>\n<li>Schutzart: IP 69K<\/li>\n<li>Leitungsl\u00e4nge: 15 m<\/li>\n<li>Anschluss radioseitig: Cinch<\/li>\n<\/ul>\n","protected":false},"excerpt":{"rendered":"<p>Kompakt, robust und mit hervorragender Bildqualit\u00e4t: Das ist die neue Kameraserie von Caratec, die in verschiedenen Bildformaten erh\u00e4ltlich ist. Die Kameras CS121LA (NTSC), CS122 (AHD) und CS123LA (HD-TVI) eignen sich f\u00fcr eine Vielzahl von Anwendungen. Das kompakte Geh\u00e4use macht sich gut an der R\u00fcckwand des Wohnmobils und erm\u00f6glicht die Montage auch bei beengten Platzverh\u00e4ltnissen. Die [&hellip;]<\/p>\n","protected":false},"featured_media":207113,"template":"","meta":{"_acf_changed":false},"product_featured_cat":[],"product_brand":[3071],"product_cat":[5002],"product_tag":[],"class_list":{"0":"post-197708","1":"product","2":"type-product","3":"status-publish","4":"has-post-thumbnail","6":"product_brand-caratec-de","7":"product_cat-kameras","9":"first","10":"instock","11":"taxable","12":"shipping-taxable","13":"purchasable","14":"product-type-simple"},"acf":[],"yoast_head":"<!-- This site is optimized with the Yoast SEO plugin v27.4 - https:\/\/yoast.com\/product\/yoast-seo-wordpress\/ -->\n<title>Kamera Caratec CS121LA - Bantam Camping AG<\/title>\n<meta name=\"robots\" content=\"index, follow, max-snippet:-1, max-image-preview:large, max-video-preview:-1\" \/>\n<link rel=\"canonical\" href=\"https:\/\/shop.bantam.ch\/de\/produkt\/kamera-caratec-cs121la\/\" \/>\n<meta property=\"og:locale\" content=\"de_DE\" \/>\n<meta property=\"og:type\" content=\"article\" \/>\n<meta property=\"og:title\" content=\"Kamera Caratec CS121LA - Bantam Camping AG\" \/>\n<meta property=\"og:description\" content=\"Kompakt, robust und mit hervorragender Bildqualit\u00e4t: Das ist die neue Kameraserie von Caratec, die in verschiedenen Bildformaten erh\u00e4ltlich ist. Die Kameras CS121LA (NTSC), CS122 (AHD) und CS123LA (HD-TVI) eignen sich f\u00fcr eine Vielzahl von Anwendungen. Das kompakte Geh\u00e4use macht sich gut an der R\u00fcckwand des Wohnmobils und erm\u00f6glicht die Montage auch bei beengten Platzverh\u00e4ltnissen. Die [&hellip;]\" \/>\n<meta property=\"og:url\" content=\"https:\/\/shop.bantam.ch\/de\/produkt\/kamera-caratec-cs121la\/\" \/>\n<meta property=\"og:site_name\" content=\"Bantam Camping AG\" \/>\n<meta property=\"article:modified_time\" content=\"2026-04-17T21:09:16+00:00\" \/>\n<meta property=\"og:image\" content=\"https:\/\/shop.bantam.ch\/wp-content\/uploads\/2024\/05\/Movera-L-9963317100.jpg\" \/>\n\t<meta property=\"og:image:width\" content=\"640\" \/>\n\t<meta property=\"og:image:height\" content=\"589\" \/>\n\t<meta property=\"og:image:type\" content=\"image\/jpeg\" \/>\n<meta name=\"twitter:card\" content=\"summary_large_image\" \/>\n<meta name=\"twitter:label1\" content=\"Gesch\u00e4tzte Lesezeit\" \/>\n\t<meta name=\"twitter:data1\" content=\"1\u00a0Minute\" \/>\n<script type=\"application\/ld+json\" class=\"yoast-schema-graph\">{\"@context\":\"https:\\\/\\\/schema.org\",\"@graph\":[{\"@type\":\"WebPage\",\"@id\":\"https:\\\/\\\/shop.bantam.ch\\\/de\\\/produkt\\\/kamera-caratec-cs121la\\\/\",\"url\":\"https:\\\/\\\/shop.bantam.ch\\\/de\\\/produkt\\\/kamera-caratec-cs121la\\\/\",\"name\":\"Kamera Caratec CS121LA - Bantam Camping AG\",\"isPartOf\":{\"@id\":\"https:\\\/\\\/shop.bantam.ch\\\/de\\\/#website\"},\"primaryImageOfPage\":{\"@id\":\"https:\\\/\\\/shop.bantam.ch\\\/de\\\/produkt\\\/kamera-caratec-cs121la\\\/#primaryimage\"},\"image\":{\"@id\":\"https:\\\/\\\/shop.bantam.ch\\\/de\\\/produkt\\\/kamera-caratec-cs121la\\\/#primaryimage\"},\"thumbnailUrl\":\"https:\\\/\\\/shop.bantam.ch\\\/wp-content\\\/uploads\\\/2024\\\/09\\\/Movera-L-9963317100.jpg\",\"datePublished\":\"2024-05-15T14:30:33+00:00\",\"dateModified\":\"2026-04-17T21:09:16+00:00\",\"breadcrumb\":{\"@id\":\"https:\\\/\\\/shop.bantam.ch\\\/de\\\/produkt\\\/kamera-caratec-cs121la\\\/#breadcrumb\"},\"inLanguage\":\"de\",\"potentialAction\":[{\"@type\":\"ReadAction\",\"target\":[\"https:\\\/\\\/shop.bantam.ch\\\/de\\\/produkt\\\/kamera-caratec-cs121la\\\/\"]}]},{\"@type\":\"ImageObject\",\"inLanguage\":\"de\",\"@id\":\"https:\\\/\\\/shop.bantam.ch\\\/de\\\/produkt\\\/kamera-caratec-cs121la\\\/#primaryimage\",\"url\":\"https:\\\/\\\/shop.bantam.ch\\\/wp-content\\\/uploads\\\/2024\\\/09\\\/Movera-L-9963317100.jpg\",\"contentUrl\":\"https:\\\/\\\/shop.bantam.ch\\\/wp-content\\\/uploads\\\/2024\\\/09\\\/Movera-L-9963317100.jpg\",\"width\":640,\"height\":589},{\"@type\":\"BreadcrumbList\",\"@id\":\"https:\\\/\\\/shop.bantam.ch\\\/de\\\/produkt\\\/kamera-caratec-cs121la\\\/#breadcrumb\",\"itemListElement\":[{\"@type\":\"ListItem\",\"position\":1,\"name\":\"Accueil\",\"item\":\"https:\\\/\\\/shop.bantam.ch\\\/de\\\/\"},{\"@type\":\"ListItem\",\"position\":2,\"name\":\"Shop\",\"item\":\"https:\\\/\\\/shop.bantam.ch\\\/de\\\/shop\\\/\"},{\"@type\":\"ListItem\",\"position\":3,\"name\":\"Kamera Caratec CS121LA\"}]},{\"@type\":\"WebSite\",\"@id\":\"https:\\\/\\\/shop.bantam.ch\\\/de\\\/#website\",\"url\":\"https:\\\/\\\/shop.bantam.ch\\\/de\\\/\",\"name\":\"Bantam Camping AG\",\"description\":\"\",\"publisher\":{\"@id\":\"https:\\\/\\\/shop.bantam.ch\\\/de\\\/#organization\"},\"inLanguage\":\"de\"},{\"@type\":\"Organization\",\"@id\":\"https:\\\/\\\/shop.bantam.ch\\\/de\\\/#organization\",\"name\":\"Bantam Camping AG\",\"url\":\"https:\\\/\\\/shop.bantam.ch\\\/de\\\/\",\"logo\":{\"@type\":\"ImageObject\",\"inLanguage\":\"de\",\"@id\":\"https:\\\/\\\/shop.bantam.ch\\\/de\\\/#\\\/schema\\\/logo\\\/image\\\/\",\"url\":\"https:\\\/\\\/shop.bantam.ch\\\/wp-content\\\/uploads\\\/2022\\\/12\\\/bantam-logo.png\",\"contentUrl\":\"https:\\\/\\\/shop.bantam.ch\\\/wp-content\\\/uploads\\\/2022\\\/12\\\/bantam-logo.png\",\"width\":320,\"height\":71,\"caption\":\"Bantam Camping AG\"},\"image\":{\"@id\":\"https:\\\/\\\/shop.bantam.ch\\\/de\\\/#\\\/schema\\\/logo\\\/image\\\/\"}}]}<\/script>\n<!-- \/ Yoast SEO plugin. -->","yoast_head_json":{"title":"Kamera Caratec CS121LA - Bantam Camping AG","robots":{"index":"index","follow":"follow","max-snippet":"max-snippet:-1","max-image-preview":"max-image-preview:large","max-video-preview":"max-video-preview:-1"},"canonical":"https:\/\/shop.bantam.ch\/de\/produkt\/kamera-caratec-cs121la\/","og_locale":"de_DE","og_type":"article","og_title":"Kamera Caratec CS121LA - Bantam Camping AG","og_description":"Kompakt, robust und mit hervorragender Bildqualit\u00e4t: Das ist die neue Kameraserie von Caratec, die in verschiedenen Bildformaten erh\u00e4ltlich ist. Die Kameras CS121LA (NTSC), CS122 (AHD) und CS123LA (HD-TVI) eignen sich f\u00fcr eine Vielzahl von Anwendungen. Das kompakte Geh\u00e4use macht sich gut an der R\u00fcckwand des Wohnmobils und erm\u00f6glicht die Montage auch bei beengten Platzverh\u00e4ltnissen. Die [&hellip;]","og_url":"https:\/\/shop.bantam.ch\/de\/produkt\/kamera-caratec-cs121la\/","og_site_name":"Bantam Camping AG","article_modified_time":"2026-04-17T21:09:16+00:00","og_image":[{"width":640,"height":589,"url":"https:\/\/shop.bantam.ch\/wp-content\/uploads\/2024\/05\/Movera-L-9963317100.jpg","type":"image\/jpeg"}],"twitter_card":"summary_large_image","twitter_misc":{"Gesch\u00e4tzte Lesezeit":"1\u00a0Minute"},"schema":{"@context":"https:\/\/schema.org","@graph":[{"@type":"WebPage","@id":"https:\/\/shop.bantam.ch\/de\/produkt\/kamera-caratec-cs121la\/","url":"https:\/\/shop.bantam.ch\/de\/produkt\/kamera-caratec-cs121la\/","name":"Kamera Caratec CS121LA - Bantam Camping AG","isPartOf":{"@id":"https:\/\/shop.bantam.ch\/de\/#website"},"primaryImageOfPage":{"@id":"https:\/\/shop.bantam.ch\/de\/produkt\/kamera-caratec-cs121la\/#primaryimage"},"image":{"@id":"https:\/\/shop.bantam.ch\/de\/produkt\/kamera-caratec-cs121la\/#primaryimage"},"thumbnailUrl":"https:\/\/shop.bantam.ch\/wp-content\/uploads\/2024\/09\/Movera-L-9963317100.jpg","datePublished":"2024-05-15T14:30:33+00:00","dateModified":"2026-04-17T21:09:16+00:00","breadcrumb":{"@id":"https:\/\/shop.bantam.ch\/de\/produkt\/kamera-caratec-cs121la\/#breadcrumb"},"inLanguage":"de","potentialAction":[{"@type":"ReadAction","target":["https:\/\/shop.bantam.ch\/de\/produkt\/kamera-caratec-cs121la\/"]}]},{"@type":"ImageObject","inLanguage":"de","@id":"https:\/\/shop.bantam.ch\/de\/produkt\/kamera-caratec-cs121la\/#primaryimage","url":"https:\/\/shop.bantam.ch\/wp-content\/uploads\/2024\/09\/Movera-L-9963317100.jpg","contentUrl":"https:\/\/shop.bantam.ch\/wp-content\/uploads\/2024\/09\/Movera-L-9963317100.jpg","width":640,"height":589},{"@type":"BreadcrumbList","@id":"https:\/\/shop.bantam.ch\/de\/produkt\/kamera-caratec-cs121la\/#breadcrumb","itemListElement":[{"@type":"ListItem","position":1,"name":"Accueil","item":"https:\/\/shop.bantam.ch\/de\/"},{"@type":"ListItem","position":2,"name":"Shop","item":"https:\/\/shop.bantam.ch\/de\/shop\/"},{"@type":"ListItem","position":3,"name":"Kamera Caratec CS121LA"}]},{"@type":"WebSite","@id":"https:\/\/shop.bantam.ch\/de\/#website","url":"https:\/\/shop.bantam.ch\/de\/","name":"Bantam Camping AG","description":"","publisher":{"@id":"https:\/\/shop.bantam.ch\/de\/#organization"},"inLanguage":"de"},{"@type":"Organization","@id":"https:\/\/shop.bantam.ch\/de\/#organization","name":"Bantam Camping AG","url":"https:\/\/shop.bantam.ch\/de\/","logo":{"@type":"ImageObject","inLanguage":"de","@id":"https:\/\/shop.bantam.ch\/de\/#\/schema\/logo\/image\/","url":"https:\/\/shop.bantam.ch\/wp-content\/uploads\/2022\/12\/bantam-logo.png","contentUrl":"https:\/\/shop.bantam.ch\/wp-content\/uploads\/2022\/12\/bantam-logo.png","width":320,"height":71,"caption":"Bantam Camping AG"},"image":{"@id":"https:\/\/shop.bantam.ch\/de\/#\/schema\/logo\/image\/"}}]}},"_links":{"self":[{"href":"https:\/\/shop.bantam.ch\/de\/wp-json\/wp\/v2\/product\/197708","targetHints":{"allow":["GET"]}}],"collection":[{"href":"https:\/\/shop.bantam.ch\/de\/wp-json\/wp\/v2\/product"}],"about":[{"href":"https:\/\/shop.bantam.ch\/de\/wp-json\/wp\/v2\/types\/product"}],"wp:featuredmedia":[{"embeddable":true,"href":"https:\/\/shop.bantam.ch\/de\/wp-json\/wp\/v2\/media\/207113"}],"wp:attachment":[{"href":"https:\/\/shop.bantam.ch\/de\/wp-json\/wp\/v2\/media?parent=197708"}],"wp:term":[{"taxonomy":"product_featured_cat","embeddable":true,"href":"https:\/\/shop.bantam.ch\/de\/wp-json\/wp\/v2\/product_featured_cat?post=197708"},{"taxonomy":"product_brand","embeddable":true,"href":"https:\/\/shop.bantam.ch\/de\/wp-json\/wp\/v2\/product_brand?post=197708"},{"taxonomy":"product_cat","embeddable":true,"href":"https:\/\/shop.bantam.ch\/de\/wp-json\/wp\/v2\/product_cat?post=197708"},{"taxonomy":"product_tag","embeddable":true,"href":"https:\/\/shop.bantam.ch\/de\/wp-json\/wp\/v2\/product_tag?post=197708"}],"curies":[{"name":"wp","href":"https:\/\/api.w.org\/{rel}","templated":true}]}}