{"id":197704,"date":"2024-05-15T16:30:27","date_gmt":"2024-05-15T14:30:27","guid":{"rendered":"https:\/\/shop.bantam.ch\/produit\/rueckfahrvideosystem-caratec-safty-csv7010hd\/"},"modified":"2026-04-19T23:15:01","modified_gmt":"2026-04-19T21:15:01","slug":"rueckfahrvideosystem-caratec-safty-csv7010hd","status":"publish","type":"product","link":"https:\/\/shop.bantam.ch\/de\/produkt\/rueckfahrvideosystem-caratec-safty-csv7010hd\/","title":{"rendered":"R\u00fcckfahrvideosystem Caratec Safty CSV7010HD"},"content":{"rendered":"<p>Entdecken Sie eine neue \u00c4ra der Sicherheit und Klarheit mit unserem herausragenden Set, das einen hochaufl\u00f6senden 7\u201d R\u00fcckfahrmonitor f\u00fcr Wohnmobile und eine erstklassige AHD-R\u00fcckfahrkamera mit Infrarot-Beamer umfasst.<\/p>\n<p>Der gro\u00dfz\u00fcgige 7\u201d R\u00fcckfahrmonitor bietet Ihnen eine brillante Bildqualit\u00e4t und ein \u00fcbersichtliches Display, das Ihnen ein m\u00fcheloses und pr\u00e4zises R\u00fcckw\u00e4rtsfahren erm\u00f6glicht. Mit seiner gro\u00dffl\u00e4chigen Darstellung haben Sie stets den vollen \u00dcberblick \u00fcber das Geschehen hinter Ihrem Wohnmobil, um Hindernisse sicher zu umgehen.<\/p>\n<p>Die hochaufl\u00f6sende AHD-R\u00fcckfahrkamera ist ein Meisterwerk der Technik. Dank der fortschrittlichen AHD-Technologie erhalten Sie gestochen scharfe Bilder in hervorragender Aufl\u00f6sung.<br \/>\nDer integrierte Infrarot-Beamer erm\u00f6glicht Ihnen eine beeindruckende Nachtsichtfunktion, damit Sie auch bei vollkommener Dunkelheit das Umfeld klar erkennen k\u00f6nnen.<\/p>\n<p>Die mitgelieferten Abdeckungen f\u00fcr die Schrauben sorgen f\u00fcr die perfekte Optik. Gro\u00dfe Schraubl\u00f6cher erm\u00f6glichen eine sichere Montage. Das Geh\u00e4use aus extrem robustem Metalldruckguss ist kompakt und verzeiht auch mal den rauen Kontakt mit einer Waschb\u00fcrste. Das kompakte Geh\u00e4use macht sich gut an der R\u00fcckwand des Wohnmobils und erm\u00f6glicht die Montage auch bei beengten Platzverh\u00e4ltnissen.<\/p>\n<p>\nDieses Set ist ein echter Gewinn f\u00fcr Ihre Sicherheit und Fahrzeugkontrolle. Die AHD-R\u00fcckfahrkamera erfasst das Geschehen hinter Ihrem Wohnmobil mit au\u00dfergew\u00f6hnlicher Genauigkeit und liefert Ihnen ein gestochen scharfes Bild f\u00fcr eine pr\u00e4zise und sichere Fahrzeugman\u00f6vrierung.<\/p>\n<p>Die Komponenten sind speziell f\u00fcr Wohnmobile entwickelt worden, wodurch Sie ohne gro\u00dfen Aufwand von der erh\u00f6hten Sicherheit und dem zus\u00e4tzlichen Komfort profitieren k\u00f6nnen.<\/p>\n<p>Erleben Sie eine sorgenfreie Fahrt mit unserem hochaufl\u00f6senden 7\u201d R\u00fcckfahrmonitor und der erstklassigen AHD-R\u00fcckfahrkamera mit Infrarot-Beamer f\u00fcr Wohnmobile. Investieren Sie in Spitzenqualit\u00e4t und genie\u00dfen Sie maximale Sicherheit und Fahrkomfort w\u00e4hrend Ihrer Abenteuer auf der Stra\u00dfe.<\/p>\n<p>Lieferumfang:<br \/>\nInklusive Monitor CSM7010, R\u00fcckfahrkamera CS122 inkl. Adapter, Verbindungsleitung MCA29004 (20 m), Fernbedienung f\u00fcr den Monitor, Leitungssatz, universeller und kompakter Monitorhalter<\/p>\n","protected":false},"excerpt":{"rendered":"<p>Entdecken Sie eine neue \u00c4ra der Sicherheit und Klarheit mit unserem herausragenden Set, das einen hochaufl\u00f6senden 7\u201d R\u00fcckfahrmonitor f\u00fcr Wohnmobile und eine erstklassige AHD-R\u00fcckfahrkamera mit Infrarot-Beamer umfasst. Der gro\u00dfz\u00fcgige 7\u201d R\u00fcckfahrmonitor bietet Ihnen eine brillante Bildqualit\u00e4t und ein \u00fcbersichtliches Display, das Ihnen ein m\u00fcheloses und pr\u00e4zises R\u00fcckw\u00e4rtsfahren erm\u00f6glicht. Mit seiner gro\u00dffl\u00e4chigen Darstellung haben Sie stets [&hellip;]<\/p>\n","protected":false},"featured_media":207111,"template":"","meta":{"_acf_changed":false},"product_featured_cat":[],"product_brand":[3071],"product_cat":[5154],"product_tag":[],"class_list":{"0":"post-197704","1":"product","2":"type-product","3":"status-publish","4":"has-post-thumbnail","6":"product_brand-caratec-de","7":"product_cat-rueckfahrvideosystem-sets","9":"first","10":"instock","11":"taxable","12":"shipping-taxable","13":"purchasable","14":"product-type-simple"},"acf":[],"yoast_head":"<!-- This site is optimized with the Yoast SEO plugin v27.4 - https:\/\/yoast.com\/product\/yoast-seo-wordpress\/ -->\n<title>R\u00fcckfahrvideosystem Caratec Safty CSV7010HD - Bantam Camping AG<\/title>\n<meta name=\"robots\" content=\"index, follow, max-snippet:-1, max-image-preview:large, max-video-preview:-1\" \/>\n<link rel=\"canonical\" href=\"https:\/\/shop.bantam.ch\/de\/produkt\/rueckfahrvideosystem-caratec-safty-csv7010hd\/\" \/>\n<meta property=\"og:locale\" content=\"de_DE\" \/>\n<meta property=\"og:type\" content=\"article\" \/>\n<meta property=\"og:title\" content=\"R\u00fcckfahrvideosystem Caratec Safty CSV7010HD - Bantam Camping AG\" \/>\n<meta property=\"og:description\" content=\"Entdecken Sie eine neue \u00c4ra der Sicherheit und Klarheit mit unserem herausragenden Set, das einen hochaufl\u00f6senden 7\u201d R\u00fcckfahrmonitor f\u00fcr Wohnmobile und eine erstklassige AHD-R\u00fcckfahrkamera mit Infrarot-Beamer umfasst. Der gro\u00dfz\u00fcgige 7\u201d R\u00fcckfahrmonitor bietet Ihnen eine brillante Bildqualit\u00e4t und ein \u00fcbersichtliches Display, das Ihnen ein m\u00fcheloses und pr\u00e4zises R\u00fcckw\u00e4rtsfahren erm\u00f6glicht. Mit seiner gro\u00dffl\u00e4chigen Darstellung haben Sie stets [&hellip;]\" \/>\n<meta property=\"og:url\" content=\"https:\/\/shop.bantam.ch\/de\/produkt\/rueckfahrvideosystem-caratec-safty-csv7010hd\/\" \/>\n<meta property=\"og:site_name\" content=\"Bantam Camping AG\" \/>\n<meta property=\"article:modified_time\" content=\"2026-04-19T21:15:01+00:00\" \/>\n<meta property=\"og:image\" content=\"https:\/\/shop.bantam.ch\/wp-content\/uploads\/2024\/05\/Movera-L-9963316100.jpg\" \/>\n\t<meta property=\"og:image:width\" content=\"640\" \/>\n\t<meta property=\"og:image:height\" content=\"640\" \/>\n\t<meta property=\"og:image:type\" content=\"image\/jpeg\" \/>\n<meta name=\"twitter:card\" content=\"summary_large_image\" \/>\n<meta name=\"twitter:label1\" content=\"Gesch\u00e4tzte Lesezeit\" \/>\n\t<meta name=\"twitter:data1\" content=\"2\u00a0Minuten\" \/>\n<script type=\"application\/ld+json\" class=\"yoast-schema-graph\">{\"@context\":\"https:\\\/\\\/schema.org\",\"@graph\":[{\"@type\":\"WebPage\",\"@id\":\"https:\\\/\\\/shop.bantam.ch\\\/de\\\/produkt\\\/rueckfahrvideosystem-caratec-safty-csv7010hd\\\/\",\"url\":\"https:\\\/\\\/shop.bantam.ch\\\/de\\\/produkt\\\/rueckfahrvideosystem-caratec-safty-csv7010hd\\\/\",\"name\":\"R\u00fcckfahrvideosystem Caratec Safty CSV7010HD - Bantam Camping AG\",\"isPartOf\":{\"@id\":\"https:\\\/\\\/shop.bantam.ch\\\/de\\\/#website\"},\"primaryImageOfPage\":{\"@id\":\"https:\\\/\\\/shop.bantam.ch\\\/de\\\/produkt\\\/rueckfahrvideosystem-caratec-safty-csv7010hd\\\/#primaryimage\"},\"image\":{\"@id\":\"https:\\\/\\\/shop.bantam.ch\\\/de\\\/produkt\\\/rueckfahrvideosystem-caratec-safty-csv7010hd\\\/#primaryimage\"},\"thumbnailUrl\":\"https:\\\/\\\/shop.bantam.ch\\\/wp-content\\\/uploads\\\/2024\\\/09\\\/Movera-L-9963316100.jpg\",\"datePublished\":\"2024-05-15T14:30:27+00:00\",\"dateModified\":\"2026-04-19T21:15:01+00:00\",\"breadcrumb\":{\"@id\":\"https:\\\/\\\/shop.bantam.ch\\\/de\\\/produkt\\\/rueckfahrvideosystem-caratec-safty-csv7010hd\\\/#breadcrumb\"},\"inLanguage\":\"de\",\"potentialAction\":[{\"@type\":\"ReadAction\",\"target\":[\"https:\\\/\\\/shop.bantam.ch\\\/de\\\/produkt\\\/rueckfahrvideosystem-caratec-safty-csv7010hd\\\/\"]}]},{\"@type\":\"ImageObject\",\"inLanguage\":\"de\",\"@id\":\"https:\\\/\\\/shop.bantam.ch\\\/de\\\/produkt\\\/rueckfahrvideosystem-caratec-safty-csv7010hd\\\/#primaryimage\",\"url\":\"https:\\\/\\\/shop.bantam.ch\\\/wp-content\\\/uploads\\\/2024\\\/09\\\/Movera-L-9963316100.jpg\",\"contentUrl\":\"https:\\\/\\\/shop.bantam.ch\\\/wp-content\\\/uploads\\\/2024\\\/09\\\/Movera-L-9963316100.jpg\",\"width\":640,\"height\":640},{\"@type\":\"BreadcrumbList\",\"@id\":\"https:\\\/\\\/shop.bantam.ch\\\/de\\\/produkt\\\/rueckfahrvideosystem-caratec-safty-csv7010hd\\\/#breadcrumb\",\"itemListElement\":[{\"@type\":\"ListItem\",\"position\":1,\"name\":\"Accueil\",\"item\":\"https:\\\/\\\/shop.bantam.ch\\\/de\\\/\"},{\"@type\":\"ListItem\",\"position\":2,\"name\":\"Shop\",\"item\":\"https:\\\/\\\/shop.bantam.ch\\\/de\\\/shop\\\/\"},{\"@type\":\"ListItem\",\"position\":3,\"name\":\"R\u00fcckfahrvideosystem Caratec Safty CSV7010HD\"}]},{\"@type\":\"WebSite\",\"@id\":\"https:\\\/\\\/shop.bantam.ch\\\/de\\\/#website\",\"url\":\"https:\\\/\\\/shop.bantam.ch\\\/de\\\/\",\"name\":\"Bantam Camping AG\",\"description\":\"\",\"publisher\":{\"@id\":\"https:\\\/\\\/shop.bantam.ch\\\/de\\\/#organization\"},\"inLanguage\":\"de\"},{\"@type\":\"Organization\",\"@id\":\"https:\\\/\\\/shop.bantam.ch\\\/de\\\/#organization\",\"name\":\"Bantam Camping AG\",\"url\":\"https:\\\/\\\/shop.bantam.ch\\\/de\\\/\",\"logo\":{\"@type\":\"ImageObject\",\"inLanguage\":\"de\",\"@id\":\"https:\\\/\\\/shop.bantam.ch\\\/de\\\/#\\\/schema\\\/logo\\\/image\\\/\",\"url\":\"https:\\\/\\\/shop.bantam.ch\\\/wp-content\\\/uploads\\\/2022\\\/12\\\/bantam-logo.png\",\"contentUrl\":\"https:\\\/\\\/shop.bantam.ch\\\/wp-content\\\/uploads\\\/2022\\\/12\\\/bantam-logo.png\",\"width\":320,\"height\":71,\"caption\":\"Bantam Camping AG\"},\"image\":{\"@id\":\"https:\\\/\\\/shop.bantam.ch\\\/de\\\/#\\\/schema\\\/logo\\\/image\\\/\"}}]}<\/script>\n<!-- \/ Yoast SEO plugin. -->","yoast_head_json":{"title":"R\u00fcckfahrvideosystem Caratec Safty CSV7010HD - Bantam Camping AG","robots":{"index":"index","follow":"follow","max-snippet":"max-snippet:-1","max-image-preview":"max-image-preview:large","max-video-preview":"max-video-preview:-1"},"canonical":"https:\/\/shop.bantam.ch\/de\/produkt\/rueckfahrvideosystem-caratec-safty-csv7010hd\/","og_locale":"de_DE","og_type":"article","og_title":"R\u00fcckfahrvideosystem Caratec Safty CSV7010HD - Bantam Camping AG","og_description":"Entdecken Sie eine neue \u00c4ra der Sicherheit und Klarheit mit unserem herausragenden Set, das einen hochaufl\u00f6senden 7\u201d R\u00fcckfahrmonitor f\u00fcr Wohnmobile und eine erstklassige AHD-R\u00fcckfahrkamera mit Infrarot-Beamer umfasst. Der gro\u00dfz\u00fcgige 7\u201d R\u00fcckfahrmonitor bietet Ihnen eine brillante Bildqualit\u00e4t und ein \u00fcbersichtliches Display, das Ihnen ein m\u00fcheloses und pr\u00e4zises R\u00fcckw\u00e4rtsfahren erm\u00f6glicht. Mit seiner gro\u00dffl\u00e4chigen Darstellung haben Sie stets [&hellip;]","og_url":"https:\/\/shop.bantam.ch\/de\/produkt\/rueckfahrvideosystem-caratec-safty-csv7010hd\/","og_site_name":"Bantam Camping AG","article_modified_time":"2026-04-19T21:15:01+00:00","og_image":[{"width":640,"height":640,"url":"https:\/\/shop.bantam.ch\/wp-content\/uploads\/2024\/05\/Movera-L-9963316100.jpg","type":"image\/jpeg"}],"twitter_card":"summary_large_image","twitter_misc":{"Gesch\u00e4tzte Lesezeit":"2\u00a0Minuten"},"schema":{"@context":"https:\/\/schema.org","@graph":[{"@type":"WebPage","@id":"https:\/\/shop.bantam.ch\/de\/produkt\/rueckfahrvideosystem-caratec-safty-csv7010hd\/","url":"https:\/\/shop.bantam.ch\/de\/produkt\/rueckfahrvideosystem-caratec-safty-csv7010hd\/","name":"R\u00fcckfahrvideosystem Caratec Safty CSV7010HD - Bantam Camping AG","isPartOf":{"@id":"https:\/\/shop.bantam.ch\/de\/#website"},"primaryImageOfPage":{"@id":"https:\/\/shop.bantam.ch\/de\/produkt\/rueckfahrvideosystem-caratec-safty-csv7010hd\/#primaryimage"},"image":{"@id":"https:\/\/shop.bantam.ch\/de\/produkt\/rueckfahrvideosystem-caratec-safty-csv7010hd\/#primaryimage"},"thumbnailUrl":"https:\/\/shop.bantam.ch\/wp-content\/uploads\/2024\/09\/Movera-L-9963316100.jpg","datePublished":"2024-05-15T14:30:27+00:00","dateModified":"2026-04-19T21:15:01+00:00","breadcrumb":{"@id":"https:\/\/shop.bantam.ch\/de\/produkt\/rueckfahrvideosystem-caratec-safty-csv7010hd\/#breadcrumb"},"inLanguage":"de","potentialAction":[{"@type":"ReadAction","target":["https:\/\/shop.bantam.ch\/de\/produkt\/rueckfahrvideosystem-caratec-safty-csv7010hd\/"]}]},{"@type":"ImageObject","inLanguage":"de","@id":"https:\/\/shop.bantam.ch\/de\/produkt\/rueckfahrvideosystem-caratec-safty-csv7010hd\/#primaryimage","url":"https:\/\/shop.bantam.ch\/wp-content\/uploads\/2024\/09\/Movera-L-9963316100.jpg","contentUrl":"https:\/\/shop.bantam.ch\/wp-content\/uploads\/2024\/09\/Movera-L-9963316100.jpg","width":640,"height":640},{"@type":"BreadcrumbList","@id":"https:\/\/shop.bantam.ch\/de\/produkt\/rueckfahrvideosystem-caratec-safty-csv7010hd\/#breadcrumb","itemListElement":[{"@type":"ListItem","position":1,"name":"Accueil","item":"https:\/\/shop.bantam.ch\/de\/"},{"@type":"ListItem","position":2,"name":"Shop","item":"https:\/\/shop.bantam.ch\/de\/shop\/"},{"@type":"ListItem","position":3,"name":"R\u00fcckfahrvideosystem Caratec Safty CSV7010HD"}]},{"@type":"WebSite","@id":"https:\/\/shop.bantam.ch\/de\/#website","url":"https:\/\/shop.bantam.ch\/de\/","name":"Bantam Camping AG","description":"","publisher":{"@id":"https:\/\/shop.bantam.ch\/de\/#organization"},"inLanguage":"de"},{"@type":"Organization","@id":"https:\/\/shop.bantam.ch\/de\/#organization","name":"Bantam Camping AG","url":"https:\/\/shop.bantam.ch\/de\/","logo":{"@type":"ImageObject","inLanguage":"de","@id":"https:\/\/shop.bantam.ch\/de\/#\/schema\/logo\/image\/","url":"https:\/\/shop.bantam.ch\/wp-content\/uploads\/2022\/12\/bantam-logo.png","contentUrl":"https:\/\/shop.bantam.ch\/wp-content\/uploads\/2022\/12\/bantam-logo.png","width":320,"height":71,"caption":"Bantam Camping AG"},"image":{"@id":"https:\/\/shop.bantam.ch\/de\/#\/schema\/logo\/image\/"}}]}},"_links":{"self":[{"href":"https:\/\/shop.bantam.ch\/de\/wp-json\/wp\/v2\/product\/197704","targetHints":{"allow":["GET"]}}],"collection":[{"href":"https:\/\/shop.bantam.ch\/de\/wp-json\/wp\/v2\/product"}],"about":[{"href":"https:\/\/shop.bantam.ch\/de\/wp-json\/wp\/v2\/types\/product"}],"wp:featuredmedia":[{"embeddable":true,"href":"https:\/\/shop.bantam.ch\/de\/wp-json\/wp\/v2\/media\/207111"}],"wp:attachment":[{"href":"https:\/\/shop.bantam.ch\/de\/wp-json\/wp\/v2\/media?parent=197704"}],"wp:term":[{"taxonomy":"product_featured_cat","embeddable":true,"href":"https:\/\/shop.bantam.ch\/de\/wp-json\/wp\/v2\/product_featured_cat?post=197704"},{"taxonomy":"product_brand","embeddable":true,"href":"https:\/\/shop.bantam.ch\/de\/wp-json\/wp\/v2\/product_brand?post=197704"},{"taxonomy":"product_cat","embeddable":true,"href":"https:\/\/shop.bantam.ch\/de\/wp-json\/wp\/v2\/product_cat?post=197704"},{"taxonomy":"product_tag","embeddable":true,"href":"https:\/\/shop.bantam.ch\/de\/wp-json\/wp\/v2\/product_tag?post=197704"}],"curies":[{"name":"wp","href":"https:\/\/api.w.org\/{rel}","templated":true}]}}