{"id":197596,"date":"2024-05-15T16:28:11","date_gmt":"2024-05-15T14:28:11","guid":{"rendered":"https:\/\/shop.bantam.ch\/produit\/campingstuhl-brunner-rebel-h2l\/"},"modified":"2026-04-17T23:09:09","modified_gmt":"2026-04-17T21:09:09","slug":"campingstuhl-brunner-rebel-h2l","status":"publish","type":"product","link":"https:\/\/shop.bantam.ch\/de\/produkt\/campingstuhl-brunner-rebel-h2l\/","title":{"rendered":"Campingstuhl BRUNNER Rebel H2L"},"content":{"rendered":"<p>Komfortabler 4-Bein-Hochlehner mit brandneuem, platzsparendem Rahmen, der die perfekte L\u00f6sung f\u00fcr alle ist, die nicht \u00fcber umfangreiche Ablagem\u00f6glichkeiten in ihrem Fahrzeug verf\u00fcgen. Dank speziell angefertigter Gelenke war es m\u00f6glich, sowohl das hintere Stuhlbein als auch die Kopfst\u00fctze einzuklappen und so die H\u00f6he des Stuhls in geschlossener Position erheblich zu reduzieren. All dies unter Beibehaltung der Eigenschaften von Komfort und Eleganz, die f\u00fcr alle Modelle der Rebel-Kollektion kennzeichnend sind.<\/p>\n<ul>\n<li>Gestell in speziellem Trapezprofil aus lackiertem Aluminium<\/li>\n<li>Sitz und R\u00fcckenlehne aus 3Durafeel Pro Stoff<\/li>\n<li>Umklappbare Kopfst\u00fctze<\/li>\n<li>Klappbares hinteres Bein<\/li>\n<li>Verstellbare R\u00fcckenlehne (5 Positionen)<\/li>\n<li>Zentralgelenk aus Stahl<\/li>\n<li>Hochwertige Kunststoffarmlehnen mit Metallschienen<\/li>\n<li>Ergonomische R\u00fcckenlehne mit integrierter Lendenwirbelst\u00fctze<\/li>\n<li>Integrierte Organizer-Tasche in der R\u00fcckseite der R\u00fcckenlehne<\/li>\n<li>Kompatibel mit Fu\u00dfst\u00fctzen der &#8222;Rebel&#8220;-Serie<\/li>\n<\/ul>\n<p>Material:<br \/>\nBezug 100 % Polyester<br \/>\nGestell Aluminium<\/p>\n","protected":false},"excerpt":{"rendered":"<p>Komfortabler 4-Bein-Hochlehner mit brandneuem, platzsparendem Rahmen, der die perfekte L\u00f6sung f\u00fcr alle ist, die nicht \u00fcber umfangreiche Ablagem\u00f6glichkeiten in ihrem Fahrzeug verf\u00fcgen. Dank speziell angefertigter Gelenke war es m\u00f6glich, sowohl das hintere Stuhlbein als auch die Kopfst\u00fctze einzuklappen und so die H\u00f6he des Stuhls in geschlossener Position erheblich zu reduzieren. All dies unter Beibehaltung der [&hellip;]<\/p>\n","protected":false},"featured_media":207103,"template":"","meta":{"_acf_changed":false},"product_featured_cat":[],"product_brand":[3081],"product_cat":[4972],"product_tag":[],"class_list":{"0":"post-197596","1":"product","2":"type-product","3":"status-publish","4":"has-post-thumbnail","6":"product_brand-brunner-de","7":"product_cat-campingstuehle","9":"first","10":"instock","11":"taxable","12":"shipping-taxable","13":"purchasable","14":"product-type-simple"},"acf":[],"yoast_head":"<!-- This site is optimized with the Yoast SEO plugin v27.4 - https:\/\/yoast.com\/product\/yoast-seo-wordpress\/ -->\n<title>Campingstuhl BRUNNER Rebel H2L - Bantam Camping AG<\/title>\n<meta name=\"robots\" content=\"index, follow, max-snippet:-1, max-image-preview:large, max-video-preview:-1\" \/>\n<link rel=\"canonical\" href=\"https:\/\/shop.bantam.ch\/de\/produkt\/campingstuhl-brunner-rebel-h2l\/\" \/>\n<meta property=\"og:locale\" content=\"de_DE\" \/>\n<meta property=\"og:type\" content=\"article\" \/>\n<meta property=\"og:title\" content=\"Campingstuhl BRUNNER Rebel H2L - Bantam Camping AG\" \/>\n<meta property=\"og:description\" content=\"Komfortabler 4-Bein-Hochlehner mit brandneuem, platzsparendem Rahmen, der die perfekte L\u00f6sung f\u00fcr alle ist, die nicht \u00fcber umfangreiche Ablagem\u00f6glichkeiten in ihrem Fahrzeug verf\u00fcgen. Dank speziell angefertigter Gelenke war es m\u00f6glich, sowohl das hintere Stuhlbein als auch die Kopfst\u00fctze einzuklappen und so die H\u00f6he des Stuhls in geschlossener Position erheblich zu reduzieren. All dies unter Beibehaltung der [&hellip;]\" \/>\n<meta property=\"og:url\" content=\"https:\/\/shop.bantam.ch\/de\/produkt\/campingstuhl-brunner-rebel-h2l\/\" \/>\n<meta property=\"og:site_name\" content=\"Bantam Camping AG\" \/>\n<meta property=\"article:modified_time\" content=\"2026-04-17T21:09:09+00:00\" \/>\n<meta property=\"og:image\" content=\"https:\/\/shop.bantam.ch\/wp-content\/uploads\/2024\/05\/Movera-L-9962174100.jpg\" \/>\n\t<meta property=\"og:image:width\" content=\"640\" \/>\n\t<meta property=\"og:image:height\" content=\"999\" \/>\n\t<meta property=\"og:image:type\" content=\"image\/jpeg\" \/>\n<meta name=\"twitter:card\" content=\"summary_large_image\" \/>\n<meta name=\"twitter:label1\" content=\"Gesch\u00e4tzte Lesezeit\" \/>\n\t<meta name=\"twitter:data1\" content=\"1\u00a0Minute\" \/>\n<script type=\"application\/ld+json\" class=\"yoast-schema-graph\">{\"@context\":\"https:\\\/\\\/schema.org\",\"@graph\":[{\"@type\":\"WebPage\",\"@id\":\"https:\\\/\\\/shop.bantam.ch\\\/de\\\/produkt\\\/campingstuhl-brunner-rebel-h2l\\\/\",\"url\":\"https:\\\/\\\/shop.bantam.ch\\\/de\\\/produkt\\\/campingstuhl-brunner-rebel-h2l\\\/\",\"name\":\"Campingstuhl BRUNNER Rebel H2L - Bantam Camping AG\",\"isPartOf\":{\"@id\":\"https:\\\/\\\/shop.bantam.ch\\\/de\\\/#website\"},\"primaryImageOfPage\":{\"@id\":\"https:\\\/\\\/shop.bantam.ch\\\/de\\\/produkt\\\/campingstuhl-brunner-rebel-h2l\\\/#primaryimage\"},\"image\":{\"@id\":\"https:\\\/\\\/shop.bantam.ch\\\/de\\\/produkt\\\/campingstuhl-brunner-rebel-h2l\\\/#primaryimage\"},\"thumbnailUrl\":\"https:\\\/\\\/shop.bantam.ch\\\/wp-content\\\/uploads\\\/2024\\\/09\\\/Movera-L-9962174100.jpg\",\"datePublished\":\"2024-05-15T14:28:11+00:00\",\"dateModified\":\"2026-04-17T21:09:09+00:00\",\"breadcrumb\":{\"@id\":\"https:\\\/\\\/shop.bantam.ch\\\/de\\\/produkt\\\/campingstuhl-brunner-rebel-h2l\\\/#breadcrumb\"},\"inLanguage\":\"de\",\"potentialAction\":[{\"@type\":\"ReadAction\",\"target\":[\"https:\\\/\\\/shop.bantam.ch\\\/de\\\/produkt\\\/campingstuhl-brunner-rebel-h2l\\\/\"]}]},{\"@type\":\"ImageObject\",\"inLanguage\":\"de\",\"@id\":\"https:\\\/\\\/shop.bantam.ch\\\/de\\\/produkt\\\/campingstuhl-brunner-rebel-h2l\\\/#primaryimage\",\"url\":\"https:\\\/\\\/shop.bantam.ch\\\/wp-content\\\/uploads\\\/2024\\\/09\\\/Movera-L-9962174100.jpg\",\"contentUrl\":\"https:\\\/\\\/shop.bantam.ch\\\/wp-content\\\/uploads\\\/2024\\\/09\\\/Movera-L-9962174100.jpg\",\"width\":640,\"height\":999},{\"@type\":\"BreadcrumbList\",\"@id\":\"https:\\\/\\\/shop.bantam.ch\\\/de\\\/produkt\\\/campingstuhl-brunner-rebel-h2l\\\/#breadcrumb\",\"itemListElement\":[{\"@type\":\"ListItem\",\"position\":1,\"name\":\"Accueil\",\"item\":\"https:\\\/\\\/shop.bantam.ch\\\/de\\\/\"},{\"@type\":\"ListItem\",\"position\":2,\"name\":\"Shop\",\"item\":\"https:\\\/\\\/shop.bantam.ch\\\/de\\\/shop\\\/\"},{\"@type\":\"ListItem\",\"position\":3,\"name\":\"Campingstuhl BRUNNER Rebel H2L\"}]},{\"@type\":\"WebSite\",\"@id\":\"https:\\\/\\\/shop.bantam.ch\\\/de\\\/#website\",\"url\":\"https:\\\/\\\/shop.bantam.ch\\\/de\\\/\",\"name\":\"Bantam Camping AG\",\"description\":\"\",\"publisher\":{\"@id\":\"https:\\\/\\\/shop.bantam.ch\\\/de\\\/#organization\"},\"inLanguage\":\"de\"},{\"@type\":\"Organization\",\"@id\":\"https:\\\/\\\/shop.bantam.ch\\\/de\\\/#organization\",\"name\":\"Bantam Camping AG\",\"url\":\"https:\\\/\\\/shop.bantam.ch\\\/de\\\/\",\"logo\":{\"@type\":\"ImageObject\",\"inLanguage\":\"de\",\"@id\":\"https:\\\/\\\/shop.bantam.ch\\\/de\\\/#\\\/schema\\\/logo\\\/image\\\/\",\"url\":\"https:\\\/\\\/shop.bantam.ch\\\/wp-content\\\/uploads\\\/2022\\\/12\\\/bantam-logo.png\",\"contentUrl\":\"https:\\\/\\\/shop.bantam.ch\\\/wp-content\\\/uploads\\\/2022\\\/12\\\/bantam-logo.png\",\"width\":320,\"height\":71,\"caption\":\"Bantam Camping AG\"},\"image\":{\"@id\":\"https:\\\/\\\/shop.bantam.ch\\\/de\\\/#\\\/schema\\\/logo\\\/image\\\/\"}}]}<\/script>\n<!-- \/ Yoast SEO plugin. -->","yoast_head_json":{"title":"Campingstuhl BRUNNER Rebel H2L - Bantam Camping AG","robots":{"index":"index","follow":"follow","max-snippet":"max-snippet:-1","max-image-preview":"max-image-preview:large","max-video-preview":"max-video-preview:-1"},"canonical":"https:\/\/shop.bantam.ch\/de\/produkt\/campingstuhl-brunner-rebel-h2l\/","og_locale":"de_DE","og_type":"article","og_title":"Campingstuhl BRUNNER Rebel H2L - Bantam Camping AG","og_description":"Komfortabler 4-Bein-Hochlehner mit brandneuem, platzsparendem Rahmen, der die perfekte L\u00f6sung f\u00fcr alle ist, die nicht \u00fcber umfangreiche Ablagem\u00f6glichkeiten in ihrem Fahrzeug verf\u00fcgen. Dank speziell angefertigter Gelenke war es m\u00f6glich, sowohl das hintere Stuhlbein als auch die Kopfst\u00fctze einzuklappen und so die H\u00f6he des Stuhls in geschlossener Position erheblich zu reduzieren. All dies unter Beibehaltung der [&hellip;]","og_url":"https:\/\/shop.bantam.ch\/de\/produkt\/campingstuhl-brunner-rebel-h2l\/","og_site_name":"Bantam Camping AG","article_modified_time":"2026-04-17T21:09:09+00:00","og_image":[{"width":640,"height":999,"url":"https:\/\/shop.bantam.ch\/wp-content\/uploads\/2024\/05\/Movera-L-9962174100.jpg","type":"image\/jpeg"}],"twitter_card":"summary_large_image","twitter_misc":{"Gesch\u00e4tzte Lesezeit":"1\u00a0Minute"},"schema":{"@context":"https:\/\/schema.org","@graph":[{"@type":"WebPage","@id":"https:\/\/shop.bantam.ch\/de\/produkt\/campingstuhl-brunner-rebel-h2l\/","url":"https:\/\/shop.bantam.ch\/de\/produkt\/campingstuhl-brunner-rebel-h2l\/","name":"Campingstuhl BRUNNER Rebel H2L - Bantam Camping AG","isPartOf":{"@id":"https:\/\/shop.bantam.ch\/de\/#website"},"primaryImageOfPage":{"@id":"https:\/\/shop.bantam.ch\/de\/produkt\/campingstuhl-brunner-rebel-h2l\/#primaryimage"},"image":{"@id":"https:\/\/shop.bantam.ch\/de\/produkt\/campingstuhl-brunner-rebel-h2l\/#primaryimage"},"thumbnailUrl":"https:\/\/shop.bantam.ch\/wp-content\/uploads\/2024\/09\/Movera-L-9962174100.jpg","datePublished":"2024-05-15T14:28:11+00:00","dateModified":"2026-04-17T21:09:09+00:00","breadcrumb":{"@id":"https:\/\/shop.bantam.ch\/de\/produkt\/campingstuhl-brunner-rebel-h2l\/#breadcrumb"},"inLanguage":"de","potentialAction":[{"@type":"ReadAction","target":["https:\/\/shop.bantam.ch\/de\/produkt\/campingstuhl-brunner-rebel-h2l\/"]}]},{"@type":"ImageObject","inLanguage":"de","@id":"https:\/\/shop.bantam.ch\/de\/produkt\/campingstuhl-brunner-rebel-h2l\/#primaryimage","url":"https:\/\/shop.bantam.ch\/wp-content\/uploads\/2024\/09\/Movera-L-9962174100.jpg","contentUrl":"https:\/\/shop.bantam.ch\/wp-content\/uploads\/2024\/09\/Movera-L-9962174100.jpg","width":640,"height":999},{"@type":"BreadcrumbList","@id":"https:\/\/shop.bantam.ch\/de\/produkt\/campingstuhl-brunner-rebel-h2l\/#breadcrumb","itemListElement":[{"@type":"ListItem","position":1,"name":"Accueil","item":"https:\/\/shop.bantam.ch\/de\/"},{"@type":"ListItem","position":2,"name":"Shop","item":"https:\/\/shop.bantam.ch\/de\/shop\/"},{"@type":"ListItem","position":3,"name":"Campingstuhl BRUNNER Rebel H2L"}]},{"@type":"WebSite","@id":"https:\/\/shop.bantam.ch\/de\/#website","url":"https:\/\/shop.bantam.ch\/de\/","name":"Bantam Camping AG","description":"","publisher":{"@id":"https:\/\/shop.bantam.ch\/de\/#organization"},"inLanguage":"de"},{"@type":"Organization","@id":"https:\/\/shop.bantam.ch\/de\/#organization","name":"Bantam Camping AG","url":"https:\/\/shop.bantam.ch\/de\/","logo":{"@type":"ImageObject","inLanguage":"de","@id":"https:\/\/shop.bantam.ch\/de\/#\/schema\/logo\/image\/","url":"https:\/\/shop.bantam.ch\/wp-content\/uploads\/2022\/12\/bantam-logo.png","contentUrl":"https:\/\/shop.bantam.ch\/wp-content\/uploads\/2022\/12\/bantam-logo.png","width":320,"height":71,"caption":"Bantam Camping AG"},"image":{"@id":"https:\/\/shop.bantam.ch\/de\/#\/schema\/logo\/image\/"}}]}},"_links":{"self":[{"href":"https:\/\/shop.bantam.ch\/de\/wp-json\/wp\/v2\/product\/197596","targetHints":{"allow":["GET"]}}],"collection":[{"href":"https:\/\/shop.bantam.ch\/de\/wp-json\/wp\/v2\/product"}],"about":[{"href":"https:\/\/shop.bantam.ch\/de\/wp-json\/wp\/v2\/types\/product"}],"wp:featuredmedia":[{"embeddable":true,"href":"https:\/\/shop.bantam.ch\/de\/wp-json\/wp\/v2\/media\/207103"}],"wp:attachment":[{"href":"https:\/\/shop.bantam.ch\/de\/wp-json\/wp\/v2\/media?parent=197596"}],"wp:term":[{"taxonomy":"product_featured_cat","embeddable":true,"href":"https:\/\/shop.bantam.ch\/de\/wp-json\/wp\/v2\/product_featured_cat?post=197596"},{"taxonomy":"product_brand","embeddable":true,"href":"https:\/\/shop.bantam.ch\/de\/wp-json\/wp\/v2\/product_brand?post=197596"},{"taxonomy":"product_cat","embeddable":true,"href":"https:\/\/shop.bantam.ch\/de\/wp-json\/wp\/v2\/product_cat?post=197596"},{"taxonomy":"product_tag","embeddable":true,"href":"https:\/\/shop.bantam.ch\/de\/wp-json\/wp\/v2\/product_tag?post=197596"}],"curies":[{"name":"wp","href":"https:\/\/api.w.org\/{rel}","templated":true}]}}