{"id":197582,"date":"2024-05-15T16:27:42","date_gmt":"2024-05-15T14:27:42","guid":{"rendered":"https:\/\/shop.bantam.ch\/produit\/fernseher-megasat-royal-line-premium\/"},"modified":"2026-05-10T01:14:00","modified_gmt":"2026-05-09T23:14:00","slug":"fernseher-megasat-royal-line-premium","status":"publish","type":"product","link":"https:\/\/shop.bantam.ch\/de\/produkt\/fernseher-megasat-royal-line-premium\/","title":{"rendered":"Fernseher Megasat Royal Line Premium"},"content":{"rendered":"<p>Die Royal Line Premium-Serie mit integriertem WebOS Betriebssystem, bietet eine LAN- und WLAN-Schnittstelle. Da es sich hierbei um einen Smart-TV handelt, verf\u00fcgt dieser \u00fcber einen Internetbrowser und vorinstallierte Apps sowie den Zugriff auf viele Mediaportale. Zus\u00e4tzlich k\u00f6nnen weitere zahlreiche Apps \u00fcber den integrierten App-Store installiert werden. Abgerundet wird das Fernseherlebnis mit der Darstellung in erstklassiger HD-Qualit\u00e4t, die keine W\u00fcnsche offen l\u00e4sst.<br \/>\nDer Triple-Tuner sichert den digitalen TV-Empfang auch im europ\u00e4ischen Ausland. Weitere Features sind der CI+-Schacht zur Entschl\u00fcsselung von Pay-TV-Sendern und die beiden USB-Anschl\u00fcsse zur Medienwiedergabe von Filmen, Bildern und Musik.<br \/>\nMit der integrierten Bluetooth\u00ae-Schnittstelle k\u00f6nnen Sie die Audiowiedergabe an einen Bluetooth\u00ae-f\u00e4higen Kopfh\u00f6rer oder an eine Soundbar kabellos \u00fcbertragen. Die Ger\u00e4te sind speziell f\u00fcr den Einsatz im Fahrzeug konzipiert. Eine besondere Innenarchitektur sch\u00fctzt die Komponenten vor Ersch\u00fctterungen w\u00e4hrend der Fahrt. Ob Boot, Caravan oder LKW, mit unserem Camping-TV sind Sie gut ausger\u00fcstet.<\/p>\n","protected":false},"excerpt":{"rendered":"<p>Die Royal Line Premium-Serie mit integriertem WebOS Betriebssystem, bietet eine LAN- und WLAN-Schnittstelle. Da es sich hierbei um einen Smart-TV handelt, verf\u00fcgt dieser \u00fcber einen Internetbrowser und vorinstallierte Apps sowie den Zugriff auf viele Mediaportale. Zus\u00e4tzlich k\u00f6nnen weitere zahlreiche Apps \u00fcber den integrierten App-Store installiert werden. Abgerundet wird das Fernseherlebnis mit der Darstellung in erstklassiger [&hellip;]<\/p>\n","protected":false},"featured_media":197576,"template":"","meta":{"_acf_changed":false},"product_featured_cat":[],"product_brand":[3201],"product_cat":[4506],"product_tag":[],"class_list":{"0":"post-197582","1":"product","2":"type-product","3":"status-publish","4":"has-post-thumbnail","6":"product_brand-megasat-de","7":"product_cat-led-tv","9":"first","10":"instock","11":"taxable","12":"shipping-taxable","13":"purchasable","14":"product-type-variable"},"acf":[],"yoast_head":"<!-- This site is optimized with the Yoast SEO plugin v27.5 - https:\/\/yoast.com\/product\/yoast-seo-wordpress\/ -->\n<title>Fernseher Megasat Royal Line Premium - Bantam<\/title>\n<meta name=\"robots\" content=\"index, follow, max-snippet:-1, max-image-preview:large, max-video-preview:-1\" \/>\n<link rel=\"canonical\" href=\"https:\/\/shop.bantam.ch\/de\/produkt\/fernseher-megasat-royal-line-premium\/\" \/>\n<meta property=\"og:locale\" content=\"de_DE\" \/>\n<meta property=\"og:type\" content=\"article\" \/>\n<meta property=\"og:title\" content=\"Fernseher Megasat Royal Line Premium - Bantam\" \/>\n<meta property=\"og:description\" content=\"Die Royal Line Premium-Serie mit integriertem WebOS Betriebssystem, bietet eine LAN- und WLAN-Schnittstelle. Da es sich hierbei um einen Smart-TV handelt, verf\u00fcgt dieser \u00fcber einen Internetbrowser und vorinstallierte Apps sowie den Zugriff auf viele Mediaportale. Zus\u00e4tzlich k\u00f6nnen weitere zahlreiche Apps \u00fcber den integrierten App-Store installiert werden. Abgerundet wird das Fernseherlebnis mit der Darstellung in erstklassiger [&hellip;]\" \/>\n<meta property=\"og:url\" content=\"https:\/\/shop.bantam.ch\/de\/produkt\/fernseher-megasat-royal-line-premium\/\" \/>\n<meta property=\"og:site_name\" content=\"Bantam\" \/>\n<meta property=\"article:modified_time\" content=\"2026-05-09T23:14:00+00:00\" \/>\n<meta property=\"og:image\" content=\"https:\/\/shop.bantam.ch\/wp-content\/uploads\/2024\/05\/Movera-L-0106744100.jpg\" \/>\n\t<meta property=\"og:image:width\" content=\"640\" \/>\n\t<meta property=\"og:image:height\" content=\"337\" \/>\n\t<meta property=\"og:image:type\" content=\"image\/jpeg\" \/>\n<meta name=\"twitter:card\" content=\"summary_large_image\" \/>\n<meta name=\"twitter:label1\" content=\"Gesch\u00e4tzte Lesezeit\" \/>\n\t<meta name=\"twitter:data1\" content=\"1\u00a0Minute\" \/>\n<script type=\"application\/ld+json\" class=\"yoast-schema-graph\">{\"@context\":\"https:\\\/\\\/schema.org\",\"@graph\":[{\"@type\":\"WebPage\",\"@id\":\"https:\\\/\\\/shop.bantam.ch\\\/de\\\/produkt\\\/fernseher-megasat-royal-line-premium\\\/\",\"url\":\"https:\\\/\\\/shop.bantam.ch\\\/de\\\/produkt\\\/fernseher-megasat-royal-line-premium\\\/\",\"name\":\"Fernseher Megasat Royal Line Premium - Bantam\",\"isPartOf\":{\"@id\":\"https:\\\/\\\/shop.bantam.ch\\\/de\\\/#website\"},\"primaryImageOfPage\":{\"@id\":\"https:\\\/\\\/shop.bantam.ch\\\/de\\\/produkt\\\/fernseher-megasat-royal-line-premium\\\/#primaryimage\"},\"image\":{\"@id\":\"https:\\\/\\\/shop.bantam.ch\\\/de\\\/produkt\\\/fernseher-megasat-royal-line-premium\\\/#primaryimage\"},\"thumbnailUrl\":\"https:\\\/\\\/shop.bantam.ch\\\/wp-content\\\/uploads\\\/2024\\\/05\\\/Movera-L-0106744100.jpg\",\"datePublished\":\"2024-05-15T14:27:42+00:00\",\"dateModified\":\"2026-05-09T23:14:00+00:00\",\"breadcrumb\":{\"@id\":\"https:\\\/\\\/shop.bantam.ch\\\/de\\\/produkt\\\/fernseher-megasat-royal-line-premium\\\/#breadcrumb\"},\"inLanguage\":\"de\",\"potentialAction\":[{\"@type\":\"ReadAction\",\"target\":[\"https:\\\/\\\/shop.bantam.ch\\\/de\\\/produkt\\\/fernseher-megasat-royal-line-premium\\\/\"]}]},{\"@type\":\"ImageObject\",\"inLanguage\":\"de\",\"@id\":\"https:\\\/\\\/shop.bantam.ch\\\/de\\\/produkt\\\/fernseher-megasat-royal-line-premium\\\/#primaryimage\",\"url\":\"https:\\\/\\\/shop.bantam.ch\\\/wp-content\\\/uploads\\\/2024\\\/05\\\/Movera-L-0106744100.jpg\",\"contentUrl\":\"https:\\\/\\\/shop.bantam.ch\\\/wp-content\\\/uploads\\\/2024\\\/05\\\/Movera-L-0106744100.jpg\",\"width\":640,\"height\":337},{\"@type\":\"BreadcrumbList\",\"@id\":\"https:\\\/\\\/shop.bantam.ch\\\/de\\\/produkt\\\/fernseher-megasat-royal-line-premium\\\/#breadcrumb\",\"itemListElement\":[{\"@type\":\"ListItem\",\"position\":1,\"name\":\"Accueil\",\"item\":\"https:\\\/\\\/shop.bantam.ch\\\/de\\\/\"},{\"@type\":\"ListItem\",\"position\":2,\"name\":\"Shop\",\"item\":\"https:\\\/\\\/shop.bantam.ch\\\/de\\\/shop\\\/\"},{\"@type\":\"ListItem\",\"position\":3,\"name\":\"Fernseher Megasat Royal Line Premium\"}]},{\"@type\":\"WebSite\",\"@id\":\"https:\\\/\\\/shop.bantam.ch\\\/de\\\/#website\",\"url\":\"https:\\\/\\\/shop.bantam.ch\\\/de\\\/\",\"name\":\"Bantam\",\"description\":\"\",\"publisher\":{\"@id\":\"https:\\\/\\\/shop.bantam.ch\\\/de\\\/#organization\"},\"inLanguage\":\"de\"},{\"@type\":\"Organization\",\"@id\":\"https:\\\/\\\/shop.bantam.ch\\\/de\\\/#organization\",\"name\":\"Bantam\",\"url\":\"https:\\\/\\\/shop.bantam.ch\\\/de\\\/\",\"logo\":{\"@type\":\"ImageObject\",\"inLanguage\":\"de\",\"@id\":\"https:\\\/\\\/shop.bantam.ch\\\/de\\\/#\\\/schema\\\/logo\\\/image\\\/\",\"url\":\"https:\\\/\\\/shop.bantam.ch\\\/wp-content\\\/uploads\\\/2022\\\/12\\\/bantam-logo.png\",\"contentUrl\":\"https:\\\/\\\/shop.bantam.ch\\\/wp-content\\\/uploads\\\/2022\\\/12\\\/bantam-logo.png\",\"width\":320,\"height\":71,\"caption\":\"Bantam\"},\"image\":{\"@id\":\"https:\\\/\\\/shop.bantam.ch\\\/de\\\/#\\\/schema\\\/logo\\\/image\\\/\"}}]}<\/script>\n<!-- \/ Yoast SEO plugin. -->","yoast_head_json":{"title":"Fernseher Megasat Royal Line Premium - Bantam","robots":{"index":"index","follow":"follow","max-snippet":"max-snippet:-1","max-image-preview":"max-image-preview:large","max-video-preview":"max-video-preview:-1"},"canonical":"https:\/\/shop.bantam.ch\/de\/produkt\/fernseher-megasat-royal-line-premium\/","og_locale":"de_DE","og_type":"article","og_title":"Fernseher Megasat Royal Line Premium - Bantam","og_description":"Die Royal Line Premium-Serie mit integriertem WebOS Betriebssystem, bietet eine LAN- und WLAN-Schnittstelle. Da es sich hierbei um einen Smart-TV handelt, verf\u00fcgt dieser \u00fcber einen Internetbrowser und vorinstallierte Apps sowie den Zugriff auf viele Mediaportale. Zus\u00e4tzlich k\u00f6nnen weitere zahlreiche Apps \u00fcber den integrierten App-Store installiert werden. Abgerundet wird das Fernseherlebnis mit der Darstellung in erstklassiger [&hellip;]","og_url":"https:\/\/shop.bantam.ch\/de\/produkt\/fernseher-megasat-royal-line-premium\/","og_site_name":"Bantam","article_modified_time":"2026-05-09T23:14:00+00:00","og_image":[{"width":640,"height":337,"url":"https:\/\/shop.bantam.ch\/wp-content\/uploads\/2024\/05\/Movera-L-0106744100.jpg","type":"image\/jpeg"}],"twitter_card":"summary_large_image","twitter_misc":{"Gesch\u00e4tzte Lesezeit":"1\u00a0Minute"},"schema":{"@context":"https:\/\/schema.org","@graph":[{"@type":"WebPage","@id":"https:\/\/shop.bantam.ch\/de\/produkt\/fernseher-megasat-royal-line-premium\/","url":"https:\/\/shop.bantam.ch\/de\/produkt\/fernseher-megasat-royal-line-premium\/","name":"Fernseher Megasat Royal Line Premium - Bantam","isPartOf":{"@id":"https:\/\/shop.bantam.ch\/de\/#website"},"primaryImageOfPage":{"@id":"https:\/\/shop.bantam.ch\/de\/produkt\/fernseher-megasat-royal-line-premium\/#primaryimage"},"image":{"@id":"https:\/\/shop.bantam.ch\/de\/produkt\/fernseher-megasat-royal-line-premium\/#primaryimage"},"thumbnailUrl":"https:\/\/shop.bantam.ch\/wp-content\/uploads\/2024\/05\/Movera-L-0106744100.jpg","datePublished":"2024-05-15T14:27:42+00:00","dateModified":"2026-05-09T23:14:00+00:00","breadcrumb":{"@id":"https:\/\/shop.bantam.ch\/de\/produkt\/fernseher-megasat-royal-line-premium\/#breadcrumb"},"inLanguage":"de","potentialAction":[{"@type":"ReadAction","target":["https:\/\/shop.bantam.ch\/de\/produkt\/fernseher-megasat-royal-line-premium\/"]}]},{"@type":"ImageObject","inLanguage":"de","@id":"https:\/\/shop.bantam.ch\/de\/produkt\/fernseher-megasat-royal-line-premium\/#primaryimage","url":"https:\/\/shop.bantam.ch\/wp-content\/uploads\/2024\/05\/Movera-L-0106744100.jpg","contentUrl":"https:\/\/shop.bantam.ch\/wp-content\/uploads\/2024\/05\/Movera-L-0106744100.jpg","width":640,"height":337},{"@type":"BreadcrumbList","@id":"https:\/\/shop.bantam.ch\/de\/produkt\/fernseher-megasat-royal-line-premium\/#breadcrumb","itemListElement":[{"@type":"ListItem","position":1,"name":"Accueil","item":"https:\/\/shop.bantam.ch\/de\/"},{"@type":"ListItem","position":2,"name":"Shop","item":"https:\/\/shop.bantam.ch\/de\/shop\/"},{"@type":"ListItem","position":3,"name":"Fernseher Megasat Royal Line Premium"}]},{"@type":"WebSite","@id":"https:\/\/shop.bantam.ch\/de\/#website","url":"https:\/\/shop.bantam.ch\/de\/","name":"Bantam","description":"","publisher":{"@id":"https:\/\/shop.bantam.ch\/de\/#organization"},"inLanguage":"de"},{"@type":"Organization","@id":"https:\/\/shop.bantam.ch\/de\/#organization","name":"Bantam","url":"https:\/\/shop.bantam.ch\/de\/","logo":{"@type":"ImageObject","inLanguage":"de","@id":"https:\/\/shop.bantam.ch\/de\/#\/schema\/logo\/image\/","url":"https:\/\/shop.bantam.ch\/wp-content\/uploads\/2022\/12\/bantam-logo.png","contentUrl":"https:\/\/shop.bantam.ch\/wp-content\/uploads\/2022\/12\/bantam-logo.png","width":320,"height":71,"caption":"Bantam"},"image":{"@id":"https:\/\/shop.bantam.ch\/de\/#\/schema\/logo\/image\/"}}]}},"_links":{"self":[{"href":"https:\/\/shop.bantam.ch\/de\/wp-json\/wp\/v2\/product\/197582","targetHints":{"allow":["GET"]}}],"collection":[{"href":"https:\/\/shop.bantam.ch\/de\/wp-json\/wp\/v2\/product"}],"about":[{"href":"https:\/\/shop.bantam.ch\/de\/wp-json\/wp\/v2\/types\/product"}],"wp:featuredmedia":[{"embeddable":true,"href":"https:\/\/shop.bantam.ch\/de\/wp-json\/wp\/v2\/media\/197576"}],"wp:attachment":[{"href":"https:\/\/shop.bantam.ch\/de\/wp-json\/wp\/v2\/media?parent=197582"}],"wp:term":[{"taxonomy":"product_featured_cat","embeddable":true,"href":"https:\/\/shop.bantam.ch\/de\/wp-json\/wp\/v2\/product_featured_cat?post=197582"},{"taxonomy":"product_brand","embeddable":true,"href":"https:\/\/shop.bantam.ch\/de\/wp-json\/wp\/v2\/product_brand?post=197582"},{"taxonomy":"product_cat","embeddable":true,"href":"https:\/\/shop.bantam.ch\/de\/wp-json\/wp\/v2\/product_cat?post=197582"},{"taxonomy":"product_tag","embeddable":true,"href":"https:\/\/shop.bantam.ch\/de\/wp-json\/wp\/v2\/product_tag?post=197582"}],"curies":[{"name":"wp","href":"https:\/\/api.w.org\/{rel}","templated":true}]}}