{"id":197556,"date":"2024-05-15T16:26:40","date_gmt":"2024-05-15T14:26:40","guid":{"rendered":"https:\/\/shop.bantam.ch\/produit\/wifi-internet-antenne-und-terrestische-tv-combo-lte-dvb-t2-roam-5g-combo-2x2-4g-5g\/"},"modified":"2026-04-19T01:17:19","modified_gmt":"2026-04-18T23:17:19","slug":"wifi-internet-antenne-und-terrestische-tv-combo-lte-dvb-t2-roam-5g-combo-2x2-4g-5g","status":"publish","type":"product","link":"https:\/\/shop.bantam.ch\/de\/produkt\/wifi-internet-antenne-und-terrestische-tv-combo-lte-dvb-t2-roam-5g-combo-2x2-4g-5g\/","title":{"rendered":"WiFi Internet Antenne und terrestische TV Combo LTE\/DVB-T2 Roam 5G COMBO 2&#215;2 4G\/5G"},"content":{"rendered":"<p>1 Antenne &#8211; 2 Anwendungen!<br \/>\n4G\/5G-WLAN-Internet und terrestrisches Fernsehen in einer kompakten und aerodynamischen L\u00f6sung. Spart Dachfl\u00e4che und Installationszeit.<br \/>\nBleiben Sie w\u00e4hrend Ihrer gesamten Reise mit unserer neuesten Maxview Roam- Combo-Antenne in Verbindung. Die Roam-Combo-Antenne bietet eine leistungsstarke 4G\/5G-WLAN- und terrestrische TV-L\u00f6sung. Diese All-in-One-L\u00f6sung wurde entwickelt, um eine kompromisslose Internetkonnektivit\u00e4t sowie freies terrestrisches Fernsehen zu bieten.<br \/>\nLeistungsmerkmale der Antenne:<\/p>\n<ul>\n<li>360\u00b0 Rundumempfang<\/li>\n<li>Durch den Empfang von Signalen \u00fcber 360 Grad muss die Roam Combo Antenne nicht ausgerichtet werden und ist somit einfach im Gebrauch.<\/li>\n<li>Qualitativ hochwertiges und aerodynamisches Design<\/li>\n<li>Das flache und stromlinienf\u00f6rmige Design verleiht der Roam Combo nicht nur ein gutes Aussehen sondern auch hervorragende Empfangseigenschaften auch w\u00e4hrend der Fahrt.<\/li>\n<li>Kompakte Gr\u00f6\u00dfe<\/li>\n<li>Die Roam Combo nimmt nur wenig Platz auf dem Dach ein und erm\u00f6glicht somit die Montage an fast an jeder Dachposition.<\/li>\n<li>Flexible Installation<\/li>\n<li>Der einzigartige Montagefu\u00df kann z.B. mit Sikaflex-554 verklebt werden. Die Roam Combo ben\u00f6tigt nur eine einzige Bohrung um das Koaxial-Kabel und die<\/li>\n<li>beiden SMA-Kabel nach innen zu f\u00fchren.<\/li>\n<li>5G-Antenne<\/li>\n<li>Die Roam Combo-Antenne ist eine 4G\/5G Antenne und verf\u00fcgt somit auch \u00fcber den Frequenzbereich f\u00fcr 5G und ist ggf. auch mit einem 5G Router zu betreiben.<\/li>\n<li>Terrestrische-Antenne<\/li>\n<li>Empf\u00e4ngt alle verf\u00fcgbaren terrestrischen freien TV-Kan\u00e4le.<\/li>\n<li>Zuverl\u00e4ssige Daten\u00fcbertragung<\/li>\n<li>2 x SMA 0,8 m Kabel mit Twist-on-Anschl\u00fcssen.<\/li>\n<li>1 x Koaxialkabel 5 m mit separatem \u201eF\u201c-Stecker (im Lieferumfang enthalten).<\/li>\n<\/ul>\n<p>Leistungsmerkmal des TV-Verst\u00e4rkers:<\/p>\n<ul>\n<li>Entwickelt, um die terrestrischen digitalen Signale zu verst\u00e4rken und zu verteilen, zur Bild- und Tonverbesserung.<\/li>\n<li>12\/24V-Stromversorgung<\/li>\n<li>Stromversorgung erfolgt \u00fcber eine 12\/24-V-Stromleitung das mitgelieferte 12\/24V Anschlusskabel verf\u00fcgt \u00fcber einen zus\u00e4tzliche Sicherung.<\/li>\n<li>Variable Verst\u00e4rkungsregelung<\/li>\n<li>Die einstellbare Verst\u00e4rkung vom 0-19 db erm\u00f6glicht es dem Benutzer, die Verst\u00e4rkung entsprechend des Standortes einzustellen um immer ein einwandfreies Bild zu haben.<\/li>\n<li>TWIN-Ausgang<\/li>\n<li>Erm\u00f6glicht die Bereitstellung des verst\u00e4rkten Signals an zwei TV-Ger\u00e4te ohne Beeintr\u00e4chtigung der Signalqualit\u00e4t.<\/li>\n<li>4G\/5G-kompatibel (Filter)<\/li>\n<li>Entwickelt, um das 4G\/5G-Band herauszufiltern, um maximalen DVBT-Empfang zu gew\u00e4hrleisten.<\/li>\n<li>Frequenzbereich:698 &#8211; 6000 MHz<\/li>\n<\/ul>\n","protected":false},"excerpt":{"rendered":"<p>1 Antenne &#8211; 2 Anwendungen! 4G\/5G-WLAN-Internet und terrestrisches Fernsehen in einer kompakten und aerodynamischen L\u00f6sung. Spart Dachfl\u00e4che und Installationszeit. Bleiben Sie w\u00e4hrend Ihrer gesamten Reise mit unserer neuesten Maxview Roam- Combo-Antenne in Verbindung. Die Roam-Combo-Antenne bietet eine leistungsstarke 4G\/5G-WLAN- und terrestrische TV-L\u00f6sung. Diese All-in-One-L\u00f6sung wurde entwickelt, um eine kompromisslose Internetkonnektivit\u00e4t sowie freies terrestrisches Fernsehen zu [&hellip;]<\/p>\n","protected":false},"featured_media":197550,"template":"","meta":{"_acf_changed":false},"product_featured_cat":[],"product_brand":[3083],"product_cat":[5152],"product_tag":[],"class_list":{"0":"post-197556","1":"product","2":"type-product","3":"status-publish","4":"has-post-thumbnail","6":"product_brand-maxview-de","7":"product_cat-wlan-lte-antennen","9":"first","10":"instock","11":"taxable","12":"shipping-taxable","13":"purchasable","14":"product-type-variable"},"acf":[],"yoast_head":"<!-- This site is optimized with the Yoast SEO plugin v27.4 - https:\/\/yoast.com\/product\/yoast-seo-wordpress\/ -->\n<title>WiFi Internet Antenne und terrestische TV Combo LTE\/DVB-T2 Roam 5G COMBO 2x2 4G\/5G - Bantam Camping AG<\/title>\n<meta name=\"robots\" content=\"index, follow, max-snippet:-1, max-image-preview:large, max-video-preview:-1\" \/>\n<link rel=\"canonical\" href=\"https:\/\/shop.bantam.ch\/de\/produkt\/wifi-internet-antenne-und-terrestische-tv-combo-lte-dvb-t2-roam-5g-combo-2x2-4g-5g\/\" \/>\n<meta property=\"og:locale\" content=\"de_DE\" \/>\n<meta property=\"og:type\" content=\"article\" \/>\n<meta property=\"og:title\" content=\"WiFi Internet Antenne und terrestische TV Combo LTE\/DVB-T2 Roam 5G COMBO 2x2 4G\/5G - Bantam Camping AG\" \/>\n<meta property=\"og:description\" content=\"1 Antenne &#8211; 2 Anwendungen! 4G\/5G-WLAN-Internet und terrestrisches Fernsehen in einer kompakten und aerodynamischen L\u00f6sung. Spart Dachfl\u00e4che und Installationszeit. Bleiben Sie w\u00e4hrend Ihrer gesamten Reise mit unserer neuesten Maxview Roam- Combo-Antenne in Verbindung. Die Roam-Combo-Antenne bietet eine leistungsstarke 4G\/5G-WLAN- und terrestrische TV-L\u00f6sung. Diese All-in-One-L\u00f6sung wurde entwickelt, um eine kompromisslose Internetkonnektivit\u00e4t sowie freies terrestrisches Fernsehen zu [&hellip;]\" \/>\n<meta property=\"og:url\" content=\"https:\/\/shop.bantam.ch\/de\/produkt\/wifi-internet-antenne-und-terrestische-tv-combo-lte-dvb-t2-roam-5g-combo-2x2-4g-5g\/\" \/>\n<meta property=\"og:site_name\" content=\"Bantam Camping AG\" \/>\n<meta property=\"article:modified_time\" content=\"2026-04-18T23:17:19+00:00\" \/>\n<meta property=\"og:image\" content=\"https:\/\/shop.bantam.ch\/wp-content\/uploads\/2024\/05\/Movera-L-9963282100.jpg\" \/>\n\t<meta property=\"og:image:width\" content=\"640\" \/>\n\t<meta property=\"og:image:height\" content=\"642\" \/>\n\t<meta property=\"og:image:type\" content=\"image\/jpeg\" \/>\n<meta name=\"twitter:card\" content=\"summary_large_image\" \/>\n<meta name=\"twitter:label1\" content=\"Gesch\u00e4tzte Lesezeit\" \/>\n\t<meta name=\"twitter:data1\" content=\"2\u00a0Minuten\" \/>\n<script type=\"application\/ld+json\" class=\"yoast-schema-graph\">{\"@context\":\"https:\\\/\\\/schema.org\",\"@graph\":[{\"@type\":\"WebPage\",\"@id\":\"https:\\\/\\\/shop.bantam.ch\\\/de\\\/produkt\\\/wifi-internet-antenne-und-terrestische-tv-combo-lte-dvb-t2-roam-5g-combo-2x2-4g-5g\\\/\",\"url\":\"https:\\\/\\\/shop.bantam.ch\\\/de\\\/produkt\\\/wifi-internet-antenne-und-terrestische-tv-combo-lte-dvb-t2-roam-5g-combo-2x2-4g-5g\\\/\",\"name\":\"WiFi Internet Antenne und terrestische TV Combo LTE\\\/DVB-T2 Roam 5G COMBO 2x2 4G\\\/5G - Bantam Camping AG\",\"isPartOf\":{\"@id\":\"https:\\\/\\\/shop.bantam.ch\\\/de\\\/#website\"},\"primaryImageOfPage\":{\"@id\":\"https:\\\/\\\/shop.bantam.ch\\\/de\\\/produkt\\\/wifi-internet-antenne-und-terrestische-tv-combo-lte-dvb-t2-roam-5g-combo-2x2-4g-5g\\\/#primaryimage\"},\"image\":{\"@id\":\"https:\\\/\\\/shop.bantam.ch\\\/de\\\/produkt\\\/wifi-internet-antenne-und-terrestische-tv-combo-lte-dvb-t2-roam-5g-combo-2x2-4g-5g\\\/#primaryimage\"},\"thumbnailUrl\":\"https:\\\/\\\/shop.bantam.ch\\\/wp-content\\\/uploads\\\/2024\\\/05\\\/Movera-L-9963282100.jpg\",\"datePublished\":\"2024-05-15T14:26:40+00:00\",\"dateModified\":\"2026-04-18T23:17:19+00:00\",\"breadcrumb\":{\"@id\":\"https:\\\/\\\/shop.bantam.ch\\\/de\\\/produkt\\\/wifi-internet-antenne-und-terrestische-tv-combo-lte-dvb-t2-roam-5g-combo-2x2-4g-5g\\\/#breadcrumb\"},\"inLanguage\":\"de\",\"potentialAction\":[{\"@type\":\"ReadAction\",\"target\":[\"https:\\\/\\\/shop.bantam.ch\\\/de\\\/produkt\\\/wifi-internet-antenne-und-terrestische-tv-combo-lte-dvb-t2-roam-5g-combo-2x2-4g-5g\\\/\"]}]},{\"@type\":\"ImageObject\",\"inLanguage\":\"de\",\"@id\":\"https:\\\/\\\/shop.bantam.ch\\\/de\\\/produkt\\\/wifi-internet-antenne-und-terrestische-tv-combo-lte-dvb-t2-roam-5g-combo-2x2-4g-5g\\\/#primaryimage\",\"url\":\"https:\\\/\\\/shop.bantam.ch\\\/wp-content\\\/uploads\\\/2024\\\/05\\\/Movera-L-9963282100.jpg\",\"contentUrl\":\"https:\\\/\\\/shop.bantam.ch\\\/wp-content\\\/uploads\\\/2024\\\/05\\\/Movera-L-9963282100.jpg\",\"width\":640,\"height\":642},{\"@type\":\"BreadcrumbList\",\"@id\":\"https:\\\/\\\/shop.bantam.ch\\\/de\\\/produkt\\\/wifi-internet-antenne-und-terrestische-tv-combo-lte-dvb-t2-roam-5g-combo-2x2-4g-5g\\\/#breadcrumb\",\"itemListElement\":[{\"@type\":\"ListItem\",\"position\":1,\"name\":\"Accueil\",\"item\":\"https:\\\/\\\/shop.bantam.ch\\\/de\\\/\"},{\"@type\":\"ListItem\",\"position\":2,\"name\":\"Shop\",\"item\":\"https:\\\/\\\/shop.bantam.ch\\\/de\\\/shop\\\/\"},{\"@type\":\"ListItem\",\"position\":3,\"name\":\"WiFi Internet Antenne und terrestische TV Combo LTE\\\/DVB-T2 Roam 5G COMBO 2&#215;2 4G\\\/5G\"}]},{\"@type\":\"WebSite\",\"@id\":\"https:\\\/\\\/shop.bantam.ch\\\/de\\\/#website\",\"url\":\"https:\\\/\\\/shop.bantam.ch\\\/de\\\/\",\"name\":\"Bantam Camping AG\",\"description\":\"\",\"publisher\":{\"@id\":\"https:\\\/\\\/shop.bantam.ch\\\/de\\\/#organization\"},\"inLanguage\":\"de\"},{\"@type\":\"Organization\",\"@id\":\"https:\\\/\\\/shop.bantam.ch\\\/de\\\/#organization\",\"name\":\"Bantam Camping AG\",\"url\":\"https:\\\/\\\/shop.bantam.ch\\\/de\\\/\",\"logo\":{\"@type\":\"ImageObject\",\"inLanguage\":\"de\",\"@id\":\"https:\\\/\\\/shop.bantam.ch\\\/de\\\/#\\\/schema\\\/logo\\\/image\\\/\",\"url\":\"https:\\\/\\\/shop.bantam.ch\\\/wp-content\\\/uploads\\\/2022\\\/12\\\/bantam-logo.png\",\"contentUrl\":\"https:\\\/\\\/shop.bantam.ch\\\/wp-content\\\/uploads\\\/2022\\\/12\\\/bantam-logo.png\",\"width\":320,\"height\":71,\"caption\":\"Bantam Camping AG\"},\"image\":{\"@id\":\"https:\\\/\\\/shop.bantam.ch\\\/de\\\/#\\\/schema\\\/logo\\\/image\\\/\"}}]}<\/script>\n<!-- \/ Yoast SEO plugin. -->","yoast_head_json":{"title":"WiFi Internet Antenne und terrestische TV Combo LTE\/DVB-T2 Roam 5G COMBO 2x2 4G\/5G - Bantam Camping AG","robots":{"index":"index","follow":"follow","max-snippet":"max-snippet:-1","max-image-preview":"max-image-preview:large","max-video-preview":"max-video-preview:-1"},"canonical":"https:\/\/shop.bantam.ch\/de\/produkt\/wifi-internet-antenne-und-terrestische-tv-combo-lte-dvb-t2-roam-5g-combo-2x2-4g-5g\/","og_locale":"de_DE","og_type":"article","og_title":"WiFi Internet Antenne und terrestische TV Combo LTE\/DVB-T2 Roam 5G COMBO 2x2 4G\/5G - Bantam Camping AG","og_description":"1 Antenne &#8211; 2 Anwendungen! 4G\/5G-WLAN-Internet und terrestrisches Fernsehen in einer kompakten und aerodynamischen L\u00f6sung. Spart Dachfl\u00e4che und Installationszeit. Bleiben Sie w\u00e4hrend Ihrer gesamten Reise mit unserer neuesten Maxview Roam- Combo-Antenne in Verbindung. Die Roam-Combo-Antenne bietet eine leistungsstarke 4G\/5G-WLAN- und terrestrische TV-L\u00f6sung. Diese All-in-One-L\u00f6sung wurde entwickelt, um eine kompromisslose Internetkonnektivit\u00e4t sowie freies terrestrisches Fernsehen zu [&hellip;]","og_url":"https:\/\/shop.bantam.ch\/de\/produkt\/wifi-internet-antenne-und-terrestische-tv-combo-lte-dvb-t2-roam-5g-combo-2x2-4g-5g\/","og_site_name":"Bantam Camping AG","article_modified_time":"2026-04-18T23:17:19+00:00","og_image":[{"width":640,"height":642,"url":"https:\/\/shop.bantam.ch\/wp-content\/uploads\/2024\/05\/Movera-L-9963282100.jpg","type":"image\/jpeg"}],"twitter_card":"summary_large_image","twitter_misc":{"Gesch\u00e4tzte Lesezeit":"2\u00a0Minuten"},"schema":{"@context":"https:\/\/schema.org","@graph":[{"@type":"WebPage","@id":"https:\/\/shop.bantam.ch\/de\/produkt\/wifi-internet-antenne-und-terrestische-tv-combo-lte-dvb-t2-roam-5g-combo-2x2-4g-5g\/","url":"https:\/\/shop.bantam.ch\/de\/produkt\/wifi-internet-antenne-und-terrestische-tv-combo-lte-dvb-t2-roam-5g-combo-2x2-4g-5g\/","name":"WiFi Internet Antenne und terrestische TV Combo LTE\/DVB-T2 Roam 5G COMBO 2x2 4G\/5G - Bantam Camping AG","isPartOf":{"@id":"https:\/\/shop.bantam.ch\/de\/#website"},"primaryImageOfPage":{"@id":"https:\/\/shop.bantam.ch\/de\/produkt\/wifi-internet-antenne-und-terrestische-tv-combo-lte-dvb-t2-roam-5g-combo-2x2-4g-5g\/#primaryimage"},"image":{"@id":"https:\/\/shop.bantam.ch\/de\/produkt\/wifi-internet-antenne-und-terrestische-tv-combo-lte-dvb-t2-roam-5g-combo-2x2-4g-5g\/#primaryimage"},"thumbnailUrl":"https:\/\/shop.bantam.ch\/wp-content\/uploads\/2024\/05\/Movera-L-9963282100.jpg","datePublished":"2024-05-15T14:26:40+00:00","dateModified":"2026-04-18T23:17:19+00:00","breadcrumb":{"@id":"https:\/\/shop.bantam.ch\/de\/produkt\/wifi-internet-antenne-und-terrestische-tv-combo-lte-dvb-t2-roam-5g-combo-2x2-4g-5g\/#breadcrumb"},"inLanguage":"de","potentialAction":[{"@type":"ReadAction","target":["https:\/\/shop.bantam.ch\/de\/produkt\/wifi-internet-antenne-und-terrestische-tv-combo-lte-dvb-t2-roam-5g-combo-2x2-4g-5g\/"]}]},{"@type":"ImageObject","inLanguage":"de","@id":"https:\/\/shop.bantam.ch\/de\/produkt\/wifi-internet-antenne-und-terrestische-tv-combo-lte-dvb-t2-roam-5g-combo-2x2-4g-5g\/#primaryimage","url":"https:\/\/shop.bantam.ch\/wp-content\/uploads\/2024\/05\/Movera-L-9963282100.jpg","contentUrl":"https:\/\/shop.bantam.ch\/wp-content\/uploads\/2024\/05\/Movera-L-9963282100.jpg","width":640,"height":642},{"@type":"BreadcrumbList","@id":"https:\/\/shop.bantam.ch\/de\/produkt\/wifi-internet-antenne-und-terrestische-tv-combo-lte-dvb-t2-roam-5g-combo-2x2-4g-5g\/#breadcrumb","itemListElement":[{"@type":"ListItem","position":1,"name":"Accueil","item":"https:\/\/shop.bantam.ch\/de\/"},{"@type":"ListItem","position":2,"name":"Shop","item":"https:\/\/shop.bantam.ch\/de\/shop\/"},{"@type":"ListItem","position":3,"name":"WiFi Internet Antenne und terrestische TV Combo LTE\/DVB-T2 Roam 5G COMBO 2&#215;2 4G\/5G"}]},{"@type":"WebSite","@id":"https:\/\/shop.bantam.ch\/de\/#website","url":"https:\/\/shop.bantam.ch\/de\/","name":"Bantam Camping AG","description":"","publisher":{"@id":"https:\/\/shop.bantam.ch\/de\/#organization"},"inLanguage":"de"},{"@type":"Organization","@id":"https:\/\/shop.bantam.ch\/de\/#organization","name":"Bantam Camping AG","url":"https:\/\/shop.bantam.ch\/de\/","logo":{"@type":"ImageObject","inLanguage":"de","@id":"https:\/\/shop.bantam.ch\/de\/#\/schema\/logo\/image\/","url":"https:\/\/shop.bantam.ch\/wp-content\/uploads\/2022\/12\/bantam-logo.png","contentUrl":"https:\/\/shop.bantam.ch\/wp-content\/uploads\/2022\/12\/bantam-logo.png","width":320,"height":71,"caption":"Bantam Camping AG"},"image":{"@id":"https:\/\/shop.bantam.ch\/de\/#\/schema\/logo\/image\/"}}]}},"_links":{"self":[{"href":"https:\/\/shop.bantam.ch\/de\/wp-json\/wp\/v2\/product\/197556","targetHints":{"allow":["GET"]}}],"collection":[{"href":"https:\/\/shop.bantam.ch\/de\/wp-json\/wp\/v2\/product"}],"about":[{"href":"https:\/\/shop.bantam.ch\/de\/wp-json\/wp\/v2\/types\/product"}],"wp:featuredmedia":[{"embeddable":true,"href":"https:\/\/shop.bantam.ch\/de\/wp-json\/wp\/v2\/media\/197550"}],"wp:attachment":[{"href":"https:\/\/shop.bantam.ch\/de\/wp-json\/wp\/v2\/media?parent=197556"}],"wp:term":[{"taxonomy":"product_featured_cat","embeddable":true,"href":"https:\/\/shop.bantam.ch\/de\/wp-json\/wp\/v2\/product_featured_cat?post=197556"},{"taxonomy":"product_brand","embeddable":true,"href":"https:\/\/shop.bantam.ch\/de\/wp-json\/wp\/v2\/product_brand?post=197556"},{"taxonomy":"product_cat","embeddable":true,"href":"https:\/\/shop.bantam.ch\/de\/wp-json\/wp\/v2\/product_cat?post=197556"},{"taxonomy":"product_tag","embeddable":true,"href":"https:\/\/shop.bantam.ch\/de\/wp-json\/wp\/v2\/product_tag?post=197556"}],"curies":[{"name":"wp","href":"https:\/\/api.w.org\/{rel}","templated":true}]}}