{"id":197486,"date":"2024-05-15T16:24:35","date_gmt":"2024-05-15T14:24:35","guid":{"rendered":"https:\/\/shop.bantam.ch\/produit\/thermoelektrischekuehlbox-powerbox-plus\/"},"modified":"2026-04-20T01:22:48","modified_gmt":"2026-04-19T23:22:48","slug":"thermoelektrischekuehlbox-powerbox-plus","status":"publish","type":"product","link":"https:\/\/shop.bantam.ch\/de\/produkt\/thermoelektrischekuehlbox-powerbox-plus\/","title":{"rendered":"Thermoelektrischek\u00fchlbox Powerbox\u2122  Plus"},"content":{"rendered":"<p>Die neue und verbesserte Powerbox\u00ae Plus thermoelektrische K\u00fchlbox ist mit 30% mehr Isolierung ausgestattet als ihre Vorg\u00e4nger. Ihre Lebensmittel und Getr\u00e4nke bleiben 20\u00b0 C unter der Au\u00dfentemperatur, egal ob die Box \u00fcber den 12V Anschluss im Auto, oder optional mittels Transformator an einer normalen 230V Steckdose betrieben wird.<\/p>\n<p>Der verbesserte Ventilator ist extrem leise und wird Sie mit seinen maximalen 39 dB (zum Vergleich: in einer ruhigen B\u00fccherei herrschen ca. 40dB) in der Nacht nicht wecken.<\/p>\n<p>Die Powerbox\u00ae Plus thermoelektrische K\u00fchlbox ist antimikrobiell. Der antimikrobielle Schutz verringert die Entstehung von Geruch, Pilzen und Schimmel und ist ein Bestandteil der Innenverkleidung. Die Wirkung kann also \u00fcber die gesamte Lebensdauer der Box nicht abgenutzt oder schw\u00e4cher werden. Dank der neuen und modernen Form, als auch der dicken Polypropylen H\u00fclle, bleibt die Powerbox\u00ae Plus 28L thermoelektrische K\u00fchlbox sogar f\u00fcr Stunden kalt, selbst wenn sie nicht in Betrieb ist.<\/p>\n<ul>\n<li>Dickere und verbesserte PU Isolierung<\/li>\n<li>Integrierte F\u00fc\u00dfe, um die K\u00fchlbox vom Boden zu heben und eine zus\u00e4tzliche Isolationsschicht durch Luft zu erzielen<\/li>\n<li>Abgerundete Ecken f\u00fcr ein moderneres Design und um die Lebensmittel f\u00fcr eine bessere K\u00fchlung n\u00e4her an der Mitte zu halten<\/li>\n<li>Fest verschlie\u00dfbarer Deckel<\/li>\n<li>Leiserer Ventilator<\/li>\n<\/ul>\n<p>&nbsp;<\/p>\n","protected":false},"excerpt":{"rendered":"<p>Die neue und verbesserte Powerbox\u00ae Plus thermoelektrische K\u00fchlbox ist mit 30% mehr Isolierung ausgestattet als ihre Vorg\u00e4nger. Ihre Lebensmittel und Getr\u00e4nke bleiben 20\u00b0 C unter der Au\u00dfentemperatur, egal ob die Box \u00fcber den 12V Anschluss im Auto, oder optional mittels Transformator an einer normalen 230V Steckdose betrieben wird. Der verbesserte Ventilator ist extrem leise und [&hellip;]<\/p>\n","protected":false},"featured_media":197470,"template":"","meta":{"_acf_changed":false},"product_featured_cat":[],"product_brand":[3197],"product_cat":[4544],"product_tag":[],"class_list":{"0":"post-197486","1":"product","2":"type-product","3":"status-publish","4":"has-post-thumbnail","6":"product_brand-campingaz-de","7":"product_cat-thermoelektrische-kuehlboxen","9":"first","10":"instock","11":"taxable","12":"shipping-taxable","13":"purchasable","14":"product-type-variable"},"acf":[],"yoast_head":"<!-- This site is optimized with the Yoast SEO plugin v27.4 - https:\/\/yoast.com\/product\/yoast-seo-wordpress\/ -->\n<title>Thermoelektrischek\u00fchlbox Powerbox\u2122 Plus - Bantam Camping AG<\/title>\n<meta name=\"robots\" content=\"index, follow, max-snippet:-1, max-image-preview:large, max-video-preview:-1\" \/>\n<link rel=\"canonical\" href=\"https:\/\/shop.bantam.ch\/de\/produkt\/thermoelektrischekuehlbox-powerbox-plus\/\" \/>\n<meta property=\"og:locale\" content=\"de_DE\" \/>\n<meta property=\"og:type\" content=\"article\" \/>\n<meta property=\"og:title\" content=\"Thermoelektrischek\u00fchlbox Powerbox\u2122 Plus - Bantam Camping AG\" \/>\n<meta property=\"og:description\" content=\"Die neue und verbesserte Powerbox\u00ae Plus thermoelektrische K\u00fchlbox ist mit 30% mehr Isolierung ausgestattet als ihre Vorg\u00e4nger. Ihre Lebensmittel und Getr\u00e4nke bleiben 20\u00b0 C unter der Au\u00dfentemperatur, egal ob die Box \u00fcber den 12V Anschluss im Auto, oder optional mittels Transformator an einer normalen 230V Steckdose betrieben wird. Der verbesserte Ventilator ist extrem leise und [&hellip;]\" \/>\n<meta property=\"og:url\" content=\"https:\/\/shop.bantam.ch\/de\/produkt\/thermoelektrischekuehlbox-powerbox-plus\/\" \/>\n<meta property=\"og:site_name\" content=\"Bantam Camping AG\" \/>\n<meta property=\"article:modified_time\" content=\"2026-04-19T23:22:48+00:00\" \/>\n<meta property=\"og:image\" content=\"https:\/\/shop.bantam.ch\/wp-content\/uploads\/2024\/05\/Movera-L-9963267100.jpg\" \/>\n\t<meta property=\"og:image:width\" content=\"640\" \/>\n\t<meta property=\"og:image:height\" content=\"559\" \/>\n\t<meta property=\"og:image:type\" content=\"image\/jpeg\" \/>\n<meta name=\"twitter:card\" content=\"summary_large_image\" \/>\n<meta name=\"twitter:label1\" content=\"Gesch\u00e4tzte Lesezeit\" \/>\n\t<meta name=\"twitter:data1\" content=\"1\u00a0Minute\" \/>\n<script type=\"application\/ld+json\" class=\"yoast-schema-graph\">{\"@context\":\"https:\\\/\\\/schema.org\",\"@graph\":[{\"@type\":\"WebPage\",\"@id\":\"https:\\\/\\\/shop.bantam.ch\\\/de\\\/produkt\\\/thermoelektrischekuehlbox-powerbox-plus\\\/\",\"url\":\"https:\\\/\\\/shop.bantam.ch\\\/de\\\/produkt\\\/thermoelektrischekuehlbox-powerbox-plus\\\/\",\"name\":\"Thermoelektrischek\u00fchlbox Powerbox\u2122 Plus - Bantam Camping AG\",\"isPartOf\":{\"@id\":\"https:\\\/\\\/shop.bantam.ch\\\/de\\\/#website\"},\"primaryImageOfPage\":{\"@id\":\"https:\\\/\\\/shop.bantam.ch\\\/de\\\/produkt\\\/thermoelektrischekuehlbox-powerbox-plus\\\/#primaryimage\"},\"image\":{\"@id\":\"https:\\\/\\\/shop.bantam.ch\\\/de\\\/produkt\\\/thermoelektrischekuehlbox-powerbox-plus\\\/#primaryimage\"},\"thumbnailUrl\":\"https:\\\/\\\/shop.bantam.ch\\\/wp-content\\\/uploads\\\/2024\\\/05\\\/Movera-L-9963267100.jpg\",\"datePublished\":\"2024-05-15T14:24:35+00:00\",\"dateModified\":\"2026-04-19T23:22:48+00:00\",\"breadcrumb\":{\"@id\":\"https:\\\/\\\/shop.bantam.ch\\\/de\\\/produkt\\\/thermoelektrischekuehlbox-powerbox-plus\\\/#breadcrumb\"},\"inLanguage\":\"de\",\"potentialAction\":[{\"@type\":\"ReadAction\",\"target\":[\"https:\\\/\\\/shop.bantam.ch\\\/de\\\/produkt\\\/thermoelektrischekuehlbox-powerbox-plus\\\/\"]}]},{\"@type\":\"ImageObject\",\"inLanguage\":\"de\",\"@id\":\"https:\\\/\\\/shop.bantam.ch\\\/de\\\/produkt\\\/thermoelektrischekuehlbox-powerbox-plus\\\/#primaryimage\",\"url\":\"https:\\\/\\\/shop.bantam.ch\\\/wp-content\\\/uploads\\\/2024\\\/05\\\/Movera-L-9963267100.jpg\",\"contentUrl\":\"https:\\\/\\\/shop.bantam.ch\\\/wp-content\\\/uploads\\\/2024\\\/05\\\/Movera-L-9963267100.jpg\",\"width\":640,\"height\":559},{\"@type\":\"BreadcrumbList\",\"@id\":\"https:\\\/\\\/shop.bantam.ch\\\/de\\\/produkt\\\/thermoelektrischekuehlbox-powerbox-plus\\\/#breadcrumb\",\"itemListElement\":[{\"@type\":\"ListItem\",\"position\":1,\"name\":\"Accueil\",\"item\":\"https:\\\/\\\/shop.bantam.ch\\\/de\\\/\"},{\"@type\":\"ListItem\",\"position\":2,\"name\":\"Shop\",\"item\":\"https:\\\/\\\/shop.bantam.ch\\\/de\\\/shop\\\/\"},{\"@type\":\"ListItem\",\"position\":3,\"name\":\"Thermoelektrischek\u00fchlbox Powerbox\u2122 Plus\"}]},{\"@type\":\"WebSite\",\"@id\":\"https:\\\/\\\/shop.bantam.ch\\\/de\\\/#website\",\"url\":\"https:\\\/\\\/shop.bantam.ch\\\/de\\\/\",\"name\":\"Bantam Camping AG\",\"description\":\"\",\"publisher\":{\"@id\":\"https:\\\/\\\/shop.bantam.ch\\\/de\\\/#organization\"},\"inLanguage\":\"de\"},{\"@type\":\"Organization\",\"@id\":\"https:\\\/\\\/shop.bantam.ch\\\/de\\\/#organization\",\"name\":\"Bantam Camping AG\",\"url\":\"https:\\\/\\\/shop.bantam.ch\\\/de\\\/\",\"logo\":{\"@type\":\"ImageObject\",\"inLanguage\":\"de\",\"@id\":\"https:\\\/\\\/shop.bantam.ch\\\/de\\\/#\\\/schema\\\/logo\\\/image\\\/\",\"url\":\"https:\\\/\\\/shop.bantam.ch\\\/wp-content\\\/uploads\\\/2022\\\/12\\\/bantam-logo.png\",\"contentUrl\":\"https:\\\/\\\/shop.bantam.ch\\\/wp-content\\\/uploads\\\/2022\\\/12\\\/bantam-logo.png\",\"width\":320,\"height\":71,\"caption\":\"Bantam Camping AG\"},\"image\":{\"@id\":\"https:\\\/\\\/shop.bantam.ch\\\/de\\\/#\\\/schema\\\/logo\\\/image\\\/\"}}]}<\/script>\n<!-- \/ Yoast SEO plugin. -->","yoast_head_json":{"title":"Thermoelektrischek\u00fchlbox Powerbox\u2122 Plus - Bantam Camping AG","robots":{"index":"index","follow":"follow","max-snippet":"max-snippet:-1","max-image-preview":"max-image-preview:large","max-video-preview":"max-video-preview:-1"},"canonical":"https:\/\/shop.bantam.ch\/de\/produkt\/thermoelektrischekuehlbox-powerbox-plus\/","og_locale":"de_DE","og_type":"article","og_title":"Thermoelektrischek\u00fchlbox Powerbox\u2122 Plus - Bantam Camping AG","og_description":"Die neue und verbesserte Powerbox\u00ae Plus thermoelektrische K\u00fchlbox ist mit 30% mehr Isolierung ausgestattet als ihre Vorg\u00e4nger. Ihre Lebensmittel und Getr\u00e4nke bleiben 20\u00b0 C unter der Au\u00dfentemperatur, egal ob die Box \u00fcber den 12V Anschluss im Auto, oder optional mittels Transformator an einer normalen 230V Steckdose betrieben wird. Der verbesserte Ventilator ist extrem leise und [&hellip;]","og_url":"https:\/\/shop.bantam.ch\/de\/produkt\/thermoelektrischekuehlbox-powerbox-plus\/","og_site_name":"Bantam Camping AG","article_modified_time":"2026-04-19T23:22:48+00:00","og_image":[{"width":640,"height":559,"url":"https:\/\/shop.bantam.ch\/wp-content\/uploads\/2024\/05\/Movera-L-9963267100.jpg","type":"image\/jpeg"}],"twitter_card":"summary_large_image","twitter_misc":{"Gesch\u00e4tzte Lesezeit":"1\u00a0Minute"},"schema":{"@context":"https:\/\/schema.org","@graph":[{"@type":"WebPage","@id":"https:\/\/shop.bantam.ch\/de\/produkt\/thermoelektrischekuehlbox-powerbox-plus\/","url":"https:\/\/shop.bantam.ch\/de\/produkt\/thermoelektrischekuehlbox-powerbox-plus\/","name":"Thermoelektrischek\u00fchlbox Powerbox\u2122 Plus - Bantam Camping AG","isPartOf":{"@id":"https:\/\/shop.bantam.ch\/de\/#website"},"primaryImageOfPage":{"@id":"https:\/\/shop.bantam.ch\/de\/produkt\/thermoelektrischekuehlbox-powerbox-plus\/#primaryimage"},"image":{"@id":"https:\/\/shop.bantam.ch\/de\/produkt\/thermoelektrischekuehlbox-powerbox-plus\/#primaryimage"},"thumbnailUrl":"https:\/\/shop.bantam.ch\/wp-content\/uploads\/2024\/05\/Movera-L-9963267100.jpg","datePublished":"2024-05-15T14:24:35+00:00","dateModified":"2026-04-19T23:22:48+00:00","breadcrumb":{"@id":"https:\/\/shop.bantam.ch\/de\/produkt\/thermoelektrischekuehlbox-powerbox-plus\/#breadcrumb"},"inLanguage":"de","potentialAction":[{"@type":"ReadAction","target":["https:\/\/shop.bantam.ch\/de\/produkt\/thermoelektrischekuehlbox-powerbox-plus\/"]}]},{"@type":"ImageObject","inLanguage":"de","@id":"https:\/\/shop.bantam.ch\/de\/produkt\/thermoelektrischekuehlbox-powerbox-plus\/#primaryimage","url":"https:\/\/shop.bantam.ch\/wp-content\/uploads\/2024\/05\/Movera-L-9963267100.jpg","contentUrl":"https:\/\/shop.bantam.ch\/wp-content\/uploads\/2024\/05\/Movera-L-9963267100.jpg","width":640,"height":559},{"@type":"BreadcrumbList","@id":"https:\/\/shop.bantam.ch\/de\/produkt\/thermoelektrischekuehlbox-powerbox-plus\/#breadcrumb","itemListElement":[{"@type":"ListItem","position":1,"name":"Accueil","item":"https:\/\/shop.bantam.ch\/de\/"},{"@type":"ListItem","position":2,"name":"Shop","item":"https:\/\/shop.bantam.ch\/de\/shop\/"},{"@type":"ListItem","position":3,"name":"Thermoelektrischek\u00fchlbox Powerbox\u2122 Plus"}]},{"@type":"WebSite","@id":"https:\/\/shop.bantam.ch\/de\/#website","url":"https:\/\/shop.bantam.ch\/de\/","name":"Bantam Camping AG","description":"","publisher":{"@id":"https:\/\/shop.bantam.ch\/de\/#organization"},"inLanguage":"de"},{"@type":"Organization","@id":"https:\/\/shop.bantam.ch\/de\/#organization","name":"Bantam Camping AG","url":"https:\/\/shop.bantam.ch\/de\/","logo":{"@type":"ImageObject","inLanguage":"de","@id":"https:\/\/shop.bantam.ch\/de\/#\/schema\/logo\/image\/","url":"https:\/\/shop.bantam.ch\/wp-content\/uploads\/2022\/12\/bantam-logo.png","contentUrl":"https:\/\/shop.bantam.ch\/wp-content\/uploads\/2022\/12\/bantam-logo.png","width":320,"height":71,"caption":"Bantam Camping AG"},"image":{"@id":"https:\/\/shop.bantam.ch\/de\/#\/schema\/logo\/image\/"}}]}},"_links":{"self":[{"href":"https:\/\/shop.bantam.ch\/de\/wp-json\/wp\/v2\/product\/197486","targetHints":{"allow":["GET"]}}],"collection":[{"href":"https:\/\/shop.bantam.ch\/de\/wp-json\/wp\/v2\/product"}],"about":[{"href":"https:\/\/shop.bantam.ch\/de\/wp-json\/wp\/v2\/types\/product"}],"wp:featuredmedia":[{"embeddable":true,"href":"https:\/\/shop.bantam.ch\/de\/wp-json\/wp\/v2\/media\/197470"}],"wp:attachment":[{"href":"https:\/\/shop.bantam.ch\/de\/wp-json\/wp\/v2\/media?parent=197486"}],"wp:term":[{"taxonomy":"product_featured_cat","embeddable":true,"href":"https:\/\/shop.bantam.ch\/de\/wp-json\/wp\/v2\/product_featured_cat?post=197486"},{"taxonomy":"product_brand","embeddable":true,"href":"https:\/\/shop.bantam.ch\/de\/wp-json\/wp\/v2\/product_brand?post=197486"},{"taxonomy":"product_cat","embeddable":true,"href":"https:\/\/shop.bantam.ch\/de\/wp-json\/wp\/v2\/product_cat?post=197486"},{"taxonomy":"product_tag","embeddable":true,"href":"https:\/\/shop.bantam.ch\/de\/wp-json\/wp\/v2\/product_tag?post=197486"}],"curies":[{"name":"wp","href":"https:\/\/api.w.org\/{rel}","templated":true}]}}