{"id":197434,"date":"2024-05-15T16:23:34","date_gmt":"2024-05-15T14:23:34","guid":{"rendered":"https:\/\/shop.bantam.ch\/produit\/klimaanlage-fjx7-3000\/"},"modified":"2026-04-19T01:16:03","modified_gmt":"2026-04-18T23:16:03","slug":"klimaanlage-fjx7-3000","status":"publish","type":"product","link":"https:\/\/shop.bantam.ch\/de\/produkt\/klimaanlage-fjx7-3000\/","title":{"rendered":"Klimaanlage FJX7 3000"},"content":{"rendered":"<p>Diese 3.000-Watt-Dachklimaanlage ist eine der coolsten, die DOMETIC je gebaut hat. Die elegante, wei\u00dfe Dacheinheit mit der exklusiven LED-Lichtkurve f\u00e4llt sofort ins Auge. Ausgestattet mit der neuesten drehzahlgeregelten Inverter-, Kompressor- und W\u00e4rmepumpentechnik, k\u00fchlt sie Ihr Fahrzeug schneller, leiser und effizienter als jede andere Wohnmobil-Klimaanlage auf dem Markt. Und bei Bedarf verf\u00fcgt sie au\u00dferdem \u00fcber eine Heizfunktion.<\/p>\n<p>&nbsp;<\/p>\n<p>WILLKOMMEN IN DER PREMIUM-KLASSE!<br \/>\nDiese Wohnmobil-Klimaanlage geh\u00f6rt zu den coolsten, die wir je gebaut haben. Die elegante, wei\u00dfe Dacheinheit mit der exklusiven LED-Lichtkurve f\u00e4llt auf der Stra\u00dfe und dem Campingplatz sofort ins Auge. Mit satten 3.000 Watt K\u00fchlleistung k\u00fchlt die Dometic FreshJet FJX7 3000 Ihren Wohnwagen oder Ihren Campingbus in Rekordzeit \u2013 schneller, leiser und effizienter als jede andere Wohnmobil-Klimaanlage auf dem Markt. Und bei Bedarf liefert sie au\u00dferdem 2.500 Watt Heizleistung. Das integrierte CleanAir System sorgt im Inneren Ihres Fahrzeugs stets f\u00fcr frische und saubere Luft. Intelligente<br \/>\nVerbindungsoptionen bieten Ihnen verschiedene praktische Steuerungsm\u00f6glichkeiten: per Fernbedienung, Smartphone App, Wandthermostat oder intuitiver Touch-Oberfl\u00e4che an der Luftverteilerbox.<\/p>\n<ul>\n<li>Aerodynamisch geformte Dacheinheit mit auff\u00e4lliger LED-Lichtkurve<\/li>\n<li>Mithilfe der Wechselrichtertechnik wird Ihr Wohnmobil, Wohnwagen oder Campingbus in Rekordzeit heruntergek\u00fchlt.<\/li>\n<li>Dank der variabel einstellbaren Kompressordrehzahl ist die FJX7 besonders leise und h\u00e4lt dennoch die gew\u00fcnschte Temperatur verl\u00e4sslich ein<\/li>\n<li>Geringerer Stromverbrauch dank moderner Kompressor- und W\u00e4rmepumpentechnik mit variabel einstellbarer Geschwindigkeit<\/li>\n<li>Reduziert wirksam Bakterien und Ger\u00fcche, damit Ihr Wohnmobil frisch und sauber riecht.<\/li>\n<\/ul>\n<p>Dieses elegante, besonders flache Luftverteilerger\u00e4t f\u00fcgt sich nahtlos in den Innenraum moderner Wohnmobile ein. Es bewegt die Luft ger\u00e4uscharm und effizient in zwei Richtungen: nach vorne und nach hinten. Nutzen Sie das b\u00fcndig in die Ger\u00e4teoberfl\u00e4che integrierte Touch-Bedienpanel, um die gew\u00fcnschte Temperatur und die Gebl\u00e4sestufe einzustellen. So sind Ihnen unvergessliche Momente in Ihrem rollenden Zuhause sicher. Die integrierten LEDs erzeugen ein warmes und sanftes Umgebungslicht.<\/p>\n","protected":false},"excerpt":{"rendered":"<p>Diese 3.000-Watt-Dachklimaanlage ist eine der coolsten, die DOMETIC je gebaut hat. Die elegante, wei\u00dfe Dacheinheit mit der exklusiven LED-Lichtkurve f\u00e4llt sofort ins Auge. Ausgestattet mit der neuesten drehzahlgeregelten Inverter-, Kompressor- und W\u00e4rmepumpentechnik, k\u00fchlt sie Ihr Fahrzeug schneller, leiser und effizienter als jede andere Wohnmobil-Klimaanlage auf dem Markt. Und bei Bedarf verf\u00fcgt sie au\u00dferdem \u00fcber eine [&hellip;]<\/p>\n","protected":false},"featured_media":197422,"template":"","meta":{"_acf_changed":false},"product_featured_cat":[],"product_brand":[3029],"product_cat":[4090],"product_tag":[],"class_list":{"0":"post-197434","1":"product","2":"type-product","3":"status-publish","4":"has-post-thumbnail","6":"product_brand-dometic-de","7":"product_cat-klimaanlagen","9":"first","10":"instock","11":"taxable","12":"shipping-taxable","13":"purchasable","14":"product-type-variable"},"acf":[],"yoast_head":"<!-- This site is optimized with the Yoast SEO plugin v27.4 - https:\/\/yoast.com\/product\/yoast-seo-wordpress\/ -->\n<title>Klimaanlage FJX7 3000 - Bantam Camping AG<\/title>\n<meta name=\"robots\" content=\"index, follow, max-snippet:-1, max-image-preview:large, max-video-preview:-1\" \/>\n<link rel=\"canonical\" href=\"https:\/\/shop.bantam.ch\/de\/produkt\/klimaanlage-fjx7-3000\/\" \/>\n<meta property=\"og:locale\" content=\"de_DE\" \/>\n<meta property=\"og:type\" content=\"article\" \/>\n<meta property=\"og:title\" content=\"Klimaanlage FJX7 3000 - Bantam Camping AG\" \/>\n<meta property=\"og:description\" content=\"Diese 3.000-Watt-Dachklimaanlage ist eine der coolsten, die DOMETIC je gebaut hat. Die elegante, wei\u00dfe Dacheinheit mit der exklusiven LED-Lichtkurve f\u00e4llt sofort ins Auge. Ausgestattet mit der neuesten drehzahlgeregelten Inverter-, Kompressor- und W\u00e4rmepumpentechnik, k\u00fchlt sie Ihr Fahrzeug schneller, leiser und effizienter als jede andere Wohnmobil-Klimaanlage auf dem Markt. Und bei Bedarf verf\u00fcgt sie au\u00dferdem \u00fcber eine [&hellip;]\" \/>\n<meta property=\"og:url\" content=\"https:\/\/shop.bantam.ch\/de\/produkt\/klimaanlage-fjx7-3000\/\" \/>\n<meta property=\"og:site_name\" content=\"Bantam Camping AG\" \/>\n<meta property=\"article:modified_time\" content=\"2026-04-18T23:16:03+00:00\" \/>\n<meta property=\"og:image\" content=\"https:\/\/shop.bantam.ch\/wp-content\/uploads\/2024\/05\/Movera-L-9963261100.jpg\" \/>\n\t<meta property=\"og:image:width\" content=\"640\" \/>\n\t<meta property=\"og:image:height\" content=\"640\" \/>\n\t<meta property=\"og:image:type\" content=\"image\/jpeg\" \/>\n<meta name=\"twitter:card\" content=\"summary_large_image\" \/>\n<meta name=\"twitter:label1\" content=\"Gesch\u00e4tzte Lesezeit\" \/>\n\t<meta name=\"twitter:data1\" content=\"2\u00a0Minuten\" \/>\n<script type=\"application\/ld+json\" class=\"yoast-schema-graph\">{\"@context\":\"https:\\\/\\\/schema.org\",\"@graph\":[{\"@type\":\"WebPage\",\"@id\":\"https:\\\/\\\/shop.bantam.ch\\\/de\\\/produkt\\\/klimaanlage-fjx7-3000\\\/\",\"url\":\"https:\\\/\\\/shop.bantam.ch\\\/de\\\/produkt\\\/klimaanlage-fjx7-3000\\\/\",\"name\":\"Klimaanlage FJX7 3000 - Bantam Camping AG\",\"isPartOf\":{\"@id\":\"https:\\\/\\\/shop.bantam.ch\\\/de\\\/#website\"},\"primaryImageOfPage\":{\"@id\":\"https:\\\/\\\/shop.bantam.ch\\\/de\\\/produkt\\\/klimaanlage-fjx7-3000\\\/#primaryimage\"},\"image\":{\"@id\":\"https:\\\/\\\/shop.bantam.ch\\\/de\\\/produkt\\\/klimaanlage-fjx7-3000\\\/#primaryimage\"},\"thumbnailUrl\":\"https:\\\/\\\/shop.bantam.ch\\\/wp-content\\\/uploads\\\/2024\\\/05\\\/Movera-L-9963261100.jpg\",\"datePublished\":\"2024-05-15T14:23:34+00:00\",\"dateModified\":\"2026-04-18T23:16:03+00:00\",\"breadcrumb\":{\"@id\":\"https:\\\/\\\/shop.bantam.ch\\\/de\\\/produkt\\\/klimaanlage-fjx7-3000\\\/#breadcrumb\"},\"inLanguage\":\"de\",\"potentialAction\":[{\"@type\":\"ReadAction\",\"target\":[\"https:\\\/\\\/shop.bantam.ch\\\/de\\\/produkt\\\/klimaanlage-fjx7-3000\\\/\"]}]},{\"@type\":\"ImageObject\",\"inLanguage\":\"de\",\"@id\":\"https:\\\/\\\/shop.bantam.ch\\\/de\\\/produkt\\\/klimaanlage-fjx7-3000\\\/#primaryimage\",\"url\":\"https:\\\/\\\/shop.bantam.ch\\\/wp-content\\\/uploads\\\/2024\\\/05\\\/Movera-L-9963261100.jpg\",\"contentUrl\":\"https:\\\/\\\/shop.bantam.ch\\\/wp-content\\\/uploads\\\/2024\\\/05\\\/Movera-L-9963261100.jpg\",\"width\":640,\"height\":640},{\"@type\":\"BreadcrumbList\",\"@id\":\"https:\\\/\\\/shop.bantam.ch\\\/de\\\/produkt\\\/klimaanlage-fjx7-3000\\\/#breadcrumb\",\"itemListElement\":[{\"@type\":\"ListItem\",\"position\":1,\"name\":\"Accueil\",\"item\":\"https:\\\/\\\/shop.bantam.ch\\\/de\\\/\"},{\"@type\":\"ListItem\",\"position\":2,\"name\":\"Shop\",\"item\":\"https:\\\/\\\/shop.bantam.ch\\\/de\\\/shop\\\/\"},{\"@type\":\"ListItem\",\"position\":3,\"name\":\"Klimaanlage FJX7 3000\"}]},{\"@type\":\"WebSite\",\"@id\":\"https:\\\/\\\/shop.bantam.ch\\\/de\\\/#website\",\"url\":\"https:\\\/\\\/shop.bantam.ch\\\/de\\\/\",\"name\":\"Bantam Camping AG\",\"description\":\"\",\"publisher\":{\"@id\":\"https:\\\/\\\/shop.bantam.ch\\\/de\\\/#organization\"},\"inLanguage\":\"de\"},{\"@type\":\"Organization\",\"@id\":\"https:\\\/\\\/shop.bantam.ch\\\/de\\\/#organization\",\"name\":\"Bantam Camping AG\",\"url\":\"https:\\\/\\\/shop.bantam.ch\\\/de\\\/\",\"logo\":{\"@type\":\"ImageObject\",\"inLanguage\":\"de\",\"@id\":\"https:\\\/\\\/shop.bantam.ch\\\/de\\\/#\\\/schema\\\/logo\\\/image\\\/\",\"url\":\"https:\\\/\\\/shop.bantam.ch\\\/wp-content\\\/uploads\\\/2022\\\/12\\\/bantam-logo.png\",\"contentUrl\":\"https:\\\/\\\/shop.bantam.ch\\\/wp-content\\\/uploads\\\/2022\\\/12\\\/bantam-logo.png\",\"width\":320,\"height\":71,\"caption\":\"Bantam Camping AG\"},\"image\":{\"@id\":\"https:\\\/\\\/shop.bantam.ch\\\/de\\\/#\\\/schema\\\/logo\\\/image\\\/\"}}]}<\/script>\n<!-- \/ Yoast SEO plugin. -->","yoast_head_json":{"title":"Klimaanlage FJX7 3000 - Bantam Camping AG","robots":{"index":"index","follow":"follow","max-snippet":"max-snippet:-1","max-image-preview":"max-image-preview:large","max-video-preview":"max-video-preview:-1"},"canonical":"https:\/\/shop.bantam.ch\/de\/produkt\/klimaanlage-fjx7-3000\/","og_locale":"de_DE","og_type":"article","og_title":"Klimaanlage FJX7 3000 - Bantam Camping AG","og_description":"Diese 3.000-Watt-Dachklimaanlage ist eine der coolsten, die DOMETIC je gebaut hat. Die elegante, wei\u00dfe Dacheinheit mit der exklusiven LED-Lichtkurve f\u00e4llt sofort ins Auge. Ausgestattet mit der neuesten drehzahlgeregelten Inverter-, Kompressor- und W\u00e4rmepumpentechnik, k\u00fchlt sie Ihr Fahrzeug schneller, leiser und effizienter als jede andere Wohnmobil-Klimaanlage auf dem Markt. Und bei Bedarf verf\u00fcgt sie au\u00dferdem \u00fcber eine [&hellip;]","og_url":"https:\/\/shop.bantam.ch\/de\/produkt\/klimaanlage-fjx7-3000\/","og_site_name":"Bantam Camping AG","article_modified_time":"2026-04-18T23:16:03+00:00","og_image":[{"width":640,"height":640,"url":"https:\/\/shop.bantam.ch\/wp-content\/uploads\/2024\/05\/Movera-L-9963261100.jpg","type":"image\/jpeg"}],"twitter_card":"summary_large_image","twitter_misc":{"Gesch\u00e4tzte Lesezeit":"2\u00a0Minuten"},"schema":{"@context":"https:\/\/schema.org","@graph":[{"@type":"WebPage","@id":"https:\/\/shop.bantam.ch\/de\/produkt\/klimaanlage-fjx7-3000\/","url":"https:\/\/shop.bantam.ch\/de\/produkt\/klimaanlage-fjx7-3000\/","name":"Klimaanlage FJX7 3000 - Bantam Camping AG","isPartOf":{"@id":"https:\/\/shop.bantam.ch\/de\/#website"},"primaryImageOfPage":{"@id":"https:\/\/shop.bantam.ch\/de\/produkt\/klimaanlage-fjx7-3000\/#primaryimage"},"image":{"@id":"https:\/\/shop.bantam.ch\/de\/produkt\/klimaanlage-fjx7-3000\/#primaryimage"},"thumbnailUrl":"https:\/\/shop.bantam.ch\/wp-content\/uploads\/2024\/05\/Movera-L-9963261100.jpg","datePublished":"2024-05-15T14:23:34+00:00","dateModified":"2026-04-18T23:16:03+00:00","breadcrumb":{"@id":"https:\/\/shop.bantam.ch\/de\/produkt\/klimaanlage-fjx7-3000\/#breadcrumb"},"inLanguage":"de","potentialAction":[{"@type":"ReadAction","target":["https:\/\/shop.bantam.ch\/de\/produkt\/klimaanlage-fjx7-3000\/"]}]},{"@type":"ImageObject","inLanguage":"de","@id":"https:\/\/shop.bantam.ch\/de\/produkt\/klimaanlage-fjx7-3000\/#primaryimage","url":"https:\/\/shop.bantam.ch\/wp-content\/uploads\/2024\/05\/Movera-L-9963261100.jpg","contentUrl":"https:\/\/shop.bantam.ch\/wp-content\/uploads\/2024\/05\/Movera-L-9963261100.jpg","width":640,"height":640},{"@type":"BreadcrumbList","@id":"https:\/\/shop.bantam.ch\/de\/produkt\/klimaanlage-fjx7-3000\/#breadcrumb","itemListElement":[{"@type":"ListItem","position":1,"name":"Accueil","item":"https:\/\/shop.bantam.ch\/de\/"},{"@type":"ListItem","position":2,"name":"Shop","item":"https:\/\/shop.bantam.ch\/de\/shop\/"},{"@type":"ListItem","position":3,"name":"Klimaanlage FJX7 3000"}]},{"@type":"WebSite","@id":"https:\/\/shop.bantam.ch\/de\/#website","url":"https:\/\/shop.bantam.ch\/de\/","name":"Bantam Camping AG","description":"","publisher":{"@id":"https:\/\/shop.bantam.ch\/de\/#organization"},"inLanguage":"de"},{"@type":"Organization","@id":"https:\/\/shop.bantam.ch\/de\/#organization","name":"Bantam Camping AG","url":"https:\/\/shop.bantam.ch\/de\/","logo":{"@type":"ImageObject","inLanguage":"de","@id":"https:\/\/shop.bantam.ch\/de\/#\/schema\/logo\/image\/","url":"https:\/\/shop.bantam.ch\/wp-content\/uploads\/2022\/12\/bantam-logo.png","contentUrl":"https:\/\/shop.bantam.ch\/wp-content\/uploads\/2022\/12\/bantam-logo.png","width":320,"height":71,"caption":"Bantam Camping AG"},"image":{"@id":"https:\/\/shop.bantam.ch\/de\/#\/schema\/logo\/image\/"}}]}},"_links":{"self":[{"href":"https:\/\/shop.bantam.ch\/de\/wp-json\/wp\/v2\/product\/197434","targetHints":{"allow":["GET"]}}],"collection":[{"href":"https:\/\/shop.bantam.ch\/de\/wp-json\/wp\/v2\/product"}],"about":[{"href":"https:\/\/shop.bantam.ch\/de\/wp-json\/wp\/v2\/types\/product"}],"wp:featuredmedia":[{"embeddable":true,"href":"https:\/\/shop.bantam.ch\/de\/wp-json\/wp\/v2\/media\/197422"}],"wp:attachment":[{"href":"https:\/\/shop.bantam.ch\/de\/wp-json\/wp\/v2\/media?parent=197434"}],"wp:term":[{"taxonomy":"product_featured_cat","embeddable":true,"href":"https:\/\/shop.bantam.ch\/de\/wp-json\/wp\/v2\/product_featured_cat?post=197434"},{"taxonomy":"product_brand","embeddable":true,"href":"https:\/\/shop.bantam.ch\/de\/wp-json\/wp\/v2\/product_brand?post=197434"},{"taxonomy":"product_cat","embeddable":true,"href":"https:\/\/shop.bantam.ch\/de\/wp-json\/wp\/v2\/product_cat?post=197434"},{"taxonomy":"product_tag","embeddable":true,"href":"https:\/\/shop.bantam.ch\/de\/wp-json\/wp\/v2\/product_tag?post=197434"}],"curies":[{"name":"wp","href":"https:\/\/api.w.org\/{rel}","templated":true}]}}