{"id":197216,"date":"2024-05-15T16:18:47","date_gmt":"2024-05-15T14:18:47","guid":{"rendered":"https:\/\/shop.bantam.ch\/produit\/klappstuhl-bushwick\/"},"modified":"2026-05-04T01:08:59","modified_gmt":"2026-05-03T23:08:59","slug":"klappstuhl-bushwick","status":"publish","type":"product","link":"https:\/\/shop.bantam.ch\/de\/produkt\/klappstuhl-bushwick\/","title":{"rendered":"Klappstuhl Bushwick"},"content":{"rendered":"<p>Ein klassischer und sehr kompakter Klappstuhl mit einem modernen industriellen Look. Ein Stuhl, der Stil, Komfort und Funktionalit\u00e4t vereint. Ausgestattet mit einer Cationic-Polsterung, einem leichten Aluminiumrahmen und Armlehnen aus Bambus. Ein idealer Stuhl f\u00fcr den Garten oder beim Camping, aber auch auf dem Balkon und im Wohnzimmer. Au\u00dferdem ist dieser Stuhl mit zus\u00e4tzlichen Stabilisatoren und einem &#8222;Sicherheitsschloss&#8220; gegen ungewolltes Zusammenklappen ausgestattet. Kompakt zu transportieren.<\/p>\n<p>Material:<br \/>\nBezug: 100 % Polyester<br \/>\nGestell: Aluminium<\/p>\n","protected":false},"excerpt":{"rendered":"<p>Ein klassischer und sehr kompakter Klappstuhl mit einem modernen industriellen Look. Ein Stuhl, der Stil, Komfort und Funktionalit\u00e4t vereint. Ausgestattet mit einer Cationic-Polsterung, einem leichten Aluminiumrahmen und Armlehnen aus Bambus. Ein idealer Stuhl f\u00fcr den Garten oder beim Camping, aber auch auf dem Balkon und im Wohnzimmer. Au\u00dferdem ist dieser Stuhl mit zus\u00e4tzlichen Stabilisatoren und [&hellip;]<\/p>\n","protected":false},"featured_media":197200,"template":"","meta":{"_acf_changed":false},"product_featured_cat":[],"product_brand":[3431],"product_cat":[4972],"product_tag":[],"class_list":{"0":"post-197216","1":"product","2":"type-product","3":"status-publish","4":"has-post-thumbnail","6":"product_brand-bo-camp-de","7":"product_cat-campingstuehle","9":"first","10":"instock","11":"taxable","12":"shipping-taxable","13":"purchasable","14":"product-type-variable"},"acf":[],"yoast_head":"<!-- This site is optimized with the Yoast SEO plugin v27.5 - https:\/\/yoast.com\/product\/yoast-seo-wordpress\/ -->\n<title>Klappstuhl Bushwick - Bantam<\/title>\n<meta name=\"robots\" content=\"index, follow, max-snippet:-1, max-image-preview:large, max-video-preview:-1\" \/>\n<link rel=\"canonical\" href=\"https:\/\/shop.bantam.ch\/de\/produkt\/klappstuhl-bushwick\/\" \/>\n<meta property=\"og:locale\" content=\"de_DE\" \/>\n<meta property=\"og:type\" content=\"article\" \/>\n<meta property=\"og:title\" content=\"Klappstuhl Bushwick - Bantam\" \/>\n<meta property=\"og:description\" content=\"Ein klassischer und sehr kompakter Klappstuhl mit einem modernen industriellen Look. Ein Stuhl, der Stil, Komfort und Funktionalit\u00e4t vereint. Ausgestattet mit einer Cationic-Polsterung, einem leichten Aluminiumrahmen und Armlehnen aus Bambus. Ein idealer Stuhl f\u00fcr den Garten oder beim Camping, aber auch auf dem Balkon und im Wohnzimmer. Au\u00dferdem ist dieser Stuhl mit zus\u00e4tzlichen Stabilisatoren und [&hellip;]\" \/>\n<meta property=\"og:url\" content=\"https:\/\/shop.bantam.ch\/de\/produkt\/klappstuhl-bushwick\/\" \/>\n<meta property=\"og:site_name\" content=\"Bantam\" \/>\n<meta property=\"article:modified_time\" content=\"2026-05-03T23:08:59+00:00\" \/>\n<meta property=\"og:image\" content=\"https:\/\/shop.bantam.ch\/wp-content\/uploads\/2024\/05\/Movera-L-9962152100.jpg\" \/>\n\t<meta property=\"og:image:width\" content=\"640\" \/>\n\t<meta property=\"og:image:height\" content=\"807\" \/>\n\t<meta property=\"og:image:type\" content=\"image\/jpeg\" \/>\n<meta name=\"twitter:card\" content=\"summary_large_image\" \/>\n<script type=\"application\/ld+json\" class=\"yoast-schema-graph\">{\"@context\":\"https:\\\/\\\/schema.org\",\"@graph\":[{\"@type\":\"WebPage\",\"@id\":\"https:\\\/\\\/shop.bantam.ch\\\/de\\\/produkt\\\/klappstuhl-bushwick\\\/\",\"url\":\"https:\\\/\\\/shop.bantam.ch\\\/de\\\/produkt\\\/klappstuhl-bushwick\\\/\",\"name\":\"Klappstuhl Bushwick - Bantam\",\"isPartOf\":{\"@id\":\"https:\\\/\\\/shop.bantam.ch\\\/de\\\/#website\"},\"primaryImageOfPage\":{\"@id\":\"https:\\\/\\\/shop.bantam.ch\\\/de\\\/produkt\\\/klappstuhl-bushwick\\\/#primaryimage\"},\"image\":{\"@id\":\"https:\\\/\\\/shop.bantam.ch\\\/de\\\/produkt\\\/klappstuhl-bushwick\\\/#primaryimage\"},\"thumbnailUrl\":\"https:\\\/\\\/shop.bantam.ch\\\/wp-content\\\/uploads\\\/2024\\\/05\\\/Movera-L-9962152100.jpg\",\"datePublished\":\"2024-05-15T14:18:47+00:00\",\"dateModified\":\"2026-05-03T23:08:59+00:00\",\"breadcrumb\":{\"@id\":\"https:\\\/\\\/shop.bantam.ch\\\/de\\\/produkt\\\/klappstuhl-bushwick\\\/#breadcrumb\"},\"inLanguage\":\"de\",\"potentialAction\":[{\"@type\":\"ReadAction\",\"target\":[\"https:\\\/\\\/shop.bantam.ch\\\/de\\\/produkt\\\/klappstuhl-bushwick\\\/\"]}]},{\"@type\":\"ImageObject\",\"inLanguage\":\"de\",\"@id\":\"https:\\\/\\\/shop.bantam.ch\\\/de\\\/produkt\\\/klappstuhl-bushwick\\\/#primaryimage\",\"url\":\"https:\\\/\\\/shop.bantam.ch\\\/wp-content\\\/uploads\\\/2024\\\/05\\\/Movera-L-9962152100.jpg\",\"contentUrl\":\"https:\\\/\\\/shop.bantam.ch\\\/wp-content\\\/uploads\\\/2024\\\/05\\\/Movera-L-9962152100.jpg\",\"width\":640,\"height\":807},{\"@type\":\"BreadcrumbList\",\"@id\":\"https:\\\/\\\/shop.bantam.ch\\\/de\\\/produkt\\\/klappstuhl-bushwick\\\/#breadcrumb\",\"itemListElement\":[{\"@type\":\"ListItem\",\"position\":1,\"name\":\"Accueil\",\"item\":\"https:\\\/\\\/shop.bantam.ch\\\/de\\\/\"},{\"@type\":\"ListItem\",\"position\":2,\"name\":\"Shop\",\"item\":\"https:\\\/\\\/shop.bantam.ch\\\/de\\\/shop\\\/\"},{\"@type\":\"ListItem\",\"position\":3,\"name\":\"Klappstuhl Bushwick\"}]},{\"@type\":\"WebSite\",\"@id\":\"https:\\\/\\\/shop.bantam.ch\\\/de\\\/#website\",\"url\":\"https:\\\/\\\/shop.bantam.ch\\\/de\\\/\",\"name\":\"Bantam\",\"description\":\"\",\"publisher\":{\"@id\":\"https:\\\/\\\/shop.bantam.ch\\\/de\\\/#organization\"},\"inLanguage\":\"de\"},{\"@type\":\"Organization\",\"@id\":\"https:\\\/\\\/shop.bantam.ch\\\/de\\\/#organization\",\"name\":\"Bantam\",\"url\":\"https:\\\/\\\/shop.bantam.ch\\\/de\\\/\",\"logo\":{\"@type\":\"ImageObject\",\"inLanguage\":\"de\",\"@id\":\"https:\\\/\\\/shop.bantam.ch\\\/de\\\/#\\\/schema\\\/logo\\\/image\\\/\",\"url\":\"https:\\\/\\\/shop.bantam.ch\\\/wp-content\\\/uploads\\\/2022\\\/12\\\/bantam-logo.png\",\"contentUrl\":\"https:\\\/\\\/shop.bantam.ch\\\/wp-content\\\/uploads\\\/2022\\\/12\\\/bantam-logo.png\",\"width\":320,\"height\":71,\"caption\":\"Bantam\"},\"image\":{\"@id\":\"https:\\\/\\\/shop.bantam.ch\\\/de\\\/#\\\/schema\\\/logo\\\/image\\\/\"}}]}<\/script>\n<!-- \/ Yoast SEO plugin. -->","yoast_head_json":{"title":"Klappstuhl Bushwick - Bantam","robots":{"index":"index","follow":"follow","max-snippet":"max-snippet:-1","max-image-preview":"max-image-preview:large","max-video-preview":"max-video-preview:-1"},"canonical":"https:\/\/shop.bantam.ch\/de\/produkt\/klappstuhl-bushwick\/","og_locale":"de_DE","og_type":"article","og_title":"Klappstuhl Bushwick - Bantam","og_description":"Ein klassischer und sehr kompakter Klappstuhl mit einem modernen industriellen Look. Ein Stuhl, der Stil, Komfort und Funktionalit\u00e4t vereint. Ausgestattet mit einer Cationic-Polsterung, einem leichten Aluminiumrahmen und Armlehnen aus Bambus. Ein idealer Stuhl f\u00fcr den Garten oder beim Camping, aber auch auf dem Balkon und im Wohnzimmer. Au\u00dferdem ist dieser Stuhl mit zus\u00e4tzlichen Stabilisatoren und [&hellip;]","og_url":"https:\/\/shop.bantam.ch\/de\/produkt\/klappstuhl-bushwick\/","og_site_name":"Bantam","article_modified_time":"2026-05-03T23:08:59+00:00","og_image":[{"width":640,"height":807,"url":"https:\/\/shop.bantam.ch\/wp-content\/uploads\/2024\/05\/Movera-L-9962152100.jpg","type":"image\/jpeg"}],"twitter_card":"summary_large_image","schema":{"@context":"https:\/\/schema.org","@graph":[{"@type":"WebPage","@id":"https:\/\/shop.bantam.ch\/de\/produkt\/klappstuhl-bushwick\/","url":"https:\/\/shop.bantam.ch\/de\/produkt\/klappstuhl-bushwick\/","name":"Klappstuhl Bushwick - Bantam","isPartOf":{"@id":"https:\/\/shop.bantam.ch\/de\/#website"},"primaryImageOfPage":{"@id":"https:\/\/shop.bantam.ch\/de\/produkt\/klappstuhl-bushwick\/#primaryimage"},"image":{"@id":"https:\/\/shop.bantam.ch\/de\/produkt\/klappstuhl-bushwick\/#primaryimage"},"thumbnailUrl":"https:\/\/shop.bantam.ch\/wp-content\/uploads\/2024\/05\/Movera-L-9962152100.jpg","datePublished":"2024-05-15T14:18:47+00:00","dateModified":"2026-05-03T23:08:59+00:00","breadcrumb":{"@id":"https:\/\/shop.bantam.ch\/de\/produkt\/klappstuhl-bushwick\/#breadcrumb"},"inLanguage":"de","potentialAction":[{"@type":"ReadAction","target":["https:\/\/shop.bantam.ch\/de\/produkt\/klappstuhl-bushwick\/"]}]},{"@type":"ImageObject","inLanguage":"de","@id":"https:\/\/shop.bantam.ch\/de\/produkt\/klappstuhl-bushwick\/#primaryimage","url":"https:\/\/shop.bantam.ch\/wp-content\/uploads\/2024\/05\/Movera-L-9962152100.jpg","contentUrl":"https:\/\/shop.bantam.ch\/wp-content\/uploads\/2024\/05\/Movera-L-9962152100.jpg","width":640,"height":807},{"@type":"BreadcrumbList","@id":"https:\/\/shop.bantam.ch\/de\/produkt\/klappstuhl-bushwick\/#breadcrumb","itemListElement":[{"@type":"ListItem","position":1,"name":"Accueil","item":"https:\/\/shop.bantam.ch\/de\/"},{"@type":"ListItem","position":2,"name":"Shop","item":"https:\/\/shop.bantam.ch\/de\/shop\/"},{"@type":"ListItem","position":3,"name":"Klappstuhl Bushwick"}]},{"@type":"WebSite","@id":"https:\/\/shop.bantam.ch\/de\/#website","url":"https:\/\/shop.bantam.ch\/de\/","name":"Bantam","description":"","publisher":{"@id":"https:\/\/shop.bantam.ch\/de\/#organization"},"inLanguage":"de"},{"@type":"Organization","@id":"https:\/\/shop.bantam.ch\/de\/#organization","name":"Bantam","url":"https:\/\/shop.bantam.ch\/de\/","logo":{"@type":"ImageObject","inLanguage":"de","@id":"https:\/\/shop.bantam.ch\/de\/#\/schema\/logo\/image\/","url":"https:\/\/shop.bantam.ch\/wp-content\/uploads\/2022\/12\/bantam-logo.png","contentUrl":"https:\/\/shop.bantam.ch\/wp-content\/uploads\/2022\/12\/bantam-logo.png","width":320,"height":71,"caption":"Bantam"},"image":{"@id":"https:\/\/shop.bantam.ch\/de\/#\/schema\/logo\/image\/"}}]}},"_links":{"self":[{"href":"https:\/\/shop.bantam.ch\/de\/wp-json\/wp\/v2\/product\/197216","targetHints":{"allow":["GET"]}}],"collection":[{"href":"https:\/\/shop.bantam.ch\/de\/wp-json\/wp\/v2\/product"}],"about":[{"href":"https:\/\/shop.bantam.ch\/de\/wp-json\/wp\/v2\/types\/product"}],"wp:featuredmedia":[{"embeddable":true,"href":"https:\/\/shop.bantam.ch\/de\/wp-json\/wp\/v2\/media\/197200"}],"wp:attachment":[{"href":"https:\/\/shop.bantam.ch\/de\/wp-json\/wp\/v2\/media?parent=197216"}],"wp:term":[{"taxonomy":"product_featured_cat","embeddable":true,"href":"https:\/\/shop.bantam.ch\/de\/wp-json\/wp\/v2\/product_featured_cat?post=197216"},{"taxonomy":"product_brand","embeddable":true,"href":"https:\/\/shop.bantam.ch\/de\/wp-json\/wp\/v2\/product_brand?post=197216"},{"taxonomy":"product_cat","embeddable":true,"href":"https:\/\/shop.bantam.ch\/de\/wp-json\/wp\/v2\/product_cat?post=197216"},{"taxonomy":"product_tag","embeddable":true,"href":"https:\/\/shop.bantam.ch\/de\/wp-json\/wp\/v2\/product_tag?post=197216"}],"curies":[{"name":"wp","href":"https:\/\/api.w.org\/{rel}","templated":true}]}}