{"id":197140,"date":"2024-05-15T16:16:04","date_gmt":"2024-05-15T14:16:04","guid":{"rendered":"https:\/\/shop.bantam.ch\/produit\/defa-campingschrank-niedrig-3-faecher\/"},"modified":"2026-04-19T01:14:26","modified_gmt":"2026-04-18T23:14:26","slug":"defa-campingschrank-niedrig-3-faecher","status":"publish","type":"product","link":"https:\/\/shop.bantam.ch\/de\/produkt\/defa-campingschrank-niedrig-3-faecher\/","title":{"rendered":"DEFA Campingschrank niedrig 3 F\u00e4cher"},"content":{"rendered":"<p>Die neue Campingschrank-Linie von DEFA zeichnet sich durch farbenfrohes Design und eine zeitgem\u00e4\u00dfe Konstruktion aus. Ein vormontiertes Au\u00dfengest\u00e4nge, auf das ein hochwertiger Bezug aufgezogen wird, bildet das Ger\u00fcst der Schr\u00e4nke. In dem r\u00fcckseitigen Bezug ist eine L\u00fcftungsgaze eingearbeitet. Die mit Aluminiumkante verst\u00e4rkten Ablageb\u00f6den werden einfach in die Regaltr\u00e4ger eingelegt. Diese sind mit Rei\u00dfverschl\u00fcssen versehen, so dass die Innenraumaufteilung individuell je nach Bedarf gestaltet werden kann. Die F\u00fc\u00dfe sind h\u00f6henverstellbar und geben sicheren Stand. Den oberen Abschluss der stabilen Konstruktion bildet eine Ablageplatte, seitlich sind in 2 Reihen Utensilientaschen eingearbeitet. Eine praktische Trage- und Aufbewahrungstasche geh\u00f6rt zum Lieferumfang.<\/p>\n","protected":false},"excerpt":{"rendered":"<p>Die neue Campingschrank-Linie von DEFA zeichnet sich durch farbenfrohes Design und eine zeitgem\u00e4\u00dfe Konstruktion aus. Ein vormontiertes Au\u00dfengest\u00e4nge, auf das ein hochwertiger Bezug aufgezogen wird, bildet das Ger\u00fcst der Schr\u00e4nke. In dem r\u00fcckseitigen Bezug ist eine L\u00fcftungsgaze eingearbeitet. Die mit Aluminiumkante verst\u00e4rkten Ablageb\u00f6den werden einfach in die Regaltr\u00e4ger eingelegt. Diese sind mit Rei\u00dfverschl\u00fcssen versehen, so [&hellip;]<\/p>\n","protected":false},"featured_media":197134,"template":"","meta":{"_acf_changed":false},"product_featured_cat":[],"product_brand":[3867],"product_cat":[4058],"product_tag":[],"class_list":{"0":"post-197140","1":"product","2":"type-product","3":"status-publish","4":"has-post-thumbnail","6":"product_brand-umefa-de","7":"product_cat-campingschraenke","9":"first","10":"instock","11":"taxable","12":"shipping-taxable","13":"purchasable","14":"product-type-variable"},"acf":[],"yoast_head":"<!-- This site is optimized with the Yoast SEO plugin v27.4 - https:\/\/yoast.com\/product\/yoast-seo-wordpress\/ -->\n<title>DEFA Campingschrank niedrig 3 F\u00e4cher - Bantam Camping AG<\/title>\n<meta name=\"robots\" content=\"index, follow, max-snippet:-1, max-image-preview:large, max-video-preview:-1\" \/>\n<link rel=\"canonical\" href=\"https:\/\/shop.bantam.ch\/de\/produkt\/defa-campingschrank-niedrig-3-faecher\/\" \/>\n<meta property=\"og:locale\" content=\"de_DE\" \/>\n<meta property=\"og:type\" content=\"article\" \/>\n<meta property=\"og:title\" content=\"DEFA Campingschrank niedrig 3 F\u00e4cher - Bantam Camping AG\" \/>\n<meta property=\"og:description\" content=\"Die neue Campingschrank-Linie von DEFA zeichnet sich durch farbenfrohes Design und eine zeitgem\u00e4\u00dfe Konstruktion aus. Ein vormontiertes Au\u00dfengest\u00e4nge, auf das ein hochwertiger Bezug aufgezogen wird, bildet das Ger\u00fcst der Schr\u00e4nke. In dem r\u00fcckseitigen Bezug ist eine L\u00fcftungsgaze eingearbeitet. Die mit Aluminiumkante verst\u00e4rkten Ablageb\u00f6den werden einfach in die Regaltr\u00e4ger eingelegt. Diese sind mit Rei\u00dfverschl\u00fcssen versehen, so [&hellip;]\" \/>\n<meta property=\"og:url\" content=\"https:\/\/shop.bantam.ch\/de\/produkt\/defa-campingschrank-niedrig-3-faecher\/\" \/>\n<meta property=\"og:site_name\" content=\"Bantam Camping AG\" \/>\n<meta property=\"article:modified_time\" content=\"2026-04-18T23:14:26+00:00\" \/>\n<meta property=\"og:image\" content=\"https:\/\/shop.bantam.ch\/wp-content\/uploads\/2024\/05\/Movera-L-9962130100.jpg\" \/>\n\t<meta property=\"og:image:width\" content=\"640\" \/>\n\t<meta property=\"og:image:height\" content=\"961\" \/>\n\t<meta property=\"og:image:type\" content=\"image\/jpeg\" \/>\n<meta name=\"twitter:card\" content=\"summary_large_image\" \/>\n<meta name=\"twitter:label1\" content=\"Gesch\u00e4tzte Lesezeit\" \/>\n\t<meta name=\"twitter:data1\" content=\"1\u00a0Minute\" \/>\n<script type=\"application\/ld+json\" class=\"yoast-schema-graph\">{\"@context\":\"https:\\\/\\\/schema.org\",\"@graph\":[{\"@type\":\"WebPage\",\"@id\":\"https:\\\/\\\/shop.bantam.ch\\\/de\\\/produkt\\\/defa-campingschrank-niedrig-3-faecher\\\/\",\"url\":\"https:\\\/\\\/shop.bantam.ch\\\/de\\\/produkt\\\/defa-campingschrank-niedrig-3-faecher\\\/\",\"name\":\"DEFA Campingschrank niedrig 3 F\u00e4cher - Bantam Camping AG\",\"isPartOf\":{\"@id\":\"https:\\\/\\\/shop.bantam.ch\\\/de\\\/#website\"},\"primaryImageOfPage\":{\"@id\":\"https:\\\/\\\/shop.bantam.ch\\\/de\\\/produkt\\\/defa-campingschrank-niedrig-3-faecher\\\/#primaryimage\"},\"image\":{\"@id\":\"https:\\\/\\\/shop.bantam.ch\\\/de\\\/produkt\\\/defa-campingschrank-niedrig-3-faecher\\\/#primaryimage\"},\"thumbnailUrl\":\"https:\\\/\\\/shop.bantam.ch\\\/wp-content\\\/uploads\\\/2024\\\/05\\\/Movera-L-9962130100.jpg\",\"datePublished\":\"2024-05-15T14:16:04+00:00\",\"dateModified\":\"2026-04-18T23:14:26+00:00\",\"breadcrumb\":{\"@id\":\"https:\\\/\\\/shop.bantam.ch\\\/de\\\/produkt\\\/defa-campingschrank-niedrig-3-faecher\\\/#breadcrumb\"},\"inLanguage\":\"de\",\"potentialAction\":[{\"@type\":\"ReadAction\",\"target\":[\"https:\\\/\\\/shop.bantam.ch\\\/de\\\/produkt\\\/defa-campingschrank-niedrig-3-faecher\\\/\"]}]},{\"@type\":\"ImageObject\",\"inLanguage\":\"de\",\"@id\":\"https:\\\/\\\/shop.bantam.ch\\\/de\\\/produkt\\\/defa-campingschrank-niedrig-3-faecher\\\/#primaryimage\",\"url\":\"https:\\\/\\\/shop.bantam.ch\\\/wp-content\\\/uploads\\\/2024\\\/05\\\/Movera-L-9962130100.jpg\",\"contentUrl\":\"https:\\\/\\\/shop.bantam.ch\\\/wp-content\\\/uploads\\\/2024\\\/05\\\/Movera-L-9962130100.jpg\",\"width\":640,\"height\":961},{\"@type\":\"BreadcrumbList\",\"@id\":\"https:\\\/\\\/shop.bantam.ch\\\/de\\\/produkt\\\/defa-campingschrank-niedrig-3-faecher\\\/#breadcrumb\",\"itemListElement\":[{\"@type\":\"ListItem\",\"position\":1,\"name\":\"Accueil\",\"item\":\"https:\\\/\\\/shop.bantam.ch\\\/de\\\/\"},{\"@type\":\"ListItem\",\"position\":2,\"name\":\"Shop\",\"item\":\"https:\\\/\\\/shop.bantam.ch\\\/de\\\/shop\\\/\"},{\"@type\":\"ListItem\",\"position\":3,\"name\":\"DEFA Campingschrank niedrig 3 F\u00e4cher\"}]},{\"@type\":\"WebSite\",\"@id\":\"https:\\\/\\\/shop.bantam.ch\\\/de\\\/#website\",\"url\":\"https:\\\/\\\/shop.bantam.ch\\\/de\\\/\",\"name\":\"Bantam Camping AG\",\"description\":\"\",\"publisher\":{\"@id\":\"https:\\\/\\\/shop.bantam.ch\\\/de\\\/#organization\"},\"inLanguage\":\"de\"},{\"@type\":\"Organization\",\"@id\":\"https:\\\/\\\/shop.bantam.ch\\\/de\\\/#organization\",\"name\":\"Bantam Camping AG\",\"url\":\"https:\\\/\\\/shop.bantam.ch\\\/de\\\/\",\"logo\":{\"@type\":\"ImageObject\",\"inLanguage\":\"de\",\"@id\":\"https:\\\/\\\/shop.bantam.ch\\\/de\\\/#\\\/schema\\\/logo\\\/image\\\/\",\"url\":\"https:\\\/\\\/shop.bantam.ch\\\/wp-content\\\/uploads\\\/2022\\\/12\\\/bantam-logo.png\",\"contentUrl\":\"https:\\\/\\\/shop.bantam.ch\\\/wp-content\\\/uploads\\\/2022\\\/12\\\/bantam-logo.png\",\"width\":320,\"height\":71,\"caption\":\"Bantam Camping AG\"},\"image\":{\"@id\":\"https:\\\/\\\/shop.bantam.ch\\\/de\\\/#\\\/schema\\\/logo\\\/image\\\/\"}}]}<\/script>\n<!-- \/ Yoast SEO plugin. -->","yoast_head_json":{"title":"DEFA Campingschrank niedrig 3 F\u00e4cher - Bantam Camping AG","robots":{"index":"index","follow":"follow","max-snippet":"max-snippet:-1","max-image-preview":"max-image-preview:large","max-video-preview":"max-video-preview:-1"},"canonical":"https:\/\/shop.bantam.ch\/de\/produkt\/defa-campingschrank-niedrig-3-faecher\/","og_locale":"de_DE","og_type":"article","og_title":"DEFA Campingschrank niedrig 3 F\u00e4cher - Bantam Camping AG","og_description":"Die neue Campingschrank-Linie von DEFA zeichnet sich durch farbenfrohes Design und eine zeitgem\u00e4\u00dfe Konstruktion aus. Ein vormontiertes Au\u00dfengest\u00e4nge, auf das ein hochwertiger Bezug aufgezogen wird, bildet das Ger\u00fcst der Schr\u00e4nke. In dem r\u00fcckseitigen Bezug ist eine L\u00fcftungsgaze eingearbeitet. Die mit Aluminiumkante verst\u00e4rkten Ablageb\u00f6den werden einfach in die Regaltr\u00e4ger eingelegt. Diese sind mit Rei\u00dfverschl\u00fcssen versehen, so [&hellip;]","og_url":"https:\/\/shop.bantam.ch\/de\/produkt\/defa-campingschrank-niedrig-3-faecher\/","og_site_name":"Bantam Camping AG","article_modified_time":"2026-04-18T23:14:26+00:00","og_image":[{"width":640,"height":961,"url":"https:\/\/shop.bantam.ch\/wp-content\/uploads\/2024\/05\/Movera-L-9962130100.jpg","type":"image\/jpeg"}],"twitter_card":"summary_large_image","twitter_misc":{"Gesch\u00e4tzte Lesezeit":"1\u00a0Minute"},"schema":{"@context":"https:\/\/schema.org","@graph":[{"@type":"WebPage","@id":"https:\/\/shop.bantam.ch\/de\/produkt\/defa-campingschrank-niedrig-3-faecher\/","url":"https:\/\/shop.bantam.ch\/de\/produkt\/defa-campingschrank-niedrig-3-faecher\/","name":"DEFA Campingschrank niedrig 3 F\u00e4cher - Bantam Camping AG","isPartOf":{"@id":"https:\/\/shop.bantam.ch\/de\/#website"},"primaryImageOfPage":{"@id":"https:\/\/shop.bantam.ch\/de\/produkt\/defa-campingschrank-niedrig-3-faecher\/#primaryimage"},"image":{"@id":"https:\/\/shop.bantam.ch\/de\/produkt\/defa-campingschrank-niedrig-3-faecher\/#primaryimage"},"thumbnailUrl":"https:\/\/shop.bantam.ch\/wp-content\/uploads\/2024\/05\/Movera-L-9962130100.jpg","datePublished":"2024-05-15T14:16:04+00:00","dateModified":"2026-04-18T23:14:26+00:00","breadcrumb":{"@id":"https:\/\/shop.bantam.ch\/de\/produkt\/defa-campingschrank-niedrig-3-faecher\/#breadcrumb"},"inLanguage":"de","potentialAction":[{"@type":"ReadAction","target":["https:\/\/shop.bantam.ch\/de\/produkt\/defa-campingschrank-niedrig-3-faecher\/"]}]},{"@type":"ImageObject","inLanguage":"de","@id":"https:\/\/shop.bantam.ch\/de\/produkt\/defa-campingschrank-niedrig-3-faecher\/#primaryimage","url":"https:\/\/shop.bantam.ch\/wp-content\/uploads\/2024\/05\/Movera-L-9962130100.jpg","contentUrl":"https:\/\/shop.bantam.ch\/wp-content\/uploads\/2024\/05\/Movera-L-9962130100.jpg","width":640,"height":961},{"@type":"BreadcrumbList","@id":"https:\/\/shop.bantam.ch\/de\/produkt\/defa-campingschrank-niedrig-3-faecher\/#breadcrumb","itemListElement":[{"@type":"ListItem","position":1,"name":"Accueil","item":"https:\/\/shop.bantam.ch\/de\/"},{"@type":"ListItem","position":2,"name":"Shop","item":"https:\/\/shop.bantam.ch\/de\/shop\/"},{"@type":"ListItem","position":3,"name":"DEFA Campingschrank niedrig 3 F\u00e4cher"}]},{"@type":"WebSite","@id":"https:\/\/shop.bantam.ch\/de\/#website","url":"https:\/\/shop.bantam.ch\/de\/","name":"Bantam Camping AG","description":"","publisher":{"@id":"https:\/\/shop.bantam.ch\/de\/#organization"},"inLanguage":"de"},{"@type":"Organization","@id":"https:\/\/shop.bantam.ch\/de\/#organization","name":"Bantam Camping AG","url":"https:\/\/shop.bantam.ch\/de\/","logo":{"@type":"ImageObject","inLanguage":"de","@id":"https:\/\/shop.bantam.ch\/de\/#\/schema\/logo\/image\/","url":"https:\/\/shop.bantam.ch\/wp-content\/uploads\/2022\/12\/bantam-logo.png","contentUrl":"https:\/\/shop.bantam.ch\/wp-content\/uploads\/2022\/12\/bantam-logo.png","width":320,"height":71,"caption":"Bantam Camping AG"},"image":{"@id":"https:\/\/shop.bantam.ch\/de\/#\/schema\/logo\/image\/"}}]}},"_links":{"self":[{"href":"https:\/\/shop.bantam.ch\/de\/wp-json\/wp\/v2\/product\/197140","targetHints":{"allow":["GET"]}}],"collection":[{"href":"https:\/\/shop.bantam.ch\/de\/wp-json\/wp\/v2\/product"}],"about":[{"href":"https:\/\/shop.bantam.ch\/de\/wp-json\/wp\/v2\/types\/product"}],"wp:featuredmedia":[{"embeddable":true,"href":"https:\/\/shop.bantam.ch\/de\/wp-json\/wp\/v2\/media\/197134"}],"wp:attachment":[{"href":"https:\/\/shop.bantam.ch\/de\/wp-json\/wp\/v2\/media?parent=197140"}],"wp:term":[{"taxonomy":"product_featured_cat","embeddable":true,"href":"https:\/\/shop.bantam.ch\/de\/wp-json\/wp\/v2\/product_featured_cat?post=197140"},{"taxonomy":"product_brand","embeddable":true,"href":"https:\/\/shop.bantam.ch\/de\/wp-json\/wp\/v2\/product_brand?post=197140"},{"taxonomy":"product_cat","embeddable":true,"href":"https:\/\/shop.bantam.ch\/de\/wp-json\/wp\/v2\/product_cat?post=197140"},{"taxonomy":"product_tag","embeddable":true,"href":"https:\/\/shop.bantam.ch\/de\/wp-json\/wp\/v2\/product_tag?post=197140"}],"curies":[{"name":"wp","href":"https:\/\/api.w.org\/{rel}","templated":true}]}}