{"id":197092,"date":"2024-05-15T16:15:13","date_gmt":"2024-05-15T14:15:13","guid":{"rendered":"https:\/\/shop.bantam.ch\/produit\/yes-we-camp_-secret-campsites-_europa_-adac\/"},"modified":"2026-04-17T23:08:47","modified_gmt":"2026-04-17T21:08:47","slug":"yes-we-camp_-secret-campsites-_europa_-adac","status":"publish","type":"product","link":"https:\/\/shop.bantam.ch\/de\/produkt\/yes-we-camp_-secret-campsites-_europa_-adac\/","title":{"rendered":"Yes we camp_ Secret Campsites _Europa_, ADAC"},"content":{"rendered":"<p>Der erste Guide von Insidern zu kleinen, unbekannten Campingpl\u00e4tzen und den sch\u00f6nsten Ausfl\u00fcgen in ganz Europa.<\/p>\n<p>Kleine Pl\u00e4tze, gro\u00dfe Freiheit: Campen an den sch\u00f6nsten Flecken Europas \u2013 aber ganz ohne K\u00fcstentrubel, mit freiem Blick ins Gebirge von Montenegro und auf die sch\u00f6nsten Seen in Slowenien. Nach dem erfolgreichen Band \u201eSECRET CAMPSITES\u201c, der versteckte Camping-Kleinode in Deutschland verraten hat, werden in diesem Band herrlich kleine, unbekannte Campingpl\u00e4tze und -regionen vorgestellt. Und weil man vor Ort schon mitten in der Natur ist, liefern die Autoren die passenden Ausfl\u00fcge in der N\u00e4he der Campingpl\u00e4tze gleich mit: von der Mountainbike-Tour \u00fcber Klettersteige bis hin zu K\u00fcsten-Spazierg\u00e4ngen. In Zusammenarbeit mit PiNCAMP, dem Campingportal des ADAC.<\/p>\n","protected":false},"excerpt":{"rendered":"<p>Der erste Guide von Insidern zu kleinen, unbekannten Campingpl\u00e4tzen und den sch\u00f6nsten Ausfl\u00fcgen in ganz Europa. Kleine Pl\u00e4tze, gro\u00dfe Freiheit: Campen an den sch\u00f6nsten Flecken Europas \u2013 aber ganz ohne K\u00fcstentrubel, mit freiem Blick ins Gebirge von Montenegro und auf die sch\u00f6nsten Seen in Slowenien. Nach dem erfolgreichen Band \u201eSECRET CAMPSITES\u201c, der versteckte Camping-Kleinode in [&hellip;]<\/p>\n","protected":false},"featured_media":207063,"template":"","meta":{"_acf_changed":false},"product_featured_cat":[],"product_brand":[3647],"product_cat":[4352],"product_tag":[],"class_list":{"0":"post-197092","1":"product","2":"type-product","3":"status-publish","4":"has-post-thumbnail","6":"product_brand-adac-de","7":"product_cat-reisefuehrer","9":"first","10":"instock","11":"taxable","12":"shipping-taxable","13":"purchasable","14":"product-type-simple"},"acf":[],"yoast_head":"<!-- This site is optimized with the Yoast SEO plugin v27.4 - https:\/\/yoast.com\/product\/yoast-seo-wordpress\/ -->\n<title>Yes we camp_ Secret Campsites _Europa_, ADAC - Bantam Camping AG<\/title>\n<meta name=\"robots\" content=\"index, follow, max-snippet:-1, max-image-preview:large, max-video-preview:-1\" \/>\n<link rel=\"canonical\" href=\"https:\/\/shop.bantam.ch\/de\/produkt\/yes-we-camp_-secret-campsites-_europa_-adac\/\" \/>\n<meta property=\"og:locale\" content=\"de_DE\" \/>\n<meta property=\"og:type\" content=\"article\" \/>\n<meta property=\"og:title\" content=\"Yes we camp_ Secret Campsites _Europa_, ADAC - Bantam Camping AG\" \/>\n<meta property=\"og:description\" content=\"Der erste Guide von Insidern zu kleinen, unbekannten Campingpl\u00e4tzen und den sch\u00f6nsten Ausfl\u00fcgen in ganz Europa. Kleine Pl\u00e4tze, gro\u00dfe Freiheit: Campen an den sch\u00f6nsten Flecken Europas \u2013 aber ganz ohne K\u00fcstentrubel, mit freiem Blick ins Gebirge von Montenegro und auf die sch\u00f6nsten Seen in Slowenien. Nach dem erfolgreichen Band \u201eSECRET CAMPSITES\u201c, der versteckte Camping-Kleinode in [&hellip;]\" \/>\n<meta property=\"og:url\" content=\"https:\/\/shop.bantam.ch\/de\/produkt\/yes-we-camp_-secret-campsites-_europa_-adac\/\" \/>\n<meta property=\"og:site_name\" content=\"Bantam Camping AG\" \/>\n<meta property=\"article:modified_time\" content=\"2026-04-17T21:08:47+00:00\" \/>\n<meta property=\"og:image\" content=\"https:\/\/shop.bantam.ch\/wp-content\/uploads\/2024\/05\/Movera-L-9962115100.jpg\" \/>\n\t<meta property=\"og:image:width\" content=\"640\" \/>\n\t<meta property=\"og:image:height\" content=\"832\" \/>\n\t<meta property=\"og:image:type\" content=\"image\/jpeg\" \/>\n<meta name=\"twitter:card\" content=\"summary_large_image\" \/>\n<meta name=\"twitter:label1\" content=\"Gesch\u00e4tzte Lesezeit\" \/>\n\t<meta name=\"twitter:data1\" content=\"1\u00a0Minute\" \/>\n<script type=\"application\/ld+json\" class=\"yoast-schema-graph\">{\"@context\":\"https:\\\/\\\/schema.org\",\"@graph\":[{\"@type\":\"WebPage\",\"@id\":\"https:\\\/\\\/shop.bantam.ch\\\/de\\\/produkt\\\/yes-we-camp_-secret-campsites-_europa_-adac\\\/\",\"url\":\"https:\\\/\\\/shop.bantam.ch\\\/de\\\/produkt\\\/yes-we-camp_-secret-campsites-_europa_-adac\\\/\",\"name\":\"Yes we camp_ Secret Campsites _Europa_, ADAC - Bantam Camping AG\",\"isPartOf\":{\"@id\":\"https:\\\/\\\/shop.bantam.ch\\\/de\\\/#website\"},\"primaryImageOfPage\":{\"@id\":\"https:\\\/\\\/shop.bantam.ch\\\/de\\\/produkt\\\/yes-we-camp_-secret-campsites-_europa_-adac\\\/#primaryimage\"},\"image\":{\"@id\":\"https:\\\/\\\/shop.bantam.ch\\\/de\\\/produkt\\\/yes-we-camp_-secret-campsites-_europa_-adac\\\/#primaryimage\"},\"thumbnailUrl\":\"https:\\\/\\\/shop.bantam.ch\\\/wp-content\\\/uploads\\\/2024\\\/09\\\/Movera-L-9962115100.jpg\",\"datePublished\":\"2024-05-15T14:15:13+00:00\",\"dateModified\":\"2026-04-17T21:08:47+00:00\",\"breadcrumb\":{\"@id\":\"https:\\\/\\\/shop.bantam.ch\\\/de\\\/produkt\\\/yes-we-camp_-secret-campsites-_europa_-adac\\\/#breadcrumb\"},\"inLanguage\":\"de\",\"potentialAction\":[{\"@type\":\"ReadAction\",\"target\":[\"https:\\\/\\\/shop.bantam.ch\\\/de\\\/produkt\\\/yes-we-camp_-secret-campsites-_europa_-adac\\\/\"]}]},{\"@type\":\"ImageObject\",\"inLanguage\":\"de\",\"@id\":\"https:\\\/\\\/shop.bantam.ch\\\/de\\\/produkt\\\/yes-we-camp_-secret-campsites-_europa_-adac\\\/#primaryimage\",\"url\":\"https:\\\/\\\/shop.bantam.ch\\\/wp-content\\\/uploads\\\/2024\\\/09\\\/Movera-L-9962115100.jpg\",\"contentUrl\":\"https:\\\/\\\/shop.bantam.ch\\\/wp-content\\\/uploads\\\/2024\\\/09\\\/Movera-L-9962115100.jpg\",\"width\":640,\"height\":832},{\"@type\":\"BreadcrumbList\",\"@id\":\"https:\\\/\\\/shop.bantam.ch\\\/de\\\/produkt\\\/yes-we-camp_-secret-campsites-_europa_-adac\\\/#breadcrumb\",\"itemListElement\":[{\"@type\":\"ListItem\",\"position\":1,\"name\":\"Accueil\",\"item\":\"https:\\\/\\\/shop.bantam.ch\\\/de\\\/\"},{\"@type\":\"ListItem\",\"position\":2,\"name\":\"Shop\",\"item\":\"https:\\\/\\\/shop.bantam.ch\\\/de\\\/shop\\\/\"},{\"@type\":\"ListItem\",\"position\":3,\"name\":\"Yes we camp_ Secret Campsites _Europa_, ADAC\"}]},{\"@type\":\"WebSite\",\"@id\":\"https:\\\/\\\/shop.bantam.ch\\\/de\\\/#website\",\"url\":\"https:\\\/\\\/shop.bantam.ch\\\/de\\\/\",\"name\":\"Bantam Camping AG\",\"description\":\"\",\"publisher\":{\"@id\":\"https:\\\/\\\/shop.bantam.ch\\\/de\\\/#organization\"},\"inLanguage\":\"de\"},{\"@type\":\"Organization\",\"@id\":\"https:\\\/\\\/shop.bantam.ch\\\/de\\\/#organization\",\"name\":\"Bantam Camping AG\",\"url\":\"https:\\\/\\\/shop.bantam.ch\\\/de\\\/\",\"logo\":{\"@type\":\"ImageObject\",\"inLanguage\":\"de\",\"@id\":\"https:\\\/\\\/shop.bantam.ch\\\/de\\\/#\\\/schema\\\/logo\\\/image\\\/\",\"url\":\"https:\\\/\\\/shop.bantam.ch\\\/wp-content\\\/uploads\\\/2022\\\/12\\\/bantam-logo.png\",\"contentUrl\":\"https:\\\/\\\/shop.bantam.ch\\\/wp-content\\\/uploads\\\/2022\\\/12\\\/bantam-logo.png\",\"width\":320,\"height\":71,\"caption\":\"Bantam Camping AG\"},\"image\":{\"@id\":\"https:\\\/\\\/shop.bantam.ch\\\/de\\\/#\\\/schema\\\/logo\\\/image\\\/\"}}]}<\/script>\n<!-- \/ Yoast SEO plugin. -->","yoast_head_json":{"title":"Yes we camp_ Secret Campsites _Europa_, ADAC - Bantam Camping AG","robots":{"index":"index","follow":"follow","max-snippet":"max-snippet:-1","max-image-preview":"max-image-preview:large","max-video-preview":"max-video-preview:-1"},"canonical":"https:\/\/shop.bantam.ch\/de\/produkt\/yes-we-camp_-secret-campsites-_europa_-adac\/","og_locale":"de_DE","og_type":"article","og_title":"Yes we camp_ Secret Campsites _Europa_, ADAC - Bantam Camping AG","og_description":"Der erste Guide von Insidern zu kleinen, unbekannten Campingpl\u00e4tzen und den sch\u00f6nsten Ausfl\u00fcgen in ganz Europa. Kleine Pl\u00e4tze, gro\u00dfe Freiheit: Campen an den sch\u00f6nsten Flecken Europas \u2013 aber ganz ohne K\u00fcstentrubel, mit freiem Blick ins Gebirge von Montenegro und auf die sch\u00f6nsten Seen in Slowenien. Nach dem erfolgreichen Band \u201eSECRET CAMPSITES\u201c, der versteckte Camping-Kleinode in [&hellip;]","og_url":"https:\/\/shop.bantam.ch\/de\/produkt\/yes-we-camp_-secret-campsites-_europa_-adac\/","og_site_name":"Bantam Camping AG","article_modified_time":"2026-04-17T21:08:47+00:00","og_image":[{"width":640,"height":832,"url":"https:\/\/shop.bantam.ch\/wp-content\/uploads\/2024\/05\/Movera-L-9962115100.jpg","type":"image\/jpeg"}],"twitter_card":"summary_large_image","twitter_misc":{"Gesch\u00e4tzte Lesezeit":"1\u00a0Minute"},"schema":{"@context":"https:\/\/schema.org","@graph":[{"@type":"WebPage","@id":"https:\/\/shop.bantam.ch\/de\/produkt\/yes-we-camp_-secret-campsites-_europa_-adac\/","url":"https:\/\/shop.bantam.ch\/de\/produkt\/yes-we-camp_-secret-campsites-_europa_-adac\/","name":"Yes we camp_ Secret Campsites _Europa_, ADAC - Bantam Camping AG","isPartOf":{"@id":"https:\/\/shop.bantam.ch\/de\/#website"},"primaryImageOfPage":{"@id":"https:\/\/shop.bantam.ch\/de\/produkt\/yes-we-camp_-secret-campsites-_europa_-adac\/#primaryimage"},"image":{"@id":"https:\/\/shop.bantam.ch\/de\/produkt\/yes-we-camp_-secret-campsites-_europa_-adac\/#primaryimage"},"thumbnailUrl":"https:\/\/shop.bantam.ch\/wp-content\/uploads\/2024\/09\/Movera-L-9962115100.jpg","datePublished":"2024-05-15T14:15:13+00:00","dateModified":"2026-04-17T21:08:47+00:00","breadcrumb":{"@id":"https:\/\/shop.bantam.ch\/de\/produkt\/yes-we-camp_-secret-campsites-_europa_-adac\/#breadcrumb"},"inLanguage":"de","potentialAction":[{"@type":"ReadAction","target":["https:\/\/shop.bantam.ch\/de\/produkt\/yes-we-camp_-secret-campsites-_europa_-adac\/"]}]},{"@type":"ImageObject","inLanguage":"de","@id":"https:\/\/shop.bantam.ch\/de\/produkt\/yes-we-camp_-secret-campsites-_europa_-adac\/#primaryimage","url":"https:\/\/shop.bantam.ch\/wp-content\/uploads\/2024\/09\/Movera-L-9962115100.jpg","contentUrl":"https:\/\/shop.bantam.ch\/wp-content\/uploads\/2024\/09\/Movera-L-9962115100.jpg","width":640,"height":832},{"@type":"BreadcrumbList","@id":"https:\/\/shop.bantam.ch\/de\/produkt\/yes-we-camp_-secret-campsites-_europa_-adac\/#breadcrumb","itemListElement":[{"@type":"ListItem","position":1,"name":"Accueil","item":"https:\/\/shop.bantam.ch\/de\/"},{"@type":"ListItem","position":2,"name":"Shop","item":"https:\/\/shop.bantam.ch\/de\/shop\/"},{"@type":"ListItem","position":3,"name":"Yes we camp_ Secret Campsites _Europa_, ADAC"}]},{"@type":"WebSite","@id":"https:\/\/shop.bantam.ch\/de\/#website","url":"https:\/\/shop.bantam.ch\/de\/","name":"Bantam Camping AG","description":"","publisher":{"@id":"https:\/\/shop.bantam.ch\/de\/#organization"},"inLanguage":"de"},{"@type":"Organization","@id":"https:\/\/shop.bantam.ch\/de\/#organization","name":"Bantam Camping AG","url":"https:\/\/shop.bantam.ch\/de\/","logo":{"@type":"ImageObject","inLanguage":"de","@id":"https:\/\/shop.bantam.ch\/de\/#\/schema\/logo\/image\/","url":"https:\/\/shop.bantam.ch\/wp-content\/uploads\/2022\/12\/bantam-logo.png","contentUrl":"https:\/\/shop.bantam.ch\/wp-content\/uploads\/2022\/12\/bantam-logo.png","width":320,"height":71,"caption":"Bantam Camping AG"},"image":{"@id":"https:\/\/shop.bantam.ch\/de\/#\/schema\/logo\/image\/"}}]}},"_links":{"self":[{"href":"https:\/\/shop.bantam.ch\/de\/wp-json\/wp\/v2\/product\/197092","targetHints":{"allow":["GET"]}}],"collection":[{"href":"https:\/\/shop.bantam.ch\/de\/wp-json\/wp\/v2\/product"}],"about":[{"href":"https:\/\/shop.bantam.ch\/de\/wp-json\/wp\/v2\/types\/product"}],"wp:featuredmedia":[{"embeddable":true,"href":"https:\/\/shop.bantam.ch\/de\/wp-json\/wp\/v2\/media\/207063"}],"wp:attachment":[{"href":"https:\/\/shop.bantam.ch\/de\/wp-json\/wp\/v2\/media?parent=197092"}],"wp:term":[{"taxonomy":"product_featured_cat","embeddable":true,"href":"https:\/\/shop.bantam.ch\/de\/wp-json\/wp\/v2\/product_featured_cat?post=197092"},{"taxonomy":"product_brand","embeddable":true,"href":"https:\/\/shop.bantam.ch\/de\/wp-json\/wp\/v2\/product_brand?post=197092"},{"taxonomy":"product_cat","embeddable":true,"href":"https:\/\/shop.bantam.ch\/de\/wp-json\/wp\/v2\/product_cat?post=197092"},{"taxonomy":"product_tag","embeddable":true,"href":"https:\/\/shop.bantam.ch\/de\/wp-json\/wp\/v2\/product_tag?post=197092"}],"curies":[{"name":"wp","href":"https:\/\/api.w.org\/{rel}","templated":true}]}}