{"id":197084,"date":"2024-05-15T16:15:00","date_gmt":"2024-05-15T14:15:00","guid":{"rendered":"https:\/\/shop.bantam.ch\/produit\/webers-dutch-oven-und-plancha-klassiker-und-ueberraschende-gerichte-gu\/"},"modified":"2026-05-11T23:06:24","modified_gmt":"2026-05-11T21:06:24","slug":"webers-dutch-oven-und-plancha-klassiker-und-ueberraschende-gerichte-gu","status":"publish","type":"product","link":"https:\/\/shop.bantam.ch\/de\/produkt\/webers-dutch-oven-und-plancha-klassiker-und-ueberraschende-gerichte-gu\/","title":{"rendered":"Webers Dutch Oven und Plancha: Klassiker und \u00fcberraschende Gerichte, GU"},"content":{"rendered":"<p>Ob Fisch, Fleisch und Gem\u00fcse auf der Plancha oder Suppen, Aufl\u00e4ufe, Schmorgerichte und Braten aus dem Dutch Oven \u2013 hier finden unge\u00fcbte wie erfahrene Schmurgler garantiert das passende Rezept f\u00fcr den Kochspa\u00df unter freiem Himmel!<\/p>\n","protected":false},"excerpt":{"rendered":"<p>Ob Fisch, Fleisch und Gem\u00fcse auf der Plancha oder Suppen, Aufl\u00e4ufe, Schmorgerichte und Braten aus dem Dutch Oven \u2013 hier finden unge\u00fcbte wie erfahrene Schmurgler garantiert das passende Rezept f\u00fcr den Kochspa\u00df unter freiem Himmel!<\/p>\n","protected":false},"featured_media":207061,"template":"","meta":{"_acf_changed":false},"product_featured_cat":[],"product_brand":[3513],"product_cat":[4348],"product_tag":[],"class_list":{"0":"post-197084","1":"product","2":"type-product","3":"status-publish","4":"has-post-thumbnail","6":"product_brand-gu-de","7":"product_cat-kochbuecher","9":"first","10":"instock","11":"taxable","12":"shipping-taxable","13":"purchasable","14":"product-type-simple"},"acf":[],"yoast_head":"<!-- This site is optimized with the Yoast SEO plugin v27.5 - https:\/\/yoast.com\/product\/yoast-seo-wordpress\/ -->\n<title>Webers Dutch Oven und Plancha: Klassiker und \u00fcberraschende Gerichte, GU - Bantam<\/title>\n<meta name=\"robots\" content=\"index, follow, max-snippet:-1, max-image-preview:large, max-video-preview:-1\" \/>\n<link rel=\"canonical\" href=\"https:\/\/shop.bantam.ch\/de\/produkt\/webers-dutch-oven-und-plancha-klassiker-und-ueberraschende-gerichte-gu\/\" \/>\n<meta property=\"og:locale\" content=\"de_DE\" \/>\n<meta property=\"og:type\" content=\"article\" \/>\n<meta property=\"og:title\" content=\"Webers Dutch Oven und Plancha: Klassiker und \u00fcberraschende Gerichte, GU - Bantam\" \/>\n<meta property=\"og:description\" content=\"Ob Fisch, Fleisch und Gem\u00fcse auf der Plancha oder Suppen, Aufl\u00e4ufe, Schmorgerichte und Braten aus dem Dutch Oven \u2013 hier finden unge\u00fcbte wie erfahrene Schmurgler garantiert das passende Rezept f\u00fcr den Kochspa\u00df unter freiem Himmel!\" \/>\n<meta property=\"og:url\" content=\"https:\/\/shop.bantam.ch\/de\/produkt\/webers-dutch-oven-und-plancha-klassiker-und-ueberraschende-gerichte-gu\/\" \/>\n<meta property=\"og:site_name\" content=\"Bantam\" \/>\n<meta property=\"article:modified_time\" content=\"2026-05-11T21:06:24+00:00\" \/>\n<meta property=\"og:image\" content=\"https:\/\/shop.bantam.ch\/wp-content\/uploads\/2024\/05\/Movera-L-9962113100.jpg\" \/>\n\t<meta property=\"og:image:width\" content=\"640\" \/>\n\t<meta property=\"og:image:height\" content=\"837\" \/>\n\t<meta property=\"og:image:type\" content=\"image\/jpeg\" \/>\n<meta name=\"twitter:card\" content=\"summary_large_image\" \/>\n<script type=\"application\/ld+json\" class=\"yoast-schema-graph\">{\"@context\":\"https:\\\/\\\/schema.org\",\"@graph\":[{\"@type\":\"WebPage\",\"@id\":\"https:\\\/\\\/shop.bantam.ch\\\/de\\\/produkt\\\/webers-dutch-oven-und-plancha-klassiker-und-ueberraschende-gerichte-gu\\\/\",\"url\":\"https:\\\/\\\/shop.bantam.ch\\\/de\\\/produkt\\\/webers-dutch-oven-und-plancha-klassiker-und-ueberraschende-gerichte-gu\\\/\",\"name\":\"Webers Dutch Oven und Plancha: Klassiker und \u00fcberraschende Gerichte, GU - Bantam\",\"isPartOf\":{\"@id\":\"https:\\\/\\\/shop.bantam.ch\\\/de\\\/#website\"},\"primaryImageOfPage\":{\"@id\":\"https:\\\/\\\/shop.bantam.ch\\\/de\\\/produkt\\\/webers-dutch-oven-und-plancha-klassiker-und-ueberraschende-gerichte-gu\\\/#primaryimage\"},\"image\":{\"@id\":\"https:\\\/\\\/shop.bantam.ch\\\/de\\\/produkt\\\/webers-dutch-oven-und-plancha-klassiker-und-ueberraschende-gerichte-gu\\\/#primaryimage\"},\"thumbnailUrl\":\"https:\\\/\\\/shop.bantam.ch\\\/wp-content\\\/uploads\\\/2024\\\/09\\\/Movera-L-9962113100.jpg\",\"datePublished\":\"2024-05-15T14:15:00+00:00\",\"dateModified\":\"2026-05-11T21:06:24+00:00\",\"breadcrumb\":{\"@id\":\"https:\\\/\\\/shop.bantam.ch\\\/de\\\/produkt\\\/webers-dutch-oven-und-plancha-klassiker-und-ueberraschende-gerichte-gu\\\/#breadcrumb\"},\"inLanguage\":\"de\",\"potentialAction\":[{\"@type\":\"ReadAction\",\"target\":[\"https:\\\/\\\/shop.bantam.ch\\\/de\\\/produkt\\\/webers-dutch-oven-und-plancha-klassiker-und-ueberraschende-gerichte-gu\\\/\"]}]},{\"@type\":\"ImageObject\",\"inLanguage\":\"de\",\"@id\":\"https:\\\/\\\/shop.bantam.ch\\\/de\\\/produkt\\\/webers-dutch-oven-und-plancha-klassiker-und-ueberraschende-gerichte-gu\\\/#primaryimage\",\"url\":\"https:\\\/\\\/shop.bantam.ch\\\/wp-content\\\/uploads\\\/2024\\\/09\\\/Movera-L-9962113100.jpg\",\"contentUrl\":\"https:\\\/\\\/shop.bantam.ch\\\/wp-content\\\/uploads\\\/2024\\\/09\\\/Movera-L-9962113100.jpg\",\"width\":640,\"height\":837},{\"@type\":\"BreadcrumbList\",\"@id\":\"https:\\\/\\\/shop.bantam.ch\\\/de\\\/produkt\\\/webers-dutch-oven-und-plancha-klassiker-und-ueberraschende-gerichte-gu\\\/#breadcrumb\",\"itemListElement\":[{\"@type\":\"ListItem\",\"position\":1,\"name\":\"Accueil\",\"item\":\"https:\\\/\\\/shop.bantam.ch\\\/de\\\/\"},{\"@type\":\"ListItem\",\"position\":2,\"name\":\"Shop\",\"item\":\"https:\\\/\\\/shop.bantam.ch\\\/de\\\/shop\\\/\"},{\"@type\":\"ListItem\",\"position\":3,\"name\":\"Webers Dutch Oven und Plancha: Klassiker und \u00fcberraschende Gerichte, GU\"}]},{\"@type\":\"WebSite\",\"@id\":\"https:\\\/\\\/shop.bantam.ch\\\/de\\\/#website\",\"url\":\"https:\\\/\\\/shop.bantam.ch\\\/de\\\/\",\"name\":\"Bantam\",\"description\":\"\",\"publisher\":{\"@id\":\"https:\\\/\\\/shop.bantam.ch\\\/de\\\/#organization\"},\"inLanguage\":\"de\"},{\"@type\":\"Organization\",\"@id\":\"https:\\\/\\\/shop.bantam.ch\\\/de\\\/#organization\",\"name\":\"Bantam\",\"url\":\"https:\\\/\\\/shop.bantam.ch\\\/de\\\/\",\"logo\":{\"@type\":\"ImageObject\",\"inLanguage\":\"de\",\"@id\":\"https:\\\/\\\/shop.bantam.ch\\\/de\\\/#\\\/schema\\\/logo\\\/image\\\/\",\"url\":\"https:\\\/\\\/shop.bantam.ch\\\/wp-content\\\/uploads\\\/2022\\\/12\\\/bantam-logo.png\",\"contentUrl\":\"https:\\\/\\\/shop.bantam.ch\\\/wp-content\\\/uploads\\\/2022\\\/12\\\/bantam-logo.png\",\"width\":320,\"height\":71,\"caption\":\"Bantam\"},\"image\":{\"@id\":\"https:\\\/\\\/shop.bantam.ch\\\/de\\\/#\\\/schema\\\/logo\\\/image\\\/\"}}]}<\/script>\n<!-- \/ Yoast SEO plugin. -->","yoast_head_json":{"title":"Webers Dutch Oven und Plancha: Klassiker und \u00fcberraschende Gerichte, GU - Bantam","robots":{"index":"index","follow":"follow","max-snippet":"max-snippet:-1","max-image-preview":"max-image-preview:large","max-video-preview":"max-video-preview:-1"},"canonical":"https:\/\/shop.bantam.ch\/de\/produkt\/webers-dutch-oven-und-plancha-klassiker-und-ueberraschende-gerichte-gu\/","og_locale":"de_DE","og_type":"article","og_title":"Webers Dutch Oven und Plancha: Klassiker und \u00fcberraschende Gerichte, GU - Bantam","og_description":"Ob Fisch, Fleisch und Gem\u00fcse auf der Plancha oder Suppen, Aufl\u00e4ufe, Schmorgerichte und Braten aus dem Dutch Oven \u2013 hier finden unge\u00fcbte wie erfahrene Schmurgler garantiert das passende Rezept f\u00fcr den Kochspa\u00df unter freiem Himmel!","og_url":"https:\/\/shop.bantam.ch\/de\/produkt\/webers-dutch-oven-und-plancha-klassiker-und-ueberraschende-gerichte-gu\/","og_site_name":"Bantam","article_modified_time":"2026-05-11T21:06:24+00:00","og_image":[{"width":640,"height":837,"url":"https:\/\/shop.bantam.ch\/wp-content\/uploads\/2024\/05\/Movera-L-9962113100.jpg","type":"image\/jpeg"}],"twitter_card":"summary_large_image","schema":{"@context":"https:\/\/schema.org","@graph":[{"@type":"WebPage","@id":"https:\/\/shop.bantam.ch\/de\/produkt\/webers-dutch-oven-und-plancha-klassiker-und-ueberraschende-gerichte-gu\/","url":"https:\/\/shop.bantam.ch\/de\/produkt\/webers-dutch-oven-und-plancha-klassiker-und-ueberraschende-gerichte-gu\/","name":"Webers Dutch Oven und Plancha: Klassiker und \u00fcberraschende Gerichte, GU - Bantam","isPartOf":{"@id":"https:\/\/shop.bantam.ch\/de\/#website"},"primaryImageOfPage":{"@id":"https:\/\/shop.bantam.ch\/de\/produkt\/webers-dutch-oven-und-plancha-klassiker-und-ueberraschende-gerichte-gu\/#primaryimage"},"image":{"@id":"https:\/\/shop.bantam.ch\/de\/produkt\/webers-dutch-oven-und-plancha-klassiker-und-ueberraschende-gerichte-gu\/#primaryimage"},"thumbnailUrl":"https:\/\/shop.bantam.ch\/wp-content\/uploads\/2024\/09\/Movera-L-9962113100.jpg","datePublished":"2024-05-15T14:15:00+00:00","dateModified":"2026-05-11T21:06:24+00:00","breadcrumb":{"@id":"https:\/\/shop.bantam.ch\/de\/produkt\/webers-dutch-oven-und-plancha-klassiker-und-ueberraschende-gerichte-gu\/#breadcrumb"},"inLanguage":"de","potentialAction":[{"@type":"ReadAction","target":["https:\/\/shop.bantam.ch\/de\/produkt\/webers-dutch-oven-und-plancha-klassiker-und-ueberraschende-gerichte-gu\/"]}]},{"@type":"ImageObject","inLanguage":"de","@id":"https:\/\/shop.bantam.ch\/de\/produkt\/webers-dutch-oven-und-plancha-klassiker-und-ueberraschende-gerichte-gu\/#primaryimage","url":"https:\/\/shop.bantam.ch\/wp-content\/uploads\/2024\/09\/Movera-L-9962113100.jpg","contentUrl":"https:\/\/shop.bantam.ch\/wp-content\/uploads\/2024\/09\/Movera-L-9962113100.jpg","width":640,"height":837},{"@type":"BreadcrumbList","@id":"https:\/\/shop.bantam.ch\/de\/produkt\/webers-dutch-oven-und-plancha-klassiker-und-ueberraschende-gerichte-gu\/#breadcrumb","itemListElement":[{"@type":"ListItem","position":1,"name":"Accueil","item":"https:\/\/shop.bantam.ch\/de\/"},{"@type":"ListItem","position":2,"name":"Shop","item":"https:\/\/shop.bantam.ch\/de\/shop\/"},{"@type":"ListItem","position":3,"name":"Webers Dutch Oven und Plancha: Klassiker und \u00fcberraschende Gerichte, GU"}]},{"@type":"WebSite","@id":"https:\/\/shop.bantam.ch\/de\/#website","url":"https:\/\/shop.bantam.ch\/de\/","name":"Bantam","description":"","publisher":{"@id":"https:\/\/shop.bantam.ch\/de\/#organization"},"inLanguage":"de"},{"@type":"Organization","@id":"https:\/\/shop.bantam.ch\/de\/#organization","name":"Bantam","url":"https:\/\/shop.bantam.ch\/de\/","logo":{"@type":"ImageObject","inLanguage":"de","@id":"https:\/\/shop.bantam.ch\/de\/#\/schema\/logo\/image\/","url":"https:\/\/shop.bantam.ch\/wp-content\/uploads\/2022\/12\/bantam-logo.png","contentUrl":"https:\/\/shop.bantam.ch\/wp-content\/uploads\/2022\/12\/bantam-logo.png","width":320,"height":71,"caption":"Bantam"},"image":{"@id":"https:\/\/shop.bantam.ch\/de\/#\/schema\/logo\/image\/"}}]}},"_links":{"self":[{"href":"https:\/\/shop.bantam.ch\/de\/wp-json\/wp\/v2\/product\/197084","targetHints":{"allow":["GET"]}}],"collection":[{"href":"https:\/\/shop.bantam.ch\/de\/wp-json\/wp\/v2\/product"}],"about":[{"href":"https:\/\/shop.bantam.ch\/de\/wp-json\/wp\/v2\/types\/product"}],"wp:featuredmedia":[{"embeddable":true,"href":"https:\/\/shop.bantam.ch\/de\/wp-json\/wp\/v2\/media\/207061"}],"wp:attachment":[{"href":"https:\/\/shop.bantam.ch\/de\/wp-json\/wp\/v2\/media?parent=197084"}],"wp:term":[{"taxonomy":"product_featured_cat","embeddable":true,"href":"https:\/\/shop.bantam.ch\/de\/wp-json\/wp\/v2\/product_featured_cat?post=197084"},{"taxonomy":"product_brand","embeddable":true,"href":"https:\/\/shop.bantam.ch\/de\/wp-json\/wp\/v2\/product_brand?post=197084"},{"taxonomy":"product_cat","embeddable":true,"href":"https:\/\/shop.bantam.ch\/de\/wp-json\/wp\/v2\/product_cat?post=197084"},{"taxonomy":"product_tag","embeddable":true,"href":"https:\/\/shop.bantam.ch\/de\/wp-json\/wp\/v2\/product_tag?post=197084"}],"curies":[{"name":"wp","href":"https:\/\/api.w.org\/{rel}","templated":true}]}}