{"id":197072,"date":"2024-05-15T16:14:39","date_gmt":"2024-05-15T14:14:39","guid":{"rendered":"https:\/\/shop.bantam.ch\/produit\/der-verrueckteste-reisefuehrer-deutschlands-riva\/"},"modified":"2026-05-11T23:06:17","modified_gmt":"2026-05-11T21:06:17","slug":"der-verrueckteste-reisefuehrer-deutschlands-riva","status":"publish","type":"product","link":"https:\/\/shop.bantam.ch\/de\/produkt\/der-verrueckteste-reisefuehrer-deutschlands-riva\/","title":{"rendered":"Der verr\u00fcckteste Reisef\u00fchrer Deutschlands, Riva"},"content":{"rendered":"<p>Dieser Reisef\u00fchrer ist anders. Er zeigt uns unser eigenes Land \u2013 allerdings fernab von Uckermark, Voralpenland und Rhein. Hier geht es um die schr\u00e4gsten, kuriosesten und merkw\u00fcrdigsten Orte, die Deutschland zu bieten hat. Einen Fu\u00dfabdruck, den der Teufel pers\u00f6nlich hinterlassen hat, eine alte Spionagestation, ein geheimes Grab im Br\u00fcckenpfeiler und eine H\u00f6hle, in der Einh\u00f6rner hausen: Mit diesem Buch kommen Abenteurer*innen, Neugierige und Kuriosit\u00e4tensammler*innen gleicherma\u00dfen auf ihre Kosten.<\/p>\n","protected":false},"excerpt":{"rendered":"<p>Dieser Reisef\u00fchrer ist anders. Er zeigt uns unser eigenes Land \u2013 allerdings fernab von Uckermark, Voralpenland und Rhein. Hier geht es um die schr\u00e4gsten, kuriosesten und merkw\u00fcrdigsten Orte, die Deutschland zu bieten hat. Einen Fu\u00dfabdruck, den der Teufel pers\u00f6nlich hinterlassen hat, eine alte Spionagestation, ein geheimes Grab im Br\u00fcckenpfeiler und eine H\u00f6hle, in der Einh\u00f6rner [&hellip;]<\/p>\n","protected":false},"featured_media":207055,"template":"","meta":{"_acf_changed":false},"product_featured_cat":[],"product_brand":[5254],"product_cat":[4352],"product_tag":[],"class_list":{"0":"post-197072","1":"product","2":"type-product","3":"status-publish","4":"has-post-thumbnail","6":"product_brand-riva-de","7":"product_cat-reisefuehrer","9":"first","10":"instock","11":"taxable","12":"shipping-taxable","13":"purchasable","14":"product-type-simple"},"acf":[],"yoast_head":"<!-- This site is optimized with the Yoast SEO plugin v27.5 - https:\/\/yoast.com\/product\/yoast-seo-wordpress\/ -->\n<title>Der verr\u00fcckteste Reisef\u00fchrer Deutschlands, Riva - Bantam<\/title>\n<meta name=\"robots\" content=\"index, follow, max-snippet:-1, max-image-preview:large, max-video-preview:-1\" \/>\n<link rel=\"canonical\" href=\"https:\/\/shop.bantam.ch\/de\/produkt\/der-verrueckteste-reisefuehrer-deutschlands-riva\/\" \/>\n<meta property=\"og:locale\" content=\"de_DE\" \/>\n<meta property=\"og:type\" content=\"article\" \/>\n<meta property=\"og:title\" content=\"Der verr\u00fcckteste Reisef\u00fchrer Deutschlands, Riva - Bantam\" \/>\n<meta property=\"og:description\" content=\"Dieser Reisef\u00fchrer ist anders. Er zeigt uns unser eigenes Land \u2013 allerdings fernab von Uckermark, Voralpenland und Rhein. Hier geht es um die schr\u00e4gsten, kuriosesten und merkw\u00fcrdigsten Orte, die Deutschland zu bieten hat. Einen Fu\u00dfabdruck, den der Teufel pers\u00f6nlich hinterlassen hat, eine alte Spionagestation, ein geheimes Grab im Br\u00fcckenpfeiler und eine H\u00f6hle, in der Einh\u00f6rner [&hellip;]\" \/>\n<meta property=\"og:url\" content=\"https:\/\/shop.bantam.ch\/de\/produkt\/der-verrueckteste-reisefuehrer-deutschlands-riva\/\" \/>\n<meta property=\"og:site_name\" content=\"Bantam\" \/>\n<meta property=\"article:modified_time\" content=\"2026-05-11T21:06:17+00:00\" \/>\n<meta property=\"og:image\" content=\"https:\/\/shop.bantam.ch\/wp-content\/uploads\/2024\/05\/Movera-L-9962110100.jpg\" \/>\n\t<meta property=\"og:image:width\" content=\"640\" \/>\n\t<meta property=\"og:image:height\" content=\"911\" \/>\n\t<meta property=\"og:image:type\" content=\"image\/jpeg\" \/>\n<meta name=\"twitter:card\" content=\"summary_large_image\" \/>\n<script type=\"application\/ld+json\" class=\"yoast-schema-graph\">{\"@context\":\"https:\\\/\\\/schema.org\",\"@graph\":[{\"@type\":\"WebPage\",\"@id\":\"https:\\\/\\\/shop.bantam.ch\\\/de\\\/produkt\\\/der-verrueckteste-reisefuehrer-deutschlands-riva\\\/\",\"url\":\"https:\\\/\\\/shop.bantam.ch\\\/de\\\/produkt\\\/der-verrueckteste-reisefuehrer-deutschlands-riva\\\/\",\"name\":\"Der verr\u00fcckteste Reisef\u00fchrer Deutschlands, Riva - Bantam\",\"isPartOf\":{\"@id\":\"https:\\\/\\\/shop.bantam.ch\\\/de\\\/#website\"},\"primaryImageOfPage\":{\"@id\":\"https:\\\/\\\/shop.bantam.ch\\\/de\\\/produkt\\\/der-verrueckteste-reisefuehrer-deutschlands-riva\\\/#primaryimage\"},\"image\":{\"@id\":\"https:\\\/\\\/shop.bantam.ch\\\/de\\\/produkt\\\/der-verrueckteste-reisefuehrer-deutschlands-riva\\\/#primaryimage\"},\"thumbnailUrl\":\"https:\\\/\\\/shop.bantam.ch\\\/wp-content\\\/uploads\\\/2024\\\/09\\\/Movera-L-9962110100.jpg\",\"datePublished\":\"2024-05-15T14:14:39+00:00\",\"dateModified\":\"2026-05-11T21:06:17+00:00\",\"breadcrumb\":{\"@id\":\"https:\\\/\\\/shop.bantam.ch\\\/de\\\/produkt\\\/der-verrueckteste-reisefuehrer-deutschlands-riva\\\/#breadcrumb\"},\"inLanguage\":\"de\",\"potentialAction\":[{\"@type\":\"ReadAction\",\"target\":[\"https:\\\/\\\/shop.bantam.ch\\\/de\\\/produkt\\\/der-verrueckteste-reisefuehrer-deutschlands-riva\\\/\"]}]},{\"@type\":\"ImageObject\",\"inLanguage\":\"de\",\"@id\":\"https:\\\/\\\/shop.bantam.ch\\\/de\\\/produkt\\\/der-verrueckteste-reisefuehrer-deutschlands-riva\\\/#primaryimage\",\"url\":\"https:\\\/\\\/shop.bantam.ch\\\/wp-content\\\/uploads\\\/2024\\\/09\\\/Movera-L-9962110100.jpg\",\"contentUrl\":\"https:\\\/\\\/shop.bantam.ch\\\/wp-content\\\/uploads\\\/2024\\\/09\\\/Movera-L-9962110100.jpg\",\"width\":640,\"height\":911},{\"@type\":\"BreadcrumbList\",\"@id\":\"https:\\\/\\\/shop.bantam.ch\\\/de\\\/produkt\\\/der-verrueckteste-reisefuehrer-deutschlands-riva\\\/#breadcrumb\",\"itemListElement\":[{\"@type\":\"ListItem\",\"position\":1,\"name\":\"Accueil\",\"item\":\"https:\\\/\\\/shop.bantam.ch\\\/de\\\/\"},{\"@type\":\"ListItem\",\"position\":2,\"name\":\"Shop\",\"item\":\"https:\\\/\\\/shop.bantam.ch\\\/de\\\/shop\\\/\"},{\"@type\":\"ListItem\",\"position\":3,\"name\":\"Der verr\u00fcckteste Reisef\u00fchrer Deutschlands, Riva\"}]},{\"@type\":\"WebSite\",\"@id\":\"https:\\\/\\\/shop.bantam.ch\\\/de\\\/#website\",\"url\":\"https:\\\/\\\/shop.bantam.ch\\\/de\\\/\",\"name\":\"Bantam\",\"description\":\"\",\"publisher\":{\"@id\":\"https:\\\/\\\/shop.bantam.ch\\\/de\\\/#organization\"},\"inLanguage\":\"de\"},{\"@type\":\"Organization\",\"@id\":\"https:\\\/\\\/shop.bantam.ch\\\/de\\\/#organization\",\"name\":\"Bantam\",\"url\":\"https:\\\/\\\/shop.bantam.ch\\\/de\\\/\",\"logo\":{\"@type\":\"ImageObject\",\"inLanguage\":\"de\",\"@id\":\"https:\\\/\\\/shop.bantam.ch\\\/de\\\/#\\\/schema\\\/logo\\\/image\\\/\",\"url\":\"https:\\\/\\\/shop.bantam.ch\\\/wp-content\\\/uploads\\\/2022\\\/12\\\/bantam-logo.png\",\"contentUrl\":\"https:\\\/\\\/shop.bantam.ch\\\/wp-content\\\/uploads\\\/2022\\\/12\\\/bantam-logo.png\",\"width\":320,\"height\":71,\"caption\":\"Bantam\"},\"image\":{\"@id\":\"https:\\\/\\\/shop.bantam.ch\\\/de\\\/#\\\/schema\\\/logo\\\/image\\\/\"}}]}<\/script>\n<!-- \/ Yoast SEO plugin. -->","yoast_head_json":{"title":"Der verr\u00fcckteste Reisef\u00fchrer Deutschlands, Riva - Bantam","robots":{"index":"index","follow":"follow","max-snippet":"max-snippet:-1","max-image-preview":"max-image-preview:large","max-video-preview":"max-video-preview:-1"},"canonical":"https:\/\/shop.bantam.ch\/de\/produkt\/der-verrueckteste-reisefuehrer-deutschlands-riva\/","og_locale":"de_DE","og_type":"article","og_title":"Der verr\u00fcckteste Reisef\u00fchrer Deutschlands, Riva - Bantam","og_description":"Dieser Reisef\u00fchrer ist anders. Er zeigt uns unser eigenes Land \u2013 allerdings fernab von Uckermark, Voralpenland und Rhein. Hier geht es um die schr\u00e4gsten, kuriosesten und merkw\u00fcrdigsten Orte, die Deutschland zu bieten hat. Einen Fu\u00dfabdruck, den der Teufel pers\u00f6nlich hinterlassen hat, eine alte Spionagestation, ein geheimes Grab im Br\u00fcckenpfeiler und eine H\u00f6hle, in der Einh\u00f6rner [&hellip;]","og_url":"https:\/\/shop.bantam.ch\/de\/produkt\/der-verrueckteste-reisefuehrer-deutschlands-riva\/","og_site_name":"Bantam","article_modified_time":"2026-05-11T21:06:17+00:00","og_image":[{"width":640,"height":911,"url":"https:\/\/shop.bantam.ch\/wp-content\/uploads\/2024\/05\/Movera-L-9962110100.jpg","type":"image\/jpeg"}],"twitter_card":"summary_large_image","schema":{"@context":"https:\/\/schema.org","@graph":[{"@type":"WebPage","@id":"https:\/\/shop.bantam.ch\/de\/produkt\/der-verrueckteste-reisefuehrer-deutschlands-riva\/","url":"https:\/\/shop.bantam.ch\/de\/produkt\/der-verrueckteste-reisefuehrer-deutschlands-riva\/","name":"Der verr\u00fcckteste Reisef\u00fchrer Deutschlands, Riva - Bantam","isPartOf":{"@id":"https:\/\/shop.bantam.ch\/de\/#website"},"primaryImageOfPage":{"@id":"https:\/\/shop.bantam.ch\/de\/produkt\/der-verrueckteste-reisefuehrer-deutschlands-riva\/#primaryimage"},"image":{"@id":"https:\/\/shop.bantam.ch\/de\/produkt\/der-verrueckteste-reisefuehrer-deutschlands-riva\/#primaryimage"},"thumbnailUrl":"https:\/\/shop.bantam.ch\/wp-content\/uploads\/2024\/09\/Movera-L-9962110100.jpg","datePublished":"2024-05-15T14:14:39+00:00","dateModified":"2026-05-11T21:06:17+00:00","breadcrumb":{"@id":"https:\/\/shop.bantam.ch\/de\/produkt\/der-verrueckteste-reisefuehrer-deutschlands-riva\/#breadcrumb"},"inLanguage":"de","potentialAction":[{"@type":"ReadAction","target":["https:\/\/shop.bantam.ch\/de\/produkt\/der-verrueckteste-reisefuehrer-deutschlands-riva\/"]}]},{"@type":"ImageObject","inLanguage":"de","@id":"https:\/\/shop.bantam.ch\/de\/produkt\/der-verrueckteste-reisefuehrer-deutschlands-riva\/#primaryimage","url":"https:\/\/shop.bantam.ch\/wp-content\/uploads\/2024\/09\/Movera-L-9962110100.jpg","contentUrl":"https:\/\/shop.bantam.ch\/wp-content\/uploads\/2024\/09\/Movera-L-9962110100.jpg","width":640,"height":911},{"@type":"BreadcrumbList","@id":"https:\/\/shop.bantam.ch\/de\/produkt\/der-verrueckteste-reisefuehrer-deutschlands-riva\/#breadcrumb","itemListElement":[{"@type":"ListItem","position":1,"name":"Accueil","item":"https:\/\/shop.bantam.ch\/de\/"},{"@type":"ListItem","position":2,"name":"Shop","item":"https:\/\/shop.bantam.ch\/de\/shop\/"},{"@type":"ListItem","position":3,"name":"Der verr\u00fcckteste Reisef\u00fchrer Deutschlands, Riva"}]},{"@type":"WebSite","@id":"https:\/\/shop.bantam.ch\/de\/#website","url":"https:\/\/shop.bantam.ch\/de\/","name":"Bantam","description":"","publisher":{"@id":"https:\/\/shop.bantam.ch\/de\/#organization"},"inLanguage":"de"},{"@type":"Organization","@id":"https:\/\/shop.bantam.ch\/de\/#organization","name":"Bantam","url":"https:\/\/shop.bantam.ch\/de\/","logo":{"@type":"ImageObject","inLanguage":"de","@id":"https:\/\/shop.bantam.ch\/de\/#\/schema\/logo\/image\/","url":"https:\/\/shop.bantam.ch\/wp-content\/uploads\/2022\/12\/bantam-logo.png","contentUrl":"https:\/\/shop.bantam.ch\/wp-content\/uploads\/2022\/12\/bantam-logo.png","width":320,"height":71,"caption":"Bantam"},"image":{"@id":"https:\/\/shop.bantam.ch\/de\/#\/schema\/logo\/image\/"}}]}},"_links":{"self":[{"href":"https:\/\/shop.bantam.ch\/de\/wp-json\/wp\/v2\/product\/197072","targetHints":{"allow":["GET"]}}],"collection":[{"href":"https:\/\/shop.bantam.ch\/de\/wp-json\/wp\/v2\/product"}],"about":[{"href":"https:\/\/shop.bantam.ch\/de\/wp-json\/wp\/v2\/types\/product"}],"wp:featuredmedia":[{"embeddable":true,"href":"https:\/\/shop.bantam.ch\/de\/wp-json\/wp\/v2\/media\/207055"}],"wp:attachment":[{"href":"https:\/\/shop.bantam.ch\/de\/wp-json\/wp\/v2\/media?parent=197072"}],"wp:term":[{"taxonomy":"product_featured_cat","embeddable":true,"href":"https:\/\/shop.bantam.ch\/de\/wp-json\/wp\/v2\/product_featured_cat?post=197072"},{"taxonomy":"product_brand","embeddable":true,"href":"https:\/\/shop.bantam.ch\/de\/wp-json\/wp\/v2\/product_brand?post=197072"},{"taxonomy":"product_cat","embeddable":true,"href":"https:\/\/shop.bantam.ch\/de\/wp-json\/wp\/v2\/product_cat?post=197072"},{"taxonomy":"product_tag","embeddable":true,"href":"https:\/\/shop.bantam.ch\/de\/wp-json\/wp\/v2\/product_tag?post=197072"}],"curies":[{"name":"wp","href":"https:\/\/api.w.org\/{rel}","templated":true}]}}