{"id":197020,"date":"2024-05-15T16:13:05","date_gmt":"2024-05-15T14:13:05","guid":{"rendered":"https:\/\/shop.bantam.ch\/produit\/campingstuhl-westfield-ourdoors-salina-compact-antra-grey\/"},"modified":"2026-04-18T23:11:34","modified_gmt":"2026-04-18T21:11:34","slug":"campingstuhl-westfield-ourdoors-salina-compact-antra-grey","status":"publish","type":"product","link":"https:\/\/shop.bantam.ch\/de\/produkt\/campingstuhl-westfield-ourdoors-salina-compact-antra-grey\/","title":{"rendered":"Campingstuhl Westfield OURDOORS Salina Compact Antra Grey"},"content":{"rendered":"<p>Salina Compact eignet sich mit geringem Gewicht und Gesamtma\u00df, besonders f\u00fcr Camper mit kleinen Reisefahrzeugen. Die gebogene Rundrohrkonstruktion bietet Stabilit\u00e4t und einzigartigen Stand auf weichen B\u00f6den, verglichen mit Vierbeinern. Eine extra breite Armlehne unterst\u00fctzt den Nutzer angenehm und besitzt f\u00fcnf Raststufen, um die R\u00fcckenlehne zu justieren. Dank seines Sitzbezuges aus 3D-Gewebe bietet der Stuhl hohen Sitzkomfort und hervorragende Trocknungseigenschaft nach N\u00e4sse.<\/p>\n<p>Material:<\/p>\n<p>Bezug 100%Polyester<\/p>\n<p>Gestell&nbsp;Duralite\u00ae<\/p>\n","protected":false},"excerpt":{"rendered":"<p>Salina Compact eignet sich mit geringem Gewicht und Gesamtma\u00df, besonders f\u00fcr Camper mit kleinen Reisefahrzeugen. Die gebogene Rundrohrkonstruktion bietet Stabilit\u00e4t und einzigartigen Stand auf weichen B\u00f6den, verglichen mit Vierbeinern. Eine extra breite Armlehne unterst\u00fctzt den Nutzer angenehm und besitzt f\u00fcnf Raststufen, um die R\u00fcckenlehne zu justieren. Dank seines Sitzbezuges aus 3D-Gewebe bietet der Stuhl hohen [&hellip;]<\/p>\n","protected":false},"featured_media":207029,"template":"","meta":{"_acf_changed":false},"product_featured_cat":[],"product_brand":[3093],"product_cat":[4972],"product_tag":[],"class_list":{"0":"post-197020","1":"product","2":"type-product","3":"status-publish","4":"has-post-thumbnail","6":"product_brand-westfield-outdoors-de","7":"product_cat-campingstuehle","9":"first","10":"instock","11":"taxable","12":"shipping-taxable","13":"purchasable","14":"product-type-simple"},"acf":[],"yoast_head":"<!-- This site is optimized with the Yoast SEO plugin v27.4 - https:\/\/yoast.com\/product\/yoast-seo-wordpress\/ -->\n<title>Campingstuhl Westfield OURDOORS Salina Compact Antra Grey - Bantam Camping AG<\/title>\n<meta name=\"robots\" content=\"index, follow, max-snippet:-1, max-image-preview:large, max-video-preview:-1\" \/>\n<link rel=\"canonical\" href=\"https:\/\/shop.bantam.ch\/de\/produkt\/campingstuhl-westfield-ourdoors-salina-compact-antra-grey\/\" \/>\n<meta property=\"og:locale\" content=\"de_DE\" \/>\n<meta property=\"og:type\" content=\"article\" \/>\n<meta property=\"og:title\" content=\"Campingstuhl Westfield OURDOORS Salina Compact Antra Grey - Bantam Camping AG\" \/>\n<meta property=\"og:description\" content=\"Salina Compact eignet sich mit geringem Gewicht und Gesamtma\u00df, besonders f\u00fcr Camper mit kleinen Reisefahrzeugen. Die gebogene Rundrohrkonstruktion bietet Stabilit\u00e4t und einzigartigen Stand auf weichen B\u00f6den, verglichen mit Vierbeinern. Eine extra breite Armlehne unterst\u00fctzt den Nutzer angenehm und besitzt f\u00fcnf Raststufen, um die R\u00fcckenlehne zu justieren. Dank seines Sitzbezuges aus 3D-Gewebe bietet der Stuhl hohen [&hellip;]\" \/>\n<meta property=\"og:url\" content=\"https:\/\/shop.bantam.ch\/de\/produkt\/campingstuhl-westfield-ourdoors-salina-compact-antra-grey\/\" \/>\n<meta property=\"og:site_name\" content=\"Bantam Camping AG\" \/>\n<meta property=\"article:modified_time\" content=\"2026-04-18T21:11:34+00:00\" \/>\n<meta property=\"og:image\" content=\"https:\/\/shop.bantam.ch\/wp-content\/uploads\/2024\/05\/Movera-L-9962126100.jpg\" \/>\n\t<meta property=\"og:image:width\" content=\"640\" \/>\n\t<meta property=\"og:image:height\" content=\"427\" \/>\n\t<meta property=\"og:image:type\" content=\"image\/jpeg\" \/>\n<meta name=\"twitter:card\" content=\"summary_large_image\" \/>\n<script type=\"application\/ld+json\" class=\"yoast-schema-graph\">{\"@context\":\"https:\\\/\\\/schema.org\",\"@graph\":[{\"@type\":\"WebPage\",\"@id\":\"https:\\\/\\\/shop.bantam.ch\\\/de\\\/produkt\\\/campingstuhl-westfield-ourdoors-salina-compact-antra-grey\\\/\",\"url\":\"https:\\\/\\\/shop.bantam.ch\\\/de\\\/produkt\\\/campingstuhl-westfield-ourdoors-salina-compact-antra-grey\\\/\",\"name\":\"Campingstuhl Westfield OURDOORS Salina Compact Antra Grey - Bantam Camping AG\",\"isPartOf\":{\"@id\":\"https:\\\/\\\/shop.bantam.ch\\\/de\\\/#website\"},\"primaryImageOfPage\":{\"@id\":\"https:\\\/\\\/shop.bantam.ch\\\/de\\\/produkt\\\/campingstuhl-westfield-ourdoors-salina-compact-antra-grey\\\/#primaryimage\"},\"image\":{\"@id\":\"https:\\\/\\\/shop.bantam.ch\\\/de\\\/produkt\\\/campingstuhl-westfield-ourdoors-salina-compact-antra-grey\\\/#primaryimage\"},\"thumbnailUrl\":\"https:\\\/\\\/shop.bantam.ch\\\/wp-content\\\/uploads\\\/2024\\\/09\\\/Movera-L-9962126100.jpg\",\"datePublished\":\"2024-05-15T14:13:05+00:00\",\"dateModified\":\"2026-04-18T21:11:34+00:00\",\"breadcrumb\":{\"@id\":\"https:\\\/\\\/shop.bantam.ch\\\/de\\\/produkt\\\/campingstuhl-westfield-ourdoors-salina-compact-antra-grey\\\/#breadcrumb\"},\"inLanguage\":\"de\",\"potentialAction\":[{\"@type\":\"ReadAction\",\"target\":[\"https:\\\/\\\/shop.bantam.ch\\\/de\\\/produkt\\\/campingstuhl-westfield-ourdoors-salina-compact-antra-grey\\\/\"]}]},{\"@type\":\"ImageObject\",\"inLanguage\":\"de\",\"@id\":\"https:\\\/\\\/shop.bantam.ch\\\/de\\\/produkt\\\/campingstuhl-westfield-ourdoors-salina-compact-antra-grey\\\/#primaryimage\",\"url\":\"https:\\\/\\\/shop.bantam.ch\\\/wp-content\\\/uploads\\\/2024\\\/09\\\/Movera-L-9962126100.jpg\",\"contentUrl\":\"https:\\\/\\\/shop.bantam.ch\\\/wp-content\\\/uploads\\\/2024\\\/09\\\/Movera-L-9962126100.jpg\",\"width\":640,\"height\":427},{\"@type\":\"BreadcrumbList\",\"@id\":\"https:\\\/\\\/shop.bantam.ch\\\/de\\\/produkt\\\/campingstuhl-westfield-ourdoors-salina-compact-antra-grey\\\/#breadcrumb\",\"itemListElement\":[{\"@type\":\"ListItem\",\"position\":1,\"name\":\"Accueil\",\"item\":\"https:\\\/\\\/shop.bantam.ch\\\/de\\\/\"},{\"@type\":\"ListItem\",\"position\":2,\"name\":\"Shop\",\"item\":\"https:\\\/\\\/shop.bantam.ch\\\/de\\\/shop\\\/\"},{\"@type\":\"ListItem\",\"position\":3,\"name\":\"Campingstuhl Westfield OURDOORS Salina Compact Antra Grey\"}]},{\"@type\":\"WebSite\",\"@id\":\"https:\\\/\\\/shop.bantam.ch\\\/de\\\/#website\",\"url\":\"https:\\\/\\\/shop.bantam.ch\\\/de\\\/\",\"name\":\"Bantam Camping AG\",\"description\":\"\",\"publisher\":{\"@id\":\"https:\\\/\\\/shop.bantam.ch\\\/de\\\/#organization\"},\"inLanguage\":\"de\"},{\"@type\":\"Organization\",\"@id\":\"https:\\\/\\\/shop.bantam.ch\\\/de\\\/#organization\",\"name\":\"Bantam Camping AG\",\"url\":\"https:\\\/\\\/shop.bantam.ch\\\/de\\\/\",\"logo\":{\"@type\":\"ImageObject\",\"inLanguage\":\"de\",\"@id\":\"https:\\\/\\\/shop.bantam.ch\\\/de\\\/#\\\/schema\\\/logo\\\/image\\\/\",\"url\":\"https:\\\/\\\/shop.bantam.ch\\\/wp-content\\\/uploads\\\/2022\\\/12\\\/bantam-logo.png\",\"contentUrl\":\"https:\\\/\\\/shop.bantam.ch\\\/wp-content\\\/uploads\\\/2022\\\/12\\\/bantam-logo.png\",\"width\":320,\"height\":71,\"caption\":\"Bantam Camping AG\"},\"image\":{\"@id\":\"https:\\\/\\\/shop.bantam.ch\\\/de\\\/#\\\/schema\\\/logo\\\/image\\\/\"}}]}<\/script>\n<!-- \/ Yoast SEO plugin. -->","yoast_head_json":{"title":"Campingstuhl Westfield OURDOORS Salina Compact Antra Grey - Bantam Camping AG","robots":{"index":"index","follow":"follow","max-snippet":"max-snippet:-1","max-image-preview":"max-image-preview:large","max-video-preview":"max-video-preview:-1"},"canonical":"https:\/\/shop.bantam.ch\/de\/produkt\/campingstuhl-westfield-ourdoors-salina-compact-antra-grey\/","og_locale":"de_DE","og_type":"article","og_title":"Campingstuhl Westfield OURDOORS Salina Compact Antra Grey - Bantam Camping AG","og_description":"Salina Compact eignet sich mit geringem Gewicht und Gesamtma\u00df, besonders f\u00fcr Camper mit kleinen Reisefahrzeugen. Die gebogene Rundrohrkonstruktion bietet Stabilit\u00e4t und einzigartigen Stand auf weichen B\u00f6den, verglichen mit Vierbeinern. Eine extra breite Armlehne unterst\u00fctzt den Nutzer angenehm und besitzt f\u00fcnf Raststufen, um die R\u00fcckenlehne zu justieren. Dank seines Sitzbezuges aus 3D-Gewebe bietet der Stuhl hohen [&hellip;]","og_url":"https:\/\/shop.bantam.ch\/de\/produkt\/campingstuhl-westfield-ourdoors-salina-compact-antra-grey\/","og_site_name":"Bantam Camping AG","article_modified_time":"2026-04-18T21:11:34+00:00","og_image":[{"width":640,"height":427,"url":"https:\/\/shop.bantam.ch\/wp-content\/uploads\/2024\/05\/Movera-L-9962126100.jpg","type":"image\/jpeg"}],"twitter_card":"summary_large_image","schema":{"@context":"https:\/\/schema.org","@graph":[{"@type":"WebPage","@id":"https:\/\/shop.bantam.ch\/de\/produkt\/campingstuhl-westfield-ourdoors-salina-compact-antra-grey\/","url":"https:\/\/shop.bantam.ch\/de\/produkt\/campingstuhl-westfield-ourdoors-salina-compact-antra-grey\/","name":"Campingstuhl Westfield OURDOORS Salina Compact Antra Grey - Bantam Camping AG","isPartOf":{"@id":"https:\/\/shop.bantam.ch\/de\/#website"},"primaryImageOfPage":{"@id":"https:\/\/shop.bantam.ch\/de\/produkt\/campingstuhl-westfield-ourdoors-salina-compact-antra-grey\/#primaryimage"},"image":{"@id":"https:\/\/shop.bantam.ch\/de\/produkt\/campingstuhl-westfield-ourdoors-salina-compact-antra-grey\/#primaryimage"},"thumbnailUrl":"https:\/\/shop.bantam.ch\/wp-content\/uploads\/2024\/09\/Movera-L-9962126100.jpg","datePublished":"2024-05-15T14:13:05+00:00","dateModified":"2026-04-18T21:11:34+00:00","breadcrumb":{"@id":"https:\/\/shop.bantam.ch\/de\/produkt\/campingstuhl-westfield-ourdoors-salina-compact-antra-grey\/#breadcrumb"},"inLanguage":"de","potentialAction":[{"@type":"ReadAction","target":["https:\/\/shop.bantam.ch\/de\/produkt\/campingstuhl-westfield-ourdoors-salina-compact-antra-grey\/"]}]},{"@type":"ImageObject","inLanguage":"de","@id":"https:\/\/shop.bantam.ch\/de\/produkt\/campingstuhl-westfield-ourdoors-salina-compact-antra-grey\/#primaryimage","url":"https:\/\/shop.bantam.ch\/wp-content\/uploads\/2024\/09\/Movera-L-9962126100.jpg","contentUrl":"https:\/\/shop.bantam.ch\/wp-content\/uploads\/2024\/09\/Movera-L-9962126100.jpg","width":640,"height":427},{"@type":"BreadcrumbList","@id":"https:\/\/shop.bantam.ch\/de\/produkt\/campingstuhl-westfield-ourdoors-salina-compact-antra-grey\/#breadcrumb","itemListElement":[{"@type":"ListItem","position":1,"name":"Accueil","item":"https:\/\/shop.bantam.ch\/de\/"},{"@type":"ListItem","position":2,"name":"Shop","item":"https:\/\/shop.bantam.ch\/de\/shop\/"},{"@type":"ListItem","position":3,"name":"Campingstuhl Westfield OURDOORS Salina Compact Antra Grey"}]},{"@type":"WebSite","@id":"https:\/\/shop.bantam.ch\/de\/#website","url":"https:\/\/shop.bantam.ch\/de\/","name":"Bantam Camping AG","description":"","publisher":{"@id":"https:\/\/shop.bantam.ch\/de\/#organization"},"inLanguage":"de"},{"@type":"Organization","@id":"https:\/\/shop.bantam.ch\/de\/#organization","name":"Bantam Camping AG","url":"https:\/\/shop.bantam.ch\/de\/","logo":{"@type":"ImageObject","inLanguage":"de","@id":"https:\/\/shop.bantam.ch\/de\/#\/schema\/logo\/image\/","url":"https:\/\/shop.bantam.ch\/wp-content\/uploads\/2022\/12\/bantam-logo.png","contentUrl":"https:\/\/shop.bantam.ch\/wp-content\/uploads\/2022\/12\/bantam-logo.png","width":320,"height":71,"caption":"Bantam Camping AG"},"image":{"@id":"https:\/\/shop.bantam.ch\/de\/#\/schema\/logo\/image\/"}}]}},"_links":{"self":[{"href":"https:\/\/shop.bantam.ch\/de\/wp-json\/wp\/v2\/product\/197020","targetHints":{"allow":["GET"]}}],"collection":[{"href":"https:\/\/shop.bantam.ch\/de\/wp-json\/wp\/v2\/product"}],"about":[{"href":"https:\/\/shop.bantam.ch\/de\/wp-json\/wp\/v2\/types\/product"}],"wp:featuredmedia":[{"embeddable":true,"href":"https:\/\/shop.bantam.ch\/de\/wp-json\/wp\/v2\/media\/207029"}],"wp:attachment":[{"href":"https:\/\/shop.bantam.ch\/de\/wp-json\/wp\/v2\/media?parent=197020"}],"wp:term":[{"taxonomy":"product_featured_cat","embeddable":true,"href":"https:\/\/shop.bantam.ch\/de\/wp-json\/wp\/v2\/product_featured_cat?post=197020"},{"taxonomy":"product_brand","embeddable":true,"href":"https:\/\/shop.bantam.ch\/de\/wp-json\/wp\/v2\/product_brand?post=197020"},{"taxonomy":"product_cat","embeddable":true,"href":"https:\/\/shop.bantam.ch\/de\/wp-json\/wp\/v2\/product_cat?post=197020"},{"taxonomy":"product_tag","embeddable":true,"href":"https:\/\/shop.bantam.ch\/de\/wp-json\/wp\/v2\/product_tag?post=197020"}],"curies":[{"name":"wp","href":"https:\/\/api.w.org\/{rel}","templated":true}]}}