{"id":196874,"date":"2024-05-15T16:09:31","date_gmt":"2024-05-15T14:09:31","guid":{"rendered":"https:\/\/shop.bantam.ch\/produit\/stirnlampe-silva-scout-3x\/"},"modified":"2026-05-10T23:07:44","modified_gmt":"2026-05-10T21:07:44","slug":"stirnlampe-silva-scout-3x","status":"publish","type":"product","link":"https:\/\/shop.bantam.ch\/de\/produkt\/stirnlampe-silva-scout-3x\/","title":{"rendered":"Stirnlampe silva Scout 3X"},"content":{"rendered":"<p>Die Scout 3X ist eine leichte Allround-Stirnlampe, die f\u00fcr die t\u00e4glichen Outdoor-Abenteuer entwickelt wurde. Neben wei\u00dfem Licht verf\u00fcgt diese Stirnlampe \u00fcber einen Rotlichtmodus f\u00fcr die Erhaltung der Nachtsicht und eine Batteriestandsanzeige.<br \/>\nDie Scout 3X verf\u00fcgt \u00fcber die Hybridtechnologie, d.h. das Batteriefach ist sowohl mit 3xAAA-Batterien als auch mit einer wiederaufladbaren Hybridbatterie kompatibel, die separat erworben werden kann.<\/p>\n<p>Merkmale:<br \/>\nMax-Modus: 300 lm \/ 5,5-6 h Brenndauer \/ 65 m Leuchtweite.<br \/>\nMin-Modus: 50 lm \/ 32 h Brenndauer \/ 30 m Leuchtweite<\/p>\n<p>Lieferumfang:<br \/>\n3x AAA Batterien sind nicht enthalten<\/p>\n","protected":false},"excerpt":{"rendered":"<p>Die Scout 3X ist eine leichte Allround-Stirnlampe, die f\u00fcr die t\u00e4glichen Outdoor-Abenteuer entwickelt wurde. Neben wei\u00dfem Licht verf\u00fcgt diese Stirnlampe \u00fcber einen Rotlichtmodus f\u00fcr die Erhaltung der Nachtsicht und eine Batteriestandsanzeige. Die Scout 3X verf\u00fcgt \u00fcber die Hybridtechnologie, d.h. das Batteriefach ist sowohl mit 3xAAA-Batterien als auch mit einer wiederaufladbaren Hybridbatterie kompatibel, die separat erworben [&hellip;]<\/p>\n","protected":false},"featured_media":207015,"template":"","meta":{"_acf_changed":false},"product_featured_cat":[],"product_brand":[5240],"product_cat":[4374],"product_tag":[],"class_list":{"0":"post-196874","1":"product","2":"type-product","3":"status-publish","4":"has-post-thumbnail","6":"product_brand-silva-de","7":"product_cat-stirnlampen","9":"first","10":"instock","11":"taxable","12":"shipping-taxable","13":"purchasable","14":"product-type-simple"},"acf":[],"yoast_head":"<!-- This site is optimized with the Yoast SEO plugin v27.5 - https:\/\/yoast.com\/product\/yoast-seo-wordpress\/ -->\n<title>Stirnlampe silva Scout 3X - Bantam<\/title>\n<meta name=\"robots\" content=\"index, follow, max-snippet:-1, max-image-preview:large, max-video-preview:-1\" \/>\n<link rel=\"canonical\" href=\"https:\/\/shop.bantam.ch\/de\/produkt\/stirnlampe-silva-scout-3x\/\" \/>\n<meta property=\"og:locale\" content=\"de_DE\" \/>\n<meta property=\"og:type\" content=\"article\" \/>\n<meta property=\"og:title\" content=\"Stirnlampe silva Scout 3X - Bantam\" \/>\n<meta property=\"og:description\" content=\"Die Scout 3X ist eine leichte Allround-Stirnlampe, die f\u00fcr die t\u00e4glichen Outdoor-Abenteuer entwickelt wurde. Neben wei\u00dfem Licht verf\u00fcgt diese Stirnlampe \u00fcber einen Rotlichtmodus f\u00fcr die Erhaltung der Nachtsicht und eine Batteriestandsanzeige. Die Scout 3X verf\u00fcgt \u00fcber die Hybridtechnologie, d.h. das Batteriefach ist sowohl mit 3xAAA-Batterien als auch mit einer wiederaufladbaren Hybridbatterie kompatibel, die separat erworben [&hellip;]\" \/>\n<meta property=\"og:url\" content=\"https:\/\/shop.bantam.ch\/de\/produkt\/stirnlampe-silva-scout-3x\/\" \/>\n<meta property=\"og:site_name\" content=\"Bantam\" \/>\n<meta property=\"article:modified_time\" content=\"2026-05-10T21:07:44+00:00\" \/>\n<meta property=\"og:image\" content=\"https:\/\/shop.bantam.ch\/wp-content\/uploads\/2024\/05\/Movera-L-9962096100.jpg\" \/>\n\t<meta property=\"og:image:width\" content=\"640\" \/>\n\t<meta property=\"og:image:height\" content=\"640\" \/>\n\t<meta property=\"og:image:type\" content=\"image\/jpeg\" \/>\n<meta name=\"twitter:card\" content=\"summary_large_image\" \/>\n<script type=\"application\/ld+json\" class=\"yoast-schema-graph\">{\"@context\":\"https:\\\/\\\/schema.org\",\"@graph\":[{\"@type\":\"WebPage\",\"@id\":\"https:\\\/\\\/shop.bantam.ch\\\/de\\\/produkt\\\/stirnlampe-silva-scout-3x\\\/\",\"url\":\"https:\\\/\\\/shop.bantam.ch\\\/de\\\/produkt\\\/stirnlampe-silva-scout-3x\\\/\",\"name\":\"Stirnlampe silva Scout 3X - Bantam\",\"isPartOf\":{\"@id\":\"https:\\\/\\\/shop.bantam.ch\\\/de\\\/#website\"},\"primaryImageOfPage\":{\"@id\":\"https:\\\/\\\/shop.bantam.ch\\\/de\\\/produkt\\\/stirnlampe-silva-scout-3x\\\/#primaryimage\"},\"image\":{\"@id\":\"https:\\\/\\\/shop.bantam.ch\\\/de\\\/produkt\\\/stirnlampe-silva-scout-3x\\\/#primaryimage\"},\"thumbnailUrl\":\"https:\\\/\\\/shop.bantam.ch\\\/wp-content\\\/uploads\\\/2024\\\/09\\\/Movera-L-9962096100.jpg\",\"datePublished\":\"2024-05-15T14:09:31+00:00\",\"dateModified\":\"2026-05-10T21:07:44+00:00\",\"breadcrumb\":{\"@id\":\"https:\\\/\\\/shop.bantam.ch\\\/de\\\/produkt\\\/stirnlampe-silva-scout-3x\\\/#breadcrumb\"},\"inLanguage\":\"de\",\"potentialAction\":[{\"@type\":\"ReadAction\",\"target\":[\"https:\\\/\\\/shop.bantam.ch\\\/de\\\/produkt\\\/stirnlampe-silva-scout-3x\\\/\"]}]},{\"@type\":\"ImageObject\",\"inLanguage\":\"de\",\"@id\":\"https:\\\/\\\/shop.bantam.ch\\\/de\\\/produkt\\\/stirnlampe-silva-scout-3x\\\/#primaryimage\",\"url\":\"https:\\\/\\\/shop.bantam.ch\\\/wp-content\\\/uploads\\\/2024\\\/09\\\/Movera-L-9962096100.jpg\",\"contentUrl\":\"https:\\\/\\\/shop.bantam.ch\\\/wp-content\\\/uploads\\\/2024\\\/09\\\/Movera-L-9962096100.jpg\",\"width\":640,\"height\":640},{\"@type\":\"BreadcrumbList\",\"@id\":\"https:\\\/\\\/shop.bantam.ch\\\/de\\\/produkt\\\/stirnlampe-silva-scout-3x\\\/#breadcrumb\",\"itemListElement\":[{\"@type\":\"ListItem\",\"position\":1,\"name\":\"Accueil\",\"item\":\"https:\\\/\\\/shop.bantam.ch\\\/de\\\/\"},{\"@type\":\"ListItem\",\"position\":2,\"name\":\"Shop\",\"item\":\"https:\\\/\\\/shop.bantam.ch\\\/de\\\/shop\\\/\"},{\"@type\":\"ListItem\",\"position\":3,\"name\":\"Stirnlampe silva Scout 3X\"}]},{\"@type\":\"WebSite\",\"@id\":\"https:\\\/\\\/shop.bantam.ch\\\/de\\\/#website\",\"url\":\"https:\\\/\\\/shop.bantam.ch\\\/de\\\/\",\"name\":\"Bantam\",\"description\":\"\",\"publisher\":{\"@id\":\"https:\\\/\\\/shop.bantam.ch\\\/de\\\/#organization\"},\"inLanguage\":\"de\"},{\"@type\":\"Organization\",\"@id\":\"https:\\\/\\\/shop.bantam.ch\\\/de\\\/#organization\",\"name\":\"Bantam\",\"url\":\"https:\\\/\\\/shop.bantam.ch\\\/de\\\/\",\"logo\":{\"@type\":\"ImageObject\",\"inLanguage\":\"de\",\"@id\":\"https:\\\/\\\/shop.bantam.ch\\\/de\\\/#\\\/schema\\\/logo\\\/image\\\/\",\"url\":\"https:\\\/\\\/shop.bantam.ch\\\/wp-content\\\/uploads\\\/2022\\\/12\\\/bantam-logo.png\",\"contentUrl\":\"https:\\\/\\\/shop.bantam.ch\\\/wp-content\\\/uploads\\\/2022\\\/12\\\/bantam-logo.png\",\"width\":320,\"height\":71,\"caption\":\"Bantam\"},\"image\":{\"@id\":\"https:\\\/\\\/shop.bantam.ch\\\/de\\\/#\\\/schema\\\/logo\\\/image\\\/\"}}]}<\/script>\n<!-- \/ Yoast SEO plugin. -->","yoast_head_json":{"title":"Stirnlampe silva Scout 3X - Bantam","robots":{"index":"index","follow":"follow","max-snippet":"max-snippet:-1","max-image-preview":"max-image-preview:large","max-video-preview":"max-video-preview:-1"},"canonical":"https:\/\/shop.bantam.ch\/de\/produkt\/stirnlampe-silva-scout-3x\/","og_locale":"de_DE","og_type":"article","og_title":"Stirnlampe silva Scout 3X - Bantam","og_description":"Die Scout 3X ist eine leichte Allround-Stirnlampe, die f\u00fcr die t\u00e4glichen Outdoor-Abenteuer entwickelt wurde. Neben wei\u00dfem Licht verf\u00fcgt diese Stirnlampe \u00fcber einen Rotlichtmodus f\u00fcr die Erhaltung der Nachtsicht und eine Batteriestandsanzeige. Die Scout 3X verf\u00fcgt \u00fcber die Hybridtechnologie, d.h. das Batteriefach ist sowohl mit 3xAAA-Batterien als auch mit einer wiederaufladbaren Hybridbatterie kompatibel, die separat erworben [&hellip;]","og_url":"https:\/\/shop.bantam.ch\/de\/produkt\/stirnlampe-silva-scout-3x\/","og_site_name":"Bantam","article_modified_time":"2026-05-10T21:07:44+00:00","og_image":[{"width":640,"height":640,"url":"https:\/\/shop.bantam.ch\/wp-content\/uploads\/2024\/05\/Movera-L-9962096100.jpg","type":"image\/jpeg"}],"twitter_card":"summary_large_image","schema":{"@context":"https:\/\/schema.org","@graph":[{"@type":"WebPage","@id":"https:\/\/shop.bantam.ch\/de\/produkt\/stirnlampe-silva-scout-3x\/","url":"https:\/\/shop.bantam.ch\/de\/produkt\/stirnlampe-silva-scout-3x\/","name":"Stirnlampe silva Scout 3X - Bantam","isPartOf":{"@id":"https:\/\/shop.bantam.ch\/de\/#website"},"primaryImageOfPage":{"@id":"https:\/\/shop.bantam.ch\/de\/produkt\/stirnlampe-silva-scout-3x\/#primaryimage"},"image":{"@id":"https:\/\/shop.bantam.ch\/de\/produkt\/stirnlampe-silva-scout-3x\/#primaryimage"},"thumbnailUrl":"https:\/\/shop.bantam.ch\/wp-content\/uploads\/2024\/09\/Movera-L-9962096100.jpg","datePublished":"2024-05-15T14:09:31+00:00","dateModified":"2026-05-10T21:07:44+00:00","breadcrumb":{"@id":"https:\/\/shop.bantam.ch\/de\/produkt\/stirnlampe-silva-scout-3x\/#breadcrumb"},"inLanguage":"de","potentialAction":[{"@type":"ReadAction","target":["https:\/\/shop.bantam.ch\/de\/produkt\/stirnlampe-silva-scout-3x\/"]}]},{"@type":"ImageObject","inLanguage":"de","@id":"https:\/\/shop.bantam.ch\/de\/produkt\/stirnlampe-silva-scout-3x\/#primaryimage","url":"https:\/\/shop.bantam.ch\/wp-content\/uploads\/2024\/09\/Movera-L-9962096100.jpg","contentUrl":"https:\/\/shop.bantam.ch\/wp-content\/uploads\/2024\/09\/Movera-L-9962096100.jpg","width":640,"height":640},{"@type":"BreadcrumbList","@id":"https:\/\/shop.bantam.ch\/de\/produkt\/stirnlampe-silva-scout-3x\/#breadcrumb","itemListElement":[{"@type":"ListItem","position":1,"name":"Accueil","item":"https:\/\/shop.bantam.ch\/de\/"},{"@type":"ListItem","position":2,"name":"Shop","item":"https:\/\/shop.bantam.ch\/de\/shop\/"},{"@type":"ListItem","position":3,"name":"Stirnlampe silva Scout 3X"}]},{"@type":"WebSite","@id":"https:\/\/shop.bantam.ch\/de\/#website","url":"https:\/\/shop.bantam.ch\/de\/","name":"Bantam","description":"","publisher":{"@id":"https:\/\/shop.bantam.ch\/de\/#organization"},"inLanguage":"de"},{"@type":"Organization","@id":"https:\/\/shop.bantam.ch\/de\/#organization","name":"Bantam","url":"https:\/\/shop.bantam.ch\/de\/","logo":{"@type":"ImageObject","inLanguage":"de","@id":"https:\/\/shop.bantam.ch\/de\/#\/schema\/logo\/image\/","url":"https:\/\/shop.bantam.ch\/wp-content\/uploads\/2022\/12\/bantam-logo.png","contentUrl":"https:\/\/shop.bantam.ch\/wp-content\/uploads\/2022\/12\/bantam-logo.png","width":320,"height":71,"caption":"Bantam"},"image":{"@id":"https:\/\/shop.bantam.ch\/de\/#\/schema\/logo\/image\/"}}]}},"_links":{"self":[{"href":"https:\/\/shop.bantam.ch\/de\/wp-json\/wp\/v2\/product\/196874","targetHints":{"allow":["GET"]}}],"collection":[{"href":"https:\/\/shop.bantam.ch\/de\/wp-json\/wp\/v2\/product"}],"about":[{"href":"https:\/\/shop.bantam.ch\/de\/wp-json\/wp\/v2\/types\/product"}],"wp:featuredmedia":[{"embeddable":true,"href":"https:\/\/shop.bantam.ch\/de\/wp-json\/wp\/v2\/media\/207015"}],"wp:attachment":[{"href":"https:\/\/shop.bantam.ch\/de\/wp-json\/wp\/v2\/media?parent=196874"}],"wp:term":[{"taxonomy":"product_featured_cat","embeddable":true,"href":"https:\/\/shop.bantam.ch\/de\/wp-json\/wp\/v2\/product_featured_cat?post=196874"},{"taxonomy":"product_brand","embeddable":true,"href":"https:\/\/shop.bantam.ch\/de\/wp-json\/wp\/v2\/product_brand?post=196874"},{"taxonomy":"product_cat","embeddable":true,"href":"https:\/\/shop.bantam.ch\/de\/wp-json\/wp\/v2\/product_cat?post=196874"},{"taxonomy":"product_tag","embeddable":true,"href":"https:\/\/shop.bantam.ch\/de\/wp-json\/wp\/v2\/product_tag?post=196874"}],"curies":[{"name":"wp","href":"https:\/\/api.w.org\/{rel}","templated":true}]}}