{"id":196862,"date":"2024-05-15T16:09:22","date_gmt":"2024-05-15T14:09:22","guid":{"rendered":"https:\/\/shop.bantam.ch\/produit\/stirnlampe-silva-scout-3xth\/"},"modified":"2026-05-10T23:07:44","modified_gmt":"2026-05-10T21:07:44","slug":"stirnlampe-silva-scout-3xth","status":"publish","type":"product","link":"https:\/\/shop.bantam.ch\/de\/produkt\/stirnlampe-silva-scout-3xth\/","title":{"rendered":"Stirnlampe silva Scout 3XTH"},"content":{"rendered":"<p>Die Scout 3XTH ist eine leichte Stirnlampe, die f\u00fcr alle Ihre Outdoor-Abenteuer unabh\u00e4ngig von der Jahreszeit entwickelt wurde. Die Stirnlampe ist mit einem roten Licht zur Erhaltung Ihrer Nachtsicht, einer Batteriestandsanzeige und einer starken Helligkeit von 350 Lumen ausgestattet \u2013 im Gegensatz zum Scout 3XT ist beim Scout 3XTH ein Hybrid-Akku (1,25 Ah \/ 4,6 Wh) im Lieferumfang enthalten.<\/p>\n<p>Alle Modelle der Scout 3-Serie verf\u00fcgen \u00fcber Hybrid-Technologie, das hei\u00dft, in den Batterieraum passen sowohl eine wiederaufladbare Hybridbatterie von Silva als auch normale AAA-Batterien. Es bietet die M\u00f6glichkeit f\u00fcr vielf\u00e4ltige Aktivit\u00e4ten.<\/p>\n<p>OPTIMIERT DAS LICHTBILD<br \/>\nScout 3XTH ist mit Silva Intelligent Light ausgestattet, das das Lichtbild durch eine einzigartige Kombination aus fokussiertem Fernlicht, das in die Ferne strahlt, und Weitwinkellicht, das in Ihrer N\u00e4he leuchtet, optimiert. Dank Silva Intelligent Light\u00ae erhalten Sie sowohl auf kurze als auch auf gro\u00dfe Entfernungen eine klare Sicht auf m\u00f6gliche Hindernisse, ohne den Kopf so stark bewegen zu m\u00fcssen. Es bietet Ihnen ein besseres Gleichgewicht und mehr Sicherheit, sodass Sie die Geschwindigkeit maximieren und bessere Leistungen erbringen k\u00f6nnen.<\/p>\n<p>Dies ist eine Stirnlampe, die einfach zu bedienen ist. Der gro\u00dfe Ein-\/Aus-Knopf erm\u00f6glicht eine einfache Bedienung der Stirnlampe, auch wenn es drau\u00dfen kalt und nass ist und Sie Handschuhe tragen. Durch das geringe Gewicht der Lampe und den breiten, teilweise gummierten Kopfb\u00fcgel sitzt die Stirnlampe auch bei l\u00e4ngeren Eins\u00e4tzen gut und bequem. Die Batteriestandsanzeige informiert Sie dar\u00fcber, wie viel Brenndauer der Batterie noch verbleibt, wenn Sie die Lampe ausschalten. Scout 3XTH ist au\u00dferdem wasserdicht nach IPX5-Standard.<\/p>\n<p>Eigenschaften:<br \/>\nMax-Modus: 350 lm \/ 3 h Brenndauer \/ 65 m Leuchtweite<br \/>\nMin-Modus: 50 lm \/ 25 h Brenndauer \/ 30 m Leuchtweite<\/p>\n<p>Lieferumfang:<br \/>\nInklusive Stirnlampe<br \/>\nKopfband<br \/>\nwiederaufladbare Silva Hybrid-Batterie 1,25 Ah (4,6 Wh)<br \/>\nUSB-Ladekabel<br \/>\nKurzanleitung<\/p>\n","protected":false},"excerpt":{"rendered":"<p>Die Scout 3XTH ist eine leichte Stirnlampe, die f\u00fcr alle Ihre Outdoor-Abenteuer unabh\u00e4ngig von der Jahreszeit entwickelt wurde. Die Stirnlampe ist mit einem roten Licht zur Erhaltung Ihrer Nachtsicht, einer Batteriestandsanzeige und einer starken Helligkeit von 350 Lumen ausgestattet \u2013 im Gegensatz zum Scout 3XT ist beim Scout 3XTH ein Hybrid-Akku (1,25 Ah \/ 4,6 [&hellip;]<\/p>\n","protected":false},"featured_media":207013,"template":"","meta":{"_acf_changed":false},"product_featured_cat":[],"product_brand":[5240],"product_cat":[4374],"product_tag":[],"class_list":{"0":"post-196862","1":"product","2":"type-product","3":"status-publish","4":"has-post-thumbnail","6":"product_brand-silva-de","7":"product_cat-stirnlampen","9":"first","10":"instock","11":"taxable","12":"shipping-taxable","13":"purchasable","14":"product-type-simple"},"acf":[],"yoast_head":"<!-- This site is optimized with the Yoast SEO plugin v27.5 - https:\/\/yoast.com\/product\/yoast-seo-wordpress\/ -->\n<title>Stirnlampe silva Scout 3XTH - Bantam<\/title>\n<meta name=\"robots\" content=\"index, follow, max-snippet:-1, max-image-preview:large, max-video-preview:-1\" \/>\n<link rel=\"canonical\" href=\"https:\/\/shop.bantam.ch\/de\/produkt\/stirnlampe-silva-scout-3xth\/\" \/>\n<meta property=\"og:locale\" content=\"de_DE\" \/>\n<meta property=\"og:type\" content=\"article\" \/>\n<meta property=\"og:title\" content=\"Stirnlampe silva Scout 3XTH - Bantam\" \/>\n<meta property=\"og:description\" content=\"Die Scout 3XTH ist eine leichte Stirnlampe, die f\u00fcr alle Ihre Outdoor-Abenteuer unabh\u00e4ngig von der Jahreszeit entwickelt wurde. Die Stirnlampe ist mit einem roten Licht zur Erhaltung Ihrer Nachtsicht, einer Batteriestandsanzeige und einer starken Helligkeit von 350 Lumen ausgestattet \u2013 im Gegensatz zum Scout 3XT ist beim Scout 3XTH ein Hybrid-Akku (1,25 Ah \/ 4,6 [&hellip;]\" \/>\n<meta property=\"og:url\" content=\"https:\/\/shop.bantam.ch\/de\/produkt\/stirnlampe-silva-scout-3xth\/\" \/>\n<meta property=\"og:site_name\" content=\"Bantam\" \/>\n<meta property=\"article:modified_time\" content=\"2026-05-10T21:07:44+00:00\" \/>\n<meta property=\"og:image\" content=\"https:\/\/shop.bantam.ch\/wp-content\/uploads\/2024\/05\/Movera-L-9962095100.jpg\" \/>\n\t<meta property=\"og:image:width\" content=\"640\" \/>\n\t<meta property=\"og:image:height\" content=\"640\" \/>\n\t<meta property=\"og:image:type\" content=\"image\/jpeg\" \/>\n<meta name=\"twitter:card\" content=\"summary_large_image\" \/>\n<meta name=\"twitter:label1\" content=\"Gesch\u00e4tzte Lesezeit\" \/>\n\t<meta name=\"twitter:data1\" content=\"1\u00a0Minute\" \/>\n<script type=\"application\/ld+json\" class=\"yoast-schema-graph\">{\"@context\":\"https:\\\/\\\/schema.org\",\"@graph\":[{\"@type\":\"WebPage\",\"@id\":\"https:\\\/\\\/shop.bantam.ch\\\/de\\\/produkt\\\/stirnlampe-silva-scout-3xth\\\/\",\"url\":\"https:\\\/\\\/shop.bantam.ch\\\/de\\\/produkt\\\/stirnlampe-silva-scout-3xth\\\/\",\"name\":\"Stirnlampe silva Scout 3XTH - Bantam\",\"isPartOf\":{\"@id\":\"https:\\\/\\\/shop.bantam.ch\\\/de\\\/#website\"},\"primaryImageOfPage\":{\"@id\":\"https:\\\/\\\/shop.bantam.ch\\\/de\\\/produkt\\\/stirnlampe-silva-scout-3xth\\\/#primaryimage\"},\"image\":{\"@id\":\"https:\\\/\\\/shop.bantam.ch\\\/de\\\/produkt\\\/stirnlampe-silva-scout-3xth\\\/#primaryimage\"},\"thumbnailUrl\":\"https:\\\/\\\/shop.bantam.ch\\\/wp-content\\\/uploads\\\/2024\\\/09\\\/Movera-L-9962095100.jpg\",\"datePublished\":\"2024-05-15T14:09:22+00:00\",\"dateModified\":\"2026-05-10T21:07:44+00:00\",\"breadcrumb\":{\"@id\":\"https:\\\/\\\/shop.bantam.ch\\\/de\\\/produkt\\\/stirnlampe-silva-scout-3xth\\\/#breadcrumb\"},\"inLanguage\":\"de\",\"potentialAction\":[{\"@type\":\"ReadAction\",\"target\":[\"https:\\\/\\\/shop.bantam.ch\\\/de\\\/produkt\\\/stirnlampe-silva-scout-3xth\\\/\"]}]},{\"@type\":\"ImageObject\",\"inLanguage\":\"de\",\"@id\":\"https:\\\/\\\/shop.bantam.ch\\\/de\\\/produkt\\\/stirnlampe-silva-scout-3xth\\\/#primaryimage\",\"url\":\"https:\\\/\\\/shop.bantam.ch\\\/wp-content\\\/uploads\\\/2024\\\/09\\\/Movera-L-9962095100.jpg\",\"contentUrl\":\"https:\\\/\\\/shop.bantam.ch\\\/wp-content\\\/uploads\\\/2024\\\/09\\\/Movera-L-9962095100.jpg\",\"width\":640,\"height\":640},{\"@type\":\"BreadcrumbList\",\"@id\":\"https:\\\/\\\/shop.bantam.ch\\\/de\\\/produkt\\\/stirnlampe-silva-scout-3xth\\\/#breadcrumb\",\"itemListElement\":[{\"@type\":\"ListItem\",\"position\":1,\"name\":\"Accueil\",\"item\":\"https:\\\/\\\/shop.bantam.ch\\\/de\\\/\"},{\"@type\":\"ListItem\",\"position\":2,\"name\":\"Shop\",\"item\":\"https:\\\/\\\/shop.bantam.ch\\\/de\\\/shop\\\/\"},{\"@type\":\"ListItem\",\"position\":3,\"name\":\"Stirnlampe silva Scout 3XTH\"}]},{\"@type\":\"WebSite\",\"@id\":\"https:\\\/\\\/shop.bantam.ch\\\/de\\\/#website\",\"url\":\"https:\\\/\\\/shop.bantam.ch\\\/de\\\/\",\"name\":\"Bantam\",\"description\":\"\",\"publisher\":{\"@id\":\"https:\\\/\\\/shop.bantam.ch\\\/de\\\/#organization\"},\"inLanguage\":\"de\"},{\"@type\":\"Organization\",\"@id\":\"https:\\\/\\\/shop.bantam.ch\\\/de\\\/#organization\",\"name\":\"Bantam\",\"url\":\"https:\\\/\\\/shop.bantam.ch\\\/de\\\/\",\"logo\":{\"@type\":\"ImageObject\",\"inLanguage\":\"de\",\"@id\":\"https:\\\/\\\/shop.bantam.ch\\\/de\\\/#\\\/schema\\\/logo\\\/image\\\/\",\"url\":\"https:\\\/\\\/shop.bantam.ch\\\/wp-content\\\/uploads\\\/2022\\\/12\\\/bantam-logo.png\",\"contentUrl\":\"https:\\\/\\\/shop.bantam.ch\\\/wp-content\\\/uploads\\\/2022\\\/12\\\/bantam-logo.png\",\"width\":320,\"height\":71,\"caption\":\"Bantam\"},\"image\":{\"@id\":\"https:\\\/\\\/shop.bantam.ch\\\/de\\\/#\\\/schema\\\/logo\\\/image\\\/\"}}]}<\/script>\n<!-- \/ Yoast SEO plugin. -->","yoast_head_json":{"title":"Stirnlampe silva Scout 3XTH - Bantam","robots":{"index":"index","follow":"follow","max-snippet":"max-snippet:-1","max-image-preview":"max-image-preview:large","max-video-preview":"max-video-preview:-1"},"canonical":"https:\/\/shop.bantam.ch\/de\/produkt\/stirnlampe-silva-scout-3xth\/","og_locale":"de_DE","og_type":"article","og_title":"Stirnlampe silva Scout 3XTH - Bantam","og_description":"Die Scout 3XTH ist eine leichte Stirnlampe, die f\u00fcr alle Ihre Outdoor-Abenteuer unabh\u00e4ngig von der Jahreszeit entwickelt wurde. Die Stirnlampe ist mit einem roten Licht zur Erhaltung Ihrer Nachtsicht, einer Batteriestandsanzeige und einer starken Helligkeit von 350 Lumen ausgestattet \u2013 im Gegensatz zum Scout 3XT ist beim Scout 3XTH ein Hybrid-Akku (1,25 Ah \/ 4,6 [&hellip;]","og_url":"https:\/\/shop.bantam.ch\/de\/produkt\/stirnlampe-silva-scout-3xth\/","og_site_name":"Bantam","article_modified_time":"2026-05-10T21:07:44+00:00","og_image":[{"width":640,"height":640,"url":"https:\/\/shop.bantam.ch\/wp-content\/uploads\/2024\/05\/Movera-L-9962095100.jpg","type":"image\/jpeg"}],"twitter_card":"summary_large_image","twitter_misc":{"Gesch\u00e4tzte Lesezeit":"1\u00a0Minute"},"schema":{"@context":"https:\/\/schema.org","@graph":[{"@type":"WebPage","@id":"https:\/\/shop.bantam.ch\/de\/produkt\/stirnlampe-silva-scout-3xth\/","url":"https:\/\/shop.bantam.ch\/de\/produkt\/stirnlampe-silva-scout-3xth\/","name":"Stirnlampe silva Scout 3XTH - Bantam","isPartOf":{"@id":"https:\/\/shop.bantam.ch\/de\/#website"},"primaryImageOfPage":{"@id":"https:\/\/shop.bantam.ch\/de\/produkt\/stirnlampe-silva-scout-3xth\/#primaryimage"},"image":{"@id":"https:\/\/shop.bantam.ch\/de\/produkt\/stirnlampe-silva-scout-3xth\/#primaryimage"},"thumbnailUrl":"https:\/\/shop.bantam.ch\/wp-content\/uploads\/2024\/09\/Movera-L-9962095100.jpg","datePublished":"2024-05-15T14:09:22+00:00","dateModified":"2026-05-10T21:07:44+00:00","breadcrumb":{"@id":"https:\/\/shop.bantam.ch\/de\/produkt\/stirnlampe-silva-scout-3xth\/#breadcrumb"},"inLanguage":"de","potentialAction":[{"@type":"ReadAction","target":["https:\/\/shop.bantam.ch\/de\/produkt\/stirnlampe-silva-scout-3xth\/"]}]},{"@type":"ImageObject","inLanguage":"de","@id":"https:\/\/shop.bantam.ch\/de\/produkt\/stirnlampe-silva-scout-3xth\/#primaryimage","url":"https:\/\/shop.bantam.ch\/wp-content\/uploads\/2024\/09\/Movera-L-9962095100.jpg","contentUrl":"https:\/\/shop.bantam.ch\/wp-content\/uploads\/2024\/09\/Movera-L-9962095100.jpg","width":640,"height":640},{"@type":"BreadcrumbList","@id":"https:\/\/shop.bantam.ch\/de\/produkt\/stirnlampe-silva-scout-3xth\/#breadcrumb","itemListElement":[{"@type":"ListItem","position":1,"name":"Accueil","item":"https:\/\/shop.bantam.ch\/de\/"},{"@type":"ListItem","position":2,"name":"Shop","item":"https:\/\/shop.bantam.ch\/de\/shop\/"},{"@type":"ListItem","position":3,"name":"Stirnlampe silva Scout 3XTH"}]},{"@type":"WebSite","@id":"https:\/\/shop.bantam.ch\/de\/#website","url":"https:\/\/shop.bantam.ch\/de\/","name":"Bantam","description":"","publisher":{"@id":"https:\/\/shop.bantam.ch\/de\/#organization"},"inLanguage":"de"},{"@type":"Organization","@id":"https:\/\/shop.bantam.ch\/de\/#organization","name":"Bantam","url":"https:\/\/shop.bantam.ch\/de\/","logo":{"@type":"ImageObject","inLanguage":"de","@id":"https:\/\/shop.bantam.ch\/de\/#\/schema\/logo\/image\/","url":"https:\/\/shop.bantam.ch\/wp-content\/uploads\/2022\/12\/bantam-logo.png","contentUrl":"https:\/\/shop.bantam.ch\/wp-content\/uploads\/2022\/12\/bantam-logo.png","width":320,"height":71,"caption":"Bantam"},"image":{"@id":"https:\/\/shop.bantam.ch\/de\/#\/schema\/logo\/image\/"}}]}},"_links":{"self":[{"href":"https:\/\/shop.bantam.ch\/de\/wp-json\/wp\/v2\/product\/196862","targetHints":{"allow":["GET"]}}],"collection":[{"href":"https:\/\/shop.bantam.ch\/de\/wp-json\/wp\/v2\/product"}],"about":[{"href":"https:\/\/shop.bantam.ch\/de\/wp-json\/wp\/v2\/types\/product"}],"wp:featuredmedia":[{"embeddable":true,"href":"https:\/\/shop.bantam.ch\/de\/wp-json\/wp\/v2\/media\/207013"}],"wp:attachment":[{"href":"https:\/\/shop.bantam.ch\/de\/wp-json\/wp\/v2\/media?parent=196862"}],"wp:term":[{"taxonomy":"product_featured_cat","embeddable":true,"href":"https:\/\/shop.bantam.ch\/de\/wp-json\/wp\/v2\/product_featured_cat?post=196862"},{"taxonomy":"product_brand","embeddable":true,"href":"https:\/\/shop.bantam.ch\/de\/wp-json\/wp\/v2\/product_brand?post=196862"},{"taxonomy":"product_cat","embeddable":true,"href":"https:\/\/shop.bantam.ch\/de\/wp-json\/wp\/v2\/product_cat?post=196862"},{"taxonomy":"product_tag","embeddable":true,"href":"https:\/\/shop.bantam.ch\/de\/wp-json\/wp\/v2\/product_tag?post=196862"}],"curies":[{"name":"wp","href":"https:\/\/api.w.org\/{rel}","templated":true}]}}