{"id":196850,"date":"2024-05-15T16:09:14","date_gmt":"2024-05-15T14:09:14","guid":{"rendered":"https:\/\/shop.bantam.ch\/produit\/stirnlampe-silva-terra-scout-h\/"},"modified":"2026-05-11T23:05:54","modified_gmt":"2026-05-11T21:05:54","slug":"stirnlampe-silva-terra-scout-h","status":"publish","type":"product","link":"https:\/\/shop.bantam.ch\/de\/produkt\/stirnlampe-silva-terra-scout-h\/","title":{"rendered":"Stirnlampe silva Terra Scout H"},"content":{"rendered":"<p>Terra Scout H besteht aus Hanf und recyceltem Kunststoff \u2013 eine nachhaltige, leichte und n\u00fctzliche Stirnlampe f\u00fcr deine t\u00e4glichen Outdoor-Abenteuer. Terra Scout H verf\u00fcgt \u00fcber 350 Lumen, Nachtsichtmodus, IPX5-Wasserdichtung, Batteriestandsanzeige und Hybrid-Technologie, was bedeutet, dass das Batteriefach sowohl mit der wiederaufladbaren Silva Hybrid-Batterie (1,25 Ah\/4,6 Wh) als auch mit Standard AAA-Batterien kompatibel ist.<\/p>\n<p>NACHHALTIGE MATERIALIEN<br \/>\nEntscheide dich f\u00fcr eine bessere Zukunft mit der nachhaltigeren Terra Scout H. Diese Stirnlampe besteht aus Pflanzenfasern aus Hanf und recyceltem Kunststoff \u2013 ein Material, das im Vergleich zu herk\u00f6mmlichen Kunststoffen einen bis zu 90% geringeren CO2-Fussabdruck aufweist.<\/p>\n<p>ZWEI LED-LICHTFARBEN<br \/>\nTerra Scout H hat zwei LED-Leuchten, eine wei\u00dfe und eine rote. Das wei\u00dfe Licht ist das Standardlicht f\u00fcr Outdoor-Aktivit\u00e4ten, Lesen und den t\u00e4glichen Gebrauch, w\u00e4hrend das rote Licht hilft, deine Nachtsicht zu erhalten.<\/p>\n<p>EINFACH ZU VERWENDEN<br \/>\nDiese Stirnlampe ist einfach zu bedienen. Der gro\u00dfe Ein-\/Aus-Knopf erm\u00f6glicht eine Bedienung der Stirnlampe auch mit Handschuhen und die Batteriestandsanzeige informiert in ausgeschalteten Zustand \u00fcber den verbleibenden Ladezustand. Dar\u00fcber hinaus ist Terra Scout H nach IPX5-Standard wasserdicht. Das geringe Gewicht der Stirnlampe und das breite Kopfband sorgen auch bei langen Wanderungen und Aktivit\u00e4ten f\u00fcr einen hohen Tragekomfort.<\/p>\n<p>HYRBID-TECHNOLOGIE<br \/>\nDas Batteriefach der Terra Scout-Serie ist sowohl mit AAA-Batterien als auch mit Silva Hybrid Battery 1.25 Ah (4.6 Wh) die in diesem Modell enthalten ist.<\/p>\n<p>SILVA TERRA \u2013 WIEDERVERWENDEN, REDUZIEREN, RECYCELN<br \/>\nTerra bedeutet Erde, und Produkte mit der Bezeichnung Silva Terra haben eine geringere Umweltbelastung. Wir sehnen uns nach einer besseren Zukunft und Silva Terra ist unser Plan, um dies zu verwirklichen. Unsere Strategie ist leicht zu verstehen und bekannt \u2013 wiederverwenden, reduzieren, recyceln. Silva Terra ist unsere Verpflichtung und unser Beitrag f\u00fcr die Zukunft. Schritt f\u00fcr Schritt, Produkt f\u00fcr Produkt.<\/p>\n<p>Eigenschaften:<br \/>\nMax-Modus: 350 lm \/ 3 h Brenndauer \/ 65 m&nbsp; Leuchtweite<br \/>\nMin-Modus: 50 lm \/ 25 h Brenndauer \/ 30 m&nbsp; Leuchtweite<\/p>\n<p>Lieferumfang:<br \/>\nInklusive Stirnlampe<br \/>\nStirnband<br \/>\nwiederaufladbare Silva Hybrid-Batterie 1,25 Ah (4,6 Wh)<br \/>\nUSB-Ladekabel<br \/>\nKurzanleitung<\/p>\n","protected":false},"excerpt":{"rendered":"<p>Terra Scout H besteht aus Hanf und recyceltem Kunststoff \u2013 eine nachhaltige, leichte und n\u00fctzliche Stirnlampe f\u00fcr deine t\u00e4glichen Outdoor-Abenteuer. Terra Scout H verf\u00fcgt \u00fcber 350 Lumen, Nachtsichtmodus, IPX5-Wasserdichtung, Batteriestandsanzeige und Hybrid-Technologie, was bedeutet, dass das Batteriefach sowohl mit der wiederaufladbaren Silva Hybrid-Batterie (1,25 Ah\/4,6 Wh) als auch mit Standard AAA-Batterien kompatibel ist. NACHHALTIGE MATERIALIEN [&hellip;]<\/p>\n","protected":false},"featured_media":207011,"template":"","meta":{"_acf_changed":false},"product_featured_cat":[],"product_brand":[5240],"product_cat":[4374],"product_tag":[],"class_list":{"0":"post-196850","1":"product","2":"type-product","3":"status-publish","4":"has-post-thumbnail","6":"product_brand-silva-de","7":"product_cat-stirnlampen","9":"first","10":"instock","11":"taxable","12":"shipping-taxable","13":"purchasable","14":"product-type-simple"},"acf":[],"yoast_head":"<!-- This site is optimized with the Yoast SEO plugin v27.5 - https:\/\/yoast.com\/product\/yoast-seo-wordpress\/ -->\n<title>Stirnlampe silva Terra Scout H - Bantam<\/title>\n<meta name=\"robots\" content=\"index, follow, max-snippet:-1, max-image-preview:large, max-video-preview:-1\" \/>\n<link rel=\"canonical\" href=\"https:\/\/shop.bantam.ch\/de\/produkt\/stirnlampe-silva-terra-scout-h\/\" \/>\n<meta property=\"og:locale\" content=\"de_DE\" \/>\n<meta property=\"og:type\" content=\"article\" \/>\n<meta property=\"og:title\" content=\"Stirnlampe silva Terra Scout H - Bantam\" \/>\n<meta property=\"og:description\" content=\"Terra Scout H besteht aus Hanf und recyceltem Kunststoff \u2013 eine nachhaltige, leichte und n\u00fctzliche Stirnlampe f\u00fcr deine t\u00e4glichen Outdoor-Abenteuer. Terra Scout H verf\u00fcgt \u00fcber 350 Lumen, Nachtsichtmodus, IPX5-Wasserdichtung, Batteriestandsanzeige und Hybrid-Technologie, was bedeutet, dass das Batteriefach sowohl mit der wiederaufladbaren Silva Hybrid-Batterie (1,25 Ah\/4,6 Wh) als auch mit Standard AAA-Batterien kompatibel ist. NACHHALTIGE MATERIALIEN [&hellip;]\" \/>\n<meta property=\"og:url\" content=\"https:\/\/shop.bantam.ch\/de\/produkt\/stirnlampe-silva-terra-scout-h\/\" \/>\n<meta property=\"og:site_name\" content=\"Bantam\" \/>\n<meta property=\"article:modified_time\" content=\"2026-05-11T21:05:54+00:00\" \/>\n<meta property=\"og:image\" content=\"https:\/\/shop.bantam.ch\/wp-content\/uploads\/2024\/05\/Movera-L-9962094100.jpg\" \/>\n\t<meta property=\"og:image:width\" content=\"640\" \/>\n\t<meta property=\"og:image:height\" content=\"640\" \/>\n\t<meta property=\"og:image:type\" content=\"image\/jpeg\" \/>\n<meta name=\"twitter:card\" content=\"summary_large_image\" \/>\n<meta name=\"twitter:label1\" content=\"Gesch\u00e4tzte Lesezeit\" \/>\n\t<meta name=\"twitter:data1\" content=\"2\u00a0Minuten\" \/>\n<script type=\"application\/ld+json\" class=\"yoast-schema-graph\">{\"@context\":\"https:\\\/\\\/schema.org\",\"@graph\":[{\"@type\":\"WebPage\",\"@id\":\"https:\\\/\\\/shop.bantam.ch\\\/de\\\/produkt\\\/stirnlampe-silva-terra-scout-h\\\/\",\"url\":\"https:\\\/\\\/shop.bantam.ch\\\/de\\\/produkt\\\/stirnlampe-silva-terra-scout-h\\\/\",\"name\":\"Stirnlampe silva Terra Scout H - Bantam\",\"isPartOf\":{\"@id\":\"https:\\\/\\\/shop.bantam.ch\\\/de\\\/#website\"},\"primaryImageOfPage\":{\"@id\":\"https:\\\/\\\/shop.bantam.ch\\\/de\\\/produkt\\\/stirnlampe-silva-terra-scout-h\\\/#primaryimage\"},\"image\":{\"@id\":\"https:\\\/\\\/shop.bantam.ch\\\/de\\\/produkt\\\/stirnlampe-silva-terra-scout-h\\\/#primaryimage\"},\"thumbnailUrl\":\"https:\\\/\\\/shop.bantam.ch\\\/wp-content\\\/uploads\\\/2024\\\/09\\\/Movera-L-9962094100.jpg\",\"datePublished\":\"2024-05-15T14:09:14+00:00\",\"dateModified\":\"2026-05-11T21:05:54+00:00\",\"breadcrumb\":{\"@id\":\"https:\\\/\\\/shop.bantam.ch\\\/de\\\/produkt\\\/stirnlampe-silva-terra-scout-h\\\/#breadcrumb\"},\"inLanguage\":\"de\",\"potentialAction\":[{\"@type\":\"ReadAction\",\"target\":[\"https:\\\/\\\/shop.bantam.ch\\\/de\\\/produkt\\\/stirnlampe-silva-terra-scout-h\\\/\"]}]},{\"@type\":\"ImageObject\",\"inLanguage\":\"de\",\"@id\":\"https:\\\/\\\/shop.bantam.ch\\\/de\\\/produkt\\\/stirnlampe-silva-terra-scout-h\\\/#primaryimage\",\"url\":\"https:\\\/\\\/shop.bantam.ch\\\/wp-content\\\/uploads\\\/2024\\\/09\\\/Movera-L-9962094100.jpg\",\"contentUrl\":\"https:\\\/\\\/shop.bantam.ch\\\/wp-content\\\/uploads\\\/2024\\\/09\\\/Movera-L-9962094100.jpg\",\"width\":640,\"height\":640},{\"@type\":\"BreadcrumbList\",\"@id\":\"https:\\\/\\\/shop.bantam.ch\\\/de\\\/produkt\\\/stirnlampe-silva-terra-scout-h\\\/#breadcrumb\",\"itemListElement\":[{\"@type\":\"ListItem\",\"position\":1,\"name\":\"Accueil\",\"item\":\"https:\\\/\\\/shop.bantam.ch\\\/de\\\/\"},{\"@type\":\"ListItem\",\"position\":2,\"name\":\"Shop\",\"item\":\"https:\\\/\\\/shop.bantam.ch\\\/de\\\/shop\\\/\"},{\"@type\":\"ListItem\",\"position\":3,\"name\":\"Stirnlampe silva Terra Scout H\"}]},{\"@type\":\"WebSite\",\"@id\":\"https:\\\/\\\/shop.bantam.ch\\\/de\\\/#website\",\"url\":\"https:\\\/\\\/shop.bantam.ch\\\/de\\\/\",\"name\":\"Bantam\",\"description\":\"\",\"publisher\":{\"@id\":\"https:\\\/\\\/shop.bantam.ch\\\/de\\\/#organization\"},\"inLanguage\":\"de\"},{\"@type\":\"Organization\",\"@id\":\"https:\\\/\\\/shop.bantam.ch\\\/de\\\/#organization\",\"name\":\"Bantam\",\"url\":\"https:\\\/\\\/shop.bantam.ch\\\/de\\\/\",\"logo\":{\"@type\":\"ImageObject\",\"inLanguage\":\"de\",\"@id\":\"https:\\\/\\\/shop.bantam.ch\\\/de\\\/#\\\/schema\\\/logo\\\/image\\\/\",\"url\":\"https:\\\/\\\/shop.bantam.ch\\\/wp-content\\\/uploads\\\/2022\\\/12\\\/bantam-logo.png\",\"contentUrl\":\"https:\\\/\\\/shop.bantam.ch\\\/wp-content\\\/uploads\\\/2022\\\/12\\\/bantam-logo.png\",\"width\":320,\"height\":71,\"caption\":\"Bantam\"},\"image\":{\"@id\":\"https:\\\/\\\/shop.bantam.ch\\\/de\\\/#\\\/schema\\\/logo\\\/image\\\/\"}}]}<\/script>\n<!-- \/ Yoast SEO plugin. -->","yoast_head_json":{"title":"Stirnlampe silva Terra Scout H - Bantam","robots":{"index":"index","follow":"follow","max-snippet":"max-snippet:-1","max-image-preview":"max-image-preview:large","max-video-preview":"max-video-preview:-1"},"canonical":"https:\/\/shop.bantam.ch\/de\/produkt\/stirnlampe-silva-terra-scout-h\/","og_locale":"de_DE","og_type":"article","og_title":"Stirnlampe silva Terra Scout H - Bantam","og_description":"Terra Scout H besteht aus Hanf und recyceltem Kunststoff \u2013 eine nachhaltige, leichte und n\u00fctzliche Stirnlampe f\u00fcr deine t\u00e4glichen Outdoor-Abenteuer. Terra Scout H verf\u00fcgt \u00fcber 350 Lumen, Nachtsichtmodus, IPX5-Wasserdichtung, Batteriestandsanzeige und Hybrid-Technologie, was bedeutet, dass das Batteriefach sowohl mit der wiederaufladbaren Silva Hybrid-Batterie (1,25 Ah\/4,6 Wh) als auch mit Standard AAA-Batterien kompatibel ist. NACHHALTIGE MATERIALIEN [&hellip;]","og_url":"https:\/\/shop.bantam.ch\/de\/produkt\/stirnlampe-silva-terra-scout-h\/","og_site_name":"Bantam","article_modified_time":"2026-05-11T21:05:54+00:00","og_image":[{"width":640,"height":640,"url":"https:\/\/shop.bantam.ch\/wp-content\/uploads\/2024\/05\/Movera-L-9962094100.jpg","type":"image\/jpeg"}],"twitter_card":"summary_large_image","twitter_misc":{"Gesch\u00e4tzte Lesezeit":"2\u00a0Minuten"},"schema":{"@context":"https:\/\/schema.org","@graph":[{"@type":"WebPage","@id":"https:\/\/shop.bantam.ch\/de\/produkt\/stirnlampe-silva-terra-scout-h\/","url":"https:\/\/shop.bantam.ch\/de\/produkt\/stirnlampe-silva-terra-scout-h\/","name":"Stirnlampe silva Terra Scout H - Bantam","isPartOf":{"@id":"https:\/\/shop.bantam.ch\/de\/#website"},"primaryImageOfPage":{"@id":"https:\/\/shop.bantam.ch\/de\/produkt\/stirnlampe-silva-terra-scout-h\/#primaryimage"},"image":{"@id":"https:\/\/shop.bantam.ch\/de\/produkt\/stirnlampe-silva-terra-scout-h\/#primaryimage"},"thumbnailUrl":"https:\/\/shop.bantam.ch\/wp-content\/uploads\/2024\/09\/Movera-L-9962094100.jpg","datePublished":"2024-05-15T14:09:14+00:00","dateModified":"2026-05-11T21:05:54+00:00","breadcrumb":{"@id":"https:\/\/shop.bantam.ch\/de\/produkt\/stirnlampe-silva-terra-scout-h\/#breadcrumb"},"inLanguage":"de","potentialAction":[{"@type":"ReadAction","target":["https:\/\/shop.bantam.ch\/de\/produkt\/stirnlampe-silva-terra-scout-h\/"]}]},{"@type":"ImageObject","inLanguage":"de","@id":"https:\/\/shop.bantam.ch\/de\/produkt\/stirnlampe-silva-terra-scout-h\/#primaryimage","url":"https:\/\/shop.bantam.ch\/wp-content\/uploads\/2024\/09\/Movera-L-9962094100.jpg","contentUrl":"https:\/\/shop.bantam.ch\/wp-content\/uploads\/2024\/09\/Movera-L-9962094100.jpg","width":640,"height":640},{"@type":"BreadcrumbList","@id":"https:\/\/shop.bantam.ch\/de\/produkt\/stirnlampe-silva-terra-scout-h\/#breadcrumb","itemListElement":[{"@type":"ListItem","position":1,"name":"Accueil","item":"https:\/\/shop.bantam.ch\/de\/"},{"@type":"ListItem","position":2,"name":"Shop","item":"https:\/\/shop.bantam.ch\/de\/shop\/"},{"@type":"ListItem","position":3,"name":"Stirnlampe silva Terra Scout H"}]},{"@type":"WebSite","@id":"https:\/\/shop.bantam.ch\/de\/#website","url":"https:\/\/shop.bantam.ch\/de\/","name":"Bantam","description":"","publisher":{"@id":"https:\/\/shop.bantam.ch\/de\/#organization"},"inLanguage":"de"},{"@type":"Organization","@id":"https:\/\/shop.bantam.ch\/de\/#organization","name":"Bantam","url":"https:\/\/shop.bantam.ch\/de\/","logo":{"@type":"ImageObject","inLanguage":"de","@id":"https:\/\/shop.bantam.ch\/de\/#\/schema\/logo\/image\/","url":"https:\/\/shop.bantam.ch\/wp-content\/uploads\/2022\/12\/bantam-logo.png","contentUrl":"https:\/\/shop.bantam.ch\/wp-content\/uploads\/2022\/12\/bantam-logo.png","width":320,"height":71,"caption":"Bantam"},"image":{"@id":"https:\/\/shop.bantam.ch\/de\/#\/schema\/logo\/image\/"}}]}},"_links":{"self":[{"href":"https:\/\/shop.bantam.ch\/de\/wp-json\/wp\/v2\/product\/196850","targetHints":{"allow":["GET"]}}],"collection":[{"href":"https:\/\/shop.bantam.ch\/de\/wp-json\/wp\/v2\/product"}],"about":[{"href":"https:\/\/shop.bantam.ch\/de\/wp-json\/wp\/v2\/types\/product"}],"wp:featuredmedia":[{"embeddable":true,"href":"https:\/\/shop.bantam.ch\/de\/wp-json\/wp\/v2\/media\/207011"}],"wp:attachment":[{"href":"https:\/\/shop.bantam.ch\/de\/wp-json\/wp\/v2\/media?parent=196850"}],"wp:term":[{"taxonomy":"product_featured_cat","embeddable":true,"href":"https:\/\/shop.bantam.ch\/de\/wp-json\/wp\/v2\/product_featured_cat?post=196850"},{"taxonomy":"product_brand","embeddable":true,"href":"https:\/\/shop.bantam.ch\/de\/wp-json\/wp\/v2\/product_brand?post=196850"},{"taxonomy":"product_cat","embeddable":true,"href":"https:\/\/shop.bantam.ch\/de\/wp-json\/wp\/v2\/product_cat?post=196850"},{"taxonomy":"product_tag","embeddable":true,"href":"https:\/\/shop.bantam.ch\/de\/wp-json\/wp\/v2\/product_tag?post=196850"}],"curies":[{"name":"wp","href":"https:\/\/api.w.org\/{rel}","templated":true}]}}