{"id":196838,"date":"2024-05-15T16:09:06","date_gmt":"2024-05-15T14:09:06","guid":{"rendered":"https:\/\/shop.bantam.ch\/produit\/stirnlampe-silva-explore-4rc\/"},"modified":"2026-05-10T23:07:43","modified_gmt":"2026-05-10T21:07:43","slug":"stirnlampe-silva-explore-4rc","status":"publish","type":"product","link":"https:\/\/shop.bantam.ch\/de\/produkt\/stirnlampe-silva-explore-4rc\/","title":{"rendered":"Stirnlampe silva Explore 4RC"},"content":{"rendered":"<p>Explore 4RC ist eine langlebige und vollst\u00e4ndig wasserdichte Stirnlampe, die sich perfekt f\u00fcr Outdoor-Aktivit\u00e4ten an Land und zu Wasser eignet. Der Explore 4RC verf\u00fcgt \u00fcber eine Helligkeit von 400 Lumen und einen integrierten, wiederaufladbaren LiPo-700-mAh-Akku mit USB-Aufladung. Dar\u00fcber hinaus verf\u00fcgt es \u00fcber flexible Befestigungsm\u00f6glichkeiten, drei verschiedene LED-Farben (wei\u00df, orange und rot) und ein SOS-Blinksignal im Notfall. Explore ist einfach ein zuverl\u00e4ssiger Begleiter bei N\u00e4sse und Trockenheit.<\/p>\n<p>WICHTIGE LICHTFUNKTIONEN<br \/>\nGenie\u00dfen Sie Outdoor-Aktivit\u00e4ten wie Wandern, Klettern oder Alpinismus? Oder Kajakfahren oder Segeln? Dann ist dies die Stirnlampe f\u00fcr Sie. Explore 4RC verf\u00fcgt \u00fcber drei verschiedene LED-Farben; Wei\u00df, Rot und Orange, die alle unterschiedliche Funktionen erf\u00fcllen. Das wei\u00dfe Licht hat eine Helligkeit von 400 Lumen und eignet sich f\u00fcr die meisten Aktivit\u00e4ten, bei denen Sie sehen m\u00f6chten, was sich um Sie herum befindet. Das rote Licht schont die Augen, bewahrt die Nachtsicht und eignet sich perfekt, wenn Sie nachts aufstehen m\u00fcssen und andere nicht st\u00f6ren m\u00f6chten, beispielsweise wenn Sie in Bergh\u00fctten oder in Zelten leben. Das orangefarbene Licht ist ideal zum Kartenlesen, da es auch rote Markierungen hervorhebt, beispielsweise bei der Navigation auf See.<br \/>\nDie Explore-Lampen verf\u00fcgen \u00fcber 400 Lumen Helligkeit und drei verschiedene Lichtmodi, einer davon ist ein sogenannter \u201eSuper-Low-Modus\u201c, bei dem die Stirnlampe nur mit 10 Lumen leuchtet. Dieser Lichtmodus bietet die M\u00f6glichkeit, Akkulaufzeit zu sparen, eignet sich aber auch perfekt zum Lesen oder wenn Sie mit der Stirnlampe an etwas aus der N\u00e4he arbeiten m\u00f6chten. Wenn Sie eine gem\u00fctliche Zeltlampe oder Bootslampe w\u00fcnschen, k\u00f6nnen Sie die Stirnlampe in der mitgelieferten Aufbewahrungstasche verstauen und erhalten so eine ged\u00e4mpfte, gem\u00fctliche Beleuchtung. Wenn Sie auf der Suche nach Abenteuern sind \u2013 sei es gem\u00fctliches Wandern, Segeln, Paddeln oder aufregendes Klettern \u2013 k\u00f6nnen Sie sich darauf verlassen, dass Ihnen diese Stirnlampe den Weg weist.<br \/>\nSollte es zu einem Unfall kommen, verf\u00fcgt Explore \u00fcber ein integriertes SOS-Blinklicht, das \u00fcber die Ein-\/Aus-Taste aktiviert wird. Dieses Signal ist der internationale Standard f\u00fcr Not und Hilfe.<\/p>\n<p>WASSERDICHT UND FLEXIBEL<br \/>\nExplore wurde f\u00fcr alle entwickelt, die Abenteuer lieben, sowohl an Land als auch auf dem Wasser. Sie sind 100 % wasserdicht gem\u00e4\u00df IPX7-Standard, was bedeutet, dass die Stirnlampe, wenn Sie sie ins Wasser fallen lassen, bis zu 30 Minuten im Wasser in einer Tiefe von 1 Meter h\u00e4lt. Damit ist es auch bei Wasseraktivit\u00e4ten wie Fliegenfischen, Kajakfahren, SUP oder Segeln ein besonders sicherer Abenteuerbegleiter.<\/p>\n<p>Mit der mitgelieferten G\u00fcrtel-\/Helmhalterung k\u00f6nnen Sie die Lichteinheit vom Stirnband entfernen und an einem Helm, G\u00fcrtel oder Ihrem Rucksack befestigen.<br \/>\nW\u00e4hlen Sie die Explore 4RC, wenn Sie die Stirnlampe h\u00e4ufig verwenden m\u00f6chten und eine Stirnlampe mit wiederaufladbarem Akku w\u00fcnschen.<\/p>\n<p>Eigenschaften:<br \/>\nMax-Modus: 400 lm \/ 2 h 30 min Brenndauer \/ 85 m&nbsp;&nbsp;Leuchtweite<br \/>\nMit-Modus: 200 lm \/ 3 h 30 min Brenndauer \/ 80 m&nbsp;&nbsp;Leuchtweite<br \/>\nMin-Modus: 10 lm \/ 15 h Brenndauer \/ 8 m&nbsp;&nbsp;Leuchtweite<\/p>\n<p>Lieferumfang:<br \/>\nInklusive Stirnlampe<br \/>\nKopfband<br \/>\nAufbewahrungstasche<br \/>\nHelmhalterung<br \/>\n3M-Kleber<br \/>\nUSB-Ladekabel<br \/>\nKurzanleitung<\/p>\n","protected":false},"excerpt":{"rendered":"<p>Explore 4RC ist eine langlebige und vollst\u00e4ndig wasserdichte Stirnlampe, die sich perfekt f\u00fcr Outdoor-Aktivit\u00e4ten an Land und zu Wasser eignet. Der Explore 4RC verf\u00fcgt \u00fcber eine Helligkeit von 400 Lumen und einen integrierten, wiederaufladbaren LiPo-700-mAh-Akku mit USB-Aufladung. Dar\u00fcber hinaus verf\u00fcgt es \u00fcber flexible Befestigungsm\u00f6glichkeiten, drei verschiedene LED-Farben (wei\u00df, orange und rot) und ein SOS-Blinksignal im [&hellip;]<\/p>\n","protected":false},"featured_media":207009,"template":"","meta":{"_acf_changed":false},"product_featured_cat":[],"product_brand":[5240],"product_cat":[4374],"product_tag":[],"class_list":{"0":"post-196838","1":"product","2":"type-product","3":"status-publish","4":"has-post-thumbnail","6":"product_brand-silva-de","7":"product_cat-stirnlampen","9":"first","10":"instock","11":"taxable","12":"shipping-taxable","13":"purchasable","14":"product-type-simple"},"acf":[],"yoast_head":"<!-- This site is optimized with the Yoast SEO plugin v27.5 - https:\/\/yoast.com\/product\/yoast-seo-wordpress\/ -->\n<title>Stirnlampe silva Explore 4RC - Bantam<\/title>\n<meta name=\"robots\" content=\"index, follow, max-snippet:-1, max-image-preview:large, max-video-preview:-1\" \/>\n<link rel=\"canonical\" href=\"https:\/\/shop.bantam.ch\/de\/produkt\/stirnlampe-silva-explore-4rc\/\" \/>\n<meta property=\"og:locale\" content=\"de_DE\" \/>\n<meta property=\"og:type\" content=\"article\" \/>\n<meta property=\"og:title\" content=\"Stirnlampe silva Explore 4RC - Bantam\" \/>\n<meta property=\"og:description\" content=\"Explore 4RC ist eine langlebige und vollst\u00e4ndig wasserdichte Stirnlampe, die sich perfekt f\u00fcr Outdoor-Aktivit\u00e4ten an Land und zu Wasser eignet. Der Explore 4RC verf\u00fcgt \u00fcber eine Helligkeit von 400 Lumen und einen integrierten, wiederaufladbaren LiPo-700-mAh-Akku mit USB-Aufladung. Dar\u00fcber hinaus verf\u00fcgt es \u00fcber flexible Befestigungsm\u00f6glichkeiten, drei verschiedene LED-Farben (wei\u00df, orange und rot) und ein SOS-Blinksignal im [&hellip;]\" \/>\n<meta property=\"og:url\" content=\"https:\/\/shop.bantam.ch\/de\/produkt\/stirnlampe-silva-explore-4rc\/\" \/>\n<meta property=\"og:site_name\" content=\"Bantam\" \/>\n<meta property=\"article:modified_time\" content=\"2026-05-10T21:07:43+00:00\" \/>\n<meta property=\"og:image\" content=\"https:\/\/shop.bantam.ch\/wp-content\/uploads\/2024\/05\/Movera-L-9962093100.jpg\" \/>\n\t<meta property=\"og:image:width\" content=\"640\" \/>\n\t<meta property=\"og:image:height\" content=\"640\" \/>\n\t<meta property=\"og:image:type\" content=\"image\/jpeg\" \/>\n<meta name=\"twitter:card\" content=\"summary_large_image\" \/>\n<meta name=\"twitter:label1\" content=\"Gesch\u00e4tzte Lesezeit\" \/>\n\t<meta name=\"twitter:data1\" content=\"2\u00a0Minuten\" \/>\n<script type=\"application\/ld+json\" class=\"yoast-schema-graph\">{\"@context\":\"https:\\\/\\\/schema.org\",\"@graph\":[{\"@type\":\"WebPage\",\"@id\":\"https:\\\/\\\/shop.bantam.ch\\\/de\\\/produkt\\\/stirnlampe-silva-explore-4rc\\\/\",\"url\":\"https:\\\/\\\/shop.bantam.ch\\\/de\\\/produkt\\\/stirnlampe-silva-explore-4rc\\\/\",\"name\":\"Stirnlampe silva Explore 4RC - Bantam\",\"isPartOf\":{\"@id\":\"https:\\\/\\\/shop.bantam.ch\\\/de\\\/#website\"},\"primaryImageOfPage\":{\"@id\":\"https:\\\/\\\/shop.bantam.ch\\\/de\\\/produkt\\\/stirnlampe-silva-explore-4rc\\\/#primaryimage\"},\"image\":{\"@id\":\"https:\\\/\\\/shop.bantam.ch\\\/de\\\/produkt\\\/stirnlampe-silva-explore-4rc\\\/#primaryimage\"},\"thumbnailUrl\":\"https:\\\/\\\/shop.bantam.ch\\\/wp-content\\\/uploads\\\/2024\\\/09\\\/Movera-L-9962093100.jpg\",\"datePublished\":\"2024-05-15T14:09:06+00:00\",\"dateModified\":\"2026-05-10T21:07:43+00:00\",\"breadcrumb\":{\"@id\":\"https:\\\/\\\/shop.bantam.ch\\\/de\\\/produkt\\\/stirnlampe-silva-explore-4rc\\\/#breadcrumb\"},\"inLanguage\":\"de\",\"potentialAction\":[{\"@type\":\"ReadAction\",\"target\":[\"https:\\\/\\\/shop.bantam.ch\\\/de\\\/produkt\\\/stirnlampe-silva-explore-4rc\\\/\"]}]},{\"@type\":\"ImageObject\",\"inLanguage\":\"de\",\"@id\":\"https:\\\/\\\/shop.bantam.ch\\\/de\\\/produkt\\\/stirnlampe-silva-explore-4rc\\\/#primaryimage\",\"url\":\"https:\\\/\\\/shop.bantam.ch\\\/wp-content\\\/uploads\\\/2024\\\/09\\\/Movera-L-9962093100.jpg\",\"contentUrl\":\"https:\\\/\\\/shop.bantam.ch\\\/wp-content\\\/uploads\\\/2024\\\/09\\\/Movera-L-9962093100.jpg\",\"width\":640,\"height\":640},{\"@type\":\"BreadcrumbList\",\"@id\":\"https:\\\/\\\/shop.bantam.ch\\\/de\\\/produkt\\\/stirnlampe-silva-explore-4rc\\\/#breadcrumb\",\"itemListElement\":[{\"@type\":\"ListItem\",\"position\":1,\"name\":\"Accueil\",\"item\":\"https:\\\/\\\/shop.bantam.ch\\\/de\\\/\"},{\"@type\":\"ListItem\",\"position\":2,\"name\":\"Shop\",\"item\":\"https:\\\/\\\/shop.bantam.ch\\\/de\\\/shop\\\/\"},{\"@type\":\"ListItem\",\"position\":3,\"name\":\"Stirnlampe silva Explore 4RC\"}]},{\"@type\":\"WebSite\",\"@id\":\"https:\\\/\\\/shop.bantam.ch\\\/de\\\/#website\",\"url\":\"https:\\\/\\\/shop.bantam.ch\\\/de\\\/\",\"name\":\"Bantam\",\"description\":\"\",\"publisher\":{\"@id\":\"https:\\\/\\\/shop.bantam.ch\\\/de\\\/#organization\"},\"inLanguage\":\"de\"},{\"@type\":\"Organization\",\"@id\":\"https:\\\/\\\/shop.bantam.ch\\\/de\\\/#organization\",\"name\":\"Bantam\",\"url\":\"https:\\\/\\\/shop.bantam.ch\\\/de\\\/\",\"logo\":{\"@type\":\"ImageObject\",\"inLanguage\":\"de\",\"@id\":\"https:\\\/\\\/shop.bantam.ch\\\/de\\\/#\\\/schema\\\/logo\\\/image\\\/\",\"url\":\"https:\\\/\\\/shop.bantam.ch\\\/wp-content\\\/uploads\\\/2022\\\/12\\\/bantam-logo.png\",\"contentUrl\":\"https:\\\/\\\/shop.bantam.ch\\\/wp-content\\\/uploads\\\/2022\\\/12\\\/bantam-logo.png\",\"width\":320,\"height\":71,\"caption\":\"Bantam\"},\"image\":{\"@id\":\"https:\\\/\\\/shop.bantam.ch\\\/de\\\/#\\\/schema\\\/logo\\\/image\\\/\"}}]}<\/script>\n<!-- \/ Yoast SEO plugin. -->","yoast_head_json":{"title":"Stirnlampe silva Explore 4RC - Bantam","robots":{"index":"index","follow":"follow","max-snippet":"max-snippet:-1","max-image-preview":"max-image-preview:large","max-video-preview":"max-video-preview:-1"},"canonical":"https:\/\/shop.bantam.ch\/de\/produkt\/stirnlampe-silva-explore-4rc\/","og_locale":"de_DE","og_type":"article","og_title":"Stirnlampe silva Explore 4RC - Bantam","og_description":"Explore 4RC ist eine langlebige und vollst\u00e4ndig wasserdichte Stirnlampe, die sich perfekt f\u00fcr Outdoor-Aktivit\u00e4ten an Land und zu Wasser eignet. Der Explore 4RC verf\u00fcgt \u00fcber eine Helligkeit von 400 Lumen und einen integrierten, wiederaufladbaren LiPo-700-mAh-Akku mit USB-Aufladung. Dar\u00fcber hinaus verf\u00fcgt es \u00fcber flexible Befestigungsm\u00f6glichkeiten, drei verschiedene LED-Farben (wei\u00df, orange und rot) und ein SOS-Blinksignal im [&hellip;]","og_url":"https:\/\/shop.bantam.ch\/de\/produkt\/stirnlampe-silva-explore-4rc\/","og_site_name":"Bantam","article_modified_time":"2026-05-10T21:07:43+00:00","og_image":[{"width":640,"height":640,"url":"https:\/\/shop.bantam.ch\/wp-content\/uploads\/2024\/05\/Movera-L-9962093100.jpg","type":"image\/jpeg"}],"twitter_card":"summary_large_image","twitter_misc":{"Gesch\u00e4tzte Lesezeit":"2\u00a0Minuten"},"schema":{"@context":"https:\/\/schema.org","@graph":[{"@type":"WebPage","@id":"https:\/\/shop.bantam.ch\/de\/produkt\/stirnlampe-silva-explore-4rc\/","url":"https:\/\/shop.bantam.ch\/de\/produkt\/stirnlampe-silva-explore-4rc\/","name":"Stirnlampe silva Explore 4RC - Bantam","isPartOf":{"@id":"https:\/\/shop.bantam.ch\/de\/#website"},"primaryImageOfPage":{"@id":"https:\/\/shop.bantam.ch\/de\/produkt\/stirnlampe-silva-explore-4rc\/#primaryimage"},"image":{"@id":"https:\/\/shop.bantam.ch\/de\/produkt\/stirnlampe-silva-explore-4rc\/#primaryimage"},"thumbnailUrl":"https:\/\/shop.bantam.ch\/wp-content\/uploads\/2024\/09\/Movera-L-9962093100.jpg","datePublished":"2024-05-15T14:09:06+00:00","dateModified":"2026-05-10T21:07:43+00:00","breadcrumb":{"@id":"https:\/\/shop.bantam.ch\/de\/produkt\/stirnlampe-silva-explore-4rc\/#breadcrumb"},"inLanguage":"de","potentialAction":[{"@type":"ReadAction","target":["https:\/\/shop.bantam.ch\/de\/produkt\/stirnlampe-silva-explore-4rc\/"]}]},{"@type":"ImageObject","inLanguage":"de","@id":"https:\/\/shop.bantam.ch\/de\/produkt\/stirnlampe-silva-explore-4rc\/#primaryimage","url":"https:\/\/shop.bantam.ch\/wp-content\/uploads\/2024\/09\/Movera-L-9962093100.jpg","contentUrl":"https:\/\/shop.bantam.ch\/wp-content\/uploads\/2024\/09\/Movera-L-9962093100.jpg","width":640,"height":640},{"@type":"BreadcrumbList","@id":"https:\/\/shop.bantam.ch\/de\/produkt\/stirnlampe-silva-explore-4rc\/#breadcrumb","itemListElement":[{"@type":"ListItem","position":1,"name":"Accueil","item":"https:\/\/shop.bantam.ch\/de\/"},{"@type":"ListItem","position":2,"name":"Shop","item":"https:\/\/shop.bantam.ch\/de\/shop\/"},{"@type":"ListItem","position":3,"name":"Stirnlampe silva Explore 4RC"}]},{"@type":"WebSite","@id":"https:\/\/shop.bantam.ch\/de\/#website","url":"https:\/\/shop.bantam.ch\/de\/","name":"Bantam","description":"","publisher":{"@id":"https:\/\/shop.bantam.ch\/de\/#organization"},"inLanguage":"de"},{"@type":"Organization","@id":"https:\/\/shop.bantam.ch\/de\/#organization","name":"Bantam","url":"https:\/\/shop.bantam.ch\/de\/","logo":{"@type":"ImageObject","inLanguage":"de","@id":"https:\/\/shop.bantam.ch\/de\/#\/schema\/logo\/image\/","url":"https:\/\/shop.bantam.ch\/wp-content\/uploads\/2022\/12\/bantam-logo.png","contentUrl":"https:\/\/shop.bantam.ch\/wp-content\/uploads\/2022\/12\/bantam-logo.png","width":320,"height":71,"caption":"Bantam"},"image":{"@id":"https:\/\/shop.bantam.ch\/de\/#\/schema\/logo\/image\/"}}]}},"_links":{"self":[{"href":"https:\/\/shop.bantam.ch\/de\/wp-json\/wp\/v2\/product\/196838","targetHints":{"allow":["GET"]}}],"collection":[{"href":"https:\/\/shop.bantam.ch\/de\/wp-json\/wp\/v2\/product"}],"about":[{"href":"https:\/\/shop.bantam.ch\/de\/wp-json\/wp\/v2\/types\/product"}],"wp:featuredmedia":[{"embeddable":true,"href":"https:\/\/shop.bantam.ch\/de\/wp-json\/wp\/v2\/media\/207009"}],"wp:attachment":[{"href":"https:\/\/shop.bantam.ch\/de\/wp-json\/wp\/v2\/media?parent=196838"}],"wp:term":[{"taxonomy":"product_featured_cat","embeddable":true,"href":"https:\/\/shop.bantam.ch\/de\/wp-json\/wp\/v2\/product_featured_cat?post=196838"},{"taxonomy":"product_brand","embeddable":true,"href":"https:\/\/shop.bantam.ch\/de\/wp-json\/wp\/v2\/product_brand?post=196838"},{"taxonomy":"product_cat","embeddable":true,"href":"https:\/\/shop.bantam.ch\/de\/wp-json\/wp\/v2\/product_cat?post=196838"},{"taxonomy":"product_tag","embeddable":true,"href":"https:\/\/shop.bantam.ch\/de\/wp-json\/wp\/v2\/product_tag?post=196838"}],"curies":[{"name":"wp","href":"https:\/\/api.w.org\/{rel}","templated":true}]}}