{"id":196820,"date":"2024-05-15T16:08:32","date_gmt":"2024-05-15T14:08:32","guid":{"rendered":"https:\/\/shop.bantam.ch\/produit\/beinauflage-uquip-finley\/"},"modified":"2026-04-19T01:13:10","modified_gmt":"2026-04-18T23:13:10","slug":"beinauflage-uquip-finley","status":"publish","type":"product","link":"https:\/\/shop.bantam.ch\/de\/produkt\/beinauflage-uquip-finley\/","title":{"rendered":"Beinauflage uquip Finley"},"content":{"rendered":"<p>Pr\u00e4sentieren Ihnen stolz unseren neuesten Zuwachs: Finley. Mit einem Gewicht von nur 3 kg und einem \u00e4u\u00dferst kompakten Packma\u00df avanciert er zu Ihrem besten Freund beim Camping. Ob als verl\u00e4ssliche Fu\u00dfablage oder praktischer Hocker, Finley beweist seine Vielseitigkeit in jeder Situation. Machen Sie es sich \u00fcberall bequem \u2013 am Lagerfeuer, am Strand oder sogar in den eigenen vier W\u00e4nden. Mit Finley wird jedes Abenteuer noch komfortabler.<\/p>\n<p>Material:<br \/>\nBezug: 100 % Polyester<br \/>\nGestell: Stahl<\/p>\n","protected":false},"excerpt":{"rendered":"<p>Pr\u00e4sentieren Ihnen stolz unseren neuesten Zuwachs: Finley. Mit einem Gewicht von nur 3 kg und einem \u00e4u\u00dferst kompakten Packma\u00df avanciert er zu Ihrem besten Freund beim Camping. Ob als verl\u00e4ssliche Fu\u00dfablage oder praktischer Hocker, Finley beweist seine Vielseitigkeit in jeder Situation. Machen Sie es sich \u00fcberall bequem \u2013 am Lagerfeuer, am Strand oder sogar in [&hellip;]<\/p>\n","protected":false},"featured_media":196816,"template":"","meta":{"_acf_changed":false},"product_featured_cat":[5190],"product_brand":[3441],"product_cat":[4974],"product_tag":[],"class_list":{"0":"post-196820","1":"product","2":"type-product","3":"status-publish","4":"has-post-thumbnail","6":"product_featured_cat-nationalfeiertag","7":"product_brand-uquip-de","8":"product_cat-beinauflagen","10":"first","11":"instock","12":"taxable","13":"shipping-taxable","14":"purchasable","15":"product-type-variable"},"acf":[],"yoast_head":"<!-- This site is optimized with the Yoast SEO plugin v27.4 - https:\/\/yoast.com\/product\/yoast-seo-wordpress\/ -->\n<title>Beinauflage uquip Finley - Bantam Camping AG<\/title>\n<meta name=\"robots\" content=\"index, follow, max-snippet:-1, max-image-preview:large, max-video-preview:-1\" \/>\n<link rel=\"canonical\" href=\"https:\/\/shop.bantam.ch\/de\/produkt\/beinauflage-uquip-finley\/\" \/>\n<meta property=\"og:locale\" content=\"de_DE\" \/>\n<meta property=\"og:type\" content=\"article\" \/>\n<meta property=\"og:title\" content=\"Beinauflage uquip Finley - Bantam Camping AG\" \/>\n<meta property=\"og:description\" content=\"Pr\u00e4sentieren Ihnen stolz unseren neuesten Zuwachs: Finley. Mit einem Gewicht von nur 3 kg und einem \u00e4u\u00dferst kompakten Packma\u00df avanciert er zu Ihrem besten Freund beim Camping. Ob als verl\u00e4ssliche Fu\u00dfablage oder praktischer Hocker, Finley beweist seine Vielseitigkeit in jeder Situation. Machen Sie es sich \u00fcberall bequem \u2013 am Lagerfeuer, am Strand oder sogar in [&hellip;]\" \/>\n<meta property=\"og:url\" content=\"https:\/\/shop.bantam.ch\/de\/produkt\/beinauflage-uquip-finley\/\" \/>\n<meta property=\"og:site_name\" content=\"Bantam Camping AG\" \/>\n<meta property=\"article:modified_time\" content=\"2026-04-18T23:13:10+00:00\" \/>\n<meta property=\"og:image\" content=\"https:\/\/shop.bantam.ch\/wp-content\/uploads\/2024\/05\/Movera-L-9962078100.jpg\" \/>\n\t<meta property=\"og:image:width\" content=\"640\" \/>\n\t<meta property=\"og:image:height\" content=\"359\" \/>\n\t<meta property=\"og:image:type\" content=\"image\/jpeg\" \/>\n<meta name=\"twitter:card\" content=\"summary_large_image\" \/>\n<script type=\"application\/ld+json\" class=\"yoast-schema-graph\">{\"@context\":\"https:\\\/\\\/schema.org\",\"@graph\":[{\"@type\":\"WebPage\",\"@id\":\"https:\\\/\\\/shop.bantam.ch\\\/de\\\/produkt\\\/beinauflage-uquip-finley\\\/\",\"url\":\"https:\\\/\\\/shop.bantam.ch\\\/de\\\/produkt\\\/beinauflage-uquip-finley\\\/\",\"name\":\"Beinauflage uquip Finley - Bantam Camping AG\",\"isPartOf\":{\"@id\":\"https:\\\/\\\/shop.bantam.ch\\\/de\\\/#website\"},\"primaryImageOfPage\":{\"@id\":\"https:\\\/\\\/shop.bantam.ch\\\/de\\\/produkt\\\/beinauflage-uquip-finley\\\/#primaryimage\"},\"image\":{\"@id\":\"https:\\\/\\\/shop.bantam.ch\\\/de\\\/produkt\\\/beinauflage-uquip-finley\\\/#primaryimage\"},\"thumbnailUrl\":\"https:\\\/\\\/shop.bantam.ch\\\/wp-content\\\/uploads\\\/2024\\\/05\\\/Movera-L-9962078100.jpg\",\"datePublished\":\"2024-05-15T14:08:32+00:00\",\"dateModified\":\"2026-04-18T23:13:10+00:00\",\"breadcrumb\":{\"@id\":\"https:\\\/\\\/shop.bantam.ch\\\/de\\\/produkt\\\/beinauflage-uquip-finley\\\/#breadcrumb\"},\"inLanguage\":\"de\",\"potentialAction\":[{\"@type\":\"ReadAction\",\"target\":[\"https:\\\/\\\/shop.bantam.ch\\\/de\\\/produkt\\\/beinauflage-uquip-finley\\\/\"]}]},{\"@type\":\"ImageObject\",\"inLanguage\":\"de\",\"@id\":\"https:\\\/\\\/shop.bantam.ch\\\/de\\\/produkt\\\/beinauflage-uquip-finley\\\/#primaryimage\",\"url\":\"https:\\\/\\\/shop.bantam.ch\\\/wp-content\\\/uploads\\\/2024\\\/05\\\/Movera-L-9962078100.jpg\",\"contentUrl\":\"https:\\\/\\\/shop.bantam.ch\\\/wp-content\\\/uploads\\\/2024\\\/05\\\/Movera-L-9962078100.jpg\",\"width\":640,\"height\":359},{\"@type\":\"BreadcrumbList\",\"@id\":\"https:\\\/\\\/shop.bantam.ch\\\/de\\\/produkt\\\/beinauflage-uquip-finley\\\/#breadcrumb\",\"itemListElement\":[{\"@type\":\"ListItem\",\"position\":1,\"name\":\"Accueil\",\"item\":\"https:\\\/\\\/shop.bantam.ch\\\/de\\\/\"},{\"@type\":\"ListItem\",\"position\":2,\"name\":\"Shop\",\"item\":\"https:\\\/\\\/shop.bantam.ch\\\/de\\\/shop\\\/\"},{\"@type\":\"ListItem\",\"position\":3,\"name\":\"Beinauflage uquip Finley\"}]},{\"@type\":\"WebSite\",\"@id\":\"https:\\\/\\\/shop.bantam.ch\\\/de\\\/#website\",\"url\":\"https:\\\/\\\/shop.bantam.ch\\\/de\\\/\",\"name\":\"Bantam Camping AG\",\"description\":\"\",\"publisher\":{\"@id\":\"https:\\\/\\\/shop.bantam.ch\\\/de\\\/#organization\"},\"inLanguage\":\"de\"},{\"@type\":\"Organization\",\"@id\":\"https:\\\/\\\/shop.bantam.ch\\\/de\\\/#organization\",\"name\":\"Bantam Camping AG\",\"url\":\"https:\\\/\\\/shop.bantam.ch\\\/de\\\/\",\"logo\":{\"@type\":\"ImageObject\",\"inLanguage\":\"de\",\"@id\":\"https:\\\/\\\/shop.bantam.ch\\\/de\\\/#\\\/schema\\\/logo\\\/image\\\/\",\"url\":\"https:\\\/\\\/shop.bantam.ch\\\/wp-content\\\/uploads\\\/2022\\\/12\\\/bantam-logo.png\",\"contentUrl\":\"https:\\\/\\\/shop.bantam.ch\\\/wp-content\\\/uploads\\\/2022\\\/12\\\/bantam-logo.png\",\"width\":320,\"height\":71,\"caption\":\"Bantam Camping AG\"},\"image\":{\"@id\":\"https:\\\/\\\/shop.bantam.ch\\\/de\\\/#\\\/schema\\\/logo\\\/image\\\/\"}}]}<\/script>\n<!-- \/ Yoast SEO plugin. -->","yoast_head_json":{"title":"Beinauflage uquip Finley - Bantam Camping AG","robots":{"index":"index","follow":"follow","max-snippet":"max-snippet:-1","max-image-preview":"max-image-preview:large","max-video-preview":"max-video-preview:-1"},"canonical":"https:\/\/shop.bantam.ch\/de\/produkt\/beinauflage-uquip-finley\/","og_locale":"de_DE","og_type":"article","og_title":"Beinauflage uquip Finley - Bantam Camping AG","og_description":"Pr\u00e4sentieren Ihnen stolz unseren neuesten Zuwachs: Finley. Mit einem Gewicht von nur 3 kg und einem \u00e4u\u00dferst kompakten Packma\u00df avanciert er zu Ihrem besten Freund beim Camping. Ob als verl\u00e4ssliche Fu\u00dfablage oder praktischer Hocker, Finley beweist seine Vielseitigkeit in jeder Situation. Machen Sie es sich \u00fcberall bequem \u2013 am Lagerfeuer, am Strand oder sogar in [&hellip;]","og_url":"https:\/\/shop.bantam.ch\/de\/produkt\/beinauflage-uquip-finley\/","og_site_name":"Bantam Camping AG","article_modified_time":"2026-04-18T23:13:10+00:00","og_image":[{"width":640,"height":359,"url":"https:\/\/shop.bantam.ch\/wp-content\/uploads\/2024\/05\/Movera-L-9962078100.jpg","type":"image\/jpeg"}],"twitter_card":"summary_large_image","schema":{"@context":"https:\/\/schema.org","@graph":[{"@type":"WebPage","@id":"https:\/\/shop.bantam.ch\/de\/produkt\/beinauflage-uquip-finley\/","url":"https:\/\/shop.bantam.ch\/de\/produkt\/beinauflage-uquip-finley\/","name":"Beinauflage uquip Finley - Bantam Camping AG","isPartOf":{"@id":"https:\/\/shop.bantam.ch\/de\/#website"},"primaryImageOfPage":{"@id":"https:\/\/shop.bantam.ch\/de\/produkt\/beinauflage-uquip-finley\/#primaryimage"},"image":{"@id":"https:\/\/shop.bantam.ch\/de\/produkt\/beinauflage-uquip-finley\/#primaryimage"},"thumbnailUrl":"https:\/\/shop.bantam.ch\/wp-content\/uploads\/2024\/05\/Movera-L-9962078100.jpg","datePublished":"2024-05-15T14:08:32+00:00","dateModified":"2026-04-18T23:13:10+00:00","breadcrumb":{"@id":"https:\/\/shop.bantam.ch\/de\/produkt\/beinauflage-uquip-finley\/#breadcrumb"},"inLanguage":"de","potentialAction":[{"@type":"ReadAction","target":["https:\/\/shop.bantam.ch\/de\/produkt\/beinauflage-uquip-finley\/"]}]},{"@type":"ImageObject","inLanguage":"de","@id":"https:\/\/shop.bantam.ch\/de\/produkt\/beinauflage-uquip-finley\/#primaryimage","url":"https:\/\/shop.bantam.ch\/wp-content\/uploads\/2024\/05\/Movera-L-9962078100.jpg","contentUrl":"https:\/\/shop.bantam.ch\/wp-content\/uploads\/2024\/05\/Movera-L-9962078100.jpg","width":640,"height":359},{"@type":"BreadcrumbList","@id":"https:\/\/shop.bantam.ch\/de\/produkt\/beinauflage-uquip-finley\/#breadcrumb","itemListElement":[{"@type":"ListItem","position":1,"name":"Accueil","item":"https:\/\/shop.bantam.ch\/de\/"},{"@type":"ListItem","position":2,"name":"Shop","item":"https:\/\/shop.bantam.ch\/de\/shop\/"},{"@type":"ListItem","position":3,"name":"Beinauflage uquip Finley"}]},{"@type":"WebSite","@id":"https:\/\/shop.bantam.ch\/de\/#website","url":"https:\/\/shop.bantam.ch\/de\/","name":"Bantam Camping AG","description":"","publisher":{"@id":"https:\/\/shop.bantam.ch\/de\/#organization"},"inLanguage":"de"},{"@type":"Organization","@id":"https:\/\/shop.bantam.ch\/de\/#organization","name":"Bantam Camping AG","url":"https:\/\/shop.bantam.ch\/de\/","logo":{"@type":"ImageObject","inLanguage":"de","@id":"https:\/\/shop.bantam.ch\/de\/#\/schema\/logo\/image\/","url":"https:\/\/shop.bantam.ch\/wp-content\/uploads\/2022\/12\/bantam-logo.png","contentUrl":"https:\/\/shop.bantam.ch\/wp-content\/uploads\/2022\/12\/bantam-logo.png","width":320,"height":71,"caption":"Bantam Camping AG"},"image":{"@id":"https:\/\/shop.bantam.ch\/de\/#\/schema\/logo\/image\/"}}]}},"_links":{"self":[{"href":"https:\/\/shop.bantam.ch\/de\/wp-json\/wp\/v2\/product\/196820","targetHints":{"allow":["GET"]}}],"collection":[{"href":"https:\/\/shop.bantam.ch\/de\/wp-json\/wp\/v2\/product"}],"about":[{"href":"https:\/\/shop.bantam.ch\/de\/wp-json\/wp\/v2\/types\/product"}],"wp:featuredmedia":[{"embeddable":true,"href":"https:\/\/shop.bantam.ch\/de\/wp-json\/wp\/v2\/media\/196816"}],"wp:attachment":[{"href":"https:\/\/shop.bantam.ch\/de\/wp-json\/wp\/v2\/media?parent=196820"}],"wp:term":[{"taxonomy":"product_featured_cat","embeddable":true,"href":"https:\/\/shop.bantam.ch\/de\/wp-json\/wp\/v2\/product_featured_cat?post=196820"},{"taxonomy":"product_brand","embeddable":true,"href":"https:\/\/shop.bantam.ch\/de\/wp-json\/wp\/v2\/product_brand?post=196820"},{"taxonomy":"product_cat","embeddable":true,"href":"https:\/\/shop.bantam.ch\/de\/wp-json\/wp\/v2\/product_cat?post=196820"},{"taxonomy":"product_tag","embeddable":true,"href":"https:\/\/shop.bantam.ch\/de\/wp-json\/wp\/v2\/product_tag?post=196820"}],"curies":[{"name":"wp","href":"https:\/\/api.w.org\/{rel}","templated":true}]}}