{"id":196786,"date":"2024-05-15T16:07:34","date_gmt":"2024-05-15T14:07:34","guid":{"rendered":"https:\/\/shop.bantam.ch\/produit\/campingmatte-outwell-sleepin-single-30-cm\/"},"modified":"2026-04-19T23:13:55","modified_gmt":"2026-04-19T21:13:55","slug":"campingmatte-outwell-sleepin-single-30-cm","status":"publish","type":"product","link":"https:\/\/shop.bantam.ch\/de\/produkt\/campingmatte-outwell-sleepin-single-30-cm\/","title":{"rendered":"Campingmatte Outwell Sleepin Single 3,0 cm"},"content":{"rendered":"<p>Das Sleepin-Sortiment an leichten, selbstaufblasenden Matten bietet Optionen, die den Erwartungen von Reisemobilisten entsprechen, die ein kompaktes Design mit Komfort in voller Gr\u00f6\u00dfe suchen. Alle Matten bieten eine zuverl\u00e4ssige, langlebige Leistung und lassen sich auf der Stra\u00dfe und zu Hause in der mitgelieferten Tragetasche leicht transportieren.<\/p>\n<ul>\n<li>Flaches High-Flow-Ventil verbessert den Luftstrom<\/li>\n<li>PFC-frei<\/li>\n<\/ul>\n<p>Material:&nbsp;<\/p>\n<p>100 % Polyester<\/p>\n","protected":false},"excerpt":{"rendered":"<p>Das Sleepin-Sortiment an leichten, selbstaufblasenden Matten bietet Optionen, die den Erwartungen von Reisemobilisten entsprechen, die ein kompaktes Design mit Komfort in voller Gr\u00f6\u00dfe suchen. Alle Matten bieten eine zuverl\u00e4ssige, langlebige Leistung und lassen sich auf der Stra\u00dfe und zu Hause in der mitgelieferten Tragetasche leicht transportieren. Flaches High-Flow-Ventil verbessert den Luftstrom PFC-frei Material:&nbsp; 100 % [&hellip;]<\/p>\n","protected":false},"featured_media":207005,"template":"","meta":{"_acf_changed":false},"product_featured_cat":[],"product_brand":[3297],"product_cat":[4356],"product_tag":[],"class_list":{"0":"post-196786","1":"product","2":"type-product","3":"status-publish","4":"has-post-thumbnail","6":"product_brand-outwell-de","7":"product_cat-isomatten","9":"first","10":"instock","11":"taxable","12":"shipping-taxable","13":"purchasable","14":"product-type-simple"},"acf":[],"yoast_head":"<!-- This site is optimized with the Yoast SEO plugin v27.4 - https:\/\/yoast.com\/product\/yoast-seo-wordpress\/ -->\n<title>Campingmatte Outwell Sleepin Single 3,0 cm - Bantam Camping AG<\/title>\n<meta name=\"robots\" content=\"index, follow, max-snippet:-1, max-image-preview:large, max-video-preview:-1\" \/>\n<link rel=\"canonical\" href=\"https:\/\/shop.bantam.ch\/de\/produkt\/campingmatte-outwell-sleepin-single-30-cm\/\" \/>\n<meta property=\"og:locale\" content=\"de_DE\" \/>\n<meta property=\"og:type\" content=\"article\" \/>\n<meta property=\"og:title\" content=\"Campingmatte Outwell Sleepin Single 3,0 cm - Bantam Camping AG\" \/>\n<meta property=\"og:description\" content=\"Das Sleepin-Sortiment an leichten, selbstaufblasenden Matten bietet Optionen, die den Erwartungen von Reisemobilisten entsprechen, die ein kompaktes Design mit Komfort in voller Gr\u00f6\u00dfe suchen. Alle Matten bieten eine zuverl\u00e4ssige, langlebige Leistung und lassen sich auf der Stra\u00dfe und zu Hause in der mitgelieferten Tragetasche leicht transportieren. Flaches High-Flow-Ventil verbessert den Luftstrom PFC-frei Material:&nbsp; 100 % [&hellip;]\" \/>\n<meta property=\"og:url\" content=\"https:\/\/shop.bantam.ch\/de\/produkt\/campingmatte-outwell-sleepin-single-30-cm\/\" \/>\n<meta property=\"og:site_name\" content=\"Bantam Camping AG\" \/>\n<meta property=\"article:modified_time\" content=\"2026-04-19T21:13:55+00:00\" \/>\n<meta property=\"og:image\" content=\"https:\/\/shop.bantam.ch\/wp-content\/uploads\/2024\/05\/Movera-L-9962067100.jpg\" \/>\n\t<meta property=\"og:image:width\" content=\"640\" \/>\n\t<meta property=\"og:image:height\" content=\"360\" \/>\n\t<meta property=\"og:image:type\" content=\"image\/jpeg\" \/>\n<meta name=\"twitter:card\" content=\"summary_large_image\" \/>\n<script type=\"application\/ld+json\" class=\"yoast-schema-graph\">{\"@context\":\"https:\\\/\\\/schema.org\",\"@graph\":[{\"@type\":\"WebPage\",\"@id\":\"https:\\\/\\\/shop.bantam.ch\\\/de\\\/produkt\\\/campingmatte-outwell-sleepin-single-30-cm\\\/\",\"url\":\"https:\\\/\\\/shop.bantam.ch\\\/de\\\/produkt\\\/campingmatte-outwell-sleepin-single-30-cm\\\/\",\"name\":\"Campingmatte Outwell Sleepin Single 3,0 cm - Bantam Camping AG\",\"isPartOf\":{\"@id\":\"https:\\\/\\\/shop.bantam.ch\\\/de\\\/#website\"},\"primaryImageOfPage\":{\"@id\":\"https:\\\/\\\/shop.bantam.ch\\\/de\\\/produkt\\\/campingmatte-outwell-sleepin-single-30-cm\\\/#primaryimage\"},\"image\":{\"@id\":\"https:\\\/\\\/shop.bantam.ch\\\/de\\\/produkt\\\/campingmatte-outwell-sleepin-single-30-cm\\\/#primaryimage\"},\"thumbnailUrl\":\"https:\\\/\\\/shop.bantam.ch\\\/wp-content\\\/uploads\\\/2024\\\/09\\\/Movera-L-9962067100.jpg\",\"datePublished\":\"2024-05-15T14:07:34+00:00\",\"dateModified\":\"2026-04-19T21:13:55+00:00\",\"breadcrumb\":{\"@id\":\"https:\\\/\\\/shop.bantam.ch\\\/de\\\/produkt\\\/campingmatte-outwell-sleepin-single-30-cm\\\/#breadcrumb\"},\"inLanguage\":\"de\",\"potentialAction\":[{\"@type\":\"ReadAction\",\"target\":[\"https:\\\/\\\/shop.bantam.ch\\\/de\\\/produkt\\\/campingmatte-outwell-sleepin-single-30-cm\\\/\"]}]},{\"@type\":\"ImageObject\",\"inLanguage\":\"de\",\"@id\":\"https:\\\/\\\/shop.bantam.ch\\\/de\\\/produkt\\\/campingmatte-outwell-sleepin-single-30-cm\\\/#primaryimage\",\"url\":\"https:\\\/\\\/shop.bantam.ch\\\/wp-content\\\/uploads\\\/2024\\\/09\\\/Movera-L-9962067100.jpg\",\"contentUrl\":\"https:\\\/\\\/shop.bantam.ch\\\/wp-content\\\/uploads\\\/2024\\\/09\\\/Movera-L-9962067100.jpg\",\"width\":640,\"height\":360},{\"@type\":\"BreadcrumbList\",\"@id\":\"https:\\\/\\\/shop.bantam.ch\\\/de\\\/produkt\\\/campingmatte-outwell-sleepin-single-30-cm\\\/#breadcrumb\",\"itemListElement\":[{\"@type\":\"ListItem\",\"position\":1,\"name\":\"Accueil\",\"item\":\"https:\\\/\\\/shop.bantam.ch\\\/de\\\/\"},{\"@type\":\"ListItem\",\"position\":2,\"name\":\"Shop\",\"item\":\"https:\\\/\\\/shop.bantam.ch\\\/de\\\/shop\\\/\"},{\"@type\":\"ListItem\",\"position\":3,\"name\":\"Campingmatte Outwell Sleepin Single 3,0 cm\"}]},{\"@type\":\"WebSite\",\"@id\":\"https:\\\/\\\/shop.bantam.ch\\\/de\\\/#website\",\"url\":\"https:\\\/\\\/shop.bantam.ch\\\/de\\\/\",\"name\":\"Bantam Camping AG\",\"description\":\"\",\"publisher\":{\"@id\":\"https:\\\/\\\/shop.bantam.ch\\\/de\\\/#organization\"},\"inLanguage\":\"de\"},{\"@type\":\"Organization\",\"@id\":\"https:\\\/\\\/shop.bantam.ch\\\/de\\\/#organization\",\"name\":\"Bantam Camping AG\",\"url\":\"https:\\\/\\\/shop.bantam.ch\\\/de\\\/\",\"logo\":{\"@type\":\"ImageObject\",\"inLanguage\":\"de\",\"@id\":\"https:\\\/\\\/shop.bantam.ch\\\/de\\\/#\\\/schema\\\/logo\\\/image\\\/\",\"url\":\"https:\\\/\\\/shop.bantam.ch\\\/wp-content\\\/uploads\\\/2022\\\/12\\\/bantam-logo.png\",\"contentUrl\":\"https:\\\/\\\/shop.bantam.ch\\\/wp-content\\\/uploads\\\/2022\\\/12\\\/bantam-logo.png\",\"width\":320,\"height\":71,\"caption\":\"Bantam Camping AG\"},\"image\":{\"@id\":\"https:\\\/\\\/shop.bantam.ch\\\/de\\\/#\\\/schema\\\/logo\\\/image\\\/\"}}]}<\/script>\n<!-- \/ Yoast SEO plugin. -->","yoast_head_json":{"title":"Campingmatte Outwell Sleepin Single 3,0 cm - Bantam Camping AG","robots":{"index":"index","follow":"follow","max-snippet":"max-snippet:-1","max-image-preview":"max-image-preview:large","max-video-preview":"max-video-preview:-1"},"canonical":"https:\/\/shop.bantam.ch\/de\/produkt\/campingmatte-outwell-sleepin-single-30-cm\/","og_locale":"de_DE","og_type":"article","og_title":"Campingmatte Outwell Sleepin Single 3,0 cm - Bantam Camping AG","og_description":"Das Sleepin-Sortiment an leichten, selbstaufblasenden Matten bietet Optionen, die den Erwartungen von Reisemobilisten entsprechen, die ein kompaktes Design mit Komfort in voller Gr\u00f6\u00dfe suchen. Alle Matten bieten eine zuverl\u00e4ssige, langlebige Leistung und lassen sich auf der Stra\u00dfe und zu Hause in der mitgelieferten Tragetasche leicht transportieren. Flaches High-Flow-Ventil verbessert den Luftstrom PFC-frei Material:&nbsp; 100 % [&hellip;]","og_url":"https:\/\/shop.bantam.ch\/de\/produkt\/campingmatte-outwell-sleepin-single-30-cm\/","og_site_name":"Bantam Camping AG","article_modified_time":"2026-04-19T21:13:55+00:00","og_image":[{"width":640,"height":360,"url":"https:\/\/shop.bantam.ch\/wp-content\/uploads\/2024\/05\/Movera-L-9962067100.jpg","type":"image\/jpeg"}],"twitter_card":"summary_large_image","schema":{"@context":"https:\/\/schema.org","@graph":[{"@type":"WebPage","@id":"https:\/\/shop.bantam.ch\/de\/produkt\/campingmatte-outwell-sleepin-single-30-cm\/","url":"https:\/\/shop.bantam.ch\/de\/produkt\/campingmatte-outwell-sleepin-single-30-cm\/","name":"Campingmatte Outwell Sleepin Single 3,0 cm - Bantam Camping AG","isPartOf":{"@id":"https:\/\/shop.bantam.ch\/de\/#website"},"primaryImageOfPage":{"@id":"https:\/\/shop.bantam.ch\/de\/produkt\/campingmatte-outwell-sleepin-single-30-cm\/#primaryimage"},"image":{"@id":"https:\/\/shop.bantam.ch\/de\/produkt\/campingmatte-outwell-sleepin-single-30-cm\/#primaryimage"},"thumbnailUrl":"https:\/\/shop.bantam.ch\/wp-content\/uploads\/2024\/09\/Movera-L-9962067100.jpg","datePublished":"2024-05-15T14:07:34+00:00","dateModified":"2026-04-19T21:13:55+00:00","breadcrumb":{"@id":"https:\/\/shop.bantam.ch\/de\/produkt\/campingmatte-outwell-sleepin-single-30-cm\/#breadcrumb"},"inLanguage":"de","potentialAction":[{"@type":"ReadAction","target":["https:\/\/shop.bantam.ch\/de\/produkt\/campingmatte-outwell-sleepin-single-30-cm\/"]}]},{"@type":"ImageObject","inLanguage":"de","@id":"https:\/\/shop.bantam.ch\/de\/produkt\/campingmatte-outwell-sleepin-single-30-cm\/#primaryimage","url":"https:\/\/shop.bantam.ch\/wp-content\/uploads\/2024\/09\/Movera-L-9962067100.jpg","contentUrl":"https:\/\/shop.bantam.ch\/wp-content\/uploads\/2024\/09\/Movera-L-9962067100.jpg","width":640,"height":360},{"@type":"BreadcrumbList","@id":"https:\/\/shop.bantam.ch\/de\/produkt\/campingmatte-outwell-sleepin-single-30-cm\/#breadcrumb","itemListElement":[{"@type":"ListItem","position":1,"name":"Accueil","item":"https:\/\/shop.bantam.ch\/de\/"},{"@type":"ListItem","position":2,"name":"Shop","item":"https:\/\/shop.bantam.ch\/de\/shop\/"},{"@type":"ListItem","position":3,"name":"Campingmatte Outwell Sleepin Single 3,0 cm"}]},{"@type":"WebSite","@id":"https:\/\/shop.bantam.ch\/de\/#website","url":"https:\/\/shop.bantam.ch\/de\/","name":"Bantam Camping AG","description":"","publisher":{"@id":"https:\/\/shop.bantam.ch\/de\/#organization"},"inLanguage":"de"},{"@type":"Organization","@id":"https:\/\/shop.bantam.ch\/de\/#organization","name":"Bantam Camping AG","url":"https:\/\/shop.bantam.ch\/de\/","logo":{"@type":"ImageObject","inLanguage":"de","@id":"https:\/\/shop.bantam.ch\/de\/#\/schema\/logo\/image\/","url":"https:\/\/shop.bantam.ch\/wp-content\/uploads\/2022\/12\/bantam-logo.png","contentUrl":"https:\/\/shop.bantam.ch\/wp-content\/uploads\/2022\/12\/bantam-logo.png","width":320,"height":71,"caption":"Bantam Camping AG"},"image":{"@id":"https:\/\/shop.bantam.ch\/de\/#\/schema\/logo\/image\/"}}]}},"_links":{"self":[{"href":"https:\/\/shop.bantam.ch\/de\/wp-json\/wp\/v2\/product\/196786","targetHints":{"allow":["GET"]}}],"collection":[{"href":"https:\/\/shop.bantam.ch\/de\/wp-json\/wp\/v2\/product"}],"about":[{"href":"https:\/\/shop.bantam.ch\/de\/wp-json\/wp\/v2\/types\/product"}],"wp:featuredmedia":[{"embeddable":true,"href":"https:\/\/shop.bantam.ch\/de\/wp-json\/wp\/v2\/media\/207005"}],"wp:attachment":[{"href":"https:\/\/shop.bantam.ch\/de\/wp-json\/wp\/v2\/media?parent=196786"}],"wp:term":[{"taxonomy":"product_featured_cat","embeddable":true,"href":"https:\/\/shop.bantam.ch\/de\/wp-json\/wp\/v2\/product_featured_cat?post=196786"},{"taxonomy":"product_brand","embeddable":true,"href":"https:\/\/shop.bantam.ch\/de\/wp-json\/wp\/v2\/product_brand?post=196786"},{"taxonomy":"product_cat","embeddable":true,"href":"https:\/\/shop.bantam.ch\/de\/wp-json\/wp\/v2\/product_cat?post=196786"},{"taxonomy":"product_tag","embeddable":true,"href":"https:\/\/shop.bantam.ch\/de\/wp-json\/wp\/v2\/product_tag?post=196786"}],"curies":[{"name":"wp","href":"https:\/\/api.w.org\/{rel}","templated":true}]}}