{"id":196780,"date":"2024-05-15T16:07:28","date_gmt":"2024-05-15T14:07:28","guid":{"rendered":"https:\/\/shop.bantam.ch\/produit\/schlafsack-outwell-constellation-lux-double\/"},"modified":"2026-04-18T23:11:20","modified_gmt":"2026-04-18T21:11:20","slug":"schlafsack-outwell-constellation-lux-double","status":"publish","type":"product","link":"https:\/\/shop.bantam.ch\/de\/produkt\/schlafsack-outwell-constellation-lux-double\/","title":{"rendered":"Schlafsack Outwell Constellation Lux Double"},"content":{"rendered":"<p>Ein strapazierf\u00e4higes, ultraweiches, geb\u00fcrstetes Au\u00dfenmaterial, ein Futter aus 100 % Baumwolle und eine hochwertige Isofill-F\u00fcllung sorgen f\u00fcr besten Campingkomfort. Reichlich Platz und die M\u00f6glichkeit, den Rei\u00dfverschluss vollst\u00e4ndig zu \u00f6ffnen, um zwei Bettdecken zu bilden.<\/p>\n<ul>\n<li>Gesichtsschutz (Face Baffle)<\/li>\n<li>L\u00e4sst sich mit einem Rei\u00dfverschluss in zwei einzelne Taschen aufteilen (ohne Kapuze)<\/li>\n<li>L\u00e4sst sich vollst\u00e4ndig als zwei Bettdecken \u00f6ffnen<\/li>\n<li>Quadratischer Packsack mit Kompressionsm\u00f6glichkeit<\/li>\n<li>Abzippbare Kapuze<\/li>\n<li>Schlaufen f\u00fcr die Befestigung des Innenfutters an den Ecken<\/li>\n<li>Durchgehende Rei\u00dfverschluss-Schutzwand<\/li>\n<li>PFC-frei<\/li>\n<\/ul>\n<p>Material:<br \/>\nAu\u00dfen: 85 % Polyester, 15 % Nylon<br \/>\nF\u00fcllung: 100 % Polyester<br \/>\nInnen: 100 % Baumwolle<\/p>\n","protected":false},"excerpt":{"rendered":"<p>Ein strapazierf\u00e4higes, ultraweiches, geb\u00fcrstetes Au\u00dfenmaterial, ein Futter aus 100 % Baumwolle und eine hochwertige Isofill-F\u00fcllung sorgen f\u00fcr besten Campingkomfort. Reichlich Platz und die M\u00f6glichkeit, den Rei\u00dfverschluss vollst\u00e4ndig zu \u00f6ffnen, um zwei Bettdecken zu bilden. Gesichtsschutz (Face Baffle) L\u00e4sst sich mit einem Rei\u00dfverschluss in zwei einzelne Taschen aufteilen (ohne Kapuze) L\u00e4sst sich vollst\u00e4ndig als zwei Bettdecken [&hellip;]<\/p>\n","protected":false},"featured_media":207003,"template":"","meta":{"_acf_changed":false},"product_featured_cat":[],"product_brand":[3297],"product_cat":[4454],"product_tag":[],"class_list":{"0":"post-196780","1":"product","2":"type-product","3":"status-publish","4":"has-post-thumbnail","6":"product_brand-outwell-de","7":"product_cat-deckenschlafsaecke","9":"first","10":"instock","11":"taxable","12":"shipping-taxable","13":"purchasable","14":"product-type-simple"},"acf":[],"yoast_head":"<!-- This site is optimized with the Yoast SEO plugin v27.4 - https:\/\/yoast.com\/product\/yoast-seo-wordpress\/ -->\n<title>Schlafsack Outwell Constellation Lux Double - Bantam Camping AG<\/title>\n<meta name=\"robots\" content=\"index, follow, max-snippet:-1, max-image-preview:large, max-video-preview:-1\" \/>\n<link rel=\"canonical\" href=\"https:\/\/shop.bantam.ch\/de\/produkt\/schlafsack-outwell-constellation-lux-double\/\" \/>\n<meta property=\"og:locale\" content=\"de_DE\" \/>\n<meta property=\"og:type\" content=\"article\" \/>\n<meta property=\"og:title\" content=\"Schlafsack Outwell Constellation Lux Double - Bantam Camping AG\" \/>\n<meta property=\"og:description\" content=\"Ein strapazierf\u00e4higes, ultraweiches, geb\u00fcrstetes Au\u00dfenmaterial, ein Futter aus 100 % Baumwolle und eine hochwertige Isofill-F\u00fcllung sorgen f\u00fcr besten Campingkomfort. Reichlich Platz und die M\u00f6glichkeit, den Rei\u00dfverschluss vollst\u00e4ndig zu \u00f6ffnen, um zwei Bettdecken zu bilden. Gesichtsschutz (Face Baffle) L\u00e4sst sich mit einem Rei\u00dfverschluss in zwei einzelne Taschen aufteilen (ohne Kapuze) L\u00e4sst sich vollst\u00e4ndig als zwei Bettdecken [&hellip;]\" \/>\n<meta property=\"og:url\" content=\"https:\/\/shop.bantam.ch\/de\/produkt\/schlafsack-outwell-constellation-lux-double\/\" \/>\n<meta property=\"og:site_name\" content=\"Bantam Camping AG\" \/>\n<meta property=\"article:modified_time\" content=\"2026-04-18T21:11:20+00:00\" \/>\n<meta property=\"og:image\" content=\"https:\/\/shop.bantam.ch\/wp-content\/uploads\/2024\/05\/Movera-L-9962066100.jpg\" \/>\n\t<meta property=\"og:image:width\" content=\"640\" \/>\n\t<meta property=\"og:image:height\" content=\"360\" \/>\n\t<meta property=\"og:image:type\" content=\"image\/jpeg\" \/>\n<meta name=\"twitter:card\" content=\"summary_large_image\" \/>\n<script type=\"application\/ld+json\" class=\"yoast-schema-graph\">{\"@context\":\"https:\\\/\\\/schema.org\",\"@graph\":[{\"@type\":\"WebPage\",\"@id\":\"https:\\\/\\\/shop.bantam.ch\\\/de\\\/produkt\\\/schlafsack-outwell-constellation-lux-double\\\/\",\"url\":\"https:\\\/\\\/shop.bantam.ch\\\/de\\\/produkt\\\/schlafsack-outwell-constellation-lux-double\\\/\",\"name\":\"Schlafsack Outwell Constellation Lux Double - Bantam Camping AG\",\"isPartOf\":{\"@id\":\"https:\\\/\\\/shop.bantam.ch\\\/de\\\/#website\"},\"primaryImageOfPage\":{\"@id\":\"https:\\\/\\\/shop.bantam.ch\\\/de\\\/produkt\\\/schlafsack-outwell-constellation-lux-double\\\/#primaryimage\"},\"image\":{\"@id\":\"https:\\\/\\\/shop.bantam.ch\\\/de\\\/produkt\\\/schlafsack-outwell-constellation-lux-double\\\/#primaryimage\"},\"thumbnailUrl\":\"https:\\\/\\\/shop.bantam.ch\\\/wp-content\\\/uploads\\\/2024\\\/09\\\/Movera-L-9962066100.jpg\",\"datePublished\":\"2024-05-15T14:07:28+00:00\",\"dateModified\":\"2026-04-18T21:11:20+00:00\",\"breadcrumb\":{\"@id\":\"https:\\\/\\\/shop.bantam.ch\\\/de\\\/produkt\\\/schlafsack-outwell-constellation-lux-double\\\/#breadcrumb\"},\"inLanguage\":\"de\",\"potentialAction\":[{\"@type\":\"ReadAction\",\"target\":[\"https:\\\/\\\/shop.bantam.ch\\\/de\\\/produkt\\\/schlafsack-outwell-constellation-lux-double\\\/\"]}]},{\"@type\":\"ImageObject\",\"inLanguage\":\"de\",\"@id\":\"https:\\\/\\\/shop.bantam.ch\\\/de\\\/produkt\\\/schlafsack-outwell-constellation-lux-double\\\/#primaryimage\",\"url\":\"https:\\\/\\\/shop.bantam.ch\\\/wp-content\\\/uploads\\\/2024\\\/09\\\/Movera-L-9962066100.jpg\",\"contentUrl\":\"https:\\\/\\\/shop.bantam.ch\\\/wp-content\\\/uploads\\\/2024\\\/09\\\/Movera-L-9962066100.jpg\",\"width\":640,\"height\":360},{\"@type\":\"BreadcrumbList\",\"@id\":\"https:\\\/\\\/shop.bantam.ch\\\/de\\\/produkt\\\/schlafsack-outwell-constellation-lux-double\\\/#breadcrumb\",\"itemListElement\":[{\"@type\":\"ListItem\",\"position\":1,\"name\":\"Accueil\",\"item\":\"https:\\\/\\\/shop.bantam.ch\\\/de\\\/\"},{\"@type\":\"ListItem\",\"position\":2,\"name\":\"Shop\",\"item\":\"https:\\\/\\\/shop.bantam.ch\\\/de\\\/shop\\\/\"},{\"@type\":\"ListItem\",\"position\":3,\"name\":\"Schlafsack Outwell Constellation Lux Double\"}]},{\"@type\":\"WebSite\",\"@id\":\"https:\\\/\\\/shop.bantam.ch\\\/de\\\/#website\",\"url\":\"https:\\\/\\\/shop.bantam.ch\\\/de\\\/\",\"name\":\"Bantam Camping AG\",\"description\":\"\",\"publisher\":{\"@id\":\"https:\\\/\\\/shop.bantam.ch\\\/de\\\/#organization\"},\"inLanguage\":\"de\"},{\"@type\":\"Organization\",\"@id\":\"https:\\\/\\\/shop.bantam.ch\\\/de\\\/#organization\",\"name\":\"Bantam Camping AG\",\"url\":\"https:\\\/\\\/shop.bantam.ch\\\/de\\\/\",\"logo\":{\"@type\":\"ImageObject\",\"inLanguage\":\"de\",\"@id\":\"https:\\\/\\\/shop.bantam.ch\\\/de\\\/#\\\/schema\\\/logo\\\/image\\\/\",\"url\":\"https:\\\/\\\/shop.bantam.ch\\\/wp-content\\\/uploads\\\/2022\\\/12\\\/bantam-logo.png\",\"contentUrl\":\"https:\\\/\\\/shop.bantam.ch\\\/wp-content\\\/uploads\\\/2022\\\/12\\\/bantam-logo.png\",\"width\":320,\"height\":71,\"caption\":\"Bantam Camping AG\"},\"image\":{\"@id\":\"https:\\\/\\\/shop.bantam.ch\\\/de\\\/#\\\/schema\\\/logo\\\/image\\\/\"}}]}<\/script>\n<!-- \/ Yoast SEO plugin. -->","yoast_head_json":{"title":"Schlafsack Outwell Constellation Lux Double - Bantam Camping AG","robots":{"index":"index","follow":"follow","max-snippet":"max-snippet:-1","max-image-preview":"max-image-preview:large","max-video-preview":"max-video-preview:-1"},"canonical":"https:\/\/shop.bantam.ch\/de\/produkt\/schlafsack-outwell-constellation-lux-double\/","og_locale":"de_DE","og_type":"article","og_title":"Schlafsack Outwell Constellation Lux Double - Bantam Camping AG","og_description":"Ein strapazierf\u00e4higes, ultraweiches, geb\u00fcrstetes Au\u00dfenmaterial, ein Futter aus 100 % Baumwolle und eine hochwertige Isofill-F\u00fcllung sorgen f\u00fcr besten Campingkomfort. Reichlich Platz und die M\u00f6glichkeit, den Rei\u00dfverschluss vollst\u00e4ndig zu \u00f6ffnen, um zwei Bettdecken zu bilden. Gesichtsschutz (Face Baffle) L\u00e4sst sich mit einem Rei\u00dfverschluss in zwei einzelne Taschen aufteilen (ohne Kapuze) L\u00e4sst sich vollst\u00e4ndig als zwei Bettdecken [&hellip;]","og_url":"https:\/\/shop.bantam.ch\/de\/produkt\/schlafsack-outwell-constellation-lux-double\/","og_site_name":"Bantam Camping AG","article_modified_time":"2026-04-18T21:11:20+00:00","og_image":[{"width":640,"height":360,"url":"https:\/\/shop.bantam.ch\/wp-content\/uploads\/2024\/05\/Movera-L-9962066100.jpg","type":"image\/jpeg"}],"twitter_card":"summary_large_image","schema":{"@context":"https:\/\/schema.org","@graph":[{"@type":"WebPage","@id":"https:\/\/shop.bantam.ch\/de\/produkt\/schlafsack-outwell-constellation-lux-double\/","url":"https:\/\/shop.bantam.ch\/de\/produkt\/schlafsack-outwell-constellation-lux-double\/","name":"Schlafsack Outwell Constellation Lux Double - Bantam Camping AG","isPartOf":{"@id":"https:\/\/shop.bantam.ch\/de\/#website"},"primaryImageOfPage":{"@id":"https:\/\/shop.bantam.ch\/de\/produkt\/schlafsack-outwell-constellation-lux-double\/#primaryimage"},"image":{"@id":"https:\/\/shop.bantam.ch\/de\/produkt\/schlafsack-outwell-constellation-lux-double\/#primaryimage"},"thumbnailUrl":"https:\/\/shop.bantam.ch\/wp-content\/uploads\/2024\/09\/Movera-L-9962066100.jpg","datePublished":"2024-05-15T14:07:28+00:00","dateModified":"2026-04-18T21:11:20+00:00","breadcrumb":{"@id":"https:\/\/shop.bantam.ch\/de\/produkt\/schlafsack-outwell-constellation-lux-double\/#breadcrumb"},"inLanguage":"de","potentialAction":[{"@type":"ReadAction","target":["https:\/\/shop.bantam.ch\/de\/produkt\/schlafsack-outwell-constellation-lux-double\/"]}]},{"@type":"ImageObject","inLanguage":"de","@id":"https:\/\/shop.bantam.ch\/de\/produkt\/schlafsack-outwell-constellation-lux-double\/#primaryimage","url":"https:\/\/shop.bantam.ch\/wp-content\/uploads\/2024\/09\/Movera-L-9962066100.jpg","contentUrl":"https:\/\/shop.bantam.ch\/wp-content\/uploads\/2024\/09\/Movera-L-9962066100.jpg","width":640,"height":360},{"@type":"BreadcrumbList","@id":"https:\/\/shop.bantam.ch\/de\/produkt\/schlafsack-outwell-constellation-lux-double\/#breadcrumb","itemListElement":[{"@type":"ListItem","position":1,"name":"Accueil","item":"https:\/\/shop.bantam.ch\/de\/"},{"@type":"ListItem","position":2,"name":"Shop","item":"https:\/\/shop.bantam.ch\/de\/shop\/"},{"@type":"ListItem","position":3,"name":"Schlafsack Outwell Constellation Lux Double"}]},{"@type":"WebSite","@id":"https:\/\/shop.bantam.ch\/de\/#website","url":"https:\/\/shop.bantam.ch\/de\/","name":"Bantam Camping AG","description":"","publisher":{"@id":"https:\/\/shop.bantam.ch\/de\/#organization"},"inLanguage":"de"},{"@type":"Organization","@id":"https:\/\/shop.bantam.ch\/de\/#organization","name":"Bantam Camping AG","url":"https:\/\/shop.bantam.ch\/de\/","logo":{"@type":"ImageObject","inLanguage":"de","@id":"https:\/\/shop.bantam.ch\/de\/#\/schema\/logo\/image\/","url":"https:\/\/shop.bantam.ch\/wp-content\/uploads\/2022\/12\/bantam-logo.png","contentUrl":"https:\/\/shop.bantam.ch\/wp-content\/uploads\/2022\/12\/bantam-logo.png","width":320,"height":71,"caption":"Bantam Camping AG"},"image":{"@id":"https:\/\/shop.bantam.ch\/de\/#\/schema\/logo\/image\/"}}]}},"_links":{"self":[{"href":"https:\/\/shop.bantam.ch\/de\/wp-json\/wp\/v2\/product\/196780","targetHints":{"allow":["GET"]}}],"collection":[{"href":"https:\/\/shop.bantam.ch\/de\/wp-json\/wp\/v2\/product"}],"about":[{"href":"https:\/\/shop.bantam.ch\/de\/wp-json\/wp\/v2\/types\/product"}],"wp:featuredmedia":[{"embeddable":true,"href":"https:\/\/shop.bantam.ch\/de\/wp-json\/wp\/v2\/media\/207003"}],"wp:attachment":[{"href":"https:\/\/shop.bantam.ch\/de\/wp-json\/wp\/v2\/media?parent=196780"}],"wp:term":[{"taxonomy":"product_featured_cat","embeddable":true,"href":"https:\/\/shop.bantam.ch\/de\/wp-json\/wp\/v2\/product_featured_cat?post=196780"},{"taxonomy":"product_brand","embeddable":true,"href":"https:\/\/shop.bantam.ch\/de\/wp-json\/wp\/v2\/product_brand?post=196780"},{"taxonomy":"product_cat","embeddable":true,"href":"https:\/\/shop.bantam.ch\/de\/wp-json\/wp\/v2\/product_cat?post=196780"},{"taxonomy":"product_tag","embeddable":true,"href":"https:\/\/shop.bantam.ch\/de\/wp-json\/wp\/v2\/product_tag?post=196780"}],"curies":[{"name":"wp","href":"https:\/\/api.w.org\/{rel}","templated":true}]}}