{"id":196752,"date":"2024-05-15T16:06:58","date_gmt":"2024-05-15T14:06:58","guid":{"rendered":"https:\/\/shop.bantam.ch\/produit\/faltstuhl-outwell-lomond\/"},"modified":"2026-04-17T23:08:11","modified_gmt":"2026-04-17T21:08:11","slug":"faltstuhl-outwell-lomond","status":"publish","type":"product","link":"https:\/\/shop.bantam.ch\/de\/produkt\/faltstuhl-outwell-lomond\/","title":{"rendered":"Faltstuhl Outwell Lomond"},"content":{"rendered":"<p>Vollst\u00e4ndig gepolsterter Sitz mit hoher R\u00fcckenlehne in 3 Positionen f\u00fcr perfekten Ess- und Entspannungskomfort, getragen von einem langlebigen, hochfesten, pulverbeschichteten Stahlrahmen mit breiten Kunststoffarmen. Mit Becherhalter und kleinem Packma\u00df.<\/p>\n<ul>\n<li>Durch die verstellbaren Positionen eignet sich der Stuhl sowohl zum Essen als auch zum Entspannen<\/li>\n<li>Keine Montage erforderlich<\/li>\n<li>Leicht und einfach zu transportieren<\/li>\n<li>Hochfester, langlebiger Stahl<\/li>\n<li>Inklusive Tragetasche f\u00fcr einfache Aufbewahrung und Portabilit\u00e4t<\/li>\n<li>Gepolsterte Sitzfl\u00e4che und Nackenst\u00fctze f\u00fcr optimalen Sitzkomfort<\/li>\n<li>Au\u00dfergew\u00f6hnlich kleines Packma\u00df<\/li>\n<li>In 3 verschiedene Positionen verstellbar<\/li>\n<li>Breite und st\u00fctzende Armlehnen<\/li>\n<li>Hohe R\u00fcckenlehne f\u00fcr optimale Nackenst\u00fctze<\/li>\n<li>Verriegelungsfunktion, um den Rahmen im aufgeklappten Zustand zu fixieren<\/li>\n<li>Getr\u00e4nkehalter, der bei Nichtgebrauch unter dem Sitz weggeklappt werden kann<\/li>\n<li>\u00d6ffnet und faltet sich in Sekundenschnelle<\/li>\n<\/ul>\n<p>Material:<br \/>\nBezug: 100% Polyester<br \/>\nGestell: Pulverbeschichteter Stahl<\/p>\n<p>Im Lieferumfang enthalten:<br \/>\nInklusive Tragetasche.<\/p>\n","protected":false},"excerpt":{"rendered":"<p>Vollst\u00e4ndig gepolsterter Sitz mit hoher R\u00fcckenlehne in 3 Positionen f\u00fcr perfekten Ess- und Entspannungskomfort, getragen von einem langlebigen, hochfesten, pulverbeschichteten Stahlrahmen mit breiten Kunststoffarmen. Mit Becherhalter und kleinem Packma\u00df. Durch die verstellbaren Positionen eignet sich der Stuhl sowohl zum Essen als auch zum Entspannen Keine Montage erforderlich Leicht und einfach zu transportieren Hochfester, langlebiger Stahl [&hellip;]<\/p>\n","protected":false},"featured_media":207001,"template":"","meta":{"_acf_changed":false},"product_featured_cat":[],"product_brand":[3297],"product_cat":[4972],"product_tag":[],"class_list":{"0":"post-196752","1":"product","2":"type-product","3":"status-publish","4":"has-post-thumbnail","6":"product_brand-outwell-de","7":"product_cat-campingstuehle","9":"first","10":"instock","11":"taxable","12":"shipping-taxable","13":"purchasable","14":"product-type-simple"},"acf":[],"yoast_head":"<!-- This site is optimized with the Yoast SEO plugin v27.4 - https:\/\/yoast.com\/product\/yoast-seo-wordpress\/ -->\n<title>Faltstuhl Outwell Lomond - Bantam Camping AG<\/title>\n<meta name=\"robots\" content=\"index, follow, max-snippet:-1, max-image-preview:large, max-video-preview:-1\" \/>\n<link rel=\"canonical\" href=\"https:\/\/shop.bantam.ch\/de\/produkt\/faltstuhl-outwell-lomond\/\" \/>\n<meta property=\"og:locale\" content=\"de_DE\" \/>\n<meta property=\"og:type\" content=\"article\" \/>\n<meta property=\"og:title\" content=\"Faltstuhl Outwell Lomond - Bantam Camping AG\" \/>\n<meta property=\"og:description\" content=\"Vollst\u00e4ndig gepolsterter Sitz mit hoher R\u00fcckenlehne in 3 Positionen f\u00fcr perfekten Ess- und Entspannungskomfort, getragen von einem langlebigen, hochfesten, pulverbeschichteten Stahlrahmen mit breiten Kunststoffarmen. Mit Becherhalter und kleinem Packma\u00df. Durch die verstellbaren Positionen eignet sich der Stuhl sowohl zum Essen als auch zum Entspannen Keine Montage erforderlich Leicht und einfach zu transportieren Hochfester, langlebiger Stahl [&hellip;]\" \/>\n<meta property=\"og:url\" content=\"https:\/\/shop.bantam.ch\/de\/produkt\/faltstuhl-outwell-lomond\/\" \/>\n<meta property=\"og:site_name\" content=\"Bantam Camping AG\" \/>\n<meta property=\"article:modified_time\" content=\"2026-04-17T21:08:11+00:00\" \/>\n<meta property=\"og:image\" content=\"https:\/\/shop.bantam.ch\/wp-content\/uploads\/2024\/05\/Movera-L-9962063100.jpg\" \/>\n\t<meta property=\"og:image:width\" content=\"640\" \/>\n\t<meta property=\"og:image:height\" content=\"360\" \/>\n\t<meta property=\"og:image:type\" content=\"image\/jpeg\" \/>\n<meta name=\"twitter:card\" content=\"summary_large_image\" \/>\n<meta name=\"twitter:label1\" content=\"Gesch\u00e4tzte Lesezeit\" \/>\n\t<meta name=\"twitter:data1\" content=\"1\u00a0Minute\" \/>\n<script type=\"application\/ld+json\" class=\"yoast-schema-graph\">{\"@context\":\"https:\\\/\\\/schema.org\",\"@graph\":[{\"@type\":\"WebPage\",\"@id\":\"https:\\\/\\\/shop.bantam.ch\\\/de\\\/produkt\\\/faltstuhl-outwell-lomond\\\/\",\"url\":\"https:\\\/\\\/shop.bantam.ch\\\/de\\\/produkt\\\/faltstuhl-outwell-lomond\\\/\",\"name\":\"Faltstuhl Outwell Lomond - Bantam Camping AG\",\"isPartOf\":{\"@id\":\"https:\\\/\\\/shop.bantam.ch\\\/de\\\/#website\"},\"primaryImageOfPage\":{\"@id\":\"https:\\\/\\\/shop.bantam.ch\\\/de\\\/produkt\\\/faltstuhl-outwell-lomond\\\/#primaryimage\"},\"image\":{\"@id\":\"https:\\\/\\\/shop.bantam.ch\\\/de\\\/produkt\\\/faltstuhl-outwell-lomond\\\/#primaryimage\"},\"thumbnailUrl\":\"https:\\\/\\\/shop.bantam.ch\\\/wp-content\\\/uploads\\\/2024\\\/09\\\/Movera-L-9962063100.jpg\",\"datePublished\":\"2024-05-15T14:06:58+00:00\",\"dateModified\":\"2026-04-17T21:08:11+00:00\",\"breadcrumb\":{\"@id\":\"https:\\\/\\\/shop.bantam.ch\\\/de\\\/produkt\\\/faltstuhl-outwell-lomond\\\/#breadcrumb\"},\"inLanguage\":\"de\",\"potentialAction\":[{\"@type\":\"ReadAction\",\"target\":[\"https:\\\/\\\/shop.bantam.ch\\\/de\\\/produkt\\\/faltstuhl-outwell-lomond\\\/\"]}]},{\"@type\":\"ImageObject\",\"inLanguage\":\"de\",\"@id\":\"https:\\\/\\\/shop.bantam.ch\\\/de\\\/produkt\\\/faltstuhl-outwell-lomond\\\/#primaryimage\",\"url\":\"https:\\\/\\\/shop.bantam.ch\\\/wp-content\\\/uploads\\\/2024\\\/09\\\/Movera-L-9962063100.jpg\",\"contentUrl\":\"https:\\\/\\\/shop.bantam.ch\\\/wp-content\\\/uploads\\\/2024\\\/09\\\/Movera-L-9962063100.jpg\",\"width\":640,\"height\":360},{\"@type\":\"BreadcrumbList\",\"@id\":\"https:\\\/\\\/shop.bantam.ch\\\/de\\\/produkt\\\/faltstuhl-outwell-lomond\\\/#breadcrumb\",\"itemListElement\":[{\"@type\":\"ListItem\",\"position\":1,\"name\":\"Accueil\",\"item\":\"https:\\\/\\\/shop.bantam.ch\\\/de\\\/\"},{\"@type\":\"ListItem\",\"position\":2,\"name\":\"Shop\",\"item\":\"https:\\\/\\\/shop.bantam.ch\\\/de\\\/shop\\\/\"},{\"@type\":\"ListItem\",\"position\":3,\"name\":\"Faltstuhl Outwell Lomond\"}]},{\"@type\":\"WebSite\",\"@id\":\"https:\\\/\\\/shop.bantam.ch\\\/de\\\/#website\",\"url\":\"https:\\\/\\\/shop.bantam.ch\\\/de\\\/\",\"name\":\"Bantam Camping AG\",\"description\":\"\",\"publisher\":{\"@id\":\"https:\\\/\\\/shop.bantam.ch\\\/de\\\/#organization\"},\"inLanguage\":\"de\"},{\"@type\":\"Organization\",\"@id\":\"https:\\\/\\\/shop.bantam.ch\\\/de\\\/#organization\",\"name\":\"Bantam Camping AG\",\"url\":\"https:\\\/\\\/shop.bantam.ch\\\/de\\\/\",\"logo\":{\"@type\":\"ImageObject\",\"inLanguage\":\"de\",\"@id\":\"https:\\\/\\\/shop.bantam.ch\\\/de\\\/#\\\/schema\\\/logo\\\/image\\\/\",\"url\":\"https:\\\/\\\/shop.bantam.ch\\\/wp-content\\\/uploads\\\/2022\\\/12\\\/bantam-logo.png\",\"contentUrl\":\"https:\\\/\\\/shop.bantam.ch\\\/wp-content\\\/uploads\\\/2022\\\/12\\\/bantam-logo.png\",\"width\":320,\"height\":71,\"caption\":\"Bantam Camping AG\"},\"image\":{\"@id\":\"https:\\\/\\\/shop.bantam.ch\\\/de\\\/#\\\/schema\\\/logo\\\/image\\\/\"}}]}<\/script>\n<!-- \/ Yoast SEO plugin. -->","yoast_head_json":{"title":"Faltstuhl Outwell Lomond - Bantam Camping AG","robots":{"index":"index","follow":"follow","max-snippet":"max-snippet:-1","max-image-preview":"max-image-preview:large","max-video-preview":"max-video-preview:-1"},"canonical":"https:\/\/shop.bantam.ch\/de\/produkt\/faltstuhl-outwell-lomond\/","og_locale":"de_DE","og_type":"article","og_title":"Faltstuhl Outwell Lomond - Bantam Camping AG","og_description":"Vollst\u00e4ndig gepolsterter Sitz mit hoher R\u00fcckenlehne in 3 Positionen f\u00fcr perfekten Ess- und Entspannungskomfort, getragen von einem langlebigen, hochfesten, pulverbeschichteten Stahlrahmen mit breiten Kunststoffarmen. Mit Becherhalter und kleinem Packma\u00df. Durch die verstellbaren Positionen eignet sich der Stuhl sowohl zum Essen als auch zum Entspannen Keine Montage erforderlich Leicht und einfach zu transportieren Hochfester, langlebiger Stahl [&hellip;]","og_url":"https:\/\/shop.bantam.ch\/de\/produkt\/faltstuhl-outwell-lomond\/","og_site_name":"Bantam Camping AG","article_modified_time":"2026-04-17T21:08:11+00:00","og_image":[{"width":640,"height":360,"url":"https:\/\/shop.bantam.ch\/wp-content\/uploads\/2024\/05\/Movera-L-9962063100.jpg","type":"image\/jpeg"}],"twitter_card":"summary_large_image","twitter_misc":{"Gesch\u00e4tzte Lesezeit":"1\u00a0Minute"},"schema":{"@context":"https:\/\/schema.org","@graph":[{"@type":"WebPage","@id":"https:\/\/shop.bantam.ch\/de\/produkt\/faltstuhl-outwell-lomond\/","url":"https:\/\/shop.bantam.ch\/de\/produkt\/faltstuhl-outwell-lomond\/","name":"Faltstuhl Outwell Lomond - Bantam Camping AG","isPartOf":{"@id":"https:\/\/shop.bantam.ch\/de\/#website"},"primaryImageOfPage":{"@id":"https:\/\/shop.bantam.ch\/de\/produkt\/faltstuhl-outwell-lomond\/#primaryimage"},"image":{"@id":"https:\/\/shop.bantam.ch\/de\/produkt\/faltstuhl-outwell-lomond\/#primaryimage"},"thumbnailUrl":"https:\/\/shop.bantam.ch\/wp-content\/uploads\/2024\/09\/Movera-L-9962063100.jpg","datePublished":"2024-05-15T14:06:58+00:00","dateModified":"2026-04-17T21:08:11+00:00","breadcrumb":{"@id":"https:\/\/shop.bantam.ch\/de\/produkt\/faltstuhl-outwell-lomond\/#breadcrumb"},"inLanguage":"de","potentialAction":[{"@type":"ReadAction","target":["https:\/\/shop.bantam.ch\/de\/produkt\/faltstuhl-outwell-lomond\/"]}]},{"@type":"ImageObject","inLanguage":"de","@id":"https:\/\/shop.bantam.ch\/de\/produkt\/faltstuhl-outwell-lomond\/#primaryimage","url":"https:\/\/shop.bantam.ch\/wp-content\/uploads\/2024\/09\/Movera-L-9962063100.jpg","contentUrl":"https:\/\/shop.bantam.ch\/wp-content\/uploads\/2024\/09\/Movera-L-9962063100.jpg","width":640,"height":360},{"@type":"BreadcrumbList","@id":"https:\/\/shop.bantam.ch\/de\/produkt\/faltstuhl-outwell-lomond\/#breadcrumb","itemListElement":[{"@type":"ListItem","position":1,"name":"Accueil","item":"https:\/\/shop.bantam.ch\/de\/"},{"@type":"ListItem","position":2,"name":"Shop","item":"https:\/\/shop.bantam.ch\/de\/shop\/"},{"@type":"ListItem","position":3,"name":"Faltstuhl Outwell Lomond"}]},{"@type":"WebSite","@id":"https:\/\/shop.bantam.ch\/de\/#website","url":"https:\/\/shop.bantam.ch\/de\/","name":"Bantam Camping AG","description":"","publisher":{"@id":"https:\/\/shop.bantam.ch\/de\/#organization"},"inLanguage":"de"},{"@type":"Organization","@id":"https:\/\/shop.bantam.ch\/de\/#organization","name":"Bantam Camping AG","url":"https:\/\/shop.bantam.ch\/de\/","logo":{"@type":"ImageObject","inLanguage":"de","@id":"https:\/\/shop.bantam.ch\/de\/#\/schema\/logo\/image\/","url":"https:\/\/shop.bantam.ch\/wp-content\/uploads\/2022\/12\/bantam-logo.png","contentUrl":"https:\/\/shop.bantam.ch\/wp-content\/uploads\/2022\/12\/bantam-logo.png","width":320,"height":71,"caption":"Bantam Camping AG"},"image":{"@id":"https:\/\/shop.bantam.ch\/de\/#\/schema\/logo\/image\/"}}]}},"_links":{"self":[{"href":"https:\/\/shop.bantam.ch\/de\/wp-json\/wp\/v2\/product\/196752","targetHints":{"allow":["GET"]}}],"collection":[{"href":"https:\/\/shop.bantam.ch\/de\/wp-json\/wp\/v2\/product"}],"about":[{"href":"https:\/\/shop.bantam.ch\/de\/wp-json\/wp\/v2\/types\/product"}],"wp:featuredmedia":[{"embeddable":true,"href":"https:\/\/shop.bantam.ch\/de\/wp-json\/wp\/v2\/media\/207001"}],"wp:attachment":[{"href":"https:\/\/shop.bantam.ch\/de\/wp-json\/wp\/v2\/media?parent=196752"}],"wp:term":[{"taxonomy":"product_featured_cat","embeddable":true,"href":"https:\/\/shop.bantam.ch\/de\/wp-json\/wp\/v2\/product_featured_cat?post=196752"},{"taxonomy":"product_brand","embeddable":true,"href":"https:\/\/shop.bantam.ch\/de\/wp-json\/wp\/v2\/product_brand?post=196752"},{"taxonomy":"product_cat","embeddable":true,"href":"https:\/\/shop.bantam.ch\/de\/wp-json\/wp\/v2\/product_cat?post=196752"},{"taxonomy":"product_tag","embeddable":true,"href":"https:\/\/shop.bantam.ch\/de\/wp-json\/wp\/v2\/product_tag?post=196752"}],"curies":[{"name":"wp","href":"https:\/\/api.w.org\/{rel}","templated":true}]}}