{"id":196740,"date":"2024-05-15T16:06:49","date_gmt":"2024-05-15T14:06:49","guid":{"rendered":"https:\/\/shop.bantam.ch\/produit\/navigationssoftware-zenec-z-emap76mh-tt3-passend-fuer-z-e3776-z-n975-z-n976\/"},"modified":"2026-04-19T23:13:54","modified_gmt":"2026-04-19T21:13:54","slug":"navigationssoftware-zenec-z-emap76mh-tt3-passend-fuer-z-e3776-z-n975-z-n976","status":"publish","type":"product","link":"https:\/\/shop.bantam.ch\/de\/produkt\/navigationssoftware-zenec-z-emap76mh-tt3-passend-fuer-z-e3776-z-n975-z-n976\/","title":{"rendered":"Navigationssoftware ZENEC Z-EMAP76MH-TT3 passend f\u00fcr Z-E3776, Z-N975, Z-N976"},"content":{"rendered":"<p>ZENEC Z-EMAP76-MH3 &#8211; micro SDHC-Karte mit Reisemobil Navigation f\u00fcr ZENEC Infotainer Z-E3776, Z-N976 und Z-N975, 3-D Karten f\u00fcr Europa, Camping P.O.I. f\u00fcr Reisemobile, TMC + TPEG<\/p>\n<p>Optionale Navigationssoftware Z-EMAP76MH-TT3 f\u00fcr die ZENEC Multimediasysteme Z-E3776, Z-N976 und Z-N975: Die micro SDHC-Karte wird einfach in den Kartenslot des Mediacenters eingesteckt, und schon werden die Infotainer zu Festeinbau Navis mit umfassenden Navigationsfunktionen speziell f\u00fcr Reisemobile und Caravans.<br \/>\nDie Kombination aus dem Z-EMAP76MH-TT3 Navisoftwarepaket und ZENEC Infotainer ist eine perfekt abgestimmte Funktionseinheit mit diversen Vorteilen in der Praxis.<\/p>\n<ul>\n<li>Reisemobil Navigations-Software auf 32 GB microSDHC Karte (nicht im Lieferumfang der ZENEC Ger\u00e4te enthalten)<\/li>\n<li>Kartenabdeckung f\u00fcr 44 EU- L\u00e4nder durch Inhaltsanbieter TomTom<\/li>\n<li>Vorkonfigurierte Reisemobil Fahrzeugprofile mit Eingabe von H\u00f6he, Breite, L\u00e4nge, Gewicht, Anh\u00e4nger, etc.<\/li>\n<li>Camping P.O.I. Paket mit ca. 20000 Sonderzielen und Detailinfos<\/li>\n<li>Europa Premium P.O.I. Paket mit \u00fcber 6,5 Millionen Sonderzielen<\/li>\n<li>Integrierte FREEONTOUR Send-To-Car Funktion f\u00fcr die Reiserouten Planung<\/li>\n<li>Realistische 3-D Darstellung von Gel\u00e4nde, Sehensw\u00fcrdigkeiten, Innenst\u00e4dten und Autobahn-Abbiegungen<\/li>\n<li>Koppelnavigation zur pr\u00e4zisen Routenf\u00fchrung ohne GPS Signal (Tunnel, Unterf\u00fchrungen,etc.)<\/li>\n<li>Navi Splitscreen f\u00fcr Audioquellen mit Anzeige von Strassennamen und der Distanz bis zur n\u00e4chsten Abbiegung<\/li>\n<li>Spurassistent, Tunnel-Modus, 3-D Auto-Zoom f\u00fcr Kreuzungen und Verkehrskreisel, intelligente Berechnung von Alternativrouten etc.<\/li>\n<li>TTS Sprachf\u00fchrung<\/li>\n<li>TPEG Service mit Verkehrsinfos \u00fcber DAB+ (kostenfreie Version)<\/li>\n<li>TMC Receiver (kostenfreie Version)<\/li>\n<li>3 Jahre kostenfreies Kartenupdate Abo<\/li>\n<\/ul>\n<p>Kartenabdeckung: Albanien, Andorra, Belgien, Bosnien-Herzegowina, Bulgarien, D\u00e4nemark, Deutschland, Estland, Finnland, Frankreich, Gibraltar, Griechenland, Grossbritannien, Irland, Italien, Kosovo, Kroatien, Lettland, Liechtenstein, Litauen, Luxemburg, Malta, Moldawien, Monaco, Montenegro, Niederlande, Nord Mazedonien, Norwegen, \u00d6sterreich, Polen, Portugal, Rum\u00e4nien, San Marino, Schweden, Schweiz, Serbien, Slowakei, Slowenien, Spanien, Tschechische Republik, T\u00fcrkei, Ungarn, Vatikanstadt, Zypern<\/p>\n","protected":false},"excerpt":{"rendered":"<p>ZENEC Z-EMAP76-MH3 &#8211; micro SDHC-Karte mit Reisemobil Navigation f\u00fcr ZENEC Infotainer Z-E3776, Z-N976 und Z-N975, 3-D Karten f\u00fcr Europa, Camping P.O.I. f\u00fcr Reisemobile, TMC + TPEG Optionale Navigationssoftware Z-EMAP76MH-TT3 f\u00fcr die ZENEC Multimediasysteme Z-E3776, Z-N976 und Z-N975: Die micro SDHC-Karte wird einfach in den Kartenslot des Mediacenters eingesteckt, und schon werden die Infotainer zu Festeinbau [&hellip;]<\/p>\n","protected":false},"featured_media":206999,"template":"","meta":{"_acf_changed":false},"product_featured_cat":[],"product_brand":[3213],"product_cat":[4994],"product_tag":[],"class_list":{"0":"post-196740","1":"product","2":"type-product","3":"status-publish","4":"has-post-thumbnail","6":"product_brand-zenec-de","7":"product_cat-navigationssoftware","9":"first","10":"instock","11":"taxable","12":"shipping-taxable","13":"purchasable","14":"product-type-simple"},"acf":[],"yoast_head":"<!-- This site is optimized with the Yoast SEO plugin v27.4 - https:\/\/yoast.com\/product\/yoast-seo-wordpress\/ -->\n<title>Navigationssoftware ZENEC Z-EMAP76MH-TT3 passend f\u00fcr Z-E3776, Z-N975, Z-N976 - Bantam Camping AG<\/title>\n<meta name=\"robots\" content=\"index, follow, max-snippet:-1, max-image-preview:large, max-video-preview:-1\" \/>\n<link rel=\"canonical\" href=\"https:\/\/shop.bantam.ch\/de\/produkt\/navigationssoftware-zenec-z-emap76mh-tt3-passend-fuer-z-e3776-z-n975-z-n976\/\" \/>\n<meta property=\"og:locale\" content=\"de_DE\" \/>\n<meta property=\"og:type\" content=\"article\" \/>\n<meta property=\"og:title\" content=\"Navigationssoftware ZENEC Z-EMAP76MH-TT3 passend f\u00fcr Z-E3776, Z-N975, Z-N976 - Bantam Camping AG\" \/>\n<meta property=\"og:description\" content=\"ZENEC Z-EMAP76-MH3 &#8211; micro SDHC-Karte mit Reisemobil Navigation f\u00fcr ZENEC Infotainer Z-E3776, Z-N976 und Z-N975, 3-D Karten f\u00fcr Europa, Camping P.O.I. f\u00fcr Reisemobile, TMC + TPEG Optionale Navigationssoftware Z-EMAP76MH-TT3 f\u00fcr die ZENEC Multimediasysteme Z-E3776, Z-N976 und Z-N975: Die micro SDHC-Karte wird einfach in den Kartenslot des Mediacenters eingesteckt, und schon werden die Infotainer zu Festeinbau [&hellip;]\" \/>\n<meta property=\"og:url\" content=\"https:\/\/shop.bantam.ch\/de\/produkt\/navigationssoftware-zenec-z-emap76mh-tt3-passend-fuer-z-e3776-z-n975-z-n976\/\" \/>\n<meta property=\"og:site_name\" content=\"Bantam Camping AG\" \/>\n<meta property=\"article:modified_time\" content=\"2026-04-19T21:13:54+00:00\" \/>\n<meta property=\"og:image\" content=\"https:\/\/shop.bantam.ch\/wp-content\/uploads\/2024\/05\/Movera-L-9963168100.jpg\" \/>\n\t<meta property=\"og:image:width\" content=\"640\" \/>\n\t<meta property=\"og:image:height\" content=\"375\" \/>\n\t<meta property=\"og:image:type\" content=\"image\/jpeg\" \/>\n<meta name=\"twitter:card\" content=\"summary_large_image\" \/>\n<meta name=\"twitter:label1\" content=\"Gesch\u00e4tzte Lesezeit\" \/>\n\t<meta name=\"twitter:data1\" content=\"1\u00a0Minute\" \/>\n<script type=\"application\/ld+json\" class=\"yoast-schema-graph\">{\"@context\":\"https:\\\/\\\/schema.org\",\"@graph\":[{\"@type\":\"WebPage\",\"@id\":\"https:\\\/\\\/shop.bantam.ch\\\/de\\\/produkt\\\/navigationssoftware-zenec-z-emap76mh-tt3-passend-fuer-z-e3776-z-n975-z-n976\\\/\",\"url\":\"https:\\\/\\\/shop.bantam.ch\\\/de\\\/produkt\\\/navigationssoftware-zenec-z-emap76mh-tt3-passend-fuer-z-e3776-z-n975-z-n976\\\/\",\"name\":\"Navigationssoftware ZENEC Z-EMAP76MH-TT3 passend f\u00fcr Z-E3776, Z-N975, Z-N976 - Bantam Camping AG\",\"isPartOf\":{\"@id\":\"https:\\\/\\\/shop.bantam.ch\\\/de\\\/#website\"},\"primaryImageOfPage\":{\"@id\":\"https:\\\/\\\/shop.bantam.ch\\\/de\\\/produkt\\\/navigationssoftware-zenec-z-emap76mh-tt3-passend-fuer-z-e3776-z-n975-z-n976\\\/#primaryimage\"},\"image\":{\"@id\":\"https:\\\/\\\/shop.bantam.ch\\\/de\\\/produkt\\\/navigationssoftware-zenec-z-emap76mh-tt3-passend-fuer-z-e3776-z-n975-z-n976\\\/#primaryimage\"},\"thumbnailUrl\":\"https:\\\/\\\/shop.bantam.ch\\\/wp-content\\\/uploads\\\/2024\\\/09\\\/Movera-L-9963168100.jpg\",\"datePublished\":\"2024-05-15T14:06:49+00:00\",\"dateModified\":\"2026-04-19T21:13:54+00:00\",\"breadcrumb\":{\"@id\":\"https:\\\/\\\/shop.bantam.ch\\\/de\\\/produkt\\\/navigationssoftware-zenec-z-emap76mh-tt3-passend-fuer-z-e3776-z-n975-z-n976\\\/#breadcrumb\"},\"inLanguage\":\"de\",\"potentialAction\":[{\"@type\":\"ReadAction\",\"target\":[\"https:\\\/\\\/shop.bantam.ch\\\/de\\\/produkt\\\/navigationssoftware-zenec-z-emap76mh-tt3-passend-fuer-z-e3776-z-n975-z-n976\\\/\"]}]},{\"@type\":\"ImageObject\",\"inLanguage\":\"de\",\"@id\":\"https:\\\/\\\/shop.bantam.ch\\\/de\\\/produkt\\\/navigationssoftware-zenec-z-emap76mh-tt3-passend-fuer-z-e3776-z-n975-z-n976\\\/#primaryimage\",\"url\":\"https:\\\/\\\/shop.bantam.ch\\\/wp-content\\\/uploads\\\/2024\\\/09\\\/Movera-L-9963168100.jpg\",\"contentUrl\":\"https:\\\/\\\/shop.bantam.ch\\\/wp-content\\\/uploads\\\/2024\\\/09\\\/Movera-L-9963168100.jpg\",\"width\":640,\"height\":375},{\"@type\":\"BreadcrumbList\",\"@id\":\"https:\\\/\\\/shop.bantam.ch\\\/de\\\/produkt\\\/navigationssoftware-zenec-z-emap76mh-tt3-passend-fuer-z-e3776-z-n975-z-n976\\\/#breadcrumb\",\"itemListElement\":[{\"@type\":\"ListItem\",\"position\":1,\"name\":\"Accueil\",\"item\":\"https:\\\/\\\/shop.bantam.ch\\\/de\\\/\"},{\"@type\":\"ListItem\",\"position\":2,\"name\":\"Shop\",\"item\":\"https:\\\/\\\/shop.bantam.ch\\\/de\\\/shop\\\/\"},{\"@type\":\"ListItem\",\"position\":3,\"name\":\"Navigationssoftware ZENEC Z-EMAP76MH-TT3 passend f\u00fcr Z-E3776, Z-N975, Z-N976\"}]},{\"@type\":\"WebSite\",\"@id\":\"https:\\\/\\\/shop.bantam.ch\\\/de\\\/#website\",\"url\":\"https:\\\/\\\/shop.bantam.ch\\\/de\\\/\",\"name\":\"Bantam Camping AG\",\"description\":\"\",\"publisher\":{\"@id\":\"https:\\\/\\\/shop.bantam.ch\\\/de\\\/#organization\"},\"inLanguage\":\"de\"},{\"@type\":\"Organization\",\"@id\":\"https:\\\/\\\/shop.bantam.ch\\\/de\\\/#organization\",\"name\":\"Bantam Camping AG\",\"url\":\"https:\\\/\\\/shop.bantam.ch\\\/de\\\/\",\"logo\":{\"@type\":\"ImageObject\",\"inLanguage\":\"de\",\"@id\":\"https:\\\/\\\/shop.bantam.ch\\\/de\\\/#\\\/schema\\\/logo\\\/image\\\/\",\"url\":\"https:\\\/\\\/shop.bantam.ch\\\/wp-content\\\/uploads\\\/2022\\\/12\\\/bantam-logo.png\",\"contentUrl\":\"https:\\\/\\\/shop.bantam.ch\\\/wp-content\\\/uploads\\\/2022\\\/12\\\/bantam-logo.png\",\"width\":320,\"height\":71,\"caption\":\"Bantam Camping AG\"},\"image\":{\"@id\":\"https:\\\/\\\/shop.bantam.ch\\\/de\\\/#\\\/schema\\\/logo\\\/image\\\/\"}}]}<\/script>\n<!-- \/ Yoast SEO plugin. -->","yoast_head_json":{"title":"Navigationssoftware ZENEC Z-EMAP76MH-TT3 passend f\u00fcr Z-E3776, Z-N975, Z-N976 - Bantam Camping AG","robots":{"index":"index","follow":"follow","max-snippet":"max-snippet:-1","max-image-preview":"max-image-preview:large","max-video-preview":"max-video-preview:-1"},"canonical":"https:\/\/shop.bantam.ch\/de\/produkt\/navigationssoftware-zenec-z-emap76mh-tt3-passend-fuer-z-e3776-z-n975-z-n976\/","og_locale":"de_DE","og_type":"article","og_title":"Navigationssoftware ZENEC Z-EMAP76MH-TT3 passend f\u00fcr Z-E3776, Z-N975, Z-N976 - Bantam Camping AG","og_description":"ZENEC Z-EMAP76-MH3 &#8211; micro SDHC-Karte mit Reisemobil Navigation f\u00fcr ZENEC Infotainer Z-E3776, Z-N976 und Z-N975, 3-D Karten f\u00fcr Europa, Camping P.O.I. f\u00fcr Reisemobile, TMC + TPEG Optionale Navigationssoftware Z-EMAP76MH-TT3 f\u00fcr die ZENEC Multimediasysteme Z-E3776, Z-N976 und Z-N975: Die micro SDHC-Karte wird einfach in den Kartenslot des Mediacenters eingesteckt, und schon werden die Infotainer zu Festeinbau [&hellip;]","og_url":"https:\/\/shop.bantam.ch\/de\/produkt\/navigationssoftware-zenec-z-emap76mh-tt3-passend-fuer-z-e3776-z-n975-z-n976\/","og_site_name":"Bantam Camping AG","article_modified_time":"2026-04-19T21:13:54+00:00","og_image":[{"width":640,"height":375,"url":"https:\/\/shop.bantam.ch\/wp-content\/uploads\/2024\/05\/Movera-L-9963168100.jpg","type":"image\/jpeg"}],"twitter_card":"summary_large_image","twitter_misc":{"Gesch\u00e4tzte Lesezeit":"1\u00a0Minute"},"schema":{"@context":"https:\/\/schema.org","@graph":[{"@type":"WebPage","@id":"https:\/\/shop.bantam.ch\/de\/produkt\/navigationssoftware-zenec-z-emap76mh-tt3-passend-fuer-z-e3776-z-n975-z-n976\/","url":"https:\/\/shop.bantam.ch\/de\/produkt\/navigationssoftware-zenec-z-emap76mh-tt3-passend-fuer-z-e3776-z-n975-z-n976\/","name":"Navigationssoftware ZENEC Z-EMAP76MH-TT3 passend f\u00fcr Z-E3776, Z-N975, Z-N976 - Bantam Camping AG","isPartOf":{"@id":"https:\/\/shop.bantam.ch\/de\/#website"},"primaryImageOfPage":{"@id":"https:\/\/shop.bantam.ch\/de\/produkt\/navigationssoftware-zenec-z-emap76mh-tt3-passend-fuer-z-e3776-z-n975-z-n976\/#primaryimage"},"image":{"@id":"https:\/\/shop.bantam.ch\/de\/produkt\/navigationssoftware-zenec-z-emap76mh-tt3-passend-fuer-z-e3776-z-n975-z-n976\/#primaryimage"},"thumbnailUrl":"https:\/\/shop.bantam.ch\/wp-content\/uploads\/2024\/09\/Movera-L-9963168100.jpg","datePublished":"2024-05-15T14:06:49+00:00","dateModified":"2026-04-19T21:13:54+00:00","breadcrumb":{"@id":"https:\/\/shop.bantam.ch\/de\/produkt\/navigationssoftware-zenec-z-emap76mh-tt3-passend-fuer-z-e3776-z-n975-z-n976\/#breadcrumb"},"inLanguage":"de","potentialAction":[{"@type":"ReadAction","target":["https:\/\/shop.bantam.ch\/de\/produkt\/navigationssoftware-zenec-z-emap76mh-tt3-passend-fuer-z-e3776-z-n975-z-n976\/"]}]},{"@type":"ImageObject","inLanguage":"de","@id":"https:\/\/shop.bantam.ch\/de\/produkt\/navigationssoftware-zenec-z-emap76mh-tt3-passend-fuer-z-e3776-z-n975-z-n976\/#primaryimage","url":"https:\/\/shop.bantam.ch\/wp-content\/uploads\/2024\/09\/Movera-L-9963168100.jpg","contentUrl":"https:\/\/shop.bantam.ch\/wp-content\/uploads\/2024\/09\/Movera-L-9963168100.jpg","width":640,"height":375},{"@type":"BreadcrumbList","@id":"https:\/\/shop.bantam.ch\/de\/produkt\/navigationssoftware-zenec-z-emap76mh-tt3-passend-fuer-z-e3776-z-n975-z-n976\/#breadcrumb","itemListElement":[{"@type":"ListItem","position":1,"name":"Accueil","item":"https:\/\/shop.bantam.ch\/de\/"},{"@type":"ListItem","position":2,"name":"Shop","item":"https:\/\/shop.bantam.ch\/de\/shop\/"},{"@type":"ListItem","position":3,"name":"Navigationssoftware ZENEC Z-EMAP76MH-TT3 passend f\u00fcr Z-E3776, Z-N975, Z-N976"}]},{"@type":"WebSite","@id":"https:\/\/shop.bantam.ch\/de\/#website","url":"https:\/\/shop.bantam.ch\/de\/","name":"Bantam Camping AG","description":"","publisher":{"@id":"https:\/\/shop.bantam.ch\/de\/#organization"},"inLanguage":"de"},{"@type":"Organization","@id":"https:\/\/shop.bantam.ch\/de\/#organization","name":"Bantam Camping AG","url":"https:\/\/shop.bantam.ch\/de\/","logo":{"@type":"ImageObject","inLanguage":"de","@id":"https:\/\/shop.bantam.ch\/de\/#\/schema\/logo\/image\/","url":"https:\/\/shop.bantam.ch\/wp-content\/uploads\/2022\/12\/bantam-logo.png","contentUrl":"https:\/\/shop.bantam.ch\/wp-content\/uploads\/2022\/12\/bantam-logo.png","width":320,"height":71,"caption":"Bantam Camping AG"},"image":{"@id":"https:\/\/shop.bantam.ch\/de\/#\/schema\/logo\/image\/"}}]}},"_links":{"self":[{"href":"https:\/\/shop.bantam.ch\/de\/wp-json\/wp\/v2\/product\/196740","targetHints":{"allow":["GET"]}}],"collection":[{"href":"https:\/\/shop.bantam.ch\/de\/wp-json\/wp\/v2\/product"}],"about":[{"href":"https:\/\/shop.bantam.ch\/de\/wp-json\/wp\/v2\/types\/product"}],"wp:featuredmedia":[{"embeddable":true,"href":"https:\/\/shop.bantam.ch\/de\/wp-json\/wp\/v2\/media\/206999"}],"wp:attachment":[{"href":"https:\/\/shop.bantam.ch\/de\/wp-json\/wp\/v2\/media?parent=196740"}],"wp:term":[{"taxonomy":"product_featured_cat","embeddable":true,"href":"https:\/\/shop.bantam.ch\/de\/wp-json\/wp\/v2\/product_featured_cat?post=196740"},{"taxonomy":"product_brand","embeddable":true,"href":"https:\/\/shop.bantam.ch\/de\/wp-json\/wp\/v2\/product_brand?post=196740"},{"taxonomy":"product_cat","embeddable":true,"href":"https:\/\/shop.bantam.ch\/de\/wp-json\/wp\/v2\/product_cat?post=196740"},{"taxonomy":"product_tag","embeddable":true,"href":"https:\/\/shop.bantam.ch\/de\/wp-json\/wp\/v2\/product_tag?post=196740"}],"curies":[{"name":"wp","href":"https:\/\/api.w.org\/{rel}","templated":true}]}}