{"id":196736,"date":"2024-05-15T16:06:44","date_gmt":"2024-05-15T14:06:44","guid":{"rendered":"https:\/\/shop.bantam.ch\/produit\/naviceiver-zenec-z-n976-2-din-9-zoll-display\/"},"modified":"2026-04-17T23:08:05","modified_gmt":"2026-04-17T21:08:05","slug":"naviceiver-zenec-z-n976-2-din-9-zoll-display","status":"publish","type":"product","link":"https:\/\/shop.bantam.ch\/de\/produkt\/naviceiver-zenec-z-n976-2-din-9-zoll-display\/","title":{"rendered":"Naviceiver ZENEC Z-N976 2 DIN 9 Zoll Display"},"content":{"rendered":"<p>Der ZENEC Z-N976 ist ein top ausgestatteter Infotainer f\u00fcr Fahrzeuge mit 2- DIN Ger\u00e4teschacht. Der Z-N976 kombiniert neueste Navigation und innovative Multimediafunktionen, inklusive Wireless Apple CarPlay und Wireless Android Auto und l\u00e4sst sich bequem \u00fcber den kapazitiven 9&#8243;\/22,9 cm Touchscreen und die Sensortasten bedienen.<br \/>\nAufgrund des modernen Bedienkonzepts, bei dem drei Quellen parallel dargestellt werden, haben Sie alle wichtigen Infos im \u00dcberblick. Der Z-N976 verbindet sich per WLAN kabellos mit Ihrem Smartphone. Telefonieren, navigieren oder einfach Musik und Podcasts h\u00f6ren &#8211; f\u00fcr eine besonders sichere Bedienung ist gesorgt.<br \/>\nAlle unterst\u00fctzten Funktionen steuern Sie bequem per Apple Siri, den Google Sprachassistenten oder \u00fcber den Touchscreen des ZENEC-Gerats. Ein integrierter DAB+ Twin-Tuner mit vielen Komfortfunktionen bietet klaren Digitalradio-Empfang inklusive dynamischer Senderlisten, MOT Slideshow, DLS Text, DAB-FM und DAB-DAB Service Following.<br \/>\nZur Audio- und Videowiedergabe verf\u00fcgt der Z-N976 \u00fcber zwei USB-Anschl\u00fcsse. Das moderne Bluetooth LowEnergy Modul des Z-N976 \u00fcberzeugt mit hervorragender Freisprech-Audioqualitat. Via A2DP k\u00f6nnen Sie Musik kabellos von Ihrem Smartphone streamen.Ausser Telefonieren und Musikstreaming beherrscht das integrierte Bluetoothsystem auch den BT-SRC Modus: Damit k\u00f6nnen die Signale der Audioquellen des Z-N976 kabellos an Bluetooth-Lautsprecher innerhalb und ausserhalb Ihres Fahrzeugs gestreamt und mit der ZENEC SP-REM Smartphone App bequem gesteuert werden.<br \/>\nDer Z-N976 verf\u00fcgt \u00fcber anspruchsvolle Audiofunktionen, zum Beispiel einen DSP Chip mit 5-Kanal Laufzeitkorrektur zur Optimierung der r\u00e4umlichen Abbildung auf den Fahrer- oder Beifahrersitz. Mit dem graphischen 10-Band Equalizer k\u00f6nnen Sie den Klang auf die Besonderheiten Ihres Fahrzeugs oder Ihre personlichen Vorlieben abstimmen. Der Z-N976 unterst\u00fctzt bis zu drei Kameras. Konfigurierbare Hilfslinien und die Wiedergabe von Kamera- Audiosignalen erleichtern das Manovrieren.<br \/>\nDer Z-N976 kann mit den neuen ZENEC Multiview-Kameras kombiniert werden und erm\u00f6glicht dadurch direkt eine freie Auswahl von unterschiedlichen Bildausschnitten und Blickwinkeln am Touchscreen.<br \/>\nF\u00fcr den Z-N976 gibt es ein Reisemobil Navipaket, dass das Ger\u00e4t zum Festeinbau-Navi erweitert &#8211; Z-EMAP76MH-TT3 (f\u00fcr Reisemobile). DAs Paket enth\u00e4lt Karten von 44 L\u00e4ndern, eine Datenbank mit 6,5 Mio. P.O.I., eine Camping P.O.I. Datenbank und die FreeOnTour\/Send- To-Car Funktion. Bei dieser Software gibt es ausserdem die M\u00f6glichkeit, ein Fahrzeugprofil auszuw\u00e4hlen und fahrzeugspezifische Daten einzugeben, um die Reiseroute optimal abzustimmen.<\/p>\n<p>\nHAUPTMERKMALE<\/p>\n<ul>\n<li>2-DIN Infotainment System, mit optionaler Offline GPS Navigationssoftware erweiterbar (nicht im Lieferumfang)<\/li>\n<li>Neuartiges graphisches User-Interface zur simultanen Darstellung und Bedienung von internen und externen Datenquellen auf dem Ger\u00e4tebildschirm<\/li>\n<li>Ber\u00fchrungsempfindlicher, kapazitiver 9&#8243;\/22,9 cm LCD-TFT Bildschirm (1024 x 600 Pixel) mit Echtglasoberfl\u00e4che<\/li>\n<li>OSD Men\u00fc in 15 unterschiedlichen EU Sprachen<\/li>\n<li>DAB+ Twin-Tuner mit dynamischer Stationsliste, DAB-FM und DAB-DAB Service-Following, MOT Slideshow und DLS-Text<\/li>\n<li>Neue Generation UKW RDS Radio<\/li>\n<li>Works with Wireless Google Android AutoTM<\/li>\n<li>Works with Wireless Apple CarPlay<\/li>\n<li>Made for iPod \/ iPhone<\/li>\n<li>Bluetooth LE 5.0 Freisprechmodul mit HFP v1.7 und A2DP Musikstreaming<\/li>\n<li>Steuerung von bis zu drei CVBS Signal basierten Kamerasystemen mit automatischer Umschaltfunktion und individuell anpassbaren Distanz- Hilfslinien<\/li>\n<li>Kompatibel f\u00fcr den Anschluss und die Steuerung von ZENEC &#8222;Multiview&#8220; Kameramodellen<\/li>\n<li>CAM Sensortaste an der Ger\u00e4tefront zum direkten Einschalten der Kamerafunktion (Cam1, Cam2, Cam3)<\/li>\n<li>SP-REM Fernbedienungs-App zur Steuerung von Audioquellen ab Smartphone (iOS \/ Android)<\/li>\n<li>Per Softwareupdate aktualisierbares Android-Betriebssystem f\u00fcr eingebettete Systeme<\/li>\n<li>RGB Multicolor Sensortasten Bedienfeld<\/li>\n<li>2 x IR-Fernbedienung inkl. Maxi-Remote<\/li>\n<li>4 x 50 W Verst\u00e4rker<\/li>\n<\/ul>\n<p>BLUETOOTH<\/p>\n<ul>\n<li>Bluetooth LE 5.0 Modul mit Freisprechfunktion (HFP v1.7 Profil)<\/li>\n<li>Import von 1000 Telefonbuchkontakten mit jeweils 3 Rufnummern<\/li>\n<li>Speicherresidentes Telefonbuch mit Sofortzugriff auf synchronisierte Kontakte<\/li>\n<li>Schnellwahl Funktion fur Kontaktfavoriten<\/li>\n<li>Telefonbuchkontakt Suchfunktion per Tastatureingabe nach Vor- und Nachname<\/li>\n<li>BT-SRC Modus fur drahtloses Musikstreaming auf externe Bluetooth Lautsprecher und Kopfh\u00f6rer<\/li>\n<li>A2DP 1.3 Smartphone Musikstreaming mit AVRCP 1.6 und iD3-Tag Anzeigemodus (Interpret, Titel, Album)<\/li>\n<li>Internes Bluetooth Mikrofon, Eingang fur externes Mikrofon<\/li>\n<\/ul>\n<p>MULTIMEDIA + AUDIO<\/p>\n<ul>\n<li>DAB+ Twin-Tuner mit 18 Stationsspeicherpl\u00e4tzen<\/li>\n<li>UKW RDS Radio mit 18 Stationsspeicherpl\u00e4tzen und DSP Rauschunterdr\u00fcckung<\/li>\n<li>Anschluss fur externen Monitor mit Festpegel A\/V Ausg\u00e4ngen<\/li>\n<li>1 x USB(1) 3.0 Port f\u00fcr USB-Medienwiedergabe und Softwareupdates<\/li>\n<li>1 x USB(2) 2.0 Port f\u00fcr Google Android AutoTM, Apple CarPlay, Apple MFi, USB-Medienwiedergabe und Softwareupdates<\/li>\n<li>5-Kanal Laufzeitkorrektur durch Audio-DSP<\/li>\n<li>Graphischer 10-Band Equalizer mit 7 vordefinierten und 3 frei belegbaren EQ-Presets<\/li>\n<li>Hochpass- und Tiefpassfilter f\u00fcr Front\/Rear\/Sub mit 12 dB\/Okt. Flankensteilheit<\/li>\n<li>Aktivweichen-Modus fur 2-Wege Front System mit w\u00e4hlbaren Trennfrequenzen (mit 12 dB\/Okt.)<\/li>\n<li>1 x HDMI Eingang f\u00fcr Zubeh\u00f6r und kompatible Mobilger\u00e4te<\/li>\n<li>24 Bit D\/A Wandler<\/li>\n<\/ul>\n<p>ANSCHL\u00dcSSE<\/p>\n<ul>\n<li>4.2 Cinch Vorverst\u00e4rkerausgang 4.0 Vrms (@ Input-R &gt;= 2 KOhm, &lt;= 0,02% THD)<\/li>\n<li>3 x Cinch Eingang f\u00fcr Kamera Videosignale (CVBS, PAL, NTSC) mit geschalteter Stromversorgung und Mikrofoneingang (Cam1)<\/li>\n<li>1 x Cinch Eingang f\u00fcr ZENEC Multiview Kamera-Videosignale (CVBS) mit geschalteter Stromversorgung und Mikrofoneingang (Cam1)<\/li>\n<li>1 x DIN UKW Antenneneingang<\/li>\n<li>1 x SMB DAB Antenneneingang mit schaltbarer 12 V Stromversorgung<\/li>\n<li>1 x USB(1) 3.0 Port mit 1500 mA Ladestrom<\/li>\n<li>1 x USB(2) 2.0 Port mit 1500 mA Ladestrom<\/li>\n<li>1 x Cinch A\/V Eingang f\u00fcr 2-CH Audio und Video (CVBS, PAL, NTSC) Signal<\/li>\n<li>1 x Cinch A\/V Ausgang f\u00fcr 2-CH Audio und Video (CVBS, NTSC) Signal<\/li>\n<li>1 x Eingang f\u00fcr externes Freisprech-Mikrofon<\/li>\n<li>1 x Fakra GPS Antenneneingang<\/li>\n<li>1 x Bluetooth\/WLAN Antenneneingang<\/li>\n<li>1 x IR-In Eingang f\u00fcr externes CAN\/SWC Interface<\/li>\n<li>1 x HDMI Eingang<\/li>\n<\/ul>\n","protected":false},"excerpt":{"rendered":"<p>Der ZENEC Z-N976 ist ein top ausgestatteter Infotainer f\u00fcr Fahrzeuge mit 2- DIN Ger\u00e4teschacht. Der Z-N976 kombiniert neueste Navigation und innovative Multimediafunktionen, inklusive Wireless Apple CarPlay und Wireless Android Auto und l\u00e4sst sich bequem \u00fcber den kapazitiven 9&#8243;\/22,9 cm Touchscreen und die Sensortasten bedienen. Aufgrund des modernen Bedienkonzepts, bei dem drei Quellen parallel dargestellt werden, [&hellip;]<\/p>\n","protected":false},"featured_media":206997,"template":"","meta":{"_acf_changed":false},"product_featured_cat":[],"product_brand":[3213],"product_cat":[4512],"product_tag":[],"class_list":{"0":"post-196736","1":"product","2":"type-product","3":"status-publish","4":"has-post-thumbnail","6":"product_brand-zenec-de","7":"product_cat-navigationsgeraete","9":"first","10":"instock","11":"taxable","12":"shipping-taxable","13":"purchasable","14":"product-type-simple"},"acf":[],"yoast_head":"<!-- This site is optimized with the Yoast SEO plugin v27.4 - https:\/\/yoast.com\/product\/yoast-seo-wordpress\/ -->\n<title>Naviceiver ZENEC Z-N976 2 DIN 9 Zoll Display - Bantam Camping AG<\/title>\n<meta name=\"robots\" content=\"index, follow, max-snippet:-1, max-image-preview:large, max-video-preview:-1\" \/>\n<link rel=\"canonical\" href=\"https:\/\/shop.bantam.ch\/de\/produkt\/naviceiver-zenec-z-n976-2-din-9-zoll-display\/\" \/>\n<meta property=\"og:locale\" content=\"de_DE\" \/>\n<meta property=\"og:type\" content=\"article\" \/>\n<meta property=\"og:title\" content=\"Naviceiver ZENEC Z-N976 2 DIN 9 Zoll Display - Bantam Camping AG\" \/>\n<meta property=\"og:description\" content=\"Der ZENEC Z-N976 ist ein top ausgestatteter Infotainer f\u00fcr Fahrzeuge mit 2- DIN Ger\u00e4teschacht. Der Z-N976 kombiniert neueste Navigation und innovative Multimediafunktionen, inklusive Wireless Apple CarPlay und Wireless Android Auto und l\u00e4sst sich bequem \u00fcber den kapazitiven 9&#8243;\/22,9 cm Touchscreen und die Sensortasten bedienen. Aufgrund des modernen Bedienkonzepts, bei dem drei Quellen parallel dargestellt werden, [&hellip;]\" \/>\n<meta property=\"og:url\" content=\"https:\/\/shop.bantam.ch\/de\/produkt\/naviceiver-zenec-z-n976-2-din-9-zoll-display\/\" \/>\n<meta property=\"og:site_name\" content=\"Bantam Camping AG\" \/>\n<meta property=\"article:modified_time\" content=\"2026-04-17T21:08:05+00:00\" \/>\n<meta property=\"og:image\" content=\"https:\/\/shop.bantam.ch\/wp-content\/uploads\/2024\/05\/Movera-L-9963167100.jpg\" \/>\n\t<meta property=\"og:image:width\" content=\"640\" \/>\n\t<meta property=\"og:image:height\" content=\"393\" \/>\n\t<meta property=\"og:image:type\" content=\"image\/jpeg\" \/>\n<meta name=\"twitter:card\" content=\"summary_large_image\" \/>\n<meta name=\"twitter:label1\" content=\"Gesch\u00e4tzte Lesezeit\" \/>\n\t<meta name=\"twitter:data1\" content=\"4\u00a0Minuten\" \/>\n<script type=\"application\/ld+json\" class=\"yoast-schema-graph\">{\"@context\":\"https:\\\/\\\/schema.org\",\"@graph\":[{\"@type\":\"WebPage\",\"@id\":\"https:\\\/\\\/shop.bantam.ch\\\/de\\\/produkt\\\/naviceiver-zenec-z-n976-2-din-9-zoll-display\\\/\",\"url\":\"https:\\\/\\\/shop.bantam.ch\\\/de\\\/produkt\\\/naviceiver-zenec-z-n976-2-din-9-zoll-display\\\/\",\"name\":\"Naviceiver ZENEC Z-N976 2 DIN 9 Zoll Display - Bantam Camping AG\",\"isPartOf\":{\"@id\":\"https:\\\/\\\/shop.bantam.ch\\\/de\\\/#website\"},\"primaryImageOfPage\":{\"@id\":\"https:\\\/\\\/shop.bantam.ch\\\/de\\\/produkt\\\/naviceiver-zenec-z-n976-2-din-9-zoll-display\\\/#primaryimage\"},\"image\":{\"@id\":\"https:\\\/\\\/shop.bantam.ch\\\/de\\\/produkt\\\/naviceiver-zenec-z-n976-2-din-9-zoll-display\\\/#primaryimage\"},\"thumbnailUrl\":\"https:\\\/\\\/shop.bantam.ch\\\/wp-content\\\/uploads\\\/2024\\\/09\\\/Movera-L-9963167100.jpg\",\"datePublished\":\"2024-05-15T14:06:44+00:00\",\"dateModified\":\"2026-04-17T21:08:05+00:00\",\"breadcrumb\":{\"@id\":\"https:\\\/\\\/shop.bantam.ch\\\/de\\\/produkt\\\/naviceiver-zenec-z-n976-2-din-9-zoll-display\\\/#breadcrumb\"},\"inLanguage\":\"de\",\"potentialAction\":[{\"@type\":\"ReadAction\",\"target\":[\"https:\\\/\\\/shop.bantam.ch\\\/de\\\/produkt\\\/naviceiver-zenec-z-n976-2-din-9-zoll-display\\\/\"]}]},{\"@type\":\"ImageObject\",\"inLanguage\":\"de\",\"@id\":\"https:\\\/\\\/shop.bantam.ch\\\/de\\\/produkt\\\/naviceiver-zenec-z-n976-2-din-9-zoll-display\\\/#primaryimage\",\"url\":\"https:\\\/\\\/shop.bantam.ch\\\/wp-content\\\/uploads\\\/2024\\\/09\\\/Movera-L-9963167100.jpg\",\"contentUrl\":\"https:\\\/\\\/shop.bantam.ch\\\/wp-content\\\/uploads\\\/2024\\\/09\\\/Movera-L-9963167100.jpg\",\"width\":640,\"height\":393},{\"@type\":\"BreadcrumbList\",\"@id\":\"https:\\\/\\\/shop.bantam.ch\\\/de\\\/produkt\\\/naviceiver-zenec-z-n976-2-din-9-zoll-display\\\/#breadcrumb\",\"itemListElement\":[{\"@type\":\"ListItem\",\"position\":1,\"name\":\"Accueil\",\"item\":\"https:\\\/\\\/shop.bantam.ch\\\/de\\\/\"},{\"@type\":\"ListItem\",\"position\":2,\"name\":\"Shop\",\"item\":\"https:\\\/\\\/shop.bantam.ch\\\/de\\\/shop\\\/\"},{\"@type\":\"ListItem\",\"position\":3,\"name\":\"Naviceiver ZENEC Z-N976 2 DIN 9 Zoll Display\"}]},{\"@type\":\"WebSite\",\"@id\":\"https:\\\/\\\/shop.bantam.ch\\\/de\\\/#website\",\"url\":\"https:\\\/\\\/shop.bantam.ch\\\/de\\\/\",\"name\":\"Bantam Camping AG\",\"description\":\"\",\"publisher\":{\"@id\":\"https:\\\/\\\/shop.bantam.ch\\\/de\\\/#organization\"},\"inLanguage\":\"de\"},{\"@type\":\"Organization\",\"@id\":\"https:\\\/\\\/shop.bantam.ch\\\/de\\\/#organization\",\"name\":\"Bantam Camping AG\",\"url\":\"https:\\\/\\\/shop.bantam.ch\\\/de\\\/\",\"logo\":{\"@type\":\"ImageObject\",\"inLanguage\":\"de\",\"@id\":\"https:\\\/\\\/shop.bantam.ch\\\/de\\\/#\\\/schema\\\/logo\\\/image\\\/\",\"url\":\"https:\\\/\\\/shop.bantam.ch\\\/wp-content\\\/uploads\\\/2022\\\/12\\\/bantam-logo.png\",\"contentUrl\":\"https:\\\/\\\/shop.bantam.ch\\\/wp-content\\\/uploads\\\/2022\\\/12\\\/bantam-logo.png\",\"width\":320,\"height\":71,\"caption\":\"Bantam Camping AG\"},\"image\":{\"@id\":\"https:\\\/\\\/shop.bantam.ch\\\/de\\\/#\\\/schema\\\/logo\\\/image\\\/\"}}]}<\/script>\n<!-- \/ Yoast SEO plugin. -->","yoast_head_json":{"title":"Naviceiver ZENEC Z-N976 2 DIN 9 Zoll Display - Bantam Camping AG","robots":{"index":"index","follow":"follow","max-snippet":"max-snippet:-1","max-image-preview":"max-image-preview:large","max-video-preview":"max-video-preview:-1"},"canonical":"https:\/\/shop.bantam.ch\/de\/produkt\/naviceiver-zenec-z-n976-2-din-9-zoll-display\/","og_locale":"de_DE","og_type":"article","og_title":"Naviceiver ZENEC Z-N976 2 DIN 9 Zoll Display - Bantam Camping AG","og_description":"Der ZENEC Z-N976 ist ein top ausgestatteter Infotainer f\u00fcr Fahrzeuge mit 2- DIN Ger\u00e4teschacht. Der Z-N976 kombiniert neueste Navigation und innovative Multimediafunktionen, inklusive Wireless Apple CarPlay und Wireless Android Auto und l\u00e4sst sich bequem \u00fcber den kapazitiven 9&#8243;\/22,9 cm Touchscreen und die Sensortasten bedienen. Aufgrund des modernen Bedienkonzepts, bei dem drei Quellen parallel dargestellt werden, [&hellip;]","og_url":"https:\/\/shop.bantam.ch\/de\/produkt\/naviceiver-zenec-z-n976-2-din-9-zoll-display\/","og_site_name":"Bantam Camping AG","article_modified_time":"2026-04-17T21:08:05+00:00","og_image":[{"width":640,"height":393,"url":"https:\/\/shop.bantam.ch\/wp-content\/uploads\/2024\/05\/Movera-L-9963167100.jpg","type":"image\/jpeg"}],"twitter_card":"summary_large_image","twitter_misc":{"Gesch\u00e4tzte Lesezeit":"4\u00a0Minuten"},"schema":{"@context":"https:\/\/schema.org","@graph":[{"@type":"WebPage","@id":"https:\/\/shop.bantam.ch\/de\/produkt\/naviceiver-zenec-z-n976-2-din-9-zoll-display\/","url":"https:\/\/shop.bantam.ch\/de\/produkt\/naviceiver-zenec-z-n976-2-din-9-zoll-display\/","name":"Naviceiver ZENEC Z-N976 2 DIN 9 Zoll Display - Bantam Camping AG","isPartOf":{"@id":"https:\/\/shop.bantam.ch\/de\/#website"},"primaryImageOfPage":{"@id":"https:\/\/shop.bantam.ch\/de\/produkt\/naviceiver-zenec-z-n976-2-din-9-zoll-display\/#primaryimage"},"image":{"@id":"https:\/\/shop.bantam.ch\/de\/produkt\/naviceiver-zenec-z-n976-2-din-9-zoll-display\/#primaryimage"},"thumbnailUrl":"https:\/\/shop.bantam.ch\/wp-content\/uploads\/2024\/09\/Movera-L-9963167100.jpg","datePublished":"2024-05-15T14:06:44+00:00","dateModified":"2026-04-17T21:08:05+00:00","breadcrumb":{"@id":"https:\/\/shop.bantam.ch\/de\/produkt\/naviceiver-zenec-z-n976-2-din-9-zoll-display\/#breadcrumb"},"inLanguage":"de","potentialAction":[{"@type":"ReadAction","target":["https:\/\/shop.bantam.ch\/de\/produkt\/naviceiver-zenec-z-n976-2-din-9-zoll-display\/"]}]},{"@type":"ImageObject","inLanguage":"de","@id":"https:\/\/shop.bantam.ch\/de\/produkt\/naviceiver-zenec-z-n976-2-din-9-zoll-display\/#primaryimage","url":"https:\/\/shop.bantam.ch\/wp-content\/uploads\/2024\/09\/Movera-L-9963167100.jpg","contentUrl":"https:\/\/shop.bantam.ch\/wp-content\/uploads\/2024\/09\/Movera-L-9963167100.jpg","width":640,"height":393},{"@type":"BreadcrumbList","@id":"https:\/\/shop.bantam.ch\/de\/produkt\/naviceiver-zenec-z-n976-2-din-9-zoll-display\/#breadcrumb","itemListElement":[{"@type":"ListItem","position":1,"name":"Accueil","item":"https:\/\/shop.bantam.ch\/de\/"},{"@type":"ListItem","position":2,"name":"Shop","item":"https:\/\/shop.bantam.ch\/de\/shop\/"},{"@type":"ListItem","position":3,"name":"Naviceiver ZENEC Z-N976 2 DIN 9 Zoll Display"}]},{"@type":"WebSite","@id":"https:\/\/shop.bantam.ch\/de\/#website","url":"https:\/\/shop.bantam.ch\/de\/","name":"Bantam Camping AG","description":"","publisher":{"@id":"https:\/\/shop.bantam.ch\/de\/#organization"},"inLanguage":"de"},{"@type":"Organization","@id":"https:\/\/shop.bantam.ch\/de\/#organization","name":"Bantam Camping AG","url":"https:\/\/shop.bantam.ch\/de\/","logo":{"@type":"ImageObject","inLanguage":"de","@id":"https:\/\/shop.bantam.ch\/de\/#\/schema\/logo\/image\/","url":"https:\/\/shop.bantam.ch\/wp-content\/uploads\/2022\/12\/bantam-logo.png","contentUrl":"https:\/\/shop.bantam.ch\/wp-content\/uploads\/2022\/12\/bantam-logo.png","width":320,"height":71,"caption":"Bantam Camping AG"},"image":{"@id":"https:\/\/shop.bantam.ch\/de\/#\/schema\/logo\/image\/"}}]}},"_links":{"self":[{"href":"https:\/\/shop.bantam.ch\/de\/wp-json\/wp\/v2\/product\/196736","targetHints":{"allow":["GET"]}}],"collection":[{"href":"https:\/\/shop.bantam.ch\/de\/wp-json\/wp\/v2\/product"}],"about":[{"href":"https:\/\/shop.bantam.ch\/de\/wp-json\/wp\/v2\/types\/product"}],"wp:featuredmedia":[{"embeddable":true,"href":"https:\/\/shop.bantam.ch\/de\/wp-json\/wp\/v2\/media\/206997"}],"wp:attachment":[{"href":"https:\/\/shop.bantam.ch\/de\/wp-json\/wp\/v2\/media?parent=196736"}],"wp:term":[{"taxonomy":"product_featured_cat","embeddable":true,"href":"https:\/\/shop.bantam.ch\/de\/wp-json\/wp\/v2\/product_featured_cat?post=196736"},{"taxonomy":"product_brand","embeddable":true,"href":"https:\/\/shop.bantam.ch\/de\/wp-json\/wp\/v2\/product_brand?post=196736"},{"taxonomy":"product_cat","embeddable":true,"href":"https:\/\/shop.bantam.ch\/de\/wp-json\/wp\/v2\/product_cat?post=196736"},{"taxonomy":"product_tag","embeddable":true,"href":"https:\/\/shop.bantam.ch\/de\/wp-json\/wp\/v2\/product_tag?post=196736"}],"curies":[{"name":"wp","href":"https:\/\/api.w.org\/{rel}","templated":true}]}}