{"id":196728,"date":"2024-05-15T16:06:32","date_gmt":"2024-05-15T14:06:32","guid":{"rendered":"https:\/\/shop.bantam.ch\/produit\/naviceiver-zenec-z-e3776-9-zoll-fuer-fiat-ducato\/"},"modified":"2026-04-18T23:11:13","modified_gmt":"2026-04-18T21:11:13","slug":"naviceiver-zenec-z-e3776-9-zoll-fuer-fiat-ducato","status":"publish","type":"product","link":"https:\/\/shop.bantam.ch\/de\/produkt\/naviceiver-zenec-z-e3776-9-zoll-fuer-fiat-ducato\/","title":{"rendered":"Naviceiver ZENEC Z-E3776 9 Zoll, f\u00fcr FIAT Ducato"},"content":{"rendered":"<p>ZENEC Z-E3776 &#8211; Multimediasystem kompatibel mit Fiat Ducato, 9&#8243;\/22,9 cm Touchscreen, Wireless Android Auto \/ Apple CarPlay, DAB+, USB, zum Reisemobil Navi erweiterbar.<\/p>\n<p>Der Z-E3776 ist kompatibel mit dem Fiat Ducato III, Citroen Jumper II und Peugeot Boxer II &#8211; inklusive direkter Unterst\u00fctzung der Fiat Ducato Lenkradfernbedienung. Das Mediencenter passt sich perfekt in das Cockpit ein und l\u00e4sst sich bequem \u00fcber den kapazitiven 9&#8243;\/22,9 cm Touchscreen, die Sensortasten und den Lautst\u00e4rkedrehregler bedienen. Aufgrund des modernen Bedienkonzepts, bei dem drei Quellen parallel dargestellt werden, haben Sie alle wichtigen Infos im \u00dcberblick.<\/p>\n<p>Der Z-E3776 unterst\u00fctzt Wireless Android Auto sowie Wireless Apple CarPlay und verbindet sich per WLAN kabellos mit Ihrem Handy: Telefonieren, Navigieren oder einfach Musik und Podcasts h\u00f6ren &#8211; alle unterst\u00fctzten Funktionen steuern Sie bequem per Apple Siri, den Google Sprachassistenten oder \u00fcber den Touchscreen des Media Receivers.<\/p>\n<p>Der Z-E3776 ist ein top ausgestattetes Multimediasystem mit DAB+ Doppeltuner, UKW Autorradio, Made for iPod\/iPhone, zwei USB Anschl\u00fcssen, HDMI und drei Kamera-Eing\u00e4ngen mit Mic-Audio. Ausser Telefonieren und Musikstreaming beherrscht das integrierte Bluetoothsystem auch den BT-SRC Modus: Damit k\u00f6nnen die Signale der Audioquellen des Z-E3776 kabellos an Bluetooth-Lautsprecher innerhalb und ausserhalb Ihres Fahrzeugs gestreamt und mit der ZENEC SP-REM Smartphone App bequem gesteuert werden.<br \/>\nDer Z-E3776 kann mit den neuen ZENEC Multiview-Kameras kombiniert werden und erm\u00f6glicht dadurch direkt eine freie Auswahl von unterschiedlichen Bildausschnitten und Blickwinkeln am Touchscreen.<\/p>\n<p>F\u00fcr den Z-E3776 gibt es ein Reisemobil Navipaket, dass das Ger\u00e4t zum Festeinbau-Navi erweitert &#8211; Z-EMAP76MH-TT3 (f\u00fcr Reisemobile). DAs Paket enth\u00e4lt Karten von 44 L\u00e4ndern, eine Datenbank mit 6,5 Mio. P.O.I., eine Camping P.O.I. Datenbank und die FreeOnTour\/Send- To-Car Funktion. Bei dieser Software gibt es ausserdem die M\u00f6glichkeit, ein Fahrzeugprofil auszuw\u00e4hlen und fahrzeugspezifische Daten einzugeben, um die Reiseroute optimal abzustimmen.<\/p>\n<p>Kompatibel mit Fiat Ducato III: 250\/251, ab 2006, ab 2021 Serie 8 und Serie 9 (Montagekit N-XFDUC8 erforderlich), Citroen Jumper II, 250\/250D\/250L, Peugeot Boxer II, 250\/251, ab 2006 und Opel Movano Typ C, ab 2021.<\/p>\n<p>&nbsp;<\/p>\n<p>HAUPTMERKMALE<\/p>\n<ul>\n<li>Kapazitives 9&#8243;\/22,9 cm Touchscreen-Glasdisplay<\/li>\n<li>Wireless Apple Car Play, Wireless Google Android Auto<\/li>\n<li>DAB+ Doppeltuner mit dynamischer Senderliste, DAB-FM und DAB-DAB Service- Following, MOT Slideshow und DLS Text<\/li>\n<li>UKW RDS-Tuner, 2 x USB Anschluss<\/li>\n<li>Bluetooth f\u00fcr Freisprechen und Musikstreaming<\/li>\n<li>Streaming Modul f\u00fcr externe Bluetooth-Lautsprecher<\/li>\n<li>Fernbedienbar per Smartphone-App und IR Maxi Remote<\/li>\n<li>4 x 50 W Verst\u00e4rker<\/li>\n<li>Bicolor Sensortasten-Bedienfelder, weiss\/amber<\/li>\n<\/ul>\n<p>ANSCHL\u00dcSSE<\/p>\n<ul>\n<li>4.2 Cinch Vorverst\u00e4rkerausgang (3 V)<\/li>\n<li>3 x Kamera-Eingang mit Mic-Audio<\/li>\n<li>1 x Cinch Eingang f\u00fcr ZENEC Multiview Kamera-Videosignale (CVBS) mit geschalteter Stromversorgung und Mikrofoneingang (Cam1)<\/li>\n<li>Antenneneing\u00e4nge: 1 x DIN UKW, 1 x SMB, 1 x Fakra GPS, 1 x Bluetooth\/WiFi<\/li>\n<li>1 x HDMI Eingang<\/li>\n<li>1 x Cinch A\/V In und A\/V Out<\/li>\n<li>1 x IR-In f\u00fcr externes CAN\/SWC Interface<\/li>\n<li>1 x Mini-ISO Anschluss zur Anbindung der Multifunktionslenkrad-Tasten<\/li>\n<li>1 x LIN-BUS Anschluss (f\u00fcr Ducato, Serie 8 und 9) f\u00fcr Telefontasten am Lenkrad<\/li>\n<\/ul>\n","protected":false},"excerpt":{"rendered":"<p>ZENEC Z-E3776 &#8211; Multimediasystem kompatibel mit Fiat Ducato, 9&#8243;\/22,9 cm Touchscreen, Wireless Android Auto \/ Apple CarPlay, DAB+, USB, zum Reisemobil Navi erweiterbar. Der Z-E3776 ist kompatibel mit dem Fiat Ducato III, Citroen Jumper II und Peugeot Boxer II &#8211; inklusive direkter Unterst\u00fctzung der Fiat Ducato Lenkradfernbedienung. Das Mediencenter passt sich perfekt in das Cockpit [&hellip;]<\/p>\n","protected":false},"featured_media":206993,"template":"","meta":{"_acf_changed":false},"product_featured_cat":[],"product_brand":[3213],"product_cat":[4512],"product_tag":[],"class_list":{"0":"post-196728","1":"product","2":"type-product","3":"status-publish","4":"has-post-thumbnail","6":"product_brand-zenec-de","7":"product_cat-navigationsgeraete","9":"first","10":"instock","11":"taxable","12":"shipping-taxable","13":"purchasable","14":"product-type-simple"},"acf":[],"yoast_head":"<!-- This site is optimized with the Yoast SEO plugin v27.4 - https:\/\/yoast.com\/product\/yoast-seo-wordpress\/ -->\n<title>Naviceiver ZENEC Z-E3776 9 Zoll, f\u00fcr FIAT Ducato - Bantam Camping AG<\/title>\n<meta name=\"robots\" content=\"index, follow, max-snippet:-1, max-image-preview:large, max-video-preview:-1\" \/>\n<link rel=\"canonical\" href=\"https:\/\/shop.bantam.ch\/de\/produkt\/naviceiver-zenec-z-e3776-9-zoll-fuer-fiat-ducato\/\" \/>\n<meta property=\"og:locale\" content=\"de_DE\" \/>\n<meta property=\"og:type\" content=\"article\" \/>\n<meta property=\"og:title\" content=\"Naviceiver ZENEC Z-E3776 9 Zoll, f\u00fcr FIAT Ducato - Bantam Camping AG\" \/>\n<meta property=\"og:description\" content=\"ZENEC Z-E3776 &#8211; Multimediasystem kompatibel mit Fiat Ducato, 9&#8243;\/22,9 cm Touchscreen, Wireless Android Auto \/ Apple CarPlay, DAB+, USB, zum Reisemobil Navi erweiterbar. Der Z-E3776 ist kompatibel mit dem Fiat Ducato III, Citroen Jumper II und Peugeot Boxer II &#8211; inklusive direkter Unterst\u00fctzung der Fiat Ducato Lenkradfernbedienung. Das Mediencenter passt sich perfekt in das Cockpit [&hellip;]\" \/>\n<meta property=\"og:url\" content=\"https:\/\/shop.bantam.ch\/de\/produkt\/naviceiver-zenec-z-e3776-9-zoll-fuer-fiat-ducato\/\" \/>\n<meta property=\"og:site_name\" content=\"Bantam Camping AG\" \/>\n<meta property=\"article:modified_time\" content=\"2026-04-18T21:11:13+00:00\" \/>\n<meta property=\"og:image\" content=\"https:\/\/shop.bantam.ch\/wp-content\/uploads\/2024\/05\/Movera-L-9963166100.jpg\" \/>\n\t<meta property=\"og:image:width\" content=\"567\" \/>\n\t<meta property=\"og:image:height\" content=\"407\" \/>\n\t<meta property=\"og:image:type\" content=\"image\/jpeg\" \/>\n<meta name=\"twitter:card\" content=\"summary_large_image\" \/>\n<meta name=\"twitter:label1\" content=\"Gesch\u00e4tzte Lesezeit\" \/>\n\t<meta name=\"twitter:data1\" content=\"2\u00a0Minuten\" \/>\n<script type=\"application\/ld+json\" class=\"yoast-schema-graph\">{\"@context\":\"https:\\\/\\\/schema.org\",\"@graph\":[{\"@type\":\"WebPage\",\"@id\":\"https:\\\/\\\/shop.bantam.ch\\\/de\\\/produkt\\\/naviceiver-zenec-z-e3776-9-zoll-fuer-fiat-ducato\\\/\",\"url\":\"https:\\\/\\\/shop.bantam.ch\\\/de\\\/produkt\\\/naviceiver-zenec-z-e3776-9-zoll-fuer-fiat-ducato\\\/\",\"name\":\"Naviceiver ZENEC Z-E3776 9 Zoll, f\u00fcr FIAT Ducato - Bantam Camping AG\",\"isPartOf\":{\"@id\":\"https:\\\/\\\/shop.bantam.ch\\\/de\\\/#website\"},\"primaryImageOfPage\":{\"@id\":\"https:\\\/\\\/shop.bantam.ch\\\/de\\\/produkt\\\/naviceiver-zenec-z-e3776-9-zoll-fuer-fiat-ducato\\\/#primaryimage\"},\"image\":{\"@id\":\"https:\\\/\\\/shop.bantam.ch\\\/de\\\/produkt\\\/naviceiver-zenec-z-e3776-9-zoll-fuer-fiat-ducato\\\/#primaryimage\"},\"thumbnailUrl\":\"https:\\\/\\\/shop.bantam.ch\\\/wp-content\\\/uploads\\\/2024\\\/09\\\/Movera-L-9963166100.jpg\",\"datePublished\":\"2024-05-15T14:06:32+00:00\",\"dateModified\":\"2026-04-18T21:11:13+00:00\",\"breadcrumb\":{\"@id\":\"https:\\\/\\\/shop.bantam.ch\\\/de\\\/produkt\\\/naviceiver-zenec-z-e3776-9-zoll-fuer-fiat-ducato\\\/#breadcrumb\"},\"inLanguage\":\"de\",\"potentialAction\":[{\"@type\":\"ReadAction\",\"target\":[\"https:\\\/\\\/shop.bantam.ch\\\/de\\\/produkt\\\/naviceiver-zenec-z-e3776-9-zoll-fuer-fiat-ducato\\\/\"]}]},{\"@type\":\"ImageObject\",\"inLanguage\":\"de\",\"@id\":\"https:\\\/\\\/shop.bantam.ch\\\/de\\\/produkt\\\/naviceiver-zenec-z-e3776-9-zoll-fuer-fiat-ducato\\\/#primaryimage\",\"url\":\"https:\\\/\\\/shop.bantam.ch\\\/wp-content\\\/uploads\\\/2024\\\/09\\\/Movera-L-9963166100.jpg\",\"contentUrl\":\"https:\\\/\\\/shop.bantam.ch\\\/wp-content\\\/uploads\\\/2024\\\/09\\\/Movera-L-9963166100.jpg\",\"width\":567,\"height\":407},{\"@type\":\"BreadcrumbList\",\"@id\":\"https:\\\/\\\/shop.bantam.ch\\\/de\\\/produkt\\\/naviceiver-zenec-z-e3776-9-zoll-fuer-fiat-ducato\\\/#breadcrumb\",\"itemListElement\":[{\"@type\":\"ListItem\",\"position\":1,\"name\":\"Accueil\",\"item\":\"https:\\\/\\\/shop.bantam.ch\\\/de\\\/\"},{\"@type\":\"ListItem\",\"position\":2,\"name\":\"Shop\",\"item\":\"https:\\\/\\\/shop.bantam.ch\\\/de\\\/shop\\\/\"},{\"@type\":\"ListItem\",\"position\":3,\"name\":\"Naviceiver ZENEC Z-E3776 9 Zoll, f\u00fcr FIAT Ducato\"}]},{\"@type\":\"WebSite\",\"@id\":\"https:\\\/\\\/shop.bantam.ch\\\/de\\\/#website\",\"url\":\"https:\\\/\\\/shop.bantam.ch\\\/de\\\/\",\"name\":\"Bantam Camping AG\",\"description\":\"\",\"publisher\":{\"@id\":\"https:\\\/\\\/shop.bantam.ch\\\/de\\\/#organization\"},\"inLanguage\":\"de\"},{\"@type\":\"Organization\",\"@id\":\"https:\\\/\\\/shop.bantam.ch\\\/de\\\/#organization\",\"name\":\"Bantam Camping AG\",\"url\":\"https:\\\/\\\/shop.bantam.ch\\\/de\\\/\",\"logo\":{\"@type\":\"ImageObject\",\"inLanguage\":\"de\",\"@id\":\"https:\\\/\\\/shop.bantam.ch\\\/de\\\/#\\\/schema\\\/logo\\\/image\\\/\",\"url\":\"https:\\\/\\\/shop.bantam.ch\\\/wp-content\\\/uploads\\\/2022\\\/12\\\/bantam-logo.png\",\"contentUrl\":\"https:\\\/\\\/shop.bantam.ch\\\/wp-content\\\/uploads\\\/2022\\\/12\\\/bantam-logo.png\",\"width\":320,\"height\":71,\"caption\":\"Bantam Camping AG\"},\"image\":{\"@id\":\"https:\\\/\\\/shop.bantam.ch\\\/de\\\/#\\\/schema\\\/logo\\\/image\\\/\"}}]}<\/script>\n<!-- \/ Yoast SEO plugin. -->","yoast_head_json":{"title":"Naviceiver ZENEC Z-E3776 9 Zoll, f\u00fcr FIAT Ducato - Bantam Camping AG","robots":{"index":"index","follow":"follow","max-snippet":"max-snippet:-1","max-image-preview":"max-image-preview:large","max-video-preview":"max-video-preview:-1"},"canonical":"https:\/\/shop.bantam.ch\/de\/produkt\/naviceiver-zenec-z-e3776-9-zoll-fuer-fiat-ducato\/","og_locale":"de_DE","og_type":"article","og_title":"Naviceiver ZENEC Z-E3776 9 Zoll, f\u00fcr FIAT Ducato - Bantam Camping AG","og_description":"ZENEC Z-E3776 &#8211; Multimediasystem kompatibel mit Fiat Ducato, 9&#8243;\/22,9 cm Touchscreen, Wireless Android Auto \/ Apple CarPlay, DAB+, USB, zum Reisemobil Navi erweiterbar. Der Z-E3776 ist kompatibel mit dem Fiat Ducato III, Citroen Jumper II und Peugeot Boxer II &#8211; inklusive direkter Unterst\u00fctzung der Fiat Ducato Lenkradfernbedienung. Das Mediencenter passt sich perfekt in das Cockpit [&hellip;]","og_url":"https:\/\/shop.bantam.ch\/de\/produkt\/naviceiver-zenec-z-e3776-9-zoll-fuer-fiat-ducato\/","og_site_name":"Bantam Camping AG","article_modified_time":"2026-04-18T21:11:13+00:00","og_image":[{"width":567,"height":407,"url":"https:\/\/shop.bantam.ch\/wp-content\/uploads\/2024\/05\/Movera-L-9963166100.jpg","type":"image\/jpeg"}],"twitter_card":"summary_large_image","twitter_misc":{"Gesch\u00e4tzte Lesezeit":"2\u00a0Minuten"},"schema":{"@context":"https:\/\/schema.org","@graph":[{"@type":"WebPage","@id":"https:\/\/shop.bantam.ch\/de\/produkt\/naviceiver-zenec-z-e3776-9-zoll-fuer-fiat-ducato\/","url":"https:\/\/shop.bantam.ch\/de\/produkt\/naviceiver-zenec-z-e3776-9-zoll-fuer-fiat-ducato\/","name":"Naviceiver ZENEC Z-E3776 9 Zoll, f\u00fcr FIAT Ducato - Bantam Camping AG","isPartOf":{"@id":"https:\/\/shop.bantam.ch\/de\/#website"},"primaryImageOfPage":{"@id":"https:\/\/shop.bantam.ch\/de\/produkt\/naviceiver-zenec-z-e3776-9-zoll-fuer-fiat-ducato\/#primaryimage"},"image":{"@id":"https:\/\/shop.bantam.ch\/de\/produkt\/naviceiver-zenec-z-e3776-9-zoll-fuer-fiat-ducato\/#primaryimage"},"thumbnailUrl":"https:\/\/shop.bantam.ch\/wp-content\/uploads\/2024\/09\/Movera-L-9963166100.jpg","datePublished":"2024-05-15T14:06:32+00:00","dateModified":"2026-04-18T21:11:13+00:00","breadcrumb":{"@id":"https:\/\/shop.bantam.ch\/de\/produkt\/naviceiver-zenec-z-e3776-9-zoll-fuer-fiat-ducato\/#breadcrumb"},"inLanguage":"de","potentialAction":[{"@type":"ReadAction","target":["https:\/\/shop.bantam.ch\/de\/produkt\/naviceiver-zenec-z-e3776-9-zoll-fuer-fiat-ducato\/"]}]},{"@type":"ImageObject","inLanguage":"de","@id":"https:\/\/shop.bantam.ch\/de\/produkt\/naviceiver-zenec-z-e3776-9-zoll-fuer-fiat-ducato\/#primaryimage","url":"https:\/\/shop.bantam.ch\/wp-content\/uploads\/2024\/09\/Movera-L-9963166100.jpg","contentUrl":"https:\/\/shop.bantam.ch\/wp-content\/uploads\/2024\/09\/Movera-L-9963166100.jpg","width":567,"height":407},{"@type":"BreadcrumbList","@id":"https:\/\/shop.bantam.ch\/de\/produkt\/naviceiver-zenec-z-e3776-9-zoll-fuer-fiat-ducato\/#breadcrumb","itemListElement":[{"@type":"ListItem","position":1,"name":"Accueil","item":"https:\/\/shop.bantam.ch\/de\/"},{"@type":"ListItem","position":2,"name":"Shop","item":"https:\/\/shop.bantam.ch\/de\/shop\/"},{"@type":"ListItem","position":3,"name":"Naviceiver ZENEC Z-E3776 9 Zoll, f\u00fcr FIAT Ducato"}]},{"@type":"WebSite","@id":"https:\/\/shop.bantam.ch\/de\/#website","url":"https:\/\/shop.bantam.ch\/de\/","name":"Bantam Camping AG","description":"","publisher":{"@id":"https:\/\/shop.bantam.ch\/de\/#organization"},"inLanguage":"de"},{"@type":"Organization","@id":"https:\/\/shop.bantam.ch\/de\/#organization","name":"Bantam Camping AG","url":"https:\/\/shop.bantam.ch\/de\/","logo":{"@type":"ImageObject","inLanguage":"de","@id":"https:\/\/shop.bantam.ch\/de\/#\/schema\/logo\/image\/","url":"https:\/\/shop.bantam.ch\/wp-content\/uploads\/2022\/12\/bantam-logo.png","contentUrl":"https:\/\/shop.bantam.ch\/wp-content\/uploads\/2022\/12\/bantam-logo.png","width":320,"height":71,"caption":"Bantam Camping AG"},"image":{"@id":"https:\/\/shop.bantam.ch\/de\/#\/schema\/logo\/image\/"}}]}},"_links":{"self":[{"href":"https:\/\/shop.bantam.ch\/de\/wp-json\/wp\/v2\/product\/196728","targetHints":{"allow":["GET"]}}],"collection":[{"href":"https:\/\/shop.bantam.ch\/de\/wp-json\/wp\/v2\/product"}],"about":[{"href":"https:\/\/shop.bantam.ch\/de\/wp-json\/wp\/v2\/types\/product"}],"wp:featuredmedia":[{"embeddable":true,"href":"https:\/\/shop.bantam.ch\/de\/wp-json\/wp\/v2\/media\/206993"}],"wp:attachment":[{"href":"https:\/\/shop.bantam.ch\/de\/wp-json\/wp\/v2\/media?parent=196728"}],"wp:term":[{"taxonomy":"product_featured_cat","embeddable":true,"href":"https:\/\/shop.bantam.ch\/de\/wp-json\/wp\/v2\/product_featured_cat?post=196728"},{"taxonomy":"product_brand","embeddable":true,"href":"https:\/\/shop.bantam.ch\/de\/wp-json\/wp\/v2\/product_brand?post=196728"},{"taxonomy":"product_cat","embeddable":true,"href":"https:\/\/shop.bantam.ch\/de\/wp-json\/wp\/v2\/product_cat?post=196728"},{"taxonomy":"product_tag","embeddable":true,"href":"https:\/\/shop.bantam.ch\/de\/wp-json\/wp\/v2\/product_tag?post=196728"}],"curies":[{"name":"wp","href":"https:\/\/api.w.org\/{rel}","templated":true}]}}