{"id":196700,"date":"2024-05-15T16:06:09","date_gmt":"2024-05-15T14:06:09","guid":{"rendered":"https:\/\/shop.bantam.ch\/produit\/kuehlbox-outwell-ecocool-24-12v-230v-farbe-lite-dark-blue\/"},"modified":"2026-04-18T23:11:06","modified_gmt":"2026-04-18T21:11:06","slug":"kuehlbox-outwell-ecocool-24-12v-230v-farbe-lite-dark-blue","status":"publish","type":"product","link":"https:\/\/shop.bantam.ch\/de\/produkt\/kuehlbox-outwell-ecocool-24-12v-230v-farbe-lite-dark-blue\/","title":{"rendered":"K\u00fchlbox Outwell ECOcool 24 12V\/230V Farbe Lite Dark Blue"},"content":{"rendered":"<p>Diese vielseitige K\u00fchlbox verleiht Ihren Campingausfl\u00fcgen und Picknicks einen Farbtupfer und kann mit Auto- und Standardsteckdosen verwendet werden. Dank des cleveren, benutzerfreundlichen Tragegriffs und des leichten Materials l\u00e4sst sie sich m\u00fchelos tragen. Der Innenraum bietet viel Platz f\u00fcr Speisen und Getr\u00e4nke. Durch die Trennwand im Inneren und die W\u00e4rm- und K\u00fchlfunktion ist sie auch \u00e4u\u00dferst praktisch.<\/p>\n<ul>\n<li>K\u00fchlt auf 18\u00b0 C unter der Au\u00dfentemperatur herunter<\/li>\n<li>Kann f\u00fcr 12V und 230V verwendet werden<\/li>\n<li>Griff wird vom Kabel nicht behindert<\/li>\n<li>Hochdichter Schaumstoff f\u00fcr verbesserte Isolierung<\/li>\n<li>K\u00fchl- und Warmhaltefunktion-<\/li>\n<li>Erw\u00e4rmt auf 50\u00b0C<\/li>\n<li>Innere Trennwand<\/li>\n<li>Optimale L\u00fcftungsleistung<\/li>\n<li>Leicht und kompakt<\/li>\n<li>F\u00fcr 1,75-Flaschen geeignet<\/li>\n<\/ul>\n","protected":false},"excerpt":{"rendered":"<p>Diese vielseitige K\u00fchlbox verleiht Ihren Campingausfl\u00fcgen und Picknicks einen Farbtupfer und kann mit Auto- und Standardsteckdosen verwendet werden. Dank des cleveren, benutzerfreundlichen Tragegriffs und des leichten Materials l\u00e4sst sie sich m\u00fchelos tragen. Der Innenraum bietet viel Platz f\u00fcr Speisen und Getr\u00e4nke. Durch die Trennwand im Inneren und die W\u00e4rm- und K\u00fchlfunktion ist sie auch \u00e4u\u00dferst [&hellip;]<\/p>\n","protected":false},"featured_media":206987,"template":"","meta":{"_acf_changed":false},"product_featured_cat":[],"product_brand":[3297],"product_cat":[4544],"product_tag":[],"class_list":{"0":"post-196700","1":"product","2":"type-product","3":"status-publish","4":"has-post-thumbnail","6":"product_brand-outwell-de","7":"product_cat-thermoelektrische-kuehlboxen","9":"first","10":"instock","11":"taxable","12":"shipping-taxable","13":"purchasable","14":"product-type-simple"},"acf":[],"yoast_head":"<!-- This site is optimized with the Yoast SEO plugin v27.4 - https:\/\/yoast.com\/product\/yoast-seo-wordpress\/ -->\n<title>K\u00fchlbox Outwell ECOcool 24 12V\/230V Farbe Lite Dark Blue - Bantam Camping AG<\/title>\n<meta name=\"robots\" content=\"index, follow, max-snippet:-1, max-image-preview:large, max-video-preview:-1\" \/>\n<link rel=\"canonical\" href=\"https:\/\/shop.bantam.ch\/de\/produkt\/kuehlbox-outwell-ecocool-24-12v-230v-farbe-lite-dark-blue\/\" \/>\n<meta property=\"og:locale\" content=\"de_DE\" \/>\n<meta property=\"og:type\" content=\"article\" \/>\n<meta property=\"og:title\" content=\"K\u00fchlbox Outwell ECOcool 24 12V\/230V Farbe Lite Dark Blue - Bantam Camping AG\" \/>\n<meta property=\"og:description\" content=\"Diese vielseitige K\u00fchlbox verleiht Ihren Campingausfl\u00fcgen und Picknicks einen Farbtupfer und kann mit Auto- und Standardsteckdosen verwendet werden. Dank des cleveren, benutzerfreundlichen Tragegriffs und des leichten Materials l\u00e4sst sie sich m\u00fchelos tragen. Der Innenraum bietet viel Platz f\u00fcr Speisen und Getr\u00e4nke. Durch die Trennwand im Inneren und die W\u00e4rm- und K\u00fchlfunktion ist sie auch \u00e4u\u00dferst [&hellip;]\" \/>\n<meta property=\"og:url\" content=\"https:\/\/shop.bantam.ch\/de\/produkt\/kuehlbox-outwell-ecocool-24-12v-230v-farbe-lite-dark-blue\/\" \/>\n<meta property=\"og:site_name\" content=\"Bantam Camping AG\" \/>\n<meta property=\"article:modified_time\" content=\"2026-04-18T21:11:06+00:00\" \/>\n<meta property=\"og:image\" content=\"https:\/\/shop.bantam.ch\/wp-content\/uploads\/2024\/05\/Movera-L-9962028100.jpg\" \/>\n\t<meta property=\"og:image:width\" content=\"640\" \/>\n\t<meta property=\"og:image:height\" content=\"360\" \/>\n\t<meta property=\"og:image:type\" content=\"image\/jpeg\" \/>\n<meta name=\"twitter:card\" content=\"summary_large_image\" \/>\n<meta name=\"twitter:label1\" content=\"Gesch\u00e4tzte Lesezeit\" \/>\n\t<meta name=\"twitter:data1\" content=\"1\u00a0Minute\" \/>\n<script type=\"application\/ld+json\" class=\"yoast-schema-graph\">{\"@context\":\"https:\\\/\\\/schema.org\",\"@graph\":[{\"@type\":\"WebPage\",\"@id\":\"https:\\\/\\\/shop.bantam.ch\\\/de\\\/produkt\\\/kuehlbox-outwell-ecocool-24-12v-230v-farbe-lite-dark-blue\\\/\",\"url\":\"https:\\\/\\\/shop.bantam.ch\\\/de\\\/produkt\\\/kuehlbox-outwell-ecocool-24-12v-230v-farbe-lite-dark-blue\\\/\",\"name\":\"K\u00fchlbox Outwell ECOcool 24 12V\\\/230V Farbe Lite Dark Blue - Bantam Camping AG\",\"isPartOf\":{\"@id\":\"https:\\\/\\\/shop.bantam.ch\\\/de\\\/#website\"},\"primaryImageOfPage\":{\"@id\":\"https:\\\/\\\/shop.bantam.ch\\\/de\\\/produkt\\\/kuehlbox-outwell-ecocool-24-12v-230v-farbe-lite-dark-blue\\\/#primaryimage\"},\"image\":{\"@id\":\"https:\\\/\\\/shop.bantam.ch\\\/de\\\/produkt\\\/kuehlbox-outwell-ecocool-24-12v-230v-farbe-lite-dark-blue\\\/#primaryimage\"},\"thumbnailUrl\":\"https:\\\/\\\/shop.bantam.ch\\\/wp-content\\\/uploads\\\/2024\\\/09\\\/Movera-L-9962028100.jpg\",\"datePublished\":\"2024-05-15T14:06:09+00:00\",\"dateModified\":\"2026-04-18T21:11:06+00:00\",\"breadcrumb\":{\"@id\":\"https:\\\/\\\/shop.bantam.ch\\\/de\\\/produkt\\\/kuehlbox-outwell-ecocool-24-12v-230v-farbe-lite-dark-blue\\\/#breadcrumb\"},\"inLanguage\":\"de\",\"potentialAction\":[{\"@type\":\"ReadAction\",\"target\":[\"https:\\\/\\\/shop.bantam.ch\\\/de\\\/produkt\\\/kuehlbox-outwell-ecocool-24-12v-230v-farbe-lite-dark-blue\\\/\"]}]},{\"@type\":\"ImageObject\",\"inLanguage\":\"de\",\"@id\":\"https:\\\/\\\/shop.bantam.ch\\\/de\\\/produkt\\\/kuehlbox-outwell-ecocool-24-12v-230v-farbe-lite-dark-blue\\\/#primaryimage\",\"url\":\"https:\\\/\\\/shop.bantam.ch\\\/wp-content\\\/uploads\\\/2024\\\/09\\\/Movera-L-9962028100.jpg\",\"contentUrl\":\"https:\\\/\\\/shop.bantam.ch\\\/wp-content\\\/uploads\\\/2024\\\/09\\\/Movera-L-9962028100.jpg\",\"width\":640,\"height\":360},{\"@type\":\"BreadcrumbList\",\"@id\":\"https:\\\/\\\/shop.bantam.ch\\\/de\\\/produkt\\\/kuehlbox-outwell-ecocool-24-12v-230v-farbe-lite-dark-blue\\\/#breadcrumb\",\"itemListElement\":[{\"@type\":\"ListItem\",\"position\":1,\"name\":\"Accueil\",\"item\":\"https:\\\/\\\/shop.bantam.ch\\\/de\\\/\"},{\"@type\":\"ListItem\",\"position\":2,\"name\":\"Shop\",\"item\":\"https:\\\/\\\/shop.bantam.ch\\\/de\\\/shop\\\/\"},{\"@type\":\"ListItem\",\"position\":3,\"name\":\"K\u00fchlbox Outwell ECOcool 24 12V\\\/230V Farbe Lite Dark Blue\"}]},{\"@type\":\"WebSite\",\"@id\":\"https:\\\/\\\/shop.bantam.ch\\\/de\\\/#website\",\"url\":\"https:\\\/\\\/shop.bantam.ch\\\/de\\\/\",\"name\":\"Bantam Camping AG\",\"description\":\"\",\"publisher\":{\"@id\":\"https:\\\/\\\/shop.bantam.ch\\\/de\\\/#organization\"},\"inLanguage\":\"de\"},{\"@type\":\"Organization\",\"@id\":\"https:\\\/\\\/shop.bantam.ch\\\/de\\\/#organization\",\"name\":\"Bantam Camping AG\",\"url\":\"https:\\\/\\\/shop.bantam.ch\\\/de\\\/\",\"logo\":{\"@type\":\"ImageObject\",\"inLanguage\":\"de\",\"@id\":\"https:\\\/\\\/shop.bantam.ch\\\/de\\\/#\\\/schema\\\/logo\\\/image\\\/\",\"url\":\"https:\\\/\\\/shop.bantam.ch\\\/wp-content\\\/uploads\\\/2022\\\/12\\\/bantam-logo.png\",\"contentUrl\":\"https:\\\/\\\/shop.bantam.ch\\\/wp-content\\\/uploads\\\/2022\\\/12\\\/bantam-logo.png\",\"width\":320,\"height\":71,\"caption\":\"Bantam Camping AG\"},\"image\":{\"@id\":\"https:\\\/\\\/shop.bantam.ch\\\/de\\\/#\\\/schema\\\/logo\\\/image\\\/\"}}]}<\/script>\n<!-- \/ Yoast SEO plugin. -->","yoast_head_json":{"title":"K\u00fchlbox Outwell ECOcool 24 12V\/230V Farbe Lite Dark Blue - Bantam Camping AG","robots":{"index":"index","follow":"follow","max-snippet":"max-snippet:-1","max-image-preview":"max-image-preview:large","max-video-preview":"max-video-preview:-1"},"canonical":"https:\/\/shop.bantam.ch\/de\/produkt\/kuehlbox-outwell-ecocool-24-12v-230v-farbe-lite-dark-blue\/","og_locale":"de_DE","og_type":"article","og_title":"K\u00fchlbox Outwell ECOcool 24 12V\/230V Farbe Lite Dark Blue - Bantam Camping AG","og_description":"Diese vielseitige K\u00fchlbox verleiht Ihren Campingausfl\u00fcgen und Picknicks einen Farbtupfer und kann mit Auto- und Standardsteckdosen verwendet werden. Dank des cleveren, benutzerfreundlichen Tragegriffs und des leichten Materials l\u00e4sst sie sich m\u00fchelos tragen. Der Innenraum bietet viel Platz f\u00fcr Speisen und Getr\u00e4nke. Durch die Trennwand im Inneren und die W\u00e4rm- und K\u00fchlfunktion ist sie auch \u00e4u\u00dferst [&hellip;]","og_url":"https:\/\/shop.bantam.ch\/de\/produkt\/kuehlbox-outwell-ecocool-24-12v-230v-farbe-lite-dark-blue\/","og_site_name":"Bantam Camping AG","article_modified_time":"2026-04-18T21:11:06+00:00","og_image":[{"width":640,"height":360,"url":"https:\/\/shop.bantam.ch\/wp-content\/uploads\/2024\/05\/Movera-L-9962028100.jpg","type":"image\/jpeg"}],"twitter_card":"summary_large_image","twitter_misc":{"Gesch\u00e4tzte Lesezeit":"1\u00a0Minute"},"schema":{"@context":"https:\/\/schema.org","@graph":[{"@type":"WebPage","@id":"https:\/\/shop.bantam.ch\/de\/produkt\/kuehlbox-outwell-ecocool-24-12v-230v-farbe-lite-dark-blue\/","url":"https:\/\/shop.bantam.ch\/de\/produkt\/kuehlbox-outwell-ecocool-24-12v-230v-farbe-lite-dark-blue\/","name":"K\u00fchlbox Outwell ECOcool 24 12V\/230V Farbe Lite Dark Blue - Bantam Camping AG","isPartOf":{"@id":"https:\/\/shop.bantam.ch\/de\/#website"},"primaryImageOfPage":{"@id":"https:\/\/shop.bantam.ch\/de\/produkt\/kuehlbox-outwell-ecocool-24-12v-230v-farbe-lite-dark-blue\/#primaryimage"},"image":{"@id":"https:\/\/shop.bantam.ch\/de\/produkt\/kuehlbox-outwell-ecocool-24-12v-230v-farbe-lite-dark-blue\/#primaryimage"},"thumbnailUrl":"https:\/\/shop.bantam.ch\/wp-content\/uploads\/2024\/09\/Movera-L-9962028100.jpg","datePublished":"2024-05-15T14:06:09+00:00","dateModified":"2026-04-18T21:11:06+00:00","breadcrumb":{"@id":"https:\/\/shop.bantam.ch\/de\/produkt\/kuehlbox-outwell-ecocool-24-12v-230v-farbe-lite-dark-blue\/#breadcrumb"},"inLanguage":"de","potentialAction":[{"@type":"ReadAction","target":["https:\/\/shop.bantam.ch\/de\/produkt\/kuehlbox-outwell-ecocool-24-12v-230v-farbe-lite-dark-blue\/"]}]},{"@type":"ImageObject","inLanguage":"de","@id":"https:\/\/shop.bantam.ch\/de\/produkt\/kuehlbox-outwell-ecocool-24-12v-230v-farbe-lite-dark-blue\/#primaryimage","url":"https:\/\/shop.bantam.ch\/wp-content\/uploads\/2024\/09\/Movera-L-9962028100.jpg","contentUrl":"https:\/\/shop.bantam.ch\/wp-content\/uploads\/2024\/09\/Movera-L-9962028100.jpg","width":640,"height":360},{"@type":"BreadcrumbList","@id":"https:\/\/shop.bantam.ch\/de\/produkt\/kuehlbox-outwell-ecocool-24-12v-230v-farbe-lite-dark-blue\/#breadcrumb","itemListElement":[{"@type":"ListItem","position":1,"name":"Accueil","item":"https:\/\/shop.bantam.ch\/de\/"},{"@type":"ListItem","position":2,"name":"Shop","item":"https:\/\/shop.bantam.ch\/de\/shop\/"},{"@type":"ListItem","position":3,"name":"K\u00fchlbox Outwell ECOcool 24 12V\/230V Farbe Lite Dark Blue"}]},{"@type":"WebSite","@id":"https:\/\/shop.bantam.ch\/de\/#website","url":"https:\/\/shop.bantam.ch\/de\/","name":"Bantam Camping AG","description":"","publisher":{"@id":"https:\/\/shop.bantam.ch\/de\/#organization"},"inLanguage":"de"},{"@type":"Organization","@id":"https:\/\/shop.bantam.ch\/de\/#organization","name":"Bantam Camping AG","url":"https:\/\/shop.bantam.ch\/de\/","logo":{"@type":"ImageObject","inLanguage":"de","@id":"https:\/\/shop.bantam.ch\/de\/#\/schema\/logo\/image\/","url":"https:\/\/shop.bantam.ch\/wp-content\/uploads\/2022\/12\/bantam-logo.png","contentUrl":"https:\/\/shop.bantam.ch\/wp-content\/uploads\/2022\/12\/bantam-logo.png","width":320,"height":71,"caption":"Bantam Camping AG"},"image":{"@id":"https:\/\/shop.bantam.ch\/de\/#\/schema\/logo\/image\/"}}]}},"_links":{"self":[{"href":"https:\/\/shop.bantam.ch\/de\/wp-json\/wp\/v2\/product\/196700","targetHints":{"allow":["GET"]}}],"collection":[{"href":"https:\/\/shop.bantam.ch\/de\/wp-json\/wp\/v2\/product"}],"about":[{"href":"https:\/\/shop.bantam.ch\/de\/wp-json\/wp\/v2\/types\/product"}],"wp:featuredmedia":[{"embeddable":true,"href":"https:\/\/shop.bantam.ch\/de\/wp-json\/wp\/v2\/media\/206987"}],"wp:attachment":[{"href":"https:\/\/shop.bantam.ch\/de\/wp-json\/wp\/v2\/media?parent=196700"}],"wp:term":[{"taxonomy":"product_featured_cat","embeddable":true,"href":"https:\/\/shop.bantam.ch\/de\/wp-json\/wp\/v2\/product_featured_cat?post=196700"},{"taxonomy":"product_brand","embeddable":true,"href":"https:\/\/shop.bantam.ch\/de\/wp-json\/wp\/v2\/product_brand?post=196700"},{"taxonomy":"product_cat","embeddable":true,"href":"https:\/\/shop.bantam.ch\/de\/wp-json\/wp\/v2\/product_cat?post=196700"},{"taxonomy":"product_tag","embeddable":true,"href":"https:\/\/shop.bantam.ch\/de\/wp-json\/wp\/v2\/product_tag?post=196700"}],"curies":[{"name":"wp","href":"https:\/\/api.w.org\/{rel}","templated":true}]}}