{"id":196686,"date":"2024-05-15T16:05:53","date_gmt":"2024-05-15T14:05:53","guid":{"rendered":"https:\/\/shop.bantam.ch\/produit\/rueckfahrvideosystem-caratec-csv7010b-inkl-7-zoll-monitor-und-kamera-fuer-3-bremsleuchte\/"},"modified":"2026-04-19T23:13:38","modified_gmt":"2026-04-19T21:13:38","slug":"rueckfahrvideosystem-caratec-csv7010b-inkl-7-zoll-monitor-und-kamera-fuer-3-bremsleuchte","status":"publish","type":"product","link":"https:\/\/shop.bantam.ch\/de\/produkt\/rueckfahrvideosystem-caratec-csv7010b-inkl-7-zoll-monitor-und-kamera-fuer-3-bremsleuchte\/","title":{"rendered":"R\u00fcckfahrvideosystem Caratec CSV7010B inkl. 7 Zoll Monitor und Kamera f\u00fcr 3. Bremsleuchte"},"content":{"rendered":"<p>Entdecken Sie eine neue Dimension der Sicherheit und Praktikabilit\u00e4t mit unserem herausragenden Set, das einen hochaufl\u00f6senden 7\u201d R\u00fcckfahrmonitor f\u00fcr Kastenwagen und eine fahrzeugspezifische R\u00fcckfahrkamera umfasst.<\/p>\n<p>Der gro\u00dfz\u00fcgige 7\u201d R\u00fcckfahrmonitor bietet Ihnen eine atemberaubende Bildqualit\u00e4t und ein \u00fcbersichtliches Anzeigefeld, das Ihnen ein m\u00fcheloses Man\u00f6vrieren und Parken erm\u00f6glicht. Dank seiner beeindruckenden Gr\u00f6\u00dfe haben Sie stets den perfekten Blick auf das Geschehen hinter Ihrem Wohnmobil, um jedes Hindernis souver\u00e4n zu umfahren. Dieses Set l\u00e4sst sich leicht erweitern, der Monitor stellt drei Kamera-Eing\u00e4nge zur Verf\u00fcgung.<\/p>\n<p>Die R\u00fcckfahrkamera wurde speziell entwickelt, um h\u00f6chste Anspr\u00fcche an Qualit\u00e4t und Funktionalit\u00e4t zu erf\u00fcllen. Die fortschrittliche Technologie gew\u00e4hrleistet aufgrund der hohen Lichtempfindlichkeit eine gute Nachtsichtfunktion, sodass Sie auch bei schlechten Lichtverh\u00e4ltnissen optimal sehen k\u00f6nnen. Die Kamera ist zudem wasserdicht und \u00e4u\u00dferst robust, um den unterschiedlichsten Wetterbedingungen standzuhalten.<\/p>\n<p>Die Installation dieses Sets ist einfach und unkompliziert. Dank der ma\u00dfgeschneiderten Kompatibilit\u00e4t mit Ducato, Jumper und Boxer k\u00f6nnen Sie schnell und problemlos von der erh\u00f6hten Sicherheit und dem zus\u00e4tzlichen Komfort profitieren, den dieses Set bietet. Lediglich die Leitungsverlegung von der Kamera zum Monitor nimmt etwas Zeit in Anspruch.<\/p>\n<p>Lieferumfang:<br \/>\nInklusive Monitor CSM7010, R\u00fcckfahrkamera CS120B, Verbindungsleitung MCA29004 (20 m), Fernbedienung f\u00fcr den Monitor, Leitungssatz, universeller und kompakter Monitorhalter<\/p>\n","protected":false},"excerpt":{"rendered":"<p>Entdecken Sie eine neue Dimension der Sicherheit und Praktikabilit\u00e4t mit unserem herausragenden Set, das einen hochaufl\u00f6senden 7\u201d R\u00fcckfahrmonitor f\u00fcr Kastenwagen und eine fahrzeugspezifische R\u00fcckfahrkamera umfasst. Der gro\u00dfz\u00fcgige 7\u201d R\u00fcckfahrmonitor bietet Ihnen eine atemberaubende Bildqualit\u00e4t und ein \u00fcbersichtliches Anzeigefeld, das Ihnen ein m\u00fcheloses Man\u00f6vrieren und Parken erm\u00f6glicht. Dank seiner beeindruckenden Gr\u00f6\u00dfe haben Sie stets den perfekten [&hellip;]<\/p>\n","protected":false},"featured_media":206983,"template":"","meta":{"_acf_changed":false},"product_featured_cat":[],"product_brand":[3071],"product_cat":[5154],"product_tag":[],"class_list":{"0":"post-196686","1":"product","2":"type-product","3":"status-publish","4":"has-post-thumbnail","6":"product_brand-caratec-de","7":"product_cat-rueckfahrvideosystem-sets","9":"first","10":"instock","11":"taxable","12":"shipping-taxable","13":"purchasable","14":"product-type-simple"},"acf":[],"yoast_head":"<!-- This site is optimized with the Yoast SEO plugin v27.4 - https:\/\/yoast.com\/product\/yoast-seo-wordpress\/ -->\n<title>R\u00fcckfahrvideosystem Caratec CSV7010B inkl. 7 Zoll Monitor und Kamera f\u00fcr 3. Bremsleuchte - Bantam Camping AG<\/title>\n<meta name=\"robots\" content=\"index, follow, max-snippet:-1, max-image-preview:large, max-video-preview:-1\" \/>\n<link rel=\"canonical\" href=\"https:\/\/shop.bantam.ch\/de\/produkt\/rueckfahrvideosystem-caratec-csv7010b-inkl-7-zoll-monitor-und-kamera-fuer-3-bremsleuchte\/\" \/>\n<meta property=\"og:locale\" content=\"de_DE\" \/>\n<meta property=\"og:type\" content=\"article\" \/>\n<meta property=\"og:title\" content=\"R\u00fcckfahrvideosystem Caratec CSV7010B inkl. 7 Zoll Monitor und Kamera f\u00fcr 3. Bremsleuchte - Bantam Camping AG\" \/>\n<meta property=\"og:description\" content=\"Entdecken Sie eine neue Dimension der Sicherheit und Praktikabilit\u00e4t mit unserem herausragenden Set, das einen hochaufl\u00f6senden 7\u201d R\u00fcckfahrmonitor f\u00fcr Kastenwagen und eine fahrzeugspezifische R\u00fcckfahrkamera umfasst. Der gro\u00dfz\u00fcgige 7\u201d R\u00fcckfahrmonitor bietet Ihnen eine atemberaubende Bildqualit\u00e4t und ein \u00fcbersichtliches Anzeigefeld, das Ihnen ein m\u00fcheloses Man\u00f6vrieren und Parken erm\u00f6glicht. Dank seiner beeindruckenden Gr\u00f6\u00dfe haben Sie stets den perfekten [&hellip;]\" \/>\n<meta property=\"og:url\" content=\"https:\/\/shop.bantam.ch\/de\/produkt\/rueckfahrvideosystem-caratec-csv7010b-inkl-7-zoll-monitor-und-kamera-fuer-3-bremsleuchte\/\" \/>\n<meta property=\"og:site_name\" content=\"Bantam Camping AG\" \/>\n<meta property=\"article:modified_time\" content=\"2026-04-19T21:13:38+00:00\" \/>\n<meta property=\"og:image\" content=\"https:\/\/shop.bantam.ch\/wp-content\/uploads\/2024\/05\/Movera-L-9962053100.jpg\" \/>\n\t<meta property=\"og:image:width\" content=\"640\" \/>\n\t<meta property=\"og:image:height\" content=\"640\" \/>\n\t<meta property=\"og:image:type\" content=\"image\/jpeg\" \/>\n<meta name=\"twitter:card\" content=\"summary_large_image\" \/>\n<meta name=\"twitter:label1\" content=\"Gesch\u00e4tzte Lesezeit\" \/>\n\t<meta name=\"twitter:data1\" content=\"1\u00a0Minute\" \/>\n<script type=\"application\/ld+json\" class=\"yoast-schema-graph\">{\"@context\":\"https:\\\/\\\/schema.org\",\"@graph\":[{\"@type\":\"WebPage\",\"@id\":\"https:\\\/\\\/shop.bantam.ch\\\/de\\\/produkt\\\/rueckfahrvideosystem-caratec-csv7010b-inkl-7-zoll-monitor-und-kamera-fuer-3-bremsleuchte\\\/\",\"url\":\"https:\\\/\\\/shop.bantam.ch\\\/de\\\/produkt\\\/rueckfahrvideosystem-caratec-csv7010b-inkl-7-zoll-monitor-und-kamera-fuer-3-bremsleuchte\\\/\",\"name\":\"R\u00fcckfahrvideosystem Caratec CSV7010B inkl. 7 Zoll Monitor und Kamera f\u00fcr 3. Bremsleuchte - Bantam Camping AG\",\"isPartOf\":{\"@id\":\"https:\\\/\\\/shop.bantam.ch\\\/de\\\/#website\"},\"primaryImageOfPage\":{\"@id\":\"https:\\\/\\\/shop.bantam.ch\\\/de\\\/produkt\\\/rueckfahrvideosystem-caratec-csv7010b-inkl-7-zoll-monitor-und-kamera-fuer-3-bremsleuchte\\\/#primaryimage\"},\"image\":{\"@id\":\"https:\\\/\\\/shop.bantam.ch\\\/de\\\/produkt\\\/rueckfahrvideosystem-caratec-csv7010b-inkl-7-zoll-monitor-und-kamera-fuer-3-bremsleuchte\\\/#primaryimage\"},\"thumbnailUrl\":\"https:\\\/\\\/shop.bantam.ch\\\/wp-content\\\/uploads\\\/2024\\\/09\\\/Movera-L-9962053100.jpg\",\"datePublished\":\"2024-05-15T14:05:53+00:00\",\"dateModified\":\"2026-04-19T21:13:38+00:00\",\"breadcrumb\":{\"@id\":\"https:\\\/\\\/shop.bantam.ch\\\/de\\\/produkt\\\/rueckfahrvideosystem-caratec-csv7010b-inkl-7-zoll-monitor-und-kamera-fuer-3-bremsleuchte\\\/#breadcrumb\"},\"inLanguage\":\"de\",\"potentialAction\":[{\"@type\":\"ReadAction\",\"target\":[\"https:\\\/\\\/shop.bantam.ch\\\/de\\\/produkt\\\/rueckfahrvideosystem-caratec-csv7010b-inkl-7-zoll-monitor-und-kamera-fuer-3-bremsleuchte\\\/\"]}]},{\"@type\":\"ImageObject\",\"inLanguage\":\"de\",\"@id\":\"https:\\\/\\\/shop.bantam.ch\\\/de\\\/produkt\\\/rueckfahrvideosystem-caratec-csv7010b-inkl-7-zoll-monitor-und-kamera-fuer-3-bremsleuchte\\\/#primaryimage\",\"url\":\"https:\\\/\\\/shop.bantam.ch\\\/wp-content\\\/uploads\\\/2024\\\/09\\\/Movera-L-9962053100.jpg\",\"contentUrl\":\"https:\\\/\\\/shop.bantam.ch\\\/wp-content\\\/uploads\\\/2024\\\/09\\\/Movera-L-9962053100.jpg\",\"width\":640,\"height\":640},{\"@type\":\"BreadcrumbList\",\"@id\":\"https:\\\/\\\/shop.bantam.ch\\\/de\\\/produkt\\\/rueckfahrvideosystem-caratec-csv7010b-inkl-7-zoll-monitor-und-kamera-fuer-3-bremsleuchte\\\/#breadcrumb\",\"itemListElement\":[{\"@type\":\"ListItem\",\"position\":1,\"name\":\"Accueil\",\"item\":\"https:\\\/\\\/shop.bantam.ch\\\/de\\\/\"},{\"@type\":\"ListItem\",\"position\":2,\"name\":\"Shop\",\"item\":\"https:\\\/\\\/shop.bantam.ch\\\/de\\\/shop\\\/\"},{\"@type\":\"ListItem\",\"position\":3,\"name\":\"R\u00fcckfahrvideosystem Caratec CSV7010B inkl. 7 Zoll Monitor und Kamera f\u00fcr 3. Bremsleuchte\"}]},{\"@type\":\"WebSite\",\"@id\":\"https:\\\/\\\/shop.bantam.ch\\\/de\\\/#website\",\"url\":\"https:\\\/\\\/shop.bantam.ch\\\/de\\\/\",\"name\":\"Bantam Camping AG\",\"description\":\"\",\"publisher\":{\"@id\":\"https:\\\/\\\/shop.bantam.ch\\\/de\\\/#organization\"},\"inLanguage\":\"de\"},{\"@type\":\"Organization\",\"@id\":\"https:\\\/\\\/shop.bantam.ch\\\/de\\\/#organization\",\"name\":\"Bantam Camping AG\",\"url\":\"https:\\\/\\\/shop.bantam.ch\\\/de\\\/\",\"logo\":{\"@type\":\"ImageObject\",\"inLanguage\":\"de\",\"@id\":\"https:\\\/\\\/shop.bantam.ch\\\/de\\\/#\\\/schema\\\/logo\\\/image\\\/\",\"url\":\"https:\\\/\\\/shop.bantam.ch\\\/wp-content\\\/uploads\\\/2022\\\/12\\\/bantam-logo.png\",\"contentUrl\":\"https:\\\/\\\/shop.bantam.ch\\\/wp-content\\\/uploads\\\/2022\\\/12\\\/bantam-logo.png\",\"width\":320,\"height\":71,\"caption\":\"Bantam Camping AG\"},\"image\":{\"@id\":\"https:\\\/\\\/shop.bantam.ch\\\/de\\\/#\\\/schema\\\/logo\\\/image\\\/\"}}]}<\/script>\n<!-- \/ Yoast SEO plugin. -->","yoast_head_json":{"title":"R\u00fcckfahrvideosystem Caratec CSV7010B inkl. 7 Zoll Monitor und Kamera f\u00fcr 3. Bremsleuchte - Bantam Camping AG","robots":{"index":"index","follow":"follow","max-snippet":"max-snippet:-1","max-image-preview":"max-image-preview:large","max-video-preview":"max-video-preview:-1"},"canonical":"https:\/\/shop.bantam.ch\/de\/produkt\/rueckfahrvideosystem-caratec-csv7010b-inkl-7-zoll-monitor-und-kamera-fuer-3-bremsleuchte\/","og_locale":"de_DE","og_type":"article","og_title":"R\u00fcckfahrvideosystem Caratec CSV7010B inkl. 7 Zoll Monitor und Kamera f\u00fcr 3. Bremsleuchte - Bantam Camping AG","og_description":"Entdecken Sie eine neue Dimension der Sicherheit und Praktikabilit\u00e4t mit unserem herausragenden Set, das einen hochaufl\u00f6senden 7\u201d R\u00fcckfahrmonitor f\u00fcr Kastenwagen und eine fahrzeugspezifische R\u00fcckfahrkamera umfasst. Der gro\u00dfz\u00fcgige 7\u201d R\u00fcckfahrmonitor bietet Ihnen eine atemberaubende Bildqualit\u00e4t und ein \u00fcbersichtliches Anzeigefeld, das Ihnen ein m\u00fcheloses Man\u00f6vrieren und Parken erm\u00f6glicht. Dank seiner beeindruckenden Gr\u00f6\u00dfe haben Sie stets den perfekten [&hellip;]","og_url":"https:\/\/shop.bantam.ch\/de\/produkt\/rueckfahrvideosystem-caratec-csv7010b-inkl-7-zoll-monitor-und-kamera-fuer-3-bremsleuchte\/","og_site_name":"Bantam Camping AG","article_modified_time":"2026-04-19T21:13:38+00:00","og_image":[{"width":640,"height":640,"url":"https:\/\/shop.bantam.ch\/wp-content\/uploads\/2024\/05\/Movera-L-9962053100.jpg","type":"image\/jpeg"}],"twitter_card":"summary_large_image","twitter_misc":{"Gesch\u00e4tzte Lesezeit":"1\u00a0Minute"},"schema":{"@context":"https:\/\/schema.org","@graph":[{"@type":"WebPage","@id":"https:\/\/shop.bantam.ch\/de\/produkt\/rueckfahrvideosystem-caratec-csv7010b-inkl-7-zoll-monitor-und-kamera-fuer-3-bremsleuchte\/","url":"https:\/\/shop.bantam.ch\/de\/produkt\/rueckfahrvideosystem-caratec-csv7010b-inkl-7-zoll-monitor-und-kamera-fuer-3-bremsleuchte\/","name":"R\u00fcckfahrvideosystem Caratec CSV7010B inkl. 7 Zoll Monitor und Kamera f\u00fcr 3. Bremsleuchte - Bantam Camping AG","isPartOf":{"@id":"https:\/\/shop.bantam.ch\/de\/#website"},"primaryImageOfPage":{"@id":"https:\/\/shop.bantam.ch\/de\/produkt\/rueckfahrvideosystem-caratec-csv7010b-inkl-7-zoll-monitor-und-kamera-fuer-3-bremsleuchte\/#primaryimage"},"image":{"@id":"https:\/\/shop.bantam.ch\/de\/produkt\/rueckfahrvideosystem-caratec-csv7010b-inkl-7-zoll-monitor-und-kamera-fuer-3-bremsleuchte\/#primaryimage"},"thumbnailUrl":"https:\/\/shop.bantam.ch\/wp-content\/uploads\/2024\/09\/Movera-L-9962053100.jpg","datePublished":"2024-05-15T14:05:53+00:00","dateModified":"2026-04-19T21:13:38+00:00","breadcrumb":{"@id":"https:\/\/shop.bantam.ch\/de\/produkt\/rueckfahrvideosystem-caratec-csv7010b-inkl-7-zoll-monitor-und-kamera-fuer-3-bremsleuchte\/#breadcrumb"},"inLanguage":"de","potentialAction":[{"@type":"ReadAction","target":["https:\/\/shop.bantam.ch\/de\/produkt\/rueckfahrvideosystem-caratec-csv7010b-inkl-7-zoll-monitor-und-kamera-fuer-3-bremsleuchte\/"]}]},{"@type":"ImageObject","inLanguage":"de","@id":"https:\/\/shop.bantam.ch\/de\/produkt\/rueckfahrvideosystem-caratec-csv7010b-inkl-7-zoll-monitor-und-kamera-fuer-3-bremsleuchte\/#primaryimage","url":"https:\/\/shop.bantam.ch\/wp-content\/uploads\/2024\/09\/Movera-L-9962053100.jpg","contentUrl":"https:\/\/shop.bantam.ch\/wp-content\/uploads\/2024\/09\/Movera-L-9962053100.jpg","width":640,"height":640},{"@type":"BreadcrumbList","@id":"https:\/\/shop.bantam.ch\/de\/produkt\/rueckfahrvideosystem-caratec-csv7010b-inkl-7-zoll-monitor-und-kamera-fuer-3-bremsleuchte\/#breadcrumb","itemListElement":[{"@type":"ListItem","position":1,"name":"Accueil","item":"https:\/\/shop.bantam.ch\/de\/"},{"@type":"ListItem","position":2,"name":"Shop","item":"https:\/\/shop.bantam.ch\/de\/shop\/"},{"@type":"ListItem","position":3,"name":"R\u00fcckfahrvideosystem Caratec CSV7010B inkl. 7 Zoll Monitor und Kamera f\u00fcr 3. Bremsleuchte"}]},{"@type":"WebSite","@id":"https:\/\/shop.bantam.ch\/de\/#website","url":"https:\/\/shop.bantam.ch\/de\/","name":"Bantam Camping AG","description":"","publisher":{"@id":"https:\/\/shop.bantam.ch\/de\/#organization"},"inLanguage":"de"},{"@type":"Organization","@id":"https:\/\/shop.bantam.ch\/de\/#organization","name":"Bantam Camping AG","url":"https:\/\/shop.bantam.ch\/de\/","logo":{"@type":"ImageObject","inLanguage":"de","@id":"https:\/\/shop.bantam.ch\/de\/#\/schema\/logo\/image\/","url":"https:\/\/shop.bantam.ch\/wp-content\/uploads\/2022\/12\/bantam-logo.png","contentUrl":"https:\/\/shop.bantam.ch\/wp-content\/uploads\/2022\/12\/bantam-logo.png","width":320,"height":71,"caption":"Bantam Camping AG"},"image":{"@id":"https:\/\/shop.bantam.ch\/de\/#\/schema\/logo\/image\/"}}]}},"_links":{"self":[{"href":"https:\/\/shop.bantam.ch\/de\/wp-json\/wp\/v2\/product\/196686","targetHints":{"allow":["GET"]}}],"collection":[{"href":"https:\/\/shop.bantam.ch\/de\/wp-json\/wp\/v2\/product"}],"about":[{"href":"https:\/\/shop.bantam.ch\/de\/wp-json\/wp\/v2\/types\/product"}],"wp:featuredmedia":[{"embeddable":true,"href":"https:\/\/shop.bantam.ch\/de\/wp-json\/wp\/v2\/media\/206983"}],"wp:attachment":[{"href":"https:\/\/shop.bantam.ch\/de\/wp-json\/wp\/v2\/media?parent=196686"}],"wp:term":[{"taxonomy":"product_featured_cat","embeddable":true,"href":"https:\/\/shop.bantam.ch\/de\/wp-json\/wp\/v2\/product_featured_cat?post=196686"},{"taxonomy":"product_brand","embeddable":true,"href":"https:\/\/shop.bantam.ch\/de\/wp-json\/wp\/v2\/product_brand?post=196686"},{"taxonomy":"product_cat","embeddable":true,"href":"https:\/\/shop.bantam.ch\/de\/wp-json\/wp\/v2\/product_cat?post=196686"},{"taxonomy":"product_tag","embeddable":true,"href":"https:\/\/shop.bantam.ch\/de\/wp-json\/wp\/v2\/product_tag?post=196686"}],"curies":[{"name":"wp","href":"https:\/\/api.w.org\/{rel}","templated":true}]}}