{"id":196682,"date":"2024-05-15T16:05:47","date_gmt":"2024-05-15T14:05:47","guid":{"rendered":"https:\/\/shop.bantam.ch\/produit\/rueckfahrvideosystem-caratec-safety-csv7010\/"},"modified":"2026-04-19T23:13:38","modified_gmt":"2026-04-19T21:13:38","slug":"rueckfahrvideosystem-caratec-safety-csv7010","status":"publish","type":"product","link":"https:\/\/shop.bantam.ch\/de\/produkt\/rueckfahrvideosystem-caratec-safety-csv7010\/","title":{"rendered":"R\u00fcckfahrvideosystem Caratec Safety CSV7010"},"content":{"rendered":"<p>Entdecken Sie eine neue Dimension der Sicherheit und Praktikabilit\u00e4t mit unserem herausragenden Set, das einen hochaufl\u00f6senden 7 Zoll R\u00fcckfahrmonitor f\u00fcr Wohnmobile und eine innovative R\u00fcckfahrkamera mit Infrarot-Beamer umfasst.<\/p>\n<p>Der gro\u00dfz\u00fcgige 7 Zoll R\u00fcckfahrmonitor bietet Ihnen eine atemberaubende Bildqualit\u00e4t und ein \u00fcbersichtliches Anzeigefeld, das Ihnen ein m\u00fcheloses Man\u00f6vrieren und Parken erm\u00f6glicht. Dank seiner beeindruckenden Gr\u00f6\u00dfe haben Sie stets den perfekten Blick auf das Geschehen hinter Ihrem Wohnmobil, um jedes Hindernis souver\u00e4n zu umfahren. Dieses Set l\u00e4sst sich leicht erweitern, der Monitor stellt drei Kamera-Eing\u00e4nge zur Verf\u00fcgung.<\/p>\n<p>Die R\u00fcckfahrkamera mit Infrarot-Beamer ist ein echtes Highlight dieses Sets. Die Infrarot-Technologie garantiert eine herausragende Nachtsicht, selbst bei v\u00f6lliger Dunkelheit. Sie werden begeistert sein von der Klarheit und dem Detailreichtum des Bildes, das Ihnen die Kamera liefert. Kein unerwartetes Hindernis wird Ihnen mehr im Weg stehen. Der Kamerahalter erlaubt die optimale Ausrichtung.<\/p>\n<p>Mit diesem Set gew\u00e4hrleisten Sie nicht nur Ihre Sicherheit, sondern auch die anderer Verkehrsteilnehmer. Die Kamera ist so konzipiert, dass sie den Bereich hinter Ihrem Wohnmobil optimal erfasst und Ihnen somit maximale Sicherheit bei jedem R\u00fcckw\u00e4rtsman\u00f6ver bietet.<\/p>\n<p>Die Komponenten sind speziell auf die Bed\u00fcrfnisse von Wohnmobilen zugeschnitten, sodass Sie ohne gro\u00dfen Aufwand von der erh\u00f6hten Sicherheit und dem zus\u00e4tzlichen Komfort profitieren k\u00f6nnen.<\/p>\n<p>Erleben Sie eine sorgenfreie Fahrt mit unserem hochaufl\u00f6senden 7&#8243; R\u00fcckfahrmonitor und der leistungsstarken R\u00fcckfahrkamera mit Infrarot-Beamer f\u00fcr Wohnmobile. Investieren Sie in hochwertige Technologie und machen Sie Ihr Fahrerlebnis sicherer und angenehmer denn je.<\/p>\n<p>Lieferumfang:<br \/>\nInklusive Monitor CSM7010, R\u00fcckfahrkamera CS100, Verbindungsleitung MCA29004 (20 m), Fernbedienung f\u00fcr den Monitor, Leitungssatz, universeller und kompakter Monitorhalter<\/p>\n","protected":false},"excerpt":{"rendered":"<p>Entdecken Sie eine neue Dimension der Sicherheit und Praktikabilit\u00e4t mit unserem herausragenden Set, das einen hochaufl\u00f6senden 7 Zoll R\u00fcckfahrmonitor f\u00fcr Wohnmobile und eine innovative R\u00fcckfahrkamera mit Infrarot-Beamer umfasst. Der gro\u00dfz\u00fcgige 7 Zoll R\u00fcckfahrmonitor bietet Ihnen eine atemberaubende Bildqualit\u00e4t und ein \u00fcbersichtliches Anzeigefeld, das Ihnen ein m\u00fcheloses Man\u00f6vrieren und Parken erm\u00f6glicht. Dank seiner beeindruckenden Gr\u00f6\u00dfe haben [&hellip;]<\/p>\n","protected":false},"featured_media":206981,"template":"","meta":{"_acf_changed":false},"product_featured_cat":[],"product_brand":[3071],"product_cat":[5154],"product_tag":[],"class_list":{"0":"post-196682","1":"product","2":"type-product","3":"status-publish","4":"has-post-thumbnail","6":"product_brand-caratec-de","7":"product_cat-rueckfahrvideosystem-sets","9":"first","10":"instock","11":"taxable","12":"shipping-taxable","13":"purchasable","14":"product-type-simple"},"acf":[],"yoast_head":"<!-- This site is optimized with the Yoast SEO plugin v27.4 - https:\/\/yoast.com\/product\/yoast-seo-wordpress\/ -->\n<title>R\u00fcckfahrvideosystem Caratec Safety CSV7010 - Bantam Camping AG<\/title>\n<meta name=\"robots\" content=\"index, follow, max-snippet:-1, max-image-preview:large, max-video-preview:-1\" \/>\n<link rel=\"canonical\" href=\"https:\/\/shop.bantam.ch\/de\/produkt\/rueckfahrvideosystem-caratec-safety-csv7010\/\" \/>\n<meta property=\"og:locale\" content=\"de_DE\" \/>\n<meta property=\"og:type\" content=\"article\" \/>\n<meta property=\"og:title\" content=\"R\u00fcckfahrvideosystem Caratec Safety CSV7010 - Bantam Camping AG\" \/>\n<meta property=\"og:description\" content=\"Entdecken Sie eine neue Dimension der Sicherheit und Praktikabilit\u00e4t mit unserem herausragenden Set, das einen hochaufl\u00f6senden 7 Zoll R\u00fcckfahrmonitor f\u00fcr Wohnmobile und eine innovative R\u00fcckfahrkamera mit Infrarot-Beamer umfasst. Der gro\u00dfz\u00fcgige 7 Zoll R\u00fcckfahrmonitor bietet Ihnen eine atemberaubende Bildqualit\u00e4t und ein \u00fcbersichtliches Anzeigefeld, das Ihnen ein m\u00fcheloses Man\u00f6vrieren und Parken erm\u00f6glicht. Dank seiner beeindruckenden Gr\u00f6\u00dfe haben [&hellip;]\" \/>\n<meta property=\"og:url\" content=\"https:\/\/shop.bantam.ch\/de\/produkt\/rueckfahrvideosystem-caratec-safety-csv7010\/\" \/>\n<meta property=\"og:site_name\" content=\"Bantam Camping AG\" \/>\n<meta property=\"article:modified_time\" content=\"2026-04-19T21:13:38+00:00\" \/>\n<meta property=\"og:image\" content=\"https:\/\/shop.bantam.ch\/wp-content\/uploads\/2024\/05\/Movera-L-9962052100.jpg\" \/>\n\t<meta property=\"og:image:width\" content=\"640\" \/>\n\t<meta property=\"og:image:height\" content=\"640\" \/>\n\t<meta property=\"og:image:type\" content=\"image\/jpeg\" \/>\n<meta name=\"twitter:card\" content=\"summary_large_image\" \/>\n<meta name=\"twitter:label1\" content=\"Gesch\u00e4tzte Lesezeit\" \/>\n\t<meta name=\"twitter:data1\" content=\"1\u00a0Minute\" \/>\n<script type=\"application\/ld+json\" class=\"yoast-schema-graph\">{\"@context\":\"https:\\\/\\\/schema.org\",\"@graph\":[{\"@type\":\"WebPage\",\"@id\":\"https:\\\/\\\/shop.bantam.ch\\\/de\\\/produkt\\\/rueckfahrvideosystem-caratec-safety-csv7010\\\/\",\"url\":\"https:\\\/\\\/shop.bantam.ch\\\/de\\\/produkt\\\/rueckfahrvideosystem-caratec-safety-csv7010\\\/\",\"name\":\"R\u00fcckfahrvideosystem Caratec Safety CSV7010 - Bantam Camping AG\",\"isPartOf\":{\"@id\":\"https:\\\/\\\/shop.bantam.ch\\\/de\\\/#website\"},\"primaryImageOfPage\":{\"@id\":\"https:\\\/\\\/shop.bantam.ch\\\/de\\\/produkt\\\/rueckfahrvideosystem-caratec-safety-csv7010\\\/#primaryimage\"},\"image\":{\"@id\":\"https:\\\/\\\/shop.bantam.ch\\\/de\\\/produkt\\\/rueckfahrvideosystem-caratec-safety-csv7010\\\/#primaryimage\"},\"thumbnailUrl\":\"https:\\\/\\\/shop.bantam.ch\\\/wp-content\\\/uploads\\\/2024\\\/09\\\/Movera-L-9962052100.jpg\",\"datePublished\":\"2024-05-15T14:05:47+00:00\",\"dateModified\":\"2026-04-19T21:13:38+00:00\",\"breadcrumb\":{\"@id\":\"https:\\\/\\\/shop.bantam.ch\\\/de\\\/produkt\\\/rueckfahrvideosystem-caratec-safety-csv7010\\\/#breadcrumb\"},\"inLanguage\":\"de\",\"potentialAction\":[{\"@type\":\"ReadAction\",\"target\":[\"https:\\\/\\\/shop.bantam.ch\\\/de\\\/produkt\\\/rueckfahrvideosystem-caratec-safety-csv7010\\\/\"]}]},{\"@type\":\"ImageObject\",\"inLanguage\":\"de\",\"@id\":\"https:\\\/\\\/shop.bantam.ch\\\/de\\\/produkt\\\/rueckfahrvideosystem-caratec-safety-csv7010\\\/#primaryimage\",\"url\":\"https:\\\/\\\/shop.bantam.ch\\\/wp-content\\\/uploads\\\/2024\\\/09\\\/Movera-L-9962052100.jpg\",\"contentUrl\":\"https:\\\/\\\/shop.bantam.ch\\\/wp-content\\\/uploads\\\/2024\\\/09\\\/Movera-L-9962052100.jpg\",\"width\":640,\"height\":640},{\"@type\":\"BreadcrumbList\",\"@id\":\"https:\\\/\\\/shop.bantam.ch\\\/de\\\/produkt\\\/rueckfahrvideosystem-caratec-safety-csv7010\\\/#breadcrumb\",\"itemListElement\":[{\"@type\":\"ListItem\",\"position\":1,\"name\":\"Accueil\",\"item\":\"https:\\\/\\\/shop.bantam.ch\\\/de\\\/\"},{\"@type\":\"ListItem\",\"position\":2,\"name\":\"Shop\",\"item\":\"https:\\\/\\\/shop.bantam.ch\\\/de\\\/shop\\\/\"},{\"@type\":\"ListItem\",\"position\":3,\"name\":\"R\u00fcckfahrvideosystem Caratec Safety CSV7010\"}]},{\"@type\":\"WebSite\",\"@id\":\"https:\\\/\\\/shop.bantam.ch\\\/de\\\/#website\",\"url\":\"https:\\\/\\\/shop.bantam.ch\\\/de\\\/\",\"name\":\"Bantam Camping AG\",\"description\":\"\",\"publisher\":{\"@id\":\"https:\\\/\\\/shop.bantam.ch\\\/de\\\/#organization\"},\"inLanguage\":\"de\"},{\"@type\":\"Organization\",\"@id\":\"https:\\\/\\\/shop.bantam.ch\\\/de\\\/#organization\",\"name\":\"Bantam Camping AG\",\"url\":\"https:\\\/\\\/shop.bantam.ch\\\/de\\\/\",\"logo\":{\"@type\":\"ImageObject\",\"inLanguage\":\"de\",\"@id\":\"https:\\\/\\\/shop.bantam.ch\\\/de\\\/#\\\/schema\\\/logo\\\/image\\\/\",\"url\":\"https:\\\/\\\/shop.bantam.ch\\\/wp-content\\\/uploads\\\/2022\\\/12\\\/bantam-logo.png\",\"contentUrl\":\"https:\\\/\\\/shop.bantam.ch\\\/wp-content\\\/uploads\\\/2022\\\/12\\\/bantam-logo.png\",\"width\":320,\"height\":71,\"caption\":\"Bantam Camping AG\"},\"image\":{\"@id\":\"https:\\\/\\\/shop.bantam.ch\\\/de\\\/#\\\/schema\\\/logo\\\/image\\\/\"}}]}<\/script>\n<!-- \/ Yoast SEO plugin. -->","yoast_head_json":{"title":"R\u00fcckfahrvideosystem Caratec Safety CSV7010 - Bantam Camping AG","robots":{"index":"index","follow":"follow","max-snippet":"max-snippet:-1","max-image-preview":"max-image-preview:large","max-video-preview":"max-video-preview:-1"},"canonical":"https:\/\/shop.bantam.ch\/de\/produkt\/rueckfahrvideosystem-caratec-safety-csv7010\/","og_locale":"de_DE","og_type":"article","og_title":"R\u00fcckfahrvideosystem Caratec Safety CSV7010 - Bantam Camping AG","og_description":"Entdecken Sie eine neue Dimension der Sicherheit und Praktikabilit\u00e4t mit unserem herausragenden Set, das einen hochaufl\u00f6senden 7 Zoll R\u00fcckfahrmonitor f\u00fcr Wohnmobile und eine innovative R\u00fcckfahrkamera mit Infrarot-Beamer umfasst. Der gro\u00dfz\u00fcgige 7 Zoll R\u00fcckfahrmonitor bietet Ihnen eine atemberaubende Bildqualit\u00e4t und ein \u00fcbersichtliches Anzeigefeld, das Ihnen ein m\u00fcheloses Man\u00f6vrieren und Parken erm\u00f6glicht. Dank seiner beeindruckenden Gr\u00f6\u00dfe haben [&hellip;]","og_url":"https:\/\/shop.bantam.ch\/de\/produkt\/rueckfahrvideosystem-caratec-safety-csv7010\/","og_site_name":"Bantam Camping AG","article_modified_time":"2026-04-19T21:13:38+00:00","og_image":[{"width":640,"height":640,"url":"https:\/\/shop.bantam.ch\/wp-content\/uploads\/2024\/05\/Movera-L-9962052100.jpg","type":"image\/jpeg"}],"twitter_card":"summary_large_image","twitter_misc":{"Gesch\u00e4tzte Lesezeit":"1\u00a0Minute"},"schema":{"@context":"https:\/\/schema.org","@graph":[{"@type":"WebPage","@id":"https:\/\/shop.bantam.ch\/de\/produkt\/rueckfahrvideosystem-caratec-safety-csv7010\/","url":"https:\/\/shop.bantam.ch\/de\/produkt\/rueckfahrvideosystem-caratec-safety-csv7010\/","name":"R\u00fcckfahrvideosystem Caratec Safety CSV7010 - Bantam Camping AG","isPartOf":{"@id":"https:\/\/shop.bantam.ch\/de\/#website"},"primaryImageOfPage":{"@id":"https:\/\/shop.bantam.ch\/de\/produkt\/rueckfahrvideosystem-caratec-safety-csv7010\/#primaryimage"},"image":{"@id":"https:\/\/shop.bantam.ch\/de\/produkt\/rueckfahrvideosystem-caratec-safety-csv7010\/#primaryimage"},"thumbnailUrl":"https:\/\/shop.bantam.ch\/wp-content\/uploads\/2024\/09\/Movera-L-9962052100.jpg","datePublished":"2024-05-15T14:05:47+00:00","dateModified":"2026-04-19T21:13:38+00:00","breadcrumb":{"@id":"https:\/\/shop.bantam.ch\/de\/produkt\/rueckfahrvideosystem-caratec-safety-csv7010\/#breadcrumb"},"inLanguage":"de","potentialAction":[{"@type":"ReadAction","target":["https:\/\/shop.bantam.ch\/de\/produkt\/rueckfahrvideosystem-caratec-safety-csv7010\/"]}]},{"@type":"ImageObject","inLanguage":"de","@id":"https:\/\/shop.bantam.ch\/de\/produkt\/rueckfahrvideosystem-caratec-safety-csv7010\/#primaryimage","url":"https:\/\/shop.bantam.ch\/wp-content\/uploads\/2024\/09\/Movera-L-9962052100.jpg","contentUrl":"https:\/\/shop.bantam.ch\/wp-content\/uploads\/2024\/09\/Movera-L-9962052100.jpg","width":640,"height":640},{"@type":"BreadcrumbList","@id":"https:\/\/shop.bantam.ch\/de\/produkt\/rueckfahrvideosystem-caratec-safety-csv7010\/#breadcrumb","itemListElement":[{"@type":"ListItem","position":1,"name":"Accueil","item":"https:\/\/shop.bantam.ch\/de\/"},{"@type":"ListItem","position":2,"name":"Shop","item":"https:\/\/shop.bantam.ch\/de\/shop\/"},{"@type":"ListItem","position":3,"name":"R\u00fcckfahrvideosystem Caratec Safety CSV7010"}]},{"@type":"WebSite","@id":"https:\/\/shop.bantam.ch\/de\/#website","url":"https:\/\/shop.bantam.ch\/de\/","name":"Bantam Camping AG","description":"","publisher":{"@id":"https:\/\/shop.bantam.ch\/de\/#organization"},"inLanguage":"de"},{"@type":"Organization","@id":"https:\/\/shop.bantam.ch\/de\/#organization","name":"Bantam Camping AG","url":"https:\/\/shop.bantam.ch\/de\/","logo":{"@type":"ImageObject","inLanguage":"de","@id":"https:\/\/shop.bantam.ch\/de\/#\/schema\/logo\/image\/","url":"https:\/\/shop.bantam.ch\/wp-content\/uploads\/2022\/12\/bantam-logo.png","contentUrl":"https:\/\/shop.bantam.ch\/wp-content\/uploads\/2022\/12\/bantam-logo.png","width":320,"height":71,"caption":"Bantam Camping AG"},"image":{"@id":"https:\/\/shop.bantam.ch\/de\/#\/schema\/logo\/image\/"}}]}},"_links":{"self":[{"href":"https:\/\/shop.bantam.ch\/de\/wp-json\/wp\/v2\/product\/196682","targetHints":{"allow":["GET"]}}],"collection":[{"href":"https:\/\/shop.bantam.ch\/de\/wp-json\/wp\/v2\/product"}],"about":[{"href":"https:\/\/shop.bantam.ch\/de\/wp-json\/wp\/v2\/types\/product"}],"wp:featuredmedia":[{"embeddable":true,"href":"https:\/\/shop.bantam.ch\/de\/wp-json\/wp\/v2\/media\/206981"}],"wp:attachment":[{"href":"https:\/\/shop.bantam.ch\/de\/wp-json\/wp\/v2\/media?parent=196682"}],"wp:term":[{"taxonomy":"product_featured_cat","embeddable":true,"href":"https:\/\/shop.bantam.ch\/de\/wp-json\/wp\/v2\/product_featured_cat?post=196682"},{"taxonomy":"product_brand","embeddable":true,"href":"https:\/\/shop.bantam.ch\/de\/wp-json\/wp\/v2\/product_brand?post=196682"},{"taxonomy":"product_cat","embeddable":true,"href":"https:\/\/shop.bantam.ch\/de\/wp-json\/wp\/v2\/product_cat?post=196682"},{"taxonomy":"product_tag","embeddable":true,"href":"https:\/\/shop.bantam.ch\/de\/wp-json\/wp\/v2\/product_tag?post=196682"}],"curies":[{"name":"wp","href":"https:\/\/api.w.org\/{rel}","templated":true}]}}