{"id":196678,"date":"2024-05-15T16:05:40","date_gmt":"2024-05-15T14:05:40","guid":{"rendered":"https:\/\/shop.bantam.ch\/produit\/rueckfahrvideosystem-caratec-safety-csv7010t\/"},"modified":"2026-04-19T23:13:38","modified_gmt":"2026-04-19T21:13:38","slug":"rueckfahrvideosystem-caratec-safety-csv7010t","status":"publish","type":"product","link":"https:\/\/shop.bantam.ch\/de\/produkt\/rueckfahrvideosystem-caratec-safety-csv7010t\/","title":{"rendered":"R\u00fcckfahrvideosystem Caratec Safety CSV7010T"},"content":{"rendered":"<p>Entdecken Sie ultimative Sicherheit und perfekte Rundumsicht mit unserem herausragenden Set, bestehend aus einem hochaufl\u00f6senden 7 Zoll R\u00fcckfahrmonitor f\u00fcr Wohnmobile und einer Twin-R\u00fcckfahrkamera mit Infrarot-Beamer.<\/p>\n<p>Der gro\u00dfz\u00fcgige 7 Zoll R\u00fcckfahrmonitor bietet Ihnen eine beeindruckende Bildqualit\u00e4t und ein \u00fcbersichtliches Anzeigefeld, das Ihnen ein m\u00fcheloses und pr\u00e4zises Man\u00f6vrieren erm\u00f6glicht. Mit seiner gro\u00dffl\u00e4chigen Darstellung haben Sie stets den vollen \u00dcberblick \u00fcber das Geschehen hinter Ihrem Wohnmobil, um Hindernisse sicher zu umgehen.<\/p>\n<p>Die Umschaltung zwischen der R\u00fcckfahr-Kamera und der R\u00fcckspiegel-Funktion funktioniert automatisch beim Einlegen des R\u00fcckw\u00e4rtsgangs, kann aber bei Bedarf auch manuell am Monitor oder per Fernbedienung erfolgen.<\/p>\n<p>Die Twin-R\u00fcckfahrkamera ist mit einem Infrarot-Beamer an beiden Kameralinsen ausgestattet. So bietet sie Ihnen eine herausragende Nachtsichtfunktion \u2013 selbst bei absoluter Dunkelheit. Sie werden begeistert sein von der Klarheit und dem Detailreichtum des Bildes, das Ihnen die Kamera liefert. Dank der zwei Kameralinsen haben Sie auch seitlich eine perfekte Sicht, um alle m\u00f6glichen Hindernisse zu erkennen.<\/p>\n<p>Dieses Set ist nicht nur ein Gewinn f\u00fcr Ihre Sicherheit, sondern durch die R\u00fcckspielfunktion auch f\u00fcr Ihren Fahrkomfort.<\/p>\n<p>Die Komponenten sind speziell f\u00fcr Wohnmobile optimiert, wodurch Sie ohne gro\u00dfen Aufwand von der erh\u00f6hten Sicherheit und dem zus\u00e4tzlichen Komfort profitieren k\u00f6nnen.<\/p>\n<p>Erleben Sie eine sorgenfreie Fahrt mit unserem hochaufl\u00f6senden 7 Zoll R\u00fcckfahrmonitor und der Twin-R\u00fcckfahrkamera mit Infrarot-Beamer f\u00fcr Wohnmobile. Investieren Sie in Spitzentechnologie und genie\u00dfen Sie maximale Sicherheit und Fahrkomfort, w\u00e4hrend Sie die Stra\u00dfen erkunden.<\/p>\n<p>Lieferumfang:<br \/>\nInklusive Monitor CSM7010, R\u00fcckfahrkamera CS100T inkl. Y-Adapter, Verbindungsleitung MCA29004 (20 m), Fernbedienung f\u00fcr den Monitor, Leitungssatz universeller und kompakter Monitorhalter<\/p>\n","protected":false},"excerpt":{"rendered":"<p>Entdecken Sie ultimative Sicherheit und perfekte Rundumsicht mit unserem herausragenden Set, bestehend aus einem hochaufl\u00f6senden 7 Zoll R\u00fcckfahrmonitor f\u00fcr Wohnmobile und einer Twin-R\u00fcckfahrkamera mit Infrarot-Beamer. Der gro\u00dfz\u00fcgige 7 Zoll R\u00fcckfahrmonitor bietet Ihnen eine beeindruckende Bildqualit\u00e4t und ein \u00fcbersichtliches Anzeigefeld, das Ihnen ein m\u00fcheloses und pr\u00e4zises Man\u00f6vrieren erm\u00f6glicht. Mit seiner gro\u00dffl\u00e4chigen Darstellung haben Sie stets den [&hellip;]<\/p>\n","protected":false},"featured_media":206979,"template":"","meta":{"_acf_changed":false},"product_featured_cat":[],"product_brand":[3071],"product_cat":[5154],"product_tag":[],"class_list":{"0":"post-196678","1":"product","2":"type-product","3":"status-publish","4":"has-post-thumbnail","6":"product_brand-caratec-de","7":"product_cat-rueckfahrvideosystem-sets","9":"first","10":"instock","11":"taxable","12":"shipping-taxable","13":"purchasable","14":"product-type-simple"},"acf":[],"yoast_head":"<!-- This site is optimized with the Yoast SEO plugin v27.4 - https:\/\/yoast.com\/product\/yoast-seo-wordpress\/ -->\n<title>R\u00fcckfahrvideosystem Caratec Safety CSV7010T - Bantam Camping AG<\/title>\n<meta name=\"robots\" content=\"index, follow, max-snippet:-1, max-image-preview:large, max-video-preview:-1\" \/>\n<link rel=\"canonical\" href=\"https:\/\/shop.bantam.ch\/de\/produkt\/rueckfahrvideosystem-caratec-safety-csv7010t\/\" \/>\n<meta property=\"og:locale\" content=\"de_DE\" \/>\n<meta property=\"og:type\" content=\"article\" \/>\n<meta property=\"og:title\" content=\"R\u00fcckfahrvideosystem Caratec Safety CSV7010T - Bantam Camping AG\" \/>\n<meta property=\"og:description\" content=\"Entdecken Sie ultimative Sicherheit und perfekte Rundumsicht mit unserem herausragenden Set, bestehend aus einem hochaufl\u00f6senden 7 Zoll R\u00fcckfahrmonitor f\u00fcr Wohnmobile und einer Twin-R\u00fcckfahrkamera mit Infrarot-Beamer. Der gro\u00dfz\u00fcgige 7 Zoll R\u00fcckfahrmonitor bietet Ihnen eine beeindruckende Bildqualit\u00e4t und ein \u00fcbersichtliches Anzeigefeld, das Ihnen ein m\u00fcheloses und pr\u00e4zises Man\u00f6vrieren erm\u00f6glicht. Mit seiner gro\u00dffl\u00e4chigen Darstellung haben Sie stets den [&hellip;]\" \/>\n<meta property=\"og:url\" content=\"https:\/\/shop.bantam.ch\/de\/produkt\/rueckfahrvideosystem-caratec-safety-csv7010t\/\" \/>\n<meta property=\"og:site_name\" content=\"Bantam Camping AG\" \/>\n<meta property=\"article:modified_time\" content=\"2026-04-19T21:13:38+00:00\" \/>\n<meta property=\"og:image\" content=\"https:\/\/shop.bantam.ch\/wp-content\/uploads\/2024\/05\/Movera-L-9962051100.jpg\" \/>\n\t<meta property=\"og:image:width\" content=\"640\" \/>\n\t<meta property=\"og:image:height\" content=\"640\" \/>\n\t<meta property=\"og:image:type\" content=\"image\/jpeg\" \/>\n<meta name=\"twitter:card\" content=\"summary_large_image\" \/>\n<meta name=\"twitter:label1\" content=\"Gesch\u00e4tzte Lesezeit\" \/>\n\t<meta name=\"twitter:data1\" content=\"1\u00a0Minute\" \/>\n<script type=\"application\/ld+json\" class=\"yoast-schema-graph\">{\"@context\":\"https:\\\/\\\/schema.org\",\"@graph\":[{\"@type\":\"WebPage\",\"@id\":\"https:\\\/\\\/shop.bantam.ch\\\/de\\\/produkt\\\/rueckfahrvideosystem-caratec-safety-csv7010t\\\/\",\"url\":\"https:\\\/\\\/shop.bantam.ch\\\/de\\\/produkt\\\/rueckfahrvideosystem-caratec-safety-csv7010t\\\/\",\"name\":\"R\u00fcckfahrvideosystem Caratec Safety CSV7010T - Bantam Camping AG\",\"isPartOf\":{\"@id\":\"https:\\\/\\\/shop.bantam.ch\\\/de\\\/#website\"},\"primaryImageOfPage\":{\"@id\":\"https:\\\/\\\/shop.bantam.ch\\\/de\\\/produkt\\\/rueckfahrvideosystem-caratec-safety-csv7010t\\\/#primaryimage\"},\"image\":{\"@id\":\"https:\\\/\\\/shop.bantam.ch\\\/de\\\/produkt\\\/rueckfahrvideosystem-caratec-safety-csv7010t\\\/#primaryimage\"},\"thumbnailUrl\":\"https:\\\/\\\/shop.bantam.ch\\\/wp-content\\\/uploads\\\/2024\\\/09\\\/Movera-L-9962051100.jpg\",\"datePublished\":\"2024-05-15T14:05:40+00:00\",\"dateModified\":\"2026-04-19T21:13:38+00:00\",\"breadcrumb\":{\"@id\":\"https:\\\/\\\/shop.bantam.ch\\\/de\\\/produkt\\\/rueckfahrvideosystem-caratec-safety-csv7010t\\\/#breadcrumb\"},\"inLanguage\":\"de\",\"potentialAction\":[{\"@type\":\"ReadAction\",\"target\":[\"https:\\\/\\\/shop.bantam.ch\\\/de\\\/produkt\\\/rueckfahrvideosystem-caratec-safety-csv7010t\\\/\"]}]},{\"@type\":\"ImageObject\",\"inLanguage\":\"de\",\"@id\":\"https:\\\/\\\/shop.bantam.ch\\\/de\\\/produkt\\\/rueckfahrvideosystem-caratec-safety-csv7010t\\\/#primaryimage\",\"url\":\"https:\\\/\\\/shop.bantam.ch\\\/wp-content\\\/uploads\\\/2024\\\/09\\\/Movera-L-9962051100.jpg\",\"contentUrl\":\"https:\\\/\\\/shop.bantam.ch\\\/wp-content\\\/uploads\\\/2024\\\/09\\\/Movera-L-9962051100.jpg\",\"width\":640,\"height\":640},{\"@type\":\"BreadcrumbList\",\"@id\":\"https:\\\/\\\/shop.bantam.ch\\\/de\\\/produkt\\\/rueckfahrvideosystem-caratec-safety-csv7010t\\\/#breadcrumb\",\"itemListElement\":[{\"@type\":\"ListItem\",\"position\":1,\"name\":\"Accueil\",\"item\":\"https:\\\/\\\/shop.bantam.ch\\\/de\\\/\"},{\"@type\":\"ListItem\",\"position\":2,\"name\":\"Shop\",\"item\":\"https:\\\/\\\/shop.bantam.ch\\\/de\\\/shop\\\/\"},{\"@type\":\"ListItem\",\"position\":3,\"name\":\"R\u00fcckfahrvideosystem Caratec Safety CSV7010T\"}]},{\"@type\":\"WebSite\",\"@id\":\"https:\\\/\\\/shop.bantam.ch\\\/de\\\/#website\",\"url\":\"https:\\\/\\\/shop.bantam.ch\\\/de\\\/\",\"name\":\"Bantam Camping AG\",\"description\":\"\",\"publisher\":{\"@id\":\"https:\\\/\\\/shop.bantam.ch\\\/de\\\/#organization\"},\"inLanguage\":\"de\"},{\"@type\":\"Organization\",\"@id\":\"https:\\\/\\\/shop.bantam.ch\\\/de\\\/#organization\",\"name\":\"Bantam Camping AG\",\"url\":\"https:\\\/\\\/shop.bantam.ch\\\/de\\\/\",\"logo\":{\"@type\":\"ImageObject\",\"inLanguage\":\"de\",\"@id\":\"https:\\\/\\\/shop.bantam.ch\\\/de\\\/#\\\/schema\\\/logo\\\/image\\\/\",\"url\":\"https:\\\/\\\/shop.bantam.ch\\\/wp-content\\\/uploads\\\/2022\\\/12\\\/bantam-logo.png\",\"contentUrl\":\"https:\\\/\\\/shop.bantam.ch\\\/wp-content\\\/uploads\\\/2022\\\/12\\\/bantam-logo.png\",\"width\":320,\"height\":71,\"caption\":\"Bantam Camping AG\"},\"image\":{\"@id\":\"https:\\\/\\\/shop.bantam.ch\\\/de\\\/#\\\/schema\\\/logo\\\/image\\\/\"}}]}<\/script>\n<!-- \/ Yoast SEO plugin. -->","yoast_head_json":{"title":"R\u00fcckfahrvideosystem Caratec Safety CSV7010T - Bantam Camping AG","robots":{"index":"index","follow":"follow","max-snippet":"max-snippet:-1","max-image-preview":"max-image-preview:large","max-video-preview":"max-video-preview:-1"},"canonical":"https:\/\/shop.bantam.ch\/de\/produkt\/rueckfahrvideosystem-caratec-safety-csv7010t\/","og_locale":"de_DE","og_type":"article","og_title":"R\u00fcckfahrvideosystem Caratec Safety CSV7010T - Bantam Camping AG","og_description":"Entdecken Sie ultimative Sicherheit und perfekte Rundumsicht mit unserem herausragenden Set, bestehend aus einem hochaufl\u00f6senden 7 Zoll R\u00fcckfahrmonitor f\u00fcr Wohnmobile und einer Twin-R\u00fcckfahrkamera mit Infrarot-Beamer. Der gro\u00dfz\u00fcgige 7 Zoll R\u00fcckfahrmonitor bietet Ihnen eine beeindruckende Bildqualit\u00e4t und ein \u00fcbersichtliches Anzeigefeld, das Ihnen ein m\u00fcheloses und pr\u00e4zises Man\u00f6vrieren erm\u00f6glicht. Mit seiner gro\u00dffl\u00e4chigen Darstellung haben Sie stets den [&hellip;]","og_url":"https:\/\/shop.bantam.ch\/de\/produkt\/rueckfahrvideosystem-caratec-safety-csv7010t\/","og_site_name":"Bantam Camping AG","article_modified_time":"2026-04-19T21:13:38+00:00","og_image":[{"width":640,"height":640,"url":"https:\/\/shop.bantam.ch\/wp-content\/uploads\/2024\/05\/Movera-L-9962051100.jpg","type":"image\/jpeg"}],"twitter_card":"summary_large_image","twitter_misc":{"Gesch\u00e4tzte Lesezeit":"1\u00a0Minute"},"schema":{"@context":"https:\/\/schema.org","@graph":[{"@type":"WebPage","@id":"https:\/\/shop.bantam.ch\/de\/produkt\/rueckfahrvideosystem-caratec-safety-csv7010t\/","url":"https:\/\/shop.bantam.ch\/de\/produkt\/rueckfahrvideosystem-caratec-safety-csv7010t\/","name":"R\u00fcckfahrvideosystem Caratec Safety CSV7010T - Bantam Camping AG","isPartOf":{"@id":"https:\/\/shop.bantam.ch\/de\/#website"},"primaryImageOfPage":{"@id":"https:\/\/shop.bantam.ch\/de\/produkt\/rueckfahrvideosystem-caratec-safety-csv7010t\/#primaryimage"},"image":{"@id":"https:\/\/shop.bantam.ch\/de\/produkt\/rueckfahrvideosystem-caratec-safety-csv7010t\/#primaryimage"},"thumbnailUrl":"https:\/\/shop.bantam.ch\/wp-content\/uploads\/2024\/09\/Movera-L-9962051100.jpg","datePublished":"2024-05-15T14:05:40+00:00","dateModified":"2026-04-19T21:13:38+00:00","breadcrumb":{"@id":"https:\/\/shop.bantam.ch\/de\/produkt\/rueckfahrvideosystem-caratec-safety-csv7010t\/#breadcrumb"},"inLanguage":"de","potentialAction":[{"@type":"ReadAction","target":["https:\/\/shop.bantam.ch\/de\/produkt\/rueckfahrvideosystem-caratec-safety-csv7010t\/"]}]},{"@type":"ImageObject","inLanguage":"de","@id":"https:\/\/shop.bantam.ch\/de\/produkt\/rueckfahrvideosystem-caratec-safety-csv7010t\/#primaryimage","url":"https:\/\/shop.bantam.ch\/wp-content\/uploads\/2024\/09\/Movera-L-9962051100.jpg","contentUrl":"https:\/\/shop.bantam.ch\/wp-content\/uploads\/2024\/09\/Movera-L-9962051100.jpg","width":640,"height":640},{"@type":"BreadcrumbList","@id":"https:\/\/shop.bantam.ch\/de\/produkt\/rueckfahrvideosystem-caratec-safety-csv7010t\/#breadcrumb","itemListElement":[{"@type":"ListItem","position":1,"name":"Accueil","item":"https:\/\/shop.bantam.ch\/de\/"},{"@type":"ListItem","position":2,"name":"Shop","item":"https:\/\/shop.bantam.ch\/de\/shop\/"},{"@type":"ListItem","position":3,"name":"R\u00fcckfahrvideosystem Caratec Safety CSV7010T"}]},{"@type":"WebSite","@id":"https:\/\/shop.bantam.ch\/de\/#website","url":"https:\/\/shop.bantam.ch\/de\/","name":"Bantam Camping AG","description":"","publisher":{"@id":"https:\/\/shop.bantam.ch\/de\/#organization"},"inLanguage":"de"},{"@type":"Organization","@id":"https:\/\/shop.bantam.ch\/de\/#organization","name":"Bantam Camping AG","url":"https:\/\/shop.bantam.ch\/de\/","logo":{"@type":"ImageObject","inLanguage":"de","@id":"https:\/\/shop.bantam.ch\/de\/#\/schema\/logo\/image\/","url":"https:\/\/shop.bantam.ch\/wp-content\/uploads\/2022\/12\/bantam-logo.png","contentUrl":"https:\/\/shop.bantam.ch\/wp-content\/uploads\/2022\/12\/bantam-logo.png","width":320,"height":71,"caption":"Bantam Camping AG"},"image":{"@id":"https:\/\/shop.bantam.ch\/de\/#\/schema\/logo\/image\/"}}]}},"_links":{"self":[{"href":"https:\/\/shop.bantam.ch\/de\/wp-json\/wp\/v2\/product\/196678","targetHints":{"allow":["GET"]}}],"collection":[{"href":"https:\/\/shop.bantam.ch\/de\/wp-json\/wp\/v2\/product"}],"about":[{"href":"https:\/\/shop.bantam.ch\/de\/wp-json\/wp\/v2\/types\/product"}],"wp:featuredmedia":[{"embeddable":true,"href":"https:\/\/shop.bantam.ch\/de\/wp-json\/wp\/v2\/media\/206979"}],"wp:attachment":[{"href":"https:\/\/shop.bantam.ch\/de\/wp-json\/wp\/v2\/media?parent=196678"}],"wp:term":[{"taxonomy":"product_featured_cat","embeddable":true,"href":"https:\/\/shop.bantam.ch\/de\/wp-json\/wp\/v2\/product_featured_cat?post=196678"},{"taxonomy":"product_brand","embeddable":true,"href":"https:\/\/shop.bantam.ch\/de\/wp-json\/wp\/v2\/product_brand?post=196678"},{"taxonomy":"product_cat","embeddable":true,"href":"https:\/\/shop.bantam.ch\/de\/wp-json\/wp\/v2\/product_cat?post=196678"},{"taxonomy":"product_tag","embeddable":true,"href":"https:\/\/shop.bantam.ch\/de\/wp-json\/wp\/v2\/product_tag?post=196678"}],"curies":[{"name":"wp","href":"https:\/\/api.w.org\/{rel}","templated":true}]}}