{"id":196674,"date":"2024-05-15T16:05:30","date_gmt":"2024-05-15T14:05:30","guid":{"rendered":"https:\/\/shop.bantam.ch\/produit\/wifi-antenne-oyster-connect-global\/"},"modified":"2026-05-11T23:05:31","modified_gmt":"2026-05-11T21:05:31","slug":"wifi-antenne-oyster-connect-global","status":"publish","type":"product","link":"https:\/\/shop.bantam.ch\/de\/produkt\/wifi-antenne-oyster-connect-global\/","title":{"rendered":"Wifi Antenne Oyster Connect Global"},"content":{"rendered":"<p>Ob Smartphone, Tablet, Laptop oder Smart TV \u2013 einmal im h\u00e4uslichen Netzwerk eingeloggt, bleiben s\u00e4mtliche Ger\u00e4te mit dem Internet verbunden und dem sicheren, schnellen Surfen steht nichts mehr im Wege.<br \/>\nAuf Reisen m\u00fcssen Camper in Sachen Internet allerdings oft zur\u00fcckstecken: Instabiler Empfang oder \u00fcberlastete WLAN\/LTE-Netze auf Campingpl\u00e4tzen sind nicht selten. Gerade f\u00fcr Reisende, die auch unterwegs auf einen verl\u00e4sslichen Empfang zum Arbeiten angewiesen sind oder im Urlaub nicht auf ein funktionierendes Internet verzichten m\u00f6chten, bietet die Firma ten Haaft die L\u00f6sung.<br \/>\nKomfortabel unterwegs sein im \u201emobilen Heimnetzwerk\u201c<br \/>\nMobiles Internet wie Zuhause \u2013 auch w\u00e4hrend der Fahrt<br \/>\nDie Ingenieure des Premium-Herstellers f\u00fcr mobile Satellitentechnologie aus Baden-W\u00fcrttemberg haben mit der Oyster\u00ae Connect ein spezielles Antennensystem f\u00fcr gehobene Anspr\u00fcche entwickelt: der mobile Hotspot sorgt f\u00fcr ein stabiles Signal \u2013 sogar w\u00e4hrend der Fahrt.<br \/>\nSie k\u00f6nnen im Wohnmobil, Campingbus oder Caravan ganz entspannt surfen \u2013 und zudem s\u00e4mtliche Vorz\u00fcge eines \u201emobilen Heimnetzwerkes\u201c nutzen.<br \/>\nDie Verbindung bleibt standortunabh\u00e4ngig erhalten, ganz gleich, aus welchem Netz das externe Signal kommt \u2013 die registrierten Endger\u00e4te verbinden sich ganz automatisch mit dem eigenen Hotspot.<br \/>\nGanz oben \u2013 Oyster\u00ae Connect<br \/>\nEiner der wesentlichen Vorteile dieses speziellen Antennensystemes mit seiner direkten HF-technischen Anbindung an die Sende- und Empfangsmodule besteht darin, dass der Montageort der Outdoor Unit oben auf dem Fahrzeugdach liegt und somit die maximale Sende- und Empfangsleistung erm\u00f6glicht wird.<br \/>\nDie Oyster\u00ae Connect ist somit dem klassischen Smartphone Empfang und derzeit am Markt verf\u00fcgbaren Produkten weit \u00fcberlegen, da die D\u00e4mpfung der Signale durch den Fahrzeugaufbau (W\u00e4rmeschutzverglasung \/ Metallkarosserie) und die L\u00e4nge des Antennenkabels keine Rolle mehr spielt.<\/p>\n<p>Die Vorteile im \u00dcberblick<\/p>\n<ul>\n<li>Montage der Sende- und Empfangseinheit oben auf dem Fahrzeugdach verhindert D\u00e4mpfungsverlust<\/li>\n<li>Leistungsf\u00e4hige WLAN Antennen (2&#215;2 MIMO)<\/li>\n<li>LTE Diversity Antennen ITU Region 1-3 f\u00fcr weltweiten Empfang<\/li>\n<li>Einmalige und einfache Einrichtung des \u201emobilen-Heimnetzwerkes\u201c<\/li>\n<li>Freie W\u00e4hlbarkeit 2,4 GHz \/ 5 GHz im WLAN-Netz sowohl bei der Indoor Unit als auch der Outdoor Unit<\/li>\n<li>F\u00fcr alle LTE B\u00e4nder von 698 MHz bis 3800 MHz<\/li>\n<li>Privates LAN-Netz erm\u00f6glicht WLAN Netzentlastung, nicht jeder Smart TV ist WLAN f\u00e4hig<\/li>\n<li>Aerodynamischer Aufbau<\/li>\n<li>Einfache Montage und platzsparende Bauweise<\/li>\n<li>Witterungsbest\u00e4ndig<\/li>\n<li>Komfortable Bedienung<\/li>\n<li>3 Jahre Garantie<\/li>\n<\/ul>\n<p>SIM Karten Hinweis:<br \/>\nZum LTE Betrieb ist eine SIM Karte erforderlich, die nicht im Lieferumfang enthalten ist. Die hier anfallenden Verbindungskosten, sowie die Internetparameter (Download \/ Upload, int. Roaming) sind vom jeweiligen Netzbetreiber abh\u00e4ngig und vom Kunden selbst zu pr\u00fcfen.<\/p>\n","protected":false},"excerpt":{"rendered":"<p>Ob Smartphone, Tablet, Laptop oder Smart TV \u2013 einmal im h\u00e4uslichen Netzwerk eingeloggt, bleiben s\u00e4mtliche Ger\u00e4te mit dem Internet verbunden und dem sicheren, schnellen Surfen steht nichts mehr im Wege. Auf Reisen m\u00fcssen Camper in Sachen Internet allerdings oft zur\u00fcckstecken: Instabiler Empfang oder \u00fcberlastete WLAN\/LTE-Netze auf Campingpl\u00e4tzen sind nicht selten. Gerade f\u00fcr Reisende, die auch [&hellip;]<\/p>\n","protected":false},"featured_media":206977,"template":"","meta":{"_acf_changed":false},"product_featured_cat":[],"product_brand":[3127],"product_cat":[5152],"product_tag":[],"class_list":{"0":"post-196674","1":"product","2":"type-product","3":"status-publish","4":"has-post-thumbnail","6":"product_brand-oyster-de","7":"product_cat-wlan-lte-antennen","9":"first","10":"instock","11":"taxable","12":"shipping-taxable","13":"purchasable","14":"product-type-simple"},"acf":[],"yoast_head":"<!-- This site is optimized with the Yoast SEO plugin v27.5 - https:\/\/yoast.com\/product\/yoast-seo-wordpress\/ -->\n<title>Wifi Antenne Oyster Connect Global - Bantam<\/title>\n<meta name=\"robots\" content=\"index, follow, max-snippet:-1, max-image-preview:large, max-video-preview:-1\" \/>\n<link rel=\"canonical\" href=\"https:\/\/shop.bantam.ch\/de\/produkt\/wifi-antenne-oyster-connect-global\/\" \/>\n<meta property=\"og:locale\" content=\"de_DE\" \/>\n<meta property=\"og:type\" content=\"article\" \/>\n<meta property=\"og:title\" content=\"Wifi Antenne Oyster Connect Global - Bantam\" \/>\n<meta property=\"og:description\" content=\"Ob Smartphone, Tablet, Laptop oder Smart TV \u2013 einmal im h\u00e4uslichen Netzwerk eingeloggt, bleiben s\u00e4mtliche Ger\u00e4te mit dem Internet verbunden und dem sicheren, schnellen Surfen steht nichts mehr im Wege. Auf Reisen m\u00fcssen Camper in Sachen Internet allerdings oft zur\u00fcckstecken: Instabiler Empfang oder \u00fcberlastete WLAN\/LTE-Netze auf Campingpl\u00e4tzen sind nicht selten. Gerade f\u00fcr Reisende, die auch [&hellip;]\" \/>\n<meta property=\"og:url\" content=\"https:\/\/shop.bantam.ch\/de\/produkt\/wifi-antenne-oyster-connect-global\/\" \/>\n<meta property=\"og:site_name\" content=\"Bantam\" \/>\n<meta property=\"article:modified_time\" content=\"2026-05-11T21:05:31+00:00\" \/>\n<meta property=\"og:image\" content=\"https:\/\/shop.bantam.ch\/wp-content\/uploads\/2024\/05\/Movera-L-9962046100.jpg\" \/>\n\t<meta property=\"og:image:width\" content=\"640\" \/>\n\t<meta property=\"og:image:height\" content=\"434\" \/>\n\t<meta property=\"og:image:type\" content=\"image\/jpeg\" \/>\n<meta name=\"twitter:card\" content=\"summary_large_image\" \/>\n<meta name=\"twitter:label1\" content=\"Gesch\u00e4tzte Lesezeit\" \/>\n\t<meta name=\"twitter:data1\" content=\"2\u00a0Minuten\" \/>\n<script type=\"application\/ld+json\" class=\"yoast-schema-graph\">{\"@context\":\"https:\\\/\\\/schema.org\",\"@graph\":[{\"@type\":\"WebPage\",\"@id\":\"https:\\\/\\\/shop.bantam.ch\\\/de\\\/produkt\\\/wifi-antenne-oyster-connect-global\\\/\",\"url\":\"https:\\\/\\\/shop.bantam.ch\\\/de\\\/produkt\\\/wifi-antenne-oyster-connect-global\\\/\",\"name\":\"Wifi Antenne Oyster Connect Global - Bantam\",\"isPartOf\":{\"@id\":\"https:\\\/\\\/shop.bantam.ch\\\/de\\\/#website\"},\"primaryImageOfPage\":{\"@id\":\"https:\\\/\\\/shop.bantam.ch\\\/de\\\/produkt\\\/wifi-antenne-oyster-connect-global\\\/#primaryimage\"},\"image\":{\"@id\":\"https:\\\/\\\/shop.bantam.ch\\\/de\\\/produkt\\\/wifi-antenne-oyster-connect-global\\\/#primaryimage\"},\"thumbnailUrl\":\"https:\\\/\\\/shop.bantam.ch\\\/wp-content\\\/uploads\\\/2024\\\/09\\\/Movera-L-9962046100.jpg\",\"datePublished\":\"2024-05-15T14:05:30+00:00\",\"dateModified\":\"2026-05-11T21:05:31+00:00\",\"breadcrumb\":{\"@id\":\"https:\\\/\\\/shop.bantam.ch\\\/de\\\/produkt\\\/wifi-antenne-oyster-connect-global\\\/#breadcrumb\"},\"inLanguage\":\"de\",\"potentialAction\":[{\"@type\":\"ReadAction\",\"target\":[\"https:\\\/\\\/shop.bantam.ch\\\/de\\\/produkt\\\/wifi-antenne-oyster-connect-global\\\/\"]}]},{\"@type\":\"ImageObject\",\"inLanguage\":\"de\",\"@id\":\"https:\\\/\\\/shop.bantam.ch\\\/de\\\/produkt\\\/wifi-antenne-oyster-connect-global\\\/#primaryimage\",\"url\":\"https:\\\/\\\/shop.bantam.ch\\\/wp-content\\\/uploads\\\/2024\\\/09\\\/Movera-L-9962046100.jpg\",\"contentUrl\":\"https:\\\/\\\/shop.bantam.ch\\\/wp-content\\\/uploads\\\/2024\\\/09\\\/Movera-L-9962046100.jpg\",\"width\":640,\"height\":434},{\"@type\":\"BreadcrumbList\",\"@id\":\"https:\\\/\\\/shop.bantam.ch\\\/de\\\/produkt\\\/wifi-antenne-oyster-connect-global\\\/#breadcrumb\",\"itemListElement\":[{\"@type\":\"ListItem\",\"position\":1,\"name\":\"Accueil\",\"item\":\"https:\\\/\\\/shop.bantam.ch\\\/de\\\/\"},{\"@type\":\"ListItem\",\"position\":2,\"name\":\"Shop\",\"item\":\"https:\\\/\\\/shop.bantam.ch\\\/de\\\/shop\\\/\"},{\"@type\":\"ListItem\",\"position\":3,\"name\":\"Wifi Antenne Oyster Connect Global\"}]},{\"@type\":\"WebSite\",\"@id\":\"https:\\\/\\\/shop.bantam.ch\\\/de\\\/#website\",\"url\":\"https:\\\/\\\/shop.bantam.ch\\\/de\\\/\",\"name\":\"Bantam\",\"description\":\"\",\"publisher\":{\"@id\":\"https:\\\/\\\/shop.bantam.ch\\\/de\\\/#organization\"},\"inLanguage\":\"de\"},{\"@type\":\"Organization\",\"@id\":\"https:\\\/\\\/shop.bantam.ch\\\/de\\\/#organization\",\"name\":\"Bantam\",\"url\":\"https:\\\/\\\/shop.bantam.ch\\\/de\\\/\",\"logo\":{\"@type\":\"ImageObject\",\"inLanguage\":\"de\",\"@id\":\"https:\\\/\\\/shop.bantam.ch\\\/de\\\/#\\\/schema\\\/logo\\\/image\\\/\",\"url\":\"https:\\\/\\\/shop.bantam.ch\\\/wp-content\\\/uploads\\\/2022\\\/12\\\/bantam-logo.png\",\"contentUrl\":\"https:\\\/\\\/shop.bantam.ch\\\/wp-content\\\/uploads\\\/2022\\\/12\\\/bantam-logo.png\",\"width\":320,\"height\":71,\"caption\":\"Bantam\"},\"image\":{\"@id\":\"https:\\\/\\\/shop.bantam.ch\\\/de\\\/#\\\/schema\\\/logo\\\/image\\\/\"}}]}<\/script>\n<!-- \/ Yoast SEO plugin. -->","yoast_head_json":{"title":"Wifi Antenne Oyster Connect Global - Bantam","robots":{"index":"index","follow":"follow","max-snippet":"max-snippet:-1","max-image-preview":"max-image-preview:large","max-video-preview":"max-video-preview:-1"},"canonical":"https:\/\/shop.bantam.ch\/de\/produkt\/wifi-antenne-oyster-connect-global\/","og_locale":"de_DE","og_type":"article","og_title":"Wifi Antenne Oyster Connect Global - Bantam","og_description":"Ob Smartphone, Tablet, Laptop oder Smart TV \u2013 einmal im h\u00e4uslichen Netzwerk eingeloggt, bleiben s\u00e4mtliche Ger\u00e4te mit dem Internet verbunden und dem sicheren, schnellen Surfen steht nichts mehr im Wege. Auf Reisen m\u00fcssen Camper in Sachen Internet allerdings oft zur\u00fcckstecken: Instabiler Empfang oder \u00fcberlastete WLAN\/LTE-Netze auf Campingpl\u00e4tzen sind nicht selten. Gerade f\u00fcr Reisende, die auch [&hellip;]","og_url":"https:\/\/shop.bantam.ch\/de\/produkt\/wifi-antenne-oyster-connect-global\/","og_site_name":"Bantam","article_modified_time":"2026-05-11T21:05:31+00:00","og_image":[{"width":640,"height":434,"url":"https:\/\/shop.bantam.ch\/wp-content\/uploads\/2024\/05\/Movera-L-9962046100.jpg","type":"image\/jpeg"}],"twitter_card":"summary_large_image","twitter_misc":{"Gesch\u00e4tzte Lesezeit":"2\u00a0Minuten"},"schema":{"@context":"https:\/\/schema.org","@graph":[{"@type":"WebPage","@id":"https:\/\/shop.bantam.ch\/de\/produkt\/wifi-antenne-oyster-connect-global\/","url":"https:\/\/shop.bantam.ch\/de\/produkt\/wifi-antenne-oyster-connect-global\/","name":"Wifi Antenne Oyster Connect Global - Bantam","isPartOf":{"@id":"https:\/\/shop.bantam.ch\/de\/#website"},"primaryImageOfPage":{"@id":"https:\/\/shop.bantam.ch\/de\/produkt\/wifi-antenne-oyster-connect-global\/#primaryimage"},"image":{"@id":"https:\/\/shop.bantam.ch\/de\/produkt\/wifi-antenne-oyster-connect-global\/#primaryimage"},"thumbnailUrl":"https:\/\/shop.bantam.ch\/wp-content\/uploads\/2024\/09\/Movera-L-9962046100.jpg","datePublished":"2024-05-15T14:05:30+00:00","dateModified":"2026-05-11T21:05:31+00:00","breadcrumb":{"@id":"https:\/\/shop.bantam.ch\/de\/produkt\/wifi-antenne-oyster-connect-global\/#breadcrumb"},"inLanguage":"de","potentialAction":[{"@type":"ReadAction","target":["https:\/\/shop.bantam.ch\/de\/produkt\/wifi-antenne-oyster-connect-global\/"]}]},{"@type":"ImageObject","inLanguage":"de","@id":"https:\/\/shop.bantam.ch\/de\/produkt\/wifi-antenne-oyster-connect-global\/#primaryimage","url":"https:\/\/shop.bantam.ch\/wp-content\/uploads\/2024\/09\/Movera-L-9962046100.jpg","contentUrl":"https:\/\/shop.bantam.ch\/wp-content\/uploads\/2024\/09\/Movera-L-9962046100.jpg","width":640,"height":434},{"@type":"BreadcrumbList","@id":"https:\/\/shop.bantam.ch\/de\/produkt\/wifi-antenne-oyster-connect-global\/#breadcrumb","itemListElement":[{"@type":"ListItem","position":1,"name":"Accueil","item":"https:\/\/shop.bantam.ch\/de\/"},{"@type":"ListItem","position":2,"name":"Shop","item":"https:\/\/shop.bantam.ch\/de\/shop\/"},{"@type":"ListItem","position":3,"name":"Wifi Antenne Oyster Connect Global"}]},{"@type":"WebSite","@id":"https:\/\/shop.bantam.ch\/de\/#website","url":"https:\/\/shop.bantam.ch\/de\/","name":"Bantam","description":"","publisher":{"@id":"https:\/\/shop.bantam.ch\/de\/#organization"},"inLanguage":"de"},{"@type":"Organization","@id":"https:\/\/shop.bantam.ch\/de\/#organization","name":"Bantam","url":"https:\/\/shop.bantam.ch\/de\/","logo":{"@type":"ImageObject","inLanguage":"de","@id":"https:\/\/shop.bantam.ch\/de\/#\/schema\/logo\/image\/","url":"https:\/\/shop.bantam.ch\/wp-content\/uploads\/2022\/12\/bantam-logo.png","contentUrl":"https:\/\/shop.bantam.ch\/wp-content\/uploads\/2022\/12\/bantam-logo.png","width":320,"height":71,"caption":"Bantam"},"image":{"@id":"https:\/\/shop.bantam.ch\/de\/#\/schema\/logo\/image\/"}}]}},"_links":{"self":[{"href":"https:\/\/shop.bantam.ch\/de\/wp-json\/wp\/v2\/product\/196674","targetHints":{"allow":["GET"]}}],"collection":[{"href":"https:\/\/shop.bantam.ch\/de\/wp-json\/wp\/v2\/product"}],"about":[{"href":"https:\/\/shop.bantam.ch\/de\/wp-json\/wp\/v2\/types\/product"}],"wp:featuredmedia":[{"embeddable":true,"href":"https:\/\/shop.bantam.ch\/de\/wp-json\/wp\/v2\/media\/206977"}],"wp:attachment":[{"href":"https:\/\/shop.bantam.ch\/de\/wp-json\/wp\/v2\/media?parent=196674"}],"wp:term":[{"taxonomy":"product_featured_cat","embeddable":true,"href":"https:\/\/shop.bantam.ch\/de\/wp-json\/wp\/v2\/product_featured_cat?post=196674"},{"taxonomy":"product_brand","embeddable":true,"href":"https:\/\/shop.bantam.ch\/de\/wp-json\/wp\/v2\/product_brand?post=196674"},{"taxonomy":"product_cat","embeddable":true,"href":"https:\/\/shop.bantam.ch\/de\/wp-json\/wp\/v2\/product_cat?post=196674"},{"taxonomy":"product_tag","embeddable":true,"href":"https:\/\/shop.bantam.ch\/de\/wp-json\/wp\/v2\/product_tag?post=196674"}],"curies":[{"name":"wp","href":"https:\/\/api.w.org\/{rel}","templated":true}]}}