{"id":196670,"date":"2024-05-15T16:05:24","date_gmt":"2024-05-15T14:05:24","guid":{"rendered":"https:\/\/shop.bantam.ch\/produit\/rueckfahrkamera-zenec-ze-rce301-mk2-s\/"},"modified":"2026-04-18T23:10:59","modified_gmt":"2026-04-18T21:10:59","slug":"rueckfahrkamera-zenec-ze-rce301-mk2-s","status":"publish","type":"product","link":"https:\/\/shop.bantam.ch\/de\/produkt\/rueckfahrkamera-zenec-ze-rce301-mk2-s\/","title":{"rendered":"R\u00fcckfahrkamera ZENEC ZE-RCE301-MK2-S"},"content":{"rendered":"<p>Kompakte hochaufl\u00f6sende R\u00fcckfahrkamera f\u00fcr FIAT Ducato III Fahrzeuge und baugleiche Typen<\/p>\n<ul>\n<li>Systemdesign mit Integration der Originalbremsleuchte (ABE\/Fahrzeugzulassung bleibt bestehen)<\/li>\n<li>Hochqualitativer SONY CMOS Bildsensor mit tiefem Stromverbrauch<\/li>\n<li>Detaillierte Bildauf\u00f6sung mit hohem Kontrast auch in der D\u00e4mmerung<\/li>\n<li>11 m Hauptkabell\u00e4nge<\/li>\n<li>Mechanisch einstellbarer Kamerawinkel zur Personalisierung des Sichtfelds<\/li>\n<li>Hauptgeh\u00e4use aus Kunststoffspritzguss mit Befestigungsbolzen aus Edelstahl<\/li>\n<\/ul>\n<p>Technische Daten:<\/p>\n<ul>\n<li>Kamerasystem: 6,09 mm SONY IMX225LQR CMOS Sensor<\/li>\n<li>Brennweite Linse: f 1,8<\/li>\n<li>TV System: NT SC \/ 30 fps<\/li>\n<li>Betrachtungswinkel: 170\u00b0(D) x 130\u00b0(H) x 110\u00b0(V)<\/li>\n<li>Native Sensor Aufl\u00f6sung: 1305 (H) x 977 (V) Pixel<\/li>\n<li>Aufl\u00f6sung Ausgangssignal: &gt; 800 TV Linien<\/li>\n<li>Bildwiederholrate: 30 Felder\/Sek.<\/li>\n<li>Signal\/Rauschabstand: &gt; 48 dB<\/li>\n<li>Lichtempfindlichkeit: 0.3 Lux<\/li>\n<li>Video Ausgang: 1,0 Vp-p, 75 Ohm CVBS<\/li>\n<li>Weissabgleich: Automatisch<\/li>\n<li>Belichtungskompensation: Auto<\/li>\n<li>Gamma Korrektur: 0.45<\/li>\n<li>Helligkeitsabgleich: Automatisch<\/li>\n<li>Synchronisation: Automatisch<\/li>\n<li>Spannungsversorgung: DC 6 &#8211; 24V<\/li>\n<li>Stromverbrauch: 70 mA @12 V DC, \u2264 840 mW<\/li>\n<li>Schutzklasse: IP69K<\/li>\n<li>Betriebstemperatur: -30\u00b0C ~ +75\u00b0C, RH 95 % Max.<\/li>\n<\/ul>\n","protected":false},"excerpt":{"rendered":"<p>Kompakte hochaufl\u00f6sende R\u00fcckfahrkamera f\u00fcr FIAT Ducato III Fahrzeuge und baugleiche Typen Systemdesign mit Integration der Originalbremsleuchte (ABE\/Fahrzeugzulassung bleibt bestehen) Hochqualitativer SONY CMOS Bildsensor mit tiefem Stromverbrauch Detaillierte Bildauf\u00f6sung mit hohem Kontrast auch in der D\u00e4mmerung 11 m Hauptkabell\u00e4nge Mechanisch einstellbarer Kamerawinkel zur Personalisierung des Sichtfelds Hauptgeh\u00e4use aus Kunststoffspritzguss mit Befestigungsbolzen aus Edelstahl Technische Daten: Kamerasystem: [&hellip;]<\/p>\n","protected":false},"featured_media":206975,"template":"","meta":{"_acf_changed":false},"product_featured_cat":[],"product_brand":[3213],"product_cat":[5002],"product_tag":[],"class_list":{"0":"post-196670","1":"product","2":"type-product","3":"status-publish","4":"has-post-thumbnail","6":"product_brand-zenec-de","7":"product_cat-kameras","9":"first","10":"instock","11":"taxable","12":"shipping-taxable","13":"purchasable","14":"product-type-simple"},"acf":[],"yoast_head":"<!-- This site is optimized with the Yoast SEO plugin v27.4 - https:\/\/yoast.com\/product\/yoast-seo-wordpress\/ -->\n<title>R\u00fcckfahrkamera ZENEC ZE-RCE301-MK2-S - Bantam Camping AG<\/title>\n<meta name=\"robots\" content=\"index, follow, max-snippet:-1, max-image-preview:large, max-video-preview:-1\" \/>\n<link rel=\"canonical\" href=\"https:\/\/shop.bantam.ch\/de\/produkt\/rueckfahrkamera-zenec-ze-rce301-mk2-s\/\" \/>\n<meta property=\"og:locale\" content=\"de_DE\" \/>\n<meta property=\"og:type\" content=\"article\" \/>\n<meta property=\"og:title\" content=\"R\u00fcckfahrkamera ZENEC ZE-RCE301-MK2-S - Bantam Camping AG\" \/>\n<meta property=\"og:description\" content=\"Kompakte hochaufl\u00f6sende R\u00fcckfahrkamera f\u00fcr FIAT Ducato III Fahrzeuge und baugleiche Typen Systemdesign mit Integration der Originalbremsleuchte (ABE\/Fahrzeugzulassung bleibt bestehen) Hochqualitativer SONY CMOS Bildsensor mit tiefem Stromverbrauch Detaillierte Bildauf\u00f6sung mit hohem Kontrast auch in der D\u00e4mmerung 11 m Hauptkabell\u00e4nge Mechanisch einstellbarer Kamerawinkel zur Personalisierung des Sichtfelds Hauptgeh\u00e4use aus Kunststoffspritzguss mit Befestigungsbolzen aus Edelstahl Technische Daten: Kamerasystem: [&hellip;]\" \/>\n<meta property=\"og:url\" content=\"https:\/\/shop.bantam.ch\/de\/produkt\/rueckfahrkamera-zenec-ze-rce301-mk2-s\/\" \/>\n<meta property=\"og:site_name\" content=\"Bantam Camping AG\" \/>\n<meta property=\"article:modified_time\" content=\"2026-04-18T21:10:59+00:00\" \/>\n<meta property=\"og:image\" content=\"https:\/\/shop.bantam.ch\/wp-content\/uploads\/2024\/05\/Movera-L-9962045100.jpg\" \/>\n\t<meta property=\"og:image:width\" content=\"640\" \/>\n\t<meta property=\"og:image:height\" content=\"336\" \/>\n\t<meta property=\"og:image:type\" content=\"image\/jpeg\" \/>\n<meta name=\"twitter:card\" content=\"summary_large_image\" \/>\n<meta name=\"twitter:label1\" content=\"Gesch\u00e4tzte Lesezeit\" \/>\n\t<meta name=\"twitter:data1\" content=\"1\u00a0Minute\" \/>\n<script type=\"application\/ld+json\" class=\"yoast-schema-graph\">{\"@context\":\"https:\\\/\\\/schema.org\",\"@graph\":[{\"@type\":\"WebPage\",\"@id\":\"https:\\\/\\\/shop.bantam.ch\\\/de\\\/produkt\\\/rueckfahrkamera-zenec-ze-rce301-mk2-s\\\/\",\"url\":\"https:\\\/\\\/shop.bantam.ch\\\/de\\\/produkt\\\/rueckfahrkamera-zenec-ze-rce301-mk2-s\\\/\",\"name\":\"R\u00fcckfahrkamera ZENEC ZE-RCE301-MK2-S - Bantam Camping AG\",\"isPartOf\":{\"@id\":\"https:\\\/\\\/shop.bantam.ch\\\/de\\\/#website\"},\"primaryImageOfPage\":{\"@id\":\"https:\\\/\\\/shop.bantam.ch\\\/de\\\/produkt\\\/rueckfahrkamera-zenec-ze-rce301-mk2-s\\\/#primaryimage\"},\"image\":{\"@id\":\"https:\\\/\\\/shop.bantam.ch\\\/de\\\/produkt\\\/rueckfahrkamera-zenec-ze-rce301-mk2-s\\\/#primaryimage\"},\"thumbnailUrl\":\"https:\\\/\\\/shop.bantam.ch\\\/wp-content\\\/uploads\\\/2024\\\/09\\\/Movera-L-9962045100.jpg\",\"datePublished\":\"2024-05-15T14:05:24+00:00\",\"dateModified\":\"2026-04-18T21:10:59+00:00\",\"breadcrumb\":{\"@id\":\"https:\\\/\\\/shop.bantam.ch\\\/de\\\/produkt\\\/rueckfahrkamera-zenec-ze-rce301-mk2-s\\\/#breadcrumb\"},\"inLanguage\":\"de\",\"potentialAction\":[{\"@type\":\"ReadAction\",\"target\":[\"https:\\\/\\\/shop.bantam.ch\\\/de\\\/produkt\\\/rueckfahrkamera-zenec-ze-rce301-mk2-s\\\/\"]}]},{\"@type\":\"ImageObject\",\"inLanguage\":\"de\",\"@id\":\"https:\\\/\\\/shop.bantam.ch\\\/de\\\/produkt\\\/rueckfahrkamera-zenec-ze-rce301-mk2-s\\\/#primaryimage\",\"url\":\"https:\\\/\\\/shop.bantam.ch\\\/wp-content\\\/uploads\\\/2024\\\/09\\\/Movera-L-9962045100.jpg\",\"contentUrl\":\"https:\\\/\\\/shop.bantam.ch\\\/wp-content\\\/uploads\\\/2024\\\/09\\\/Movera-L-9962045100.jpg\",\"width\":640,\"height\":336},{\"@type\":\"BreadcrumbList\",\"@id\":\"https:\\\/\\\/shop.bantam.ch\\\/de\\\/produkt\\\/rueckfahrkamera-zenec-ze-rce301-mk2-s\\\/#breadcrumb\",\"itemListElement\":[{\"@type\":\"ListItem\",\"position\":1,\"name\":\"Accueil\",\"item\":\"https:\\\/\\\/shop.bantam.ch\\\/de\\\/\"},{\"@type\":\"ListItem\",\"position\":2,\"name\":\"Shop\",\"item\":\"https:\\\/\\\/shop.bantam.ch\\\/de\\\/shop\\\/\"},{\"@type\":\"ListItem\",\"position\":3,\"name\":\"R\u00fcckfahrkamera ZENEC ZE-RCE301-MK2-S\"}]},{\"@type\":\"WebSite\",\"@id\":\"https:\\\/\\\/shop.bantam.ch\\\/de\\\/#website\",\"url\":\"https:\\\/\\\/shop.bantam.ch\\\/de\\\/\",\"name\":\"Bantam Camping AG\",\"description\":\"\",\"publisher\":{\"@id\":\"https:\\\/\\\/shop.bantam.ch\\\/de\\\/#organization\"},\"inLanguage\":\"de\"},{\"@type\":\"Organization\",\"@id\":\"https:\\\/\\\/shop.bantam.ch\\\/de\\\/#organization\",\"name\":\"Bantam Camping AG\",\"url\":\"https:\\\/\\\/shop.bantam.ch\\\/de\\\/\",\"logo\":{\"@type\":\"ImageObject\",\"inLanguage\":\"de\",\"@id\":\"https:\\\/\\\/shop.bantam.ch\\\/de\\\/#\\\/schema\\\/logo\\\/image\\\/\",\"url\":\"https:\\\/\\\/shop.bantam.ch\\\/wp-content\\\/uploads\\\/2022\\\/12\\\/bantam-logo.png\",\"contentUrl\":\"https:\\\/\\\/shop.bantam.ch\\\/wp-content\\\/uploads\\\/2022\\\/12\\\/bantam-logo.png\",\"width\":320,\"height\":71,\"caption\":\"Bantam Camping AG\"},\"image\":{\"@id\":\"https:\\\/\\\/shop.bantam.ch\\\/de\\\/#\\\/schema\\\/logo\\\/image\\\/\"}}]}<\/script>\n<!-- \/ Yoast SEO plugin. -->","yoast_head_json":{"title":"R\u00fcckfahrkamera ZENEC ZE-RCE301-MK2-S - Bantam Camping AG","robots":{"index":"index","follow":"follow","max-snippet":"max-snippet:-1","max-image-preview":"max-image-preview:large","max-video-preview":"max-video-preview:-1"},"canonical":"https:\/\/shop.bantam.ch\/de\/produkt\/rueckfahrkamera-zenec-ze-rce301-mk2-s\/","og_locale":"de_DE","og_type":"article","og_title":"R\u00fcckfahrkamera ZENEC ZE-RCE301-MK2-S - Bantam Camping AG","og_description":"Kompakte hochaufl\u00f6sende R\u00fcckfahrkamera f\u00fcr FIAT Ducato III Fahrzeuge und baugleiche Typen Systemdesign mit Integration der Originalbremsleuchte (ABE\/Fahrzeugzulassung bleibt bestehen) Hochqualitativer SONY CMOS Bildsensor mit tiefem Stromverbrauch Detaillierte Bildauf\u00f6sung mit hohem Kontrast auch in der D\u00e4mmerung 11 m Hauptkabell\u00e4nge Mechanisch einstellbarer Kamerawinkel zur Personalisierung des Sichtfelds Hauptgeh\u00e4use aus Kunststoffspritzguss mit Befestigungsbolzen aus Edelstahl Technische Daten: Kamerasystem: [&hellip;]","og_url":"https:\/\/shop.bantam.ch\/de\/produkt\/rueckfahrkamera-zenec-ze-rce301-mk2-s\/","og_site_name":"Bantam Camping AG","article_modified_time":"2026-04-18T21:10:59+00:00","og_image":[{"width":640,"height":336,"url":"https:\/\/shop.bantam.ch\/wp-content\/uploads\/2024\/05\/Movera-L-9962045100.jpg","type":"image\/jpeg"}],"twitter_card":"summary_large_image","twitter_misc":{"Gesch\u00e4tzte Lesezeit":"1\u00a0Minute"},"schema":{"@context":"https:\/\/schema.org","@graph":[{"@type":"WebPage","@id":"https:\/\/shop.bantam.ch\/de\/produkt\/rueckfahrkamera-zenec-ze-rce301-mk2-s\/","url":"https:\/\/shop.bantam.ch\/de\/produkt\/rueckfahrkamera-zenec-ze-rce301-mk2-s\/","name":"R\u00fcckfahrkamera ZENEC ZE-RCE301-MK2-S - Bantam Camping AG","isPartOf":{"@id":"https:\/\/shop.bantam.ch\/de\/#website"},"primaryImageOfPage":{"@id":"https:\/\/shop.bantam.ch\/de\/produkt\/rueckfahrkamera-zenec-ze-rce301-mk2-s\/#primaryimage"},"image":{"@id":"https:\/\/shop.bantam.ch\/de\/produkt\/rueckfahrkamera-zenec-ze-rce301-mk2-s\/#primaryimage"},"thumbnailUrl":"https:\/\/shop.bantam.ch\/wp-content\/uploads\/2024\/09\/Movera-L-9962045100.jpg","datePublished":"2024-05-15T14:05:24+00:00","dateModified":"2026-04-18T21:10:59+00:00","breadcrumb":{"@id":"https:\/\/shop.bantam.ch\/de\/produkt\/rueckfahrkamera-zenec-ze-rce301-mk2-s\/#breadcrumb"},"inLanguage":"de","potentialAction":[{"@type":"ReadAction","target":["https:\/\/shop.bantam.ch\/de\/produkt\/rueckfahrkamera-zenec-ze-rce301-mk2-s\/"]}]},{"@type":"ImageObject","inLanguage":"de","@id":"https:\/\/shop.bantam.ch\/de\/produkt\/rueckfahrkamera-zenec-ze-rce301-mk2-s\/#primaryimage","url":"https:\/\/shop.bantam.ch\/wp-content\/uploads\/2024\/09\/Movera-L-9962045100.jpg","contentUrl":"https:\/\/shop.bantam.ch\/wp-content\/uploads\/2024\/09\/Movera-L-9962045100.jpg","width":640,"height":336},{"@type":"BreadcrumbList","@id":"https:\/\/shop.bantam.ch\/de\/produkt\/rueckfahrkamera-zenec-ze-rce301-mk2-s\/#breadcrumb","itemListElement":[{"@type":"ListItem","position":1,"name":"Accueil","item":"https:\/\/shop.bantam.ch\/de\/"},{"@type":"ListItem","position":2,"name":"Shop","item":"https:\/\/shop.bantam.ch\/de\/shop\/"},{"@type":"ListItem","position":3,"name":"R\u00fcckfahrkamera ZENEC ZE-RCE301-MK2-S"}]},{"@type":"WebSite","@id":"https:\/\/shop.bantam.ch\/de\/#website","url":"https:\/\/shop.bantam.ch\/de\/","name":"Bantam Camping AG","description":"","publisher":{"@id":"https:\/\/shop.bantam.ch\/de\/#organization"},"inLanguage":"de"},{"@type":"Organization","@id":"https:\/\/shop.bantam.ch\/de\/#organization","name":"Bantam Camping AG","url":"https:\/\/shop.bantam.ch\/de\/","logo":{"@type":"ImageObject","inLanguage":"de","@id":"https:\/\/shop.bantam.ch\/de\/#\/schema\/logo\/image\/","url":"https:\/\/shop.bantam.ch\/wp-content\/uploads\/2022\/12\/bantam-logo.png","contentUrl":"https:\/\/shop.bantam.ch\/wp-content\/uploads\/2022\/12\/bantam-logo.png","width":320,"height":71,"caption":"Bantam Camping AG"},"image":{"@id":"https:\/\/shop.bantam.ch\/de\/#\/schema\/logo\/image\/"}}]}},"_links":{"self":[{"href":"https:\/\/shop.bantam.ch\/de\/wp-json\/wp\/v2\/product\/196670","targetHints":{"allow":["GET"]}}],"collection":[{"href":"https:\/\/shop.bantam.ch\/de\/wp-json\/wp\/v2\/product"}],"about":[{"href":"https:\/\/shop.bantam.ch\/de\/wp-json\/wp\/v2\/types\/product"}],"wp:featuredmedia":[{"embeddable":true,"href":"https:\/\/shop.bantam.ch\/de\/wp-json\/wp\/v2\/media\/206975"}],"wp:attachment":[{"href":"https:\/\/shop.bantam.ch\/de\/wp-json\/wp\/v2\/media?parent=196670"}],"wp:term":[{"taxonomy":"product_featured_cat","embeddable":true,"href":"https:\/\/shop.bantam.ch\/de\/wp-json\/wp\/v2\/product_featured_cat?post=196670"},{"taxonomy":"product_brand","embeddable":true,"href":"https:\/\/shop.bantam.ch\/de\/wp-json\/wp\/v2\/product_brand?post=196670"},{"taxonomy":"product_cat","embeddable":true,"href":"https:\/\/shop.bantam.ch\/de\/wp-json\/wp\/v2\/product_cat?post=196670"},{"taxonomy":"product_tag","embeddable":true,"href":"https:\/\/shop.bantam.ch\/de\/wp-json\/wp\/v2\/product_tag?post=196670"}],"curies":[{"name":"wp","href":"https:\/\/api.w.org\/{rel}","templated":true}]}}