{"id":196656,"date":"2024-05-15T16:04:57","date_gmt":"2024-05-15T14:04:57","guid":{"rendered":"https:\/\/shop.bantam.ch\/produit\/wohnmobil-tourguide-reise-know-how-normandie\/"},"modified":"2026-04-18T23:10:58","modified_gmt":"2026-04-18T21:10:58","slug":"wohnmobil-tourguide-reise-know-how-normandie","status":"publish","type":"product","link":"https:\/\/shop.bantam.ch\/de\/produkt\/wohnmobil-tourguide-reise-know-how-normandie\/","title":{"rendered":"Wohnmobil Tourguide Reise Know-How Normandie"},"content":{"rendered":"<p>Dieser Wohnmobil-Tourguide ist der ideale Begleiter, um die sch\u00f6nsten Regionen und Orte der Normandie zu erkunden. Zehn detaillierte Routenbeschreibungen &#8211; \u00fcber 300 Camping- und Stellplatzbeschreibungen, Park- und Picknickpl\u00e4tze inkl. GPS-Daten und Anfahrt &#8211; \u00fcber 30 Seiten Routenatlas &#8211; landschaftliche H\u00f6hepunkte, sehenswerte St\u00e4dte, charmante D\u00f6rfer und kilometerlange Str\u00e4nde &#8211; wertvolle Tipps f\u00fcr Restaurantbesuche und den Kauf lokaler Produkte. Dazu: kostenlose Web-App f\u00fcr Smartphone, Tablet und PC mit Lage der Camping- und Stellpl\u00e4tze inkl. Satellitenansichten, Routenf\u00fchrung dorthin und seitenbezogenen News und Korrekturen nach Redaktionsschluss, direkt aufrufbar \u00fcber den QR-Code auf der Buchr\u00fcckenseite. GPS-Daten zum Download. Ob passionierter Wohnmobilist oder Neueinsteiger, ob junge Familie oder Senior: Mit diesem Buch findet jeder sein ideales Urlaubsparadies. Hier wechseln sich herrlich weite Sandstr\u00e4nde im Westen mit den hoch aufragenden Kreideklippen der Alabasterk\u00fcste ab. Eine liebliche H\u00fcgellandschaft mit Seen, Fl\u00fcssen und W\u00e4ldern ist die Heimat des Calvados, des Cidre und der normannischen K\u00e4sesorten. Die erfahrene Reise- und Videojournalistin Gaby G\u00f6lz lenkt den Leser auf zehn miteinander verkn\u00fcpften Routen zu paradiesischen Str\u00e4nden, reizvollen Landschaften, traditionsreichen St\u00e4dten und romantischen D\u00f6rfern. Aus dem Inhalt: Zehn detailliert ausgearbeitete und kombinierbare Routenvorschl\u00e4ge G\u00fcnstige Anreisestrecken aus Deutschland, \u00d6sterreich und der Schweiz Park-, Camping- und Stellpl\u00e4tze mit allen Details Stadtbesichtigungen mit geeigneten Stell- und Parkpl\u00e4tzen Sehensw\u00fcrdigkeiten, empfehlenswerte Restaurants, Degustationen und interessante Einkaufsm\u00f6glichkeiten f\u00fcr regionale Produkte Tipps f\u00fcr Ausfl\u00fcge, Wanderungen und andere Aktivit\u00e4ten 17 \u00fcbersichtliche Stadtpl\u00e4ne, abgestimmt mit dem Text Die sch\u00f6nsten Str\u00e4nde am \u00c4rmelkanal \u00dcber 30 Seiten Routenatlas mit Camping- und Stellpl\u00e4tzen Durchg\u00e4ngig GPS-Daten Ver- und Entsorgungsstellen entlang der Routen Ratschl\u00e4ge zur Sicherheit und Pannenhilfe Kurzweilige Exkurse zu historischen und kulturellen Themen Wichtige praktische Tipps zum Reisen in Frankreich Deutsch-Franz\u00f6sisch-W\u00f6rterliste mit speziellem Womo-Vokabular Wohnmobil-Tourguide &#8211; die aktuellen Bordb\u00fccher von Reise Know-How zu den beliebtesten Wohnmobil-Regionen Europas. Fundiert, \u00fcbersichtlich, praktisch. Mit exakten Routenkarten und Stadtpl\u00e4nen, stimmungsvollen Fotos, strapazierf\u00e4higer Bindung, GPS-Stellplatzdaten zum Herunterladen &#8230;<\/p>\n","protected":false},"excerpt":{"rendered":"<p>Dieser Wohnmobil-Tourguide ist der ideale Begleiter, um die sch\u00f6nsten Regionen und Orte der Normandie zu erkunden. Zehn detaillierte Routenbeschreibungen &#8211; \u00fcber 300 Camping- und Stellplatzbeschreibungen, Park- und Picknickpl\u00e4tze inkl. GPS-Daten und Anfahrt &#8211; \u00fcber 30 Seiten Routenatlas &#8211; landschaftliche H\u00f6hepunkte, sehenswerte St\u00e4dte, charmante D\u00f6rfer und kilometerlange Str\u00e4nde &#8211; wertvolle Tipps f\u00fcr Restaurantbesuche und den Kauf [&hellip;]<\/p>\n","protected":false},"featured_media":206971,"template":"","meta":{"_acf_changed":false},"product_featured_cat":[],"product_brand":[5238],"product_cat":[4352],"product_tag":[],"class_list":{"0":"post-196656","1":"product","2":"type-product","3":"status-publish","4":"has-post-thumbnail","6":"product_brand-reise-know-how-2-de","7":"product_cat-reisefuehrer","9":"first","10":"instock","11":"taxable","12":"shipping-taxable","13":"purchasable","14":"product-type-simple"},"acf":[],"yoast_head":"<!-- This site is optimized with the Yoast SEO plugin v27.4 - https:\/\/yoast.com\/product\/yoast-seo-wordpress\/ -->\n<title>Wohnmobil Tourguide Reise Know-How Normandie - Bantam Camping AG<\/title>\n<meta name=\"robots\" content=\"index, follow, max-snippet:-1, max-image-preview:large, max-video-preview:-1\" \/>\n<link rel=\"canonical\" href=\"https:\/\/shop.bantam.ch\/de\/produkt\/wohnmobil-tourguide-reise-know-how-normandie\/\" \/>\n<meta property=\"og:locale\" content=\"de_DE\" \/>\n<meta property=\"og:type\" content=\"article\" \/>\n<meta property=\"og:title\" content=\"Wohnmobil Tourguide Reise Know-How Normandie - Bantam Camping AG\" \/>\n<meta property=\"og:description\" content=\"Dieser Wohnmobil-Tourguide ist der ideale Begleiter, um die sch\u00f6nsten Regionen und Orte der Normandie zu erkunden. Zehn detaillierte Routenbeschreibungen &#8211; \u00fcber 300 Camping- und Stellplatzbeschreibungen, Park- und Picknickpl\u00e4tze inkl. GPS-Daten und Anfahrt &#8211; \u00fcber 30 Seiten Routenatlas &#8211; landschaftliche H\u00f6hepunkte, sehenswerte St\u00e4dte, charmante D\u00f6rfer und kilometerlange Str\u00e4nde &#8211; wertvolle Tipps f\u00fcr Restaurantbesuche und den Kauf [&hellip;]\" \/>\n<meta property=\"og:url\" content=\"https:\/\/shop.bantam.ch\/de\/produkt\/wohnmobil-tourguide-reise-know-how-normandie\/\" \/>\n<meta property=\"og:site_name\" content=\"Bantam Camping AG\" \/>\n<meta property=\"article:modified_time\" content=\"2026-04-18T21:10:58+00:00\" \/>\n<meta property=\"og:image\" content=\"https:\/\/shop.bantam.ch\/wp-content\/uploads\/2024\/05\/Movera-L-9962041100.jpg\" \/>\n\t<meta property=\"og:image:width\" content=\"640\" \/>\n\t<meta property=\"og:image:height\" content=\"941\" \/>\n\t<meta property=\"og:image:type\" content=\"image\/jpeg\" \/>\n<meta name=\"twitter:card\" content=\"summary_large_image\" \/>\n<meta name=\"twitter:label1\" content=\"Gesch\u00e4tzte Lesezeit\" \/>\n\t<meta name=\"twitter:data1\" content=\"2\u00a0Minuten\" \/>\n<script type=\"application\/ld+json\" class=\"yoast-schema-graph\">{\"@context\":\"https:\\\/\\\/schema.org\",\"@graph\":[{\"@type\":\"WebPage\",\"@id\":\"https:\\\/\\\/shop.bantam.ch\\\/de\\\/produkt\\\/wohnmobil-tourguide-reise-know-how-normandie\\\/\",\"url\":\"https:\\\/\\\/shop.bantam.ch\\\/de\\\/produkt\\\/wohnmobil-tourguide-reise-know-how-normandie\\\/\",\"name\":\"Wohnmobil Tourguide Reise Know-How Normandie - Bantam Camping AG\",\"isPartOf\":{\"@id\":\"https:\\\/\\\/shop.bantam.ch\\\/de\\\/#website\"},\"primaryImageOfPage\":{\"@id\":\"https:\\\/\\\/shop.bantam.ch\\\/de\\\/produkt\\\/wohnmobil-tourguide-reise-know-how-normandie\\\/#primaryimage\"},\"image\":{\"@id\":\"https:\\\/\\\/shop.bantam.ch\\\/de\\\/produkt\\\/wohnmobil-tourguide-reise-know-how-normandie\\\/#primaryimage\"},\"thumbnailUrl\":\"https:\\\/\\\/shop.bantam.ch\\\/wp-content\\\/uploads\\\/2024\\\/09\\\/Movera-L-9962041100.jpg\",\"datePublished\":\"2024-05-15T14:04:57+00:00\",\"dateModified\":\"2026-04-18T21:10:58+00:00\",\"breadcrumb\":{\"@id\":\"https:\\\/\\\/shop.bantam.ch\\\/de\\\/produkt\\\/wohnmobil-tourguide-reise-know-how-normandie\\\/#breadcrumb\"},\"inLanguage\":\"de\",\"potentialAction\":[{\"@type\":\"ReadAction\",\"target\":[\"https:\\\/\\\/shop.bantam.ch\\\/de\\\/produkt\\\/wohnmobil-tourguide-reise-know-how-normandie\\\/\"]}]},{\"@type\":\"ImageObject\",\"inLanguage\":\"de\",\"@id\":\"https:\\\/\\\/shop.bantam.ch\\\/de\\\/produkt\\\/wohnmobil-tourguide-reise-know-how-normandie\\\/#primaryimage\",\"url\":\"https:\\\/\\\/shop.bantam.ch\\\/wp-content\\\/uploads\\\/2024\\\/09\\\/Movera-L-9962041100.jpg\",\"contentUrl\":\"https:\\\/\\\/shop.bantam.ch\\\/wp-content\\\/uploads\\\/2024\\\/09\\\/Movera-L-9962041100.jpg\",\"width\":640,\"height\":941},{\"@type\":\"BreadcrumbList\",\"@id\":\"https:\\\/\\\/shop.bantam.ch\\\/de\\\/produkt\\\/wohnmobil-tourguide-reise-know-how-normandie\\\/#breadcrumb\",\"itemListElement\":[{\"@type\":\"ListItem\",\"position\":1,\"name\":\"Accueil\",\"item\":\"https:\\\/\\\/shop.bantam.ch\\\/de\\\/\"},{\"@type\":\"ListItem\",\"position\":2,\"name\":\"Shop\",\"item\":\"https:\\\/\\\/shop.bantam.ch\\\/de\\\/shop\\\/\"},{\"@type\":\"ListItem\",\"position\":3,\"name\":\"Wohnmobil Tourguide Reise Know-How Normandie\"}]},{\"@type\":\"WebSite\",\"@id\":\"https:\\\/\\\/shop.bantam.ch\\\/de\\\/#website\",\"url\":\"https:\\\/\\\/shop.bantam.ch\\\/de\\\/\",\"name\":\"Bantam Camping AG\",\"description\":\"\",\"publisher\":{\"@id\":\"https:\\\/\\\/shop.bantam.ch\\\/de\\\/#organization\"},\"inLanguage\":\"de\"},{\"@type\":\"Organization\",\"@id\":\"https:\\\/\\\/shop.bantam.ch\\\/de\\\/#organization\",\"name\":\"Bantam Camping AG\",\"url\":\"https:\\\/\\\/shop.bantam.ch\\\/de\\\/\",\"logo\":{\"@type\":\"ImageObject\",\"inLanguage\":\"de\",\"@id\":\"https:\\\/\\\/shop.bantam.ch\\\/de\\\/#\\\/schema\\\/logo\\\/image\\\/\",\"url\":\"https:\\\/\\\/shop.bantam.ch\\\/wp-content\\\/uploads\\\/2022\\\/12\\\/bantam-logo.png\",\"contentUrl\":\"https:\\\/\\\/shop.bantam.ch\\\/wp-content\\\/uploads\\\/2022\\\/12\\\/bantam-logo.png\",\"width\":320,\"height\":71,\"caption\":\"Bantam Camping AG\"},\"image\":{\"@id\":\"https:\\\/\\\/shop.bantam.ch\\\/de\\\/#\\\/schema\\\/logo\\\/image\\\/\"}}]}<\/script>\n<!-- \/ Yoast SEO plugin. -->","yoast_head_json":{"title":"Wohnmobil Tourguide Reise Know-How Normandie - Bantam Camping AG","robots":{"index":"index","follow":"follow","max-snippet":"max-snippet:-1","max-image-preview":"max-image-preview:large","max-video-preview":"max-video-preview:-1"},"canonical":"https:\/\/shop.bantam.ch\/de\/produkt\/wohnmobil-tourguide-reise-know-how-normandie\/","og_locale":"de_DE","og_type":"article","og_title":"Wohnmobil Tourguide Reise Know-How Normandie - Bantam Camping AG","og_description":"Dieser Wohnmobil-Tourguide ist der ideale Begleiter, um die sch\u00f6nsten Regionen und Orte der Normandie zu erkunden. Zehn detaillierte Routenbeschreibungen &#8211; \u00fcber 300 Camping- und Stellplatzbeschreibungen, Park- und Picknickpl\u00e4tze inkl. GPS-Daten und Anfahrt &#8211; \u00fcber 30 Seiten Routenatlas &#8211; landschaftliche H\u00f6hepunkte, sehenswerte St\u00e4dte, charmante D\u00f6rfer und kilometerlange Str\u00e4nde &#8211; wertvolle Tipps f\u00fcr Restaurantbesuche und den Kauf [&hellip;]","og_url":"https:\/\/shop.bantam.ch\/de\/produkt\/wohnmobil-tourguide-reise-know-how-normandie\/","og_site_name":"Bantam Camping AG","article_modified_time":"2026-04-18T21:10:58+00:00","og_image":[{"width":640,"height":941,"url":"https:\/\/shop.bantam.ch\/wp-content\/uploads\/2024\/05\/Movera-L-9962041100.jpg","type":"image\/jpeg"}],"twitter_card":"summary_large_image","twitter_misc":{"Gesch\u00e4tzte Lesezeit":"2\u00a0Minuten"},"schema":{"@context":"https:\/\/schema.org","@graph":[{"@type":"WebPage","@id":"https:\/\/shop.bantam.ch\/de\/produkt\/wohnmobil-tourguide-reise-know-how-normandie\/","url":"https:\/\/shop.bantam.ch\/de\/produkt\/wohnmobil-tourguide-reise-know-how-normandie\/","name":"Wohnmobil Tourguide Reise Know-How Normandie - Bantam Camping AG","isPartOf":{"@id":"https:\/\/shop.bantam.ch\/de\/#website"},"primaryImageOfPage":{"@id":"https:\/\/shop.bantam.ch\/de\/produkt\/wohnmobil-tourguide-reise-know-how-normandie\/#primaryimage"},"image":{"@id":"https:\/\/shop.bantam.ch\/de\/produkt\/wohnmobil-tourguide-reise-know-how-normandie\/#primaryimage"},"thumbnailUrl":"https:\/\/shop.bantam.ch\/wp-content\/uploads\/2024\/09\/Movera-L-9962041100.jpg","datePublished":"2024-05-15T14:04:57+00:00","dateModified":"2026-04-18T21:10:58+00:00","breadcrumb":{"@id":"https:\/\/shop.bantam.ch\/de\/produkt\/wohnmobil-tourguide-reise-know-how-normandie\/#breadcrumb"},"inLanguage":"de","potentialAction":[{"@type":"ReadAction","target":["https:\/\/shop.bantam.ch\/de\/produkt\/wohnmobil-tourguide-reise-know-how-normandie\/"]}]},{"@type":"ImageObject","inLanguage":"de","@id":"https:\/\/shop.bantam.ch\/de\/produkt\/wohnmobil-tourguide-reise-know-how-normandie\/#primaryimage","url":"https:\/\/shop.bantam.ch\/wp-content\/uploads\/2024\/09\/Movera-L-9962041100.jpg","contentUrl":"https:\/\/shop.bantam.ch\/wp-content\/uploads\/2024\/09\/Movera-L-9962041100.jpg","width":640,"height":941},{"@type":"BreadcrumbList","@id":"https:\/\/shop.bantam.ch\/de\/produkt\/wohnmobil-tourguide-reise-know-how-normandie\/#breadcrumb","itemListElement":[{"@type":"ListItem","position":1,"name":"Accueil","item":"https:\/\/shop.bantam.ch\/de\/"},{"@type":"ListItem","position":2,"name":"Shop","item":"https:\/\/shop.bantam.ch\/de\/shop\/"},{"@type":"ListItem","position":3,"name":"Wohnmobil Tourguide Reise Know-How Normandie"}]},{"@type":"WebSite","@id":"https:\/\/shop.bantam.ch\/de\/#website","url":"https:\/\/shop.bantam.ch\/de\/","name":"Bantam Camping AG","description":"","publisher":{"@id":"https:\/\/shop.bantam.ch\/de\/#organization"},"inLanguage":"de"},{"@type":"Organization","@id":"https:\/\/shop.bantam.ch\/de\/#organization","name":"Bantam Camping AG","url":"https:\/\/shop.bantam.ch\/de\/","logo":{"@type":"ImageObject","inLanguage":"de","@id":"https:\/\/shop.bantam.ch\/de\/#\/schema\/logo\/image\/","url":"https:\/\/shop.bantam.ch\/wp-content\/uploads\/2022\/12\/bantam-logo.png","contentUrl":"https:\/\/shop.bantam.ch\/wp-content\/uploads\/2022\/12\/bantam-logo.png","width":320,"height":71,"caption":"Bantam Camping AG"},"image":{"@id":"https:\/\/shop.bantam.ch\/de\/#\/schema\/logo\/image\/"}}]}},"_links":{"self":[{"href":"https:\/\/shop.bantam.ch\/de\/wp-json\/wp\/v2\/product\/196656","targetHints":{"allow":["GET"]}}],"collection":[{"href":"https:\/\/shop.bantam.ch\/de\/wp-json\/wp\/v2\/product"}],"about":[{"href":"https:\/\/shop.bantam.ch\/de\/wp-json\/wp\/v2\/types\/product"}],"wp:featuredmedia":[{"embeddable":true,"href":"https:\/\/shop.bantam.ch\/de\/wp-json\/wp\/v2\/media\/206971"}],"wp:attachment":[{"href":"https:\/\/shop.bantam.ch\/de\/wp-json\/wp\/v2\/media?parent=196656"}],"wp:term":[{"taxonomy":"product_featured_cat","embeddable":true,"href":"https:\/\/shop.bantam.ch\/de\/wp-json\/wp\/v2\/product_featured_cat?post=196656"},{"taxonomy":"product_brand","embeddable":true,"href":"https:\/\/shop.bantam.ch\/de\/wp-json\/wp\/v2\/product_brand?post=196656"},{"taxonomy":"product_cat","embeddable":true,"href":"https:\/\/shop.bantam.ch\/de\/wp-json\/wp\/v2\/product_cat?post=196656"},{"taxonomy":"product_tag","embeddable":true,"href":"https:\/\/shop.bantam.ch\/de\/wp-json\/wp\/v2\/product_tag?post=196656"}],"curies":[{"name":"wp","href":"https:\/\/api.w.org\/{rel}","templated":true}]}}