{"id":196648,"date":"2024-05-15T16:04:43","date_gmt":"2024-05-15T14:04:43","guid":{"rendered":"https:\/\/shop.bantam.ch\/produit\/outdoor-ringwurfspiel-eichhorn-geeignet-ab-3-jahre\/"},"modified":"2026-05-10T23:07:13","modified_gmt":"2026-05-10T21:07:13","slug":"outdoor-ringwurfspiel-eichhorn-geeignet-ab-3-jahre","status":"publish","type":"product","link":"https:\/\/shop.bantam.ch\/de\/produkt\/outdoor-ringwurfspiel-eichhorn-geeignet-ab-3-jahre\/","title":{"rendered":"Outdoor Ringwurfspiel Eichhorn geeignet ab 3 Jahre"},"content":{"rendered":"<p>Eichhorn Outdoor Ringwurfspiel: Das Eichhorn Ringwurfspiel aus hochwertigem Holz ist ein cooles Geschicklichkeitsspiel f\u00fcr den Garten. Das Kreuz mit den 9 Pins wird auf den Boden gelegt. Aus einer festgelegten Entfernung m\u00fcssen die Ringe \u00fcber die Pins geworfen werden. Jeder Pin bringt unterschiedlich viele Punkte. Wer am meisten Punkte erzielt, hat gewonnen. F\u00fcr Kinder ab 3 Jahren geeignet.<br \/>\nMaterial:<br \/>\nKiefernholz<\/p>\n","protected":false},"excerpt":{"rendered":"<p>Eichhorn Outdoor Ringwurfspiel: Das Eichhorn Ringwurfspiel aus hochwertigem Holz ist ein cooles Geschicklichkeitsspiel f\u00fcr den Garten. Das Kreuz mit den 9 Pins wird auf den Boden gelegt. Aus einer festgelegten Entfernung m\u00fcssen die Ringe \u00fcber die Pins geworfen werden. Jeder Pin bringt unterschiedlich viele Punkte. Wer am meisten Punkte erzielt, hat gewonnen. F\u00fcr Kinder ab [&hellip;]<\/p>\n","protected":false},"featured_media":206967,"template":"","meta":{"_acf_changed":false},"product_featured_cat":[],"product_brand":[3651],"product_cat":[4458],"product_tag":[],"class_list":{"0":"post-196648","1":"product","2":"type-product","3":"status-publish","4":"has-post-thumbnail","6":"product_brand-eichhorn-de","7":"product_cat-spielzeug","9":"first","10":"instock","11":"taxable","12":"shipping-taxable","13":"purchasable","14":"product-type-simple"},"acf":[],"yoast_head":"<!-- This site is optimized with the Yoast SEO plugin v27.5 - https:\/\/yoast.com\/product\/yoast-seo-wordpress\/ -->\n<title>Outdoor Ringwurfspiel Eichhorn geeignet ab 3 Jahre - Bantam<\/title>\n<meta name=\"robots\" content=\"index, follow, max-snippet:-1, max-image-preview:large, max-video-preview:-1\" \/>\n<link rel=\"canonical\" href=\"https:\/\/shop.bantam.ch\/de\/produkt\/outdoor-ringwurfspiel-eichhorn-geeignet-ab-3-jahre\/\" \/>\n<meta property=\"og:locale\" content=\"de_DE\" \/>\n<meta property=\"og:type\" content=\"article\" \/>\n<meta property=\"og:title\" content=\"Outdoor Ringwurfspiel Eichhorn geeignet ab 3 Jahre - Bantam\" \/>\n<meta property=\"og:description\" content=\"Eichhorn Outdoor Ringwurfspiel: Das Eichhorn Ringwurfspiel aus hochwertigem Holz ist ein cooles Geschicklichkeitsspiel f\u00fcr den Garten. Das Kreuz mit den 9 Pins wird auf den Boden gelegt. Aus einer festgelegten Entfernung m\u00fcssen die Ringe \u00fcber die Pins geworfen werden. Jeder Pin bringt unterschiedlich viele Punkte. Wer am meisten Punkte erzielt, hat gewonnen. F\u00fcr Kinder ab [&hellip;]\" \/>\n<meta property=\"og:url\" content=\"https:\/\/shop.bantam.ch\/de\/produkt\/outdoor-ringwurfspiel-eichhorn-geeignet-ab-3-jahre\/\" \/>\n<meta property=\"og:site_name\" content=\"Bantam\" \/>\n<meta property=\"article:modified_time\" content=\"2026-05-10T21:07:13+00:00\" \/>\n<meta property=\"og:image\" content=\"https:\/\/shop.bantam.ch\/wp-content\/uploads\/2024\/05\/Movera-L-9962039100.jpg\" \/>\n\t<meta property=\"og:image:width\" content=\"640\" \/>\n\t<meta property=\"og:image:height\" content=\"428\" \/>\n\t<meta property=\"og:image:type\" content=\"image\/jpeg\" \/>\n<meta name=\"twitter:card\" content=\"summary_large_image\" \/>\n<script type=\"application\/ld+json\" class=\"yoast-schema-graph\">{\"@context\":\"https:\\\/\\\/schema.org\",\"@graph\":[{\"@type\":\"WebPage\",\"@id\":\"https:\\\/\\\/shop.bantam.ch\\\/de\\\/produkt\\\/outdoor-ringwurfspiel-eichhorn-geeignet-ab-3-jahre\\\/\",\"url\":\"https:\\\/\\\/shop.bantam.ch\\\/de\\\/produkt\\\/outdoor-ringwurfspiel-eichhorn-geeignet-ab-3-jahre\\\/\",\"name\":\"Outdoor Ringwurfspiel Eichhorn geeignet ab 3 Jahre - Bantam\",\"isPartOf\":{\"@id\":\"https:\\\/\\\/shop.bantam.ch\\\/de\\\/#website\"},\"primaryImageOfPage\":{\"@id\":\"https:\\\/\\\/shop.bantam.ch\\\/de\\\/produkt\\\/outdoor-ringwurfspiel-eichhorn-geeignet-ab-3-jahre\\\/#primaryimage\"},\"image\":{\"@id\":\"https:\\\/\\\/shop.bantam.ch\\\/de\\\/produkt\\\/outdoor-ringwurfspiel-eichhorn-geeignet-ab-3-jahre\\\/#primaryimage\"},\"thumbnailUrl\":\"https:\\\/\\\/shop.bantam.ch\\\/wp-content\\\/uploads\\\/2024\\\/09\\\/Movera-L-9962039100.jpg\",\"datePublished\":\"2024-05-15T14:04:43+00:00\",\"dateModified\":\"2026-05-10T21:07:13+00:00\",\"breadcrumb\":{\"@id\":\"https:\\\/\\\/shop.bantam.ch\\\/de\\\/produkt\\\/outdoor-ringwurfspiel-eichhorn-geeignet-ab-3-jahre\\\/#breadcrumb\"},\"inLanguage\":\"de\",\"potentialAction\":[{\"@type\":\"ReadAction\",\"target\":[\"https:\\\/\\\/shop.bantam.ch\\\/de\\\/produkt\\\/outdoor-ringwurfspiel-eichhorn-geeignet-ab-3-jahre\\\/\"]}]},{\"@type\":\"ImageObject\",\"inLanguage\":\"de\",\"@id\":\"https:\\\/\\\/shop.bantam.ch\\\/de\\\/produkt\\\/outdoor-ringwurfspiel-eichhorn-geeignet-ab-3-jahre\\\/#primaryimage\",\"url\":\"https:\\\/\\\/shop.bantam.ch\\\/wp-content\\\/uploads\\\/2024\\\/09\\\/Movera-L-9962039100.jpg\",\"contentUrl\":\"https:\\\/\\\/shop.bantam.ch\\\/wp-content\\\/uploads\\\/2024\\\/09\\\/Movera-L-9962039100.jpg\",\"width\":640,\"height\":428},{\"@type\":\"BreadcrumbList\",\"@id\":\"https:\\\/\\\/shop.bantam.ch\\\/de\\\/produkt\\\/outdoor-ringwurfspiel-eichhorn-geeignet-ab-3-jahre\\\/#breadcrumb\",\"itemListElement\":[{\"@type\":\"ListItem\",\"position\":1,\"name\":\"Accueil\",\"item\":\"https:\\\/\\\/shop.bantam.ch\\\/de\\\/\"},{\"@type\":\"ListItem\",\"position\":2,\"name\":\"Shop\",\"item\":\"https:\\\/\\\/shop.bantam.ch\\\/de\\\/shop\\\/\"},{\"@type\":\"ListItem\",\"position\":3,\"name\":\"Outdoor Ringwurfspiel Eichhorn geeignet ab 3 Jahre\"}]},{\"@type\":\"WebSite\",\"@id\":\"https:\\\/\\\/shop.bantam.ch\\\/de\\\/#website\",\"url\":\"https:\\\/\\\/shop.bantam.ch\\\/de\\\/\",\"name\":\"Bantam\",\"description\":\"\",\"publisher\":{\"@id\":\"https:\\\/\\\/shop.bantam.ch\\\/de\\\/#organization\"},\"inLanguage\":\"de\"},{\"@type\":\"Organization\",\"@id\":\"https:\\\/\\\/shop.bantam.ch\\\/de\\\/#organization\",\"name\":\"Bantam\",\"url\":\"https:\\\/\\\/shop.bantam.ch\\\/de\\\/\",\"logo\":{\"@type\":\"ImageObject\",\"inLanguage\":\"de\",\"@id\":\"https:\\\/\\\/shop.bantam.ch\\\/de\\\/#\\\/schema\\\/logo\\\/image\\\/\",\"url\":\"https:\\\/\\\/shop.bantam.ch\\\/wp-content\\\/uploads\\\/2022\\\/12\\\/bantam-logo.png\",\"contentUrl\":\"https:\\\/\\\/shop.bantam.ch\\\/wp-content\\\/uploads\\\/2022\\\/12\\\/bantam-logo.png\",\"width\":320,\"height\":71,\"caption\":\"Bantam\"},\"image\":{\"@id\":\"https:\\\/\\\/shop.bantam.ch\\\/de\\\/#\\\/schema\\\/logo\\\/image\\\/\"}}]}<\/script>\n<!-- \/ Yoast SEO plugin. -->","yoast_head_json":{"title":"Outdoor Ringwurfspiel Eichhorn geeignet ab 3 Jahre - Bantam","robots":{"index":"index","follow":"follow","max-snippet":"max-snippet:-1","max-image-preview":"max-image-preview:large","max-video-preview":"max-video-preview:-1"},"canonical":"https:\/\/shop.bantam.ch\/de\/produkt\/outdoor-ringwurfspiel-eichhorn-geeignet-ab-3-jahre\/","og_locale":"de_DE","og_type":"article","og_title":"Outdoor Ringwurfspiel Eichhorn geeignet ab 3 Jahre - Bantam","og_description":"Eichhorn Outdoor Ringwurfspiel: Das Eichhorn Ringwurfspiel aus hochwertigem Holz ist ein cooles Geschicklichkeitsspiel f\u00fcr den Garten. Das Kreuz mit den 9 Pins wird auf den Boden gelegt. Aus einer festgelegten Entfernung m\u00fcssen die Ringe \u00fcber die Pins geworfen werden. Jeder Pin bringt unterschiedlich viele Punkte. Wer am meisten Punkte erzielt, hat gewonnen. F\u00fcr Kinder ab [&hellip;]","og_url":"https:\/\/shop.bantam.ch\/de\/produkt\/outdoor-ringwurfspiel-eichhorn-geeignet-ab-3-jahre\/","og_site_name":"Bantam","article_modified_time":"2026-05-10T21:07:13+00:00","og_image":[{"width":640,"height":428,"url":"https:\/\/shop.bantam.ch\/wp-content\/uploads\/2024\/05\/Movera-L-9962039100.jpg","type":"image\/jpeg"}],"twitter_card":"summary_large_image","schema":{"@context":"https:\/\/schema.org","@graph":[{"@type":"WebPage","@id":"https:\/\/shop.bantam.ch\/de\/produkt\/outdoor-ringwurfspiel-eichhorn-geeignet-ab-3-jahre\/","url":"https:\/\/shop.bantam.ch\/de\/produkt\/outdoor-ringwurfspiel-eichhorn-geeignet-ab-3-jahre\/","name":"Outdoor Ringwurfspiel Eichhorn geeignet ab 3 Jahre - Bantam","isPartOf":{"@id":"https:\/\/shop.bantam.ch\/de\/#website"},"primaryImageOfPage":{"@id":"https:\/\/shop.bantam.ch\/de\/produkt\/outdoor-ringwurfspiel-eichhorn-geeignet-ab-3-jahre\/#primaryimage"},"image":{"@id":"https:\/\/shop.bantam.ch\/de\/produkt\/outdoor-ringwurfspiel-eichhorn-geeignet-ab-3-jahre\/#primaryimage"},"thumbnailUrl":"https:\/\/shop.bantam.ch\/wp-content\/uploads\/2024\/09\/Movera-L-9962039100.jpg","datePublished":"2024-05-15T14:04:43+00:00","dateModified":"2026-05-10T21:07:13+00:00","breadcrumb":{"@id":"https:\/\/shop.bantam.ch\/de\/produkt\/outdoor-ringwurfspiel-eichhorn-geeignet-ab-3-jahre\/#breadcrumb"},"inLanguage":"de","potentialAction":[{"@type":"ReadAction","target":["https:\/\/shop.bantam.ch\/de\/produkt\/outdoor-ringwurfspiel-eichhorn-geeignet-ab-3-jahre\/"]}]},{"@type":"ImageObject","inLanguage":"de","@id":"https:\/\/shop.bantam.ch\/de\/produkt\/outdoor-ringwurfspiel-eichhorn-geeignet-ab-3-jahre\/#primaryimage","url":"https:\/\/shop.bantam.ch\/wp-content\/uploads\/2024\/09\/Movera-L-9962039100.jpg","contentUrl":"https:\/\/shop.bantam.ch\/wp-content\/uploads\/2024\/09\/Movera-L-9962039100.jpg","width":640,"height":428},{"@type":"BreadcrumbList","@id":"https:\/\/shop.bantam.ch\/de\/produkt\/outdoor-ringwurfspiel-eichhorn-geeignet-ab-3-jahre\/#breadcrumb","itemListElement":[{"@type":"ListItem","position":1,"name":"Accueil","item":"https:\/\/shop.bantam.ch\/de\/"},{"@type":"ListItem","position":2,"name":"Shop","item":"https:\/\/shop.bantam.ch\/de\/shop\/"},{"@type":"ListItem","position":3,"name":"Outdoor Ringwurfspiel Eichhorn geeignet ab 3 Jahre"}]},{"@type":"WebSite","@id":"https:\/\/shop.bantam.ch\/de\/#website","url":"https:\/\/shop.bantam.ch\/de\/","name":"Bantam","description":"","publisher":{"@id":"https:\/\/shop.bantam.ch\/de\/#organization"},"inLanguage":"de"},{"@type":"Organization","@id":"https:\/\/shop.bantam.ch\/de\/#organization","name":"Bantam","url":"https:\/\/shop.bantam.ch\/de\/","logo":{"@type":"ImageObject","inLanguage":"de","@id":"https:\/\/shop.bantam.ch\/de\/#\/schema\/logo\/image\/","url":"https:\/\/shop.bantam.ch\/wp-content\/uploads\/2022\/12\/bantam-logo.png","contentUrl":"https:\/\/shop.bantam.ch\/wp-content\/uploads\/2022\/12\/bantam-logo.png","width":320,"height":71,"caption":"Bantam"},"image":{"@id":"https:\/\/shop.bantam.ch\/de\/#\/schema\/logo\/image\/"}}]}},"_links":{"self":[{"href":"https:\/\/shop.bantam.ch\/de\/wp-json\/wp\/v2\/product\/196648","targetHints":{"allow":["GET"]}}],"collection":[{"href":"https:\/\/shop.bantam.ch\/de\/wp-json\/wp\/v2\/product"}],"about":[{"href":"https:\/\/shop.bantam.ch\/de\/wp-json\/wp\/v2\/types\/product"}],"wp:featuredmedia":[{"embeddable":true,"href":"https:\/\/shop.bantam.ch\/de\/wp-json\/wp\/v2\/media\/206967"}],"wp:attachment":[{"href":"https:\/\/shop.bantam.ch\/de\/wp-json\/wp\/v2\/media?parent=196648"}],"wp:term":[{"taxonomy":"product_featured_cat","embeddable":true,"href":"https:\/\/shop.bantam.ch\/de\/wp-json\/wp\/v2\/product_featured_cat?post=196648"},{"taxonomy":"product_brand","embeddable":true,"href":"https:\/\/shop.bantam.ch\/de\/wp-json\/wp\/v2\/product_brand?post=196648"},{"taxonomy":"product_cat","embeddable":true,"href":"https:\/\/shop.bantam.ch\/de\/wp-json\/wp\/v2\/product_cat?post=196648"},{"taxonomy":"product_tag","embeddable":true,"href":"https:\/\/shop.bantam.ch\/de\/wp-json\/wp\/v2\/product_tag?post=196648"}],"curies":[{"name":"wp","href":"https:\/\/api.w.org\/{rel}","templated":true}]}}