{"id":196632,"date":"2024-05-15T16:04:08","date_gmt":"2024-05-15T14:04:08","guid":{"rendered":"https:\/\/shop.bantam.ch\/produit\/fernsehr-megasat-royal-line-iv\/"},"modified":"2026-05-10T01:08:48","modified_gmt":"2026-05-09T23:08:48","slug":"fernsehr-megasat-royal-line-iv","status":"publish","type":"product","link":"https:\/\/shop.bantam.ch\/de\/produkt\/fernsehr-megasat-royal-line-iv\/","title":{"rendered":"Fernsehr Megasat Royal Line IV"},"content":{"rendered":"<p>Die Royal Line IV Smart-Serie mit integriertem Android 11 Betriebssystem, bietet eine LAN- und WLAN-Schnittstelle. Da es sich hierbei um einen Smart-TV handelt, verf\u00fcgt dieser \u00fcber einen Internetbrowser und vorinstallierte Apps sowie den Zugriff auf viele Mediaportale. Zus\u00e4tzlich k\u00f6nnen weitere zahlreiche Apps \u00fcber den integrierten App-Store installiert werden. Abgerundet wird das Fernseherlebnis mit der Darstellung in erstklassiger HD-Qualit\u00e4t, die keine W\u00fcnsche offen l\u00e4sst. Der Triple-Tuner sichert den digitalen TV-Empfang auch im europ\u00e4ischen<br \/>\nAusland.<br \/>\nWeitere Features sind der CI+-Schacht zur Entschl\u00fcsselung von Pay-TV-Sendern und der USB-Anschluss zur Medienwiedergabe von Filmen, Bildern und Musik. Mit der integrierten Bluetooth\u00ae-Schnittstelle k\u00f6nnen Sie die Audiowiedergabe an einen Bluetooth\u00ae-f\u00e4higen Kopfh\u00f6rer oder an eine Soundbar kabellos \u00fcbertragen.<br \/>\nDie Ger\u00e4te sind speziell f\u00fcr den Einsatz im Fahrzeug konzipiert. Eine besondere Innenarchitektur sch\u00fctzt die Komponenten vor Ersch\u00fctterungen w\u00e4hrend der Fahrt. Ob Boot, Caravan oder LKW, mit unserem Camping-TV sind Sie gut ausger\u00fcstet.<\/p>\n<p>Technische Details<\/p>\n<ul>\n<li>LED-Display (Pixelklasse 1)<\/li>\n<li>1000 : 1 Kontrastverh\u00e4ltnis \/ 250 cd\/m\u00b2 Helligkeitswert<\/li>\n<li>Betrachtungswinkel: 178\u00b0 (horizontal) \/ 178\u00b0 (vertikal)<\/li>\n<li>Tuner: DVB-S \/ -S2 \/ -C \/ -T \/ -T2 (H.265\/HEVC)<\/li>\n<li>Programmpl\u00e4tze: 3.500 (DVB-S) \/ 700 (DVB-T + DVB-C)<\/li>\n<li>CI+ Schacht (HD+ ready)<\/li>\n<li>Bluetooth\u00ae 4.2-Schnittstelle<\/li>\n<li>WLAN- und LAN-Schnittstelle<\/li>\n<li>Zugriff auf Mediatheken \/ Videoportale und vorinstallierte Apps<\/li>\n<li>Android 11.0 Betriebssystem<\/li>\n<li>ARM Cortex \u2013A55 Prozessor (1 GB DDR \/ 8 GB Flash)<\/li>\n<li>Foto-Abspielformate: JPEG, BMP, PNG<\/li>\n<li>Audio-Abspielformate: MP3, AAC, AMR<\/li>\n<li>Video-Abspielformate: MPG, AVI, TS, MOV, MKV, DAT, MP4, VOB<\/li>\n<li>Mechanischer Netzschalter<\/li>\n<li>Hotel Modus<\/li>\n<li>2x 5 Watt Stereo-Lautsprecher<\/li>\n<li>100 x 100 mm VESA Standard<\/li>\n<\/ul>\n<p>Anschl\u00fcsse<\/p>\n<ul>\n<li>1x Antenneneingang (DVB-S \/ -S2)<\/li>\n<li>1x Antenneneingang (DVB-T \/ -T2 \/ -C)<\/li>\n<li>1x Audio-Ausgang koaxial Cinch (S\/PDIF)<\/li>\n<li>1x Kopfh\u00f6rer-Ausgang (3,5 mm Klinke)<\/li>\n<li>2x HDMI-Anschluss<\/li>\n<li>1x Video-Cinch-Anschluss (CVBS)<\/li>\n<li>2x Audio-Cinch-Anschluss (L\/R)<\/li>\n<li>2x USB-Anschluss<\/li>\n<li>1x LAN-Anschluss<\/li>\n<li>1x CI+ Modul Steckplatz<\/li>\n<li>1x Mini-AV in<\/li>\n<\/ul>\n","protected":false},"excerpt":{"rendered":"<p>Die Royal Line IV Smart-Serie mit integriertem Android 11 Betriebssystem, bietet eine LAN- und WLAN-Schnittstelle. Da es sich hierbei um einen Smart-TV handelt, verf\u00fcgt dieser \u00fcber einen Internetbrowser und vorinstallierte Apps sowie den Zugriff auf viele Mediaportale. Zus\u00e4tzlich k\u00f6nnen weitere zahlreiche Apps \u00fcber den integrierten App-Store installiert werden. Abgerundet wird das Fernseherlebnis mit der Darstellung [&hellip;]<\/p>\n","protected":false},"featured_media":196618,"template":"","meta":{"_acf_changed":false},"product_featured_cat":[],"product_brand":[3201],"product_cat":[4506],"product_tag":[],"class_list":{"0":"post-196632","1":"product","2":"type-product","3":"status-publish","4":"has-post-thumbnail","6":"product_brand-megasat-de","7":"product_cat-led-tv","9":"first","10":"instock","11":"taxable","12":"shipping-taxable","13":"purchasable","14":"product-type-variable"},"acf":[],"yoast_head":"<!-- This site is optimized with the Yoast SEO plugin v27.5 - https:\/\/yoast.com\/product\/yoast-seo-wordpress\/ -->\n<title>Fernsehr Megasat Royal Line IV - Bantam<\/title>\n<meta name=\"robots\" content=\"index, follow, max-snippet:-1, max-image-preview:large, max-video-preview:-1\" \/>\n<link rel=\"canonical\" href=\"https:\/\/shop.bantam.ch\/de\/produkt\/fernsehr-megasat-royal-line-iv\/\" \/>\n<meta property=\"og:locale\" content=\"de_DE\" \/>\n<meta property=\"og:type\" content=\"article\" \/>\n<meta property=\"og:title\" content=\"Fernsehr Megasat Royal Line IV - Bantam\" \/>\n<meta property=\"og:description\" content=\"Die Royal Line IV Smart-Serie mit integriertem Android 11 Betriebssystem, bietet eine LAN- und WLAN-Schnittstelle. Da es sich hierbei um einen Smart-TV handelt, verf\u00fcgt dieser \u00fcber einen Internetbrowser und vorinstallierte Apps sowie den Zugriff auf viele Mediaportale. Zus\u00e4tzlich k\u00f6nnen weitere zahlreiche Apps \u00fcber den integrierten App-Store installiert werden. Abgerundet wird das Fernseherlebnis mit der Darstellung [&hellip;]\" \/>\n<meta property=\"og:url\" content=\"https:\/\/shop.bantam.ch\/de\/produkt\/fernsehr-megasat-royal-line-iv\/\" \/>\n<meta property=\"og:site_name\" content=\"Bantam\" \/>\n<meta property=\"article:modified_time\" content=\"2026-05-09T23:08:48+00:00\" \/>\n<meta property=\"og:image\" content=\"https:\/\/shop.bantam.ch\/wp-content\/uploads\/2024\/05\/Movera-L-9962018100.jpg\" \/>\n\t<meta property=\"og:image:width\" content=\"640\" \/>\n\t<meta property=\"og:image:height\" content=\"388\" \/>\n\t<meta property=\"og:image:type\" content=\"image\/jpeg\" \/>\n<meta name=\"twitter:card\" content=\"summary_large_image\" \/>\n<meta name=\"twitter:label1\" content=\"Gesch\u00e4tzte Lesezeit\" \/>\n\t<meta name=\"twitter:data1\" content=\"1\u00a0Minute\" \/>\n<script type=\"application\/ld+json\" class=\"yoast-schema-graph\">{\"@context\":\"https:\\\/\\\/schema.org\",\"@graph\":[{\"@type\":\"WebPage\",\"@id\":\"https:\\\/\\\/shop.bantam.ch\\\/de\\\/produkt\\\/fernsehr-megasat-royal-line-iv\\\/\",\"url\":\"https:\\\/\\\/shop.bantam.ch\\\/de\\\/produkt\\\/fernsehr-megasat-royal-line-iv\\\/\",\"name\":\"Fernsehr Megasat Royal Line IV - Bantam\",\"isPartOf\":{\"@id\":\"https:\\\/\\\/shop.bantam.ch\\\/de\\\/#website\"},\"primaryImageOfPage\":{\"@id\":\"https:\\\/\\\/shop.bantam.ch\\\/de\\\/produkt\\\/fernsehr-megasat-royal-line-iv\\\/#primaryimage\"},\"image\":{\"@id\":\"https:\\\/\\\/shop.bantam.ch\\\/de\\\/produkt\\\/fernsehr-megasat-royal-line-iv\\\/#primaryimage\"},\"thumbnailUrl\":\"https:\\\/\\\/shop.bantam.ch\\\/wp-content\\\/uploads\\\/2024\\\/05\\\/Movera-L-9962018100.jpg\",\"datePublished\":\"2024-05-15T14:04:08+00:00\",\"dateModified\":\"2026-05-09T23:08:48+00:00\",\"breadcrumb\":{\"@id\":\"https:\\\/\\\/shop.bantam.ch\\\/de\\\/produkt\\\/fernsehr-megasat-royal-line-iv\\\/#breadcrumb\"},\"inLanguage\":\"de\",\"potentialAction\":[{\"@type\":\"ReadAction\",\"target\":[\"https:\\\/\\\/shop.bantam.ch\\\/de\\\/produkt\\\/fernsehr-megasat-royal-line-iv\\\/\"]}]},{\"@type\":\"ImageObject\",\"inLanguage\":\"de\",\"@id\":\"https:\\\/\\\/shop.bantam.ch\\\/de\\\/produkt\\\/fernsehr-megasat-royal-line-iv\\\/#primaryimage\",\"url\":\"https:\\\/\\\/shop.bantam.ch\\\/wp-content\\\/uploads\\\/2024\\\/05\\\/Movera-L-9962018100.jpg\",\"contentUrl\":\"https:\\\/\\\/shop.bantam.ch\\\/wp-content\\\/uploads\\\/2024\\\/05\\\/Movera-L-9962018100.jpg\",\"width\":640,\"height\":388},{\"@type\":\"BreadcrumbList\",\"@id\":\"https:\\\/\\\/shop.bantam.ch\\\/de\\\/produkt\\\/fernsehr-megasat-royal-line-iv\\\/#breadcrumb\",\"itemListElement\":[{\"@type\":\"ListItem\",\"position\":1,\"name\":\"Accueil\",\"item\":\"https:\\\/\\\/shop.bantam.ch\\\/de\\\/\"},{\"@type\":\"ListItem\",\"position\":2,\"name\":\"Shop\",\"item\":\"https:\\\/\\\/shop.bantam.ch\\\/de\\\/shop\\\/\"},{\"@type\":\"ListItem\",\"position\":3,\"name\":\"Fernsehr Megasat Royal Line IV\"}]},{\"@type\":\"WebSite\",\"@id\":\"https:\\\/\\\/shop.bantam.ch\\\/de\\\/#website\",\"url\":\"https:\\\/\\\/shop.bantam.ch\\\/de\\\/\",\"name\":\"Bantam\",\"description\":\"\",\"publisher\":{\"@id\":\"https:\\\/\\\/shop.bantam.ch\\\/de\\\/#organization\"},\"inLanguage\":\"de\"},{\"@type\":\"Organization\",\"@id\":\"https:\\\/\\\/shop.bantam.ch\\\/de\\\/#organization\",\"name\":\"Bantam\",\"url\":\"https:\\\/\\\/shop.bantam.ch\\\/de\\\/\",\"logo\":{\"@type\":\"ImageObject\",\"inLanguage\":\"de\",\"@id\":\"https:\\\/\\\/shop.bantam.ch\\\/de\\\/#\\\/schema\\\/logo\\\/image\\\/\",\"url\":\"https:\\\/\\\/shop.bantam.ch\\\/wp-content\\\/uploads\\\/2022\\\/12\\\/bantam-logo.png\",\"contentUrl\":\"https:\\\/\\\/shop.bantam.ch\\\/wp-content\\\/uploads\\\/2022\\\/12\\\/bantam-logo.png\",\"width\":320,\"height\":71,\"caption\":\"Bantam\"},\"image\":{\"@id\":\"https:\\\/\\\/shop.bantam.ch\\\/de\\\/#\\\/schema\\\/logo\\\/image\\\/\"}}]}<\/script>\n<!-- \/ Yoast SEO plugin. -->","yoast_head_json":{"title":"Fernsehr Megasat Royal Line IV - Bantam","robots":{"index":"index","follow":"follow","max-snippet":"max-snippet:-1","max-image-preview":"max-image-preview:large","max-video-preview":"max-video-preview:-1"},"canonical":"https:\/\/shop.bantam.ch\/de\/produkt\/fernsehr-megasat-royal-line-iv\/","og_locale":"de_DE","og_type":"article","og_title":"Fernsehr Megasat Royal Line IV - Bantam","og_description":"Die Royal Line IV Smart-Serie mit integriertem Android 11 Betriebssystem, bietet eine LAN- und WLAN-Schnittstelle. Da es sich hierbei um einen Smart-TV handelt, verf\u00fcgt dieser \u00fcber einen Internetbrowser und vorinstallierte Apps sowie den Zugriff auf viele Mediaportale. Zus\u00e4tzlich k\u00f6nnen weitere zahlreiche Apps \u00fcber den integrierten App-Store installiert werden. Abgerundet wird das Fernseherlebnis mit der Darstellung [&hellip;]","og_url":"https:\/\/shop.bantam.ch\/de\/produkt\/fernsehr-megasat-royal-line-iv\/","og_site_name":"Bantam","article_modified_time":"2026-05-09T23:08:48+00:00","og_image":[{"width":640,"height":388,"url":"https:\/\/shop.bantam.ch\/wp-content\/uploads\/2024\/05\/Movera-L-9962018100.jpg","type":"image\/jpeg"}],"twitter_card":"summary_large_image","twitter_misc":{"Gesch\u00e4tzte Lesezeit":"1\u00a0Minute"},"schema":{"@context":"https:\/\/schema.org","@graph":[{"@type":"WebPage","@id":"https:\/\/shop.bantam.ch\/de\/produkt\/fernsehr-megasat-royal-line-iv\/","url":"https:\/\/shop.bantam.ch\/de\/produkt\/fernsehr-megasat-royal-line-iv\/","name":"Fernsehr Megasat Royal Line IV - Bantam","isPartOf":{"@id":"https:\/\/shop.bantam.ch\/de\/#website"},"primaryImageOfPage":{"@id":"https:\/\/shop.bantam.ch\/de\/produkt\/fernsehr-megasat-royal-line-iv\/#primaryimage"},"image":{"@id":"https:\/\/shop.bantam.ch\/de\/produkt\/fernsehr-megasat-royal-line-iv\/#primaryimage"},"thumbnailUrl":"https:\/\/shop.bantam.ch\/wp-content\/uploads\/2024\/05\/Movera-L-9962018100.jpg","datePublished":"2024-05-15T14:04:08+00:00","dateModified":"2026-05-09T23:08:48+00:00","breadcrumb":{"@id":"https:\/\/shop.bantam.ch\/de\/produkt\/fernsehr-megasat-royal-line-iv\/#breadcrumb"},"inLanguage":"de","potentialAction":[{"@type":"ReadAction","target":["https:\/\/shop.bantam.ch\/de\/produkt\/fernsehr-megasat-royal-line-iv\/"]}]},{"@type":"ImageObject","inLanguage":"de","@id":"https:\/\/shop.bantam.ch\/de\/produkt\/fernsehr-megasat-royal-line-iv\/#primaryimage","url":"https:\/\/shop.bantam.ch\/wp-content\/uploads\/2024\/05\/Movera-L-9962018100.jpg","contentUrl":"https:\/\/shop.bantam.ch\/wp-content\/uploads\/2024\/05\/Movera-L-9962018100.jpg","width":640,"height":388},{"@type":"BreadcrumbList","@id":"https:\/\/shop.bantam.ch\/de\/produkt\/fernsehr-megasat-royal-line-iv\/#breadcrumb","itemListElement":[{"@type":"ListItem","position":1,"name":"Accueil","item":"https:\/\/shop.bantam.ch\/de\/"},{"@type":"ListItem","position":2,"name":"Shop","item":"https:\/\/shop.bantam.ch\/de\/shop\/"},{"@type":"ListItem","position":3,"name":"Fernsehr Megasat Royal Line IV"}]},{"@type":"WebSite","@id":"https:\/\/shop.bantam.ch\/de\/#website","url":"https:\/\/shop.bantam.ch\/de\/","name":"Bantam","description":"","publisher":{"@id":"https:\/\/shop.bantam.ch\/de\/#organization"},"inLanguage":"de"},{"@type":"Organization","@id":"https:\/\/shop.bantam.ch\/de\/#organization","name":"Bantam","url":"https:\/\/shop.bantam.ch\/de\/","logo":{"@type":"ImageObject","inLanguage":"de","@id":"https:\/\/shop.bantam.ch\/de\/#\/schema\/logo\/image\/","url":"https:\/\/shop.bantam.ch\/wp-content\/uploads\/2022\/12\/bantam-logo.png","contentUrl":"https:\/\/shop.bantam.ch\/wp-content\/uploads\/2022\/12\/bantam-logo.png","width":320,"height":71,"caption":"Bantam"},"image":{"@id":"https:\/\/shop.bantam.ch\/de\/#\/schema\/logo\/image\/"}}]}},"_links":{"self":[{"href":"https:\/\/shop.bantam.ch\/de\/wp-json\/wp\/v2\/product\/196632","targetHints":{"allow":["GET"]}}],"collection":[{"href":"https:\/\/shop.bantam.ch\/de\/wp-json\/wp\/v2\/product"}],"about":[{"href":"https:\/\/shop.bantam.ch\/de\/wp-json\/wp\/v2\/types\/product"}],"wp:featuredmedia":[{"embeddable":true,"href":"https:\/\/shop.bantam.ch\/de\/wp-json\/wp\/v2\/media\/196618"}],"wp:attachment":[{"href":"https:\/\/shop.bantam.ch\/de\/wp-json\/wp\/v2\/media?parent=196632"}],"wp:term":[{"taxonomy":"product_featured_cat","embeddable":true,"href":"https:\/\/shop.bantam.ch\/de\/wp-json\/wp\/v2\/product_featured_cat?post=196632"},{"taxonomy":"product_brand","embeddable":true,"href":"https:\/\/shop.bantam.ch\/de\/wp-json\/wp\/v2\/product_brand?post=196632"},{"taxonomy":"product_cat","embeddable":true,"href":"https:\/\/shop.bantam.ch\/de\/wp-json\/wp\/v2\/product_cat?post=196632"},{"taxonomy":"product_tag","embeddable":true,"href":"https:\/\/shop.bantam.ch\/de\/wp-json\/wp\/v2\/product_tag?post=196632"}],"curies":[{"name":"wp","href":"https:\/\/api.w.org\/{rel}","templated":true}]}}