{"id":196484,"date":"2024-05-15T16:01:04","date_gmt":"2024-05-15T14:01:04","guid":{"rendered":"https:\/\/shop.bantam.ch\/produit\/radioblende-xzent-1-din-fuer-fiat-ducato-iii-serie-8-n-xfduc8-1d\/"},"modified":"2026-04-20T23:08:20","modified_gmt":"2026-04-20T21:08:20","slug":"radioblende-xzent-1-din-fuer-fiat-ducato-iii-serie-8-n-xfduc8-1d","status":"publish","type":"product","link":"https:\/\/shop.bantam.ch\/de\/produkt\/radioblende-xzent-1-din-fuer-fiat-ducato-iii-serie-8-n-xfduc8-1d\/","title":{"rendered":"Radioblende XZENT 1-DIN f\u00fcr Fiat Ducato III Serie 8, N-XFDUC8-1D"},"content":{"rendered":"<p>Radioblende f\u00fcr die Montage von 1-DIN Ger\u00e4temodellen in FIAT Ducato III, Serie 8 Fahrzeugen mit Radiovorbereitung ab Baujahr Q3 2021. Das steckbare Ablagefach l\u00e4sst sich drehen und daher in der oberen oder unteren Einbauposition nutzen. Zum Radioeinbau k\u00f6nnen die Original 1-DIN Metallrahmen des Ger\u00e4ts genutzt werden.<\/p>\n<p>Kompatibel mit XZENT + ZENEC Moni- &amp; Naviceiver.<\/p>\n","protected":false},"excerpt":{"rendered":"<p>Radioblende f\u00fcr die Montage von 1-DIN Ger\u00e4temodellen in FIAT Ducato III, Serie 8 Fahrzeugen mit Radiovorbereitung ab Baujahr Q3 2021. Das steckbare Ablagefach l\u00e4sst sich drehen und daher in der oberen oder unteren Einbauposition nutzen. Zum Radioeinbau k\u00f6nnen die Original 1-DIN Metallrahmen des Ger\u00e4ts genutzt werden. Kompatibel mit XZENT + ZENEC Moni- &amp; Naviceiver.<\/p>\n","protected":false},"featured_media":206933,"template":"","meta":{"_acf_changed":false},"product_featured_cat":[],"product_brand":[3481],"product_cat":[5006],"product_tag":[],"class_list":{"0":"post-196484","1":"product","2":"type-product","3":"status-publish","4":"has-post-thumbnail","6":"product_brand-xzent-de","7":"product_cat-autoradio-zubehoer-und-antennen","9":"first","10":"instock","11":"taxable","12":"shipping-taxable","13":"purchasable","14":"product-type-simple"},"acf":[],"yoast_head":"<!-- This site is optimized with the Yoast SEO plugin v27.4 - https:\/\/yoast.com\/product\/yoast-seo-wordpress\/ -->\n<title>Radioblende XZENT 1-DIN f\u00fcr Fiat Ducato III Serie 8, N-XFDUC8-1D - Bantam Camping AG<\/title>\n<meta name=\"robots\" content=\"index, follow, max-snippet:-1, max-image-preview:large, max-video-preview:-1\" \/>\n<link rel=\"canonical\" href=\"https:\/\/shop.bantam.ch\/de\/produkt\/radioblende-xzent-1-din-fuer-fiat-ducato-iii-serie-8-n-xfduc8-1d\/\" \/>\n<meta property=\"og:locale\" content=\"de_DE\" \/>\n<meta property=\"og:type\" content=\"article\" \/>\n<meta property=\"og:title\" content=\"Radioblende XZENT 1-DIN f\u00fcr Fiat Ducato III Serie 8, N-XFDUC8-1D - Bantam Camping AG\" \/>\n<meta property=\"og:description\" content=\"Radioblende f\u00fcr die Montage von 1-DIN Ger\u00e4temodellen in FIAT Ducato III, Serie 8 Fahrzeugen mit Radiovorbereitung ab Baujahr Q3 2021. Das steckbare Ablagefach l\u00e4sst sich drehen und daher in der oberen oder unteren Einbauposition nutzen. Zum Radioeinbau k\u00f6nnen die Original 1-DIN Metallrahmen des Ger\u00e4ts genutzt werden. Kompatibel mit XZENT + ZENEC Moni- &amp; Naviceiver.\" \/>\n<meta property=\"og:url\" content=\"https:\/\/shop.bantam.ch\/de\/produkt\/radioblende-xzent-1-din-fuer-fiat-ducato-iii-serie-8-n-xfduc8-1d\/\" \/>\n<meta property=\"og:site_name\" content=\"Bantam Camping AG\" \/>\n<meta property=\"article:modified_time\" content=\"2026-04-20T21:08:20+00:00\" \/>\n<meta property=\"og:image\" content=\"https:\/\/shop.bantam.ch\/wp-content\/uploads\/2024\/05\/Movera-L-9961999100.jpg\" \/>\n\t<meta property=\"og:image:width\" content=\"520\" \/>\n\t<meta property=\"og:image:height\" content=\"366\" \/>\n\t<meta property=\"og:image:type\" content=\"image\/jpeg\" \/>\n<meta name=\"twitter:card\" content=\"summary_large_image\" \/>\n<script type=\"application\/ld+json\" class=\"yoast-schema-graph\">{\"@context\":\"https:\\\/\\\/schema.org\",\"@graph\":[{\"@type\":\"WebPage\",\"@id\":\"https:\\\/\\\/shop.bantam.ch\\\/de\\\/produkt\\\/radioblende-xzent-1-din-fuer-fiat-ducato-iii-serie-8-n-xfduc8-1d\\\/\",\"url\":\"https:\\\/\\\/shop.bantam.ch\\\/de\\\/produkt\\\/radioblende-xzent-1-din-fuer-fiat-ducato-iii-serie-8-n-xfduc8-1d\\\/\",\"name\":\"Radioblende XZENT 1-DIN f\u00fcr Fiat Ducato III Serie 8, N-XFDUC8-1D - Bantam Camping AG\",\"isPartOf\":{\"@id\":\"https:\\\/\\\/shop.bantam.ch\\\/de\\\/#website\"},\"primaryImageOfPage\":{\"@id\":\"https:\\\/\\\/shop.bantam.ch\\\/de\\\/produkt\\\/radioblende-xzent-1-din-fuer-fiat-ducato-iii-serie-8-n-xfduc8-1d\\\/#primaryimage\"},\"image\":{\"@id\":\"https:\\\/\\\/shop.bantam.ch\\\/de\\\/produkt\\\/radioblende-xzent-1-din-fuer-fiat-ducato-iii-serie-8-n-xfduc8-1d\\\/#primaryimage\"},\"thumbnailUrl\":\"https:\\\/\\\/shop.bantam.ch\\\/wp-content\\\/uploads\\\/2024\\\/09\\\/Movera-L-9961999100.jpg\",\"datePublished\":\"2024-05-15T14:01:04+00:00\",\"dateModified\":\"2026-04-20T21:08:20+00:00\",\"breadcrumb\":{\"@id\":\"https:\\\/\\\/shop.bantam.ch\\\/de\\\/produkt\\\/radioblende-xzent-1-din-fuer-fiat-ducato-iii-serie-8-n-xfduc8-1d\\\/#breadcrumb\"},\"inLanguage\":\"de\",\"potentialAction\":[{\"@type\":\"ReadAction\",\"target\":[\"https:\\\/\\\/shop.bantam.ch\\\/de\\\/produkt\\\/radioblende-xzent-1-din-fuer-fiat-ducato-iii-serie-8-n-xfduc8-1d\\\/\"]}]},{\"@type\":\"ImageObject\",\"inLanguage\":\"de\",\"@id\":\"https:\\\/\\\/shop.bantam.ch\\\/de\\\/produkt\\\/radioblende-xzent-1-din-fuer-fiat-ducato-iii-serie-8-n-xfduc8-1d\\\/#primaryimage\",\"url\":\"https:\\\/\\\/shop.bantam.ch\\\/wp-content\\\/uploads\\\/2024\\\/09\\\/Movera-L-9961999100.jpg\",\"contentUrl\":\"https:\\\/\\\/shop.bantam.ch\\\/wp-content\\\/uploads\\\/2024\\\/09\\\/Movera-L-9961999100.jpg\",\"width\":520,\"height\":366},{\"@type\":\"BreadcrumbList\",\"@id\":\"https:\\\/\\\/shop.bantam.ch\\\/de\\\/produkt\\\/radioblende-xzent-1-din-fuer-fiat-ducato-iii-serie-8-n-xfduc8-1d\\\/#breadcrumb\",\"itemListElement\":[{\"@type\":\"ListItem\",\"position\":1,\"name\":\"Accueil\",\"item\":\"https:\\\/\\\/shop.bantam.ch\\\/de\\\/\"},{\"@type\":\"ListItem\",\"position\":2,\"name\":\"Shop\",\"item\":\"https:\\\/\\\/shop.bantam.ch\\\/de\\\/shop\\\/\"},{\"@type\":\"ListItem\",\"position\":3,\"name\":\"Radioblende XZENT 1-DIN f\u00fcr Fiat Ducato III Serie 8, N-XFDUC8-1D\"}]},{\"@type\":\"WebSite\",\"@id\":\"https:\\\/\\\/shop.bantam.ch\\\/de\\\/#website\",\"url\":\"https:\\\/\\\/shop.bantam.ch\\\/de\\\/\",\"name\":\"Bantam Camping AG\",\"description\":\"\",\"publisher\":{\"@id\":\"https:\\\/\\\/shop.bantam.ch\\\/de\\\/#organization\"},\"inLanguage\":\"de\"},{\"@type\":\"Organization\",\"@id\":\"https:\\\/\\\/shop.bantam.ch\\\/de\\\/#organization\",\"name\":\"Bantam Camping AG\",\"url\":\"https:\\\/\\\/shop.bantam.ch\\\/de\\\/\",\"logo\":{\"@type\":\"ImageObject\",\"inLanguage\":\"de\",\"@id\":\"https:\\\/\\\/shop.bantam.ch\\\/de\\\/#\\\/schema\\\/logo\\\/image\\\/\",\"url\":\"https:\\\/\\\/shop.bantam.ch\\\/wp-content\\\/uploads\\\/2022\\\/12\\\/bantam-logo.png\",\"contentUrl\":\"https:\\\/\\\/shop.bantam.ch\\\/wp-content\\\/uploads\\\/2022\\\/12\\\/bantam-logo.png\",\"width\":320,\"height\":71,\"caption\":\"Bantam Camping AG\"},\"image\":{\"@id\":\"https:\\\/\\\/shop.bantam.ch\\\/de\\\/#\\\/schema\\\/logo\\\/image\\\/\"}}]}<\/script>\n<!-- \/ Yoast SEO plugin. -->","yoast_head_json":{"title":"Radioblende XZENT 1-DIN f\u00fcr Fiat Ducato III Serie 8, N-XFDUC8-1D - Bantam Camping AG","robots":{"index":"index","follow":"follow","max-snippet":"max-snippet:-1","max-image-preview":"max-image-preview:large","max-video-preview":"max-video-preview:-1"},"canonical":"https:\/\/shop.bantam.ch\/de\/produkt\/radioblende-xzent-1-din-fuer-fiat-ducato-iii-serie-8-n-xfduc8-1d\/","og_locale":"de_DE","og_type":"article","og_title":"Radioblende XZENT 1-DIN f\u00fcr Fiat Ducato III Serie 8, N-XFDUC8-1D - Bantam Camping AG","og_description":"Radioblende f\u00fcr die Montage von 1-DIN Ger\u00e4temodellen in FIAT Ducato III, Serie 8 Fahrzeugen mit Radiovorbereitung ab Baujahr Q3 2021. Das steckbare Ablagefach l\u00e4sst sich drehen und daher in der oberen oder unteren Einbauposition nutzen. Zum Radioeinbau k\u00f6nnen die Original 1-DIN Metallrahmen des Ger\u00e4ts genutzt werden. Kompatibel mit XZENT + ZENEC Moni- &amp; Naviceiver.","og_url":"https:\/\/shop.bantam.ch\/de\/produkt\/radioblende-xzent-1-din-fuer-fiat-ducato-iii-serie-8-n-xfduc8-1d\/","og_site_name":"Bantam Camping AG","article_modified_time":"2026-04-20T21:08:20+00:00","og_image":[{"width":520,"height":366,"url":"https:\/\/shop.bantam.ch\/wp-content\/uploads\/2024\/05\/Movera-L-9961999100.jpg","type":"image\/jpeg"}],"twitter_card":"summary_large_image","schema":{"@context":"https:\/\/schema.org","@graph":[{"@type":"WebPage","@id":"https:\/\/shop.bantam.ch\/de\/produkt\/radioblende-xzent-1-din-fuer-fiat-ducato-iii-serie-8-n-xfduc8-1d\/","url":"https:\/\/shop.bantam.ch\/de\/produkt\/radioblende-xzent-1-din-fuer-fiat-ducato-iii-serie-8-n-xfduc8-1d\/","name":"Radioblende XZENT 1-DIN f\u00fcr Fiat Ducato III Serie 8, N-XFDUC8-1D - Bantam Camping AG","isPartOf":{"@id":"https:\/\/shop.bantam.ch\/de\/#website"},"primaryImageOfPage":{"@id":"https:\/\/shop.bantam.ch\/de\/produkt\/radioblende-xzent-1-din-fuer-fiat-ducato-iii-serie-8-n-xfduc8-1d\/#primaryimage"},"image":{"@id":"https:\/\/shop.bantam.ch\/de\/produkt\/radioblende-xzent-1-din-fuer-fiat-ducato-iii-serie-8-n-xfduc8-1d\/#primaryimage"},"thumbnailUrl":"https:\/\/shop.bantam.ch\/wp-content\/uploads\/2024\/09\/Movera-L-9961999100.jpg","datePublished":"2024-05-15T14:01:04+00:00","dateModified":"2026-04-20T21:08:20+00:00","breadcrumb":{"@id":"https:\/\/shop.bantam.ch\/de\/produkt\/radioblende-xzent-1-din-fuer-fiat-ducato-iii-serie-8-n-xfduc8-1d\/#breadcrumb"},"inLanguage":"de","potentialAction":[{"@type":"ReadAction","target":["https:\/\/shop.bantam.ch\/de\/produkt\/radioblende-xzent-1-din-fuer-fiat-ducato-iii-serie-8-n-xfduc8-1d\/"]}]},{"@type":"ImageObject","inLanguage":"de","@id":"https:\/\/shop.bantam.ch\/de\/produkt\/radioblende-xzent-1-din-fuer-fiat-ducato-iii-serie-8-n-xfduc8-1d\/#primaryimage","url":"https:\/\/shop.bantam.ch\/wp-content\/uploads\/2024\/09\/Movera-L-9961999100.jpg","contentUrl":"https:\/\/shop.bantam.ch\/wp-content\/uploads\/2024\/09\/Movera-L-9961999100.jpg","width":520,"height":366},{"@type":"BreadcrumbList","@id":"https:\/\/shop.bantam.ch\/de\/produkt\/radioblende-xzent-1-din-fuer-fiat-ducato-iii-serie-8-n-xfduc8-1d\/#breadcrumb","itemListElement":[{"@type":"ListItem","position":1,"name":"Accueil","item":"https:\/\/shop.bantam.ch\/de\/"},{"@type":"ListItem","position":2,"name":"Shop","item":"https:\/\/shop.bantam.ch\/de\/shop\/"},{"@type":"ListItem","position":3,"name":"Radioblende XZENT 1-DIN f\u00fcr Fiat Ducato III Serie 8, N-XFDUC8-1D"}]},{"@type":"WebSite","@id":"https:\/\/shop.bantam.ch\/de\/#website","url":"https:\/\/shop.bantam.ch\/de\/","name":"Bantam Camping AG","description":"","publisher":{"@id":"https:\/\/shop.bantam.ch\/de\/#organization"},"inLanguage":"de"},{"@type":"Organization","@id":"https:\/\/shop.bantam.ch\/de\/#organization","name":"Bantam Camping AG","url":"https:\/\/shop.bantam.ch\/de\/","logo":{"@type":"ImageObject","inLanguage":"de","@id":"https:\/\/shop.bantam.ch\/de\/#\/schema\/logo\/image\/","url":"https:\/\/shop.bantam.ch\/wp-content\/uploads\/2022\/12\/bantam-logo.png","contentUrl":"https:\/\/shop.bantam.ch\/wp-content\/uploads\/2022\/12\/bantam-logo.png","width":320,"height":71,"caption":"Bantam Camping AG"},"image":{"@id":"https:\/\/shop.bantam.ch\/de\/#\/schema\/logo\/image\/"}}]}},"_links":{"self":[{"href":"https:\/\/shop.bantam.ch\/de\/wp-json\/wp\/v2\/product\/196484","targetHints":{"allow":["GET"]}}],"collection":[{"href":"https:\/\/shop.bantam.ch\/de\/wp-json\/wp\/v2\/product"}],"about":[{"href":"https:\/\/shop.bantam.ch\/de\/wp-json\/wp\/v2\/types\/product"}],"wp:featuredmedia":[{"embeddable":true,"href":"https:\/\/shop.bantam.ch\/de\/wp-json\/wp\/v2\/media\/206933"}],"wp:attachment":[{"href":"https:\/\/shop.bantam.ch\/de\/wp-json\/wp\/v2\/media?parent=196484"}],"wp:term":[{"taxonomy":"product_featured_cat","embeddable":true,"href":"https:\/\/shop.bantam.ch\/de\/wp-json\/wp\/v2\/product_featured_cat?post=196484"},{"taxonomy":"product_brand","embeddable":true,"href":"https:\/\/shop.bantam.ch\/de\/wp-json\/wp\/v2\/product_brand?post=196484"},{"taxonomy":"product_cat","embeddable":true,"href":"https:\/\/shop.bantam.ch\/de\/wp-json\/wp\/v2\/product_cat?post=196484"},{"taxonomy":"product_tag","embeddable":true,"href":"https:\/\/shop.bantam.ch\/de\/wp-json\/wp\/v2\/product_tag?post=196484"}],"curies":[{"name":"wp","href":"https:\/\/api.w.org\/{rel}","templated":true}]}}