{"id":196460,"date":"2024-05-15T16:00:25","date_gmt":"2024-05-15T14:00:25","guid":{"rendered":"https:\/\/shop.bantam.ch\/produit\/kabeladapterset-zenec-fuer-camos-kabel-reisemobil-n-zervsc200-cm-ze-rvsc200\/"},"modified":"2026-04-17T23:07:20","modified_gmt":"2026-04-17T21:07:20","slug":"kabeladapterset-zenec-fuer-camos-kabel-reisemobil-n-zervsc200-cm-ze-rvsc200","status":"publish","type":"product","link":"https:\/\/shop.bantam.ch\/de\/produkt\/kabeladapterset-zenec-fuer-camos-kabel-reisemobil-n-zervsc200-cm-ze-rvsc200\/","title":{"rendered":"Kabeladapterset ZENEC f\u00fcr Camos Kabel Reisemobil N-ZERVSC200-CM ZE-RVSC200"},"content":{"rendered":"<p>Adapterkabel Set f\u00fcr den Anschluss der Zenec-Kamera (ZE-RVSC200) und eines Moni-\/Naviceiver (mit Cinch-Eing\u00e4ngen f\u00fcr R\u00fcckfahrkameras) an ein im Fahrzeug vorverlegtes CAMOS-6pin-Systemkabel mit Schraubanschl\u00fcssen. (z.B. ADRIA &amp; HYMER Reisemobile).<\/p>\n","protected":false},"excerpt":{"rendered":"<p>Adapterkabel Set f\u00fcr den Anschluss der Zenec-Kamera (ZE-RVSC200) und eines Moni-\/Naviceiver (mit Cinch-Eing\u00e4ngen f\u00fcr R\u00fcckfahrkameras) an ein im Fahrzeug vorverlegtes CAMOS-6pin-Systemkabel mit Schraubanschl\u00fcssen. (z.B. ADRIA &amp; HYMER Reisemobile).<\/p>\n","protected":false},"featured_media":206921,"template":"","meta":{"_acf_changed":false},"product_featured_cat":[],"product_brand":[3213],"product_cat":[5004],"product_tag":[],"class_list":{"0":"post-196460","1":"product","2":"type-product","3":"status-publish","4":"has-post-thumbnail","6":"product_brand-zenec-de","7":"product_cat-zubehoer-fuer-rueckfahrkameras","9":"first","10":"instock","11":"taxable","12":"shipping-taxable","13":"purchasable","14":"product-type-simple"},"acf":[],"yoast_head":"<!-- This site is optimized with the Yoast SEO plugin v27.4 - https:\/\/yoast.com\/product\/yoast-seo-wordpress\/ -->\n<title>Kabeladapterset ZENEC f\u00fcr Camos Kabel Reisemobil N-ZERVSC200-CM ZE-RVSC200 - Bantam Camping AG<\/title>\n<meta name=\"robots\" content=\"index, follow, max-snippet:-1, max-image-preview:large, max-video-preview:-1\" \/>\n<link rel=\"canonical\" href=\"https:\/\/shop.bantam.ch\/de\/produkt\/kabeladapterset-zenec-fuer-camos-kabel-reisemobil-n-zervsc200-cm-ze-rvsc200\/\" \/>\n<meta property=\"og:locale\" content=\"de_DE\" \/>\n<meta property=\"og:type\" content=\"article\" \/>\n<meta property=\"og:title\" content=\"Kabeladapterset ZENEC f\u00fcr Camos Kabel Reisemobil N-ZERVSC200-CM ZE-RVSC200 - Bantam Camping AG\" \/>\n<meta property=\"og:description\" content=\"Adapterkabel Set f\u00fcr den Anschluss der Zenec-Kamera (ZE-RVSC200) und eines Moni-\/Naviceiver (mit Cinch-Eing\u00e4ngen f\u00fcr R\u00fcckfahrkameras) an ein im Fahrzeug vorverlegtes CAMOS-6pin-Systemkabel mit Schraubanschl\u00fcssen. (z.B. ADRIA &amp; HYMER Reisemobile).\" \/>\n<meta property=\"og:url\" content=\"https:\/\/shop.bantam.ch\/de\/produkt\/kabeladapterset-zenec-fuer-camos-kabel-reisemobil-n-zervsc200-cm-ze-rvsc200\/\" \/>\n<meta property=\"og:site_name\" content=\"Bantam Camping AG\" \/>\n<meta property=\"article:modified_time\" content=\"2026-04-17T21:07:20+00:00\" \/>\n<meta property=\"og:image\" content=\"https:\/\/shop.bantam.ch\/wp-content\/uploads\/2024\/05\/Movera-L-9961982100.jpg\" \/>\n\t<meta property=\"og:image:width\" content=\"520\" \/>\n\t<meta property=\"og:image:height\" content=\"196\" \/>\n\t<meta property=\"og:image:type\" content=\"image\/jpeg\" \/>\n<meta name=\"twitter:card\" content=\"summary_large_image\" \/>\n<script type=\"application\/ld+json\" class=\"yoast-schema-graph\">{\"@context\":\"https:\\\/\\\/schema.org\",\"@graph\":[{\"@type\":\"WebPage\",\"@id\":\"https:\\\/\\\/shop.bantam.ch\\\/de\\\/produkt\\\/kabeladapterset-zenec-fuer-camos-kabel-reisemobil-n-zervsc200-cm-ze-rvsc200\\\/\",\"url\":\"https:\\\/\\\/shop.bantam.ch\\\/de\\\/produkt\\\/kabeladapterset-zenec-fuer-camos-kabel-reisemobil-n-zervsc200-cm-ze-rvsc200\\\/\",\"name\":\"Kabeladapterset ZENEC f\u00fcr Camos Kabel Reisemobil N-ZERVSC200-CM ZE-RVSC200 - Bantam Camping AG\",\"isPartOf\":{\"@id\":\"https:\\\/\\\/shop.bantam.ch\\\/de\\\/#website\"},\"primaryImageOfPage\":{\"@id\":\"https:\\\/\\\/shop.bantam.ch\\\/de\\\/produkt\\\/kabeladapterset-zenec-fuer-camos-kabel-reisemobil-n-zervsc200-cm-ze-rvsc200\\\/#primaryimage\"},\"image\":{\"@id\":\"https:\\\/\\\/shop.bantam.ch\\\/de\\\/produkt\\\/kabeladapterset-zenec-fuer-camos-kabel-reisemobil-n-zervsc200-cm-ze-rvsc200\\\/#primaryimage\"},\"thumbnailUrl\":\"https:\\\/\\\/shop.bantam.ch\\\/wp-content\\\/uploads\\\/2024\\\/09\\\/Movera-L-9961982100.jpg\",\"datePublished\":\"2024-05-15T14:00:25+00:00\",\"dateModified\":\"2026-04-17T21:07:20+00:00\",\"breadcrumb\":{\"@id\":\"https:\\\/\\\/shop.bantam.ch\\\/de\\\/produkt\\\/kabeladapterset-zenec-fuer-camos-kabel-reisemobil-n-zervsc200-cm-ze-rvsc200\\\/#breadcrumb\"},\"inLanguage\":\"de\",\"potentialAction\":[{\"@type\":\"ReadAction\",\"target\":[\"https:\\\/\\\/shop.bantam.ch\\\/de\\\/produkt\\\/kabeladapterset-zenec-fuer-camos-kabel-reisemobil-n-zervsc200-cm-ze-rvsc200\\\/\"]}]},{\"@type\":\"ImageObject\",\"inLanguage\":\"de\",\"@id\":\"https:\\\/\\\/shop.bantam.ch\\\/de\\\/produkt\\\/kabeladapterset-zenec-fuer-camos-kabel-reisemobil-n-zervsc200-cm-ze-rvsc200\\\/#primaryimage\",\"url\":\"https:\\\/\\\/shop.bantam.ch\\\/wp-content\\\/uploads\\\/2024\\\/09\\\/Movera-L-9961982100.jpg\",\"contentUrl\":\"https:\\\/\\\/shop.bantam.ch\\\/wp-content\\\/uploads\\\/2024\\\/09\\\/Movera-L-9961982100.jpg\",\"width\":520,\"height\":196},{\"@type\":\"BreadcrumbList\",\"@id\":\"https:\\\/\\\/shop.bantam.ch\\\/de\\\/produkt\\\/kabeladapterset-zenec-fuer-camos-kabel-reisemobil-n-zervsc200-cm-ze-rvsc200\\\/#breadcrumb\",\"itemListElement\":[{\"@type\":\"ListItem\",\"position\":1,\"name\":\"Accueil\",\"item\":\"https:\\\/\\\/shop.bantam.ch\\\/de\\\/\"},{\"@type\":\"ListItem\",\"position\":2,\"name\":\"Shop\",\"item\":\"https:\\\/\\\/shop.bantam.ch\\\/de\\\/shop\\\/\"},{\"@type\":\"ListItem\",\"position\":3,\"name\":\"Kabeladapterset ZENEC f\u00fcr Camos Kabel Reisemobil N-ZERVSC200-CM ZE-RVSC200\"}]},{\"@type\":\"WebSite\",\"@id\":\"https:\\\/\\\/shop.bantam.ch\\\/de\\\/#website\",\"url\":\"https:\\\/\\\/shop.bantam.ch\\\/de\\\/\",\"name\":\"Bantam Camping AG\",\"description\":\"\",\"publisher\":{\"@id\":\"https:\\\/\\\/shop.bantam.ch\\\/de\\\/#organization\"},\"inLanguage\":\"de\"},{\"@type\":\"Organization\",\"@id\":\"https:\\\/\\\/shop.bantam.ch\\\/de\\\/#organization\",\"name\":\"Bantam Camping AG\",\"url\":\"https:\\\/\\\/shop.bantam.ch\\\/de\\\/\",\"logo\":{\"@type\":\"ImageObject\",\"inLanguage\":\"de\",\"@id\":\"https:\\\/\\\/shop.bantam.ch\\\/de\\\/#\\\/schema\\\/logo\\\/image\\\/\",\"url\":\"https:\\\/\\\/shop.bantam.ch\\\/wp-content\\\/uploads\\\/2022\\\/12\\\/bantam-logo.png\",\"contentUrl\":\"https:\\\/\\\/shop.bantam.ch\\\/wp-content\\\/uploads\\\/2022\\\/12\\\/bantam-logo.png\",\"width\":320,\"height\":71,\"caption\":\"Bantam Camping AG\"},\"image\":{\"@id\":\"https:\\\/\\\/shop.bantam.ch\\\/de\\\/#\\\/schema\\\/logo\\\/image\\\/\"}}]}<\/script>\n<!-- \/ Yoast SEO plugin. -->","yoast_head_json":{"title":"Kabeladapterset ZENEC f\u00fcr Camos Kabel Reisemobil N-ZERVSC200-CM ZE-RVSC200 - Bantam Camping AG","robots":{"index":"index","follow":"follow","max-snippet":"max-snippet:-1","max-image-preview":"max-image-preview:large","max-video-preview":"max-video-preview:-1"},"canonical":"https:\/\/shop.bantam.ch\/de\/produkt\/kabeladapterset-zenec-fuer-camos-kabel-reisemobil-n-zervsc200-cm-ze-rvsc200\/","og_locale":"de_DE","og_type":"article","og_title":"Kabeladapterset ZENEC f\u00fcr Camos Kabel Reisemobil N-ZERVSC200-CM ZE-RVSC200 - Bantam Camping AG","og_description":"Adapterkabel Set f\u00fcr den Anschluss der Zenec-Kamera (ZE-RVSC200) und eines Moni-\/Naviceiver (mit Cinch-Eing\u00e4ngen f\u00fcr R\u00fcckfahrkameras) an ein im Fahrzeug vorverlegtes CAMOS-6pin-Systemkabel mit Schraubanschl\u00fcssen. (z.B. ADRIA &amp; HYMER Reisemobile).","og_url":"https:\/\/shop.bantam.ch\/de\/produkt\/kabeladapterset-zenec-fuer-camos-kabel-reisemobil-n-zervsc200-cm-ze-rvsc200\/","og_site_name":"Bantam Camping AG","article_modified_time":"2026-04-17T21:07:20+00:00","og_image":[{"width":520,"height":196,"url":"https:\/\/shop.bantam.ch\/wp-content\/uploads\/2024\/05\/Movera-L-9961982100.jpg","type":"image\/jpeg"}],"twitter_card":"summary_large_image","schema":{"@context":"https:\/\/schema.org","@graph":[{"@type":"WebPage","@id":"https:\/\/shop.bantam.ch\/de\/produkt\/kabeladapterset-zenec-fuer-camos-kabel-reisemobil-n-zervsc200-cm-ze-rvsc200\/","url":"https:\/\/shop.bantam.ch\/de\/produkt\/kabeladapterset-zenec-fuer-camos-kabel-reisemobil-n-zervsc200-cm-ze-rvsc200\/","name":"Kabeladapterset ZENEC f\u00fcr Camos Kabel Reisemobil N-ZERVSC200-CM ZE-RVSC200 - Bantam Camping AG","isPartOf":{"@id":"https:\/\/shop.bantam.ch\/de\/#website"},"primaryImageOfPage":{"@id":"https:\/\/shop.bantam.ch\/de\/produkt\/kabeladapterset-zenec-fuer-camos-kabel-reisemobil-n-zervsc200-cm-ze-rvsc200\/#primaryimage"},"image":{"@id":"https:\/\/shop.bantam.ch\/de\/produkt\/kabeladapterset-zenec-fuer-camos-kabel-reisemobil-n-zervsc200-cm-ze-rvsc200\/#primaryimage"},"thumbnailUrl":"https:\/\/shop.bantam.ch\/wp-content\/uploads\/2024\/09\/Movera-L-9961982100.jpg","datePublished":"2024-05-15T14:00:25+00:00","dateModified":"2026-04-17T21:07:20+00:00","breadcrumb":{"@id":"https:\/\/shop.bantam.ch\/de\/produkt\/kabeladapterset-zenec-fuer-camos-kabel-reisemobil-n-zervsc200-cm-ze-rvsc200\/#breadcrumb"},"inLanguage":"de","potentialAction":[{"@type":"ReadAction","target":["https:\/\/shop.bantam.ch\/de\/produkt\/kabeladapterset-zenec-fuer-camos-kabel-reisemobil-n-zervsc200-cm-ze-rvsc200\/"]}]},{"@type":"ImageObject","inLanguage":"de","@id":"https:\/\/shop.bantam.ch\/de\/produkt\/kabeladapterset-zenec-fuer-camos-kabel-reisemobil-n-zervsc200-cm-ze-rvsc200\/#primaryimage","url":"https:\/\/shop.bantam.ch\/wp-content\/uploads\/2024\/09\/Movera-L-9961982100.jpg","contentUrl":"https:\/\/shop.bantam.ch\/wp-content\/uploads\/2024\/09\/Movera-L-9961982100.jpg","width":520,"height":196},{"@type":"BreadcrumbList","@id":"https:\/\/shop.bantam.ch\/de\/produkt\/kabeladapterset-zenec-fuer-camos-kabel-reisemobil-n-zervsc200-cm-ze-rvsc200\/#breadcrumb","itemListElement":[{"@type":"ListItem","position":1,"name":"Accueil","item":"https:\/\/shop.bantam.ch\/de\/"},{"@type":"ListItem","position":2,"name":"Shop","item":"https:\/\/shop.bantam.ch\/de\/shop\/"},{"@type":"ListItem","position":3,"name":"Kabeladapterset ZENEC f\u00fcr Camos Kabel Reisemobil N-ZERVSC200-CM ZE-RVSC200"}]},{"@type":"WebSite","@id":"https:\/\/shop.bantam.ch\/de\/#website","url":"https:\/\/shop.bantam.ch\/de\/","name":"Bantam Camping AG","description":"","publisher":{"@id":"https:\/\/shop.bantam.ch\/de\/#organization"},"inLanguage":"de"},{"@type":"Organization","@id":"https:\/\/shop.bantam.ch\/de\/#organization","name":"Bantam Camping AG","url":"https:\/\/shop.bantam.ch\/de\/","logo":{"@type":"ImageObject","inLanguage":"de","@id":"https:\/\/shop.bantam.ch\/de\/#\/schema\/logo\/image\/","url":"https:\/\/shop.bantam.ch\/wp-content\/uploads\/2022\/12\/bantam-logo.png","contentUrl":"https:\/\/shop.bantam.ch\/wp-content\/uploads\/2022\/12\/bantam-logo.png","width":320,"height":71,"caption":"Bantam Camping AG"},"image":{"@id":"https:\/\/shop.bantam.ch\/de\/#\/schema\/logo\/image\/"}}]}},"_links":{"self":[{"href":"https:\/\/shop.bantam.ch\/de\/wp-json\/wp\/v2\/product\/196460","targetHints":{"allow":["GET"]}}],"collection":[{"href":"https:\/\/shop.bantam.ch\/de\/wp-json\/wp\/v2\/product"}],"about":[{"href":"https:\/\/shop.bantam.ch\/de\/wp-json\/wp\/v2\/types\/product"}],"wp:featuredmedia":[{"embeddable":true,"href":"https:\/\/shop.bantam.ch\/de\/wp-json\/wp\/v2\/media\/206921"}],"wp:attachment":[{"href":"https:\/\/shop.bantam.ch\/de\/wp-json\/wp\/v2\/media?parent=196460"}],"wp:term":[{"taxonomy":"product_featured_cat","embeddable":true,"href":"https:\/\/shop.bantam.ch\/de\/wp-json\/wp\/v2\/product_featured_cat?post=196460"},{"taxonomy":"product_brand","embeddable":true,"href":"https:\/\/shop.bantam.ch\/de\/wp-json\/wp\/v2\/product_brand?post=196460"},{"taxonomy":"product_cat","embeddable":true,"href":"https:\/\/shop.bantam.ch\/de\/wp-json\/wp\/v2\/product_cat?post=196460"},{"taxonomy":"product_tag","embeddable":true,"href":"https:\/\/shop.bantam.ch\/de\/wp-json\/wp\/v2\/product_tag?post=196460"}],"curies":[{"name":"wp","href":"https:\/\/api.w.org\/{rel}","templated":true}]}}