{"id":196436,"date":"2024-05-15T15:59:48","date_gmt":"2024-05-15T13:59:48","guid":{"rendered":"https:\/\/shop.bantam.ch\/produit\/outdoorspielzeug-scout-multifunktionswerkzeug-mit-etui\/"},"modified":"2026-05-10T23:06:36","modified_gmt":"2026-05-10T21:06:36","slug":"outdoorspielzeug-scout-multifunktionswerkzeug-mit-etui","status":"publish","type":"product","link":"https:\/\/shop.bantam.ch\/de\/produkt\/outdoorspielzeug-scout-multifunktionswerkzeug-mit-etui\/","title":{"rendered":"Outdoorspielzeug Scout Multifunktionswerkzeug mit Etui"},"content":{"rendered":"<p>Scout Multifunktionswerkzeug<\/p>\n<p>Scout Multifunktionswerkzeug aus rostfreiem Edelstahl mit 9 Funktionen wie z.B. Schraubendreher, Dosen\u00f6ffner, Messer, Kombizange, inkl. Nylonetui. Aus rostfreiem Edelstahl mit 9 Funktionen wie z. B. Schraubendreher, Dosen\u00f6ffner, Messer, Kombizange. Inkl. Nylonetui.<\/p>\n<p>Achtung! Geben Sie ihrem Kinde das Werkzeug nur unter Aufsicht. Dies ist kein Spielzeug!<\/p>\n<p>Achtung! Dieses Produkt weist scharfe Kanten oder Spitzen auf! Nur unter Aufsicht von Erwachsenen zu verwenden. Ein unsachgem\u00e4\u00dfer Gebrauch kann zu Schnittverletzungen f\u00fchren. Das Taschenmesser ist au\u00dferhalb der Reichweite von Kleinkindern aufzubewahren.<\/p>\n<p>ACHTUNG! Nicht geeignet f\u00fcr Kinder unter 3 Jahren.<\/p>\n","protected":false},"excerpt":{"rendered":"<p>Scout Multifunktionswerkzeug Scout Multifunktionswerkzeug aus rostfreiem Edelstahl mit 9 Funktionen wie z.B. Schraubendreher, Dosen\u00f6ffner, Messer, Kombizange, inkl. Nylonetui. Aus rostfreiem Edelstahl mit 9 Funktionen wie z. B. Schraubendreher, Dosen\u00f6ffner, Messer, Kombizange. Inkl. Nylonetui. Achtung! Geben Sie ihrem Kinde das Werkzeug nur unter Aufsicht. Dies ist kein Spielzeug! Achtung! Dieses Produkt weist scharfe Kanten oder Spitzen [&hellip;]<\/p>\n","protected":false},"featured_media":206911,"template":"","meta":{"_acf_changed":false},"product_featured_cat":[],"product_brand":[5236],"product_cat":[4458],"product_tag":[],"class_list":{"0":"post-196436","1":"product","2":"type-product","3":"status-publish","4":"has-post-thumbnail","6":"product_brand-scout-de","7":"product_cat-spielzeug","9":"first","10":"instock","11":"taxable","12":"shipping-taxable","13":"purchasable","14":"product-type-simple"},"acf":[],"yoast_head":"<!-- This site is optimized with the Yoast SEO plugin v27.5 - https:\/\/yoast.com\/product\/yoast-seo-wordpress\/ -->\n<title>Outdoorspielzeug Scout Multifunktionswerkzeug mit Etui - Bantam<\/title>\n<meta name=\"robots\" content=\"index, follow, max-snippet:-1, max-image-preview:large, max-video-preview:-1\" \/>\n<link rel=\"canonical\" href=\"https:\/\/shop.bantam.ch\/de\/produkt\/outdoorspielzeug-scout-multifunktionswerkzeug-mit-etui\/\" \/>\n<meta property=\"og:locale\" content=\"de_DE\" \/>\n<meta property=\"og:type\" content=\"article\" \/>\n<meta property=\"og:title\" content=\"Outdoorspielzeug Scout Multifunktionswerkzeug mit Etui - Bantam\" \/>\n<meta property=\"og:description\" content=\"Scout Multifunktionswerkzeug Scout Multifunktionswerkzeug aus rostfreiem Edelstahl mit 9 Funktionen wie z.B. Schraubendreher, Dosen\u00f6ffner, Messer, Kombizange, inkl. Nylonetui. Aus rostfreiem Edelstahl mit 9 Funktionen wie z. B. Schraubendreher, Dosen\u00f6ffner, Messer, Kombizange. Inkl. Nylonetui. Achtung! Geben Sie ihrem Kinde das Werkzeug nur unter Aufsicht. Dies ist kein Spielzeug! Achtung! Dieses Produkt weist scharfe Kanten oder Spitzen [&hellip;]\" \/>\n<meta property=\"og:url\" content=\"https:\/\/shop.bantam.ch\/de\/produkt\/outdoorspielzeug-scout-multifunktionswerkzeug-mit-etui\/\" \/>\n<meta property=\"og:site_name\" content=\"Bantam\" \/>\n<meta property=\"article:modified_time\" content=\"2026-05-10T21:06:36+00:00\" \/>\n<meta property=\"og:image\" content=\"https:\/\/shop.bantam.ch\/wp-content\/uploads\/2024\/05\/Movera-L-9961975100.jpg\" \/>\n\t<meta property=\"og:image:width\" content=\"640\" \/>\n\t<meta property=\"og:image:height\" content=\"534\" \/>\n\t<meta property=\"og:image:type\" content=\"image\/jpeg\" \/>\n<meta name=\"twitter:card\" content=\"summary_large_image\" \/>\n<script type=\"application\/ld+json\" class=\"yoast-schema-graph\">{\"@context\":\"https:\\\/\\\/schema.org\",\"@graph\":[{\"@type\":\"WebPage\",\"@id\":\"https:\\\/\\\/shop.bantam.ch\\\/de\\\/produkt\\\/outdoorspielzeug-scout-multifunktionswerkzeug-mit-etui\\\/\",\"url\":\"https:\\\/\\\/shop.bantam.ch\\\/de\\\/produkt\\\/outdoorspielzeug-scout-multifunktionswerkzeug-mit-etui\\\/\",\"name\":\"Outdoorspielzeug Scout Multifunktionswerkzeug mit Etui - Bantam\",\"isPartOf\":{\"@id\":\"https:\\\/\\\/shop.bantam.ch\\\/de\\\/#website\"},\"primaryImageOfPage\":{\"@id\":\"https:\\\/\\\/shop.bantam.ch\\\/de\\\/produkt\\\/outdoorspielzeug-scout-multifunktionswerkzeug-mit-etui\\\/#primaryimage\"},\"image\":{\"@id\":\"https:\\\/\\\/shop.bantam.ch\\\/de\\\/produkt\\\/outdoorspielzeug-scout-multifunktionswerkzeug-mit-etui\\\/#primaryimage\"},\"thumbnailUrl\":\"https:\\\/\\\/shop.bantam.ch\\\/wp-content\\\/uploads\\\/2024\\\/09\\\/Movera-L-9961975100.jpg\",\"datePublished\":\"2024-05-15T13:59:48+00:00\",\"dateModified\":\"2026-05-10T21:06:36+00:00\",\"breadcrumb\":{\"@id\":\"https:\\\/\\\/shop.bantam.ch\\\/de\\\/produkt\\\/outdoorspielzeug-scout-multifunktionswerkzeug-mit-etui\\\/#breadcrumb\"},\"inLanguage\":\"de\",\"potentialAction\":[{\"@type\":\"ReadAction\",\"target\":[\"https:\\\/\\\/shop.bantam.ch\\\/de\\\/produkt\\\/outdoorspielzeug-scout-multifunktionswerkzeug-mit-etui\\\/\"]}]},{\"@type\":\"ImageObject\",\"inLanguage\":\"de\",\"@id\":\"https:\\\/\\\/shop.bantam.ch\\\/de\\\/produkt\\\/outdoorspielzeug-scout-multifunktionswerkzeug-mit-etui\\\/#primaryimage\",\"url\":\"https:\\\/\\\/shop.bantam.ch\\\/wp-content\\\/uploads\\\/2024\\\/09\\\/Movera-L-9961975100.jpg\",\"contentUrl\":\"https:\\\/\\\/shop.bantam.ch\\\/wp-content\\\/uploads\\\/2024\\\/09\\\/Movera-L-9961975100.jpg\",\"width\":640,\"height\":534},{\"@type\":\"BreadcrumbList\",\"@id\":\"https:\\\/\\\/shop.bantam.ch\\\/de\\\/produkt\\\/outdoorspielzeug-scout-multifunktionswerkzeug-mit-etui\\\/#breadcrumb\",\"itemListElement\":[{\"@type\":\"ListItem\",\"position\":1,\"name\":\"Accueil\",\"item\":\"https:\\\/\\\/shop.bantam.ch\\\/de\\\/\"},{\"@type\":\"ListItem\",\"position\":2,\"name\":\"Shop\",\"item\":\"https:\\\/\\\/shop.bantam.ch\\\/de\\\/shop\\\/\"},{\"@type\":\"ListItem\",\"position\":3,\"name\":\"Outdoorspielzeug Scout Multifunktionswerkzeug mit Etui\"}]},{\"@type\":\"WebSite\",\"@id\":\"https:\\\/\\\/shop.bantam.ch\\\/de\\\/#website\",\"url\":\"https:\\\/\\\/shop.bantam.ch\\\/de\\\/\",\"name\":\"Bantam\",\"description\":\"\",\"publisher\":{\"@id\":\"https:\\\/\\\/shop.bantam.ch\\\/de\\\/#organization\"},\"inLanguage\":\"de\"},{\"@type\":\"Organization\",\"@id\":\"https:\\\/\\\/shop.bantam.ch\\\/de\\\/#organization\",\"name\":\"Bantam\",\"url\":\"https:\\\/\\\/shop.bantam.ch\\\/de\\\/\",\"logo\":{\"@type\":\"ImageObject\",\"inLanguage\":\"de\",\"@id\":\"https:\\\/\\\/shop.bantam.ch\\\/de\\\/#\\\/schema\\\/logo\\\/image\\\/\",\"url\":\"https:\\\/\\\/shop.bantam.ch\\\/wp-content\\\/uploads\\\/2022\\\/12\\\/bantam-logo.png\",\"contentUrl\":\"https:\\\/\\\/shop.bantam.ch\\\/wp-content\\\/uploads\\\/2022\\\/12\\\/bantam-logo.png\",\"width\":320,\"height\":71,\"caption\":\"Bantam\"},\"image\":{\"@id\":\"https:\\\/\\\/shop.bantam.ch\\\/de\\\/#\\\/schema\\\/logo\\\/image\\\/\"}}]}<\/script>\n<!-- \/ Yoast SEO plugin. -->","yoast_head_json":{"title":"Outdoorspielzeug Scout Multifunktionswerkzeug mit Etui - Bantam","robots":{"index":"index","follow":"follow","max-snippet":"max-snippet:-1","max-image-preview":"max-image-preview:large","max-video-preview":"max-video-preview:-1"},"canonical":"https:\/\/shop.bantam.ch\/de\/produkt\/outdoorspielzeug-scout-multifunktionswerkzeug-mit-etui\/","og_locale":"de_DE","og_type":"article","og_title":"Outdoorspielzeug Scout Multifunktionswerkzeug mit Etui - Bantam","og_description":"Scout Multifunktionswerkzeug Scout Multifunktionswerkzeug aus rostfreiem Edelstahl mit 9 Funktionen wie z.B. Schraubendreher, Dosen\u00f6ffner, Messer, Kombizange, inkl. Nylonetui. Aus rostfreiem Edelstahl mit 9 Funktionen wie z. B. Schraubendreher, Dosen\u00f6ffner, Messer, Kombizange. Inkl. Nylonetui. Achtung! Geben Sie ihrem Kinde das Werkzeug nur unter Aufsicht. Dies ist kein Spielzeug! Achtung! Dieses Produkt weist scharfe Kanten oder Spitzen [&hellip;]","og_url":"https:\/\/shop.bantam.ch\/de\/produkt\/outdoorspielzeug-scout-multifunktionswerkzeug-mit-etui\/","og_site_name":"Bantam","article_modified_time":"2026-05-10T21:06:36+00:00","og_image":[{"width":640,"height":534,"url":"https:\/\/shop.bantam.ch\/wp-content\/uploads\/2024\/05\/Movera-L-9961975100.jpg","type":"image\/jpeg"}],"twitter_card":"summary_large_image","schema":{"@context":"https:\/\/schema.org","@graph":[{"@type":"WebPage","@id":"https:\/\/shop.bantam.ch\/de\/produkt\/outdoorspielzeug-scout-multifunktionswerkzeug-mit-etui\/","url":"https:\/\/shop.bantam.ch\/de\/produkt\/outdoorspielzeug-scout-multifunktionswerkzeug-mit-etui\/","name":"Outdoorspielzeug Scout Multifunktionswerkzeug mit Etui - Bantam","isPartOf":{"@id":"https:\/\/shop.bantam.ch\/de\/#website"},"primaryImageOfPage":{"@id":"https:\/\/shop.bantam.ch\/de\/produkt\/outdoorspielzeug-scout-multifunktionswerkzeug-mit-etui\/#primaryimage"},"image":{"@id":"https:\/\/shop.bantam.ch\/de\/produkt\/outdoorspielzeug-scout-multifunktionswerkzeug-mit-etui\/#primaryimage"},"thumbnailUrl":"https:\/\/shop.bantam.ch\/wp-content\/uploads\/2024\/09\/Movera-L-9961975100.jpg","datePublished":"2024-05-15T13:59:48+00:00","dateModified":"2026-05-10T21:06:36+00:00","breadcrumb":{"@id":"https:\/\/shop.bantam.ch\/de\/produkt\/outdoorspielzeug-scout-multifunktionswerkzeug-mit-etui\/#breadcrumb"},"inLanguage":"de","potentialAction":[{"@type":"ReadAction","target":["https:\/\/shop.bantam.ch\/de\/produkt\/outdoorspielzeug-scout-multifunktionswerkzeug-mit-etui\/"]}]},{"@type":"ImageObject","inLanguage":"de","@id":"https:\/\/shop.bantam.ch\/de\/produkt\/outdoorspielzeug-scout-multifunktionswerkzeug-mit-etui\/#primaryimage","url":"https:\/\/shop.bantam.ch\/wp-content\/uploads\/2024\/09\/Movera-L-9961975100.jpg","contentUrl":"https:\/\/shop.bantam.ch\/wp-content\/uploads\/2024\/09\/Movera-L-9961975100.jpg","width":640,"height":534},{"@type":"BreadcrumbList","@id":"https:\/\/shop.bantam.ch\/de\/produkt\/outdoorspielzeug-scout-multifunktionswerkzeug-mit-etui\/#breadcrumb","itemListElement":[{"@type":"ListItem","position":1,"name":"Accueil","item":"https:\/\/shop.bantam.ch\/de\/"},{"@type":"ListItem","position":2,"name":"Shop","item":"https:\/\/shop.bantam.ch\/de\/shop\/"},{"@type":"ListItem","position":3,"name":"Outdoorspielzeug Scout Multifunktionswerkzeug mit Etui"}]},{"@type":"WebSite","@id":"https:\/\/shop.bantam.ch\/de\/#website","url":"https:\/\/shop.bantam.ch\/de\/","name":"Bantam","description":"","publisher":{"@id":"https:\/\/shop.bantam.ch\/de\/#organization"},"inLanguage":"de"},{"@type":"Organization","@id":"https:\/\/shop.bantam.ch\/de\/#organization","name":"Bantam","url":"https:\/\/shop.bantam.ch\/de\/","logo":{"@type":"ImageObject","inLanguage":"de","@id":"https:\/\/shop.bantam.ch\/de\/#\/schema\/logo\/image\/","url":"https:\/\/shop.bantam.ch\/wp-content\/uploads\/2022\/12\/bantam-logo.png","contentUrl":"https:\/\/shop.bantam.ch\/wp-content\/uploads\/2022\/12\/bantam-logo.png","width":320,"height":71,"caption":"Bantam"},"image":{"@id":"https:\/\/shop.bantam.ch\/de\/#\/schema\/logo\/image\/"}}]}},"_links":{"self":[{"href":"https:\/\/shop.bantam.ch\/de\/wp-json\/wp\/v2\/product\/196436","targetHints":{"allow":["GET"]}}],"collection":[{"href":"https:\/\/shop.bantam.ch\/de\/wp-json\/wp\/v2\/product"}],"about":[{"href":"https:\/\/shop.bantam.ch\/de\/wp-json\/wp\/v2\/types\/product"}],"wp:featuredmedia":[{"embeddable":true,"href":"https:\/\/shop.bantam.ch\/de\/wp-json\/wp\/v2\/media\/206911"}],"wp:attachment":[{"href":"https:\/\/shop.bantam.ch\/de\/wp-json\/wp\/v2\/media?parent=196436"}],"wp:term":[{"taxonomy":"product_featured_cat","embeddable":true,"href":"https:\/\/shop.bantam.ch\/de\/wp-json\/wp\/v2\/product_featured_cat?post=196436"},{"taxonomy":"product_brand","embeddable":true,"href":"https:\/\/shop.bantam.ch\/de\/wp-json\/wp\/v2\/product_brand?post=196436"},{"taxonomy":"product_cat","embeddable":true,"href":"https:\/\/shop.bantam.ch\/de\/wp-json\/wp\/v2\/product_cat?post=196436"},{"taxonomy":"product_tag","embeddable":true,"href":"https:\/\/shop.bantam.ch\/de\/wp-json\/wp\/v2\/product_tag?post=196436"}],"curies":[{"name":"wp","href":"https:\/\/api.w.org\/{rel}","templated":true}]}}