{"id":196407,"date":"2024-05-15T15:59:20","date_gmt":"2024-05-15T13:59:20","guid":{"rendered":"https:\/\/shop.bantam.ch\/produit\/wohnmobil-reise-know-how-tourguide-suedschweden\/"},"modified":"2026-04-18T23:10:14","modified_gmt":"2026-04-18T21:10:14","slug":"wohnmobil-reise-know-how-tourguide-suedschweden","status":"publish","type":"product","link":"https:\/\/shop.bantam.ch\/de\/produkt\/wohnmobil-reise-know-how-tourguide-suedschweden\/","title":{"rendered":"Wohnmobil Reise Know-How Tourguide S\u00fcdschweden"},"content":{"rendered":"<p>Dieser Wohnmobil-Tourguide ist der ideale Begleiter, um die sch\u00f6nsten Regionen in S\u00fcdschweden zu erkunden. Neun detaillierte Routenbeschreibungen &#8211; \u00fcber 300 Camping- und Stellplatzbeschreibungen, Park- und Picknickpl\u00e4tze inkl. GPS-Daten und Anfahrt &#8211; \u00fcber 20 Seiten Routenatlas &#8211; landschaftliche H\u00f6hepunkte, sehenswerte St\u00e4dte, charmante D\u00f6rfer und einladende Badepl\u00e4tze &#8211; wertvolle Tipps f\u00fcr Restaurantbesuche und den Kauf lokaler Produkte.<\/p>\n<p>Ob passionierter Wohnmobilist oder Neueinsteiger, ob junge Familie oder Senior: Mit diesem Buch findet jeder sein ideales Urlaubsparadies. Neun sorgf\u00e4ltig ausgearbeitete Routen f\u00fchren zu den sch\u00f6nsten Naturschaupl\u00e4tzen und Sehensw\u00fcrdigkeiten, zu gro\u00dfen St\u00e4dten und versteckten Orten im S\u00fcden Schwedens. Der Wohnmobil-Tourguide hilft bei der Planung im Vorfeld der Reise und f\u00fchrt mit \u00fcbersichtlichen Karten und n\u00fctzlichem Reise-Know-how durch die Region. Der erfahrene Reisejournalist Michael Moll gibt landesspezifische Tipps, erkl\u00e4rt das Jedermannsrecht, empfiehlt Ausfl\u00fcge und besondere regionale Veranstaltungen. Der reizvolle Landstrich bietet Campern zahlreiche malerisch gelegene Stellpl\u00e4tze und empfehlenswerte Campingpl\u00e4tze, die der Autor detailliert beschreibt.<\/p>\n","protected":false},"excerpt":{"rendered":"<p>Dieser Wohnmobil-Tourguide ist der ideale Begleiter, um die sch\u00f6nsten Regionen in S\u00fcdschweden zu erkunden. Neun detaillierte Routenbeschreibungen &#8211; \u00fcber 300 Camping- und Stellplatzbeschreibungen, Park- und Picknickpl\u00e4tze inkl. GPS-Daten und Anfahrt &#8211; \u00fcber 20 Seiten Routenatlas &#8211; landschaftliche H\u00f6hepunkte, sehenswerte St\u00e4dte, charmante D\u00f6rfer und einladende Badepl\u00e4tze &#8211; wertvolle Tipps f\u00fcr Restaurantbesuche und den Kauf lokaler Produkte. [&hellip;]<\/p>\n","protected":false},"featured_media":206903,"template":"","meta":{"_acf_changed":false},"product_featured_cat":[],"product_brand":[3125],"product_cat":[4352],"product_tag":[],"class_list":{"0":"post-196407","1":"product","2":"type-product","3":"status-publish","4":"has-post-thumbnail","6":"product_brand-womo-de","7":"product_cat-reisefuehrer","9":"first","10":"instock","11":"taxable","12":"shipping-taxable","13":"purchasable","14":"product-type-simple"},"acf":[],"yoast_head":"<!-- This site is optimized with the Yoast SEO plugin v27.4 - https:\/\/yoast.com\/product\/yoast-seo-wordpress\/ -->\n<title>Wohnmobil Reise Know-How Tourguide S\u00fcdschweden - Bantam Camping AG<\/title>\n<meta name=\"robots\" content=\"index, follow, max-snippet:-1, max-image-preview:large, max-video-preview:-1\" \/>\n<link rel=\"canonical\" href=\"https:\/\/shop.bantam.ch\/de\/produkt\/wohnmobil-reise-know-how-tourguide-suedschweden\/\" \/>\n<meta property=\"og:locale\" content=\"de_DE\" \/>\n<meta property=\"og:type\" content=\"article\" \/>\n<meta property=\"og:title\" content=\"Wohnmobil Reise Know-How Tourguide S\u00fcdschweden - Bantam Camping AG\" \/>\n<meta property=\"og:description\" content=\"Dieser Wohnmobil-Tourguide ist der ideale Begleiter, um die sch\u00f6nsten Regionen in S\u00fcdschweden zu erkunden. Neun detaillierte Routenbeschreibungen &#8211; \u00fcber 300 Camping- und Stellplatzbeschreibungen, Park- und Picknickpl\u00e4tze inkl. GPS-Daten und Anfahrt &#8211; \u00fcber 20 Seiten Routenatlas &#8211; landschaftliche H\u00f6hepunkte, sehenswerte St\u00e4dte, charmante D\u00f6rfer und einladende Badepl\u00e4tze &#8211; wertvolle Tipps f\u00fcr Restaurantbesuche und den Kauf lokaler Produkte. [&hellip;]\" \/>\n<meta property=\"og:url\" content=\"https:\/\/shop.bantam.ch\/de\/produkt\/wohnmobil-reise-know-how-tourguide-suedschweden\/\" \/>\n<meta property=\"og:site_name\" content=\"Bantam Camping AG\" \/>\n<meta property=\"article:modified_time\" content=\"2026-04-18T21:10:14+00:00\" \/>\n<meta property=\"og:image\" content=\"https:\/\/shop.bantam.ch\/wp-content\/uploads\/2024\/05\/Movera-L-9961792100.jpg\" \/>\n\t<meta property=\"og:image:width\" content=\"640\" \/>\n\t<meta property=\"og:image:height\" content=\"943\" \/>\n\t<meta property=\"og:image:type\" content=\"image\/jpeg\" \/>\n<meta name=\"twitter:card\" content=\"summary_large_image\" \/>\n<meta name=\"twitter:label1\" content=\"Gesch\u00e4tzte Lesezeit\" \/>\n\t<meta name=\"twitter:data1\" content=\"1\u00a0Minute\" \/>\n<script type=\"application\/ld+json\" class=\"yoast-schema-graph\">{\"@context\":\"https:\\\/\\\/schema.org\",\"@graph\":[{\"@type\":\"WebPage\",\"@id\":\"https:\\\/\\\/shop.bantam.ch\\\/de\\\/produkt\\\/wohnmobil-reise-know-how-tourguide-suedschweden\\\/\",\"url\":\"https:\\\/\\\/shop.bantam.ch\\\/de\\\/produkt\\\/wohnmobil-reise-know-how-tourguide-suedschweden\\\/\",\"name\":\"Wohnmobil Reise Know-How Tourguide S\u00fcdschweden - Bantam Camping AG\",\"isPartOf\":{\"@id\":\"https:\\\/\\\/shop.bantam.ch\\\/de\\\/#website\"},\"primaryImageOfPage\":{\"@id\":\"https:\\\/\\\/shop.bantam.ch\\\/de\\\/produkt\\\/wohnmobil-reise-know-how-tourguide-suedschweden\\\/#primaryimage\"},\"image\":{\"@id\":\"https:\\\/\\\/shop.bantam.ch\\\/de\\\/produkt\\\/wohnmobil-reise-know-how-tourguide-suedschweden\\\/#primaryimage\"},\"thumbnailUrl\":\"https:\\\/\\\/shop.bantam.ch\\\/wp-content\\\/uploads\\\/2024\\\/09\\\/Movera-L-9961792100.jpg\",\"datePublished\":\"2024-05-15T13:59:20+00:00\",\"dateModified\":\"2026-04-18T21:10:14+00:00\",\"breadcrumb\":{\"@id\":\"https:\\\/\\\/shop.bantam.ch\\\/de\\\/produkt\\\/wohnmobil-reise-know-how-tourguide-suedschweden\\\/#breadcrumb\"},\"inLanguage\":\"de\",\"potentialAction\":[{\"@type\":\"ReadAction\",\"target\":[\"https:\\\/\\\/shop.bantam.ch\\\/de\\\/produkt\\\/wohnmobil-reise-know-how-tourguide-suedschweden\\\/\"]}]},{\"@type\":\"ImageObject\",\"inLanguage\":\"de\",\"@id\":\"https:\\\/\\\/shop.bantam.ch\\\/de\\\/produkt\\\/wohnmobil-reise-know-how-tourguide-suedschweden\\\/#primaryimage\",\"url\":\"https:\\\/\\\/shop.bantam.ch\\\/wp-content\\\/uploads\\\/2024\\\/09\\\/Movera-L-9961792100.jpg\",\"contentUrl\":\"https:\\\/\\\/shop.bantam.ch\\\/wp-content\\\/uploads\\\/2024\\\/09\\\/Movera-L-9961792100.jpg\",\"width\":640,\"height\":943},{\"@type\":\"BreadcrumbList\",\"@id\":\"https:\\\/\\\/shop.bantam.ch\\\/de\\\/produkt\\\/wohnmobil-reise-know-how-tourguide-suedschweden\\\/#breadcrumb\",\"itemListElement\":[{\"@type\":\"ListItem\",\"position\":1,\"name\":\"Accueil\",\"item\":\"https:\\\/\\\/shop.bantam.ch\\\/de\\\/\"},{\"@type\":\"ListItem\",\"position\":2,\"name\":\"Shop\",\"item\":\"https:\\\/\\\/shop.bantam.ch\\\/de\\\/shop\\\/\"},{\"@type\":\"ListItem\",\"position\":3,\"name\":\"Wohnmobil Reise Know-How Tourguide S\u00fcdschweden\"}]},{\"@type\":\"WebSite\",\"@id\":\"https:\\\/\\\/shop.bantam.ch\\\/de\\\/#website\",\"url\":\"https:\\\/\\\/shop.bantam.ch\\\/de\\\/\",\"name\":\"Bantam Camping AG\",\"description\":\"\",\"publisher\":{\"@id\":\"https:\\\/\\\/shop.bantam.ch\\\/de\\\/#organization\"},\"inLanguage\":\"de\"},{\"@type\":\"Organization\",\"@id\":\"https:\\\/\\\/shop.bantam.ch\\\/de\\\/#organization\",\"name\":\"Bantam Camping AG\",\"url\":\"https:\\\/\\\/shop.bantam.ch\\\/de\\\/\",\"logo\":{\"@type\":\"ImageObject\",\"inLanguage\":\"de\",\"@id\":\"https:\\\/\\\/shop.bantam.ch\\\/de\\\/#\\\/schema\\\/logo\\\/image\\\/\",\"url\":\"https:\\\/\\\/shop.bantam.ch\\\/wp-content\\\/uploads\\\/2022\\\/12\\\/bantam-logo.png\",\"contentUrl\":\"https:\\\/\\\/shop.bantam.ch\\\/wp-content\\\/uploads\\\/2022\\\/12\\\/bantam-logo.png\",\"width\":320,\"height\":71,\"caption\":\"Bantam Camping AG\"},\"image\":{\"@id\":\"https:\\\/\\\/shop.bantam.ch\\\/de\\\/#\\\/schema\\\/logo\\\/image\\\/\"}}]}<\/script>\n<!-- \/ Yoast SEO plugin. -->","yoast_head_json":{"title":"Wohnmobil Reise Know-How Tourguide S\u00fcdschweden - Bantam Camping AG","robots":{"index":"index","follow":"follow","max-snippet":"max-snippet:-1","max-image-preview":"max-image-preview:large","max-video-preview":"max-video-preview:-1"},"canonical":"https:\/\/shop.bantam.ch\/de\/produkt\/wohnmobil-reise-know-how-tourguide-suedschweden\/","og_locale":"de_DE","og_type":"article","og_title":"Wohnmobil Reise Know-How Tourguide S\u00fcdschweden - Bantam Camping AG","og_description":"Dieser Wohnmobil-Tourguide ist der ideale Begleiter, um die sch\u00f6nsten Regionen in S\u00fcdschweden zu erkunden. Neun detaillierte Routenbeschreibungen &#8211; \u00fcber 300 Camping- und Stellplatzbeschreibungen, Park- und Picknickpl\u00e4tze inkl. GPS-Daten und Anfahrt &#8211; \u00fcber 20 Seiten Routenatlas &#8211; landschaftliche H\u00f6hepunkte, sehenswerte St\u00e4dte, charmante D\u00f6rfer und einladende Badepl\u00e4tze &#8211; wertvolle Tipps f\u00fcr Restaurantbesuche und den Kauf lokaler Produkte. [&hellip;]","og_url":"https:\/\/shop.bantam.ch\/de\/produkt\/wohnmobil-reise-know-how-tourguide-suedschweden\/","og_site_name":"Bantam Camping AG","article_modified_time":"2026-04-18T21:10:14+00:00","og_image":[{"width":640,"height":943,"url":"https:\/\/shop.bantam.ch\/wp-content\/uploads\/2024\/05\/Movera-L-9961792100.jpg","type":"image\/jpeg"}],"twitter_card":"summary_large_image","twitter_misc":{"Gesch\u00e4tzte Lesezeit":"1\u00a0Minute"},"schema":{"@context":"https:\/\/schema.org","@graph":[{"@type":"WebPage","@id":"https:\/\/shop.bantam.ch\/de\/produkt\/wohnmobil-reise-know-how-tourguide-suedschweden\/","url":"https:\/\/shop.bantam.ch\/de\/produkt\/wohnmobil-reise-know-how-tourguide-suedschweden\/","name":"Wohnmobil Reise Know-How Tourguide S\u00fcdschweden - Bantam Camping AG","isPartOf":{"@id":"https:\/\/shop.bantam.ch\/de\/#website"},"primaryImageOfPage":{"@id":"https:\/\/shop.bantam.ch\/de\/produkt\/wohnmobil-reise-know-how-tourguide-suedschweden\/#primaryimage"},"image":{"@id":"https:\/\/shop.bantam.ch\/de\/produkt\/wohnmobil-reise-know-how-tourguide-suedschweden\/#primaryimage"},"thumbnailUrl":"https:\/\/shop.bantam.ch\/wp-content\/uploads\/2024\/09\/Movera-L-9961792100.jpg","datePublished":"2024-05-15T13:59:20+00:00","dateModified":"2026-04-18T21:10:14+00:00","breadcrumb":{"@id":"https:\/\/shop.bantam.ch\/de\/produkt\/wohnmobil-reise-know-how-tourguide-suedschweden\/#breadcrumb"},"inLanguage":"de","potentialAction":[{"@type":"ReadAction","target":["https:\/\/shop.bantam.ch\/de\/produkt\/wohnmobil-reise-know-how-tourguide-suedschweden\/"]}]},{"@type":"ImageObject","inLanguage":"de","@id":"https:\/\/shop.bantam.ch\/de\/produkt\/wohnmobil-reise-know-how-tourguide-suedschweden\/#primaryimage","url":"https:\/\/shop.bantam.ch\/wp-content\/uploads\/2024\/09\/Movera-L-9961792100.jpg","contentUrl":"https:\/\/shop.bantam.ch\/wp-content\/uploads\/2024\/09\/Movera-L-9961792100.jpg","width":640,"height":943},{"@type":"BreadcrumbList","@id":"https:\/\/shop.bantam.ch\/de\/produkt\/wohnmobil-reise-know-how-tourguide-suedschweden\/#breadcrumb","itemListElement":[{"@type":"ListItem","position":1,"name":"Accueil","item":"https:\/\/shop.bantam.ch\/de\/"},{"@type":"ListItem","position":2,"name":"Shop","item":"https:\/\/shop.bantam.ch\/de\/shop\/"},{"@type":"ListItem","position":3,"name":"Wohnmobil Reise Know-How Tourguide S\u00fcdschweden"}]},{"@type":"WebSite","@id":"https:\/\/shop.bantam.ch\/de\/#website","url":"https:\/\/shop.bantam.ch\/de\/","name":"Bantam Camping AG","description":"","publisher":{"@id":"https:\/\/shop.bantam.ch\/de\/#organization"},"inLanguage":"de"},{"@type":"Organization","@id":"https:\/\/shop.bantam.ch\/de\/#organization","name":"Bantam Camping AG","url":"https:\/\/shop.bantam.ch\/de\/","logo":{"@type":"ImageObject","inLanguage":"de","@id":"https:\/\/shop.bantam.ch\/de\/#\/schema\/logo\/image\/","url":"https:\/\/shop.bantam.ch\/wp-content\/uploads\/2022\/12\/bantam-logo.png","contentUrl":"https:\/\/shop.bantam.ch\/wp-content\/uploads\/2022\/12\/bantam-logo.png","width":320,"height":71,"caption":"Bantam Camping AG"},"image":{"@id":"https:\/\/shop.bantam.ch\/de\/#\/schema\/logo\/image\/"}}]}},"_links":{"self":[{"href":"https:\/\/shop.bantam.ch\/de\/wp-json\/wp\/v2\/product\/196407","targetHints":{"allow":["GET"]}}],"collection":[{"href":"https:\/\/shop.bantam.ch\/de\/wp-json\/wp\/v2\/product"}],"about":[{"href":"https:\/\/shop.bantam.ch\/de\/wp-json\/wp\/v2\/types\/product"}],"wp:featuredmedia":[{"embeddable":true,"href":"https:\/\/shop.bantam.ch\/de\/wp-json\/wp\/v2\/media\/206903"}],"wp:attachment":[{"href":"https:\/\/shop.bantam.ch\/de\/wp-json\/wp\/v2\/media?parent=196407"}],"wp:term":[{"taxonomy":"product_featured_cat","embeddable":true,"href":"https:\/\/shop.bantam.ch\/de\/wp-json\/wp\/v2\/product_featured_cat?post=196407"},{"taxonomy":"product_brand","embeddable":true,"href":"https:\/\/shop.bantam.ch\/de\/wp-json\/wp\/v2\/product_brand?post=196407"},{"taxonomy":"product_cat","embeddable":true,"href":"https:\/\/shop.bantam.ch\/de\/wp-json\/wp\/v2\/product_cat?post=196407"},{"taxonomy":"product_tag","embeddable":true,"href":"https:\/\/shop.bantam.ch\/de\/wp-json\/wp\/v2\/product_tag?post=196407"}],"curies":[{"name":"wp","href":"https:\/\/api.w.org\/{rel}","templated":true}]}}