{"id":196403,"date":"2024-05-15T15:59:09","date_gmt":"2024-05-15T13:59:09","guid":{"rendered":"https:\/\/shop.bantam.ch\/produit\/reisebuch-womo-ligurien\/"},"modified":"2026-05-10T23:06:29","modified_gmt":"2026-05-10T21:06:29","slug":"reisebuch-womo-ligurien","status":"publish","type":"product","link":"https:\/\/shop.bantam.ch\/de\/produkt\/reisebuch-womo-ligurien\/","title":{"rendered":"Reisebuch Womo Ligurien"},"content":{"rendered":"<p>Steigen Sie ein zu abwechslungsreichen Wohnmobiltouren entlang der K\u00fcste \u2013 von der franz\u00f6sischen Grenze bis an den Rand der Toskana. Wir besuchen das Welterbe in Genua, eine der faszinierendsten Gro\u00dfst\u00e4dte Italiens. Wir klettern durch die D\u00f6rfer der Cinque Terre, wir erkunden abgelegene Bergd\u00f6rfer im Hinterland und wir baden an den sch\u00f6nsten Str\u00e4nden:<\/p>\n<ul>\n<li>Der farbenfroheste Abschnitt des n\u00f6rdlichen Mittelmeers: D\u00f6rfer, H\u00e4fen, Buchten \u2013 und wie man sie erreicht.<\/li>\n<li>Wertvolle Insidertipps: Sehensw\u00fcrdigkeiten, Wanderungen, Ristoranti, Bootstouren.<\/li>\n<li>\u00dcber 100 \u00dcbernachtungs- und Campingpl\u00e4tze mit detaillierten Beschreibungen, Anfahrtswegen und Beurteilungen.<\/li>\n<\/ul>\n","protected":false},"excerpt":{"rendered":"<p>Steigen Sie ein zu abwechslungsreichen Wohnmobiltouren entlang der K\u00fcste \u2013 von der franz\u00f6sischen Grenze bis an den Rand der Toskana. Wir besuchen das Welterbe in Genua, eine der faszinierendsten Gro\u00dfst\u00e4dte Italiens. Wir klettern durch die D\u00f6rfer der Cinque Terre, wir erkunden abgelegene Bergd\u00f6rfer im Hinterland und wir baden an den sch\u00f6nsten Str\u00e4nden: Der farbenfroheste Abschnitt [&hellip;]<\/p>\n","protected":false},"featured_media":206901,"template":"","meta":{"_acf_changed":false},"product_featured_cat":[],"product_brand":[3125],"product_cat":[4352],"product_tag":[],"class_list":{"0":"post-196403","1":"product","2":"type-product","3":"status-publish","4":"has-post-thumbnail","6":"product_brand-womo-de","7":"product_cat-reisefuehrer","9":"first","10":"instock","11":"taxable","12":"shipping-taxable","13":"purchasable","14":"product-type-simple"},"acf":[],"yoast_head":"<!-- This site is optimized with the Yoast SEO plugin v27.5 - https:\/\/yoast.com\/product\/yoast-seo-wordpress\/ -->\n<title>Reisebuch Womo Ligurien - Bantam<\/title>\n<meta name=\"robots\" content=\"index, follow, max-snippet:-1, max-image-preview:large, max-video-preview:-1\" \/>\n<link rel=\"canonical\" href=\"https:\/\/shop.bantam.ch\/de\/produkt\/reisebuch-womo-ligurien\/\" \/>\n<meta property=\"og:locale\" content=\"de_DE\" \/>\n<meta property=\"og:type\" content=\"article\" \/>\n<meta property=\"og:title\" content=\"Reisebuch Womo Ligurien - Bantam\" \/>\n<meta property=\"og:description\" content=\"Steigen Sie ein zu abwechslungsreichen Wohnmobiltouren entlang der K\u00fcste \u2013 von der franz\u00f6sischen Grenze bis an den Rand der Toskana. Wir besuchen das Welterbe in Genua, eine der faszinierendsten Gro\u00dfst\u00e4dte Italiens. Wir klettern durch die D\u00f6rfer der Cinque Terre, wir erkunden abgelegene Bergd\u00f6rfer im Hinterland und wir baden an den sch\u00f6nsten Str\u00e4nden: Der farbenfroheste Abschnitt [&hellip;]\" \/>\n<meta property=\"og:url\" content=\"https:\/\/shop.bantam.ch\/de\/produkt\/reisebuch-womo-ligurien\/\" \/>\n<meta property=\"og:site_name\" content=\"Bantam\" \/>\n<meta property=\"article:modified_time\" content=\"2026-05-10T21:06:29+00:00\" \/>\n<meta property=\"og:image\" content=\"https:\/\/shop.bantam.ch\/wp-content\/uploads\/2024\/05\/Movera-L-9961893100.jpg\" \/>\n\t<meta property=\"og:image:width\" content=\"640\" \/>\n\t<meta property=\"og:image:height\" content=\"1226\" \/>\n\t<meta property=\"og:image:type\" content=\"image\/jpeg\" \/>\n<meta name=\"twitter:card\" content=\"summary_large_image\" \/>\n<script type=\"application\/ld+json\" class=\"yoast-schema-graph\">{\"@context\":\"https:\\\/\\\/schema.org\",\"@graph\":[{\"@type\":\"WebPage\",\"@id\":\"https:\\\/\\\/shop.bantam.ch\\\/de\\\/produkt\\\/reisebuch-womo-ligurien\\\/\",\"url\":\"https:\\\/\\\/shop.bantam.ch\\\/de\\\/produkt\\\/reisebuch-womo-ligurien\\\/\",\"name\":\"Reisebuch Womo Ligurien - Bantam\",\"isPartOf\":{\"@id\":\"https:\\\/\\\/shop.bantam.ch\\\/de\\\/#website\"},\"primaryImageOfPage\":{\"@id\":\"https:\\\/\\\/shop.bantam.ch\\\/de\\\/produkt\\\/reisebuch-womo-ligurien\\\/#primaryimage\"},\"image\":{\"@id\":\"https:\\\/\\\/shop.bantam.ch\\\/de\\\/produkt\\\/reisebuch-womo-ligurien\\\/#primaryimage\"},\"thumbnailUrl\":\"https:\\\/\\\/shop.bantam.ch\\\/wp-content\\\/uploads\\\/2024\\\/09\\\/Movera-L-9961893100.jpg\",\"datePublished\":\"2024-05-15T13:59:09+00:00\",\"dateModified\":\"2026-05-10T21:06:29+00:00\",\"breadcrumb\":{\"@id\":\"https:\\\/\\\/shop.bantam.ch\\\/de\\\/produkt\\\/reisebuch-womo-ligurien\\\/#breadcrumb\"},\"inLanguage\":\"de\",\"potentialAction\":[{\"@type\":\"ReadAction\",\"target\":[\"https:\\\/\\\/shop.bantam.ch\\\/de\\\/produkt\\\/reisebuch-womo-ligurien\\\/\"]}]},{\"@type\":\"ImageObject\",\"inLanguage\":\"de\",\"@id\":\"https:\\\/\\\/shop.bantam.ch\\\/de\\\/produkt\\\/reisebuch-womo-ligurien\\\/#primaryimage\",\"url\":\"https:\\\/\\\/shop.bantam.ch\\\/wp-content\\\/uploads\\\/2024\\\/09\\\/Movera-L-9961893100.jpg\",\"contentUrl\":\"https:\\\/\\\/shop.bantam.ch\\\/wp-content\\\/uploads\\\/2024\\\/09\\\/Movera-L-9961893100.jpg\",\"width\":640,\"height\":1226},{\"@type\":\"BreadcrumbList\",\"@id\":\"https:\\\/\\\/shop.bantam.ch\\\/de\\\/produkt\\\/reisebuch-womo-ligurien\\\/#breadcrumb\",\"itemListElement\":[{\"@type\":\"ListItem\",\"position\":1,\"name\":\"Accueil\",\"item\":\"https:\\\/\\\/shop.bantam.ch\\\/de\\\/\"},{\"@type\":\"ListItem\",\"position\":2,\"name\":\"Shop\",\"item\":\"https:\\\/\\\/shop.bantam.ch\\\/de\\\/shop\\\/\"},{\"@type\":\"ListItem\",\"position\":3,\"name\":\"Reisebuch Womo Ligurien\"}]},{\"@type\":\"WebSite\",\"@id\":\"https:\\\/\\\/shop.bantam.ch\\\/de\\\/#website\",\"url\":\"https:\\\/\\\/shop.bantam.ch\\\/de\\\/\",\"name\":\"Bantam\",\"description\":\"\",\"publisher\":{\"@id\":\"https:\\\/\\\/shop.bantam.ch\\\/de\\\/#organization\"},\"inLanguage\":\"de\"},{\"@type\":\"Organization\",\"@id\":\"https:\\\/\\\/shop.bantam.ch\\\/de\\\/#organization\",\"name\":\"Bantam\",\"url\":\"https:\\\/\\\/shop.bantam.ch\\\/de\\\/\",\"logo\":{\"@type\":\"ImageObject\",\"inLanguage\":\"de\",\"@id\":\"https:\\\/\\\/shop.bantam.ch\\\/de\\\/#\\\/schema\\\/logo\\\/image\\\/\",\"url\":\"https:\\\/\\\/shop.bantam.ch\\\/wp-content\\\/uploads\\\/2022\\\/12\\\/bantam-logo.png\",\"contentUrl\":\"https:\\\/\\\/shop.bantam.ch\\\/wp-content\\\/uploads\\\/2022\\\/12\\\/bantam-logo.png\",\"width\":320,\"height\":71,\"caption\":\"Bantam\"},\"image\":{\"@id\":\"https:\\\/\\\/shop.bantam.ch\\\/de\\\/#\\\/schema\\\/logo\\\/image\\\/\"}}]}<\/script>\n<!-- \/ Yoast SEO plugin. -->","yoast_head_json":{"title":"Reisebuch Womo Ligurien - Bantam","robots":{"index":"index","follow":"follow","max-snippet":"max-snippet:-1","max-image-preview":"max-image-preview:large","max-video-preview":"max-video-preview:-1"},"canonical":"https:\/\/shop.bantam.ch\/de\/produkt\/reisebuch-womo-ligurien\/","og_locale":"de_DE","og_type":"article","og_title":"Reisebuch Womo Ligurien - Bantam","og_description":"Steigen Sie ein zu abwechslungsreichen Wohnmobiltouren entlang der K\u00fcste \u2013 von der franz\u00f6sischen Grenze bis an den Rand der Toskana. Wir besuchen das Welterbe in Genua, eine der faszinierendsten Gro\u00dfst\u00e4dte Italiens. Wir klettern durch die D\u00f6rfer der Cinque Terre, wir erkunden abgelegene Bergd\u00f6rfer im Hinterland und wir baden an den sch\u00f6nsten Str\u00e4nden: Der farbenfroheste Abschnitt [&hellip;]","og_url":"https:\/\/shop.bantam.ch\/de\/produkt\/reisebuch-womo-ligurien\/","og_site_name":"Bantam","article_modified_time":"2026-05-10T21:06:29+00:00","og_image":[{"width":640,"height":1226,"url":"https:\/\/shop.bantam.ch\/wp-content\/uploads\/2024\/05\/Movera-L-9961893100.jpg","type":"image\/jpeg"}],"twitter_card":"summary_large_image","schema":{"@context":"https:\/\/schema.org","@graph":[{"@type":"WebPage","@id":"https:\/\/shop.bantam.ch\/de\/produkt\/reisebuch-womo-ligurien\/","url":"https:\/\/shop.bantam.ch\/de\/produkt\/reisebuch-womo-ligurien\/","name":"Reisebuch Womo Ligurien - Bantam","isPartOf":{"@id":"https:\/\/shop.bantam.ch\/de\/#website"},"primaryImageOfPage":{"@id":"https:\/\/shop.bantam.ch\/de\/produkt\/reisebuch-womo-ligurien\/#primaryimage"},"image":{"@id":"https:\/\/shop.bantam.ch\/de\/produkt\/reisebuch-womo-ligurien\/#primaryimage"},"thumbnailUrl":"https:\/\/shop.bantam.ch\/wp-content\/uploads\/2024\/09\/Movera-L-9961893100.jpg","datePublished":"2024-05-15T13:59:09+00:00","dateModified":"2026-05-10T21:06:29+00:00","breadcrumb":{"@id":"https:\/\/shop.bantam.ch\/de\/produkt\/reisebuch-womo-ligurien\/#breadcrumb"},"inLanguage":"de","potentialAction":[{"@type":"ReadAction","target":["https:\/\/shop.bantam.ch\/de\/produkt\/reisebuch-womo-ligurien\/"]}]},{"@type":"ImageObject","inLanguage":"de","@id":"https:\/\/shop.bantam.ch\/de\/produkt\/reisebuch-womo-ligurien\/#primaryimage","url":"https:\/\/shop.bantam.ch\/wp-content\/uploads\/2024\/09\/Movera-L-9961893100.jpg","contentUrl":"https:\/\/shop.bantam.ch\/wp-content\/uploads\/2024\/09\/Movera-L-9961893100.jpg","width":640,"height":1226},{"@type":"BreadcrumbList","@id":"https:\/\/shop.bantam.ch\/de\/produkt\/reisebuch-womo-ligurien\/#breadcrumb","itemListElement":[{"@type":"ListItem","position":1,"name":"Accueil","item":"https:\/\/shop.bantam.ch\/de\/"},{"@type":"ListItem","position":2,"name":"Shop","item":"https:\/\/shop.bantam.ch\/de\/shop\/"},{"@type":"ListItem","position":3,"name":"Reisebuch Womo Ligurien"}]},{"@type":"WebSite","@id":"https:\/\/shop.bantam.ch\/de\/#website","url":"https:\/\/shop.bantam.ch\/de\/","name":"Bantam","description":"","publisher":{"@id":"https:\/\/shop.bantam.ch\/de\/#organization"},"inLanguage":"de"},{"@type":"Organization","@id":"https:\/\/shop.bantam.ch\/de\/#organization","name":"Bantam","url":"https:\/\/shop.bantam.ch\/de\/","logo":{"@type":"ImageObject","inLanguage":"de","@id":"https:\/\/shop.bantam.ch\/de\/#\/schema\/logo\/image\/","url":"https:\/\/shop.bantam.ch\/wp-content\/uploads\/2022\/12\/bantam-logo.png","contentUrl":"https:\/\/shop.bantam.ch\/wp-content\/uploads\/2022\/12\/bantam-logo.png","width":320,"height":71,"caption":"Bantam"},"image":{"@id":"https:\/\/shop.bantam.ch\/de\/#\/schema\/logo\/image\/"}}]}},"_links":{"self":[{"href":"https:\/\/shop.bantam.ch\/de\/wp-json\/wp\/v2\/product\/196403","targetHints":{"allow":["GET"]}}],"collection":[{"href":"https:\/\/shop.bantam.ch\/de\/wp-json\/wp\/v2\/product"}],"about":[{"href":"https:\/\/shop.bantam.ch\/de\/wp-json\/wp\/v2\/types\/product"}],"wp:featuredmedia":[{"embeddable":true,"href":"https:\/\/shop.bantam.ch\/de\/wp-json\/wp\/v2\/media\/206901"}],"wp:attachment":[{"href":"https:\/\/shop.bantam.ch\/de\/wp-json\/wp\/v2\/media?parent=196403"}],"wp:term":[{"taxonomy":"product_featured_cat","embeddable":true,"href":"https:\/\/shop.bantam.ch\/de\/wp-json\/wp\/v2\/product_featured_cat?post=196403"},{"taxonomy":"product_brand","embeddable":true,"href":"https:\/\/shop.bantam.ch\/de\/wp-json\/wp\/v2\/product_brand?post=196403"},{"taxonomy":"product_cat","embeddable":true,"href":"https:\/\/shop.bantam.ch\/de\/wp-json\/wp\/v2\/product_cat?post=196403"},{"taxonomy":"product_tag","embeddable":true,"href":"https:\/\/shop.bantam.ch\/de\/wp-json\/wp\/v2\/product_tag?post=196403"}],"curies":[{"name":"wp","href":"https:\/\/api.w.org\/{rel}","templated":true}]}}