{"id":196399,"date":"2024-05-15T15:59:01","date_gmt":"2024-05-15T13:59:01","guid":{"rendered":"https:\/\/shop.bantam.ch\/produit\/reisebuch-rau-spanien-sued\/"},"modified":"2026-05-11T23:04:37","modified_gmt":"2026-05-11T21:04:37","slug":"reisebuch-rau-spanien-sued","status":"publish","type":"product","link":"https:\/\/shop.bantam.ch\/de\/produkt\/reisebuch-rau-spanien-sued\/","title":{"rendered":"Reisebuch Rau Spanien S\u00fcd"},"content":{"rendered":"<p>Kastilien, Madrid, Extremadura, Andalusien und Costa del Sol &#8211; ein handlicher Urlaubsf\u00fchrer f\u00fcr alle, die Spaniens S\u00fcden auf neuen Wegen von Valencia bis Granada kennenlernen wollen und dort mehr als nur Strand und Sonne suchen. Eine gelungene Mischung aus Kunst, Kultur und informativen Reisetipps. Andalusiens historische St\u00e4dte mit ihren maurischen Kleinodien in Granada, Sevilla oder C\u00f3rdoba sehen und genie\u00dfen. Auf den Spuren der Conquistadores in der Extremadura reisen. Und \u2013 als &#8222;Mobil Reisen PLUS&#8220; \u2013 rundet ein ausf\u00fchrlicher Stadtf\u00fchrer durch Spaniens Hauptstadt Madrid den praktischen Reisef\u00fchrer ab. Dabei kommen K\u00fcsten und Str\u00e4nde zu keiner Zeit zu kurz. Alles Sehenswerte auf Ihren Wohnmobiltouren, viele praktische Reisetipps, die sch\u00f6nsten Campingpl\u00e4tze und einige Stellpl\u00e4tze f\u00fcr Wohnmobile, GPS-Koordinaten, Paradores, Restaurants und noch vieles mehr \u2026<\/p>\n","protected":false},"excerpt":{"rendered":"<p>Kastilien, Madrid, Extremadura, Andalusien und Costa del Sol &#8211; ein handlicher Urlaubsf\u00fchrer f\u00fcr alle, die Spaniens S\u00fcden auf neuen Wegen von Valencia bis Granada kennenlernen wollen und dort mehr als nur Strand und Sonne suchen. Eine gelungene Mischung aus Kunst, Kultur und informativen Reisetipps. Andalusiens historische St\u00e4dte mit ihren maurischen Kleinodien in Granada, Sevilla oder [&hellip;]<\/p>\n","protected":false},"featured_media":206899,"template":"","meta":{"_acf_changed":false},"product_featured_cat":[],"product_brand":[3635],"product_cat":[4352],"product_tag":[],"class_list":{"0":"post-196399","1":"product","2":"type-product","3":"status-publish","4":"has-post-thumbnail","6":"product_brand-rau-verlag-de","7":"product_cat-reisefuehrer","9":"first","10":"instock","11":"taxable","12":"shipping-taxable","13":"purchasable","14":"product-type-simple"},"acf":[],"yoast_head":"<!-- This site is optimized with the Yoast SEO plugin v27.5 - https:\/\/yoast.com\/product\/yoast-seo-wordpress\/ -->\n<title>Reisebuch Rau Spanien S\u00fcd - Bantam<\/title>\n<meta name=\"robots\" content=\"index, follow, max-snippet:-1, max-image-preview:large, max-video-preview:-1\" \/>\n<link rel=\"canonical\" href=\"https:\/\/shop.bantam.ch\/de\/produkt\/reisebuch-rau-spanien-sued\/\" \/>\n<meta property=\"og:locale\" content=\"de_DE\" \/>\n<meta property=\"og:type\" content=\"article\" \/>\n<meta property=\"og:title\" content=\"Reisebuch Rau Spanien S\u00fcd - Bantam\" \/>\n<meta property=\"og:description\" content=\"Kastilien, Madrid, Extremadura, Andalusien und Costa del Sol &#8211; ein handlicher Urlaubsf\u00fchrer f\u00fcr alle, die Spaniens S\u00fcden auf neuen Wegen von Valencia bis Granada kennenlernen wollen und dort mehr als nur Strand und Sonne suchen. Eine gelungene Mischung aus Kunst, Kultur und informativen Reisetipps. Andalusiens historische St\u00e4dte mit ihren maurischen Kleinodien in Granada, Sevilla oder [&hellip;]\" \/>\n<meta property=\"og:url\" content=\"https:\/\/shop.bantam.ch\/de\/produkt\/reisebuch-rau-spanien-sued\/\" \/>\n<meta property=\"og:site_name\" content=\"Bantam\" \/>\n<meta property=\"article:modified_time\" content=\"2026-05-11T21:04:37+00:00\" \/>\n<meta property=\"og:image\" content=\"https:\/\/shop.bantam.ch\/wp-content\/uploads\/2024\/05\/Movera-L-9961778100.jpg\" \/>\n\t<meta property=\"og:image:width\" content=\"640\" \/>\n\t<meta property=\"og:image:height\" content=\"1192\" \/>\n\t<meta property=\"og:image:type\" content=\"image\/jpeg\" \/>\n<meta name=\"twitter:card\" content=\"summary_large_image\" \/>\n<meta name=\"twitter:label1\" content=\"Gesch\u00e4tzte Lesezeit\" \/>\n\t<meta name=\"twitter:data1\" content=\"1\u00a0Minute\" \/>\n<script type=\"application\/ld+json\" class=\"yoast-schema-graph\">{\"@context\":\"https:\\\/\\\/schema.org\",\"@graph\":[{\"@type\":\"WebPage\",\"@id\":\"https:\\\/\\\/shop.bantam.ch\\\/de\\\/produkt\\\/reisebuch-rau-spanien-sued\\\/\",\"url\":\"https:\\\/\\\/shop.bantam.ch\\\/de\\\/produkt\\\/reisebuch-rau-spanien-sued\\\/\",\"name\":\"Reisebuch Rau Spanien S\u00fcd - Bantam\",\"isPartOf\":{\"@id\":\"https:\\\/\\\/shop.bantam.ch\\\/de\\\/#website\"},\"primaryImageOfPage\":{\"@id\":\"https:\\\/\\\/shop.bantam.ch\\\/de\\\/produkt\\\/reisebuch-rau-spanien-sued\\\/#primaryimage\"},\"image\":{\"@id\":\"https:\\\/\\\/shop.bantam.ch\\\/de\\\/produkt\\\/reisebuch-rau-spanien-sued\\\/#primaryimage\"},\"thumbnailUrl\":\"https:\\\/\\\/shop.bantam.ch\\\/wp-content\\\/uploads\\\/2024\\\/09\\\/Movera-L-9961778100.jpg\",\"datePublished\":\"2024-05-15T13:59:01+00:00\",\"dateModified\":\"2026-05-11T21:04:37+00:00\",\"breadcrumb\":{\"@id\":\"https:\\\/\\\/shop.bantam.ch\\\/de\\\/produkt\\\/reisebuch-rau-spanien-sued\\\/#breadcrumb\"},\"inLanguage\":\"de\",\"potentialAction\":[{\"@type\":\"ReadAction\",\"target\":[\"https:\\\/\\\/shop.bantam.ch\\\/de\\\/produkt\\\/reisebuch-rau-spanien-sued\\\/\"]}]},{\"@type\":\"ImageObject\",\"inLanguage\":\"de\",\"@id\":\"https:\\\/\\\/shop.bantam.ch\\\/de\\\/produkt\\\/reisebuch-rau-spanien-sued\\\/#primaryimage\",\"url\":\"https:\\\/\\\/shop.bantam.ch\\\/wp-content\\\/uploads\\\/2024\\\/09\\\/Movera-L-9961778100.jpg\",\"contentUrl\":\"https:\\\/\\\/shop.bantam.ch\\\/wp-content\\\/uploads\\\/2024\\\/09\\\/Movera-L-9961778100.jpg\",\"width\":640,\"height\":1192},{\"@type\":\"BreadcrumbList\",\"@id\":\"https:\\\/\\\/shop.bantam.ch\\\/de\\\/produkt\\\/reisebuch-rau-spanien-sued\\\/#breadcrumb\",\"itemListElement\":[{\"@type\":\"ListItem\",\"position\":1,\"name\":\"Accueil\",\"item\":\"https:\\\/\\\/shop.bantam.ch\\\/de\\\/\"},{\"@type\":\"ListItem\",\"position\":2,\"name\":\"Shop\",\"item\":\"https:\\\/\\\/shop.bantam.ch\\\/de\\\/shop\\\/\"},{\"@type\":\"ListItem\",\"position\":3,\"name\":\"Reisebuch Rau Spanien S\u00fcd\"}]},{\"@type\":\"WebSite\",\"@id\":\"https:\\\/\\\/shop.bantam.ch\\\/de\\\/#website\",\"url\":\"https:\\\/\\\/shop.bantam.ch\\\/de\\\/\",\"name\":\"Bantam\",\"description\":\"\",\"publisher\":{\"@id\":\"https:\\\/\\\/shop.bantam.ch\\\/de\\\/#organization\"},\"inLanguage\":\"de\"},{\"@type\":\"Organization\",\"@id\":\"https:\\\/\\\/shop.bantam.ch\\\/de\\\/#organization\",\"name\":\"Bantam\",\"url\":\"https:\\\/\\\/shop.bantam.ch\\\/de\\\/\",\"logo\":{\"@type\":\"ImageObject\",\"inLanguage\":\"de\",\"@id\":\"https:\\\/\\\/shop.bantam.ch\\\/de\\\/#\\\/schema\\\/logo\\\/image\\\/\",\"url\":\"https:\\\/\\\/shop.bantam.ch\\\/wp-content\\\/uploads\\\/2022\\\/12\\\/bantam-logo.png\",\"contentUrl\":\"https:\\\/\\\/shop.bantam.ch\\\/wp-content\\\/uploads\\\/2022\\\/12\\\/bantam-logo.png\",\"width\":320,\"height\":71,\"caption\":\"Bantam\"},\"image\":{\"@id\":\"https:\\\/\\\/shop.bantam.ch\\\/de\\\/#\\\/schema\\\/logo\\\/image\\\/\"}}]}<\/script>\n<!-- \/ Yoast SEO plugin. -->","yoast_head_json":{"title":"Reisebuch Rau Spanien S\u00fcd - Bantam","robots":{"index":"index","follow":"follow","max-snippet":"max-snippet:-1","max-image-preview":"max-image-preview:large","max-video-preview":"max-video-preview:-1"},"canonical":"https:\/\/shop.bantam.ch\/de\/produkt\/reisebuch-rau-spanien-sued\/","og_locale":"de_DE","og_type":"article","og_title":"Reisebuch Rau Spanien S\u00fcd - Bantam","og_description":"Kastilien, Madrid, Extremadura, Andalusien und Costa del Sol &#8211; ein handlicher Urlaubsf\u00fchrer f\u00fcr alle, die Spaniens S\u00fcden auf neuen Wegen von Valencia bis Granada kennenlernen wollen und dort mehr als nur Strand und Sonne suchen. Eine gelungene Mischung aus Kunst, Kultur und informativen Reisetipps. Andalusiens historische St\u00e4dte mit ihren maurischen Kleinodien in Granada, Sevilla oder [&hellip;]","og_url":"https:\/\/shop.bantam.ch\/de\/produkt\/reisebuch-rau-spanien-sued\/","og_site_name":"Bantam","article_modified_time":"2026-05-11T21:04:37+00:00","og_image":[{"width":640,"height":1192,"url":"https:\/\/shop.bantam.ch\/wp-content\/uploads\/2024\/05\/Movera-L-9961778100.jpg","type":"image\/jpeg"}],"twitter_card":"summary_large_image","twitter_misc":{"Gesch\u00e4tzte Lesezeit":"1\u00a0Minute"},"schema":{"@context":"https:\/\/schema.org","@graph":[{"@type":"WebPage","@id":"https:\/\/shop.bantam.ch\/de\/produkt\/reisebuch-rau-spanien-sued\/","url":"https:\/\/shop.bantam.ch\/de\/produkt\/reisebuch-rau-spanien-sued\/","name":"Reisebuch Rau Spanien S\u00fcd - Bantam","isPartOf":{"@id":"https:\/\/shop.bantam.ch\/de\/#website"},"primaryImageOfPage":{"@id":"https:\/\/shop.bantam.ch\/de\/produkt\/reisebuch-rau-spanien-sued\/#primaryimage"},"image":{"@id":"https:\/\/shop.bantam.ch\/de\/produkt\/reisebuch-rau-spanien-sued\/#primaryimage"},"thumbnailUrl":"https:\/\/shop.bantam.ch\/wp-content\/uploads\/2024\/09\/Movera-L-9961778100.jpg","datePublished":"2024-05-15T13:59:01+00:00","dateModified":"2026-05-11T21:04:37+00:00","breadcrumb":{"@id":"https:\/\/shop.bantam.ch\/de\/produkt\/reisebuch-rau-spanien-sued\/#breadcrumb"},"inLanguage":"de","potentialAction":[{"@type":"ReadAction","target":["https:\/\/shop.bantam.ch\/de\/produkt\/reisebuch-rau-spanien-sued\/"]}]},{"@type":"ImageObject","inLanguage":"de","@id":"https:\/\/shop.bantam.ch\/de\/produkt\/reisebuch-rau-spanien-sued\/#primaryimage","url":"https:\/\/shop.bantam.ch\/wp-content\/uploads\/2024\/09\/Movera-L-9961778100.jpg","contentUrl":"https:\/\/shop.bantam.ch\/wp-content\/uploads\/2024\/09\/Movera-L-9961778100.jpg","width":640,"height":1192},{"@type":"BreadcrumbList","@id":"https:\/\/shop.bantam.ch\/de\/produkt\/reisebuch-rau-spanien-sued\/#breadcrumb","itemListElement":[{"@type":"ListItem","position":1,"name":"Accueil","item":"https:\/\/shop.bantam.ch\/de\/"},{"@type":"ListItem","position":2,"name":"Shop","item":"https:\/\/shop.bantam.ch\/de\/shop\/"},{"@type":"ListItem","position":3,"name":"Reisebuch Rau Spanien S\u00fcd"}]},{"@type":"WebSite","@id":"https:\/\/shop.bantam.ch\/de\/#website","url":"https:\/\/shop.bantam.ch\/de\/","name":"Bantam","description":"","publisher":{"@id":"https:\/\/shop.bantam.ch\/de\/#organization"},"inLanguage":"de"},{"@type":"Organization","@id":"https:\/\/shop.bantam.ch\/de\/#organization","name":"Bantam","url":"https:\/\/shop.bantam.ch\/de\/","logo":{"@type":"ImageObject","inLanguage":"de","@id":"https:\/\/shop.bantam.ch\/de\/#\/schema\/logo\/image\/","url":"https:\/\/shop.bantam.ch\/wp-content\/uploads\/2022\/12\/bantam-logo.png","contentUrl":"https:\/\/shop.bantam.ch\/wp-content\/uploads\/2022\/12\/bantam-logo.png","width":320,"height":71,"caption":"Bantam"},"image":{"@id":"https:\/\/shop.bantam.ch\/de\/#\/schema\/logo\/image\/"}}]}},"_links":{"self":[{"href":"https:\/\/shop.bantam.ch\/de\/wp-json\/wp\/v2\/product\/196399","targetHints":{"allow":["GET"]}}],"collection":[{"href":"https:\/\/shop.bantam.ch\/de\/wp-json\/wp\/v2\/product"}],"about":[{"href":"https:\/\/shop.bantam.ch\/de\/wp-json\/wp\/v2\/types\/product"}],"wp:featuredmedia":[{"embeddable":true,"href":"https:\/\/shop.bantam.ch\/de\/wp-json\/wp\/v2\/media\/206899"}],"wp:attachment":[{"href":"https:\/\/shop.bantam.ch\/de\/wp-json\/wp\/v2\/media?parent=196399"}],"wp:term":[{"taxonomy":"product_featured_cat","embeddable":true,"href":"https:\/\/shop.bantam.ch\/de\/wp-json\/wp\/v2\/product_featured_cat?post=196399"},{"taxonomy":"product_brand","embeddable":true,"href":"https:\/\/shop.bantam.ch\/de\/wp-json\/wp\/v2\/product_brand?post=196399"},{"taxonomy":"product_cat","embeddable":true,"href":"https:\/\/shop.bantam.ch\/de\/wp-json\/wp\/v2\/product_cat?post=196399"},{"taxonomy":"product_tag","embeddable":true,"href":"https:\/\/shop.bantam.ch\/de\/wp-json\/wp\/v2\/product_tag?post=196399"}],"curies":[{"name":"wp","href":"https:\/\/api.w.org\/{rel}","templated":true}]}}