{"id":196077,"date":"2024-05-15T15:49:42","date_gmt":"2024-05-15T13:49:42","guid":{"rendered":"https:\/\/shop.bantam.ch\/produit\/magnet-gewuerzmuehlen-silwy-2-stueck-inkl-metall-nano-gel-pads\/"},"modified":"2026-04-19T23:11:38","modified_gmt":"2026-04-19T21:11:38","slug":"magnet-gewuerzmuehlen-silwy-2-stueck-inkl-metall-nano-gel-pads","status":"publish","type":"product","link":"https:\/\/shop.bantam.ch\/de\/produkt\/magnet-gewuerzmuehlen-silwy-2-stueck-inkl-metall-nano-gel-pads\/","title":{"rendered":"Magnet-Gew\u00fcrzm\u00fchlen silwy 2 St\u00fcck inkl. Metall-Nano-Gel-Pads"},"content":{"rendered":"<ul>\n<li>Magnetische Gew\u00fcrzm\u00fchlen mit Keramikmahlwerk<\/li>\n<li>Halten kombiniert mit den Pads auch w\u00e4hrend der Fahrt<\/li>\n<li>Formsch\u00f6n vergossener Magnet im Boden der M\u00fchlen<\/li>\n<li>Manuell einstellbar &#8211; von fein, mittel bis grobk\u00f6rnig<\/li>\n<li>Immer wieder nachf\u00fcllbar &#8211; 100 Gramm F\u00fcllkapazit\u00e4t<\/li>\n<li>Modern &amp; stilvoll &#8211; aus Edelstahl, Glas &amp; Kunststoff (BPA-frei)<\/li>\n<li>M\u00fchlen einfach per Hand mit klarem Wasser reinigen<\/li>\n<li>ein Kleben\/Schrauben &amp; kein permanentes Fixieren<\/li>\n<\/ul>\n<p>\nSO KLAPPT&#8217;S: Pads abziehen, abwaschen &amp; immer wieder verwenden<br \/>\nHINWEIS: Pads nur auf glatten, versiegelten Oberfl\u00e4chen anbringen<br \/>\nTIPP: Platzsparend auch kopf\u00fcber mit unserer Metall-Leiste verstauen<\/p>\n<p>Lieferumfang:<br \/>\ninklusive 1 x Pfefferm\u00fchle<br \/>\n1 x Salzm\u00fchle<br \/>\n2 x Metall-Nano-Gel-Pads (7,5 cm)<\/p>\n","protected":false},"excerpt":{"rendered":"<p>Magnetische Gew\u00fcrzm\u00fchlen mit Keramikmahlwerk Halten kombiniert mit den Pads auch w\u00e4hrend der Fahrt Formsch\u00f6n vergossener Magnet im Boden der M\u00fchlen Manuell einstellbar &#8211; von fein, mittel bis grobk\u00f6rnig Immer wieder nachf\u00fcllbar &#8211; 100 Gramm F\u00fcllkapazit\u00e4t Modern &amp; stilvoll &#8211; aus Edelstahl, Glas &amp; Kunststoff (BPA-frei) M\u00fchlen einfach per Hand mit klarem Wasser reinigen ein Kleben\/Schrauben [&hellip;]<\/p>\n","protected":false},"featured_media":206797,"template":"","meta":{"_acf_changed":false},"product_featured_cat":[],"product_brand":[3073],"product_cat":[4284],"product_tag":[],"class_list":{"0":"post-196077","1":"product","2":"type-product","3":"status-publish","4":"has-post-thumbnail","6":"product_brand-silwy-de","7":"product_cat-gewuerze-streuer","9":"first","10":"instock","11":"taxable","12":"shipping-taxable","13":"purchasable","14":"product-type-simple"},"acf":[],"yoast_head":"<!-- This site is optimized with the Yoast SEO plugin v27.4 - https:\/\/yoast.com\/product\/yoast-seo-wordpress\/ -->\n<title>Magnet-Gew\u00fcrzm\u00fchlen silwy 2 St\u00fcck inkl. Metall-Nano-Gel-Pads - Bantam Camping AG<\/title>\n<meta name=\"robots\" content=\"index, follow, max-snippet:-1, max-image-preview:large, max-video-preview:-1\" \/>\n<link rel=\"canonical\" href=\"https:\/\/shop.bantam.ch\/de\/produkt\/magnet-gewuerzmuehlen-silwy-2-stueck-inkl-metall-nano-gel-pads\/\" \/>\n<meta property=\"og:locale\" content=\"de_DE\" \/>\n<meta property=\"og:type\" content=\"article\" \/>\n<meta property=\"og:title\" content=\"Magnet-Gew\u00fcrzm\u00fchlen silwy 2 St\u00fcck inkl. Metall-Nano-Gel-Pads - Bantam Camping AG\" \/>\n<meta property=\"og:description\" content=\"Magnetische Gew\u00fcrzm\u00fchlen mit Keramikmahlwerk Halten kombiniert mit den Pads auch w\u00e4hrend der Fahrt Formsch\u00f6n vergossener Magnet im Boden der M\u00fchlen Manuell einstellbar &#8211; von fein, mittel bis grobk\u00f6rnig Immer wieder nachf\u00fcllbar &#8211; 100 Gramm F\u00fcllkapazit\u00e4t Modern &amp; stilvoll &#8211; aus Edelstahl, Glas &amp; Kunststoff (BPA-frei) M\u00fchlen einfach per Hand mit klarem Wasser reinigen ein Kleben\/Schrauben [&hellip;]\" \/>\n<meta property=\"og:url\" content=\"https:\/\/shop.bantam.ch\/de\/produkt\/magnet-gewuerzmuehlen-silwy-2-stueck-inkl-metall-nano-gel-pads\/\" \/>\n<meta property=\"og:site_name\" content=\"Bantam Camping AG\" \/>\n<meta property=\"article:modified_time\" content=\"2026-04-19T21:11:38+00:00\" \/>\n<meta property=\"og:image\" content=\"https:\/\/shop.bantam.ch\/wp-content\/uploads\/2024\/05\/Movera-L-9957975100.jpg\" \/>\n\t<meta property=\"og:image:width\" content=\"640\" \/>\n\t<meta property=\"og:image:height\" content=\"640\" \/>\n\t<meta property=\"og:image:type\" content=\"image\/jpeg\" \/>\n<meta name=\"twitter:card\" content=\"summary_large_image\" \/>\n<meta name=\"twitter:label1\" content=\"Gesch\u00e4tzte Lesezeit\" \/>\n\t<meta name=\"twitter:data1\" content=\"1\u00a0Minute\" \/>\n<script type=\"application\/ld+json\" class=\"yoast-schema-graph\">{\"@context\":\"https:\\\/\\\/schema.org\",\"@graph\":[{\"@type\":\"WebPage\",\"@id\":\"https:\\\/\\\/shop.bantam.ch\\\/de\\\/produkt\\\/magnet-gewuerzmuehlen-silwy-2-stueck-inkl-metall-nano-gel-pads\\\/\",\"url\":\"https:\\\/\\\/shop.bantam.ch\\\/de\\\/produkt\\\/magnet-gewuerzmuehlen-silwy-2-stueck-inkl-metall-nano-gel-pads\\\/\",\"name\":\"Magnet-Gew\u00fcrzm\u00fchlen silwy 2 St\u00fcck inkl. Metall-Nano-Gel-Pads - Bantam Camping AG\",\"isPartOf\":{\"@id\":\"https:\\\/\\\/shop.bantam.ch\\\/de\\\/#website\"},\"primaryImageOfPage\":{\"@id\":\"https:\\\/\\\/shop.bantam.ch\\\/de\\\/produkt\\\/magnet-gewuerzmuehlen-silwy-2-stueck-inkl-metall-nano-gel-pads\\\/#primaryimage\"},\"image\":{\"@id\":\"https:\\\/\\\/shop.bantam.ch\\\/de\\\/produkt\\\/magnet-gewuerzmuehlen-silwy-2-stueck-inkl-metall-nano-gel-pads\\\/#primaryimage\"},\"thumbnailUrl\":\"https:\\\/\\\/shop.bantam.ch\\\/wp-content\\\/uploads\\\/2024\\\/09\\\/Movera-L-9957975100.jpg\",\"datePublished\":\"2024-05-15T13:49:42+00:00\",\"dateModified\":\"2026-04-19T21:11:38+00:00\",\"breadcrumb\":{\"@id\":\"https:\\\/\\\/shop.bantam.ch\\\/de\\\/produkt\\\/magnet-gewuerzmuehlen-silwy-2-stueck-inkl-metall-nano-gel-pads\\\/#breadcrumb\"},\"inLanguage\":\"de\",\"potentialAction\":[{\"@type\":\"ReadAction\",\"target\":[\"https:\\\/\\\/shop.bantam.ch\\\/de\\\/produkt\\\/magnet-gewuerzmuehlen-silwy-2-stueck-inkl-metall-nano-gel-pads\\\/\"]}]},{\"@type\":\"ImageObject\",\"inLanguage\":\"de\",\"@id\":\"https:\\\/\\\/shop.bantam.ch\\\/de\\\/produkt\\\/magnet-gewuerzmuehlen-silwy-2-stueck-inkl-metall-nano-gel-pads\\\/#primaryimage\",\"url\":\"https:\\\/\\\/shop.bantam.ch\\\/wp-content\\\/uploads\\\/2024\\\/09\\\/Movera-L-9957975100.jpg\",\"contentUrl\":\"https:\\\/\\\/shop.bantam.ch\\\/wp-content\\\/uploads\\\/2024\\\/09\\\/Movera-L-9957975100.jpg\",\"width\":640,\"height\":640},{\"@type\":\"BreadcrumbList\",\"@id\":\"https:\\\/\\\/shop.bantam.ch\\\/de\\\/produkt\\\/magnet-gewuerzmuehlen-silwy-2-stueck-inkl-metall-nano-gel-pads\\\/#breadcrumb\",\"itemListElement\":[{\"@type\":\"ListItem\",\"position\":1,\"name\":\"Accueil\",\"item\":\"https:\\\/\\\/shop.bantam.ch\\\/de\\\/\"},{\"@type\":\"ListItem\",\"position\":2,\"name\":\"Shop\",\"item\":\"https:\\\/\\\/shop.bantam.ch\\\/de\\\/shop\\\/\"},{\"@type\":\"ListItem\",\"position\":3,\"name\":\"Magnet-Gew\u00fcrzm\u00fchlen silwy 2 St\u00fcck inkl. Metall-Nano-Gel-Pads\"}]},{\"@type\":\"WebSite\",\"@id\":\"https:\\\/\\\/shop.bantam.ch\\\/de\\\/#website\",\"url\":\"https:\\\/\\\/shop.bantam.ch\\\/de\\\/\",\"name\":\"Bantam Camping AG\",\"description\":\"\",\"publisher\":{\"@id\":\"https:\\\/\\\/shop.bantam.ch\\\/de\\\/#organization\"},\"inLanguage\":\"de\"},{\"@type\":\"Organization\",\"@id\":\"https:\\\/\\\/shop.bantam.ch\\\/de\\\/#organization\",\"name\":\"Bantam Camping AG\",\"url\":\"https:\\\/\\\/shop.bantam.ch\\\/de\\\/\",\"logo\":{\"@type\":\"ImageObject\",\"inLanguage\":\"de\",\"@id\":\"https:\\\/\\\/shop.bantam.ch\\\/de\\\/#\\\/schema\\\/logo\\\/image\\\/\",\"url\":\"https:\\\/\\\/shop.bantam.ch\\\/wp-content\\\/uploads\\\/2022\\\/12\\\/bantam-logo.png\",\"contentUrl\":\"https:\\\/\\\/shop.bantam.ch\\\/wp-content\\\/uploads\\\/2022\\\/12\\\/bantam-logo.png\",\"width\":320,\"height\":71,\"caption\":\"Bantam Camping AG\"},\"image\":{\"@id\":\"https:\\\/\\\/shop.bantam.ch\\\/de\\\/#\\\/schema\\\/logo\\\/image\\\/\"}}]}<\/script>\n<!-- \/ Yoast SEO plugin. -->","yoast_head_json":{"title":"Magnet-Gew\u00fcrzm\u00fchlen silwy 2 St\u00fcck inkl. Metall-Nano-Gel-Pads - Bantam Camping AG","robots":{"index":"index","follow":"follow","max-snippet":"max-snippet:-1","max-image-preview":"max-image-preview:large","max-video-preview":"max-video-preview:-1"},"canonical":"https:\/\/shop.bantam.ch\/de\/produkt\/magnet-gewuerzmuehlen-silwy-2-stueck-inkl-metall-nano-gel-pads\/","og_locale":"de_DE","og_type":"article","og_title":"Magnet-Gew\u00fcrzm\u00fchlen silwy 2 St\u00fcck inkl. Metall-Nano-Gel-Pads - Bantam Camping AG","og_description":"Magnetische Gew\u00fcrzm\u00fchlen mit Keramikmahlwerk Halten kombiniert mit den Pads auch w\u00e4hrend der Fahrt Formsch\u00f6n vergossener Magnet im Boden der M\u00fchlen Manuell einstellbar &#8211; von fein, mittel bis grobk\u00f6rnig Immer wieder nachf\u00fcllbar &#8211; 100 Gramm F\u00fcllkapazit\u00e4t Modern &amp; stilvoll &#8211; aus Edelstahl, Glas &amp; Kunststoff (BPA-frei) M\u00fchlen einfach per Hand mit klarem Wasser reinigen ein Kleben\/Schrauben [&hellip;]","og_url":"https:\/\/shop.bantam.ch\/de\/produkt\/magnet-gewuerzmuehlen-silwy-2-stueck-inkl-metall-nano-gel-pads\/","og_site_name":"Bantam Camping AG","article_modified_time":"2026-04-19T21:11:38+00:00","og_image":[{"width":640,"height":640,"url":"https:\/\/shop.bantam.ch\/wp-content\/uploads\/2024\/05\/Movera-L-9957975100.jpg","type":"image\/jpeg"}],"twitter_card":"summary_large_image","twitter_misc":{"Gesch\u00e4tzte Lesezeit":"1\u00a0Minute"},"schema":{"@context":"https:\/\/schema.org","@graph":[{"@type":"WebPage","@id":"https:\/\/shop.bantam.ch\/de\/produkt\/magnet-gewuerzmuehlen-silwy-2-stueck-inkl-metall-nano-gel-pads\/","url":"https:\/\/shop.bantam.ch\/de\/produkt\/magnet-gewuerzmuehlen-silwy-2-stueck-inkl-metall-nano-gel-pads\/","name":"Magnet-Gew\u00fcrzm\u00fchlen silwy 2 St\u00fcck inkl. Metall-Nano-Gel-Pads - Bantam Camping AG","isPartOf":{"@id":"https:\/\/shop.bantam.ch\/de\/#website"},"primaryImageOfPage":{"@id":"https:\/\/shop.bantam.ch\/de\/produkt\/magnet-gewuerzmuehlen-silwy-2-stueck-inkl-metall-nano-gel-pads\/#primaryimage"},"image":{"@id":"https:\/\/shop.bantam.ch\/de\/produkt\/magnet-gewuerzmuehlen-silwy-2-stueck-inkl-metall-nano-gel-pads\/#primaryimage"},"thumbnailUrl":"https:\/\/shop.bantam.ch\/wp-content\/uploads\/2024\/09\/Movera-L-9957975100.jpg","datePublished":"2024-05-15T13:49:42+00:00","dateModified":"2026-04-19T21:11:38+00:00","breadcrumb":{"@id":"https:\/\/shop.bantam.ch\/de\/produkt\/magnet-gewuerzmuehlen-silwy-2-stueck-inkl-metall-nano-gel-pads\/#breadcrumb"},"inLanguage":"de","potentialAction":[{"@type":"ReadAction","target":["https:\/\/shop.bantam.ch\/de\/produkt\/magnet-gewuerzmuehlen-silwy-2-stueck-inkl-metall-nano-gel-pads\/"]}]},{"@type":"ImageObject","inLanguage":"de","@id":"https:\/\/shop.bantam.ch\/de\/produkt\/magnet-gewuerzmuehlen-silwy-2-stueck-inkl-metall-nano-gel-pads\/#primaryimage","url":"https:\/\/shop.bantam.ch\/wp-content\/uploads\/2024\/09\/Movera-L-9957975100.jpg","contentUrl":"https:\/\/shop.bantam.ch\/wp-content\/uploads\/2024\/09\/Movera-L-9957975100.jpg","width":640,"height":640},{"@type":"BreadcrumbList","@id":"https:\/\/shop.bantam.ch\/de\/produkt\/magnet-gewuerzmuehlen-silwy-2-stueck-inkl-metall-nano-gel-pads\/#breadcrumb","itemListElement":[{"@type":"ListItem","position":1,"name":"Accueil","item":"https:\/\/shop.bantam.ch\/de\/"},{"@type":"ListItem","position":2,"name":"Shop","item":"https:\/\/shop.bantam.ch\/de\/shop\/"},{"@type":"ListItem","position":3,"name":"Magnet-Gew\u00fcrzm\u00fchlen silwy 2 St\u00fcck inkl. Metall-Nano-Gel-Pads"}]},{"@type":"WebSite","@id":"https:\/\/shop.bantam.ch\/de\/#website","url":"https:\/\/shop.bantam.ch\/de\/","name":"Bantam Camping AG","description":"","publisher":{"@id":"https:\/\/shop.bantam.ch\/de\/#organization"},"inLanguage":"de"},{"@type":"Organization","@id":"https:\/\/shop.bantam.ch\/de\/#organization","name":"Bantam Camping AG","url":"https:\/\/shop.bantam.ch\/de\/","logo":{"@type":"ImageObject","inLanguage":"de","@id":"https:\/\/shop.bantam.ch\/de\/#\/schema\/logo\/image\/","url":"https:\/\/shop.bantam.ch\/wp-content\/uploads\/2022\/12\/bantam-logo.png","contentUrl":"https:\/\/shop.bantam.ch\/wp-content\/uploads\/2022\/12\/bantam-logo.png","width":320,"height":71,"caption":"Bantam Camping AG"},"image":{"@id":"https:\/\/shop.bantam.ch\/de\/#\/schema\/logo\/image\/"}}]}},"_links":{"self":[{"href":"https:\/\/shop.bantam.ch\/de\/wp-json\/wp\/v2\/product\/196077","targetHints":{"allow":["GET"]}}],"collection":[{"href":"https:\/\/shop.bantam.ch\/de\/wp-json\/wp\/v2\/product"}],"about":[{"href":"https:\/\/shop.bantam.ch\/de\/wp-json\/wp\/v2\/types\/product"}],"wp:featuredmedia":[{"embeddable":true,"href":"https:\/\/shop.bantam.ch\/de\/wp-json\/wp\/v2\/media\/206797"}],"wp:attachment":[{"href":"https:\/\/shop.bantam.ch\/de\/wp-json\/wp\/v2\/media?parent=196077"}],"wp:term":[{"taxonomy":"product_featured_cat","embeddable":true,"href":"https:\/\/shop.bantam.ch\/de\/wp-json\/wp\/v2\/product_featured_cat?post=196077"},{"taxonomy":"product_brand","embeddable":true,"href":"https:\/\/shop.bantam.ch\/de\/wp-json\/wp\/v2\/product_brand?post=196077"},{"taxonomy":"product_cat","embeddable":true,"href":"https:\/\/shop.bantam.ch\/de\/wp-json\/wp\/v2\/product_cat?post=196077"},{"taxonomy":"product_tag","embeddable":true,"href":"https:\/\/shop.bantam.ch\/de\/wp-json\/wp\/v2\/product_tag?post=196077"}],"curies":[{"name":"wp","href":"https:\/\/api.w.org\/{rel}","templated":true}]}}