{"id":196001,"date":"2024-05-15T15:47:32","date_gmt":"2024-05-15T13:47:32","guid":{"rendered":"https:\/\/shop.bantam.ch\/produit\/besen-joseph-joseph-cleanstore-mit-wandhalterung-farbe-blau\/"},"modified":"2026-05-02T23:02:12","modified_gmt":"2026-05-02T21:02:12","slug":"besen-joseph-joseph-cleanstore-mit-wandhalterung-farbe-blau","status":"publish","type":"product","link":"https:\/\/shop.bantam.ch\/de\/produkt\/besen-joseph-joseph-cleanstore-mit-wandhalterung-farbe-blau\/","title":{"rendered":"Besen Joseph Joseph CleanStore mit Wandhalterung Farbe blau"},"content":{"rendered":"<p>Reinigungsger\u00e4te sind bekannterma\u00dfen schwierig zu lagern. Lange Gegenst\u00e4nde fallen leicht um oder verheddern sich; Kehrschaufeln und B\u00fcrsten k\u00f6nnen sich voneinander l\u00f6sen, und freiliegende Borsten und Mopps k\u00f6nnen Staub und Schmutz auf das Innere von Schr\u00e4nken und andere gelagerte Gegenst\u00e4nde \u00fcbertragen. CleanStore ist ein cleveres Sortiment an Reinigungsger\u00e4ten, das die Aufbewahrung einfacher und hygienischer macht, indem es sicherstellt, dass die schmutzigen Teile des Ger\u00e4ts stets gesch\u00fctzt sind. Dieser langstielige Besen wird mit einem Dust-shield\u2122-Halter geliefert, der an der Wand befestigt werden kann und den Kopf und die Borsten vollst\u00e4ndig umschlie\u00dft, so dass alles um ihn herum sauberer bleibt. Zum Gebrauch fassen Sie einfach den Stiel des Besens und ziehen ihn durch die Gummilaschen des leicht zug\u00e4nglichen Schlitzes an der Vorderseite der Halterung. Der Besen verf\u00fcgt \u00fcber lange und weiche Borsten, die den Staub besser aufnehmen und sich nach au\u00dfen hin leicht verj\u00fcngen, um auch in Ecken zu reinigen. Der Teleskopstiel aus Aluminium kann von 67,5 cm bis zu 110 cm verstellt werden und ist mit einem rutschfesten Griff ausgestattet. Das Ger\u00e4t wird mit einem praktischen Borstenkamm geliefert, der sich im oberen Teil des Halters verstauen l\u00e4sst und es Ihnen erm\u00f6glicht, die Borsten von Haaren und Staub zu befreien. Der Aufbewahrungshalter kann zum Reinigen auch leicht von der Wandhalterung abgenommen werden. Halterung, Kamm und Stange &#8211; mit einem feuchten Tuch abwischen. Inklusive Befestigungsschrauben.<\/p>\n","protected":false},"excerpt":{"rendered":"<p>Reinigungsger\u00e4te sind bekannterma\u00dfen schwierig zu lagern. Lange Gegenst\u00e4nde fallen leicht um oder verheddern sich; Kehrschaufeln und B\u00fcrsten k\u00f6nnen sich voneinander l\u00f6sen, und freiliegende Borsten und Mopps k\u00f6nnen Staub und Schmutz auf das Innere von Schr\u00e4nken und andere gelagerte Gegenst\u00e4nde \u00fcbertragen. CleanStore ist ein cleveres Sortiment an Reinigungsger\u00e4ten, das die Aufbewahrung einfacher und hygienischer macht, indem [&hellip;]<\/p>\n","protected":false},"featured_media":206769,"template":"","meta":{"_acf_changed":false},"product_featured_cat":[],"product_brand":[3413],"product_cat":[4290],"product_tag":[],"class_list":{"0":"post-196001","1":"product","2":"type-product","3":"status-publish","4":"has-post-thumbnail","6":"product_brand-joseph-joseph-de","7":"product_cat-spuelen-putzen","9":"first","10":"instock","11":"taxable","12":"shipping-taxable","13":"purchasable","14":"product-type-simple"},"acf":[],"yoast_head":"<!-- This site is optimized with the Yoast SEO plugin v27.5 - https:\/\/yoast.com\/product\/yoast-seo-wordpress\/ -->\n<title>Besen Joseph Joseph CleanStore mit Wandhalterung Farbe blau - Bantam<\/title>\n<meta name=\"robots\" content=\"index, follow, max-snippet:-1, max-image-preview:large, max-video-preview:-1\" \/>\n<link rel=\"canonical\" href=\"https:\/\/shop.bantam.ch\/de\/produkt\/besen-joseph-joseph-cleanstore-mit-wandhalterung-farbe-blau\/\" \/>\n<meta property=\"og:locale\" content=\"de_DE\" \/>\n<meta property=\"og:type\" content=\"article\" \/>\n<meta property=\"og:title\" content=\"Besen Joseph Joseph CleanStore mit Wandhalterung Farbe blau - Bantam\" \/>\n<meta property=\"og:description\" content=\"Reinigungsger\u00e4te sind bekannterma\u00dfen schwierig zu lagern. Lange Gegenst\u00e4nde fallen leicht um oder verheddern sich; Kehrschaufeln und B\u00fcrsten k\u00f6nnen sich voneinander l\u00f6sen, und freiliegende Borsten und Mopps k\u00f6nnen Staub und Schmutz auf das Innere von Schr\u00e4nken und andere gelagerte Gegenst\u00e4nde \u00fcbertragen. CleanStore ist ein cleveres Sortiment an Reinigungsger\u00e4ten, das die Aufbewahrung einfacher und hygienischer macht, indem [&hellip;]\" \/>\n<meta property=\"og:url\" content=\"https:\/\/shop.bantam.ch\/de\/produkt\/besen-joseph-joseph-cleanstore-mit-wandhalterung-farbe-blau\/\" \/>\n<meta property=\"og:site_name\" content=\"Bantam\" \/>\n<meta property=\"article:modified_time\" content=\"2026-05-02T21:02:12+00:00\" \/>\n<meta property=\"og:image\" content=\"https:\/\/shop.bantam.ch\/wp-content\/uploads\/2024\/05\/Movera-L-9957954100.jpg\" \/>\n\t<meta property=\"og:image:width\" content=\"640\" \/>\n\t<meta property=\"og:image:height\" content=\"519\" \/>\n\t<meta property=\"og:image:type\" content=\"image\/jpeg\" \/>\n<meta name=\"twitter:card\" content=\"summary_large_image\" \/>\n<meta name=\"twitter:label1\" content=\"Gesch\u00e4tzte Lesezeit\" \/>\n\t<meta name=\"twitter:data1\" content=\"1\u00a0Minute\" \/>\n<script type=\"application\/ld+json\" class=\"yoast-schema-graph\">{\"@context\":\"https:\\\/\\\/schema.org\",\"@graph\":[{\"@type\":\"WebPage\",\"@id\":\"https:\\\/\\\/shop.bantam.ch\\\/de\\\/produkt\\\/besen-joseph-joseph-cleanstore-mit-wandhalterung-farbe-blau\\\/\",\"url\":\"https:\\\/\\\/shop.bantam.ch\\\/de\\\/produkt\\\/besen-joseph-joseph-cleanstore-mit-wandhalterung-farbe-blau\\\/\",\"name\":\"Besen Joseph Joseph CleanStore mit Wandhalterung Farbe blau - Bantam\",\"isPartOf\":{\"@id\":\"https:\\\/\\\/shop.bantam.ch\\\/de\\\/#website\"},\"primaryImageOfPage\":{\"@id\":\"https:\\\/\\\/shop.bantam.ch\\\/de\\\/produkt\\\/besen-joseph-joseph-cleanstore-mit-wandhalterung-farbe-blau\\\/#primaryimage\"},\"image\":{\"@id\":\"https:\\\/\\\/shop.bantam.ch\\\/de\\\/produkt\\\/besen-joseph-joseph-cleanstore-mit-wandhalterung-farbe-blau\\\/#primaryimage\"},\"thumbnailUrl\":\"https:\\\/\\\/shop.bantam.ch\\\/wp-content\\\/uploads\\\/2024\\\/09\\\/Movera-L-9957954100.jpg\",\"datePublished\":\"2024-05-15T13:47:32+00:00\",\"dateModified\":\"2026-05-02T21:02:12+00:00\",\"breadcrumb\":{\"@id\":\"https:\\\/\\\/shop.bantam.ch\\\/de\\\/produkt\\\/besen-joseph-joseph-cleanstore-mit-wandhalterung-farbe-blau\\\/#breadcrumb\"},\"inLanguage\":\"de\",\"potentialAction\":[{\"@type\":\"ReadAction\",\"target\":[\"https:\\\/\\\/shop.bantam.ch\\\/de\\\/produkt\\\/besen-joseph-joseph-cleanstore-mit-wandhalterung-farbe-blau\\\/\"]}]},{\"@type\":\"ImageObject\",\"inLanguage\":\"de\",\"@id\":\"https:\\\/\\\/shop.bantam.ch\\\/de\\\/produkt\\\/besen-joseph-joseph-cleanstore-mit-wandhalterung-farbe-blau\\\/#primaryimage\",\"url\":\"https:\\\/\\\/shop.bantam.ch\\\/wp-content\\\/uploads\\\/2024\\\/09\\\/Movera-L-9957954100.jpg\",\"contentUrl\":\"https:\\\/\\\/shop.bantam.ch\\\/wp-content\\\/uploads\\\/2024\\\/09\\\/Movera-L-9957954100.jpg\",\"width\":640,\"height\":519},{\"@type\":\"BreadcrumbList\",\"@id\":\"https:\\\/\\\/shop.bantam.ch\\\/de\\\/produkt\\\/besen-joseph-joseph-cleanstore-mit-wandhalterung-farbe-blau\\\/#breadcrumb\",\"itemListElement\":[{\"@type\":\"ListItem\",\"position\":1,\"name\":\"Accueil\",\"item\":\"https:\\\/\\\/shop.bantam.ch\\\/de\\\/\"},{\"@type\":\"ListItem\",\"position\":2,\"name\":\"Shop\",\"item\":\"https:\\\/\\\/shop.bantam.ch\\\/de\\\/shop\\\/\"},{\"@type\":\"ListItem\",\"position\":3,\"name\":\"Besen Joseph Joseph CleanStore mit Wandhalterung Farbe blau\"}]},{\"@type\":\"WebSite\",\"@id\":\"https:\\\/\\\/shop.bantam.ch\\\/de\\\/#website\",\"url\":\"https:\\\/\\\/shop.bantam.ch\\\/de\\\/\",\"name\":\"Bantam\",\"description\":\"\",\"publisher\":{\"@id\":\"https:\\\/\\\/shop.bantam.ch\\\/de\\\/#organization\"},\"inLanguage\":\"de\"},{\"@type\":\"Organization\",\"@id\":\"https:\\\/\\\/shop.bantam.ch\\\/de\\\/#organization\",\"name\":\"Bantam\",\"url\":\"https:\\\/\\\/shop.bantam.ch\\\/de\\\/\",\"logo\":{\"@type\":\"ImageObject\",\"inLanguage\":\"de\",\"@id\":\"https:\\\/\\\/shop.bantam.ch\\\/de\\\/#\\\/schema\\\/logo\\\/image\\\/\",\"url\":\"https:\\\/\\\/shop.bantam.ch\\\/wp-content\\\/uploads\\\/2022\\\/12\\\/bantam-logo.png\",\"contentUrl\":\"https:\\\/\\\/shop.bantam.ch\\\/wp-content\\\/uploads\\\/2022\\\/12\\\/bantam-logo.png\",\"width\":320,\"height\":71,\"caption\":\"Bantam\"},\"image\":{\"@id\":\"https:\\\/\\\/shop.bantam.ch\\\/de\\\/#\\\/schema\\\/logo\\\/image\\\/\"}}]}<\/script>\n<!-- \/ Yoast SEO plugin. -->","yoast_head_json":{"title":"Besen Joseph Joseph CleanStore mit Wandhalterung Farbe blau - Bantam","robots":{"index":"index","follow":"follow","max-snippet":"max-snippet:-1","max-image-preview":"max-image-preview:large","max-video-preview":"max-video-preview:-1"},"canonical":"https:\/\/shop.bantam.ch\/de\/produkt\/besen-joseph-joseph-cleanstore-mit-wandhalterung-farbe-blau\/","og_locale":"de_DE","og_type":"article","og_title":"Besen Joseph Joseph CleanStore mit Wandhalterung Farbe blau - Bantam","og_description":"Reinigungsger\u00e4te sind bekannterma\u00dfen schwierig zu lagern. Lange Gegenst\u00e4nde fallen leicht um oder verheddern sich; Kehrschaufeln und B\u00fcrsten k\u00f6nnen sich voneinander l\u00f6sen, und freiliegende Borsten und Mopps k\u00f6nnen Staub und Schmutz auf das Innere von Schr\u00e4nken und andere gelagerte Gegenst\u00e4nde \u00fcbertragen. CleanStore ist ein cleveres Sortiment an Reinigungsger\u00e4ten, das die Aufbewahrung einfacher und hygienischer macht, indem [&hellip;]","og_url":"https:\/\/shop.bantam.ch\/de\/produkt\/besen-joseph-joseph-cleanstore-mit-wandhalterung-farbe-blau\/","og_site_name":"Bantam","article_modified_time":"2026-05-02T21:02:12+00:00","og_image":[{"width":640,"height":519,"url":"https:\/\/shop.bantam.ch\/wp-content\/uploads\/2024\/05\/Movera-L-9957954100.jpg","type":"image\/jpeg"}],"twitter_card":"summary_large_image","twitter_misc":{"Gesch\u00e4tzte Lesezeit":"1\u00a0Minute"},"schema":{"@context":"https:\/\/schema.org","@graph":[{"@type":"WebPage","@id":"https:\/\/shop.bantam.ch\/de\/produkt\/besen-joseph-joseph-cleanstore-mit-wandhalterung-farbe-blau\/","url":"https:\/\/shop.bantam.ch\/de\/produkt\/besen-joseph-joseph-cleanstore-mit-wandhalterung-farbe-blau\/","name":"Besen Joseph Joseph CleanStore mit Wandhalterung Farbe blau - Bantam","isPartOf":{"@id":"https:\/\/shop.bantam.ch\/de\/#website"},"primaryImageOfPage":{"@id":"https:\/\/shop.bantam.ch\/de\/produkt\/besen-joseph-joseph-cleanstore-mit-wandhalterung-farbe-blau\/#primaryimage"},"image":{"@id":"https:\/\/shop.bantam.ch\/de\/produkt\/besen-joseph-joseph-cleanstore-mit-wandhalterung-farbe-blau\/#primaryimage"},"thumbnailUrl":"https:\/\/shop.bantam.ch\/wp-content\/uploads\/2024\/09\/Movera-L-9957954100.jpg","datePublished":"2024-05-15T13:47:32+00:00","dateModified":"2026-05-02T21:02:12+00:00","breadcrumb":{"@id":"https:\/\/shop.bantam.ch\/de\/produkt\/besen-joseph-joseph-cleanstore-mit-wandhalterung-farbe-blau\/#breadcrumb"},"inLanguage":"de","potentialAction":[{"@type":"ReadAction","target":["https:\/\/shop.bantam.ch\/de\/produkt\/besen-joseph-joseph-cleanstore-mit-wandhalterung-farbe-blau\/"]}]},{"@type":"ImageObject","inLanguage":"de","@id":"https:\/\/shop.bantam.ch\/de\/produkt\/besen-joseph-joseph-cleanstore-mit-wandhalterung-farbe-blau\/#primaryimage","url":"https:\/\/shop.bantam.ch\/wp-content\/uploads\/2024\/09\/Movera-L-9957954100.jpg","contentUrl":"https:\/\/shop.bantam.ch\/wp-content\/uploads\/2024\/09\/Movera-L-9957954100.jpg","width":640,"height":519},{"@type":"BreadcrumbList","@id":"https:\/\/shop.bantam.ch\/de\/produkt\/besen-joseph-joseph-cleanstore-mit-wandhalterung-farbe-blau\/#breadcrumb","itemListElement":[{"@type":"ListItem","position":1,"name":"Accueil","item":"https:\/\/shop.bantam.ch\/de\/"},{"@type":"ListItem","position":2,"name":"Shop","item":"https:\/\/shop.bantam.ch\/de\/shop\/"},{"@type":"ListItem","position":3,"name":"Besen Joseph Joseph CleanStore mit Wandhalterung Farbe blau"}]},{"@type":"WebSite","@id":"https:\/\/shop.bantam.ch\/de\/#website","url":"https:\/\/shop.bantam.ch\/de\/","name":"Bantam","description":"","publisher":{"@id":"https:\/\/shop.bantam.ch\/de\/#organization"},"inLanguage":"de"},{"@type":"Organization","@id":"https:\/\/shop.bantam.ch\/de\/#organization","name":"Bantam","url":"https:\/\/shop.bantam.ch\/de\/","logo":{"@type":"ImageObject","inLanguage":"de","@id":"https:\/\/shop.bantam.ch\/de\/#\/schema\/logo\/image\/","url":"https:\/\/shop.bantam.ch\/wp-content\/uploads\/2022\/12\/bantam-logo.png","contentUrl":"https:\/\/shop.bantam.ch\/wp-content\/uploads\/2022\/12\/bantam-logo.png","width":320,"height":71,"caption":"Bantam"},"image":{"@id":"https:\/\/shop.bantam.ch\/de\/#\/schema\/logo\/image\/"}}]}},"_links":{"self":[{"href":"https:\/\/shop.bantam.ch\/de\/wp-json\/wp\/v2\/product\/196001","targetHints":{"allow":["GET"]}}],"collection":[{"href":"https:\/\/shop.bantam.ch\/de\/wp-json\/wp\/v2\/product"}],"about":[{"href":"https:\/\/shop.bantam.ch\/de\/wp-json\/wp\/v2\/types\/product"}],"wp:featuredmedia":[{"embeddable":true,"href":"https:\/\/shop.bantam.ch\/de\/wp-json\/wp\/v2\/media\/206769"}],"wp:attachment":[{"href":"https:\/\/shop.bantam.ch\/de\/wp-json\/wp\/v2\/media?parent=196001"}],"wp:term":[{"taxonomy":"product_featured_cat","embeddable":true,"href":"https:\/\/shop.bantam.ch\/de\/wp-json\/wp\/v2\/product_featured_cat?post=196001"},{"taxonomy":"product_brand","embeddable":true,"href":"https:\/\/shop.bantam.ch\/de\/wp-json\/wp\/v2\/product_brand?post=196001"},{"taxonomy":"product_cat","embeddable":true,"href":"https:\/\/shop.bantam.ch\/de\/wp-json\/wp\/v2\/product_cat?post=196001"},{"taxonomy":"product_tag","embeddable":true,"href":"https:\/\/shop.bantam.ch\/de\/wp-json\/wp\/v2\/product_tag?post=196001"}],"curies":[{"name":"wp","href":"https:\/\/api.w.org\/{rel}","templated":true}]}}